{"id":115121,"date":"2022-08-02T11:57:11","date_gmt":"2022-08-02T11:57:11","guid":{"rendered":"https:\/\/storax.be\/?post_type=product&#038;p=115121"},"modified":"2024-05-16T07:38:49","modified_gmt":"2024-05-16T07:38:49","slug":"serie-elite","status":"publish","type":"product","link":"https:\/\/storax.be\/fr\/producten\/nez-de-marche\/serie-elite\/","title":{"rendered":"S\u00e9rie \u00c9lite"},"content":{"rendered":"<h2><b>Nez de marche en aluminium ou en laiton pour trafic lourd<\/b><\/h2>\n<p><strong>\u00c0 propos de ce produit<\/strong><\/p>\n<ul>\n<li style=\"font-weight: 400;\" aria-level=\"1\"><span style=\"font-weight: 400;\">Profil\u00e9s\u00a0: aluminium naturel, laiton<\/span><\/li>\n<li style=\"font-weight: 400;\" aria-level=\"1\"><span style=\"font-weight: 400;\">Inserts standard pour l&rsquo;int\u00e9rieur\u00a0: voir palette de couleurs<\/span><\/li>\n<li style=\"font-weight: 400;\" aria-level=\"1\"><span style=\"font-weight: 400;\">Non disponibles avec insert photoluminescent<\/span><\/li>\n<li style=\"font-weight: 400;\" aria-level=\"1\"><span style=\"font-weight: 400;\">Longueurs standard\u00a0: 2\u00a0440, 2\u00a0750 et 3\u00a0200\u00a0mm<\/span><\/li>\n<li style=\"font-weight: 400;\" aria-level=\"1\"><span style=\"font-weight: 400;\">Inserts\u00a0: fournis en vrac sur rouleaux (\u00e0 installer pendant la pose)<\/span><\/li>\n<\/ul>\n","protected":false},"excerpt":{"rendered":"<p>Nez de marche en aluminium ou en laiton pour trafic lourd \u00c0 propos de ce produit Profil\u00e9s\u00a0: aluminium naturel, laiton Inserts standard pour l&rsquo;int\u00e9rieur\u00a0: voir palette de couleurs Non disponibles avec insert photoluminescent Longueurs standard\u00a0: 2\u00a0440, 2\u00a0750 et 3\u00a0200\u00a0mm Inserts\u00a0: fournis en vrac sur rouleaux (\u00e0 installer pendant la pose)<\/p>\n","protected":false},"featured_media":106783,"template":"","meta":{"_acf_changed":false},"product_category":[634],"product_tag":[457,465,468,475,482,484,523,532,534,556,563,576],"class_list":["post-115121","product","type-product","status-publish","has-post-thumbnail","hentry","product_category-nez-de-marche","product_tag-4-mm-fr","product_tag-6-mm-fr","product_tag-7-mm-fr","product_tag-aanlooprand-fr","product_tag-aluminium-trapneus-fr","product_tag-antislipinlage-los-op-rol-fr","product_tag-messing-trapneus-fr","product_tag-normaal-verkeer-fr","product_tag-onbekleed-fr","product_tag-tapijt-fr","product_tag-vinyl-marmoleum-pvc-linoleum-fr","product_tag-zwaar-verkeer-fr"],"acf":[],"yoast_head":"<!-- This site is optimized with the Yoast SEO plugin v27.3 - https:\/\/yoast.com\/product\/yoast-seo-wordpress\/ -->\n<title>S\u00e9rie \u00c9lite - Storax Belgium<\/title>\n<meta name=\"robots\" content=\"index, follow, max-snippet:-1, max-image-preview:large, max-video-preview:-1\" \/>\n<link rel=\"canonical\" href=\"https:\/\/storax.be\/fr\/producten\/nez-de-marche\/serie-elite\/\" \/>\n<meta property=\"og:locale\" content=\"fr_FR\" \/>\n<meta property=\"og:type\" content=\"article\" \/>\n<meta property=\"og:title\" content=\"S\u00e9rie \u00c9lite - Storax Belgium\" \/>\n<meta property=\"og:description\" content=\"Nez de marche en aluminium ou en laiton pour trafic lourd \u00c0 propos de ce produit Profil\u00e9s\u00a0: aluminium naturel, laiton Inserts standard pour l&rsquo;int\u00e9rieur\u00a0: voir palette de couleurs Non disponibles avec insert photoluminescent Longueurs standard\u00a0: 2\u00a0440, 2\u00a0750 et 3\u00a0200\u00a0mm Inserts\u00a0: fournis en vrac sur rouleaux (\u00e0 installer pendant la pose)\" \/>\n<meta property=\"og:url\" content=\"https:\/\/storax.be\/fr\/producten\/nez-de-marche\/serie-elite\/\" \/>\n<meta property=\"og:site_name\" content=\"Storax Belgium\" \/>\n<meta property=\"article:modified_time\" content=\"2024-05-16T07:38:49+00:00\" \/>\n<meta property=\"og:image\" content=\"https:\/\/storax.be\/wp-content\/uploads\/sites\/2\/2019\/03\/thumb_270x270_206-1.jpg\" \/>\n\t<meta property=\"og:image:width\" content=\"270\" \/>\n\t<meta property=\"og:image:height\" content=\"270\" \/>\n\t<meta property=\"og:image:type\" content=\"image\/jpeg\" \/>\n<meta name=\"twitter:card\" content=\"summary_large_image\" \/>\n<meta name=\"twitter:label1\" content=\"Dur\u00e9e de lecture estim\u00e9e\" \/>\n\t<meta name=\"twitter:data1\" content=\"1 minute\" \/>\n<script type=\"application\/ld+json\" class=\"yoast-schema-graph\">{\"@context\":\"https:\\\/\\\/schema.org\",\"@graph\":[{\"@type\":\"WebPage\",\"@id\":\"https:\\\/\\\/storax.be\\\/fr\\\/producten\\\/nez-de-marche\\\/serie-elite\\\/\",\"url\":\"https:\\\/\\\/storax.be\\\/fr\\\/producten\\\/nez-de-marche\\\/serie-elite\\\/\",\"name\":\"S\u00e9rie \u00c9lite - Storax Belgium\",\"isPartOf\":{\"@id\":\"https:\\\/\\\/storax.be\\\/fr\\\/#website\"},\"primaryImageOfPage\":{\"@id\":\"https:\\\/\\\/storax.be\\\/fr\\\/producten\\\/nez-de-marche\\\/serie-elite\\\/#primaryimage\"},\"image\":{\"@id\":\"https:\\\/\\\/storax.be\\\/fr\\\/producten\\\/nez-de-marche\\\/serie-elite\\\/#primaryimage\"},\"thumbnailUrl\":\"https:\\\/\\\/storax.be\\\/wp-content\\\/uploads\\\/sites\\\/2\\\/2019\\\/03\\\/thumb_270x270_206-1.jpg\",\"datePublished\":\"2022-08-02T11:57:11+00:00\",\"dateModified\":\"2024-05-16T07:38:49+00:00\",\"breadcrumb\":{\"@id\":\"https:\\\/\\\/storax.be\\\/fr\\\/producten\\\/nez-de-marche\\\/serie-elite\\\/#breadcrumb\"},\"inLanguage\":\"fr-FR\",\"potentialAction\":[{\"@type\":\"ReadAction\",\"target\":[\"https:\\\/\\\/storax.be\\\/fr\\\/producten\\\/nez-de-marche\\\/serie-elite\\\/\"]}]},{\"@type\":\"ImageObject\",\"inLanguage\":\"fr-FR\",\"@id\":\"https:\\\/\\\/storax.be\\\/fr\\\/producten\\\/nez-de-marche\\\/serie-elite\\\/#primaryimage\",\"url\":\"https:\\\/\\\/storax.be\\\/wp-content\\\/uploads\\\/sites\\\/2\\\/2019\\\/03\\\/thumb_270x270_206-1.jpg\",\"contentUrl\":\"https:\\\/\\\/storax.be\\\/wp-content\\\/uploads\\\/sites\\\/2\\\/2019\\\/03\\\/thumb_270x270_206-1.jpg\",\"width\":270,\"height\":270},{\"@type\":\"BreadcrumbList\",\"@id\":\"https:\\\/\\\/storax.be\\\/fr\\\/producten\\\/nez-de-marche\\\/serie-elite\\\/#breadcrumb\",\"itemListElement\":[{\"@type\":\"ListItem\",\"position\":1,\"name\":\"Home\",\"item\":\"https:\\\/\\\/storax.be\\\/fr\\\/\"},{\"@type\":\"ListItem\",\"position\":2,\"name\":\"Producten\",\"item\":\"https:\\\/\\\/storax.be\\\/fr\\\/producten\\\/%product_category%\\\/\"},{\"@type\":\"ListItem\",\"position\":3,\"name\":\"Nez de marche\",\"item\":\"https:\\\/\\\/storax.be\\\/fr\\\/producten\\\/nez-de-marche\\\/\"},{\"@type\":\"ListItem\",\"position\":4,\"name\":\"S\u00e9rie \u00c9lite\"}]},{\"@type\":\"WebSite\",\"@id\":\"https:\\\/\\\/storax.be\\\/fr\\\/#website\",\"url\":\"https:\\\/\\\/storax.be\\\/fr\\\/\",\"name\":\"Storax Belgium\",\"description\":\"Uw betrouwbare partner voor bouwprojecten\",\"potentialAction\":[{\"@type\":\"SearchAction\",\"target\":{\"@type\":\"EntryPoint\",\"urlTemplate\":\"https:\\\/\\\/storax.be\\\/fr\\\/?s={search_term_string}\"},\"query-input\":{\"@type\":\"PropertyValueSpecification\",\"valueRequired\":true,\"valueName\":\"search_term_string\"}}],\"inLanguage\":\"fr-FR\"}]}<\/script>\n<!-- \/ Yoast SEO plugin. -->","yoast_head_json":{"title":"S\u00e9rie \u00c9lite - Storax Belgium","robots":{"index":"index","follow":"follow","max-snippet":"max-snippet:-1","max-image-preview":"max-image-preview:large","max-video-preview":"max-video-preview:-1"},"canonical":"https:\/\/storax.be\/fr\/producten\/nez-de-marche\/serie-elite\/","og_locale":"fr_FR","og_type":"article","og_title":"S\u00e9rie \u00c9lite - Storax Belgium","og_description":"Nez de marche en aluminium ou en laiton pour trafic lourd \u00c0 propos de ce produit Profil\u00e9s\u00a0: aluminium naturel, laiton Inserts standard pour l&rsquo;int\u00e9rieur\u00a0: voir palette de couleurs Non disponibles avec insert photoluminescent Longueurs standard\u00a0: 2\u00a0440, 2\u00a0750 et 3\u00a0200\u00a0mm Inserts\u00a0: fournis en vrac sur rouleaux (\u00e0 installer pendant la pose)","og_url":"https:\/\/storax.be\/fr\/producten\/nez-de-marche\/serie-elite\/","og_site_name":"Storax Belgium","article_modified_time":"2024-05-16T07:38:49+00:00","og_image":[{"width":270,"height":270,"url":"https:\/\/storax.be\/wp-content\/uploads\/sites\/2\/2019\/03\/thumb_270x270_206-1.jpg","type":"image\/jpeg"}],"twitter_card":"summary_large_image","twitter_misc":{"Dur\u00e9e de lecture estim\u00e9e":"1 minute"},"schema":{"@context":"https:\/\/schema.org","@graph":[{"@type":"WebPage","@id":"https:\/\/storax.be\/fr\/producten\/nez-de-marche\/serie-elite\/","url":"https:\/\/storax.be\/fr\/producten\/nez-de-marche\/serie-elite\/","name":"S\u00e9rie \u00c9lite - Storax Belgium","isPartOf":{"@id":"https:\/\/storax.be\/fr\/#website"},"primaryImageOfPage":{"@id":"https:\/\/storax.be\/fr\/producten\/nez-de-marche\/serie-elite\/#primaryimage"},"image":{"@id":"https:\/\/storax.be\/fr\/producten\/nez-de-marche\/serie-elite\/#primaryimage"},"thumbnailUrl":"https:\/\/storax.be\/wp-content\/uploads\/sites\/2\/2019\/03\/thumb_270x270_206-1.jpg","datePublished":"2022-08-02T11:57:11+00:00","dateModified":"2024-05-16T07:38:49+00:00","breadcrumb":{"@id":"https:\/\/storax.be\/fr\/producten\/nez-de-marche\/serie-elite\/#breadcrumb"},"inLanguage":"fr-FR","potentialAction":[{"@type":"ReadAction","target":["https:\/\/storax.be\/fr\/producten\/nez-de-marche\/serie-elite\/"]}]},{"@type":"ImageObject","inLanguage":"fr-FR","@id":"https:\/\/storax.be\/fr\/producten\/nez-de-marche\/serie-elite\/#primaryimage","url":"https:\/\/storax.be\/wp-content\/uploads\/sites\/2\/2019\/03\/thumb_270x270_206-1.jpg","contentUrl":"https:\/\/storax.be\/wp-content\/uploads\/sites\/2\/2019\/03\/thumb_270x270_206-1.jpg","width":270,"height":270},{"@type":"BreadcrumbList","@id":"https:\/\/storax.be\/fr\/producten\/nez-de-marche\/serie-elite\/#breadcrumb","itemListElement":[{"@type":"ListItem","position":1,"name":"Home","item":"https:\/\/storax.be\/fr\/"},{"@type":"ListItem","position":2,"name":"Producten","item":"https:\/\/storax.be\/fr\/producten\/%product_category%\/"},{"@type":"ListItem","position":3,"name":"Nez de marche","item":"https:\/\/storax.be\/fr\/producten\/nez-de-marche\/"},{"@type":"ListItem","position":4,"name":"S\u00e9rie \u00c9lite"}]},{"@type":"WebSite","@id":"https:\/\/storax.be\/fr\/#website","url":"https:\/\/storax.be\/fr\/","name":"Storax Belgium","description":"Uw betrouwbare partner voor bouwprojecten","potentialAction":[{"@type":"SearchAction","target":{"@type":"EntryPoint","urlTemplate":"https:\/\/storax.be\/fr\/?s={search_term_string}"},"query-input":{"@type":"PropertyValueSpecification","valueRequired":true,"valueName":"search_term_string"}}],"inLanguage":"fr-FR"}]}},"_links":{"self":[{"href":"https:\/\/storax.be\/fr\/wp-json\/wp\/v2\/product\/115121","targetHints":{"allow":["GET"]}}],"collection":[{"href":"https:\/\/storax.be\/fr\/wp-json\/wp\/v2\/product"}],"about":[{"href":"https:\/\/storax.be\/fr\/wp-json\/wp\/v2\/types\/product"}],"wp:featuredmedia":[{"embeddable":true,"href":"https:\/\/storax.be\/fr\/wp-json\/wp\/v2\/media\/106783"}],"wp:attachment":[{"href":"https:\/\/storax.be\/fr\/wp-json\/wp\/v2\/media?parent=115121"}],"wp:term":[{"taxonomy":"product_category","embeddable":true,"href":"https:\/\/storax.be\/fr\/wp-json\/wp\/v2\/product_category?post=115121"},{"taxonomy":"product_tag","embeddable":true,"href":"https:\/\/storax.be\/fr\/wp-json\/wp\/v2\/product_tag?post=115121"}],"curies":[{"name":"wp","href":"https:\/\/api.w.org\/{rel}","templated":true}]}}