{"id":115117,"date":"2022-08-02T11:52:07","date_gmt":"2022-08-02T11:52:07","guid":{"rendered":"https:\/\/storax.be\/?post_type=product&#038;p=115117"},"modified":"2024-05-16T07:38:48","modified_gmt":"2024-05-16T07:38:48","slug":"schluter-trendline","status":"publish","type":"product","link":"https:\/\/storax.be\/fr\/producten\/schluter-tegelprofielen-fr\/schluter-trendline\/","title":{"rendered":"Schl\u00fcter Trendline"},"content":{"rendered":"<h2><b>Profil\u00e9s de carrelage pour r\u00e9solument tendance<\/b><\/h2>\n<p><span style=\"font-weight: 400;\">Les nouvelles surfaces des profil\u00e9s Schl\u00fcter-Systems apportent <\/span><i><span style=\"font-weight: 400;\">la<\/span><\/i><span style=\"font-weight: 400;\"> touche finale aux carrelages de qualit\u00e9. Le design \u00e9l\u00e9gant s&rsquo;inspire des derni\u00e8res tendances en mati\u00e8re de carrelage\u00a0: look vintage, aspect bois et b\u00e9ton ou \u00e9l\u00e9gant gris\/beige. Les profil\u00e9s Schl\u00fcter-TRENDLINE prot\u00e8gent les ar\u00eates de mani\u00e8re efficace <\/span><i><span style=\"font-weight: 400;\">et<\/span><\/i><span style=\"font-weight: 400;\"> esth\u00e9tique.<\/span><\/p>\n<p><strong>Protection des ar\u00eates avec profil\u00e9<br \/>\n<\/strong><span style=\"font-weight: 400;\">Schl\u00fcter-TRENDLINE est une combinaison de tons et d&rsquo;exp\u00e9riences sensorielles. R\u00e9sultat\u00a0: des profils d&rsquo;\u00e9tanch\u00e9it\u00e9 qui flattent le regard. Les profil\u00e9s constituent la finition du carrelage, tout en prot\u00e9geant les ar\u00eates. Et en m\u00eame temps, ils sont aussi un \u00e9l\u00e9ment de design. C&rsquo;est pourquoi Schl\u00fcter-Systems d\u00e9veloppe des profil\u00e9s dans une grande vari\u00e9t\u00e9 de couleurs et de mat\u00e9riaux. Dans la nouvelle s\u00e9rie Schl\u00fcter-TRENDLINE, nous proposons d\u00e9sormais dix finitions de surface suppl\u00e9mentaires pour les profil\u00e9s Schl\u00fcter-QUADEC, -RONDEC et -JOLLY. Les diff\u00e9rentes variantes se marient \u00e9galement parfaitement avec les tendances actuelles en mati\u00e8re de carrelage.<\/span><\/p>\n<p><strong>Couleur et texture<br \/>\n<\/strong><span style=\"font-weight: 400;\">Carreaux en bois, aspect b\u00e9ton, aspect vintage&#8230; Schl\u00fcter-TRENDLINE est toujours dans le coup. Que vous le pr\u00e9f\u00e9riez avec ou sans contraste, vous trouverez forc\u00e9ment le bon profil\u00e9 pour votre sol carrel\u00e9 parmi les 10 variantes de couleurs. Gr\u00e2ce \u00e0 leur rev\u00eatement thermolaqu\u00e9 de haute qualit\u00e9, les profil\u00e9s pr\u00e9sentent une surface textur\u00e9e qui est non seulement belle mais aussi agr\u00e9able au toucher.<\/span><\/p>\n","protected":false},"excerpt":{"rendered":"<p>Profil\u00e9s de carrelage pour r\u00e9solument tendance Les nouvelles surfaces des profil\u00e9s Schl\u00fcter-Systems apportent la touche finale aux carrelages de qualit\u00e9. Le design \u00e9l\u00e9gant s&rsquo;inspire des derni\u00e8res tendances en mati\u00e8re de carrelage\u00a0: look vintage, aspect bois et b\u00e9ton ou \u00e9l\u00e9gant gris\/beige. Les profil\u00e9s Schl\u00fcter-TRENDLINE prot\u00e8gent les ar\u00eates de mani\u00e8re efficace et esth\u00e9tique. Protection des ar\u00eates avec\u2026<\/p>\n","protected":false},"featured_media":108349,"template":"","meta":{"_acf_changed":false},"product_category":[746,736],"product_tag":[],"class_list":["post-115117","product","type-product","status-publish","has-post-thumbnail","hentry","product_category-profiles-de-carrelage","product_category-schluter-tegelprofielen-fr"],"acf":[],"yoast_head":"<!-- This site is optimized with the Yoast SEO plugin v27.3 - https:\/\/yoast.com\/product\/yoast-seo-wordpress\/ -->\n<title>Schl\u00fcter Trendline - Storax Belgium<\/title>\n<meta name=\"robots\" content=\"index, follow, max-snippet:-1, max-image-preview:large, max-video-preview:-1\" \/>\n<link rel=\"canonical\" href=\"https:\/\/storax.be\/fr\/producten\/schluter-tegelprofielen-fr\/schluter-trendline\/\" \/>\n<meta property=\"og:locale\" content=\"fr_FR\" \/>\n<meta property=\"og:type\" content=\"article\" \/>\n<meta property=\"og:title\" content=\"Schl\u00fcter Trendline - Storax Belgium\" \/>\n<meta property=\"og:description\" content=\"Profil\u00e9s de carrelage pour r\u00e9solument tendance Les nouvelles surfaces des profil\u00e9s Schl\u00fcter-Systems apportent la touche finale aux carrelages de qualit\u00e9. Le design \u00e9l\u00e9gant s&rsquo;inspire des derni\u00e8res tendances en mati\u00e8re de carrelage\u00a0: look vintage, aspect bois et b\u00e9ton ou \u00e9l\u00e9gant gris\/beige. Les profil\u00e9s Schl\u00fcter-TRENDLINE prot\u00e8gent les ar\u00eates de mani\u00e8re efficace et esth\u00e9tique. Protection des ar\u00eates avec\u2026\" \/>\n<meta property=\"og:url\" content=\"https:\/\/storax.be\/fr\/producten\/schluter-tegelprofielen-fr\/schluter-trendline\/\" \/>\n<meta property=\"og:site_name\" content=\"Storax Belgium\" \/>\n<meta property=\"article:modified_time\" content=\"2024-05-16T07:38:48+00:00\" \/>\n<meta property=\"og:image\" content=\"https:\/\/storax.be\/wp-content\/uploads\/sites\/2\/2019\/03\/Schl\u00fcter-Quadec-Design.png\" \/>\n\t<meta property=\"og:image:width\" content=\"470\" \/>\n\t<meta property=\"og:image:height\" content=\"470\" \/>\n\t<meta property=\"og:image:type\" content=\"image\/png\" \/>\n<meta name=\"twitter:card\" content=\"summary_large_image\" \/>\n<meta name=\"twitter:label1\" content=\"Dur\u00e9e de lecture estim\u00e9e\" \/>\n\t<meta name=\"twitter:data1\" content=\"1 minute\" \/>\n<script type=\"application\/ld+json\" class=\"yoast-schema-graph\">{\"@context\":\"https:\\\/\\\/schema.org\",\"@graph\":[{\"@type\":\"WebPage\",\"@id\":\"https:\\\/\\\/storax.be\\\/fr\\\/producten\\\/schluter-tegelprofielen-fr\\\/schluter-trendline\\\/\",\"url\":\"https:\\\/\\\/storax.be\\\/fr\\\/producten\\\/schluter-tegelprofielen-fr\\\/schluter-trendline\\\/\",\"name\":\"Schl\u00fcter Trendline - Storax Belgium\",\"isPartOf\":{\"@id\":\"https:\\\/\\\/storax.be\\\/fr\\\/#website\"},\"primaryImageOfPage\":{\"@id\":\"https:\\\/\\\/storax.be\\\/fr\\\/producten\\\/schluter-tegelprofielen-fr\\\/schluter-trendline\\\/#primaryimage\"},\"image\":{\"@id\":\"https:\\\/\\\/storax.be\\\/fr\\\/producten\\\/schluter-tegelprofielen-fr\\\/schluter-trendline\\\/#primaryimage\"},\"thumbnailUrl\":\"https:\\\/\\\/storax.be\\\/wp-content\\\/uploads\\\/sites\\\/2\\\/2019\\\/03\\\/Schl\u00fcter-Quadec-Design.png\",\"datePublished\":\"2022-08-02T11:52:07+00:00\",\"dateModified\":\"2024-05-16T07:38:48+00:00\",\"breadcrumb\":{\"@id\":\"https:\\\/\\\/storax.be\\\/fr\\\/producten\\\/schluter-tegelprofielen-fr\\\/schluter-trendline\\\/#breadcrumb\"},\"inLanguage\":\"fr-FR\",\"potentialAction\":[{\"@type\":\"ReadAction\",\"target\":[\"https:\\\/\\\/storax.be\\\/fr\\\/producten\\\/schluter-tegelprofielen-fr\\\/schluter-trendline\\\/\"]}]},{\"@type\":\"ImageObject\",\"inLanguage\":\"fr-FR\",\"@id\":\"https:\\\/\\\/storax.be\\\/fr\\\/producten\\\/schluter-tegelprofielen-fr\\\/schluter-trendline\\\/#primaryimage\",\"url\":\"https:\\\/\\\/storax.be\\\/wp-content\\\/uploads\\\/sites\\\/2\\\/2019\\\/03\\\/Schl\u00fcter-Quadec-Design.png\",\"contentUrl\":\"https:\\\/\\\/storax.be\\\/wp-content\\\/uploads\\\/sites\\\/2\\\/2019\\\/03\\\/Schl\u00fcter-Quadec-Design.png\",\"width\":470,\"height\":470,\"caption\":\"Schl\u00fcter Quadec Design\"},{\"@type\":\"BreadcrumbList\",\"@id\":\"https:\\\/\\\/storax.be\\\/fr\\\/producten\\\/schluter-tegelprofielen-fr\\\/schluter-trendline\\\/#breadcrumb\",\"itemListElement\":[{\"@type\":\"ListItem\",\"position\":1,\"name\":\"Home\",\"item\":\"https:\\\/\\\/storax.be\\\/fr\\\/\"},{\"@type\":\"ListItem\",\"position\":2,\"name\":\"Producten\",\"item\":\"https:\\\/\\\/storax.be\\\/fr\\\/producten\\\/%product_category%\\\/\"},{\"@type\":\"ListItem\",\"position\":3,\"name\":\"Schl\u00fcter Syst\u00e8mes\",\"item\":\"https:\\\/\\\/storax.be\\\/fr\\\/producten\\\/schluter-systems-fr\\\/\"},{\"@type\":\"ListItem\",\"position\":4,\"name\":\"Schl\u00fcter Profil\u00e9s de carrelage\",\"item\":\"https:\\\/\\\/storax.be\\\/fr\\\/producten\\\/schluter-tegelprofielen-fr\\\/\"},{\"@type\":\"ListItem\",\"position\":5,\"name\":\"Schl\u00fcter Trendline\"}]},{\"@type\":\"WebSite\",\"@id\":\"https:\\\/\\\/storax.be\\\/fr\\\/#website\",\"url\":\"https:\\\/\\\/storax.be\\\/fr\\\/\",\"name\":\"Storax Belgium\",\"description\":\"Uw betrouwbare partner voor bouwprojecten\",\"potentialAction\":[{\"@type\":\"SearchAction\",\"target\":{\"@type\":\"EntryPoint\",\"urlTemplate\":\"https:\\\/\\\/storax.be\\\/fr\\\/?s={search_term_string}\"},\"query-input\":{\"@type\":\"PropertyValueSpecification\",\"valueRequired\":true,\"valueName\":\"search_term_string\"}}],\"inLanguage\":\"fr-FR\"}]}<\/script>\n<!-- \/ Yoast SEO plugin. -->","yoast_head_json":{"title":"Schl\u00fcter Trendline - Storax Belgium","robots":{"index":"index","follow":"follow","max-snippet":"max-snippet:-1","max-image-preview":"max-image-preview:large","max-video-preview":"max-video-preview:-1"},"canonical":"https:\/\/storax.be\/fr\/producten\/schluter-tegelprofielen-fr\/schluter-trendline\/","og_locale":"fr_FR","og_type":"article","og_title":"Schl\u00fcter Trendline - Storax Belgium","og_description":"Profil\u00e9s de carrelage pour r\u00e9solument tendance Les nouvelles surfaces des profil\u00e9s Schl\u00fcter-Systems apportent la touche finale aux carrelages de qualit\u00e9. Le design \u00e9l\u00e9gant s&rsquo;inspire des derni\u00e8res tendances en mati\u00e8re de carrelage\u00a0: look vintage, aspect bois et b\u00e9ton ou \u00e9l\u00e9gant gris\/beige. Les profil\u00e9s Schl\u00fcter-TRENDLINE prot\u00e8gent les ar\u00eates de mani\u00e8re efficace et esth\u00e9tique. Protection des ar\u00eates avec\u2026","og_url":"https:\/\/storax.be\/fr\/producten\/schluter-tegelprofielen-fr\/schluter-trendline\/","og_site_name":"Storax Belgium","article_modified_time":"2024-05-16T07:38:48+00:00","og_image":[{"width":470,"height":470,"url":"https:\/\/storax.be\/wp-content\/uploads\/sites\/2\/2019\/03\/Schl\u00fcter-Quadec-Design.png","type":"image\/png"}],"twitter_card":"summary_large_image","twitter_misc":{"Dur\u00e9e de lecture estim\u00e9e":"1 minute"},"schema":{"@context":"https:\/\/schema.org","@graph":[{"@type":"WebPage","@id":"https:\/\/storax.be\/fr\/producten\/schluter-tegelprofielen-fr\/schluter-trendline\/","url":"https:\/\/storax.be\/fr\/producten\/schluter-tegelprofielen-fr\/schluter-trendline\/","name":"Schl\u00fcter Trendline - Storax Belgium","isPartOf":{"@id":"https:\/\/storax.be\/fr\/#website"},"primaryImageOfPage":{"@id":"https:\/\/storax.be\/fr\/producten\/schluter-tegelprofielen-fr\/schluter-trendline\/#primaryimage"},"image":{"@id":"https:\/\/storax.be\/fr\/producten\/schluter-tegelprofielen-fr\/schluter-trendline\/#primaryimage"},"thumbnailUrl":"https:\/\/storax.be\/wp-content\/uploads\/sites\/2\/2019\/03\/Schl\u00fcter-Quadec-Design.png","datePublished":"2022-08-02T11:52:07+00:00","dateModified":"2024-05-16T07:38:48+00:00","breadcrumb":{"@id":"https:\/\/storax.be\/fr\/producten\/schluter-tegelprofielen-fr\/schluter-trendline\/#breadcrumb"},"inLanguage":"fr-FR","potentialAction":[{"@type":"ReadAction","target":["https:\/\/storax.be\/fr\/producten\/schluter-tegelprofielen-fr\/schluter-trendline\/"]}]},{"@type":"ImageObject","inLanguage":"fr-FR","@id":"https:\/\/storax.be\/fr\/producten\/schluter-tegelprofielen-fr\/schluter-trendline\/#primaryimage","url":"https:\/\/storax.be\/wp-content\/uploads\/sites\/2\/2019\/03\/Schl\u00fcter-Quadec-Design.png","contentUrl":"https:\/\/storax.be\/wp-content\/uploads\/sites\/2\/2019\/03\/Schl\u00fcter-Quadec-Design.png","width":470,"height":470,"caption":"Schl\u00fcter Quadec Design"},{"@type":"BreadcrumbList","@id":"https:\/\/storax.be\/fr\/producten\/schluter-tegelprofielen-fr\/schluter-trendline\/#breadcrumb","itemListElement":[{"@type":"ListItem","position":1,"name":"Home","item":"https:\/\/storax.be\/fr\/"},{"@type":"ListItem","position":2,"name":"Producten","item":"https:\/\/storax.be\/fr\/producten\/%product_category%\/"},{"@type":"ListItem","position":3,"name":"Schl\u00fcter Syst\u00e8mes","item":"https:\/\/storax.be\/fr\/producten\/schluter-systems-fr\/"},{"@type":"ListItem","position":4,"name":"Schl\u00fcter Profil\u00e9s de carrelage","item":"https:\/\/storax.be\/fr\/producten\/schluter-tegelprofielen-fr\/"},{"@type":"ListItem","position":5,"name":"Schl\u00fcter Trendline"}]},{"@type":"WebSite","@id":"https:\/\/storax.be\/fr\/#website","url":"https:\/\/storax.be\/fr\/","name":"Storax Belgium","description":"Uw betrouwbare partner voor bouwprojecten","potentialAction":[{"@type":"SearchAction","target":{"@type":"EntryPoint","urlTemplate":"https:\/\/storax.be\/fr\/?s={search_term_string}"},"query-input":{"@type":"PropertyValueSpecification","valueRequired":true,"valueName":"search_term_string"}}],"inLanguage":"fr-FR"}]}},"_links":{"self":[{"href":"https:\/\/storax.be\/fr\/wp-json\/wp\/v2\/product\/115117","targetHints":{"allow":["GET"]}}],"collection":[{"href":"https:\/\/storax.be\/fr\/wp-json\/wp\/v2\/product"}],"about":[{"href":"https:\/\/storax.be\/fr\/wp-json\/wp\/v2\/types\/product"}],"wp:featuredmedia":[{"embeddable":true,"href":"https:\/\/storax.be\/fr\/wp-json\/wp\/v2\/media\/108349"}],"wp:attachment":[{"href":"https:\/\/storax.be\/fr\/wp-json\/wp\/v2\/media?parent=115117"}],"wp:term":[{"taxonomy":"product_category","embeddable":true,"href":"https:\/\/storax.be\/fr\/wp-json\/wp\/v2\/product_category?post=115117"},{"taxonomy":"product_tag","embeddable":true,"href":"https:\/\/storax.be\/fr\/wp-json\/wp\/v2\/product_tag?post=115117"}],"curies":[{"name":"wp","href":"https:\/\/api.w.org\/{rel}","templated":true}]}}