{"id":115116,"date":"2022-08-02T11:50:21","date_gmt":"2022-08-02T11:50:21","guid":{"rendered":"https:\/\/storax.be\/?post_type=product&#038;p=115116"},"modified":"2024-05-16T07:38:48","modified_gmt":"2024-05-16T07:38:48","slug":"schluter-schiene","status":"publish","type":"product","link":"https:\/\/storax.be\/fr\/producten\/schluter-tegelprofielen-fr\/schluter-schiene\/","title":{"rendered":"Schl\u00fcter\u00ae-SCHIENE"},"content":{"rendered":"<p>Le profil\u00e9 <strong>Schl\u00fcter\u00ae-SCHIENE<\/strong> est un profil\u00e9 sp\u00e9cialement con\u00e7u pour la protection et la d\u00e9coration des ar\u00eates des rev\u00eatements carrel\u00e9s. Toutefois, il se pr\u00eate \u00e9galement tr\u00e8s bien \u00e0 d&rsquo;autres mat\u00e9riaux de rev\u00eatement et applications. Les profil\u00e9s de carrelage sont \u00e9quip\u00e9s d&rsquo;un \u00e9carteur \u00e0 partir d&rsquo;une hauteur de profil\u00e9 de 6\u00a0mm (SCHIENE-ES \u00e0 partir d&rsquo;une hauteur de 8\u00a0mm), afin de garantir une distance de joint fixe par rapport au carrelage.<\/p>\n<p>Schl\u00fcter-Schiene est disponible dans diff\u00e9rents mat\u00e9riaux\u00a0:<\/p>\n<ul>\n<li>Schiene-A\u00a0: Aluminium naturel<\/li>\n<li>Schiene-AE\u00a0: Aluminium naturel anodis\u00e9 mat<\/li>\n<li>Schiene-M\u00a0: Laiton<\/li>\n<li>Schiene-E V2A\u00a0: Acier inoxydable V2A (AISI 304)<\/li>\n<li>Schiene-E V4A\u00a0: Acier inoxydable V4A (AISI 316)<\/li>\n<li>Schiene-EB\u00a0: Acier inoxydable bross\u00e9 V2A (AISI 304)<\/li>\n<li>Schiene-ES-EB\u00a0: Acier inoxydable bross\u00e9 avec espaceur V2A (AISI 304)<\/li>\n<\/ul>\n<p>Selon le type, les profil\u00e9s sont disponibles en longueurs de 2\u00a0500 ou 3\u00a0000\u00a0mm et en hauteurs de 2 \u00e0 30\u00a0mm.<\/p>\n<p>Tous les profil\u00e9s Schl\u00fcter\u00ae-SCHIENE, quel que soit le mat\u00e9riau, peuvent \u00eatre pourvus d&rsquo;une perforation de rayon \u00ab\u00a0R\u00a0\u00bb afin de pouvoir les plier.<\/p>\n","protected":false},"excerpt":{"rendered":"<p>Le profil\u00e9 Schl\u00fcter\u00ae-SCHIENE est un profil\u00e9 sp\u00e9cialement con\u00e7u pour la protection et la d\u00e9coration des ar\u00eates des rev\u00eatements carrel\u00e9s. Toutefois, il se pr\u00eate \u00e9galement tr\u00e8s bien \u00e0 d&rsquo;autres mat\u00e9riaux de rev\u00eatement et applications. Les profil\u00e9s de carrelage sont \u00e9quip\u00e9s d&rsquo;un \u00e9carteur \u00e0 partir d&rsquo;une hauteur de profil\u00e9 de 6\u00a0mm (SCHIENE-ES \u00e0 partir d&rsquo;une hauteur de\u2026<\/p>\n","protected":false},"featured_media":108351,"template":"","meta":{"_acf_changed":false},"product_category":[746,736],"product_tag":[],"class_list":["post-115116","product","type-product","status-publish","has-post-thumbnail","hentry","product_category-profiles-de-carrelage","product_category-schluter-tegelprofielen-fr"],"acf":[],"yoast_head":"<!-- This site is optimized with the Yoast SEO plugin v27.3 - https:\/\/yoast.com\/product\/yoast-seo-wordpress\/ -->\n<title>Schl\u00fcter\u00ae-SCHIENE - Storax Belgium<\/title>\n<meta name=\"robots\" content=\"index, follow, max-snippet:-1, max-image-preview:large, max-video-preview:-1\" \/>\n<link rel=\"canonical\" href=\"https:\/\/storax.be\/fr\/producten\/schluter-tegelprofielen-fr\/schluter-schiene\/\" \/>\n<meta property=\"og:locale\" content=\"fr_FR\" \/>\n<meta property=\"og:type\" content=\"article\" \/>\n<meta property=\"og:title\" content=\"Schl\u00fcter\u00ae-SCHIENE - Storax Belgium\" \/>\n<meta property=\"og:description\" content=\"Le profil\u00e9 Schl\u00fcter\u00ae-SCHIENE est un profil\u00e9 sp\u00e9cialement con\u00e7u pour la protection et la d\u00e9coration des ar\u00eates des rev\u00eatements carrel\u00e9s. Toutefois, il se pr\u00eate \u00e9galement tr\u00e8s bien \u00e0 d&rsquo;autres mat\u00e9riaux de rev\u00eatement et applications. Les profil\u00e9s de carrelage sont \u00e9quip\u00e9s d&rsquo;un \u00e9carteur \u00e0 partir d&rsquo;une hauteur de profil\u00e9 de 6\u00a0mm (SCHIENE-ES \u00e0 partir d&rsquo;une hauteur de\u2026\" \/>\n<meta property=\"og:url\" content=\"https:\/\/storax.be\/fr\/producten\/schluter-tegelprofielen-fr\/schluter-schiene\/\" \/>\n<meta property=\"og:site_name\" content=\"Storax Belgium\" \/>\n<meta property=\"article:modified_time\" content=\"2024-05-16T07:38:48+00:00\" \/>\n<meta property=\"og:image\" content=\"https:\/\/storax.be\/wp-content\/uploads\/sites\/2\/2019\/03\/Schl\u00fcter-Schiene.png\" \/>\n\t<meta property=\"og:image:width\" content=\"470\" \/>\n\t<meta property=\"og:image:height\" content=\"470\" \/>\n\t<meta property=\"og:image:type\" content=\"image\/png\" \/>\n<meta name=\"twitter:card\" content=\"summary_large_image\" \/>\n<meta name=\"twitter:label1\" content=\"Dur\u00e9e de lecture estim\u00e9e\" \/>\n\t<meta name=\"twitter:data1\" content=\"1 minute\" \/>\n<script type=\"application\/ld+json\" class=\"yoast-schema-graph\">{\"@context\":\"https:\\\/\\\/schema.org\",\"@graph\":[{\"@type\":\"WebPage\",\"@id\":\"https:\\\/\\\/storax.be\\\/fr\\\/producten\\\/schluter-tegelprofielen-fr\\\/schluter-schiene\\\/\",\"url\":\"https:\\\/\\\/storax.be\\\/fr\\\/producten\\\/schluter-tegelprofielen-fr\\\/schluter-schiene\\\/\",\"name\":\"Schl\u00fcter\u00ae-SCHIENE - Storax Belgium\",\"isPartOf\":{\"@id\":\"https:\\\/\\\/storax.be\\\/fr\\\/#website\"},\"primaryImageOfPage\":{\"@id\":\"https:\\\/\\\/storax.be\\\/fr\\\/producten\\\/schluter-tegelprofielen-fr\\\/schluter-schiene\\\/#primaryimage\"},\"image\":{\"@id\":\"https:\\\/\\\/storax.be\\\/fr\\\/producten\\\/schluter-tegelprofielen-fr\\\/schluter-schiene\\\/#primaryimage\"},\"thumbnailUrl\":\"https:\\\/\\\/storax.be\\\/wp-content\\\/uploads\\\/sites\\\/2\\\/2019\\\/03\\\/Schl\u00fcter-Schiene.png\",\"datePublished\":\"2022-08-02T11:50:21+00:00\",\"dateModified\":\"2024-05-16T07:38:48+00:00\",\"breadcrumb\":{\"@id\":\"https:\\\/\\\/storax.be\\\/fr\\\/producten\\\/schluter-tegelprofielen-fr\\\/schluter-schiene\\\/#breadcrumb\"},\"inLanguage\":\"fr-FR\",\"potentialAction\":[{\"@type\":\"ReadAction\",\"target\":[\"https:\\\/\\\/storax.be\\\/fr\\\/producten\\\/schluter-tegelprofielen-fr\\\/schluter-schiene\\\/\"]}]},{\"@type\":\"ImageObject\",\"inLanguage\":\"fr-FR\",\"@id\":\"https:\\\/\\\/storax.be\\\/fr\\\/producten\\\/schluter-tegelprofielen-fr\\\/schluter-schiene\\\/#primaryimage\",\"url\":\"https:\\\/\\\/storax.be\\\/wp-content\\\/uploads\\\/sites\\\/2\\\/2019\\\/03\\\/Schl\u00fcter-Schiene.png\",\"contentUrl\":\"https:\\\/\\\/storax.be\\\/wp-content\\\/uploads\\\/sites\\\/2\\\/2019\\\/03\\\/Schl\u00fcter-Schiene.png\",\"width\":470,\"height\":470,\"caption\":\"Schl\u00fcter Schiene\"},{\"@type\":\"BreadcrumbList\",\"@id\":\"https:\\\/\\\/storax.be\\\/fr\\\/producten\\\/schluter-tegelprofielen-fr\\\/schluter-schiene\\\/#breadcrumb\",\"itemListElement\":[{\"@type\":\"ListItem\",\"position\":1,\"name\":\"Home\",\"item\":\"https:\\\/\\\/storax.be\\\/fr\\\/\"},{\"@type\":\"ListItem\",\"position\":2,\"name\":\"Producten\",\"item\":\"https:\\\/\\\/storax.be\\\/fr\\\/producten\\\/%product_category%\\\/\"},{\"@type\":\"ListItem\",\"position\":3,\"name\":\"Schl\u00fcter Syst\u00e8mes\",\"item\":\"https:\\\/\\\/storax.be\\\/fr\\\/producten\\\/schluter-systems-fr\\\/\"},{\"@type\":\"ListItem\",\"position\":4,\"name\":\"Schl\u00fcter Profil\u00e9s de carrelage\",\"item\":\"https:\\\/\\\/storax.be\\\/fr\\\/producten\\\/schluter-tegelprofielen-fr\\\/\"},{\"@type\":\"ListItem\",\"position\":5,\"name\":\"Schl\u00fcter\u00ae-SCHIENE\"}]},{\"@type\":\"WebSite\",\"@id\":\"https:\\\/\\\/storax.be\\\/fr\\\/#website\",\"url\":\"https:\\\/\\\/storax.be\\\/fr\\\/\",\"name\":\"Storax Belgium\",\"description\":\"Uw betrouwbare partner voor bouwprojecten\",\"potentialAction\":[{\"@type\":\"SearchAction\",\"target\":{\"@type\":\"EntryPoint\",\"urlTemplate\":\"https:\\\/\\\/storax.be\\\/fr\\\/?s={search_term_string}\"},\"query-input\":{\"@type\":\"PropertyValueSpecification\",\"valueRequired\":true,\"valueName\":\"search_term_string\"}}],\"inLanguage\":\"fr-FR\"}]}<\/script>\n<!-- \/ Yoast SEO plugin. -->","yoast_head_json":{"title":"Schl\u00fcter\u00ae-SCHIENE - Storax Belgium","robots":{"index":"index","follow":"follow","max-snippet":"max-snippet:-1","max-image-preview":"max-image-preview:large","max-video-preview":"max-video-preview:-1"},"canonical":"https:\/\/storax.be\/fr\/producten\/schluter-tegelprofielen-fr\/schluter-schiene\/","og_locale":"fr_FR","og_type":"article","og_title":"Schl\u00fcter\u00ae-SCHIENE - Storax Belgium","og_description":"Le profil\u00e9 Schl\u00fcter\u00ae-SCHIENE est un profil\u00e9 sp\u00e9cialement con\u00e7u pour la protection et la d\u00e9coration des ar\u00eates des rev\u00eatements carrel\u00e9s. Toutefois, il se pr\u00eate \u00e9galement tr\u00e8s bien \u00e0 d&rsquo;autres mat\u00e9riaux de rev\u00eatement et applications. Les profil\u00e9s de carrelage sont \u00e9quip\u00e9s d&rsquo;un \u00e9carteur \u00e0 partir d&rsquo;une hauteur de profil\u00e9 de 6\u00a0mm (SCHIENE-ES \u00e0 partir d&rsquo;une hauteur de\u2026","og_url":"https:\/\/storax.be\/fr\/producten\/schluter-tegelprofielen-fr\/schluter-schiene\/","og_site_name":"Storax Belgium","article_modified_time":"2024-05-16T07:38:48+00:00","og_image":[{"width":470,"height":470,"url":"https:\/\/storax.be\/wp-content\/uploads\/sites\/2\/2019\/03\/Schl\u00fcter-Schiene.png","type":"image\/png"}],"twitter_card":"summary_large_image","twitter_misc":{"Dur\u00e9e de lecture estim\u00e9e":"1 minute"},"schema":{"@context":"https:\/\/schema.org","@graph":[{"@type":"WebPage","@id":"https:\/\/storax.be\/fr\/producten\/schluter-tegelprofielen-fr\/schluter-schiene\/","url":"https:\/\/storax.be\/fr\/producten\/schluter-tegelprofielen-fr\/schluter-schiene\/","name":"Schl\u00fcter\u00ae-SCHIENE - Storax Belgium","isPartOf":{"@id":"https:\/\/storax.be\/fr\/#website"},"primaryImageOfPage":{"@id":"https:\/\/storax.be\/fr\/producten\/schluter-tegelprofielen-fr\/schluter-schiene\/#primaryimage"},"image":{"@id":"https:\/\/storax.be\/fr\/producten\/schluter-tegelprofielen-fr\/schluter-schiene\/#primaryimage"},"thumbnailUrl":"https:\/\/storax.be\/wp-content\/uploads\/sites\/2\/2019\/03\/Schl\u00fcter-Schiene.png","datePublished":"2022-08-02T11:50:21+00:00","dateModified":"2024-05-16T07:38:48+00:00","breadcrumb":{"@id":"https:\/\/storax.be\/fr\/producten\/schluter-tegelprofielen-fr\/schluter-schiene\/#breadcrumb"},"inLanguage":"fr-FR","potentialAction":[{"@type":"ReadAction","target":["https:\/\/storax.be\/fr\/producten\/schluter-tegelprofielen-fr\/schluter-schiene\/"]}]},{"@type":"ImageObject","inLanguage":"fr-FR","@id":"https:\/\/storax.be\/fr\/producten\/schluter-tegelprofielen-fr\/schluter-schiene\/#primaryimage","url":"https:\/\/storax.be\/wp-content\/uploads\/sites\/2\/2019\/03\/Schl\u00fcter-Schiene.png","contentUrl":"https:\/\/storax.be\/wp-content\/uploads\/sites\/2\/2019\/03\/Schl\u00fcter-Schiene.png","width":470,"height":470,"caption":"Schl\u00fcter Schiene"},{"@type":"BreadcrumbList","@id":"https:\/\/storax.be\/fr\/producten\/schluter-tegelprofielen-fr\/schluter-schiene\/#breadcrumb","itemListElement":[{"@type":"ListItem","position":1,"name":"Home","item":"https:\/\/storax.be\/fr\/"},{"@type":"ListItem","position":2,"name":"Producten","item":"https:\/\/storax.be\/fr\/producten\/%product_category%\/"},{"@type":"ListItem","position":3,"name":"Schl\u00fcter Syst\u00e8mes","item":"https:\/\/storax.be\/fr\/producten\/schluter-systems-fr\/"},{"@type":"ListItem","position":4,"name":"Schl\u00fcter Profil\u00e9s de carrelage","item":"https:\/\/storax.be\/fr\/producten\/schluter-tegelprofielen-fr\/"},{"@type":"ListItem","position":5,"name":"Schl\u00fcter\u00ae-SCHIENE"}]},{"@type":"WebSite","@id":"https:\/\/storax.be\/fr\/#website","url":"https:\/\/storax.be\/fr\/","name":"Storax Belgium","description":"Uw betrouwbare partner voor bouwprojecten","potentialAction":[{"@type":"SearchAction","target":{"@type":"EntryPoint","urlTemplate":"https:\/\/storax.be\/fr\/?s={search_term_string}"},"query-input":{"@type":"PropertyValueSpecification","valueRequired":true,"valueName":"search_term_string"}}],"inLanguage":"fr-FR"}]}},"_links":{"self":[{"href":"https:\/\/storax.be\/fr\/wp-json\/wp\/v2\/product\/115116","targetHints":{"allow":["GET"]}}],"collection":[{"href":"https:\/\/storax.be\/fr\/wp-json\/wp\/v2\/product"}],"about":[{"href":"https:\/\/storax.be\/fr\/wp-json\/wp\/v2\/types\/product"}],"wp:featuredmedia":[{"embeddable":true,"href":"https:\/\/storax.be\/fr\/wp-json\/wp\/v2\/media\/108351"}],"wp:attachment":[{"href":"https:\/\/storax.be\/fr\/wp-json\/wp\/v2\/media?parent=115116"}],"wp:term":[{"taxonomy":"product_category","embeddable":true,"href":"https:\/\/storax.be\/fr\/wp-json\/wp\/v2\/product_category?post=115116"},{"taxonomy":"product_tag","embeddable":true,"href":"https:\/\/storax.be\/fr\/wp-json\/wp\/v2\/product_tag?post=115116"}],"curies":[{"name":"wp","href":"https:\/\/api.w.org\/{rel}","templated":true}]}}