{"id":115112,"date":"2022-08-02T11:45:34","date_gmt":"2022-08-02T11:45:34","guid":{"rendered":"https:\/\/storax.be\/?post_type=product&#038;p=115112"},"modified":"2024-05-16T07:38:47","modified_gmt":"2024-05-16T07:38:47","slug":"schluter-reno-tk","status":"publish","type":"product","link":"https:\/\/storax.be\/fr\/producten\/schluter-tegelprofielen-fr\/schluter-reno-tk\/","title":{"rendered":"Schl\u00fcter\u00ae-RENO-TK"},"content":{"rendered":"<h2><b>Profil\u00e9 de transition pour les diff\u00e9rences de hauteur<\/b><\/h2>\n<p><strong>Schl\u00fcter\u00ae<\/strong><span style=\"font-weight: 400;\"><strong>-RENO-TK<\/strong> est un profil\u00e9 sp\u00e9cial qui permet de cr\u00e9er une transition progressive entre des rev\u00eatements de sol de hauteurs diff\u00e9rentes, par exemple entre le carrelage et la moquette.<\/span><\/p>\n<p><span style=\"font-weight: 400;\">Gr\u00e2ce \u00e0 la surface inclin\u00e9e de Schl\u00fcter<\/span><span style=\"font-weight: 400;\">\u00ae<\/span><span style=\"font-weight: 400;\">-RENO-TK, il n&rsquo;y a pas de but\u00e9e entre les rev\u00eatements de diff\u00e9rentes hauteurs. Le rev\u00eatement plus fin (par exemple, de la moquette ou un rev\u00eatement synth\u00e9tique) peut \u00eatre gliss\u00e9 sous la surface inclin\u00e9e de 6\u00a0mm de haut, ce qui permet de couvrir et de prot\u00e9ger les ar\u00eates des rev\u00eatements adjacents.<\/span><\/p>\n","protected":false},"excerpt":{"rendered":"<p>Profil\u00e9 de transition pour les diff\u00e9rences de hauteur Schl\u00fcter\u00ae-RENO-TK est un profil\u00e9 sp\u00e9cial qui permet de cr\u00e9er une transition progressive entre des rev\u00eatements de sol de hauteurs diff\u00e9rentes, par exemple entre le carrelage et la moquette. Gr\u00e2ce \u00e0 la surface inclin\u00e9e de Schl\u00fcter\u00ae-RENO-TK, il n&rsquo;y a pas de but\u00e9e entre les rev\u00eatements de diff\u00e9rentes hauteurs.\u2026<\/p>\n","protected":false},"featured_media":109114,"template":"","meta":{"_acf_changed":false},"product_category":[746,736],"product_tag":[],"class_list":["post-115112","product","type-product","status-publish","has-post-thumbnail","hentry","product_category-profiles-de-carrelage","product_category-schluter-tegelprofielen-fr"],"acf":[],"yoast_head":"<!-- This site is optimized with the Yoast SEO plugin v27.3 - https:\/\/yoast.com\/product\/yoast-seo-wordpress\/ -->\n<title>Schl\u00fcter\u00ae-RENO-TK - Storax Belgium<\/title>\n<meta name=\"robots\" content=\"index, follow, max-snippet:-1, max-image-preview:large, max-video-preview:-1\" \/>\n<link rel=\"canonical\" href=\"https:\/\/storax.be\/fr\/producten\/schluter-tegelprofielen-fr\/schluter-reno-tk\/\" \/>\n<meta property=\"og:locale\" content=\"fr_FR\" \/>\n<meta property=\"og:type\" content=\"article\" \/>\n<meta property=\"og:title\" content=\"Schl\u00fcter\u00ae-RENO-TK - Storax Belgium\" \/>\n<meta property=\"og:description\" content=\"Profil\u00e9 de transition pour les diff\u00e9rences de hauteur Schl\u00fcter\u00ae-RENO-TK est un profil\u00e9 sp\u00e9cial qui permet de cr\u00e9er une transition progressive entre des rev\u00eatements de sol de hauteurs diff\u00e9rentes, par exemple entre le carrelage et la moquette. Gr\u00e2ce \u00e0 la surface inclin\u00e9e de Schl\u00fcter\u00ae-RENO-TK, il n&rsquo;y a pas de but\u00e9e entre les rev\u00eatements de diff\u00e9rentes hauteurs.\u2026\" \/>\n<meta property=\"og:url\" content=\"https:\/\/storax.be\/fr\/producten\/schluter-tegelprofielen-fr\/schluter-reno-tk\/\" \/>\n<meta property=\"og:site_name\" content=\"Storax Belgium\" \/>\n<meta property=\"article:modified_time\" content=\"2024-05-16T07:38:47+00:00\" \/>\n<meta property=\"og:image\" content=\"https:\/\/storax.be\/wp-content\/uploads\/sites\/2\/2020\/01\/Schl\u00fcter-Reno-TK.jpg\" \/>\n\t<meta property=\"og:image:width\" content=\"349\" \/>\n\t<meta property=\"og:image:height\" content=\"233\" \/>\n\t<meta property=\"og:image:type\" content=\"image\/jpeg\" \/>\n<meta name=\"twitter:card\" content=\"summary_large_image\" \/>\n<meta name=\"twitter:label1\" content=\"Dur\u00e9e de lecture estim\u00e9e\" \/>\n\t<meta name=\"twitter:data1\" content=\"1 minute\" \/>\n<script type=\"application\/ld+json\" class=\"yoast-schema-graph\">{\"@context\":\"https:\\\/\\\/schema.org\",\"@graph\":[{\"@type\":\"WebPage\",\"@id\":\"https:\\\/\\\/storax.be\\\/fr\\\/producten\\\/schluter-tegelprofielen-fr\\\/schluter-reno-tk\\\/\",\"url\":\"https:\\\/\\\/storax.be\\\/fr\\\/producten\\\/schluter-tegelprofielen-fr\\\/schluter-reno-tk\\\/\",\"name\":\"Schl\u00fcter\u00ae-RENO-TK - Storax Belgium\",\"isPartOf\":{\"@id\":\"https:\\\/\\\/storax.be\\\/fr\\\/#website\"},\"primaryImageOfPage\":{\"@id\":\"https:\\\/\\\/storax.be\\\/fr\\\/producten\\\/schluter-tegelprofielen-fr\\\/schluter-reno-tk\\\/#primaryimage\"},\"image\":{\"@id\":\"https:\\\/\\\/storax.be\\\/fr\\\/producten\\\/schluter-tegelprofielen-fr\\\/schluter-reno-tk\\\/#primaryimage\"},\"thumbnailUrl\":\"https:\\\/\\\/storax.be\\\/wp-content\\\/uploads\\\/sites\\\/2\\\/2020\\\/01\\\/Schl\u00fcter-Reno-TK.jpg\",\"datePublished\":\"2022-08-02T11:45:34+00:00\",\"dateModified\":\"2024-05-16T07:38:47+00:00\",\"breadcrumb\":{\"@id\":\"https:\\\/\\\/storax.be\\\/fr\\\/producten\\\/schluter-tegelprofielen-fr\\\/schluter-reno-tk\\\/#breadcrumb\"},\"inLanguage\":\"fr-FR\",\"potentialAction\":[{\"@type\":\"ReadAction\",\"target\":[\"https:\\\/\\\/storax.be\\\/fr\\\/producten\\\/schluter-tegelprofielen-fr\\\/schluter-reno-tk\\\/\"]}]},{\"@type\":\"ImageObject\",\"inLanguage\":\"fr-FR\",\"@id\":\"https:\\\/\\\/storax.be\\\/fr\\\/producten\\\/schluter-tegelprofielen-fr\\\/schluter-reno-tk\\\/#primaryimage\",\"url\":\"https:\\\/\\\/storax.be\\\/wp-content\\\/uploads\\\/sites\\\/2\\\/2020\\\/01\\\/Schl\u00fcter-Reno-TK.jpg\",\"contentUrl\":\"https:\\\/\\\/storax.be\\\/wp-content\\\/uploads\\\/sites\\\/2\\\/2020\\\/01\\\/Schl\u00fcter-Reno-TK.jpg\",\"width\":349,\"height\":233,\"caption\":\"Schl\u00fcter Reno TK\"},{\"@type\":\"BreadcrumbList\",\"@id\":\"https:\\\/\\\/storax.be\\\/fr\\\/producten\\\/schluter-tegelprofielen-fr\\\/schluter-reno-tk\\\/#breadcrumb\",\"itemListElement\":[{\"@type\":\"ListItem\",\"position\":1,\"name\":\"Home\",\"item\":\"https:\\\/\\\/storax.be\\\/fr\\\/\"},{\"@type\":\"ListItem\",\"position\":2,\"name\":\"Producten\",\"item\":\"https:\\\/\\\/storax.be\\\/fr\\\/producten\\\/%product_category%\\\/\"},{\"@type\":\"ListItem\",\"position\":3,\"name\":\"Schl\u00fcter Syst\u00e8mes\",\"item\":\"https:\\\/\\\/storax.be\\\/fr\\\/producten\\\/schluter-systems-fr\\\/\"},{\"@type\":\"ListItem\",\"position\":4,\"name\":\"Schl\u00fcter Profil\u00e9s de carrelage\",\"item\":\"https:\\\/\\\/storax.be\\\/fr\\\/producten\\\/schluter-tegelprofielen-fr\\\/\"},{\"@type\":\"ListItem\",\"position\":5,\"name\":\"Schl\u00fcter\u00ae-RENO-TK\"}]},{\"@type\":\"WebSite\",\"@id\":\"https:\\\/\\\/storax.be\\\/fr\\\/#website\",\"url\":\"https:\\\/\\\/storax.be\\\/fr\\\/\",\"name\":\"Storax Belgium\",\"description\":\"Uw betrouwbare partner voor bouwprojecten\",\"potentialAction\":[{\"@type\":\"SearchAction\",\"target\":{\"@type\":\"EntryPoint\",\"urlTemplate\":\"https:\\\/\\\/storax.be\\\/fr\\\/?s={search_term_string}\"},\"query-input\":{\"@type\":\"PropertyValueSpecification\",\"valueRequired\":true,\"valueName\":\"search_term_string\"}}],\"inLanguage\":\"fr-FR\"}]}<\/script>\n<!-- \/ Yoast SEO plugin. -->","yoast_head_json":{"title":"Schl\u00fcter\u00ae-RENO-TK - Storax Belgium","robots":{"index":"index","follow":"follow","max-snippet":"max-snippet:-1","max-image-preview":"max-image-preview:large","max-video-preview":"max-video-preview:-1"},"canonical":"https:\/\/storax.be\/fr\/producten\/schluter-tegelprofielen-fr\/schluter-reno-tk\/","og_locale":"fr_FR","og_type":"article","og_title":"Schl\u00fcter\u00ae-RENO-TK - Storax Belgium","og_description":"Profil\u00e9 de transition pour les diff\u00e9rences de hauteur Schl\u00fcter\u00ae-RENO-TK est un profil\u00e9 sp\u00e9cial qui permet de cr\u00e9er une transition progressive entre des rev\u00eatements de sol de hauteurs diff\u00e9rentes, par exemple entre le carrelage et la moquette. Gr\u00e2ce \u00e0 la surface inclin\u00e9e de Schl\u00fcter\u00ae-RENO-TK, il n&rsquo;y a pas de but\u00e9e entre les rev\u00eatements de diff\u00e9rentes hauteurs.\u2026","og_url":"https:\/\/storax.be\/fr\/producten\/schluter-tegelprofielen-fr\/schluter-reno-tk\/","og_site_name":"Storax Belgium","article_modified_time":"2024-05-16T07:38:47+00:00","og_image":[{"width":349,"height":233,"url":"https:\/\/storax.be\/wp-content\/uploads\/sites\/2\/2020\/01\/Schl\u00fcter-Reno-TK.jpg","type":"image\/jpeg"}],"twitter_card":"summary_large_image","twitter_misc":{"Dur\u00e9e de lecture estim\u00e9e":"1 minute"},"schema":{"@context":"https:\/\/schema.org","@graph":[{"@type":"WebPage","@id":"https:\/\/storax.be\/fr\/producten\/schluter-tegelprofielen-fr\/schluter-reno-tk\/","url":"https:\/\/storax.be\/fr\/producten\/schluter-tegelprofielen-fr\/schluter-reno-tk\/","name":"Schl\u00fcter\u00ae-RENO-TK - Storax Belgium","isPartOf":{"@id":"https:\/\/storax.be\/fr\/#website"},"primaryImageOfPage":{"@id":"https:\/\/storax.be\/fr\/producten\/schluter-tegelprofielen-fr\/schluter-reno-tk\/#primaryimage"},"image":{"@id":"https:\/\/storax.be\/fr\/producten\/schluter-tegelprofielen-fr\/schluter-reno-tk\/#primaryimage"},"thumbnailUrl":"https:\/\/storax.be\/wp-content\/uploads\/sites\/2\/2020\/01\/Schl\u00fcter-Reno-TK.jpg","datePublished":"2022-08-02T11:45:34+00:00","dateModified":"2024-05-16T07:38:47+00:00","breadcrumb":{"@id":"https:\/\/storax.be\/fr\/producten\/schluter-tegelprofielen-fr\/schluter-reno-tk\/#breadcrumb"},"inLanguage":"fr-FR","potentialAction":[{"@type":"ReadAction","target":["https:\/\/storax.be\/fr\/producten\/schluter-tegelprofielen-fr\/schluter-reno-tk\/"]}]},{"@type":"ImageObject","inLanguage":"fr-FR","@id":"https:\/\/storax.be\/fr\/producten\/schluter-tegelprofielen-fr\/schluter-reno-tk\/#primaryimage","url":"https:\/\/storax.be\/wp-content\/uploads\/sites\/2\/2020\/01\/Schl\u00fcter-Reno-TK.jpg","contentUrl":"https:\/\/storax.be\/wp-content\/uploads\/sites\/2\/2020\/01\/Schl\u00fcter-Reno-TK.jpg","width":349,"height":233,"caption":"Schl\u00fcter Reno TK"},{"@type":"BreadcrumbList","@id":"https:\/\/storax.be\/fr\/producten\/schluter-tegelprofielen-fr\/schluter-reno-tk\/#breadcrumb","itemListElement":[{"@type":"ListItem","position":1,"name":"Home","item":"https:\/\/storax.be\/fr\/"},{"@type":"ListItem","position":2,"name":"Producten","item":"https:\/\/storax.be\/fr\/producten\/%product_category%\/"},{"@type":"ListItem","position":3,"name":"Schl\u00fcter Syst\u00e8mes","item":"https:\/\/storax.be\/fr\/producten\/schluter-systems-fr\/"},{"@type":"ListItem","position":4,"name":"Schl\u00fcter Profil\u00e9s de carrelage","item":"https:\/\/storax.be\/fr\/producten\/schluter-tegelprofielen-fr\/"},{"@type":"ListItem","position":5,"name":"Schl\u00fcter\u00ae-RENO-TK"}]},{"@type":"WebSite","@id":"https:\/\/storax.be\/fr\/#website","url":"https:\/\/storax.be\/fr\/","name":"Storax Belgium","description":"Uw betrouwbare partner voor bouwprojecten","potentialAction":[{"@type":"SearchAction","target":{"@type":"EntryPoint","urlTemplate":"https:\/\/storax.be\/fr\/?s={search_term_string}"},"query-input":{"@type":"PropertyValueSpecification","valueRequired":true,"valueName":"search_term_string"}}],"inLanguage":"fr-FR"}]}},"_links":{"self":[{"href":"https:\/\/storax.be\/fr\/wp-json\/wp\/v2\/product\/115112","targetHints":{"allow":["GET"]}}],"collection":[{"href":"https:\/\/storax.be\/fr\/wp-json\/wp\/v2\/product"}],"about":[{"href":"https:\/\/storax.be\/fr\/wp-json\/wp\/v2\/types\/product"}],"wp:featuredmedia":[{"embeddable":true,"href":"https:\/\/storax.be\/fr\/wp-json\/wp\/v2\/media\/109114"}],"wp:attachment":[{"href":"https:\/\/storax.be\/fr\/wp-json\/wp\/v2\/media?parent=115112"}],"wp:term":[{"taxonomy":"product_category","embeddable":true,"href":"https:\/\/storax.be\/fr\/wp-json\/wp\/v2\/product_category?post=115112"},{"taxonomy":"product_tag","embeddable":true,"href":"https:\/\/storax.be\/fr\/wp-json\/wp\/v2\/product_tag?post=115112"}],"curies":[{"name":"wp","href":"https:\/\/api.w.org\/{rel}","templated":true}]}}