{"id":115111,"date":"2022-08-02T11:43:32","date_gmt":"2022-08-02T11:43:32","guid":{"rendered":"https:\/\/storax.be\/?post_type=product&#038;p=115111"},"modified":"2024-05-16T07:38:47","modified_gmt":"2024-05-16T07:38:47","slug":"schluter-reno-ramp","status":"publish","type":"product","link":"https:\/\/storax.be\/fr\/producten\/schluter-tegelprofielen-fr\/schluter-reno-ramp\/","title":{"rendered":"Schl\u00fcter\u00ae-RENO-Ramp"},"content":{"rendered":"<h2><b>Profil\u00e9 de transition pour raccordement progressif<\/b><\/h2>\n<p><strong>Schl\u00fcter\u00ae<\/strong><span style=\"font-weight: 400;\"><strong>-RENO-U\/-RAMP<\/strong> sont des profil\u00e9s de transition entre des rev\u00eatements de sol de hauteurs diff\u00e9rentes, pouvant \u00eatre utilis\u00e9s par exemple pour r\u00e9aliser la liaison entre un carrelage et une moquette. Les ar\u00eates des rev\u00eatements adjacents sont ainsi prot\u00e9g\u00e9es efficacement. La nervure de joint cr\u00e9e une zone de joint fixe entre le profil\u00e9 et le carreau.<\/span><\/p>\n<p><strong>Schl\u00fcter\u00ae<\/strong><span style=\"font-weight: 400;\"><strong>-RENO-U<\/strong> a \u00e9galement fait ses preuves dans les locaux soumis \u00e0 des contraintes \u00e9lev\u00e9es (entr\u00e9es de garages, centres commerciaux, etc.). Selon la hauteur du profil\u00e9, la surface inclin\u00e9e de Schl\u00fcter<\/span><span style=\"font-weight: 400;\">\u00ae<\/span><span style=\"font-weight: 400;\">-RENO-U forme un angle d&rsquo;environ 17\u00b0 \u00e0 25\u00b0 et se termine par une ar\u00eate de 4\u00a0mm de haut (sauf pour le profil\u00e9 de 35\u00a0mm de haut). Ce syst\u00e8me permet d&rsquo;\u00e9viter la formation d&rsquo;une but\u00e9e entre les rev\u00eatements de hauteurs diff\u00e9rentes.<\/span><\/p>\n<p><strong>Schl\u00fcter\u00ae<\/strong><span style=\"font-weight: 400;\"><strong>-RENO-RAMP<\/strong> est recommand\u00e9 pour les zones \u00e0 fort trafic. Sa faible inclinaison (env. 5\u00b0 \u00e0 10\u00b0 selon la hauteur du profil\u00e9) et son bord non saillant sont adapt\u00e9s au passage de transpalettes ou de chariots \u00e9l\u00e9vateurs. Schl\u00fcter<\/span><span style=\"font-weight: 400;\">\u00ae<\/span><span style=\"font-weight: 400;\">-RENO-RAMP permet \u00e9galement l&rsquo;am\u00e9nagement de locaux accessibles aux handicap\u00e9s.<\/span><\/p>\n<p><strong>Schl\u00fcter\u00ae<\/strong><span style=\"font-weight: 400;\"><strong>-RENO-RAMP-K<\/strong> est un profil\u00e9 d\u00e9pourvu d&rsquo;ailettes de fixation, avec une inclinaison d&rsquo;environ 8\u00b0, con\u00e7u pour \u00eatre coll\u00e9 apr\u00e8s coup entre le mat\u00e9riau de rev\u00eatement et le support pour compenser une diff\u00e9rence de hauteur.<\/span><\/p>\n","protected":false},"excerpt":{"rendered":"<p>Profil\u00e9 de transition pour raccordement progressif Schl\u00fcter\u00ae-RENO-U\/-RAMP sont des profil\u00e9s de transition entre des rev\u00eatements de sol de hauteurs diff\u00e9rentes, pouvant \u00eatre utilis\u00e9s par exemple pour r\u00e9aliser la liaison entre un carrelage et une moquette. Les ar\u00eates des rev\u00eatements adjacents sont ainsi prot\u00e9g\u00e9es efficacement. La nervure de joint cr\u00e9e une zone de joint fixe entre\u2026<\/p>\n","protected":false},"featured_media":109126,"template":"","meta":{"_acf_changed":false},"product_category":[746,736],"product_tag":[],"class_list":["post-115111","product","type-product","status-publish","has-post-thumbnail","hentry","product_category-profiles-de-carrelage","product_category-schluter-tegelprofielen-fr"],"acf":[],"yoast_head":"<!-- This site is optimized with the Yoast SEO plugin v27.3 - https:\/\/yoast.com\/product\/yoast-seo-wordpress\/ -->\n<title>Schl\u00fcter\u00ae-RENO-Ramp - Storax Belgium<\/title>\n<meta name=\"robots\" content=\"index, follow, max-snippet:-1, max-image-preview:large, max-video-preview:-1\" \/>\n<link rel=\"canonical\" href=\"https:\/\/storax.be\/fr\/producten\/schluter-tegelprofielen-fr\/schluter-reno-ramp\/\" \/>\n<meta property=\"og:locale\" content=\"fr_FR\" \/>\n<meta property=\"og:type\" content=\"article\" \/>\n<meta property=\"og:title\" content=\"Schl\u00fcter\u00ae-RENO-Ramp - Storax Belgium\" \/>\n<meta property=\"og:description\" content=\"Profil\u00e9 de transition pour raccordement progressif Schl\u00fcter\u00ae-RENO-U\/-RAMP sont des profil\u00e9s de transition entre des rev\u00eatements de sol de hauteurs diff\u00e9rentes, pouvant \u00eatre utilis\u00e9s par exemple pour r\u00e9aliser la liaison entre un carrelage et une moquette. Les ar\u00eates des rev\u00eatements adjacents sont ainsi prot\u00e9g\u00e9es efficacement. La nervure de joint cr\u00e9e une zone de joint fixe entre\u2026\" \/>\n<meta property=\"og:url\" content=\"https:\/\/storax.be\/fr\/producten\/schluter-tegelprofielen-fr\/schluter-reno-ramp\/\" \/>\n<meta property=\"og:site_name\" content=\"Storax Belgium\" \/>\n<meta property=\"article:modified_time\" content=\"2024-05-16T07:38:47+00:00\" \/>\n<meta property=\"og:image\" content=\"https:\/\/storax.be\/wp-content\/uploads\/sites\/2\/2020\/01\/Schl\u00fcter-Reno-U.jpg\" \/>\n\t<meta property=\"og:image:width\" content=\"349\" \/>\n\t<meta property=\"og:image:height\" content=\"233\" \/>\n\t<meta property=\"og:image:type\" content=\"image\/jpeg\" \/>\n<meta name=\"twitter:card\" content=\"summary_large_image\" \/>\n<meta name=\"twitter:label1\" content=\"Dur\u00e9e de lecture estim\u00e9e\" \/>\n\t<meta name=\"twitter:data1\" content=\"1 minute\" \/>\n<script type=\"application\/ld+json\" class=\"yoast-schema-graph\">{\"@context\":\"https:\\\/\\\/schema.org\",\"@graph\":[{\"@type\":\"WebPage\",\"@id\":\"https:\\\/\\\/storax.be\\\/fr\\\/producten\\\/schluter-tegelprofielen-fr\\\/schluter-reno-ramp\\\/\",\"url\":\"https:\\\/\\\/storax.be\\\/fr\\\/producten\\\/schluter-tegelprofielen-fr\\\/schluter-reno-ramp\\\/\",\"name\":\"Schl\u00fcter\u00ae-RENO-Ramp - Storax Belgium\",\"isPartOf\":{\"@id\":\"https:\\\/\\\/storax.be\\\/fr\\\/#website\"},\"primaryImageOfPage\":{\"@id\":\"https:\\\/\\\/storax.be\\\/fr\\\/producten\\\/schluter-tegelprofielen-fr\\\/schluter-reno-ramp\\\/#primaryimage\"},\"image\":{\"@id\":\"https:\\\/\\\/storax.be\\\/fr\\\/producten\\\/schluter-tegelprofielen-fr\\\/schluter-reno-ramp\\\/#primaryimage\"},\"thumbnailUrl\":\"https:\\\/\\\/storax.be\\\/wp-content\\\/uploads\\\/sites\\\/2\\\/2020\\\/01\\\/Schl\u00fcter-Reno-U.jpg\",\"datePublished\":\"2022-08-02T11:43:32+00:00\",\"dateModified\":\"2024-05-16T07:38:47+00:00\",\"breadcrumb\":{\"@id\":\"https:\\\/\\\/storax.be\\\/fr\\\/producten\\\/schluter-tegelprofielen-fr\\\/schluter-reno-ramp\\\/#breadcrumb\"},\"inLanguage\":\"fr-FR\",\"potentialAction\":[{\"@type\":\"ReadAction\",\"target\":[\"https:\\\/\\\/storax.be\\\/fr\\\/producten\\\/schluter-tegelprofielen-fr\\\/schluter-reno-ramp\\\/\"]}]},{\"@type\":\"ImageObject\",\"inLanguage\":\"fr-FR\",\"@id\":\"https:\\\/\\\/storax.be\\\/fr\\\/producten\\\/schluter-tegelprofielen-fr\\\/schluter-reno-ramp\\\/#primaryimage\",\"url\":\"https:\\\/\\\/storax.be\\\/wp-content\\\/uploads\\\/sites\\\/2\\\/2020\\\/01\\\/Schl\u00fcter-Reno-U.jpg\",\"contentUrl\":\"https:\\\/\\\/storax.be\\\/wp-content\\\/uploads\\\/sites\\\/2\\\/2020\\\/01\\\/Schl\u00fcter-Reno-U.jpg\",\"width\":349,\"height\":233,\"caption\":\"Schl\u00fcter Reno U\"},{\"@type\":\"BreadcrumbList\",\"@id\":\"https:\\\/\\\/storax.be\\\/fr\\\/producten\\\/schluter-tegelprofielen-fr\\\/schluter-reno-ramp\\\/#breadcrumb\",\"itemListElement\":[{\"@type\":\"ListItem\",\"position\":1,\"name\":\"Home\",\"item\":\"https:\\\/\\\/storax.be\\\/fr\\\/\"},{\"@type\":\"ListItem\",\"position\":2,\"name\":\"Producten\",\"item\":\"https:\\\/\\\/storax.be\\\/fr\\\/producten\\\/%product_category%\\\/\"},{\"@type\":\"ListItem\",\"position\":3,\"name\":\"Schl\u00fcter Syst\u00e8mes\",\"item\":\"https:\\\/\\\/storax.be\\\/fr\\\/producten\\\/schluter-systems-fr\\\/\"},{\"@type\":\"ListItem\",\"position\":4,\"name\":\"Schl\u00fcter Profil\u00e9s de carrelage\",\"item\":\"https:\\\/\\\/storax.be\\\/fr\\\/producten\\\/schluter-tegelprofielen-fr\\\/\"},{\"@type\":\"ListItem\",\"position\":5,\"name\":\"Schl\u00fcter\u00ae-RENO-Ramp\"}]},{\"@type\":\"WebSite\",\"@id\":\"https:\\\/\\\/storax.be\\\/fr\\\/#website\",\"url\":\"https:\\\/\\\/storax.be\\\/fr\\\/\",\"name\":\"Storax Belgium\",\"description\":\"Uw betrouwbare partner voor bouwprojecten\",\"potentialAction\":[{\"@type\":\"SearchAction\",\"target\":{\"@type\":\"EntryPoint\",\"urlTemplate\":\"https:\\\/\\\/storax.be\\\/fr\\\/?s={search_term_string}\"},\"query-input\":{\"@type\":\"PropertyValueSpecification\",\"valueRequired\":true,\"valueName\":\"search_term_string\"}}],\"inLanguage\":\"fr-FR\"}]}<\/script>\n<!-- \/ Yoast SEO plugin. -->","yoast_head_json":{"title":"Schl\u00fcter\u00ae-RENO-Ramp - Storax Belgium","robots":{"index":"index","follow":"follow","max-snippet":"max-snippet:-1","max-image-preview":"max-image-preview:large","max-video-preview":"max-video-preview:-1"},"canonical":"https:\/\/storax.be\/fr\/producten\/schluter-tegelprofielen-fr\/schluter-reno-ramp\/","og_locale":"fr_FR","og_type":"article","og_title":"Schl\u00fcter\u00ae-RENO-Ramp - Storax Belgium","og_description":"Profil\u00e9 de transition pour raccordement progressif Schl\u00fcter\u00ae-RENO-U\/-RAMP sont des profil\u00e9s de transition entre des rev\u00eatements de sol de hauteurs diff\u00e9rentes, pouvant \u00eatre utilis\u00e9s par exemple pour r\u00e9aliser la liaison entre un carrelage et une moquette. Les ar\u00eates des rev\u00eatements adjacents sont ainsi prot\u00e9g\u00e9es efficacement. La nervure de joint cr\u00e9e une zone de joint fixe entre\u2026","og_url":"https:\/\/storax.be\/fr\/producten\/schluter-tegelprofielen-fr\/schluter-reno-ramp\/","og_site_name":"Storax Belgium","article_modified_time":"2024-05-16T07:38:47+00:00","og_image":[{"width":349,"height":233,"url":"https:\/\/storax.be\/wp-content\/uploads\/sites\/2\/2020\/01\/Schl\u00fcter-Reno-U.jpg","type":"image\/jpeg"}],"twitter_card":"summary_large_image","twitter_misc":{"Dur\u00e9e de lecture estim\u00e9e":"1 minute"},"schema":{"@context":"https:\/\/schema.org","@graph":[{"@type":"WebPage","@id":"https:\/\/storax.be\/fr\/producten\/schluter-tegelprofielen-fr\/schluter-reno-ramp\/","url":"https:\/\/storax.be\/fr\/producten\/schluter-tegelprofielen-fr\/schluter-reno-ramp\/","name":"Schl\u00fcter\u00ae-RENO-Ramp - Storax Belgium","isPartOf":{"@id":"https:\/\/storax.be\/fr\/#website"},"primaryImageOfPage":{"@id":"https:\/\/storax.be\/fr\/producten\/schluter-tegelprofielen-fr\/schluter-reno-ramp\/#primaryimage"},"image":{"@id":"https:\/\/storax.be\/fr\/producten\/schluter-tegelprofielen-fr\/schluter-reno-ramp\/#primaryimage"},"thumbnailUrl":"https:\/\/storax.be\/wp-content\/uploads\/sites\/2\/2020\/01\/Schl\u00fcter-Reno-U.jpg","datePublished":"2022-08-02T11:43:32+00:00","dateModified":"2024-05-16T07:38:47+00:00","breadcrumb":{"@id":"https:\/\/storax.be\/fr\/producten\/schluter-tegelprofielen-fr\/schluter-reno-ramp\/#breadcrumb"},"inLanguage":"fr-FR","potentialAction":[{"@type":"ReadAction","target":["https:\/\/storax.be\/fr\/producten\/schluter-tegelprofielen-fr\/schluter-reno-ramp\/"]}]},{"@type":"ImageObject","inLanguage":"fr-FR","@id":"https:\/\/storax.be\/fr\/producten\/schluter-tegelprofielen-fr\/schluter-reno-ramp\/#primaryimage","url":"https:\/\/storax.be\/wp-content\/uploads\/sites\/2\/2020\/01\/Schl\u00fcter-Reno-U.jpg","contentUrl":"https:\/\/storax.be\/wp-content\/uploads\/sites\/2\/2020\/01\/Schl\u00fcter-Reno-U.jpg","width":349,"height":233,"caption":"Schl\u00fcter Reno U"},{"@type":"BreadcrumbList","@id":"https:\/\/storax.be\/fr\/producten\/schluter-tegelprofielen-fr\/schluter-reno-ramp\/#breadcrumb","itemListElement":[{"@type":"ListItem","position":1,"name":"Home","item":"https:\/\/storax.be\/fr\/"},{"@type":"ListItem","position":2,"name":"Producten","item":"https:\/\/storax.be\/fr\/producten\/%product_category%\/"},{"@type":"ListItem","position":3,"name":"Schl\u00fcter Syst\u00e8mes","item":"https:\/\/storax.be\/fr\/producten\/schluter-systems-fr\/"},{"@type":"ListItem","position":4,"name":"Schl\u00fcter Profil\u00e9s de carrelage","item":"https:\/\/storax.be\/fr\/producten\/schluter-tegelprofielen-fr\/"},{"@type":"ListItem","position":5,"name":"Schl\u00fcter\u00ae-RENO-Ramp"}]},{"@type":"WebSite","@id":"https:\/\/storax.be\/fr\/#website","url":"https:\/\/storax.be\/fr\/","name":"Storax Belgium","description":"Uw betrouwbare partner voor bouwprojecten","potentialAction":[{"@type":"SearchAction","target":{"@type":"EntryPoint","urlTemplate":"https:\/\/storax.be\/fr\/?s={search_term_string}"},"query-input":{"@type":"PropertyValueSpecification","valueRequired":true,"valueName":"search_term_string"}}],"inLanguage":"fr-FR"}]}},"_links":{"self":[{"href":"https:\/\/storax.be\/fr\/wp-json\/wp\/v2\/product\/115111","targetHints":{"allow":["GET"]}}],"collection":[{"href":"https:\/\/storax.be\/fr\/wp-json\/wp\/v2\/product"}],"about":[{"href":"https:\/\/storax.be\/fr\/wp-json\/wp\/v2\/types\/product"}],"wp:featuredmedia":[{"embeddable":true,"href":"https:\/\/storax.be\/fr\/wp-json\/wp\/v2\/media\/109126"}],"wp:attachment":[{"href":"https:\/\/storax.be\/fr\/wp-json\/wp\/v2\/media?parent=115111"}],"wp:term":[{"taxonomy":"product_category","embeddable":true,"href":"https:\/\/storax.be\/fr\/wp-json\/wp\/v2\/product_category?post=115111"},{"taxonomy":"product_tag","embeddable":true,"href":"https:\/\/storax.be\/fr\/wp-json\/wp\/v2\/product_tag?post=115111"}],"curies":[{"name":"wp","href":"https:\/\/api.w.org\/{rel}","templated":true}]}}