{"id":115110,"date":"2022-08-02T11:42:13","date_gmt":"2022-08-02T11:42:13","guid":{"rendered":"https:\/\/storax.be\/?post_type=product&#038;p=115110"},"modified":"2024-05-16T07:38:47","modified_gmt":"2024-05-16T07:38:47","slug":"schluter-quadec","status":"publish","type":"product","link":"https:\/\/storax.be\/fr\/producten\/schluter-tegelprofielen-fr\/schluter-quadec\/","title":{"rendered":"Schl\u00fcter\u00ae-QUADEC"},"content":{"rendered":"<p>&nbsp;<\/p>\n<p><span style=\"font-weight: 400;\">Schl\u00fcter\u00ae-QUADEC est un profil\u00e9 d&rsquo;\u00e9tanch\u00e9it\u00e9 de haute qualit\u00e9 pour les angles sortants des surfaces murales carrel\u00e9es qui garantit la protection des ar\u00eates. La surface visible du profil\u00e9 forme un angle ext\u00e9rieur sym\u00e9trique entre les rev\u00eatements carrel\u00e9s.<\/span><\/p>\n<p><span style=\"font-weight: 400;\">Les profil\u00e9s en aluminium poss\u00e8dent un \u00e9carteur qui permet de pr\u00e9d\u00e9finir un joint r\u00e9gulier entre le profil\u00e9 et le carreau. La diversit\u00e9 des mat\u00e9riaux, des coloris et des finitions de ce profil\u00e9 permet d&rsquo;harmoniser la couleur des angles sortants avec celle des carreaux et des joints ou, de cr\u00e9er des contrastes int\u00e9ressants par sa forme d\u00e9corative.<\/span><\/p>\n","protected":false},"excerpt":{"rendered":"<p>&nbsp; Schl\u00fcter\u00ae-QUADEC est un profil\u00e9 d&rsquo;\u00e9tanch\u00e9it\u00e9 de haute qualit\u00e9 pour les angles sortants des surfaces murales carrel\u00e9es qui garantit la protection des ar\u00eates. La surface visible du profil\u00e9 forme un angle ext\u00e9rieur sym\u00e9trique entre les rev\u00eatements carrel\u00e9s. Les profil\u00e9s en aluminium poss\u00e8dent un \u00e9carteur qui permet de pr\u00e9d\u00e9finir un joint r\u00e9gulier entre le profil\u00e9 et\u2026<\/p>\n","protected":false},"featured_media":106432,"template":"","meta":{"_acf_changed":false},"product_category":[746,736],"product_tag":[],"class_list":["post-115110","product","type-product","status-publish","has-post-thumbnail","hentry","product_category-profiles-de-carrelage","product_category-schluter-tegelprofielen-fr"],"acf":[],"yoast_head":"<!-- This site is optimized with the Yoast SEO plugin v27.3 - https:\/\/yoast.com\/product\/yoast-seo-wordpress\/ -->\n<title>Schl\u00fcter\u00ae-QUADEC - Storax Belgium<\/title>\n<meta name=\"robots\" content=\"index, follow, max-snippet:-1, max-image-preview:large, max-video-preview:-1\" \/>\n<link rel=\"canonical\" href=\"https:\/\/storax.be\/fr\/producten\/schluter-tegelprofielen-fr\/schluter-quadec\/\" \/>\n<meta property=\"og:locale\" content=\"fr_FR\" \/>\n<meta property=\"og:type\" content=\"article\" \/>\n<meta property=\"og:title\" content=\"Schl\u00fcter\u00ae-QUADEC - Storax Belgium\" \/>\n<meta property=\"og:description\" content=\"&nbsp; Schl\u00fcter\u00ae-QUADEC est un profil\u00e9 d&rsquo;\u00e9tanch\u00e9it\u00e9 de haute qualit\u00e9 pour les angles sortants des surfaces murales carrel\u00e9es qui garantit la protection des ar\u00eates. La surface visible du profil\u00e9 forme un angle ext\u00e9rieur sym\u00e9trique entre les rev\u00eatements carrel\u00e9s. Les profil\u00e9s en aluminium poss\u00e8dent un \u00e9carteur qui permet de pr\u00e9d\u00e9finir un joint r\u00e9gulier entre le profil\u00e9 et\u2026\" \/>\n<meta property=\"og:url\" content=\"https:\/\/storax.be\/fr\/producten\/schluter-tegelprofielen-fr\/schluter-quadec\/\" \/>\n<meta property=\"og:site_name\" content=\"Storax Belgium\" \/>\n<meta property=\"article:modified_time\" content=\"2024-05-16T07:38:47+00:00\" \/>\n<meta property=\"og:image\" content=\"https:\/\/storax.be\/wp-content\/uploads\/sites\/2\/2019\/03\/thumb_270x270_462.jpg\" \/>\n\t<meta property=\"og:image:width\" content=\"270\" \/>\n\t<meta property=\"og:image:height\" content=\"270\" \/>\n\t<meta property=\"og:image:type\" content=\"image\/jpeg\" \/>\n<meta name=\"twitter:card\" content=\"summary_large_image\" \/>\n<meta name=\"twitter:label1\" content=\"Dur\u00e9e de lecture estim\u00e9e\" \/>\n\t<meta name=\"twitter:data1\" content=\"1 minute\" \/>\n<script type=\"application\/ld+json\" class=\"yoast-schema-graph\">{\"@context\":\"https:\\\/\\\/schema.org\",\"@graph\":[{\"@type\":\"WebPage\",\"@id\":\"https:\\\/\\\/storax.be\\\/fr\\\/producten\\\/schluter-tegelprofielen-fr\\\/schluter-quadec\\\/\",\"url\":\"https:\\\/\\\/storax.be\\\/fr\\\/producten\\\/schluter-tegelprofielen-fr\\\/schluter-quadec\\\/\",\"name\":\"Schl\u00fcter\u00ae-QUADEC - Storax Belgium\",\"isPartOf\":{\"@id\":\"https:\\\/\\\/storax.be\\\/fr\\\/#website\"},\"primaryImageOfPage\":{\"@id\":\"https:\\\/\\\/storax.be\\\/fr\\\/producten\\\/schluter-tegelprofielen-fr\\\/schluter-quadec\\\/#primaryimage\"},\"image\":{\"@id\":\"https:\\\/\\\/storax.be\\\/fr\\\/producten\\\/schluter-tegelprofielen-fr\\\/schluter-quadec\\\/#primaryimage\"},\"thumbnailUrl\":\"https:\\\/\\\/storax.be\\\/wp-content\\\/uploads\\\/sites\\\/2\\\/2019\\\/03\\\/thumb_270x270_462.jpg\",\"datePublished\":\"2022-08-02T11:42:13+00:00\",\"dateModified\":\"2024-05-16T07:38:47+00:00\",\"breadcrumb\":{\"@id\":\"https:\\\/\\\/storax.be\\\/fr\\\/producten\\\/schluter-tegelprofielen-fr\\\/schluter-quadec\\\/#breadcrumb\"},\"inLanguage\":\"fr-FR\",\"potentialAction\":[{\"@type\":\"ReadAction\",\"target\":[\"https:\\\/\\\/storax.be\\\/fr\\\/producten\\\/schluter-tegelprofielen-fr\\\/schluter-quadec\\\/\"]}]},{\"@type\":\"ImageObject\",\"inLanguage\":\"fr-FR\",\"@id\":\"https:\\\/\\\/storax.be\\\/fr\\\/producten\\\/schluter-tegelprofielen-fr\\\/schluter-quadec\\\/#primaryimage\",\"url\":\"https:\\\/\\\/storax.be\\\/wp-content\\\/uploads\\\/sites\\\/2\\\/2019\\\/03\\\/thumb_270x270_462.jpg\",\"contentUrl\":\"https:\\\/\\\/storax.be\\\/wp-content\\\/uploads\\\/sites\\\/2\\\/2019\\\/03\\\/thumb_270x270_462.jpg\",\"width\":270,\"height\":270},{\"@type\":\"BreadcrumbList\",\"@id\":\"https:\\\/\\\/storax.be\\\/fr\\\/producten\\\/schluter-tegelprofielen-fr\\\/schluter-quadec\\\/#breadcrumb\",\"itemListElement\":[{\"@type\":\"ListItem\",\"position\":1,\"name\":\"Home\",\"item\":\"https:\\\/\\\/storax.be\\\/fr\\\/\"},{\"@type\":\"ListItem\",\"position\":2,\"name\":\"Producten\",\"item\":\"https:\\\/\\\/storax.be\\\/fr\\\/producten\\\/%product_category%\\\/\"},{\"@type\":\"ListItem\",\"position\":3,\"name\":\"Schl\u00fcter Syst\u00e8mes\",\"item\":\"https:\\\/\\\/storax.be\\\/fr\\\/producten\\\/schluter-systems-fr\\\/\"},{\"@type\":\"ListItem\",\"position\":4,\"name\":\"Schl\u00fcter Profil\u00e9s de carrelage\",\"item\":\"https:\\\/\\\/storax.be\\\/fr\\\/producten\\\/schluter-tegelprofielen-fr\\\/\"},{\"@type\":\"ListItem\",\"position\":5,\"name\":\"Schl\u00fcter\u00ae-QUADEC\"}]},{\"@type\":\"WebSite\",\"@id\":\"https:\\\/\\\/storax.be\\\/fr\\\/#website\",\"url\":\"https:\\\/\\\/storax.be\\\/fr\\\/\",\"name\":\"Storax Belgium\",\"description\":\"Uw betrouwbare partner voor bouwprojecten\",\"potentialAction\":[{\"@type\":\"SearchAction\",\"target\":{\"@type\":\"EntryPoint\",\"urlTemplate\":\"https:\\\/\\\/storax.be\\\/fr\\\/?s={search_term_string}\"},\"query-input\":{\"@type\":\"PropertyValueSpecification\",\"valueRequired\":true,\"valueName\":\"search_term_string\"}}],\"inLanguage\":\"fr-FR\"}]}<\/script>\n<!-- \/ Yoast SEO plugin. -->","yoast_head_json":{"title":"Schl\u00fcter\u00ae-QUADEC - Storax Belgium","robots":{"index":"index","follow":"follow","max-snippet":"max-snippet:-1","max-image-preview":"max-image-preview:large","max-video-preview":"max-video-preview:-1"},"canonical":"https:\/\/storax.be\/fr\/producten\/schluter-tegelprofielen-fr\/schluter-quadec\/","og_locale":"fr_FR","og_type":"article","og_title":"Schl\u00fcter\u00ae-QUADEC - Storax Belgium","og_description":"&nbsp; Schl\u00fcter\u00ae-QUADEC est un profil\u00e9 d&rsquo;\u00e9tanch\u00e9it\u00e9 de haute qualit\u00e9 pour les angles sortants des surfaces murales carrel\u00e9es qui garantit la protection des ar\u00eates. La surface visible du profil\u00e9 forme un angle ext\u00e9rieur sym\u00e9trique entre les rev\u00eatements carrel\u00e9s. Les profil\u00e9s en aluminium poss\u00e8dent un \u00e9carteur qui permet de pr\u00e9d\u00e9finir un joint r\u00e9gulier entre le profil\u00e9 et\u2026","og_url":"https:\/\/storax.be\/fr\/producten\/schluter-tegelprofielen-fr\/schluter-quadec\/","og_site_name":"Storax Belgium","article_modified_time":"2024-05-16T07:38:47+00:00","og_image":[{"width":270,"height":270,"url":"https:\/\/storax.be\/wp-content\/uploads\/sites\/2\/2019\/03\/thumb_270x270_462.jpg","type":"image\/jpeg"}],"twitter_card":"summary_large_image","twitter_misc":{"Dur\u00e9e de lecture estim\u00e9e":"1 minute"},"schema":{"@context":"https:\/\/schema.org","@graph":[{"@type":"WebPage","@id":"https:\/\/storax.be\/fr\/producten\/schluter-tegelprofielen-fr\/schluter-quadec\/","url":"https:\/\/storax.be\/fr\/producten\/schluter-tegelprofielen-fr\/schluter-quadec\/","name":"Schl\u00fcter\u00ae-QUADEC - Storax Belgium","isPartOf":{"@id":"https:\/\/storax.be\/fr\/#website"},"primaryImageOfPage":{"@id":"https:\/\/storax.be\/fr\/producten\/schluter-tegelprofielen-fr\/schluter-quadec\/#primaryimage"},"image":{"@id":"https:\/\/storax.be\/fr\/producten\/schluter-tegelprofielen-fr\/schluter-quadec\/#primaryimage"},"thumbnailUrl":"https:\/\/storax.be\/wp-content\/uploads\/sites\/2\/2019\/03\/thumb_270x270_462.jpg","datePublished":"2022-08-02T11:42:13+00:00","dateModified":"2024-05-16T07:38:47+00:00","breadcrumb":{"@id":"https:\/\/storax.be\/fr\/producten\/schluter-tegelprofielen-fr\/schluter-quadec\/#breadcrumb"},"inLanguage":"fr-FR","potentialAction":[{"@type":"ReadAction","target":["https:\/\/storax.be\/fr\/producten\/schluter-tegelprofielen-fr\/schluter-quadec\/"]}]},{"@type":"ImageObject","inLanguage":"fr-FR","@id":"https:\/\/storax.be\/fr\/producten\/schluter-tegelprofielen-fr\/schluter-quadec\/#primaryimage","url":"https:\/\/storax.be\/wp-content\/uploads\/sites\/2\/2019\/03\/thumb_270x270_462.jpg","contentUrl":"https:\/\/storax.be\/wp-content\/uploads\/sites\/2\/2019\/03\/thumb_270x270_462.jpg","width":270,"height":270},{"@type":"BreadcrumbList","@id":"https:\/\/storax.be\/fr\/producten\/schluter-tegelprofielen-fr\/schluter-quadec\/#breadcrumb","itemListElement":[{"@type":"ListItem","position":1,"name":"Home","item":"https:\/\/storax.be\/fr\/"},{"@type":"ListItem","position":2,"name":"Producten","item":"https:\/\/storax.be\/fr\/producten\/%product_category%\/"},{"@type":"ListItem","position":3,"name":"Schl\u00fcter Syst\u00e8mes","item":"https:\/\/storax.be\/fr\/producten\/schluter-systems-fr\/"},{"@type":"ListItem","position":4,"name":"Schl\u00fcter Profil\u00e9s de carrelage","item":"https:\/\/storax.be\/fr\/producten\/schluter-tegelprofielen-fr\/"},{"@type":"ListItem","position":5,"name":"Schl\u00fcter\u00ae-QUADEC"}]},{"@type":"WebSite","@id":"https:\/\/storax.be\/fr\/#website","url":"https:\/\/storax.be\/fr\/","name":"Storax Belgium","description":"Uw betrouwbare partner voor bouwprojecten","potentialAction":[{"@type":"SearchAction","target":{"@type":"EntryPoint","urlTemplate":"https:\/\/storax.be\/fr\/?s={search_term_string}"},"query-input":{"@type":"PropertyValueSpecification","valueRequired":true,"valueName":"search_term_string"}}],"inLanguage":"fr-FR"}]}},"_links":{"self":[{"href":"https:\/\/storax.be\/fr\/wp-json\/wp\/v2\/product\/115110","targetHints":{"allow":["GET"]}}],"collection":[{"href":"https:\/\/storax.be\/fr\/wp-json\/wp\/v2\/product"}],"about":[{"href":"https:\/\/storax.be\/fr\/wp-json\/wp\/v2\/types\/product"}],"wp:featuredmedia":[{"embeddable":true,"href":"https:\/\/storax.be\/fr\/wp-json\/wp\/v2\/media\/106432"}],"wp:attachment":[{"href":"https:\/\/storax.be\/fr\/wp-json\/wp\/v2\/media?parent=115110"}],"wp:term":[{"taxonomy":"product_category","embeddable":true,"href":"https:\/\/storax.be\/fr\/wp-json\/wp\/v2\/product_category?post=115110"},{"taxonomy":"product_tag","embeddable":true,"href":"https:\/\/storax.be\/fr\/wp-json\/wp\/v2\/product_tag?post=115110"}],"curies":[{"name":"wp","href":"https:\/\/api.w.org\/{rel}","templated":true}]}}