{"id":115109,"date":"2022-08-02T11:40:48","date_gmt":"2022-08-02T11:40:48","guid":{"rendered":"https:\/\/storax.be\/?post_type=product&#038;p=115109"},"modified":"2024-05-16T07:38:47","modified_gmt":"2024-05-16T07:38:47","slug":"schluter-dilex-eksb","status":"publish","type":"product","link":"https:\/\/storax.be\/fr\/producten\/schluter-dilatatieprofielen-tegels-fr\/schluter-dilex-eksb\/","title":{"rendered":"Schl\u00fcter-Dilex-EKSB"},"content":{"rendered":"<h2><b>Profil\u00e9 de dilatation en inox pour rev\u00eatements de sols<\/b><\/h2>\n<p><strong>Schl\u00fcter\u00ae<\/strong><span style=\"font-weight: 400;\"><strong>-DILEX-EKSB<\/strong> est un profil\u00e9 de dilatation sans entretien pour rev\u00eatements carrel\u00e9s ou en pierre naturelle soumis \u00e0 des sollicitations \u00e9lev\u00e9es. Schl\u00fcter<\/span><span style=\"font-weight: 400;\">\u00ae<\/span><span style=\"font-weight: 400;\">-DILEX-EKSB garantit la protection des ar\u00eates des rev\u00eatements soumis au passage d&rsquo;engins de manutention et convient donc aux applications dans les entrep\u00f4ts, les halls de production, les centres commerciaux, les parkings souterrains ou les rev\u00eatements nettoy\u00e9s \u00e0 l&rsquo;aide d&rsquo;une machine. Les ailettes de fixation \u00e0 perforations trap\u00e9zo\u00efdales en acier inoxydable sont reli\u00e9es par un \u00e9l\u00e9ment de mouvements en \u00e9lastom\u00e8re thermoplastique souple d&rsquo;une largeur de 11 ou 6\u00a0mm de large.<\/span><\/p>\n<p><span style=\"font-weight: 400;\">Disponible en diff\u00e9rentes hauteurs\u00a0: 2,5\u00a0mm, 4,5\u00a0mm et 6\u00a0mm.<\/span><\/p>\n<p><span style=\"font-weight: 400;\">Longueur standard\u00a0: 2\u00a0500\u00a0mm<\/span><\/p>\n<p>&nbsp;<\/p>\n","protected":false},"excerpt":{"rendered":"<p>Profil\u00e9 de dilatation en inox pour rev\u00eatements de sols Schl\u00fcter\u00ae-DILEX-EKSB est un profil\u00e9 de dilatation sans entretien pour rev\u00eatements carrel\u00e9s ou en pierre naturelle soumis \u00e0 des sollicitations \u00e9lev\u00e9es. Schl\u00fcter\u00ae-DILEX-EKSB garantit la protection des ar\u00eates des rev\u00eatements soumis au passage d&rsquo;engins de manutention et convient donc aux applications dans les entrep\u00f4ts, les halls de production,\u2026<\/p>\n","protected":false},"featured_media":109697,"template":"","meta":{"_acf_changed":false},"product_category":[746,735],"product_tag":[],"class_list":["post-115109","product","type-product","status-publish","has-post-thumbnail","hentry","product_category-profiles-de-carrelage","product_category-schluter-dilatatieprofielen-tegels-fr"],"acf":[],"yoast_head":"<!-- This site is optimized with the Yoast SEO plugin v27.3 - https:\/\/yoast.com\/product\/yoast-seo-wordpress\/ -->\n<title>Schl\u00fcter-Dilex-EKSB - Storax Belgium<\/title>\n<meta name=\"robots\" content=\"index, follow, max-snippet:-1, max-image-preview:large, max-video-preview:-1\" \/>\n<link rel=\"canonical\" href=\"https:\/\/storax.be\/fr\/producten\/schluter-dilatatieprofielen-tegels-fr\/schluter-dilex-eksb\/\" \/>\n<meta property=\"og:locale\" content=\"fr_FR\" \/>\n<meta property=\"og:type\" content=\"article\" \/>\n<meta property=\"og:title\" content=\"Schl\u00fcter-Dilex-EKSB - Storax Belgium\" \/>\n<meta property=\"og:description\" content=\"Profil\u00e9 de dilatation en inox pour rev\u00eatements de sols Schl\u00fcter\u00ae-DILEX-EKSB est un profil\u00e9 de dilatation sans entretien pour rev\u00eatements carrel\u00e9s ou en pierre naturelle soumis \u00e0 des sollicitations \u00e9lev\u00e9es. Schl\u00fcter\u00ae-DILEX-EKSB garantit la protection des ar\u00eates des rev\u00eatements soumis au passage d&rsquo;engins de manutention et convient donc aux applications dans les entrep\u00f4ts, les halls de production,\u2026\" \/>\n<meta property=\"og:url\" content=\"https:\/\/storax.be\/fr\/producten\/schluter-dilatatieprofielen-tegels-fr\/schluter-dilex-eksb\/\" \/>\n<meta property=\"og:site_name\" content=\"Storax Belgium\" \/>\n<meta property=\"article:modified_time\" content=\"2024-05-16T07:38:47+00:00\" \/>\n<meta property=\"og:image\" content=\"https:\/\/storax.be\/wp-content\/uploads\/sites\/2\/2020\/03\/Schluter-Dikel-EKSB-2.png\" \/>\n\t<meta property=\"og:image:width\" content=\"470\" \/>\n\t<meta property=\"og:image:height\" content=\"470\" \/>\n\t<meta property=\"og:image:type\" content=\"image\/png\" \/>\n<meta name=\"twitter:card\" content=\"summary_large_image\" \/>\n<meta name=\"twitter:label1\" content=\"Dur\u00e9e de lecture estim\u00e9e\" \/>\n\t<meta name=\"twitter:data1\" content=\"1 minute\" \/>\n<script type=\"application\/ld+json\" class=\"yoast-schema-graph\">{\"@context\":\"https:\\\/\\\/schema.org\",\"@graph\":[{\"@type\":\"WebPage\",\"@id\":\"https:\\\/\\\/storax.be\\\/fr\\\/producten\\\/schluter-dilatatieprofielen-tegels-fr\\\/schluter-dilex-eksb\\\/\",\"url\":\"https:\\\/\\\/storax.be\\\/fr\\\/producten\\\/schluter-dilatatieprofielen-tegels-fr\\\/schluter-dilex-eksb\\\/\",\"name\":\"Schl\u00fcter-Dilex-EKSB - Storax Belgium\",\"isPartOf\":{\"@id\":\"https:\\\/\\\/storax.be\\\/fr\\\/#website\"},\"primaryImageOfPage\":{\"@id\":\"https:\\\/\\\/storax.be\\\/fr\\\/producten\\\/schluter-dilatatieprofielen-tegels-fr\\\/schluter-dilex-eksb\\\/#primaryimage\"},\"image\":{\"@id\":\"https:\\\/\\\/storax.be\\\/fr\\\/producten\\\/schluter-dilatatieprofielen-tegels-fr\\\/schluter-dilex-eksb\\\/#primaryimage\"},\"thumbnailUrl\":\"https:\\\/\\\/storax.be\\\/wp-content\\\/uploads\\\/sites\\\/2\\\/2020\\\/03\\\/Schluter-Dikel-EKSB-2.png\",\"datePublished\":\"2022-08-02T11:40:48+00:00\",\"dateModified\":\"2024-05-16T07:38:47+00:00\",\"breadcrumb\":{\"@id\":\"https:\\\/\\\/storax.be\\\/fr\\\/producten\\\/schluter-dilatatieprofielen-tegels-fr\\\/schluter-dilex-eksb\\\/#breadcrumb\"},\"inLanguage\":\"fr-FR\",\"potentialAction\":[{\"@type\":\"ReadAction\",\"target\":[\"https:\\\/\\\/storax.be\\\/fr\\\/producten\\\/schluter-dilatatieprofielen-tegels-fr\\\/schluter-dilex-eksb\\\/\"]}]},{\"@type\":\"ImageObject\",\"inLanguage\":\"fr-FR\",\"@id\":\"https:\\\/\\\/storax.be\\\/fr\\\/producten\\\/schluter-dilatatieprofielen-tegels-fr\\\/schluter-dilex-eksb\\\/#primaryimage\",\"url\":\"https:\\\/\\\/storax.be\\\/wp-content\\\/uploads\\\/sites\\\/2\\\/2020\\\/03\\\/Schluter-Dikel-EKSB-2.png\",\"contentUrl\":\"https:\\\/\\\/storax.be\\\/wp-content\\\/uploads\\\/sites\\\/2\\\/2020\\\/03\\\/Schluter-Dikel-EKSB-2.png\",\"width\":470,\"height\":470,\"caption\":\"Schl\u00fcter Dilex EKSB\"},{\"@type\":\"BreadcrumbList\",\"@id\":\"https:\\\/\\\/storax.be\\\/fr\\\/producten\\\/schluter-dilatatieprofielen-tegels-fr\\\/schluter-dilex-eksb\\\/#breadcrumb\",\"itemListElement\":[{\"@type\":\"ListItem\",\"position\":1,\"name\":\"Home\",\"item\":\"https:\\\/\\\/storax.be\\\/fr\\\/\"},{\"@type\":\"ListItem\",\"position\":2,\"name\":\"Producten\",\"item\":\"https:\\\/\\\/storax.be\\\/fr\\\/producten\\\/%product_category%\\\/\"},{\"@type\":\"ListItem\",\"position\":3,\"name\":\"Schl\u00fcter Syst\u00e8mes\",\"item\":\"https:\\\/\\\/storax.be\\\/fr\\\/producten\\\/schluter-systems-fr\\\/\"},{\"@type\":\"ListItem\",\"position\":4,\"name\":\"Schl\u00fcter Profils de dilatation\",\"item\":\"https:\\\/\\\/storax.be\\\/fr\\\/producten\\\/schluter-dilatatieprofielen-tegels-fr\\\/\"},{\"@type\":\"ListItem\",\"position\":5,\"name\":\"Schl\u00fcter-Dilex-EKSB\"}]},{\"@type\":\"WebSite\",\"@id\":\"https:\\\/\\\/storax.be\\\/fr\\\/#website\",\"url\":\"https:\\\/\\\/storax.be\\\/fr\\\/\",\"name\":\"Storax Belgium\",\"description\":\"Uw betrouwbare partner voor bouwprojecten\",\"potentialAction\":[{\"@type\":\"SearchAction\",\"target\":{\"@type\":\"EntryPoint\",\"urlTemplate\":\"https:\\\/\\\/storax.be\\\/fr\\\/?s={search_term_string}\"},\"query-input\":{\"@type\":\"PropertyValueSpecification\",\"valueRequired\":true,\"valueName\":\"search_term_string\"}}],\"inLanguage\":\"fr-FR\"}]}<\/script>\n<!-- \/ Yoast SEO plugin. -->","yoast_head_json":{"title":"Schl\u00fcter-Dilex-EKSB - Storax Belgium","robots":{"index":"index","follow":"follow","max-snippet":"max-snippet:-1","max-image-preview":"max-image-preview:large","max-video-preview":"max-video-preview:-1"},"canonical":"https:\/\/storax.be\/fr\/producten\/schluter-dilatatieprofielen-tegels-fr\/schluter-dilex-eksb\/","og_locale":"fr_FR","og_type":"article","og_title":"Schl\u00fcter-Dilex-EKSB - Storax Belgium","og_description":"Profil\u00e9 de dilatation en inox pour rev\u00eatements de sols Schl\u00fcter\u00ae-DILEX-EKSB est un profil\u00e9 de dilatation sans entretien pour rev\u00eatements carrel\u00e9s ou en pierre naturelle soumis \u00e0 des sollicitations \u00e9lev\u00e9es. Schl\u00fcter\u00ae-DILEX-EKSB garantit la protection des ar\u00eates des rev\u00eatements soumis au passage d&rsquo;engins de manutention et convient donc aux applications dans les entrep\u00f4ts, les halls de production,\u2026","og_url":"https:\/\/storax.be\/fr\/producten\/schluter-dilatatieprofielen-tegels-fr\/schluter-dilex-eksb\/","og_site_name":"Storax Belgium","article_modified_time":"2024-05-16T07:38:47+00:00","og_image":[{"width":470,"height":470,"url":"https:\/\/storax.be\/wp-content\/uploads\/sites\/2\/2020\/03\/Schluter-Dikel-EKSB-2.png","type":"image\/png"}],"twitter_card":"summary_large_image","twitter_misc":{"Dur\u00e9e de lecture estim\u00e9e":"1 minute"},"schema":{"@context":"https:\/\/schema.org","@graph":[{"@type":"WebPage","@id":"https:\/\/storax.be\/fr\/producten\/schluter-dilatatieprofielen-tegels-fr\/schluter-dilex-eksb\/","url":"https:\/\/storax.be\/fr\/producten\/schluter-dilatatieprofielen-tegels-fr\/schluter-dilex-eksb\/","name":"Schl\u00fcter-Dilex-EKSB - Storax Belgium","isPartOf":{"@id":"https:\/\/storax.be\/fr\/#website"},"primaryImageOfPage":{"@id":"https:\/\/storax.be\/fr\/producten\/schluter-dilatatieprofielen-tegels-fr\/schluter-dilex-eksb\/#primaryimage"},"image":{"@id":"https:\/\/storax.be\/fr\/producten\/schluter-dilatatieprofielen-tegels-fr\/schluter-dilex-eksb\/#primaryimage"},"thumbnailUrl":"https:\/\/storax.be\/wp-content\/uploads\/sites\/2\/2020\/03\/Schluter-Dikel-EKSB-2.png","datePublished":"2022-08-02T11:40:48+00:00","dateModified":"2024-05-16T07:38:47+00:00","breadcrumb":{"@id":"https:\/\/storax.be\/fr\/producten\/schluter-dilatatieprofielen-tegels-fr\/schluter-dilex-eksb\/#breadcrumb"},"inLanguage":"fr-FR","potentialAction":[{"@type":"ReadAction","target":["https:\/\/storax.be\/fr\/producten\/schluter-dilatatieprofielen-tegels-fr\/schluter-dilex-eksb\/"]}]},{"@type":"ImageObject","inLanguage":"fr-FR","@id":"https:\/\/storax.be\/fr\/producten\/schluter-dilatatieprofielen-tegels-fr\/schluter-dilex-eksb\/#primaryimage","url":"https:\/\/storax.be\/wp-content\/uploads\/sites\/2\/2020\/03\/Schluter-Dikel-EKSB-2.png","contentUrl":"https:\/\/storax.be\/wp-content\/uploads\/sites\/2\/2020\/03\/Schluter-Dikel-EKSB-2.png","width":470,"height":470,"caption":"Schl\u00fcter Dilex EKSB"},{"@type":"BreadcrumbList","@id":"https:\/\/storax.be\/fr\/producten\/schluter-dilatatieprofielen-tegels-fr\/schluter-dilex-eksb\/#breadcrumb","itemListElement":[{"@type":"ListItem","position":1,"name":"Home","item":"https:\/\/storax.be\/fr\/"},{"@type":"ListItem","position":2,"name":"Producten","item":"https:\/\/storax.be\/fr\/producten\/%product_category%\/"},{"@type":"ListItem","position":3,"name":"Schl\u00fcter Syst\u00e8mes","item":"https:\/\/storax.be\/fr\/producten\/schluter-systems-fr\/"},{"@type":"ListItem","position":4,"name":"Schl\u00fcter Profils de dilatation","item":"https:\/\/storax.be\/fr\/producten\/schluter-dilatatieprofielen-tegels-fr\/"},{"@type":"ListItem","position":5,"name":"Schl\u00fcter-Dilex-EKSB"}]},{"@type":"WebSite","@id":"https:\/\/storax.be\/fr\/#website","url":"https:\/\/storax.be\/fr\/","name":"Storax Belgium","description":"Uw betrouwbare partner voor bouwprojecten","potentialAction":[{"@type":"SearchAction","target":{"@type":"EntryPoint","urlTemplate":"https:\/\/storax.be\/fr\/?s={search_term_string}"},"query-input":{"@type":"PropertyValueSpecification","valueRequired":true,"valueName":"search_term_string"}}],"inLanguage":"fr-FR"}]}},"_links":{"self":[{"href":"https:\/\/storax.be\/fr\/wp-json\/wp\/v2\/product\/115109","targetHints":{"allow":["GET"]}}],"collection":[{"href":"https:\/\/storax.be\/fr\/wp-json\/wp\/v2\/product"}],"about":[{"href":"https:\/\/storax.be\/fr\/wp-json\/wp\/v2\/types\/product"}],"wp:featuredmedia":[{"embeddable":true,"href":"https:\/\/storax.be\/fr\/wp-json\/wp\/v2\/media\/109697"}],"wp:attachment":[{"href":"https:\/\/storax.be\/fr\/wp-json\/wp\/v2\/media?parent=115109"}],"wp:term":[{"taxonomy":"product_category","embeddable":true,"href":"https:\/\/storax.be\/fr\/wp-json\/wp\/v2\/product_category?post=115109"},{"taxonomy":"product_tag","embeddable":true,"href":"https:\/\/storax.be\/fr\/wp-json\/wp\/v2\/product_tag?post=115109"}],"curies":[{"name":"wp","href":"https:\/\/api.w.org\/{rel}","templated":true}]}}