{"id":115108,"date":"2022-08-02T11:39:28","date_gmt":"2022-08-02T11:39:28","guid":{"rendered":"https:\/\/storax.be\/?post_type=product&#038;p=115108"},"modified":"2024-05-16T07:38:46","modified_gmt":"2024-05-16T07:38:46","slug":"schluter-dilex-bwb","status":"publish","type":"product","link":"https:\/\/storax.be\/fr\/producten\/schluter-dilatatieprofielen-tegels-fr\/schluter-dilex-bwb\/","title":{"rendered":"Schl\u00fcter-Dilex-BWB"},"content":{"rendered":"<h2><b>Profil\u00e9 de dilatation en plastique pour rev\u00eatements de sols<\/b><\/h2>\n<p><span style=\"font-weight: 400;\"><strong>Schl\u00fcter-Dilex-BWB<\/strong> est un profil\u00e9 de dilatation adapt\u00e9 aux sols carrel\u00e9s. Les ailettes de fixation \u00e0 perforations trap\u00e9zo\u00efdales en PVC dur recycl\u00e9 s\u2019ancrent dans le mortier-colle, sous les carreaux.\u00a0 Le profil\u00e9 de dilatation transmet les mouvements vers l\u2019\u00e9l\u00e9ment central.<\/span><\/p>\n<p><span style=\"font-weight: 400;\">Les contraintes de pression, de traction et verticales sont absorb\u00e9es. La zone de mouvement, la partie centrale, et la surface visible sont constitu\u00e9es de CPE souple et sa largeur de 10\u00a0mm correspond \u00e0 la largeur habituelle des joints de mouvement. Le profil\u00e9 Schl\u00fcter-DILEX-BWB peut ainsi absorber des mouvements importants.<\/span><\/p>\n<p><span style=\"font-weight: 400;\">Outre les applications r\u00e9sidentielles, Schl\u00fcter-DILEX-BWS convient \u00e9galement aux espaces expos\u00e9s \u00e0 des contraintes moyennes, comme les bureaux et les surfaces de vente.<\/span><\/p>\n<p><span style=\"font-weight: 400;\">Les profil\u00e9s conviennent \u00e9galement \u00e0 une utilisation ext\u00e9rieure, par exemple sur les fa\u00e7ades ou les balcons.<\/span><\/p>\n<p><span style=\"font-weight: 400;\">Dilex BWB est disponible en longueurs de 2500\u00a0mm et est disponible dans des hauteurs de 6 \u00e0 20\u00a0mm.<\/span><\/p>\n<p>&nbsp;<\/p>\n<p>&nbsp;<\/p>\n","protected":false},"excerpt":{"rendered":"<p>Profil\u00e9 de dilatation en plastique pour rev\u00eatements de sols Schl\u00fcter-Dilex-BWB est un profil\u00e9 de dilatation adapt\u00e9 aux sols carrel\u00e9s. Les ailettes de fixation \u00e0 perforations trap\u00e9zo\u00efdales en PVC dur recycl\u00e9 s\u2019ancrent dans le mortier-colle, sous les carreaux.\u00a0 Le profil\u00e9 de dilatation transmet les mouvements vers l\u2019\u00e9l\u00e9ment central. Les contraintes de pression, de traction et verticales\u2026<\/p>\n","protected":false},"featured_media":108381,"template":"","meta":{"_acf_changed":false},"product_category":[746,735],"product_tag":[],"class_list":["post-115108","product","type-product","status-publish","has-post-thumbnail","hentry","product_category-profiles-de-carrelage","product_category-schluter-dilatatieprofielen-tegels-fr"],"acf":[],"yoast_head":"<!-- This site is optimized with the Yoast SEO plugin v27.3 - https:\/\/yoast.com\/product\/yoast-seo-wordpress\/ -->\n<title>Schl\u00fcter-Dilex-BWB - Storax Belgium<\/title>\n<meta name=\"robots\" content=\"index, follow, max-snippet:-1, max-image-preview:large, max-video-preview:-1\" \/>\n<link rel=\"canonical\" href=\"https:\/\/storax.be\/fr\/producten\/schluter-dilatatieprofielen-tegels-fr\/schluter-dilex-bwb\/\" \/>\n<meta property=\"og:locale\" content=\"fr_FR\" \/>\n<meta property=\"og:type\" content=\"article\" \/>\n<meta property=\"og:title\" content=\"Schl\u00fcter-Dilex-BWB - Storax Belgium\" \/>\n<meta property=\"og:description\" content=\"Profil\u00e9 de dilatation en plastique pour rev\u00eatements de sols Schl\u00fcter-Dilex-BWB est un profil\u00e9 de dilatation adapt\u00e9 aux sols carrel\u00e9s. Les ailettes de fixation \u00e0 perforations trap\u00e9zo\u00efdales en PVC dur recycl\u00e9 s\u2019ancrent dans le mortier-colle, sous les carreaux.\u00a0 Le profil\u00e9 de dilatation transmet les mouvements vers l\u2019\u00e9l\u00e9ment central. Les contraintes de pression, de traction et verticales\u2026\" \/>\n<meta property=\"og:url\" content=\"https:\/\/storax.be\/fr\/producten\/schluter-dilatatieprofielen-tegels-fr\/schluter-dilex-bwb\/\" \/>\n<meta property=\"og:site_name\" content=\"Storax Belgium\" \/>\n<meta property=\"article:modified_time\" content=\"2024-05-16T07:38:46+00:00\" \/>\n<meta property=\"og:image\" content=\"https:\/\/storax.be\/wp-content\/uploads\/sites\/2\/2020\/01\/Schluter-Dilex-BWB.jpg\" \/>\n\t<meta property=\"og:image:width\" content=\"349\" \/>\n\t<meta property=\"og:image:height\" content=\"233\" \/>\n\t<meta property=\"og:image:type\" content=\"image\/jpeg\" \/>\n<meta name=\"twitter:card\" content=\"summary_large_image\" \/>\n<meta name=\"twitter:label1\" content=\"Dur\u00e9e de lecture estim\u00e9e\" \/>\n\t<meta name=\"twitter:data1\" content=\"1 minute\" \/>\n<script type=\"application\/ld+json\" class=\"yoast-schema-graph\">{\"@context\":\"https:\\\/\\\/schema.org\",\"@graph\":[{\"@type\":\"WebPage\",\"@id\":\"https:\\\/\\\/storax.be\\\/fr\\\/producten\\\/schluter-dilatatieprofielen-tegels-fr\\\/schluter-dilex-bwb\\\/\",\"url\":\"https:\\\/\\\/storax.be\\\/fr\\\/producten\\\/schluter-dilatatieprofielen-tegels-fr\\\/schluter-dilex-bwb\\\/\",\"name\":\"Schl\u00fcter-Dilex-BWB - Storax Belgium\",\"isPartOf\":{\"@id\":\"https:\\\/\\\/storax.be\\\/fr\\\/#website\"},\"primaryImageOfPage\":{\"@id\":\"https:\\\/\\\/storax.be\\\/fr\\\/producten\\\/schluter-dilatatieprofielen-tegels-fr\\\/schluter-dilex-bwb\\\/#primaryimage\"},\"image\":{\"@id\":\"https:\\\/\\\/storax.be\\\/fr\\\/producten\\\/schluter-dilatatieprofielen-tegels-fr\\\/schluter-dilex-bwb\\\/#primaryimage\"},\"thumbnailUrl\":\"https:\\\/\\\/storax.be\\\/wp-content\\\/uploads\\\/sites\\\/2\\\/2020\\\/01\\\/Schluter-Dilex-BWB.jpg\",\"datePublished\":\"2022-08-02T11:39:28+00:00\",\"dateModified\":\"2024-05-16T07:38:46+00:00\",\"breadcrumb\":{\"@id\":\"https:\\\/\\\/storax.be\\\/fr\\\/producten\\\/schluter-dilatatieprofielen-tegels-fr\\\/schluter-dilex-bwb\\\/#breadcrumb\"},\"inLanguage\":\"fr-FR\",\"potentialAction\":[{\"@type\":\"ReadAction\",\"target\":[\"https:\\\/\\\/storax.be\\\/fr\\\/producten\\\/schluter-dilatatieprofielen-tegels-fr\\\/schluter-dilex-bwb\\\/\"]}]},{\"@type\":\"ImageObject\",\"inLanguage\":\"fr-FR\",\"@id\":\"https:\\\/\\\/storax.be\\\/fr\\\/producten\\\/schluter-dilatatieprofielen-tegels-fr\\\/schluter-dilex-bwb\\\/#primaryimage\",\"url\":\"https:\\\/\\\/storax.be\\\/wp-content\\\/uploads\\\/sites\\\/2\\\/2020\\\/01\\\/Schluter-Dilex-BWB.jpg\",\"contentUrl\":\"https:\\\/\\\/storax.be\\\/wp-content\\\/uploads\\\/sites\\\/2\\\/2020\\\/01\\\/Schluter-Dilex-BWB.jpg\",\"width\":349,\"height\":233,\"caption\":\"Schl\u00fcter-Dilex-BWB\"},{\"@type\":\"BreadcrumbList\",\"@id\":\"https:\\\/\\\/storax.be\\\/fr\\\/producten\\\/schluter-dilatatieprofielen-tegels-fr\\\/schluter-dilex-bwb\\\/#breadcrumb\",\"itemListElement\":[{\"@type\":\"ListItem\",\"position\":1,\"name\":\"Home\",\"item\":\"https:\\\/\\\/storax.be\\\/fr\\\/\"},{\"@type\":\"ListItem\",\"position\":2,\"name\":\"Producten\",\"item\":\"https:\\\/\\\/storax.be\\\/fr\\\/producten\\\/%product_category%\\\/\"},{\"@type\":\"ListItem\",\"position\":3,\"name\":\"Schl\u00fcter Syst\u00e8mes\",\"item\":\"https:\\\/\\\/storax.be\\\/fr\\\/producten\\\/schluter-systems-fr\\\/\"},{\"@type\":\"ListItem\",\"position\":4,\"name\":\"Schl\u00fcter Profils de dilatation\",\"item\":\"https:\\\/\\\/storax.be\\\/fr\\\/producten\\\/schluter-dilatatieprofielen-tegels-fr\\\/\"},{\"@type\":\"ListItem\",\"position\":5,\"name\":\"Schl\u00fcter-Dilex-BWB\"}]},{\"@type\":\"WebSite\",\"@id\":\"https:\\\/\\\/storax.be\\\/fr\\\/#website\",\"url\":\"https:\\\/\\\/storax.be\\\/fr\\\/\",\"name\":\"Storax Belgium\",\"description\":\"Uw betrouwbare partner voor bouwprojecten\",\"potentialAction\":[{\"@type\":\"SearchAction\",\"target\":{\"@type\":\"EntryPoint\",\"urlTemplate\":\"https:\\\/\\\/storax.be\\\/fr\\\/?s={search_term_string}\"},\"query-input\":{\"@type\":\"PropertyValueSpecification\",\"valueRequired\":true,\"valueName\":\"search_term_string\"}}],\"inLanguage\":\"fr-FR\"}]}<\/script>\n<!-- \/ Yoast SEO plugin. -->","yoast_head_json":{"title":"Schl\u00fcter-Dilex-BWB - Storax Belgium","robots":{"index":"index","follow":"follow","max-snippet":"max-snippet:-1","max-image-preview":"max-image-preview:large","max-video-preview":"max-video-preview:-1"},"canonical":"https:\/\/storax.be\/fr\/producten\/schluter-dilatatieprofielen-tegels-fr\/schluter-dilex-bwb\/","og_locale":"fr_FR","og_type":"article","og_title":"Schl\u00fcter-Dilex-BWB - Storax Belgium","og_description":"Profil\u00e9 de dilatation en plastique pour rev\u00eatements de sols Schl\u00fcter-Dilex-BWB est un profil\u00e9 de dilatation adapt\u00e9 aux sols carrel\u00e9s. Les ailettes de fixation \u00e0 perforations trap\u00e9zo\u00efdales en PVC dur recycl\u00e9 s\u2019ancrent dans le mortier-colle, sous les carreaux.\u00a0 Le profil\u00e9 de dilatation transmet les mouvements vers l\u2019\u00e9l\u00e9ment central. Les contraintes de pression, de traction et verticales\u2026","og_url":"https:\/\/storax.be\/fr\/producten\/schluter-dilatatieprofielen-tegels-fr\/schluter-dilex-bwb\/","og_site_name":"Storax Belgium","article_modified_time":"2024-05-16T07:38:46+00:00","og_image":[{"width":349,"height":233,"url":"https:\/\/storax.be\/wp-content\/uploads\/sites\/2\/2020\/01\/Schluter-Dilex-BWB.jpg","type":"image\/jpeg"}],"twitter_card":"summary_large_image","twitter_misc":{"Dur\u00e9e de lecture estim\u00e9e":"1 minute"},"schema":{"@context":"https:\/\/schema.org","@graph":[{"@type":"WebPage","@id":"https:\/\/storax.be\/fr\/producten\/schluter-dilatatieprofielen-tegels-fr\/schluter-dilex-bwb\/","url":"https:\/\/storax.be\/fr\/producten\/schluter-dilatatieprofielen-tegels-fr\/schluter-dilex-bwb\/","name":"Schl\u00fcter-Dilex-BWB - Storax Belgium","isPartOf":{"@id":"https:\/\/storax.be\/fr\/#website"},"primaryImageOfPage":{"@id":"https:\/\/storax.be\/fr\/producten\/schluter-dilatatieprofielen-tegels-fr\/schluter-dilex-bwb\/#primaryimage"},"image":{"@id":"https:\/\/storax.be\/fr\/producten\/schluter-dilatatieprofielen-tegels-fr\/schluter-dilex-bwb\/#primaryimage"},"thumbnailUrl":"https:\/\/storax.be\/wp-content\/uploads\/sites\/2\/2020\/01\/Schluter-Dilex-BWB.jpg","datePublished":"2022-08-02T11:39:28+00:00","dateModified":"2024-05-16T07:38:46+00:00","breadcrumb":{"@id":"https:\/\/storax.be\/fr\/producten\/schluter-dilatatieprofielen-tegels-fr\/schluter-dilex-bwb\/#breadcrumb"},"inLanguage":"fr-FR","potentialAction":[{"@type":"ReadAction","target":["https:\/\/storax.be\/fr\/producten\/schluter-dilatatieprofielen-tegels-fr\/schluter-dilex-bwb\/"]}]},{"@type":"ImageObject","inLanguage":"fr-FR","@id":"https:\/\/storax.be\/fr\/producten\/schluter-dilatatieprofielen-tegels-fr\/schluter-dilex-bwb\/#primaryimage","url":"https:\/\/storax.be\/wp-content\/uploads\/sites\/2\/2020\/01\/Schluter-Dilex-BWB.jpg","contentUrl":"https:\/\/storax.be\/wp-content\/uploads\/sites\/2\/2020\/01\/Schluter-Dilex-BWB.jpg","width":349,"height":233,"caption":"Schl\u00fcter-Dilex-BWB"},{"@type":"BreadcrumbList","@id":"https:\/\/storax.be\/fr\/producten\/schluter-dilatatieprofielen-tegels-fr\/schluter-dilex-bwb\/#breadcrumb","itemListElement":[{"@type":"ListItem","position":1,"name":"Home","item":"https:\/\/storax.be\/fr\/"},{"@type":"ListItem","position":2,"name":"Producten","item":"https:\/\/storax.be\/fr\/producten\/%product_category%\/"},{"@type":"ListItem","position":3,"name":"Schl\u00fcter Syst\u00e8mes","item":"https:\/\/storax.be\/fr\/producten\/schluter-systems-fr\/"},{"@type":"ListItem","position":4,"name":"Schl\u00fcter Profils de dilatation","item":"https:\/\/storax.be\/fr\/producten\/schluter-dilatatieprofielen-tegels-fr\/"},{"@type":"ListItem","position":5,"name":"Schl\u00fcter-Dilex-BWB"}]},{"@type":"WebSite","@id":"https:\/\/storax.be\/fr\/#website","url":"https:\/\/storax.be\/fr\/","name":"Storax Belgium","description":"Uw betrouwbare partner voor bouwprojecten","potentialAction":[{"@type":"SearchAction","target":{"@type":"EntryPoint","urlTemplate":"https:\/\/storax.be\/fr\/?s={search_term_string}"},"query-input":{"@type":"PropertyValueSpecification","valueRequired":true,"valueName":"search_term_string"}}],"inLanguage":"fr-FR"}]}},"_links":{"self":[{"href":"https:\/\/storax.be\/fr\/wp-json\/wp\/v2\/product\/115108","targetHints":{"allow":["GET"]}}],"collection":[{"href":"https:\/\/storax.be\/fr\/wp-json\/wp\/v2\/product"}],"about":[{"href":"https:\/\/storax.be\/fr\/wp-json\/wp\/v2\/types\/product"}],"wp:featuredmedia":[{"embeddable":true,"href":"https:\/\/storax.be\/fr\/wp-json\/wp\/v2\/media\/108381"}],"wp:attachment":[{"href":"https:\/\/storax.be\/fr\/wp-json\/wp\/v2\/media?parent=115108"}],"wp:term":[{"taxonomy":"product_category","embeddable":true,"href":"https:\/\/storax.be\/fr\/wp-json\/wp\/v2\/product_category?post=115108"},{"taxonomy":"product_tag","embeddable":true,"href":"https:\/\/storax.be\/fr\/wp-json\/wp\/v2\/product_tag?post=115108"}],"curies":[{"name":"wp","href":"https:\/\/api.w.org\/{rel}","templated":true}]}}