{"id":115106,"date":"2022-08-02T11:35:46","date_gmt":"2022-08-02T11:35:46","guid":{"rendered":"https:\/\/storax.be\/?post_type=product&#038;p=115106"},"modified":"2024-05-16T07:38:45","modified_gmt":"2024-05-16T07:38:45","slug":"anodise-naturel-2","status":"publish","type":"product","link":"https:\/\/storax.be\/fr\/producten\/profiles-de-carrelage\/anodise-naturel-2\/","title":{"rendered":"Anodis\u00e9 naturel"},"content":{"rendered":"<p>&nbsp;<\/p>\n<p><span style=\"font-weight: 400;\">Le profil\u00e9 de carrelage en aluminium anodis\u00e9 naturel est un produit extrud\u00e9 qui est anodis\u00e9 dans la couleur argent\/naturel.\u00a0 Les profil\u00e9s de carrelage conviennent pour la finition et la d\u00e9coration de sols carrel\u00e9s ou d&rsquo;autres rev\u00eatements avec les \u00e9paisseurs applicables.<\/span><\/p>\n<p><span style=\"font-weight: 400;\">Le profil\u00e9 de carrelage peut \u00eatre press\u00e9 dans le mortier-colle et pos\u00e9 avec les autres rev\u00eatements de sol.<\/span><\/p>\n<p><span style=\"font-weight: 400;\">Les profil\u00e9s sont disponibles en diff\u00e9rentes hauteurs\u00a0: 2 mm, 3 mm, 4,5 mm, 6 mm, 8 mm, 10 mm, 11 mm, 12,5 mm<\/span><\/p>\n<p><span style=\"font-weight: 400;\">La longueur est de 2700\u00a0mm.<\/span><\/p>\n","protected":false},"excerpt":{"rendered":"<p>&nbsp; Le profil\u00e9 de carrelage en aluminium anodis\u00e9 naturel est un produit extrud\u00e9 qui est anodis\u00e9 dans la couleur argent\/naturel.\u00a0 Les profil\u00e9s de carrelage conviennent pour la finition et la d\u00e9coration de sols carrel\u00e9s ou d&rsquo;autres rev\u00eatements avec les \u00e9paisseurs applicables. Le profil\u00e9 de carrelage peut \u00eatre press\u00e9 dans le mortier-colle et pos\u00e9 avec les\u2026<\/p>\n","protected":false},"featured_media":110226,"template":"","meta":{"_acf_changed":false},"product_category":[746],"product_tag":[],"class_list":["post-115106","product","type-product","status-publish","has-post-thumbnail","hentry","product_category-profiles-de-carrelage"],"acf":[],"yoast_head":"<!-- This site is optimized with the Yoast SEO plugin v27.3 - https:\/\/yoast.com\/product\/yoast-seo-wordpress\/ -->\n<title>Anodis\u00e9 naturel - Storax Belgium<\/title>\n<meta name=\"robots\" content=\"index, follow, max-snippet:-1, max-image-preview:large, max-video-preview:-1\" \/>\n<link rel=\"canonical\" href=\"https:\/\/storax.be\/fr\/producten\/profiles-de-carrelage\/anodise-naturel-2\/\" \/>\n<meta property=\"og:locale\" content=\"fr_FR\" \/>\n<meta property=\"og:type\" content=\"article\" \/>\n<meta property=\"og:title\" content=\"Anodis\u00e9 naturel - Storax Belgium\" \/>\n<meta property=\"og:description\" content=\"&nbsp; Le profil\u00e9 de carrelage en aluminium anodis\u00e9 naturel est un produit extrud\u00e9 qui est anodis\u00e9 dans la couleur argent\/naturel.\u00a0 Les profil\u00e9s de carrelage conviennent pour la finition et la d\u00e9coration de sols carrel\u00e9s ou d&rsquo;autres rev\u00eatements avec les \u00e9paisseurs applicables. Le profil\u00e9 de carrelage peut \u00eatre press\u00e9 dans le mortier-colle et pos\u00e9 avec les\u2026\" \/>\n<meta property=\"og:url\" content=\"https:\/\/storax.be\/fr\/producten\/profiles-de-carrelage\/anodise-naturel-2\/\" \/>\n<meta property=\"og:site_name\" content=\"Storax Belgium\" \/>\n<meta property=\"article:modified_time\" content=\"2024-05-16T07:38:45+00:00\" \/>\n<meta property=\"og:image\" content=\"https:\/\/storax.be\/wp-content\/uploads\/sites\/2\/2020\/01\/profiel2-470x470-1.jpg\" \/>\n\t<meta property=\"og:image:width\" content=\"470\" \/>\n\t<meta property=\"og:image:height\" content=\"470\" \/>\n\t<meta property=\"og:image:type\" content=\"image\/jpeg\" \/>\n<meta name=\"twitter:card\" content=\"summary_large_image\" \/>\n<meta name=\"twitter:label1\" content=\"Dur\u00e9e de lecture estim\u00e9e\" \/>\n\t<meta name=\"twitter:data1\" content=\"1 minute\" \/>\n<script type=\"application\/ld+json\" class=\"yoast-schema-graph\">{\"@context\":\"https:\\\/\\\/schema.org\",\"@graph\":[{\"@type\":\"WebPage\",\"@id\":\"https:\\\/\\\/storax.be\\\/fr\\\/producten\\\/profiles-de-carrelage\\\/anodise-naturel-2\\\/\",\"url\":\"https:\\\/\\\/storax.be\\\/fr\\\/producten\\\/profiles-de-carrelage\\\/anodise-naturel-2\\\/\",\"name\":\"Anodis\u00e9 naturel - Storax Belgium\",\"isPartOf\":{\"@id\":\"https:\\\/\\\/storax.be\\\/fr\\\/#website\"},\"primaryImageOfPage\":{\"@id\":\"https:\\\/\\\/storax.be\\\/fr\\\/producten\\\/profiles-de-carrelage\\\/anodise-naturel-2\\\/#primaryimage\"},\"image\":{\"@id\":\"https:\\\/\\\/storax.be\\\/fr\\\/producten\\\/profiles-de-carrelage\\\/anodise-naturel-2\\\/#primaryimage\"},\"thumbnailUrl\":\"https:\\\/\\\/storax.be\\\/wp-content\\\/uploads\\\/sites\\\/2\\\/2020\\\/01\\\/profiel2-470x470-1.jpg\",\"datePublished\":\"2022-08-02T11:35:46+00:00\",\"dateModified\":\"2024-05-16T07:38:45+00:00\",\"breadcrumb\":{\"@id\":\"https:\\\/\\\/storax.be\\\/fr\\\/producten\\\/profiles-de-carrelage\\\/anodise-naturel-2\\\/#breadcrumb\"},\"inLanguage\":\"fr-FR\",\"potentialAction\":[{\"@type\":\"ReadAction\",\"target\":[\"https:\\\/\\\/storax.be\\\/fr\\\/producten\\\/profiles-de-carrelage\\\/anodise-naturel-2\\\/\"]}]},{\"@type\":\"ImageObject\",\"inLanguage\":\"fr-FR\",\"@id\":\"https:\\\/\\\/storax.be\\\/fr\\\/producten\\\/profiles-de-carrelage\\\/anodise-naturel-2\\\/#primaryimage\",\"url\":\"https:\\\/\\\/storax.be\\\/wp-content\\\/uploads\\\/sites\\\/2\\\/2020\\\/01\\\/profiel2-470x470-1.jpg\",\"contentUrl\":\"https:\\\/\\\/storax.be\\\/wp-content\\\/uploads\\\/sites\\\/2\\\/2020\\\/01\\\/profiel2-470x470-1.jpg\",\"width\":470,\"height\":470,\"caption\":\"tegelprofiel geanodiseerd\"},{\"@type\":\"BreadcrumbList\",\"@id\":\"https:\\\/\\\/storax.be\\\/fr\\\/producten\\\/profiles-de-carrelage\\\/anodise-naturel-2\\\/#breadcrumb\",\"itemListElement\":[{\"@type\":\"ListItem\",\"position\":1,\"name\":\"Home\",\"item\":\"https:\\\/\\\/storax.be\\\/fr\\\/\"},{\"@type\":\"ListItem\",\"position\":2,\"name\":\"Producten\",\"item\":\"https:\\\/\\\/storax.be\\\/fr\\\/producten\\\/%product_category%\\\/\"},{\"@type\":\"ListItem\",\"position\":3,\"name\":\"Profil\u00e9s de carrelage\",\"item\":\"https:\\\/\\\/storax.be\\\/fr\\\/producten\\\/profiles-de-carrelage\\\/\"},{\"@type\":\"ListItem\",\"position\":4,\"name\":\"Anodis\u00e9 naturel\"}]},{\"@type\":\"WebSite\",\"@id\":\"https:\\\/\\\/storax.be\\\/fr\\\/#website\",\"url\":\"https:\\\/\\\/storax.be\\\/fr\\\/\",\"name\":\"Storax Belgium\",\"description\":\"Uw betrouwbare partner voor bouwprojecten\",\"potentialAction\":[{\"@type\":\"SearchAction\",\"target\":{\"@type\":\"EntryPoint\",\"urlTemplate\":\"https:\\\/\\\/storax.be\\\/fr\\\/?s={search_term_string}\"},\"query-input\":{\"@type\":\"PropertyValueSpecification\",\"valueRequired\":true,\"valueName\":\"search_term_string\"}}],\"inLanguage\":\"fr-FR\"}]}<\/script>\n<!-- \/ Yoast SEO plugin. -->","yoast_head_json":{"title":"Anodis\u00e9 naturel - Storax Belgium","robots":{"index":"index","follow":"follow","max-snippet":"max-snippet:-1","max-image-preview":"max-image-preview:large","max-video-preview":"max-video-preview:-1"},"canonical":"https:\/\/storax.be\/fr\/producten\/profiles-de-carrelage\/anodise-naturel-2\/","og_locale":"fr_FR","og_type":"article","og_title":"Anodis\u00e9 naturel - Storax Belgium","og_description":"&nbsp; Le profil\u00e9 de carrelage en aluminium anodis\u00e9 naturel est un produit extrud\u00e9 qui est anodis\u00e9 dans la couleur argent\/naturel.\u00a0 Les profil\u00e9s de carrelage conviennent pour la finition et la d\u00e9coration de sols carrel\u00e9s ou d&rsquo;autres rev\u00eatements avec les \u00e9paisseurs applicables. Le profil\u00e9 de carrelage peut \u00eatre press\u00e9 dans le mortier-colle et pos\u00e9 avec les\u2026","og_url":"https:\/\/storax.be\/fr\/producten\/profiles-de-carrelage\/anodise-naturel-2\/","og_site_name":"Storax Belgium","article_modified_time":"2024-05-16T07:38:45+00:00","og_image":[{"width":470,"height":470,"url":"https:\/\/storax.be\/wp-content\/uploads\/sites\/2\/2020\/01\/profiel2-470x470-1.jpg","type":"image\/jpeg"}],"twitter_card":"summary_large_image","twitter_misc":{"Dur\u00e9e de lecture estim\u00e9e":"1 minute"},"schema":{"@context":"https:\/\/schema.org","@graph":[{"@type":"WebPage","@id":"https:\/\/storax.be\/fr\/producten\/profiles-de-carrelage\/anodise-naturel-2\/","url":"https:\/\/storax.be\/fr\/producten\/profiles-de-carrelage\/anodise-naturel-2\/","name":"Anodis\u00e9 naturel - Storax Belgium","isPartOf":{"@id":"https:\/\/storax.be\/fr\/#website"},"primaryImageOfPage":{"@id":"https:\/\/storax.be\/fr\/producten\/profiles-de-carrelage\/anodise-naturel-2\/#primaryimage"},"image":{"@id":"https:\/\/storax.be\/fr\/producten\/profiles-de-carrelage\/anodise-naturel-2\/#primaryimage"},"thumbnailUrl":"https:\/\/storax.be\/wp-content\/uploads\/sites\/2\/2020\/01\/profiel2-470x470-1.jpg","datePublished":"2022-08-02T11:35:46+00:00","dateModified":"2024-05-16T07:38:45+00:00","breadcrumb":{"@id":"https:\/\/storax.be\/fr\/producten\/profiles-de-carrelage\/anodise-naturel-2\/#breadcrumb"},"inLanguage":"fr-FR","potentialAction":[{"@type":"ReadAction","target":["https:\/\/storax.be\/fr\/producten\/profiles-de-carrelage\/anodise-naturel-2\/"]}]},{"@type":"ImageObject","inLanguage":"fr-FR","@id":"https:\/\/storax.be\/fr\/producten\/profiles-de-carrelage\/anodise-naturel-2\/#primaryimage","url":"https:\/\/storax.be\/wp-content\/uploads\/sites\/2\/2020\/01\/profiel2-470x470-1.jpg","contentUrl":"https:\/\/storax.be\/wp-content\/uploads\/sites\/2\/2020\/01\/profiel2-470x470-1.jpg","width":470,"height":470,"caption":"tegelprofiel geanodiseerd"},{"@type":"BreadcrumbList","@id":"https:\/\/storax.be\/fr\/producten\/profiles-de-carrelage\/anodise-naturel-2\/#breadcrumb","itemListElement":[{"@type":"ListItem","position":1,"name":"Home","item":"https:\/\/storax.be\/fr\/"},{"@type":"ListItem","position":2,"name":"Producten","item":"https:\/\/storax.be\/fr\/producten\/%product_category%\/"},{"@type":"ListItem","position":3,"name":"Profil\u00e9s de carrelage","item":"https:\/\/storax.be\/fr\/producten\/profiles-de-carrelage\/"},{"@type":"ListItem","position":4,"name":"Anodis\u00e9 naturel"}]},{"@type":"WebSite","@id":"https:\/\/storax.be\/fr\/#website","url":"https:\/\/storax.be\/fr\/","name":"Storax Belgium","description":"Uw betrouwbare partner voor bouwprojecten","potentialAction":[{"@type":"SearchAction","target":{"@type":"EntryPoint","urlTemplate":"https:\/\/storax.be\/fr\/?s={search_term_string}"},"query-input":{"@type":"PropertyValueSpecification","valueRequired":true,"valueName":"search_term_string"}}],"inLanguage":"fr-FR"}]}},"_links":{"self":[{"href":"https:\/\/storax.be\/fr\/wp-json\/wp\/v2\/product\/115106","targetHints":{"allow":["GET"]}}],"collection":[{"href":"https:\/\/storax.be\/fr\/wp-json\/wp\/v2\/product"}],"about":[{"href":"https:\/\/storax.be\/fr\/wp-json\/wp\/v2\/types\/product"}],"wp:featuredmedia":[{"embeddable":true,"href":"https:\/\/storax.be\/fr\/wp-json\/wp\/v2\/media\/110226"}],"wp:attachment":[{"href":"https:\/\/storax.be\/fr\/wp-json\/wp\/v2\/media?parent=115106"}],"wp:term":[{"taxonomy":"product_category","embeddable":true,"href":"https:\/\/storax.be\/fr\/wp-json\/wp\/v2\/product_category?post=115106"},{"taxonomy":"product_tag","embeddable":true,"href":"https:\/\/storax.be\/fr\/wp-json\/wp\/v2\/product_tag?post=115106"}],"curies":[{"name":"wp","href":"https:\/\/api.w.org\/{rel}","templated":true}]}}