{"id":115105,"date":"2022-08-02T11:33:45","date_gmt":"2022-08-02T11:33:45","guid":{"rendered":"https:\/\/storax.be\/?post_type=product&#038;p=115105"},"modified":"2024-05-16T07:38:45","modified_gmt":"2024-05-16T07:38:45","slug":"profile-de-dilatation-inox","status":"publish","type":"product","link":"https:\/\/storax.be\/fr\/producten\/profiles-de-carrelage\/profile-de-dilatation-inox\/","title":{"rendered":"Profil\u00e9 de dilatation inox"},"content":{"rendered":"\n<p><\/p>\n\n\n\n<p><span style=\"font-weight: 400;\">Le ST125G est un profil\u00e9 de dilatation en acier inoxydable poli. Au milieu, le profil\u00e9 est muni d&rsquo;un caoutchouc gris. Le profil\u00e9 de dilatation peut \u00eatre plac\u00e9 entre les rev\u00eatements de sol afin de compenser les mouvements.<\/span><\/p>\n\n\n\n<p><span style=\"font-weight: 400;\">Le ST125G est disponible dans une longueur de 2700\u00a0mm, pour une hauteur int\u00e9rieure de 12,5\u00a0mm.<\/span><\/p>\n","protected":false},"excerpt":{"rendered":"<p>Le ST125G est un profil\u00e9 de dilatation en acier inoxydable poli. Au milieu, le profil\u00e9 est muni d&rsquo;un caoutchouc gris. Le profil\u00e9 de dilatation peut \u00eatre plac\u00e9 entre les rev\u00eatements de sol afin de compenser les mouvements. Le ST125G est disponible dans une longueur de 2700\u00a0mm, pour une hauteur int\u00e9rieure de 12,5\u00a0mm.<\/p>\n","protected":false},"featured_media":116716,"template":"","meta":{"_acf_changed":false},"product_category":[746],"product_tag":[],"class_list":["post-115105","product","type-product","status-publish","has-post-thumbnail","hentry","product_category-profiles-de-carrelage"],"acf":[],"yoast_head":"<!-- This site is optimized with the Yoast SEO plugin v27.3 - https:\/\/yoast.com\/product\/yoast-seo-wordpress\/ -->\n<title>Profil\u00e9 de dilatation inox - Storax Belgium<\/title>\n<meta name=\"robots\" content=\"index, follow, max-snippet:-1, max-image-preview:large, max-video-preview:-1\" \/>\n<link rel=\"canonical\" href=\"https:\/\/storax.be\/fr\/producten\/profiles-de-carrelage\/profile-de-dilatation-inox\/\" \/>\n<meta property=\"og:locale\" content=\"fr_FR\" \/>\n<meta property=\"og:type\" content=\"article\" \/>\n<meta property=\"og:title\" content=\"Profil\u00e9 de dilatation inox - Storax Belgium\" \/>\n<meta property=\"og:description\" content=\"Le ST125G est un profil\u00e9 de dilatation en acier inoxydable poli. Au milieu, le profil\u00e9 est muni d&rsquo;un caoutchouc gris. Le profil\u00e9 de dilatation peut \u00eatre plac\u00e9 entre les rev\u00eatements de sol afin de compenser les mouvements. Le ST125G est disponible dans une longueur de 2700\u00a0mm, pour une hauteur int\u00e9rieure de 12,5\u00a0mm.\" \/>\n<meta property=\"og:url\" content=\"https:\/\/storax.be\/fr\/producten\/profiles-de-carrelage\/profile-de-dilatation-inox\/\" \/>\n<meta property=\"og:site_name\" content=\"Storax Belgium\" \/>\n<meta property=\"article:modified_time\" content=\"2024-05-16T07:38:45+00:00\" \/>\n<meta property=\"og:image\" content=\"https:\/\/storax.be\/wp-content\/uploads\/sites\/2\/2020\/01\/st125gthmb260.jpg\" \/>\n\t<meta property=\"og:image:width\" content=\"260\" \/>\n\t<meta property=\"og:image:height\" content=\"260\" \/>\n\t<meta property=\"og:image:type\" content=\"image\/jpeg\" \/>\n<meta name=\"twitter:card\" content=\"summary_large_image\" \/>\n<meta name=\"twitter:label1\" content=\"Dur\u00e9e de lecture estim\u00e9e\" \/>\n\t<meta name=\"twitter:data1\" content=\"1 minute\" \/>\n<script type=\"application\/ld+json\" class=\"yoast-schema-graph\">{\"@context\":\"https:\\\/\\\/schema.org\",\"@graph\":[{\"@type\":\"WebPage\",\"@id\":\"https:\\\/\\\/storax.be\\\/fr\\\/producten\\\/profiles-de-carrelage\\\/profile-de-dilatation-inox\\\/\",\"url\":\"https:\\\/\\\/storax.be\\\/fr\\\/producten\\\/profiles-de-carrelage\\\/profile-de-dilatation-inox\\\/\",\"name\":\"Profil\u00e9 de dilatation inox - Storax Belgium\",\"isPartOf\":{\"@id\":\"https:\\\/\\\/storax.be\\\/fr\\\/#website\"},\"primaryImageOfPage\":{\"@id\":\"https:\\\/\\\/storax.be\\\/fr\\\/producten\\\/profiles-de-carrelage\\\/profile-de-dilatation-inox\\\/#primaryimage\"},\"image\":{\"@id\":\"https:\\\/\\\/storax.be\\\/fr\\\/producten\\\/profiles-de-carrelage\\\/profile-de-dilatation-inox\\\/#primaryimage\"},\"thumbnailUrl\":\"https:\\\/\\\/storax.be\\\/wp-content\\\/uploads\\\/sites\\\/2\\\/2020\\\/01\\\/st125gthmb260.jpg\",\"datePublished\":\"2022-08-02T11:33:45+00:00\",\"dateModified\":\"2024-05-16T07:38:45+00:00\",\"breadcrumb\":{\"@id\":\"https:\\\/\\\/storax.be\\\/fr\\\/producten\\\/profiles-de-carrelage\\\/profile-de-dilatation-inox\\\/#breadcrumb\"},\"inLanguage\":\"fr-FR\",\"potentialAction\":[{\"@type\":\"ReadAction\",\"target\":[\"https:\\\/\\\/storax.be\\\/fr\\\/producten\\\/profiles-de-carrelage\\\/profile-de-dilatation-inox\\\/\"]}]},{\"@type\":\"ImageObject\",\"inLanguage\":\"fr-FR\",\"@id\":\"https:\\\/\\\/storax.be\\\/fr\\\/producten\\\/profiles-de-carrelage\\\/profile-de-dilatation-inox\\\/#primaryimage\",\"url\":\"https:\\\/\\\/storax.be\\\/wp-content\\\/uploads\\\/sites\\\/2\\\/2020\\\/01\\\/st125gthmb260.jpg\",\"contentUrl\":\"https:\\\/\\\/storax.be\\\/wp-content\\\/uploads\\\/sites\\\/2\\\/2020\\\/01\\\/st125gthmb260.jpg\",\"width\":260,\"height\":260,\"caption\":\"rvs dilatatieprofiel voor tegels\"},{\"@type\":\"BreadcrumbList\",\"@id\":\"https:\\\/\\\/storax.be\\\/fr\\\/producten\\\/profiles-de-carrelage\\\/profile-de-dilatation-inox\\\/#breadcrumb\",\"itemListElement\":[{\"@type\":\"ListItem\",\"position\":1,\"name\":\"Home\",\"item\":\"https:\\\/\\\/storax.be\\\/fr\\\/\"},{\"@type\":\"ListItem\",\"position\":2,\"name\":\"Producten\",\"item\":\"https:\\\/\\\/storax.be\\\/fr\\\/producten\\\/%product_category%\\\/\"},{\"@type\":\"ListItem\",\"position\":3,\"name\":\"Profil\u00e9s de carrelage\",\"item\":\"https:\\\/\\\/storax.be\\\/fr\\\/producten\\\/profiles-de-carrelage\\\/\"},{\"@type\":\"ListItem\",\"position\":4,\"name\":\"Profil\u00e9 de dilatation inox\"}]},{\"@type\":\"WebSite\",\"@id\":\"https:\\\/\\\/storax.be\\\/fr\\\/#website\",\"url\":\"https:\\\/\\\/storax.be\\\/fr\\\/\",\"name\":\"Storax Belgium\",\"description\":\"Uw betrouwbare partner voor bouwprojecten\",\"potentialAction\":[{\"@type\":\"SearchAction\",\"target\":{\"@type\":\"EntryPoint\",\"urlTemplate\":\"https:\\\/\\\/storax.be\\\/fr\\\/?s={search_term_string}\"},\"query-input\":{\"@type\":\"PropertyValueSpecification\",\"valueRequired\":true,\"valueName\":\"search_term_string\"}}],\"inLanguage\":\"fr-FR\"}]}<\/script>\n<!-- \/ Yoast SEO plugin. -->","yoast_head_json":{"title":"Profil\u00e9 de dilatation inox - Storax Belgium","robots":{"index":"index","follow":"follow","max-snippet":"max-snippet:-1","max-image-preview":"max-image-preview:large","max-video-preview":"max-video-preview:-1"},"canonical":"https:\/\/storax.be\/fr\/producten\/profiles-de-carrelage\/profile-de-dilatation-inox\/","og_locale":"fr_FR","og_type":"article","og_title":"Profil\u00e9 de dilatation inox - Storax Belgium","og_description":"Le ST125G est un profil\u00e9 de dilatation en acier inoxydable poli. Au milieu, le profil\u00e9 est muni d&rsquo;un caoutchouc gris. Le profil\u00e9 de dilatation peut \u00eatre plac\u00e9 entre les rev\u00eatements de sol afin de compenser les mouvements. Le ST125G est disponible dans une longueur de 2700\u00a0mm, pour une hauteur int\u00e9rieure de 12,5\u00a0mm.","og_url":"https:\/\/storax.be\/fr\/producten\/profiles-de-carrelage\/profile-de-dilatation-inox\/","og_site_name":"Storax Belgium","article_modified_time":"2024-05-16T07:38:45+00:00","og_image":[{"width":260,"height":260,"url":"https:\/\/storax.be\/wp-content\/uploads\/sites\/2\/2020\/01\/st125gthmb260.jpg","type":"image\/jpeg"}],"twitter_card":"summary_large_image","twitter_misc":{"Dur\u00e9e de lecture estim\u00e9e":"1 minute"},"schema":{"@context":"https:\/\/schema.org","@graph":[{"@type":"WebPage","@id":"https:\/\/storax.be\/fr\/producten\/profiles-de-carrelage\/profile-de-dilatation-inox\/","url":"https:\/\/storax.be\/fr\/producten\/profiles-de-carrelage\/profile-de-dilatation-inox\/","name":"Profil\u00e9 de dilatation inox - Storax Belgium","isPartOf":{"@id":"https:\/\/storax.be\/fr\/#website"},"primaryImageOfPage":{"@id":"https:\/\/storax.be\/fr\/producten\/profiles-de-carrelage\/profile-de-dilatation-inox\/#primaryimage"},"image":{"@id":"https:\/\/storax.be\/fr\/producten\/profiles-de-carrelage\/profile-de-dilatation-inox\/#primaryimage"},"thumbnailUrl":"https:\/\/storax.be\/wp-content\/uploads\/sites\/2\/2020\/01\/st125gthmb260.jpg","datePublished":"2022-08-02T11:33:45+00:00","dateModified":"2024-05-16T07:38:45+00:00","breadcrumb":{"@id":"https:\/\/storax.be\/fr\/producten\/profiles-de-carrelage\/profile-de-dilatation-inox\/#breadcrumb"},"inLanguage":"fr-FR","potentialAction":[{"@type":"ReadAction","target":["https:\/\/storax.be\/fr\/producten\/profiles-de-carrelage\/profile-de-dilatation-inox\/"]}]},{"@type":"ImageObject","inLanguage":"fr-FR","@id":"https:\/\/storax.be\/fr\/producten\/profiles-de-carrelage\/profile-de-dilatation-inox\/#primaryimage","url":"https:\/\/storax.be\/wp-content\/uploads\/sites\/2\/2020\/01\/st125gthmb260.jpg","contentUrl":"https:\/\/storax.be\/wp-content\/uploads\/sites\/2\/2020\/01\/st125gthmb260.jpg","width":260,"height":260,"caption":"rvs dilatatieprofiel voor tegels"},{"@type":"BreadcrumbList","@id":"https:\/\/storax.be\/fr\/producten\/profiles-de-carrelage\/profile-de-dilatation-inox\/#breadcrumb","itemListElement":[{"@type":"ListItem","position":1,"name":"Home","item":"https:\/\/storax.be\/fr\/"},{"@type":"ListItem","position":2,"name":"Producten","item":"https:\/\/storax.be\/fr\/producten\/%product_category%\/"},{"@type":"ListItem","position":3,"name":"Profil\u00e9s de carrelage","item":"https:\/\/storax.be\/fr\/producten\/profiles-de-carrelage\/"},{"@type":"ListItem","position":4,"name":"Profil\u00e9 de dilatation inox"}]},{"@type":"WebSite","@id":"https:\/\/storax.be\/fr\/#website","url":"https:\/\/storax.be\/fr\/","name":"Storax Belgium","description":"Uw betrouwbare partner voor bouwprojecten","potentialAction":[{"@type":"SearchAction","target":{"@type":"EntryPoint","urlTemplate":"https:\/\/storax.be\/fr\/?s={search_term_string}"},"query-input":{"@type":"PropertyValueSpecification","valueRequired":true,"valueName":"search_term_string"}}],"inLanguage":"fr-FR"}]}},"_links":{"self":[{"href":"https:\/\/storax.be\/fr\/wp-json\/wp\/v2\/product\/115105","targetHints":{"allow":["GET"]}}],"collection":[{"href":"https:\/\/storax.be\/fr\/wp-json\/wp\/v2\/product"}],"about":[{"href":"https:\/\/storax.be\/fr\/wp-json\/wp\/v2\/types\/product"}],"wp:featuredmedia":[{"embeddable":true,"href":"https:\/\/storax.be\/fr\/wp-json\/wp\/v2\/media\/116716"}],"wp:attachment":[{"href":"https:\/\/storax.be\/fr\/wp-json\/wp\/v2\/media?parent=115105"}],"wp:term":[{"taxonomy":"product_category","embeddable":true,"href":"https:\/\/storax.be\/fr\/wp-json\/wp\/v2\/product_category?post=115105"},{"taxonomy":"product_tag","embeddable":true,"href":"https:\/\/storax.be\/fr\/wp-json\/wp\/v2\/product_tag?post=115105"}],"curies":[{"name":"wp","href":"https:\/\/api.w.org\/{rel}","templated":true}]}}