{"id":115101,"date":"2022-08-02T11:29:27","date_gmt":"2022-08-02T11:29:27","guid":{"rendered":"https:\/\/storax.be\/?post_type=product&#038;p=115101"},"modified":"2024-05-16T07:38:45","modified_gmt":"2024-05-16T07:38:45","slug":"grilles-de-securite","status":"publish","type":"product","link":"https:\/\/storax.be\/fr\/producten\/couvercle-a-carreler\/grilles-de-securite\/","title":{"rendered":"Grilles de s\u00e9curit\u00e9"},"content":{"rendered":"<h2><strong>Trappe de visite avec protection antichute<\/strong><\/h2>\n<p><span style=\"font-weight: 400;\">Pour \u00e9viter les chutes lorsque les couvercles sont en position ouverte, Storax offre la possibilit\u00e9 d&rsquo;\u00e9quiper les couvercles de grilles de s\u00e9curit\u00e9.<\/span><\/p>\n<p><span style=\"font-weight: 400;\">Les trappes, y compris les grilles de s\u00e9curit\u00e9, peuvent \u00eatre fabriqu\u00e9es en aluminium et en acier inoxydable dans diff\u00e9rentes tailles. La grille peut \u00eatre montr\u00e9e sur charni\u00e8res et ainsi \u00eatre ouverte tr\u00e8s facilement de l&rsquo;int\u00e9rieur comme de l&rsquo;ext\u00e9rieur.<\/span><\/p>\n<p><span style=\"font-weight: 400;\">Pour de plus amples informations ou un devis sans engagement, n&rsquo;h\u00e9sitez pas \u00e0 contacter notre responsable produit.<\/span><\/p>\n<div>\n<table style=\"border-style: solid; border-width: thin;\" cellspacing=\"0\" cellpadding=\"0\">\n<tbody>\n<tr>\n<td style=\"text-align: left; vertical-align: top; padding: 10px; width: 150px;\"><img decoding=\"async\" style=\"width: 150px; height: auto;\" src=\"\/images\/Vloerluiken\/veiligheidsrooster.jpg\" \/><\/td>\n<td style=\"text-align: left; vertical-align: top; padding: 10px;\"><strong>Quelle s\u00e9rie\u00a0?<\/strong><\/p>\n<p><span style=\"font-weight: 400;\">Les trappes de sol <strong>BV<\/strong> et <strong>BV-GD<\/strong> peuvent \u00eatre \u00e9quip\u00e9es d&rsquo;une protection antichute\/grille de s\u00e9curit\u00e9<\/span><\/td>\n<\/tr>\n<\/tbody>\n<\/table>\n<\/div>\n","protected":false},"excerpt":{"rendered":"<p>Trappe de visite avec protection antichute Pour \u00e9viter les chutes lorsque les couvercles sont en position ouverte, Storax offre la possibilit\u00e9 d&rsquo;\u00e9quiper les couvercles de grilles de s\u00e9curit\u00e9. Les trappes, y compris les grilles de s\u00e9curit\u00e9, peuvent \u00eatre fabriqu\u00e9es en aluminium et en acier inoxydable dans diff\u00e9rentes tailles. La grille peut \u00eatre montr\u00e9e sur charni\u00e8res\u2026<\/p>\n","protected":false},"featured_media":105857,"template":"","meta":{"_acf_changed":false},"product_category":[646],"product_tag":[],"class_list":["post-115101","product","type-product","status-publish","has-post-thumbnail","hentry","product_category-couvercle-a-carreler"],"acf":[],"yoast_head":"<!-- This site is optimized with the Yoast SEO plugin v27.3 - https:\/\/yoast.com\/product\/yoast-seo-wordpress\/ -->\n<title>Grilles de s\u00e9curit\u00e9 - Storax Belgium<\/title>\n<meta name=\"robots\" content=\"index, follow, max-snippet:-1, max-image-preview:large, max-video-preview:-1\" \/>\n<link rel=\"canonical\" href=\"https:\/\/storax.be\/fr\/producten\/couvercle-a-carreler\/grilles-de-securite\/\" \/>\n<meta property=\"og:locale\" content=\"fr_FR\" \/>\n<meta property=\"og:type\" content=\"article\" \/>\n<meta property=\"og:title\" content=\"Grilles de s\u00e9curit\u00e9 - Storax Belgium\" \/>\n<meta property=\"og:description\" content=\"Trappe de visite avec protection antichute Pour \u00e9viter les chutes lorsque les couvercles sont en position ouverte, Storax offre la possibilit\u00e9 d&rsquo;\u00e9quiper les couvercles de grilles de s\u00e9curit\u00e9. Les trappes, y compris les grilles de s\u00e9curit\u00e9, peuvent \u00eatre fabriqu\u00e9es en aluminium et en acier inoxydable dans diff\u00e9rentes tailles. La grille peut \u00eatre montr\u00e9e sur charni\u00e8res\u2026\" \/>\n<meta property=\"og:url\" content=\"https:\/\/storax.be\/fr\/producten\/couvercle-a-carreler\/grilles-de-securite\/\" \/>\n<meta property=\"og:site_name\" content=\"Storax Belgium\" \/>\n<meta property=\"article:modified_time\" content=\"2024-05-16T07:38:45+00:00\" \/>\n<meta property=\"og:image\" content=\"https:\/\/storax.be\/wp-content\/uploads\/sites\/2\/2019\/03\/thumb_270x270_650.jpg\" \/>\n\t<meta property=\"og:image:width\" content=\"270\" \/>\n\t<meta property=\"og:image:height\" content=\"270\" \/>\n\t<meta property=\"og:image:type\" content=\"image\/jpeg\" \/>\n<meta name=\"twitter:card\" content=\"summary_large_image\" \/>\n<meta name=\"twitter:label1\" content=\"Dur\u00e9e de lecture estim\u00e9e\" \/>\n\t<meta name=\"twitter:data1\" content=\"1 minute\" \/>\n<script type=\"application\/ld+json\" class=\"yoast-schema-graph\">{\"@context\":\"https:\\\/\\\/schema.org\",\"@graph\":[{\"@type\":\"WebPage\",\"@id\":\"https:\\\/\\\/storax.be\\\/fr\\\/producten\\\/couvercle-a-carreler\\\/grilles-de-securite\\\/\",\"url\":\"https:\\\/\\\/storax.be\\\/fr\\\/producten\\\/couvercle-a-carreler\\\/grilles-de-securite\\\/\",\"name\":\"Grilles de s\u00e9curit\u00e9 - Storax Belgium\",\"isPartOf\":{\"@id\":\"https:\\\/\\\/storax.be\\\/fr\\\/#website\"},\"primaryImageOfPage\":{\"@id\":\"https:\\\/\\\/storax.be\\\/fr\\\/producten\\\/couvercle-a-carreler\\\/grilles-de-securite\\\/#primaryimage\"},\"image\":{\"@id\":\"https:\\\/\\\/storax.be\\\/fr\\\/producten\\\/couvercle-a-carreler\\\/grilles-de-securite\\\/#primaryimage\"},\"thumbnailUrl\":\"https:\\\/\\\/storax.be\\\/wp-content\\\/uploads\\\/sites\\\/2\\\/2019\\\/03\\\/thumb_270x270_650.jpg\",\"datePublished\":\"2022-08-02T11:29:27+00:00\",\"dateModified\":\"2024-05-16T07:38:45+00:00\",\"breadcrumb\":{\"@id\":\"https:\\\/\\\/storax.be\\\/fr\\\/producten\\\/couvercle-a-carreler\\\/grilles-de-securite\\\/#breadcrumb\"},\"inLanguage\":\"fr-FR\",\"potentialAction\":[{\"@type\":\"ReadAction\",\"target\":[\"https:\\\/\\\/storax.be\\\/fr\\\/producten\\\/couvercle-a-carreler\\\/grilles-de-securite\\\/\"]}]},{\"@type\":\"ImageObject\",\"inLanguage\":\"fr-FR\",\"@id\":\"https:\\\/\\\/storax.be\\\/fr\\\/producten\\\/couvercle-a-carreler\\\/grilles-de-securite\\\/#primaryimage\",\"url\":\"https:\\\/\\\/storax.be\\\/wp-content\\\/uploads\\\/sites\\\/2\\\/2019\\\/03\\\/thumb_270x270_650.jpg\",\"contentUrl\":\"https:\\\/\\\/storax.be\\\/wp-content\\\/uploads\\\/sites\\\/2\\\/2019\\\/03\\\/thumb_270x270_650.jpg\",\"width\":270,\"height\":270},{\"@type\":\"BreadcrumbList\",\"@id\":\"https:\\\/\\\/storax.be\\\/fr\\\/producten\\\/couvercle-a-carreler\\\/grilles-de-securite\\\/#breadcrumb\",\"itemListElement\":[{\"@type\":\"ListItem\",\"position\":1,\"name\":\"Home\",\"item\":\"https:\\\/\\\/storax.be\\\/fr\\\/\"},{\"@type\":\"ListItem\",\"position\":2,\"name\":\"Producten\",\"item\":\"https:\\\/\\\/storax.be\\\/fr\\\/producten\\\/%product_category%\\\/\"},{\"@type\":\"ListItem\",\"position\":3,\"name\":\"Couvercle \u00e0 carreler\",\"item\":\"https:\\\/\\\/storax.be\\\/fr\\\/producten\\\/couvercle-a-carreler\\\/\"},{\"@type\":\"ListItem\",\"position\":4,\"name\":\"Grilles de s\u00e9curit\u00e9\"}]},{\"@type\":\"WebSite\",\"@id\":\"https:\\\/\\\/storax.be\\\/fr\\\/#website\",\"url\":\"https:\\\/\\\/storax.be\\\/fr\\\/\",\"name\":\"Storax Belgium\",\"description\":\"Uw betrouwbare partner voor bouwprojecten\",\"potentialAction\":[{\"@type\":\"SearchAction\",\"target\":{\"@type\":\"EntryPoint\",\"urlTemplate\":\"https:\\\/\\\/storax.be\\\/fr\\\/?s={search_term_string}\"},\"query-input\":{\"@type\":\"PropertyValueSpecification\",\"valueRequired\":true,\"valueName\":\"search_term_string\"}}],\"inLanguage\":\"fr-FR\"}]}<\/script>\n<!-- \/ Yoast SEO plugin. -->","yoast_head_json":{"title":"Grilles de s\u00e9curit\u00e9 - Storax Belgium","robots":{"index":"index","follow":"follow","max-snippet":"max-snippet:-1","max-image-preview":"max-image-preview:large","max-video-preview":"max-video-preview:-1"},"canonical":"https:\/\/storax.be\/fr\/producten\/couvercle-a-carreler\/grilles-de-securite\/","og_locale":"fr_FR","og_type":"article","og_title":"Grilles de s\u00e9curit\u00e9 - Storax Belgium","og_description":"Trappe de visite avec protection antichute Pour \u00e9viter les chutes lorsque les couvercles sont en position ouverte, Storax offre la possibilit\u00e9 d&rsquo;\u00e9quiper les couvercles de grilles de s\u00e9curit\u00e9. Les trappes, y compris les grilles de s\u00e9curit\u00e9, peuvent \u00eatre fabriqu\u00e9es en aluminium et en acier inoxydable dans diff\u00e9rentes tailles. La grille peut \u00eatre montr\u00e9e sur charni\u00e8res\u2026","og_url":"https:\/\/storax.be\/fr\/producten\/couvercle-a-carreler\/grilles-de-securite\/","og_site_name":"Storax Belgium","article_modified_time":"2024-05-16T07:38:45+00:00","og_image":[{"width":270,"height":270,"url":"https:\/\/storax.be\/wp-content\/uploads\/sites\/2\/2019\/03\/thumb_270x270_650.jpg","type":"image\/jpeg"}],"twitter_card":"summary_large_image","twitter_misc":{"Dur\u00e9e de lecture estim\u00e9e":"1 minute"},"schema":{"@context":"https:\/\/schema.org","@graph":[{"@type":"WebPage","@id":"https:\/\/storax.be\/fr\/producten\/couvercle-a-carreler\/grilles-de-securite\/","url":"https:\/\/storax.be\/fr\/producten\/couvercle-a-carreler\/grilles-de-securite\/","name":"Grilles de s\u00e9curit\u00e9 - Storax Belgium","isPartOf":{"@id":"https:\/\/storax.be\/fr\/#website"},"primaryImageOfPage":{"@id":"https:\/\/storax.be\/fr\/producten\/couvercle-a-carreler\/grilles-de-securite\/#primaryimage"},"image":{"@id":"https:\/\/storax.be\/fr\/producten\/couvercle-a-carreler\/grilles-de-securite\/#primaryimage"},"thumbnailUrl":"https:\/\/storax.be\/wp-content\/uploads\/sites\/2\/2019\/03\/thumb_270x270_650.jpg","datePublished":"2022-08-02T11:29:27+00:00","dateModified":"2024-05-16T07:38:45+00:00","breadcrumb":{"@id":"https:\/\/storax.be\/fr\/producten\/couvercle-a-carreler\/grilles-de-securite\/#breadcrumb"},"inLanguage":"fr-FR","potentialAction":[{"@type":"ReadAction","target":["https:\/\/storax.be\/fr\/producten\/couvercle-a-carreler\/grilles-de-securite\/"]}]},{"@type":"ImageObject","inLanguage":"fr-FR","@id":"https:\/\/storax.be\/fr\/producten\/couvercle-a-carreler\/grilles-de-securite\/#primaryimage","url":"https:\/\/storax.be\/wp-content\/uploads\/sites\/2\/2019\/03\/thumb_270x270_650.jpg","contentUrl":"https:\/\/storax.be\/wp-content\/uploads\/sites\/2\/2019\/03\/thumb_270x270_650.jpg","width":270,"height":270},{"@type":"BreadcrumbList","@id":"https:\/\/storax.be\/fr\/producten\/couvercle-a-carreler\/grilles-de-securite\/#breadcrumb","itemListElement":[{"@type":"ListItem","position":1,"name":"Home","item":"https:\/\/storax.be\/fr\/"},{"@type":"ListItem","position":2,"name":"Producten","item":"https:\/\/storax.be\/fr\/producten\/%product_category%\/"},{"@type":"ListItem","position":3,"name":"Couvercle \u00e0 carreler","item":"https:\/\/storax.be\/fr\/producten\/couvercle-a-carreler\/"},{"@type":"ListItem","position":4,"name":"Grilles de s\u00e9curit\u00e9"}]},{"@type":"WebSite","@id":"https:\/\/storax.be\/fr\/#website","url":"https:\/\/storax.be\/fr\/","name":"Storax Belgium","description":"Uw betrouwbare partner voor bouwprojecten","potentialAction":[{"@type":"SearchAction","target":{"@type":"EntryPoint","urlTemplate":"https:\/\/storax.be\/fr\/?s={search_term_string}"},"query-input":{"@type":"PropertyValueSpecification","valueRequired":true,"valueName":"search_term_string"}}],"inLanguage":"fr-FR"}]}},"_links":{"self":[{"href":"https:\/\/storax.be\/fr\/wp-json\/wp\/v2\/product\/115101","targetHints":{"allow":["GET"]}}],"collection":[{"href":"https:\/\/storax.be\/fr\/wp-json\/wp\/v2\/product"}],"about":[{"href":"https:\/\/storax.be\/fr\/wp-json\/wp\/v2\/types\/product"}],"wp:featuredmedia":[{"embeddable":true,"href":"https:\/\/storax.be\/fr\/wp-json\/wp\/v2\/media\/105857"}],"wp:attachment":[{"href":"https:\/\/storax.be\/fr\/wp-json\/wp\/v2\/media?parent=115101"}],"wp:term":[{"taxonomy":"product_category","embeddable":true,"href":"https:\/\/storax.be\/fr\/wp-json\/wp\/v2\/product_category?post=115101"},{"taxonomy":"product_tag","embeddable":true,"href":"https:\/\/storax.be\/fr\/wp-json\/wp\/v2\/product_tag?post=115101"}],"curies":[{"name":"wp","href":"https:\/\/api.w.org\/{rel}","templated":true}]}}