{"id":115095,"date":"2022-08-02T11:13:36","date_gmt":"2022-08-02T11:13:36","guid":{"rendered":"https:\/\/storax.be\/?post_type=product&#038;p=115095"},"modified":"2024-05-16T07:38:43","modified_gmt":"2024-05-16T07:38:43","slug":"type-cca-gd","status":"publish","type":"product","link":"https:\/\/storax.be\/fr\/producten\/couvercle-a-carreler\/type-cca-gd\/","title":{"rendered":"Type CCA-GD"},"content":{"rendered":"<h2><b><strong>Trappe de visite <\/strong>standard en aluminium, articul\u00e9 par des v\u00e9rins \u00e0 gaz, \u00e9tanche aux odeurs et quasiment \u00e9tanche \u00e0 l&rsquo;eau, rempli de s\u00e9rie d&rsquo;une plaque composite en aluminium<\/b><\/h2>\n<p><strong>\u00c0 propos de ce produit<\/strong><\/p>\n<ul>\n<li style=\"font-weight: 400;\" aria-level=\"1\"><span style=\"font-weight: 400;\">cadre et couvercle en profil\u00e9s extrud\u00e9s en aluminium<\/span><\/li>\n<li style=\"font-weight: 400;\" aria-level=\"1\"><span style=\"font-weight: 400;\">hauteur d&rsquo;encastrement\u00a0: 76,5\u00a0mm<\/span><\/li>\n<li style=\"font-weight: 400;\" aria-level=\"1\"><span style=\"font-weight: 400;\">la trappe est remplie de s\u00e9rie d&rsquo;une plaque composite alv\u00e9olaire rigide en aluminium, <strong>laissant une hauteur libre de 24\u00a0mm<\/strong> pour le carrelage ou autre<\/span><\/li>\n<li style=\"font-weight: 400;\" aria-level=\"1\"><span style=\"font-weight: 400;\">charge de rupture 15\u00a0kN selon la norme EN 124<\/span><\/li>\n<li style=\"font-weight: 400;\" aria-level=\"1\"><span style=\"font-weight: 400;\">la trappe est \u00e9quip\u00e9e de s\u00e9rie d&rsquo;une charni\u00e8re pour faciliter l&rsquo;ouverture et la fermeture, d&rsquo;un verrouillage en position ouverte et de deux v\u00e9rins \u00e0 gaz<\/span><\/li>\n<li style=\"font-weight: 400;\" aria-level=\"1\"><span style=\"font-weight: 400;\">\u00e9tanche aux odeurs et quasiment \u00e0 l&rsquo;eau gr\u00e2ce \u00e0 un joint de haute qualit\u00e9, r\u00e9sistant aux produits chimiques<\/span><\/li>\n<li style=\"font-weight: 400;\" aria-level=\"1\"><span style=\"font-weight: 400;\">tous les mod\u00e8les sont livr\u00e9s complets avec tous les accessoires n\u00e9cessaires et des instructions de montage claires<\/span><\/li>\n<li style=\"font-weight: 400;\" aria-level=\"1\"><span style=\"font-weight: 400;\">tr\u00e8s facile \u00e0 ouvrir<\/span><\/li>\n<\/ul>\n","protected":false},"excerpt":{"rendered":"<p>Trappe de visite standard en aluminium, articul\u00e9 par des v\u00e9rins \u00e0 gaz, \u00e9tanche aux odeurs et quasiment \u00e9tanche \u00e0 l&rsquo;eau, rempli de s\u00e9rie d&rsquo;une plaque composite en aluminium \u00c0 propos de ce produit cadre et couvercle en profil\u00e9s extrud\u00e9s en aluminium hauteur d&rsquo;encastrement\u00a0: 76,5\u00a0mm la trappe est remplie de s\u00e9rie d&rsquo;une plaque composite alv\u00e9olaire rigide\u2026<\/p>\n","protected":false},"featured_media":106690,"template":"","meta":{"_acf_changed":false},"product_category":[646],"product_tag":[434,471,580,483,503,528,530],"class_list":["post-115095","product","type-product","status-publish","has-post-thumbnail","hentry","product_category-couvercle-a-carreler","product_tag-15-kn-fr","product_tag-765-mm-fr","product_tag-aluminium-deksel-fr","product_tag-aluminium-vloerluik-2-fr","product_tag-gasdrukveer-fr","product_tag-niet-brandwerend-fr","product_tag-niet-geisoleerd-fr"],"acf":[],"yoast_head":"<!-- This site is optimized with the Yoast SEO plugin v27.3 - https:\/\/yoast.com\/product\/yoast-seo-wordpress\/ -->\n<title>Type CCA-GD - Storax Belgium<\/title>\n<meta name=\"robots\" content=\"index, follow, max-snippet:-1, max-image-preview:large, max-video-preview:-1\" \/>\n<link rel=\"canonical\" href=\"https:\/\/storax.be\/fr\/producten\/couvercle-a-carreler\/type-cca-gd\/\" \/>\n<meta property=\"og:locale\" content=\"fr_FR\" \/>\n<meta property=\"og:type\" content=\"article\" \/>\n<meta property=\"og:title\" content=\"Type CCA-GD - Storax Belgium\" \/>\n<meta property=\"og:description\" content=\"Trappe de visite standard en aluminium, articul\u00e9 par des v\u00e9rins \u00e0 gaz, \u00e9tanche aux odeurs et quasiment \u00e9tanche \u00e0 l&rsquo;eau, rempli de s\u00e9rie d&rsquo;une plaque composite en aluminium \u00c0 propos de ce produit cadre et couvercle en profil\u00e9s extrud\u00e9s en aluminium hauteur d&rsquo;encastrement\u00a0: 76,5\u00a0mm la trappe est remplie de s\u00e9rie d&rsquo;une plaque composite alv\u00e9olaire rigide\u2026\" \/>\n<meta property=\"og:url\" content=\"https:\/\/storax.be\/fr\/producten\/couvercle-a-carreler\/type-cca-gd\/\" \/>\n<meta property=\"og:site_name\" content=\"Storax Belgium\" \/>\n<meta property=\"article:modified_time\" content=\"2024-05-16T07:38:43+00:00\" \/>\n<meta property=\"og:image\" content=\"https:\/\/storax.be\/wp-content\/uploads\/sites\/2\/2019\/03\/thumb_270x270_277.jpg\" \/>\n\t<meta property=\"og:image:width\" content=\"270\" \/>\n\t<meta property=\"og:image:height\" content=\"270\" \/>\n\t<meta property=\"og:image:type\" content=\"image\/jpeg\" \/>\n<meta name=\"twitter:card\" content=\"summary_large_image\" \/>\n<meta name=\"twitter:label1\" content=\"Dur\u00e9e de lecture estim\u00e9e\" \/>\n\t<meta name=\"twitter:data1\" content=\"1 minute\" \/>\n<script type=\"application\/ld+json\" class=\"yoast-schema-graph\">{\"@context\":\"https:\\\/\\\/schema.org\",\"@graph\":[{\"@type\":\"WebPage\",\"@id\":\"https:\\\/\\\/storax.be\\\/fr\\\/producten\\\/couvercle-a-carreler\\\/type-cca-gd\\\/\",\"url\":\"https:\\\/\\\/storax.be\\\/fr\\\/producten\\\/couvercle-a-carreler\\\/type-cca-gd\\\/\",\"name\":\"Type CCA-GD - Storax Belgium\",\"isPartOf\":{\"@id\":\"https:\\\/\\\/storax.be\\\/fr\\\/#website\"},\"primaryImageOfPage\":{\"@id\":\"https:\\\/\\\/storax.be\\\/fr\\\/producten\\\/couvercle-a-carreler\\\/type-cca-gd\\\/#primaryimage\"},\"image\":{\"@id\":\"https:\\\/\\\/storax.be\\\/fr\\\/producten\\\/couvercle-a-carreler\\\/type-cca-gd\\\/#primaryimage\"},\"thumbnailUrl\":\"https:\\\/\\\/storax.be\\\/wp-content\\\/uploads\\\/sites\\\/2\\\/2019\\\/03\\\/thumb_270x270_277.jpg\",\"datePublished\":\"2022-08-02T11:13:36+00:00\",\"dateModified\":\"2024-05-16T07:38:43+00:00\",\"breadcrumb\":{\"@id\":\"https:\\\/\\\/storax.be\\\/fr\\\/producten\\\/couvercle-a-carreler\\\/type-cca-gd\\\/#breadcrumb\"},\"inLanguage\":\"fr-FR\",\"potentialAction\":[{\"@type\":\"ReadAction\",\"target\":[\"https:\\\/\\\/storax.be\\\/fr\\\/producten\\\/couvercle-a-carreler\\\/type-cca-gd\\\/\"]}]},{\"@type\":\"ImageObject\",\"inLanguage\":\"fr-FR\",\"@id\":\"https:\\\/\\\/storax.be\\\/fr\\\/producten\\\/couvercle-a-carreler\\\/type-cca-gd\\\/#primaryimage\",\"url\":\"https:\\\/\\\/storax.be\\\/wp-content\\\/uploads\\\/sites\\\/2\\\/2019\\\/03\\\/thumb_270x270_277.jpg\",\"contentUrl\":\"https:\\\/\\\/storax.be\\\/wp-content\\\/uploads\\\/sites\\\/2\\\/2019\\\/03\\\/thumb_270x270_277.jpg\",\"width\":270,\"height\":270},{\"@type\":\"BreadcrumbList\",\"@id\":\"https:\\\/\\\/storax.be\\\/fr\\\/producten\\\/couvercle-a-carreler\\\/type-cca-gd\\\/#breadcrumb\",\"itemListElement\":[{\"@type\":\"ListItem\",\"position\":1,\"name\":\"Home\",\"item\":\"https:\\\/\\\/storax.be\\\/fr\\\/\"},{\"@type\":\"ListItem\",\"position\":2,\"name\":\"Producten\",\"item\":\"https:\\\/\\\/storax.be\\\/fr\\\/producten\\\/%product_category%\\\/\"},{\"@type\":\"ListItem\",\"position\":3,\"name\":\"Couvercle \u00e0 carreler\",\"item\":\"https:\\\/\\\/storax.be\\\/fr\\\/producten\\\/couvercle-a-carreler\\\/\"},{\"@type\":\"ListItem\",\"position\":4,\"name\":\"Type CCA-GD\"}]},{\"@type\":\"WebSite\",\"@id\":\"https:\\\/\\\/storax.be\\\/fr\\\/#website\",\"url\":\"https:\\\/\\\/storax.be\\\/fr\\\/\",\"name\":\"Storax Belgium\",\"description\":\"Uw betrouwbare partner voor bouwprojecten\",\"potentialAction\":[{\"@type\":\"SearchAction\",\"target\":{\"@type\":\"EntryPoint\",\"urlTemplate\":\"https:\\\/\\\/storax.be\\\/fr\\\/?s={search_term_string}\"},\"query-input\":{\"@type\":\"PropertyValueSpecification\",\"valueRequired\":true,\"valueName\":\"search_term_string\"}}],\"inLanguage\":\"fr-FR\"}]}<\/script>\n<!-- \/ Yoast SEO plugin. -->","yoast_head_json":{"title":"Type CCA-GD - Storax Belgium","robots":{"index":"index","follow":"follow","max-snippet":"max-snippet:-1","max-image-preview":"max-image-preview:large","max-video-preview":"max-video-preview:-1"},"canonical":"https:\/\/storax.be\/fr\/producten\/couvercle-a-carreler\/type-cca-gd\/","og_locale":"fr_FR","og_type":"article","og_title":"Type CCA-GD - Storax Belgium","og_description":"Trappe de visite standard en aluminium, articul\u00e9 par des v\u00e9rins \u00e0 gaz, \u00e9tanche aux odeurs et quasiment \u00e9tanche \u00e0 l&rsquo;eau, rempli de s\u00e9rie d&rsquo;une plaque composite en aluminium \u00c0 propos de ce produit cadre et couvercle en profil\u00e9s extrud\u00e9s en aluminium hauteur d&rsquo;encastrement\u00a0: 76,5\u00a0mm la trappe est remplie de s\u00e9rie d&rsquo;une plaque composite alv\u00e9olaire rigide\u2026","og_url":"https:\/\/storax.be\/fr\/producten\/couvercle-a-carreler\/type-cca-gd\/","og_site_name":"Storax Belgium","article_modified_time":"2024-05-16T07:38:43+00:00","og_image":[{"width":270,"height":270,"url":"https:\/\/storax.be\/wp-content\/uploads\/sites\/2\/2019\/03\/thumb_270x270_277.jpg","type":"image\/jpeg"}],"twitter_card":"summary_large_image","twitter_misc":{"Dur\u00e9e de lecture estim\u00e9e":"1 minute"},"schema":{"@context":"https:\/\/schema.org","@graph":[{"@type":"WebPage","@id":"https:\/\/storax.be\/fr\/producten\/couvercle-a-carreler\/type-cca-gd\/","url":"https:\/\/storax.be\/fr\/producten\/couvercle-a-carreler\/type-cca-gd\/","name":"Type CCA-GD - Storax Belgium","isPartOf":{"@id":"https:\/\/storax.be\/fr\/#website"},"primaryImageOfPage":{"@id":"https:\/\/storax.be\/fr\/producten\/couvercle-a-carreler\/type-cca-gd\/#primaryimage"},"image":{"@id":"https:\/\/storax.be\/fr\/producten\/couvercle-a-carreler\/type-cca-gd\/#primaryimage"},"thumbnailUrl":"https:\/\/storax.be\/wp-content\/uploads\/sites\/2\/2019\/03\/thumb_270x270_277.jpg","datePublished":"2022-08-02T11:13:36+00:00","dateModified":"2024-05-16T07:38:43+00:00","breadcrumb":{"@id":"https:\/\/storax.be\/fr\/producten\/couvercle-a-carreler\/type-cca-gd\/#breadcrumb"},"inLanguage":"fr-FR","potentialAction":[{"@type":"ReadAction","target":["https:\/\/storax.be\/fr\/producten\/couvercle-a-carreler\/type-cca-gd\/"]}]},{"@type":"ImageObject","inLanguage":"fr-FR","@id":"https:\/\/storax.be\/fr\/producten\/couvercle-a-carreler\/type-cca-gd\/#primaryimage","url":"https:\/\/storax.be\/wp-content\/uploads\/sites\/2\/2019\/03\/thumb_270x270_277.jpg","contentUrl":"https:\/\/storax.be\/wp-content\/uploads\/sites\/2\/2019\/03\/thumb_270x270_277.jpg","width":270,"height":270},{"@type":"BreadcrumbList","@id":"https:\/\/storax.be\/fr\/producten\/couvercle-a-carreler\/type-cca-gd\/#breadcrumb","itemListElement":[{"@type":"ListItem","position":1,"name":"Home","item":"https:\/\/storax.be\/fr\/"},{"@type":"ListItem","position":2,"name":"Producten","item":"https:\/\/storax.be\/fr\/producten\/%product_category%\/"},{"@type":"ListItem","position":3,"name":"Couvercle \u00e0 carreler","item":"https:\/\/storax.be\/fr\/producten\/couvercle-a-carreler\/"},{"@type":"ListItem","position":4,"name":"Type CCA-GD"}]},{"@type":"WebSite","@id":"https:\/\/storax.be\/fr\/#website","url":"https:\/\/storax.be\/fr\/","name":"Storax Belgium","description":"Uw betrouwbare partner voor bouwprojecten","potentialAction":[{"@type":"SearchAction","target":{"@type":"EntryPoint","urlTemplate":"https:\/\/storax.be\/fr\/?s={search_term_string}"},"query-input":{"@type":"PropertyValueSpecification","valueRequired":true,"valueName":"search_term_string"}}],"inLanguage":"fr-FR"}]}},"_links":{"self":[{"href":"https:\/\/storax.be\/fr\/wp-json\/wp\/v2\/product\/115095","targetHints":{"allow":["GET"]}}],"collection":[{"href":"https:\/\/storax.be\/fr\/wp-json\/wp\/v2\/product"}],"about":[{"href":"https:\/\/storax.be\/fr\/wp-json\/wp\/v2\/types\/product"}],"wp:featuredmedia":[{"embeddable":true,"href":"https:\/\/storax.be\/fr\/wp-json\/wp\/v2\/media\/106690"}],"wp:attachment":[{"href":"https:\/\/storax.be\/fr\/wp-json\/wp\/v2\/media?parent=115095"}],"wp:term":[{"taxonomy":"product_category","embeddable":true,"href":"https:\/\/storax.be\/fr\/wp-json\/wp\/v2\/product_category?post=115095"},{"taxonomy":"product_tag","embeddable":true,"href":"https:\/\/storax.be\/fr\/wp-json\/wp\/v2\/product_tag?post=115095"}],"curies":[{"name":"wp","href":"https:\/\/api.w.org\/{rel}","templated":true}]}}