{"id":115090,"date":"2022-08-02T10:13:30","date_gmt":"2022-08-02T10:13:30","guid":{"rendered":"https:\/\/storax.be\/?post_type=product&#038;p=115090"},"modified":"2024-05-16T07:38:43","modified_gmt":"2024-05-16T07:38:43","slug":"type-bva-ra","status":"publish","type":"product","link":"https:\/\/storax.be\/fr\/producten\/couvercle-a-carreler\/type-bva-ra\/","title":{"rendered":"Type BVA-RA"},"content":{"rendered":"<h2><strong>Trappe de visite en aluminium<\/strong><\/h2>\n<p>\u00c0 propos de ce produit<\/p>\n<ul>\n<li>le couvercle de regard est muni \u00e0 l&rsquo;int\u00e9rieur d&rsquo;une armature en fil d&rsquo;acier torsad\u00e9 soud\u00e9 en croix d&rsquo;un diam\u00e8tre de 8 ou 12\u00a0mm<\/li>\n<li>charge de rupture 125\u00a0kN selon la norme EN 124<\/li>\n<li>hauteur d&rsquo;encastrement\u00a0: 76,5\u00a0mm<\/li>\n<li>profondeur du bac\u00a0: 65,5\u00a0mm<\/li>\n<li>particuli\u00e8rement adapt\u00e9 aux conduits d&rsquo;alimentation et de retour d&rsquo;\u00e9lectricit\u00e9, de gaz, d&rsquo;eau, etc., car il est possible de les ouvrir compl\u00e8tement en retirant les trappes<\/li>\n<li>construction standard avec traverses amovibles<\/li>\n<li>tr\u00e8s facile \u00e0 ouvrir et \u00e0 fermer, le cadre et la trappe sont reli\u00e9s par des cl\u00e9 hexagonale<\/li>\n<li>en tenant compte des largeurs standard, toutes les compositions sont possibles<\/li>\n<li>toutes les trappes combin\u00e9es sont quasiment \u00e9tanches \u00e0 100\u00a0%<\/li>\n<li>fourni complet avec tous les accessoires n\u00e9cessaires et des instructions de montage claires<\/li>\n<\/ul>\n<p><strong>Attention<\/strong><\/p>\n<ul>\n<li>Les cache-conduits Hagodeck sont \u00e9galement disponibles en acier ou en acier inoxydable<\/li>\n<li>Sur mesure sur demande<\/li>\n<\/ul>\n","protected":false},"excerpt":{"rendered":"<p>Trappe de visite en aluminium \u00c0 propos de ce produit le couvercle de regard est muni \u00e0 l&rsquo;int\u00e9rieur d&rsquo;une armature en fil d&rsquo;acier torsad\u00e9 soud\u00e9 en croix d&rsquo;un diam\u00e8tre de 8 ou 12\u00a0mm charge de rupture 125\u00a0kN selon la norme EN 124 hauteur d&rsquo;encastrement\u00a0: 76,5\u00a0mm profondeur du bac\u00a0: 65,5\u00a0mm particuli\u00e8rement adapt\u00e9 aux conduits d&rsquo;alimentation et\u2026<\/p>\n","protected":false},"featured_media":106797,"template":"","meta":{"_acf_changed":false},"product_category":[646],"product_tag":[428,471,580,483,505,528,530],"class_list":["post-115090","product","type-product","status-publish","has-post-thumbnail","hentry","product_category-couvercle-a-carreler","product_tag-125-kn-fr","product_tag-765-mm-fr","product_tag-aluminium-deksel-fr","product_tag-aluminium-vloerluik-2-fr","product_tag-geen-gasdrukveer-fr","product_tag-niet-brandwerend-fr","product_tag-niet-geisoleerd-fr"],"acf":[],"yoast_head":"<!-- This site is optimized with the Yoast SEO plugin v27.3 - https:\/\/yoast.com\/product\/yoast-seo-wordpress\/ -->\n<title>Type BVA-RA - Storax Belgium<\/title>\n<meta name=\"robots\" content=\"index, follow, max-snippet:-1, max-image-preview:large, max-video-preview:-1\" \/>\n<link rel=\"canonical\" href=\"https:\/\/storax.be\/fr\/producten\/couvercle-a-carreler\/type-bva-ra\/\" \/>\n<meta property=\"og:locale\" content=\"fr_FR\" \/>\n<meta property=\"og:type\" content=\"article\" \/>\n<meta property=\"og:title\" content=\"Type BVA-RA - Storax Belgium\" \/>\n<meta property=\"og:description\" content=\"Trappe de visite en aluminium \u00c0 propos de ce produit le couvercle de regard est muni \u00e0 l&rsquo;int\u00e9rieur d&rsquo;une armature en fil d&rsquo;acier torsad\u00e9 soud\u00e9 en croix d&rsquo;un diam\u00e8tre de 8 ou 12\u00a0mm charge de rupture 125\u00a0kN selon la norme EN 124 hauteur d&rsquo;encastrement\u00a0: 76,5\u00a0mm profondeur du bac\u00a0: 65,5\u00a0mm particuli\u00e8rement adapt\u00e9 aux conduits d&rsquo;alimentation et\u2026\" \/>\n<meta property=\"og:url\" content=\"https:\/\/storax.be\/fr\/producten\/couvercle-a-carreler\/type-bva-ra\/\" \/>\n<meta property=\"og:site_name\" content=\"Storax Belgium\" \/>\n<meta property=\"article:modified_time\" content=\"2024-05-16T07:38:43+00:00\" \/>\n<meta property=\"og:image\" content=\"https:\/\/storax.be\/wp-content\/uploads\/sites\/2\/2019\/03\/thumb_270x270_197-1.jpg\" \/>\n\t<meta property=\"og:image:width\" content=\"270\" \/>\n\t<meta property=\"og:image:height\" content=\"270\" \/>\n\t<meta property=\"og:image:type\" content=\"image\/jpeg\" \/>\n<meta name=\"twitter:card\" content=\"summary_large_image\" \/>\n<meta name=\"twitter:label1\" content=\"Dur\u00e9e de lecture estim\u00e9e\" \/>\n\t<meta name=\"twitter:data1\" content=\"1 minute\" \/>\n<script type=\"application\/ld+json\" class=\"yoast-schema-graph\">{\"@context\":\"https:\\\/\\\/schema.org\",\"@graph\":[{\"@type\":\"WebPage\",\"@id\":\"https:\\\/\\\/storax.be\\\/fr\\\/producten\\\/couvercle-a-carreler\\\/type-bva-ra\\\/\",\"url\":\"https:\\\/\\\/storax.be\\\/fr\\\/producten\\\/couvercle-a-carreler\\\/type-bva-ra\\\/\",\"name\":\"Type BVA-RA - Storax Belgium\",\"isPartOf\":{\"@id\":\"https:\\\/\\\/storax.be\\\/fr\\\/#website\"},\"primaryImageOfPage\":{\"@id\":\"https:\\\/\\\/storax.be\\\/fr\\\/producten\\\/couvercle-a-carreler\\\/type-bva-ra\\\/#primaryimage\"},\"image\":{\"@id\":\"https:\\\/\\\/storax.be\\\/fr\\\/producten\\\/couvercle-a-carreler\\\/type-bva-ra\\\/#primaryimage\"},\"thumbnailUrl\":\"https:\\\/\\\/storax.be\\\/wp-content\\\/uploads\\\/sites\\\/2\\\/2019\\\/03\\\/thumb_270x270_197-1.jpg\",\"datePublished\":\"2022-08-02T10:13:30+00:00\",\"dateModified\":\"2024-05-16T07:38:43+00:00\",\"breadcrumb\":{\"@id\":\"https:\\\/\\\/storax.be\\\/fr\\\/producten\\\/couvercle-a-carreler\\\/type-bva-ra\\\/#breadcrumb\"},\"inLanguage\":\"fr-FR\",\"potentialAction\":[{\"@type\":\"ReadAction\",\"target\":[\"https:\\\/\\\/storax.be\\\/fr\\\/producten\\\/couvercle-a-carreler\\\/type-bva-ra\\\/\"]}]},{\"@type\":\"ImageObject\",\"inLanguage\":\"fr-FR\",\"@id\":\"https:\\\/\\\/storax.be\\\/fr\\\/producten\\\/couvercle-a-carreler\\\/type-bva-ra\\\/#primaryimage\",\"url\":\"https:\\\/\\\/storax.be\\\/wp-content\\\/uploads\\\/sites\\\/2\\\/2019\\\/03\\\/thumb_270x270_197-1.jpg\",\"contentUrl\":\"https:\\\/\\\/storax.be\\\/wp-content\\\/uploads\\\/sites\\\/2\\\/2019\\\/03\\\/thumb_270x270_197-1.jpg\",\"width\":270,\"height\":270},{\"@type\":\"BreadcrumbList\",\"@id\":\"https:\\\/\\\/storax.be\\\/fr\\\/producten\\\/couvercle-a-carreler\\\/type-bva-ra\\\/#breadcrumb\",\"itemListElement\":[{\"@type\":\"ListItem\",\"position\":1,\"name\":\"Home\",\"item\":\"https:\\\/\\\/storax.be\\\/fr\\\/\"},{\"@type\":\"ListItem\",\"position\":2,\"name\":\"Producten\",\"item\":\"https:\\\/\\\/storax.be\\\/fr\\\/producten\\\/%product_category%\\\/\"},{\"@type\":\"ListItem\",\"position\":3,\"name\":\"Couvercle \u00e0 carreler\",\"item\":\"https:\\\/\\\/storax.be\\\/fr\\\/producten\\\/couvercle-a-carreler\\\/\"},{\"@type\":\"ListItem\",\"position\":4,\"name\":\"Type BVA-RA\"}]},{\"@type\":\"WebSite\",\"@id\":\"https:\\\/\\\/storax.be\\\/fr\\\/#website\",\"url\":\"https:\\\/\\\/storax.be\\\/fr\\\/\",\"name\":\"Storax Belgium\",\"description\":\"Uw betrouwbare partner voor bouwprojecten\",\"potentialAction\":[{\"@type\":\"SearchAction\",\"target\":{\"@type\":\"EntryPoint\",\"urlTemplate\":\"https:\\\/\\\/storax.be\\\/fr\\\/?s={search_term_string}\"},\"query-input\":{\"@type\":\"PropertyValueSpecification\",\"valueRequired\":true,\"valueName\":\"search_term_string\"}}],\"inLanguage\":\"fr-FR\"}]}<\/script>\n<!-- \/ Yoast SEO plugin. -->","yoast_head_json":{"title":"Type BVA-RA - Storax Belgium","robots":{"index":"index","follow":"follow","max-snippet":"max-snippet:-1","max-image-preview":"max-image-preview:large","max-video-preview":"max-video-preview:-1"},"canonical":"https:\/\/storax.be\/fr\/producten\/couvercle-a-carreler\/type-bva-ra\/","og_locale":"fr_FR","og_type":"article","og_title":"Type BVA-RA - Storax Belgium","og_description":"Trappe de visite en aluminium \u00c0 propos de ce produit le couvercle de regard est muni \u00e0 l&rsquo;int\u00e9rieur d&rsquo;une armature en fil d&rsquo;acier torsad\u00e9 soud\u00e9 en croix d&rsquo;un diam\u00e8tre de 8 ou 12\u00a0mm charge de rupture 125\u00a0kN selon la norme EN 124 hauteur d&rsquo;encastrement\u00a0: 76,5\u00a0mm profondeur du bac\u00a0: 65,5\u00a0mm particuli\u00e8rement adapt\u00e9 aux conduits d&rsquo;alimentation et\u2026","og_url":"https:\/\/storax.be\/fr\/producten\/couvercle-a-carreler\/type-bva-ra\/","og_site_name":"Storax Belgium","article_modified_time":"2024-05-16T07:38:43+00:00","og_image":[{"width":270,"height":270,"url":"https:\/\/storax.be\/wp-content\/uploads\/sites\/2\/2019\/03\/thumb_270x270_197-1.jpg","type":"image\/jpeg"}],"twitter_card":"summary_large_image","twitter_misc":{"Dur\u00e9e de lecture estim\u00e9e":"1 minute"},"schema":{"@context":"https:\/\/schema.org","@graph":[{"@type":"WebPage","@id":"https:\/\/storax.be\/fr\/producten\/couvercle-a-carreler\/type-bva-ra\/","url":"https:\/\/storax.be\/fr\/producten\/couvercle-a-carreler\/type-bva-ra\/","name":"Type BVA-RA - Storax Belgium","isPartOf":{"@id":"https:\/\/storax.be\/fr\/#website"},"primaryImageOfPage":{"@id":"https:\/\/storax.be\/fr\/producten\/couvercle-a-carreler\/type-bva-ra\/#primaryimage"},"image":{"@id":"https:\/\/storax.be\/fr\/producten\/couvercle-a-carreler\/type-bva-ra\/#primaryimage"},"thumbnailUrl":"https:\/\/storax.be\/wp-content\/uploads\/sites\/2\/2019\/03\/thumb_270x270_197-1.jpg","datePublished":"2022-08-02T10:13:30+00:00","dateModified":"2024-05-16T07:38:43+00:00","breadcrumb":{"@id":"https:\/\/storax.be\/fr\/producten\/couvercle-a-carreler\/type-bva-ra\/#breadcrumb"},"inLanguage":"fr-FR","potentialAction":[{"@type":"ReadAction","target":["https:\/\/storax.be\/fr\/producten\/couvercle-a-carreler\/type-bva-ra\/"]}]},{"@type":"ImageObject","inLanguage":"fr-FR","@id":"https:\/\/storax.be\/fr\/producten\/couvercle-a-carreler\/type-bva-ra\/#primaryimage","url":"https:\/\/storax.be\/wp-content\/uploads\/sites\/2\/2019\/03\/thumb_270x270_197-1.jpg","contentUrl":"https:\/\/storax.be\/wp-content\/uploads\/sites\/2\/2019\/03\/thumb_270x270_197-1.jpg","width":270,"height":270},{"@type":"BreadcrumbList","@id":"https:\/\/storax.be\/fr\/producten\/couvercle-a-carreler\/type-bva-ra\/#breadcrumb","itemListElement":[{"@type":"ListItem","position":1,"name":"Home","item":"https:\/\/storax.be\/fr\/"},{"@type":"ListItem","position":2,"name":"Producten","item":"https:\/\/storax.be\/fr\/producten\/%product_category%\/"},{"@type":"ListItem","position":3,"name":"Couvercle \u00e0 carreler","item":"https:\/\/storax.be\/fr\/producten\/couvercle-a-carreler\/"},{"@type":"ListItem","position":4,"name":"Type BVA-RA"}]},{"@type":"WebSite","@id":"https:\/\/storax.be\/fr\/#website","url":"https:\/\/storax.be\/fr\/","name":"Storax Belgium","description":"Uw betrouwbare partner voor bouwprojecten","potentialAction":[{"@type":"SearchAction","target":{"@type":"EntryPoint","urlTemplate":"https:\/\/storax.be\/fr\/?s={search_term_string}"},"query-input":{"@type":"PropertyValueSpecification","valueRequired":true,"valueName":"search_term_string"}}],"inLanguage":"fr-FR"}]}},"_links":{"self":[{"href":"https:\/\/storax.be\/fr\/wp-json\/wp\/v2\/product\/115090","targetHints":{"allow":["GET"]}}],"collection":[{"href":"https:\/\/storax.be\/fr\/wp-json\/wp\/v2\/product"}],"about":[{"href":"https:\/\/storax.be\/fr\/wp-json\/wp\/v2\/types\/product"}],"wp:featuredmedia":[{"embeddable":true,"href":"https:\/\/storax.be\/fr\/wp-json\/wp\/v2\/media\/106797"}],"wp:attachment":[{"href":"https:\/\/storax.be\/fr\/wp-json\/wp\/v2\/media?parent=115090"}],"wp:term":[{"taxonomy":"product_category","embeddable":true,"href":"https:\/\/storax.be\/fr\/wp-json\/wp\/v2\/product_category?post=115090"},{"taxonomy":"product_tag","embeddable":true,"href":"https:\/\/storax.be\/fr\/wp-json\/wp\/v2\/product_tag?post=115090"}],"curies":[{"name":"wp","href":"https:\/\/api.w.org\/{rel}","templated":true}]}}