{"id":115086,"date":"2022-08-02T09:57:33","date_gmt":"2022-08-02T09:57:33","guid":{"rendered":"https:\/\/storax.be\/?post_type=product&#038;p=115086"},"modified":"2024-05-16T07:38:41","modified_gmt":"2024-05-16T07:38:41","slug":"trappe-dacces","status":"publish","type":"product","link":"https:\/\/storax.be\/fr\/producten\/couvercle-a-carreler\/trappe-dacces\/","title":{"rendered":"Trappe d&rsquo;acc\u00e8s"},"content":{"rendered":"<h2><strong>Trappes de visite pour les puits d&rsquo;eau<\/strong><\/h2>\n<p>Les trappes d&rsquo;acc\u00e8s en t\u00f4le stri\u00e9e Storax ont \u00e9t\u00e9 d\u00e9velopp\u00e9es pour faciliter l&rsquo;acc\u00e8s aux puits d&rsquo;eau des compagnies de distribution, par exemple. Conform\u00e9ment \u00e0 la r\u00e9glementation sur la distribution de l&rsquo;eau, les dimensions int\u00e9rieures du puits doivent \u00eatre de 800\u00a0mm x 600\u00a0mm. Le sommet du puits doit \u00eatre ferm\u00e9 par un couvercle qui peut \u00eatre ouvert facilement.\u00a0 La trappe d&rsquo;acc\u00e8s de Storax est une solution id\u00e9ale.<\/p>\n<p>Outre pour les puits d&rsquo;eau, le couvercle peut \u00e9galement servir de trappe d&rsquo;acc\u00e8s aux sous-sols, aux vides sanitaires ou aux puits techniques.<\/p>\n<ul>\n<li>Couvercle en aluminium avec surface en t\u00f4le stri\u00e9e antid\u00e9rapante<\/li>\n<li>Cadre du tapis de sol\u00a0: 30x30x3\u00a0mm.<\/li>\n<li>5\/7 d&rsquo;\u00e9paisseur<\/li>\n<li>Cadre et trappe en profil\u00e9s extrud\u00e9s en aluminium<\/li>\n<li>tr\u00e8s facile \u00e0 ouvrir et \u00e0 fermer, le cadre et la trappe sont reli\u00e9s par des cl\u00e9 hexagonale<\/li>\n<\/ul>\n","protected":false},"excerpt":{"rendered":"<p>Trappes de visite pour les puits d&rsquo;eau Les trappes d&rsquo;acc\u00e8s en t\u00f4le stri\u00e9e Storax ont \u00e9t\u00e9 d\u00e9velopp\u00e9es pour faciliter l&rsquo;acc\u00e8s aux puits d&rsquo;eau des compagnies de distribution, par exemple. Conform\u00e9ment \u00e0 la r\u00e9glementation sur la distribution de l&rsquo;eau, les dimensions int\u00e9rieures du puits doivent \u00eatre de 800\u00a0mm x 600\u00a0mm. Le sommet du puits doit \u00eatre\u2026<\/p>\n","protected":false},"featured_media":111561,"template":"","meta":{"_acf_changed":false},"product_category":[646],"product_tag":[],"class_list":["post-115086","product","type-product","status-publish","has-post-thumbnail","hentry","product_category-couvercle-a-carreler"],"acf":[],"yoast_head":"<!-- This site is optimized with the Yoast SEO plugin v27.3 - https:\/\/yoast.com\/product\/yoast-seo-wordpress\/ -->\n<title>Trappe d&#039;acc\u00e8s - Storax Belgium<\/title>\n<meta name=\"robots\" content=\"index, follow, max-snippet:-1, max-image-preview:large, max-video-preview:-1\" \/>\n<link rel=\"canonical\" href=\"https:\/\/storax.be\/fr\/producten\/couvercle-a-carreler\/trappe-dacces\/\" \/>\n<meta property=\"og:locale\" content=\"fr_FR\" \/>\n<meta property=\"og:type\" content=\"article\" \/>\n<meta property=\"og:title\" content=\"Trappe d&#039;acc\u00e8s - Storax Belgium\" \/>\n<meta property=\"og:description\" content=\"Trappes de visite pour les puits d&rsquo;eau Les trappes d&rsquo;acc\u00e8s en t\u00f4le stri\u00e9e Storax ont \u00e9t\u00e9 d\u00e9velopp\u00e9es pour faciliter l&rsquo;acc\u00e8s aux puits d&rsquo;eau des compagnies de distribution, par exemple. Conform\u00e9ment \u00e0 la r\u00e9glementation sur la distribution de l&rsquo;eau, les dimensions int\u00e9rieures du puits doivent \u00eatre de 800\u00a0mm x 600\u00a0mm. Le sommet du puits doit \u00eatre\u2026\" \/>\n<meta property=\"og:url\" content=\"https:\/\/storax.be\/fr\/producten\/couvercle-a-carreler\/trappe-dacces\/\" \/>\n<meta property=\"og:site_name\" content=\"Storax Belgium\" \/>\n<meta property=\"article:modified_time\" content=\"2024-05-16T07:38:41+00:00\" \/>\n<meta property=\"og:image\" content=\"https:\/\/storax.be\/wp-content\/uploads\/sites\/2\/2021\/03\/toegangsluik-test.jpg\" \/>\n\t<meta property=\"og:image:width\" content=\"471\" \/>\n\t<meta property=\"og:image:height\" content=\"470\" \/>\n\t<meta property=\"og:image:type\" content=\"image\/jpeg\" \/>\n<meta name=\"twitter:card\" content=\"summary_large_image\" \/>\n<meta name=\"twitter:label1\" content=\"Dur\u00e9e de lecture estim\u00e9e\" \/>\n\t<meta name=\"twitter:data1\" content=\"1 minute\" \/>\n<script type=\"application\/ld+json\" class=\"yoast-schema-graph\">{\"@context\":\"https:\\\/\\\/schema.org\",\"@graph\":[{\"@type\":\"WebPage\",\"@id\":\"https:\\\/\\\/storax.be\\\/fr\\\/producten\\\/couvercle-a-carreler\\\/trappe-dacces\\\/\",\"url\":\"https:\\\/\\\/storax.be\\\/fr\\\/producten\\\/couvercle-a-carreler\\\/trappe-dacces\\\/\",\"name\":\"Trappe d'acc\u00e8s - Storax Belgium\",\"isPartOf\":{\"@id\":\"https:\\\/\\\/storax.be\\\/fr\\\/#website\"},\"primaryImageOfPage\":{\"@id\":\"https:\\\/\\\/storax.be\\\/fr\\\/producten\\\/couvercle-a-carreler\\\/trappe-dacces\\\/#primaryimage\"},\"image\":{\"@id\":\"https:\\\/\\\/storax.be\\\/fr\\\/producten\\\/couvercle-a-carreler\\\/trappe-dacces\\\/#primaryimage\"},\"thumbnailUrl\":\"https:\\\/\\\/storax.be\\\/wp-content\\\/uploads\\\/sites\\\/2\\\/2021\\\/03\\\/toegangsluik-test.jpg\",\"datePublished\":\"2022-08-02T09:57:33+00:00\",\"dateModified\":\"2024-05-16T07:38:41+00:00\",\"breadcrumb\":{\"@id\":\"https:\\\/\\\/storax.be\\\/fr\\\/producten\\\/couvercle-a-carreler\\\/trappe-dacces\\\/#breadcrumb\"},\"inLanguage\":\"fr-FR\",\"potentialAction\":[{\"@type\":\"ReadAction\",\"target\":[\"https:\\\/\\\/storax.be\\\/fr\\\/producten\\\/couvercle-a-carreler\\\/trappe-dacces\\\/\"]}]},{\"@type\":\"ImageObject\",\"inLanguage\":\"fr-FR\",\"@id\":\"https:\\\/\\\/storax.be\\\/fr\\\/producten\\\/couvercle-a-carreler\\\/trappe-dacces\\\/#primaryimage\",\"url\":\"https:\\\/\\\/storax.be\\\/wp-content\\\/uploads\\\/sites\\\/2\\\/2021\\\/03\\\/toegangsluik-test.jpg\",\"contentUrl\":\"https:\\\/\\\/storax.be\\\/wp-content\\\/uploads\\\/sites\\\/2\\\/2021\\\/03\\\/toegangsluik-test.jpg\",\"width\":471,\"height\":470},{\"@type\":\"BreadcrumbList\",\"@id\":\"https:\\\/\\\/storax.be\\\/fr\\\/producten\\\/couvercle-a-carreler\\\/trappe-dacces\\\/#breadcrumb\",\"itemListElement\":[{\"@type\":\"ListItem\",\"position\":1,\"name\":\"Home\",\"item\":\"https:\\\/\\\/storax.be\\\/fr\\\/\"},{\"@type\":\"ListItem\",\"position\":2,\"name\":\"Producten\",\"item\":\"https:\\\/\\\/storax.be\\\/fr\\\/producten\\\/%product_category%\\\/\"},{\"@type\":\"ListItem\",\"position\":3,\"name\":\"Couvercle \u00e0 carreler\",\"item\":\"https:\\\/\\\/storax.be\\\/fr\\\/producten\\\/couvercle-a-carreler\\\/\"},{\"@type\":\"ListItem\",\"position\":4,\"name\":\"Trappe d&rsquo;acc\u00e8s\"}]},{\"@type\":\"WebSite\",\"@id\":\"https:\\\/\\\/storax.be\\\/fr\\\/#website\",\"url\":\"https:\\\/\\\/storax.be\\\/fr\\\/\",\"name\":\"Storax Belgium\",\"description\":\"Uw betrouwbare partner voor bouwprojecten\",\"potentialAction\":[{\"@type\":\"SearchAction\",\"target\":{\"@type\":\"EntryPoint\",\"urlTemplate\":\"https:\\\/\\\/storax.be\\\/fr\\\/?s={search_term_string}\"},\"query-input\":{\"@type\":\"PropertyValueSpecification\",\"valueRequired\":true,\"valueName\":\"search_term_string\"}}],\"inLanguage\":\"fr-FR\"}]}<\/script>\n<!-- \/ Yoast SEO plugin. -->","yoast_head_json":{"title":"Trappe d'acc\u00e8s - Storax Belgium","robots":{"index":"index","follow":"follow","max-snippet":"max-snippet:-1","max-image-preview":"max-image-preview:large","max-video-preview":"max-video-preview:-1"},"canonical":"https:\/\/storax.be\/fr\/producten\/couvercle-a-carreler\/trappe-dacces\/","og_locale":"fr_FR","og_type":"article","og_title":"Trappe d'acc\u00e8s - Storax Belgium","og_description":"Trappes de visite pour les puits d&rsquo;eau Les trappes d&rsquo;acc\u00e8s en t\u00f4le stri\u00e9e Storax ont \u00e9t\u00e9 d\u00e9velopp\u00e9es pour faciliter l&rsquo;acc\u00e8s aux puits d&rsquo;eau des compagnies de distribution, par exemple. Conform\u00e9ment \u00e0 la r\u00e9glementation sur la distribution de l&rsquo;eau, les dimensions int\u00e9rieures du puits doivent \u00eatre de 800\u00a0mm x 600\u00a0mm. Le sommet du puits doit \u00eatre\u2026","og_url":"https:\/\/storax.be\/fr\/producten\/couvercle-a-carreler\/trappe-dacces\/","og_site_name":"Storax Belgium","article_modified_time":"2024-05-16T07:38:41+00:00","og_image":[{"width":471,"height":470,"url":"https:\/\/storax.be\/wp-content\/uploads\/sites\/2\/2021\/03\/toegangsluik-test.jpg","type":"image\/jpeg"}],"twitter_card":"summary_large_image","twitter_misc":{"Dur\u00e9e de lecture estim\u00e9e":"1 minute"},"schema":{"@context":"https:\/\/schema.org","@graph":[{"@type":"WebPage","@id":"https:\/\/storax.be\/fr\/producten\/couvercle-a-carreler\/trappe-dacces\/","url":"https:\/\/storax.be\/fr\/producten\/couvercle-a-carreler\/trappe-dacces\/","name":"Trappe d'acc\u00e8s - Storax Belgium","isPartOf":{"@id":"https:\/\/storax.be\/fr\/#website"},"primaryImageOfPage":{"@id":"https:\/\/storax.be\/fr\/producten\/couvercle-a-carreler\/trappe-dacces\/#primaryimage"},"image":{"@id":"https:\/\/storax.be\/fr\/producten\/couvercle-a-carreler\/trappe-dacces\/#primaryimage"},"thumbnailUrl":"https:\/\/storax.be\/wp-content\/uploads\/sites\/2\/2021\/03\/toegangsluik-test.jpg","datePublished":"2022-08-02T09:57:33+00:00","dateModified":"2024-05-16T07:38:41+00:00","breadcrumb":{"@id":"https:\/\/storax.be\/fr\/producten\/couvercle-a-carreler\/trappe-dacces\/#breadcrumb"},"inLanguage":"fr-FR","potentialAction":[{"@type":"ReadAction","target":["https:\/\/storax.be\/fr\/producten\/couvercle-a-carreler\/trappe-dacces\/"]}]},{"@type":"ImageObject","inLanguage":"fr-FR","@id":"https:\/\/storax.be\/fr\/producten\/couvercle-a-carreler\/trappe-dacces\/#primaryimage","url":"https:\/\/storax.be\/wp-content\/uploads\/sites\/2\/2021\/03\/toegangsluik-test.jpg","contentUrl":"https:\/\/storax.be\/wp-content\/uploads\/sites\/2\/2021\/03\/toegangsluik-test.jpg","width":471,"height":470},{"@type":"BreadcrumbList","@id":"https:\/\/storax.be\/fr\/producten\/couvercle-a-carreler\/trappe-dacces\/#breadcrumb","itemListElement":[{"@type":"ListItem","position":1,"name":"Home","item":"https:\/\/storax.be\/fr\/"},{"@type":"ListItem","position":2,"name":"Producten","item":"https:\/\/storax.be\/fr\/producten\/%product_category%\/"},{"@type":"ListItem","position":3,"name":"Couvercle \u00e0 carreler","item":"https:\/\/storax.be\/fr\/producten\/couvercle-a-carreler\/"},{"@type":"ListItem","position":4,"name":"Trappe d&rsquo;acc\u00e8s"}]},{"@type":"WebSite","@id":"https:\/\/storax.be\/fr\/#website","url":"https:\/\/storax.be\/fr\/","name":"Storax Belgium","description":"Uw betrouwbare partner voor bouwprojecten","potentialAction":[{"@type":"SearchAction","target":{"@type":"EntryPoint","urlTemplate":"https:\/\/storax.be\/fr\/?s={search_term_string}"},"query-input":{"@type":"PropertyValueSpecification","valueRequired":true,"valueName":"search_term_string"}}],"inLanguage":"fr-FR"}]}},"_links":{"self":[{"href":"https:\/\/storax.be\/fr\/wp-json\/wp\/v2\/product\/115086","targetHints":{"allow":["GET"]}}],"collection":[{"href":"https:\/\/storax.be\/fr\/wp-json\/wp\/v2\/product"}],"about":[{"href":"https:\/\/storax.be\/fr\/wp-json\/wp\/v2\/types\/product"}],"wp:featuredmedia":[{"embeddable":true,"href":"https:\/\/storax.be\/fr\/wp-json\/wp\/v2\/media\/111561"}],"wp:attachment":[{"href":"https:\/\/storax.be\/fr\/wp-json\/wp\/v2\/media?parent=115086"}],"wp:term":[{"taxonomy":"product_category","embeddable":true,"href":"https:\/\/storax.be\/fr\/wp-json\/wp\/v2\/product_category?post=115086"},{"taxonomy":"product_tag","embeddable":true,"href":"https:\/\/storax.be\/fr\/wp-json\/wp\/v2\/product_tag?post=115086"}],"curies":[{"name":"wp","href":"https:\/\/api.w.org\/{rel}","templated":true}]}}