{"id":115084,"date":"2022-08-02T09:53:21","date_gmt":"2022-08-02T09:53:21","guid":{"rendered":"https:\/\/storax.be\/?post_type=product&#038;p=115084"},"modified":"2024-05-16T07:38:41","modified_gmt":"2024-05-16T07:38:41","slug":"type-bv","status":"publish","type":"product","link":"https:\/\/www.storax.nl\/fr\/producten\/couvercle-a-carreler\/type-bv\/","title":{"rendered":"Type BV"},"content":{"rendered":"<h2><strong>Trappes de visite standard en acier, \u00e9tanche aux odeurs et \u00e0 l&rsquo;eau<\/strong><\/h2>\n<p><strong>\u00c0 propos de ce produit<\/strong><\/p>\n<ul>\n<li>le cadre et le couvercle sont fabriqu\u00e9s en t\u00f4le d&rsquo;acier de 2\u00a0mm d&rsquo;\u00e9paisseur form\u00e9e \u00e0 froid<\/li>\n<li>traitement de surface\u00a0: galvanis\u00e9 \u00e0 chaud<\/li>\n<li>charge de rupture\u00a0: 125\u00a0kN selon la norme EN 124<\/li>\n<li>hauteur d&rsquo;encastrement\u00a0: 75\u00a0mm<\/li>\n<li>profondeur du bac\u00a0: 50\u00a0mm<\/li>\n<li>la trappe est renforc\u00e9e \u00e0 l&rsquo;int\u00e9rieur par du fil d&rsquo;acier torsad\u00e9<\/li>\n<li>\u00e9tanch\u00e9it\u00e9 garantie aux odeurs et \u00e0 l&rsquo;eau<\/li>\n<li>le bord visible apr\u00e8s remplissage est de 4-5\u00a0mm<\/li>\n<li>\u00e9quip\u00e9 d&rsquo;un joint de haute qualit\u00e9, r\u00e9sistant aux produits chimiques<\/li>\n<li>tr\u00e8s facile \u00e0 ouvrir et \u00e0 fermer, le cadre et la trappe sont reli\u00e9s par des cl\u00e9 hexagonale<\/li>\n<li>fourni complet avec tous les accessoires n\u00e9cessaires et des instructions de montage claires<\/li>\n<\/ul>\n<table style=\"border-style: solid; border-width: thin;\" cellspacing=\"0\" cellpadding=\"0\">\n<tbody>\n<tr>\n<td style=\"text-align: left; vertical-align: top; padding: 10px; width: 150px;\"><img decoding=\"async\" src=\"https:\/\/www.storax.nl\/images\/Vloerluiken\/1.jpg\" width=\"150\" height=\"auto\" \/><\/td>\n<td style=\"text-align: left; vertical-align: top; padding: 10px;\">Un couvercle lourd sans charni\u00e8re est souvent difficile \u00e0 soulever du sol. <a href=\"#\">L&rsquo;Hagolifter<\/a> offre une solution.<\/td>\n<\/tr>\n<\/tbody>\n<\/table>\n","protected":false},"excerpt":{"rendered":"<p>Trappes de visite standard en acier, \u00e9tanche aux odeurs et \u00e0 l&rsquo;eau \u00c0 propos de ce produit le cadre et le couvercle sont fabriqu\u00e9s en t\u00f4le d&rsquo;acier de 2\u00a0mm d&rsquo;\u00e9paisseur form\u00e9e \u00e0 froid traitement de surface\u00a0: galvanis\u00e9 \u00e0 chaud charge de rupture\u00a0: 125\u00a0kN selon la norme EN 124 hauteur d&rsquo;encastrement\u00a0: 75\u00a0mm profondeur du bac\u00a0: 50\u00a0mm\u2026<\/p>\n","protected":false},"featured_media":106827,"template":"","meta":{"_acf_changed":false},"product_category":[646],"product_tag":[428,469,505,528,530,554],"class_list":["post-115084","product","type-product","status-publish","has-post-thumbnail","hentry","product_category-couvercle-a-carreler","product_tag-125-kn-fr","product_tag-75-mm-fr","product_tag-geen-gasdrukveer-fr","product_tag-niet-brandwerend-fr","product_tag-niet-geisoleerd-fr","product_tag-staal-fr"],"acf":[],"yoast_head":"<!-- This site is optimized with the Yoast SEO plugin v27.3 - https:\/\/yoast.com\/product\/yoast-seo-wordpress\/ -->\n<title>Type BV - Storax Belgium<\/title>\n<meta name=\"robots\" content=\"index, follow, max-snippet:-1, max-image-preview:large, max-video-preview:-1\" \/>\n<link rel=\"canonical\" href=\"https:\/\/www.storax.nl\/fr\/producten\/couvercle-a-carreler\/type-bv\/\" \/>\n<meta property=\"og:locale\" content=\"fr_FR\" \/>\n<meta property=\"og:type\" content=\"article\" \/>\n<meta property=\"og:title\" content=\"Type BV - Storax Belgium\" \/>\n<meta property=\"og:description\" content=\"Trappes de visite standard en acier, \u00e9tanche aux odeurs et \u00e0 l&rsquo;eau \u00c0 propos de ce produit le cadre et le couvercle sont fabriqu\u00e9s en t\u00f4le d&rsquo;acier de 2\u00a0mm d&rsquo;\u00e9paisseur form\u00e9e \u00e0 froid traitement de surface\u00a0: galvanis\u00e9 \u00e0 chaud charge de rupture\u00a0: 125\u00a0kN selon la norme EN 124 hauteur d&rsquo;encastrement\u00a0: 75\u00a0mm profondeur du bac\u00a0: 50\u00a0mm\u2026\" \/>\n<meta property=\"og:url\" content=\"https:\/\/www.storax.nl\/fr\/producten\/couvercle-a-carreler\/type-bv\/\" \/>\n<meta property=\"og:site_name\" content=\"Storax Belgium\" \/>\n<meta property=\"article:modified_time\" content=\"2024-05-16T07:38:41+00:00\" \/>\n<meta property=\"og:image\" content=\"https:\/\/storax.be\/wp-content\/uploads\/sites\/2\/2019\/03\/thumb_270x270_181.jpg\" \/>\n\t<meta property=\"og:image:width\" content=\"270\" \/>\n\t<meta property=\"og:image:height\" content=\"270\" \/>\n\t<meta property=\"og:image:type\" content=\"image\/jpeg\" \/>\n<meta name=\"twitter:card\" content=\"summary_large_image\" \/>\n<meta name=\"twitter:label1\" content=\"Dur\u00e9e de lecture estim\u00e9e\" \/>\n\t<meta name=\"twitter:data1\" content=\"1 minute\" \/>\n<script type=\"application\/ld+json\" class=\"yoast-schema-graph\">{\"@context\":\"https:\\\/\\\/schema.org\",\"@graph\":[{\"@type\":\"WebPage\",\"@id\":\"https:\\\/\\\/www.storax.nl\\\/fr\\\/producten\\\/couvercle-a-carreler\\\/type-bv\\\/\",\"url\":\"https:\\\/\\\/www.storax.nl\\\/fr\\\/producten\\\/couvercle-a-carreler\\\/type-bv\\\/\",\"name\":\"Type BV - Storax Belgium\",\"isPartOf\":{\"@id\":\"https:\\\/\\\/storax.be\\\/fr\\\/#website\"},\"primaryImageOfPage\":{\"@id\":\"https:\\\/\\\/www.storax.nl\\\/fr\\\/producten\\\/couvercle-a-carreler\\\/type-bv\\\/#primaryimage\"},\"image\":{\"@id\":\"https:\\\/\\\/www.storax.nl\\\/fr\\\/producten\\\/couvercle-a-carreler\\\/type-bv\\\/#primaryimage\"},\"thumbnailUrl\":\"https:\\\/\\\/www.storax.nl\\\/wp-content\\\/uploads\\\/sites\\\/2\\\/2019\\\/03\\\/thumb_270x270_181.jpg\",\"datePublished\":\"2022-08-02T09:53:21+00:00\",\"dateModified\":\"2024-05-16T07:38:41+00:00\",\"breadcrumb\":{\"@id\":\"https:\\\/\\\/www.storax.nl\\\/fr\\\/producten\\\/couvercle-a-carreler\\\/type-bv\\\/#breadcrumb\"},\"inLanguage\":\"fr-FR\",\"potentialAction\":[{\"@type\":\"ReadAction\",\"target\":[\"https:\\\/\\\/www.storax.nl\\\/fr\\\/producten\\\/couvercle-a-carreler\\\/type-bv\\\/\"]}]},{\"@type\":\"ImageObject\",\"inLanguage\":\"fr-FR\",\"@id\":\"https:\\\/\\\/www.storax.nl\\\/fr\\\/producten\\\/couvercle-a-carreler\\\/type-bv\\\/#primaryimage\",\"url\":\"https:\\\/\\\/www.storax.nl\\\/wp-content\\\/uploads\\\/sites\\\/2\\\/2019\\\/03\\\/thumb_270x270_181.jpg\",\"contentUrl\":\"https:\\\/\\\/www.storax.nl\\\/wp-content\\\/uploads\\\/sites\\\/2\\\/2019\\\/03\\\/thumb_270x270_181.jpg\",\"width\":270,\"height\":270},{\"@type\":\"BreadcrumbList\",\"@id\":\"https:\\\/\\\/www.storax.nl\\\/fr\\\/producten\\\/couvercle-a-carreler\\\/type-bv\\\/#breadcrumb\",\"itemListElement\":[{\"@type\":\"ListItem\",\"position\":1,\"name\":\"Home\",\"item\":\"https:\\\/\\\/storax.be\\\/fr\\\/\"},{\"@type\":\"ListItem\",\"position\":2,\"name\":\"Producten\",\"item\":\"https:\\\/\\\/www.storax.nl\\\/fr\\\/producten\\\/%product_category%\\\/\"},{\"@type\":\"ListItem\",\"position\":3,\"name\":\"Couvercle \u00e0 carreler\",\"item\":\"https:\\\/\\\/www.storax.nl\\\/fr\\\/producten\\\/couvercle-a-carreler\\\/\"},{\"@type\":\"ListItem\",\"position\":4,\"name\":\"Type BV\"}]},{\"@type\":\"WebSite\",\"@id\":\"https:\\\/\\\/storax.be\\\/fr\\\/#website\",\"url\":\"https:\\\/\\\/storax.be\\\/fr\\\/\",\"name\":\"Storax Belgium\",\"description\":\"Uw betrouwbare partner voor bouwprojecten\",\"potentialAction\":[{\"@type\":\"SearchAction\",\"target\":{\"@type\":\"EntryPoint\",\"urlTemplate\":\"https:\\\/\\\/storax.be\\\/fr\\\/?s={search_term_string}\"},\"query-input\":{\"@type\":\"PropertyValueSpecification\",\"valueRequired\":true,\"valueName\":\"search_term_string\"}}],\"inLanguage\":\"fr-FR\"}]}<\/script>\n<!-- \/ Yoast SEO plugin. -->","yoast_head_json":{"title":"Type BV - Storax Belgium","robots":{"index":"index","follow":"follow","max-snippet":"max-snippet:-1","max-image-preview":"max-image-preview:large","max-video-preview":"max-video-preview:-1"},"canonical":"https:\/\/www.storax.nl\/fr\/producten\/couvercle-a-carreler\/type-bv\/","og_locale":"fr_FR","og_type":"article","og_title":"Type BV - Storax Belgium","og_description":"Trappes de visite standard en acier, \u00e9tanche aux odeurs et \u00e0 l&rsquo;eau \u00c0 propos de ce produit le cadre et le couvercle sont fabriqu\u00e9s en t\u00f4le d&rsquo;acier de 2\u00a0mm d&rsquo;\u00e9paisseur form\u00e9e \u00e0 froid traitement de surface\u00a0: galvanis\u00e9 \u00e0 chaud charge de rupture\u00a0: 125\u00a0kN selon la norme EN 124 hauteur d&rsquo;encastrement\u00a0: 75\u00a0mm profondeur du bac\u00a0: 50\u00a0mm\u2026","og_url":"https:\/\/www.storax.nl\/fr\/producten\/couvercle-a-carreler\/type-bv\/","og_site_name":"Storax Belgium","article_modified_time":"2024-05-16T07:38:41+00:00","og_image":[{"width":270,"height":270,"url":"https:\/\/storax.be\/wp-content\/uploads\/sites\/2\/2019\/03\/thumb_270x270_181.jpg","type":"image\/jpeg"}],"twitter_card":"summary_large_image","twitter_misc":{"Dur\u00e9e de lecture estim\u00e9e":"1 minute"},"schema":{"@context":"https:\/\/schema.org","@graph":[{"@type":"WebPage","@id":"https:\/\/www.storax.nl\/fr\/producten\/couvercle-a-carreler\/type-bv\/","url":"https:\/\/www.storax.nl\/fr\/producten\/couvercle-a-carreler\/type-bv\/","name":"Type BV - Storax Belgium","isPartOf":{"@id":"https:\/\/storax.be\/fr\/#website"},"primaryImageOfPage":{"@id":"https:\/\/www.storax.nl\/fr\/producten\/couvercle-a-carreler\/type-bv\/#primaryimage"},"image":{"@id":"https:\/\/www.storax.nl\/fr\/producten\/couvercle-a-carreler\/type-bv\/#primaryimage"},"thumbnailUrl":"https:\/\/www.storax.nl\/wp-content\/uploads\/sites\/2\/2019\/03\/thumb_270x270_181.jpg","datePublished":"2022-08-02T09:53:21+00:00","dateModified":"2024-05-16T07:38:41+00:00","breadcrumb":{"@id":"https:\/\/www.storax.nl\/fr\/producten\/couvercle-a-carreler\/type-bv\/#breadcrumb"},"inLanguage":"fr-FR","potentialAction":[{"@type":"ReadAction","target":["https:\/\/www.storax.nl\/fr\/producten\/couvercle-a-carreler\/type-bv\/"]}]},{"@type":"ImageObject","inLanguage":"fr-FR","@id":"https:\/\/www.storax.nl\/fr\/producten\/couvercle-a-carreler\/type-bv\/#primaryimage","url":"https:\/\/www.storax.nl\/wp-content\/uploads\/sites\/2\/2019\/03\/thumb_270x270_181.jpg","contentUrl":"https:\/\/www.storax.nl\/wp-content\/uploads\/sites\/2\/2019\/03\/thumb_270x270_181.jpg","width":270,"height":270},{"@type":"BreadcrumbList","@id":"https:\/\/www.storax.nl\/fr\/producten\/couvercle-a-carreler\/type-bv\/#breadcrumb","itemListElement":[{"@type":"ListItem","position":1,"name":"Home","item":"https:\/\/storax.be\/fr\/"},{"@type":"ListItem","position":2,"name":"Producten","item":"https:\/\/www.storax.nl\/fr\/producten\/%product_category%\/"},{"@type":"ListItem","position":3,"name":"Couvercle \u00e0 carreler","item":"https:\/\/www.storax.nl\/fr\/producten\/couvercle-a-carreler\/"},{"@type":"ListItem","position":4,"name":"Type BV"}]},{"@type":"WebSite","@id":"https:\/\/storax.be\/fr\/#website","url":"https:\/\/storax.be\/fr\/","name":"Storax Belgium","description":"Uw betrouwbare partner voor bouwprojecten","potentialAction":[{"@type":"SearchAction","target":{"@type":"EntryPoint","urlTemplate":"https:\/\/storax.be\/fr\/?s={search_term_string}"},"query-input":{"@type":"PropertyValueSpecification","valueRequired":true,"valueName":"search_term_string"}}],"inLanguage":"fr-FR"}]}},"_links":{"self":[{"href":"https:\/\/www.storax.nl\/fr\/wp-json\/wp\/v2\/product\/115084","targetHints":{"allow":["GET"]}}],"collection":[{"href":"https:\/\/www.storax.nl\/fr\/wp-json\/wp\/v2\/product"}],"about":[{"href":"https:\/\/www.storax.nl\/fr\/wp-json\/wp\/v2\/types\/product"}],"wp:featuredmedia":[{"embeddable":true,"href":"https:\/\/www.storax.nl\/fr\/wp-json\/wp\/v2\/media\/106827"}],"wp:attachment":[{"href":"https:\/\/www.storax.nl\/fr\/wp-json\/wp\/v2\/media?parent=115084"}],"wp:term":[{"taxonomy":"product_category","embeddable":true,"href":"https:\/\/www.storax.nl\/fr\/wp-json\/wp\/v2\/product_category?post=115084"},{"taxonomy":"product_tag","embeddable":true,"href":"https:\/\/www.storax.nl\/fr\/wp-json\/wp\/v2\/product_tag?post=115084"}],"curies":[{"name":"wp","href":"https:\/\/api.w.org\/{rel}","templated":true}]}}