{"id":115081,"date":"2022-08-02T09:48:33","date_gmt":"2022-08-02T09:48:33","guid":{"rendered":"https:\/\/storax.be\/?post_type=product&#038;p=115081"},"modified":"2024-05-16T07:38:40","modified_gmt":"2024-05-16T07:38:40","slug":"serie-gtp-hd","status":"publish","type":"product","link":"https:\/\/storax.be\/fr\/producten\/profiles-couvre-joints-resistant-aux-tremblements-de-terre\/serie-gtp-hd\/","title":{"rendered":"S\u00e9rie GTP HD"},"content":{"rendered":"<h2 style=\"font-size: 1.5em; line-height: 40px; font-weight: 600;\">Profil\u00e9 couvre-joint antisismique, pour les sols en bois, stratifi\u00e9s ou carrel\u00e9s.<\/h2>\n<p><span style=\"font-weight: 400;\">Profil\u00e9s couvre-joints de 50-100\u00a0mm avec une faible hauteur d&rsquo;encastrement. Le profil\u00e9 est dot\u00e9 d&rsquo;un double insert et convient \u00e0 un trafic tr\u00e8s intensif et lourd. La structure est con\u00e7ue pour absorber les mouvements sismiques.<\/span><\/p>\n<ul>\n<li style=\"font-weight: 400;\" aria-level=\"1\"><span style=\"font-weight: 400;\">Pour joints de 50 \u00e0 100\u00a0mm.<\/span><\/li>\n<li style=\"font-weight: 400;\" aria-level=\"1\"><span style=\"font-weight: 400;\">Pour une hauteur d&rsquo;encastrement de 16\u00a0mm.<\/span><\/li>\n<li style=\"font-weight: 400;\" aria-level=\"1\"><span style=\"font-weight: 400;\">Pour un trafic tr\u00e8s lourd et intensif<\/span><\/li>\n<li style=\"font-weight: 400;\" aria-level=\"1\"><span style=\"font-weight: 400;\">Pour les mouvements sismiques<\/span><\/li>\n<li style=\"font-weight: 400;\" aria-level=\"1\"><span style=\"font-weight: 400;\">Pour finitions en bois, sols stratifi\u00e9s ou carrelages<\/span><\/li>\n<li style=\"font-weight: 400;\" aria-level=\"1\"><span style=\"font-weight: 400;\">Longueur standard\u00a0: 3\u00a0m<\/span><\/li>\n<li style=\"font-weight: 400;\" aria-level=\"1\"><span style=\"font-weight: 400;\">Inserts de couleur\u00a0: noir, gris, blanc et beige<\/span><\/li>\n<\/ul>\n","protected":false},"excerpt":{"rendered":"<p>Profil\u00e9 couvre-joint antisismique, pour les sols en bois, stratifi\u00e9s ou carrel\u00e9s. Profil\u00e9s couvre-joints de 50-100\u00a0mm avec une faible hauteur d&rsquo;encastrement. Le profil\u00e9 est dot\u00e9 d&rsquo;un double insert et convient \u00e0 un trafic tr\u00e8s intensif et lourd. La structure est con\u00e7ue pour absorber les mouvements sismiques. Pour joints de 50 \u00e0 100\u00a0mm. Pour une hauteur d&rsquo;encastrement\u2026<\/p>\n","protected":false},"featured_media":106544,"template":"","meta":{"_acf_changed":false},"product_category":[651,678,661],"product_tag":[],"class_list":["post-115081","product","type-product","status-publish","has-post-thumbnail","hentry","product_category-profiles-couvre-joints","product_category-profils-de-dilatation","product_category-profiles-couvre-joints-resistant-aux-tremblements-de-terre"],"acf":[],"yoast_head":"<!-- This site is optimized with the Yoast SEO plugin v27.3 - https:\/\/yoast.com\/product\/yoast-seo-wordpress\/ -->\n<title>S\u00e9rie GTP HD - Storax Belgium<\/title>\n<meta name=\"robots\" content=\"index, follow, max-snippet:-1, max-image-preview:large, max-video-preview:-1\" \/>\n<link rel=\"canonical\" href=\"https:\/\/storax.be\/fr\/producten\/profiles-couvre-joints-resistant-aux-tremblements-de-terre\/serie-gtp-hd\/\" \/>\n<meta property=\"og:locale\" content=\"fr_FR\" \/>\n<meta property=\"og:type\" content=\"article\" \/>\n<meta property=\"og:title\" content=\"S\u00e9rie GTP HD - Storax Belgium\" \/>\n<meta property=\"og:description\" content=\"Profil\u00e9 couvre-joint antisismique, pour les sols en bois, stratifi\u00e9s ou carrel\u00e9s. Profil\u00e9s couvre-joints de 50-100\u00a0mm avec une faible hauteur d&rsquo;encastrement. Le profil\u00e9 est dot\u00e9 d&rsquo;un double insert et convient \u00e0 un trafic tr\u00e8s intensif et lourd. La structure est con\u00e7ue pour absorber les mouvements sismiques. Pour joints de 50 \u00e0 100\u00a0mm. Pour une hauteur d&rsquo;encastrement\u2026\" \/>\n<meta property=\"og:url\" content=\"https:\/\/storax.be\/fr\/producten\/profiles-couvre-joints-resistant-aux-tremblements-de-terre\/serie-gtp-hd\/\" \/>\n<meta property=\"og:site_name\" content=\"Storax Belgium\" \/>\n<meta property=\"article:modified_time\" content=\"2024-05-16T07:38:40+00:00\" \/>\n<meta property=\"og:image\" content=\"https:\/\/storax.be\/wp-content\/uploads\/sites\/2\/2019\/03\/thumb_270x270_376.jpg\" \/>\n\t<meta property=\"og:image:width\" content=\"270\" \/>\n\t<meta property=\"og:image:height\" content=\"270\" \/>\n\t<meta property=\"og:image:type\" content=\"image\/jpeg\" \/>\n<meta name=\"twitter:card\" content=\"summary_large_image\" \/>\n<meta name=\"twitter:label1\" content=\"Dur\u00e9e de lecture estim\u00e9e\" \/>\n\t<meta name=\"twitter:data1\" content=\"1 minute\" \/>\n<script type=\"application\/ld+json\" class=\"yoast-schema-graph\">{\"@context\":\"https:\\\/\\\/schema.org\",\"@graph\":[{\"@type\":\"WebPage\",\"@id\":\"https:\\\/\\\/storax.be\\\/fr\\\/producten\\\/profiles-couvre-joints-resistant-aux-tremblements-de-terre\\\/serie-gtp-hd\\\/\",\"url\":\"https:\\\/\\\/storax.be\\\/fr\\\/producten\\\/profiles-couvre-joints-resistant-aux-tremblements-de-terre\\\/serie-gtp-hd\\\/\",\"name\":\"S\u00e9rie GTP HD - Storax Belgium\",\"isPartOf\":{\"@id\":\"https:\\\/\\\/storax.be\\\/fr\\\/#website\"},\"primaryImageOfPage\":{\"@id\":\"https:\\\/\\\/storax.be\\\/fr\\\/producten\\\/profiles-couvre-joints-resistant-aux-tremblements-de-terre\\\/serie-gtp-hd\\\/#primaryimage\"},\"image\":{\"@id\":\"https:\\\/\\\/storax.be\\\/fr\\\/producten\\\/profiles-couvre-joints-resistant-aux-tremblements-de-terre\\\/serie-gtp-hd\\\/#primaryimage\"},\"thumbnailUrl\":\"https:\\\/\\\/storax.be\\\/wp-content\\\/uploads\\\/sites\\\/2\\\/2019\\\/03\\\/thumb_270x270_376.jpg\",\"datePublished\":\"2022-08-02T09:48:33+00:00\",\"dateModified\":\"2024-05-16T07:38:40+00:00\",\"breadcrumb\":{\"@id\":\"https:\\\/\\\/storax.be\\\/fr\\\/producten\\\/profiles-couvre-joints-resistant-aux-tremblements-de-terre\\\/serie-gtp-hd\\\/#breadcrumb\"},\"inLanguage\":\"fr-FR\",\"potentialAction\":[{\"@type\":\"ReadAction\",\"target\":[\"https:\\\/\\\/storax.be\\\/fr\\\/producten\\\/profiles-couvre-joints-resistant-aux-tremblements-de-terre\\\/serie-gtp-hd\\\/\"]}]},{\"@type\":\"ImageObject\",\"inLanguage\":\"fr-FR\",\"@id\":\"https:\\\/\\\/storax.be\\\/fr\\\/producten\\\/profiles-couvre-joints-resistant-aux-tremblements-de-terre\\\/serie-gtp-hd\\\/#primaryimage\",\"url\":\"https:\\\/\\\/storax.be\\\/wp-content\\\/uploads\\\/sites\\\/2\\\/2019\\\/03\\\/thumb_270x270_376.jpg\",\"contentUrl\":\"https:\\\/\\\/storax.be\\\/wp-content\\\/uploads\\\/sites\\\/2\\\/2019\\\/03\\\/thumb_270x270_376.jpg\",\"width\":270,\"height\":270},{\"@type\":\"BreadcrumbList\",\"@id\":\"https:\\\/\\\/storax.be\\\/fr\\\/producten\\\/profiles-couvre-joints-resistant-aux-tremblements-de-terre\\\/serie-gtp-hd\\\/#breadcrumb\",\"itemListElement\":[{\"@type\":\"ListItem\",\"position\":1,\"name\":\"Home\",\"item\":\"https:\\\/\\\/storax.be\\\/fr\\\/\"},{\"@type\":\"ListItem\",\"position\":2,\"name\":\"Producten\",\"item\":\"https:\\\/\\\/storax.be\\\/fr\\\/producten\\\/%product_category%\\\/\"},{\"@type\":\"ListItem\",\"position\":3,\"name\":\"Profil\u00e9s couvre-joints\",\"item\":\"https:\\\/\\\/storax.be\\\/fr\\\/producten\\\/profiles-couvre-joints\\\/\"},{\"@type\":\"ListItem\",\"position\":4,\"name\":\"Profils de dilatation\",\"item\":\"https:\\\/\\\/storax.be\\\/fr\\\/producten\\\/profils-de-dilatation\\\/\"},{\"@type\":\"ListItem\",\"position\":5,\"name\":\"S\u00e9rie GTP HD\"}]},{\"@type\":\"WebSite\",\"@id\":\"https:\\\/\\\/storax.be\\\/fr\\\/#website\",\"url\":\"https:\\\/\\\/storax.be\\\/fr\\\/\",\"name\":\"Storax Belgium\",\"description\":\"Uw betrouwbare partner voor bouwprojecten\",\"potentialAction\":[{\"@type\":\"SearchAction\",\"target\":{\"@type\":\"EntryPoint\",\"urlTemplate\":\"https:\\\/\\\/storax.be\\\/fr\\\/?s={search_term_string}\"},\"query-input\":{\"@type\":\"PropertyValueSpecification\",\"valueRequired\":true,\"valueName\":\"search_term_string\"}}],\"inLanguage\":\"fr-FR\"}]}<\/script>\n<!-- \/ Yoast SEO plugin. -->","yoast_head_json":{"title":"S\u00e9rie GTP HD - Storax Belgium","robots":{"index":"index","follow":"follow","max-snippet":"max-snippet:-1","max-image-preview":"max-image-preview:large","max-video-preview":"max-video-preview:-1"},"canonical":"https:\/\/storax.be\/fr\/producten\/profiles-couvre-joints-resistant-aux-tremblements-de-terre\/serie-gtp-hd\/","og_locale":"fr_FR","og_type":"article","og_title":"S\u00e9rie GTP HD - Storax Belgium","og_description":"Profil\u00e9 couvre-joint antisismique, pour les sols en bois, stratifi\u00e9s ou carrel\u00e9s. Profil\u00e9s couvre-joints de 50-100\u00a0mm avec une faible hauteur d&rsquo;encastrement. Le profil\u00e9 est dot\u00e9 d&rsquo;un double insert et convient \u00e0 un trafic tr\u00e8s intensif et lourd. La structure est con\u00e7ue pour absorber les mouvements sismiques. Pour joints de 50 \u00e0 100\u00a0mm. Pour une hauteur d&rsquo;encastrement\u2026","og_url":"https:\/\/storax.be\/fr\/producten\/profiles-couvre-joints-resistant-aux-tremblements-de-terre\/serie-gtp-hd\/","og_site_name":"Storax Belgium","article_modified_time":"2024-05-16T07:38:40+00:00","og_image":[{"width":270,"height":270,"url":"https:\/\/storax.be\/wp-content\/uploads\/sites\/2\/2019\/03\/thumb_270x270_376.jpg","type":"image\/jpeg"}],"twitter_card":"summary_large_image","twitter_misc":{"Dur\u00e9e de lecture estim\u00e9e":"1 minute"},"schema":{"@context":"https:\/\/schema.org","@graph":[{"@type":"WebPage","@id":"https:\/\/storax.be\/fr\/producten\/profiles-couvre-joints-resistant-aux-tremblements-de-terre\/serie-gtp-hd\/","url":"https:\/\/storax.be\/fr\/producten\/profiles-couvre-joints-resistant-aux-tremblements-de-terre\/serie-gtp-hd\/","name":"S\u00e9rie GTP HD - Storax Belgium","isPartOf":{"@id":"https:\/\/storax.be\/fr\/#website"},"primaryImageOfPage":{"@id":"https:\/\/storax.be\/fr\/producten\/profiles-couvre-joints-resistant-aux-tremblements-de-terre\/serie-gtp-hd\/#primaryimage"},"image":{"@id":"https:\/\/storax.be\/fr\/producten\/profiles-couvre-joints-resistant-aux-tremblements-de-terre\/serie-gtp-hd\/#primaryimage"},"thumbnailUrl":"https:\/\/storax.be\/wp-content\/uploads\/sites\/2\/2019\/03\/thumb_270x270_376.jpg","datePublished":"2022-08-02T09:48:33+00:00","dateModified":"2024-05-16T07:38:40+00:00","breadcrumb":{"@id":"https:\/\/storax.be\/fr\/producten\/profiles-couvre-joints-resistant-aux-tremblements-de-terre\/serie-gtp-hd\/#breadcrumb"},"inLanguage":"fr-FR","potentialAction":[{"@type":"ReadAction","target":["https:\/\/storax.be\/fr\/producten\/profiles-couvre-joints-resistant-aux-tremblements-de-terre\/serie-gtp-hd\/"]}]},{"@type":"ImageObject","inLanguage":"fr-FR","@id":"https:\/\/storax.be\/fr\/producten\/profiles-couvre-joints-resistant-aux-tremblements-de-terre\/serie-gtp-hd\/#primaryimage","url":"https:\/\/storax.be\/wp-content\/uploads\/sites\/2\/2019\/03\/thumb_270x270_376.jpg","contentUrl":"https:\/\/storax.be\/wp-content\/uploads\/sites\/2\/2019\/03\/thumb_270x270_376.jpg","width":270,"height":270},{"@type":"BreadcrumbList","@id":"https:\/\/storax.be\/fr\/producten\/profiles-couvre-joints-resistant-aux-tremblements-de-terre\/serie-gtp-hd\/#breadcrumb","itemListElement":[{"@type":"ListItem","position":1,"name":"Home","item":"https:\/\/storax.be\/fr\/"},{"@type":"ListItem","position":2,"name":"Producten","item":"https:\/\/storax.be\/fr\/producten\/%product_category%\/"},{"@type":"ListItem","position":3,"name":"Profil\u00e9s couvre-joints","item":"https:\/\/storax.be\/fr\/producten\/profiles-couvre-joints\/"},{"@type":"ListItem","position":4,"name":"Profils de dilatation","item":"https:\/\/storax.be\/fr\/producten\/profils-de-dilatation\/"},{"@type":"ListItem","position":5,"name":"S\u00e9rie GTP HD"}]},{"@type":"WebSite","@id":"https:\/\/storax.be\/fr\/#website","url":"https:\/\/storax.be\/fr\/","name":"Storax Belgium","description":"Uw betrouwbare partner voor bouwprojecten","potentialAction":[{"@type":"SearchAction","target":{"@type":"EntryPoint","urlTemplate":"https:\/\/storax.be\/fr\/?s={search_term_string}"},"query-input":{"@type":"PropertyValueSpecification","valueRequired":true,"valueName":"search_term_string"}}],"inLanguage":"fr-FR"}]}},"_links":{"self":[{"href":"https:\/\/storax.be\/fr\/wp-json\/wp\/v2\/product\/115081","targetHints":{"allow":["GET"]}}],"collection":[{"href":"https:\/\/storax.be\/fr\/wp-json\/wp\/v2\/product"}],"about":[{"href":"https:\/\/storax.be\/fr\/wp-json\/wp\/v2\/types\/product"}],"wp:featuredmedia":[{"embeddable":true,"href":"https:\/\/storax.be\/fr\/wp-json\/wp\/v2\/media\/106544"}],"wp:attachment":[{"href":"https:\/\/storax.be\/fr\/wp-json\/wp\/v2\/media?parent=115081"}],"wp:term":[{"taxonomy":"product_category","embeddable":true,"href":"https:\/\/storax.be\/fr\/wp-json\/wp\/v2\/product_category?post=115081"},{"taxonomy":"product_tag","embeddable":true,"href":"https:\/\/storax.be\/fr\/wp-json\/wp\/v2\/product_tag?post=115081"}],"curies":[{"name":"wp","href":"https:\/\/api.w.org\/{rel}","templated":true}]}}