{"id":115079,"date":"2022-08-02T09:45:56","date_gmt":"2022-08-02T09:45:56","guid":{"rendered":"https:\/\/storax.be\/?post_type=product&#038;p=115079"},"modified":"2024-05-16T07:38:40","modified_gmt":"2024-05-16T07:38:40","slug":"serie-hb","status":"publish","type":"product","link":"https:\/\/storax.be\/fr\/producten\/profiles-couvre-joints\/serie-hb\/","title":{"rendered":"S\u00e9rie HB"},"content":{"rendered":"<h2>Profil\u00e9s de joints d&rsquo;\u00e9tanch\u00e9it\u00e9 EPDM pour les parkings<\/h2>\n<p><span style=\"font-weight: 400;\">Les profil\u00e9s sont extrud\u00e9s en une seule pi\u00e8ce pour supporter un trafic intense. Ce syst\u00e8me peut \u00eatre rendu \u00e9tanche \u00e0 l&rsquo;aide d&rsquo;une colle forte \u00e9poxy. Le profil\u00e9 peut absorber jusqu&rsquo;\u00e0 \u00b1\u00a050\u00a0% de mouvements.<\/span><\/p>\n<ul>\n<li style=\"font-weight: 400;\" aria-level=\"1\"><span style=\"font-weight: 400;\">Pour les grands joints de 25 \u00e0 100\u00a0mm.<\/span><\/li>\n<li>Id\u00e9al pour le trafic lourd<\/li>\n<li style=\"font-weight: 400;\" aria-level=\"1\"><span style=\"font-weight: 400;\">Enti\u00e8rement \u00e9tanche<\/span><\/li>\n<li style=\"font-weight: 400;\" aria-level=\"1\"><span style=\"font-weight: 400;\">Id\u00e9al pour les projets de r\u00e9novation<\/span><\/li>\n<li style=\"font-weight: 400;\" aria-level=\"1\"><span style=\"font-weight: 400;\">Pour les nouvelles constructions sans possibilit\u00e9 d&rsquo;encastrement<\/span><\/li>\n<li style=\"font-weight: 400;\" aria-level=\"1\"><span style=\"font-weight: 400;\">Adapt\u00e9 notamment aux parkings, grands magasins et entrep\u00f4ts<\/span><\/li>\n<li style=\"font-weight: 400;\" aria-level=\"1\"><span style=\"font-weight: 400;\">Longueur standard\u00a0: rouleaux de 18\u00a0m<\/span><\/li>\n<\/ul>\n","protected":false},"excerpt":{"rendered":"<p>Profil\u00e9s de joints d&rsquo;\u00e9tanch\u00e9it\u00e9 EPDM pour les parkings Les profil\u00e9s sont extrud\u00e9s en une seule pi\u00e8ce pour supporter un trafic intense. Ce syst\u00e8me peut \u00eatre rendu \u00e9tanche \u00e0 l&rsquo;aide d&rsquo;une colle forte \u00e9poxy. Le profil\u00e9 peut absorber jusqu&rsquo;\u00e0 \u00b1\u00a050\u00a0% de mouvements. Pour les grands joints de 25 \u00e0 100\u00a0mm. Id\u00e9al pour le trafic lourd Enti\u00e8rement\u2026<\/p>\n","protected":false},"featured_media":106514,"template":"","meta":{"_acf_changed":false},"product_category":[711,651],"product_tag":[],"class_list":["post-115079","product","type-product","status-publish","has-post-thumbnail","hentry","product_category-parking","product_category-profiles-couvre-joints"],"acf":[],"yoast_head":"<!-- This site is optimized with the Yoast SEO plugin v27.3 - https:\/\/yoast.com\/product\/yoast-seo-wordpress\/ -->\n<title>S\u00e9rie HB - Storax Belgium<\/title>\n<meta name=\"robots\" content=\"index, follow, max-snippet:-1, max-image-preview:large, max-video-preview:-1\" \/>\n<link rel=\"canonical\" href=\"https:\/\/storax.be\/fr\/producten\/profiles-couvre-joints\/serie-hb\/\" \/>\n<meta property=\"og:locale\" content=\"fr_FR\" \/>\n<meta property=\"og:type\" content=\"article\" \/>\n<meta property=\"og:title\" content=\"S\u00e9rie HB - Storax Belgium\" \/>\n<meta property=\"og:description\" content=\"Profil\u00e9s de joints d&rsquo;\u00e9tanch\u00e9it\u00e9 EPDM pour les parkings Les profil\u00e9s sont extrud\u00e9s en une seule pi\u00e8ce pour supporter un trafic intense. Ce syst\u00e8me peut \u00eatre rendu \u00e9tanche \u00e0 l&rsquo;aide d&rsquo;une colle forte \u00e9poxy. Le profil\u00e9 peut absorber jusqu&rsquo;\u00e0 \u00b1\u00a050\u00a0% de mouvements. Pour les grands joints de 25 \u00e0 100\u00a0mm. Id\u00e9al pour le trafic lourd Enti\u00e8rement\u2026\" \/>\n<meta property=\"og:url\" content=\"https:\/\/storax.be\/fr\/producten\/profiles-couvre-joints\/serie-hb\/\" \/>\n<meta property=\"og:site_name\" content=\"Storax Belgium\" \/>\n<meta property=\"article:modified_time\" content=\"2024-05-16T07:38:40+00:00\" \/>\n<meta property=\"og:image\" content=\"https:\/\/storax.be\/wp-content\/uploads\/sites\/2\/2019\/03\/thumb_270x270_396.jpg\" \/>\n\t<meta property=\"og:image:width\" content=\"270\" \/>\n\t<meta property=\"og:image:height\" content=\"270\" \/>\n\t<meta property=\"og:image:type\" content=\"image\/jpeg\" \/>\n<meta name=\"twitter:card\" content=\"summary_large_image\" \/>\n<meta name=\"twitter:label1\" content=\"Dur\u00e9e de lecture estim\u00e9e\" \/>\n\t<meta name=\"twitter:data1\" content=\"1 minute\" \/>\n<script type=\"application\/ld+json\" class=\"yoast-schema-graph\">{\"@context\":\"https:\\\/\\\/schema.org\",\"@graph\":[{\"@type\":\"WebPage\",\"@id\":\"https:\\\/\\\/storax.be\\\/fr\\\/producten\\\/profiles-couvre-joints\\\/serie-hb\\\/\",\"url\":\"https:\\\/\\\/storax.be\\\/fr\\\/producten\\\/profiles-couvre-joints\\\/serie-hb\\\/\",\"name\":\"S\u00e9rie HB - Storax Belgium\",\"isPartOf\":{\"@id\":\"https:\\\/\\\/storax.be\\\/fr\\\/#website\"},\"primaryImageOfPage\":{\"@id\":\"https:\\\/\\\/storax.be\\\/fr\\\/producten\\\/profiles-couvre-joints\\\/serie-hb\\\/#primaryimage\"},\"image\":{\"@id\":\"https:\\\/\\\/storax.be\\\/fr\\\/producten\\\/profiles-couvre-joints\\\/serie-hb\\\/#primaryimage\"},\"thumbnailUrl\":\"https:\\\/\\\/storax.be\\\/wp-content\\\/uploads\\\/sites\\\/2\\\/2019\\\/03\\\/thumb_270x270_396.jpg\",\"datePublished\":\"2022-08-02T09:45:56+00:00\",\"dateModified\":\"2024-05-16T07:38:40+00:00\",\"breadcrumb\":{\"@id\":\"https:\\\/\\\/storax.be\\\/fr\\\/producten\\\/profiles-couvre-joints\\\/serie-hb\\\/#breadcrumb\"},\"inLanguage\":\"fr-FR\",\"potentialAction\":[{\"@type\":\"ReadAction\",\"target\":[\"https:\\\/\\\/storax.be\\\/fr\\\/producten\\\/profiles-couvre-joints\\\/serie-hb\\\/\"]}]},{\"@type\":\"ImageObject\",\"inLanguage\":\"fr-FR\",\"@id\":\"https:\\\/\\\/storax.be\\\/fr\\\/producten\\\/profiles-couvre-joints\\\/serie-hb\\\/#primaryimage\",\"url\":\"https:\\\/\\\/storax.be\\\/wp-content\\\/uploads\\\/sites\\\/2\\\/2019\\\/03\\\/thumb_270x270_396.jpg\",\"contentUrl\":\"https:\\\/\\\/storax.be\\\/wp-content\\\/uploads\\\/sites\\\/2\\\/2019\\\/03\\\/thumb_270x270_396.jpg\",\"width\":270,\"height\":270},{\"@type\":\"BreadcrumbList\",\"@id\":\"https:\\\/\\\/storax.be\\\/fr\\\/producten\\\/profiles-couvre-joints\\\/serie-hb\\\/#breadcrumb\",\"itemListElement\":[{\"@type\":\"ListItem\",\"position\":1,\"name\":\"Home\",\"item\":\"https:\\\/\\\/storax.be\\\/fr\\\/\"},{\"@type\":\"ListItem\",\"position\":2,\"name\":\"Producten\",\"item\":\"https:\\\/\\\/storax.be\\\/fr\\\/producten\\\/%product_category%\\\/\"},{\"@type\":\"ListItem\",\"position\":3,\"name\":\"Profil\u00e9s couvre-joints\",\"item\":\"https:\\\/\\\/storax.be\\\/fr\\\/producten\\\/profiles-couvre-joints\\\/\"},{\"@type\":\"ListItem\",\"position\":4,\"name\":\"Parking\",\"item\":\"https:\\\/\\\/storax.be\\\/fr\\\/producten\\\/parking\\\/\"},{\"@type\":\"ListItem\",\"position\":5,\"name\":\"S\u00e9rie HB\"}]},{\"@type\":\"WebSite\",\"@id\":\"https:\\\/\\\/storax.be\\\/fr\\\/#website\",\"url\":\"https:\\\/\\\/storax.be\\\/fr\\\/\",\"name\":\"Storax Belgium\",\"description\":\"Uw betrouwbare partner voor bouwprojecten\",\"potentialAction\":[{\"@type\":\"SearchAction\",\"target\":{\"@type\":\"EntryPoint\",\"urlTemplate\":\"https:\\\/\\\/storax.be\\\/fr\\\/?s={search_term_string}\"},\"query-input\":{\"@type\":\"PropertyValueSpecification\",\"valueRequired\":true,\"valueName\":\"search_term_string\"}}],\"inLanguage\":\"fr-FR\"}]}<\/script>\n<!-- \/ Yoast SEO plugin. -->","yoast_head_json":{"title":"S\u00e9rie HB - Storax Belgium","robots":{"index":"index","follow":"follow","max-snippet":"max-snippet:-1","max-image-preview":"max-image-preview:large","max-video-preview":"max-video-preview:-1"},"canonical":"https:\/\/storax.be\/fr\/producten\/profiles-couvre-joints\/serie-hb\/","og_locale":"fr_FR","og_type":"article","og_title":"S\u00e9rie HB - Storax Belgium","og_description":"Profil\u00e9s de joints d&rsquo;\u00e9tanch\u00e9it\u00e9 EPDM pour les parkings Les profil\u00e9s sont extrud\u00e9s en une seule pi\u00e8ce pour supporter un trafic intense. Ce syst\u00e8me peut \u00eatre rendu \u00e9tanche \u00e0 l&rsquo;aide d&rsquo;une colle forte \u00e9poxy. Le profil\u00e9 peut absorber jusqu&rsquo;\u00e0 \u00b1\u00a050\u00a0% de mouvements. Pour les grands joints de 25 \u00e0 100\u00a0mm. Id\u00e9al pour le trafic lourd Enti\u00e8rement\u2026","og_url":"https:\/\/storax.be\/fr\/producten\/profiles-couvre-joints\/serie-hb\/","og_site_name":"Storax Belgium","article_modified_time":"2024-05-16T07:38:40+00:00","og_image":[{"width":270,"height":270,"url":"https:\/\/storax.be\/wp-content\/uploads\/sites\/2\/2019\/03\/thumb_270x270_396.jpg","type":"image\/jpeg"}],"twitter_card":"summary_large_image","twitter_misc":{"Dur\u00e9e de lecture estim\u00e9e":"1 minute"},"schema":{"@context":"https:\/\/schema.org","@graph":[{"@type":"WebPage","@id":"https:\/\/storax.be\/fr\/producten\/profiles-couvre-joints\/serie-hb\/","url":"https:\/\/storax.be\/fr\/producten\/profiles-couvre-joints\/serie-hb\/","name":"S\u00e9rie HB - Storax Belgium","isPartOf":{"@id":"https:\/\/storax.be\/fr\/#website"},"primaryImageOfPage":{"@id":"https:\/\/storax.be\/fr\/producten\/profiles-couvre-joints\/serie-hb\/#primaryimage"},"image":{"@id":"https:\/\/storax.be\/fr\/producten\/profiles-couvre-joints\/serie-hb\/#primaryimage"},"thumbnailUrl":"https:\/\/storax.be\/wp-content\/uploads\/sites\/2\/2019\/03\/thumb_270x270_396.jpg","datePublished":"2022-08-02T09:45:56+00:00","dateModified":"2024-05-16T07:38:40+00:00","breadcrumb":{"@id":"https:\/\/storax.be\/fr\/producten\/profiles-couvre-joints\/serie-hb\/#breadcrumb"},"inLanguage":"fr-FR","potentialAction":[{"@type":"ReadAction","target":["https:\/\/storax.be\/fr\/producten\/profiles-couvre-joints\/serie-hb\/"]}]},{"@type":"ImageObject","inLanguage":"fr-FR","@id":"https:\/\/storax.be\/fr\/producten\/profiles-couvre-joints\/serie-hb\/#primaryimage","url":"https:\/\/storax.be\/wp-content\/uploads\/sites\/2\/2019\/03\/thumb_270x270_396.jpg","contentUrl":"https:\/\/storax.be\/wp-content\/uploads\/sites\/2\/2019\/03\/thumb_270x270_396.jpg","width":270,"height":270},{"@type":"BreadcrumbList","@id":"https:\/\/storax.be\/fr\/producten\/profiles-couvre-joints\/serie-hb\/#breadcrumb","itemListElement":[{"@type":"ListItem","position":1,"name":"Home","item":"https:\/\/storax.be\/fr\/"},{"@type":"ListItem","position":2,"name":"Producten","item":"https:\/\/storax.be\/fr\/producten\/%product_category%\/"},{"@type":"ListItem","position":3,"name":"Profil\u00e9s couvre-joints","item":"https:\/\/storax.be\/fr\/producten\/profiles-couvre-joints\/"},{"@type":"ListItem","position":4,"name":"Parking","item":"https:\/\/storax.be\/fr\/producten\/parking\/"},{"@type":"ListItem","position":5,"name":"S\u00e9rie HB"}]},{"@type":"WebSite","@id":"https:\/\/storax.be\/fr\/#website","url":"https:\/\/storax.be\/fr\/","name":"Storax Belgium","description":"Uw betrouwbare partner voor bouwprojecten","potentialAction":[{"@type":"SearchAction","target":{"@type":"EntryPoint","urlTemplate":"https:\/\/storax.be\/fr\/?s={search_term_string}"},"query-input":{"@type":"PropertyValueSpecification","valueRequired":true,"valueName":"search_term_string"}}],"inLanguage":"fr-FR"}]}},"_links":{"self":[{"href":"https:\/\/storax.be\/fr\/wp-json\/wp\/v2\/product\/115079","targetHints":{"allow":["GET"]}}],"collection":[{"href":"https:\/\/storax.be\/fr\/wp-json\/wp\/v2\/product"}],"about":[{"href":"https:\/\/storax.be\/fr\/wp-json\/wp\/v2\/types\/product"}],"wp:featuredmedia":[{"embeddable":true,"href":"https:\/\/storax.be\/fr\/wp-json\/wp\/v2\/media\/106514"}],"wp:attachment":[{"href":"https:\/\/storax.be\/fr\/wp-json\/wp\/v2\/media?parent=115079"}],"wp:term":[{"taxonomy":"product_category","embeddable":true,"href":"https:\/\/storax.be\/fr\/wp-json\/wp\/v2\/product_category?post=115079"},{"taxonomy":"product_tag","embeddable":true,"href":"https:\/\/storax.be\/fr\/wp-json\/wp\/v2\/product_tag?post=115079"}],"curies":[{"name":"wp","href":"https:\/\/api.w.org\/{rel}","templated":true}]}}