{"id":115075,"date":"2022-08-02T09:36:19","date_gmt":"2022-08-02T09:36:19","guid":{"rendered":"https:\/\/storax.be\/?post_type=product&#038;p=115075"},"modified":"2024-06-17T09:06:28","modified_gmt":"2024-06-17T09:06:28","slug":"serie-jdn","status":"publish","type":"product","link":"https:\/\/storax.be\/fr\/producten\/profiles-de-recouvrement-des-joints\/serie-jdn\/","title":{"rendered":"S\u00e9rie JDN"},"content":{"rendered":"<h2 style=\"font-size: 1.5em; line-height: 40px; font-weight: 600;\">Profil\u00e9s couvre-joints en EPDM pour murs<\/h2>\n<p><span style=\"font-weight: 400;\">Une solution adapt\u00e9e \u00e0 toutes les situations murales. Le profil\u00e9 est facile \u00e0 monter et se d\u00e9forme dans les 3\u00a0directions.<\/span><\/p>\n<ul>\n<li style=\"font-weight: 400;\" aria-level=\"1\"><span style=\"font-weight: 400;\">Pour joints de 10 \u00e0 60\u00a0mm.<\/span><\/li>\n<li style=\"font-weight: 400;\" aria-level=\"1\"><span style=\"font-weight: 400;\">Profil\u00e9s mont\u00e9s en surface ou encastr\u00e9s<\/span><\/li>\n<li style=\"font-weight: 400;\" aria-level=\"1\"><span style=\"font-weight: 400;\">Convient \u00e0 un usage int\u00e9rieur et ext\u00e9rieur<\/span><\/li>\n<li style=\"font-weight: 400;\" aria-level=\"1\"><span style=\"font-weight: 400;\">Pour un montage rapide et sans soucis<\/span><\/li>\n<li style=\"font-weight: 400;\" aria-level=\"1\"><span style=\"font-weight: 400;\">Id\u00e9al pour les projets de r\u00e9novation<\/span><\/li>\n<li style=\"font-weight: 400;\" aria-level=\"1\"><span style=\"font-weight: 400;\">Convient parfaitement aux murs et aux plafonds<\/span><\/li>\n<li style=\"font-weight: 400;\" aria-level=\"1\"><span style=\"font-weight: 400;\">Longueur standard\u00a0: rouleaux de 25\u00a0m<\/span><\/li>\n<li style=\"font-weight: 400;\" aria-level=\"1\"><span style=\"font-weight: 400;\">Couleurs : noir<\/span><\/li>\n<\/ul>\n","protected":false},"excerpt":{"rendered":"<p>Profil\u00e9s couvre-joints en EPDM pour murs Une solution adapt\u00e9e \u00e0 toutes les situations murales. Le profil\u00e9 est facile \u00e0 monter et se d\u00e9forme dans les 3\u00a0directions. Pour joints de 10 \u00e0 60\u00a0mm. Profil\u00e9s mont\u00e9s en surface ou encastr\u00e9s Convient \u00e0 un usage int\u00e9rieur et ext\u00e9rieur Pour un montage rapide et sans soucis Id\u00e9al pour les\u2026<\/p>\n","protected":false},"featured_media":106526,"template":"","meta":{"_acf_changed":false},"product_category":[651,725],"product_tag":[],"class_list":["post-115075","product","type-product","status-publish","has-post-thumbnail","hentry","product_category-profiles-couvre-joints","product_category-profiles-de-recouvrement-des-joints"],"acf":[],"yoast_head":"<!-- This site is optimized with the Yoast SEO plugin v27.3 - https:\/\/yoast.com\/product\/yoast-seo-wordpress\/ -->\n<title>S\u00e9rie JDN - Storax Belgium<\/title>\n<meta name=\"robots\" content=\"index, follow, max-snippet:-1, max-image-preview:large, max-video-preview:-1\" \/>\n<link rel=\"canonical\" href=\"https:\/\/storax.be\/fr\/producten\/profiles-de-recouvrement-des-joints\/serie-jdn\/\" \/>\n<meta property=\"og:locale\" content=\"fr_FR\" \/>\n<meta property=\"og:type\" content=\"article\" \/>\n<meta property=\"og:title\" content=\"S\u00e9rie JDN - Storax Belgium\" \/>\n<meta property=\"og:description\" content=\"Profil\u00e9s couvre-joints en EPDM pour murs Une solution adapt\u00e9e \u00e0 toutes les situations murales. Le profil\u00e9 est facile \u00e0 monter et se d\u00e9forme dans les 3\u00a0directions. Pour joints de 10 \u00e0 60\u00a0mm. Profil\u00e9s mont\u00e9s en surface ou encastr\u00e9s Convient \u00e0 un usage int\u00e9rieur et ext\u00e9rieur Pour un montage rapide et sans soucis Id\u00e9al pour les\u2026\" \/>\n<meta property=\"og:url\" content=\"https:\/\/storax.be\/fr\/producten\/profiles-de-recouvrement-des-joints\/serie-jdn\/\" \/>\n<meta property=\"og:site_name\" content=\"Storax Belgium\" \/>\n<meta property=\"article:modified_time\" content=\"2024-06-17T09:06:28+00:00\" \/>\n<meta property=\"og:image\" content=\"https:\/\/storax.be\/wp-content\/uploads\/sites\/2\/2019\/03\/thumb_270x270_388.jpg\" \/>\n\t<meta property=\"og:image:width\" content=\"270\" \/>\n\t<meta property=\"og:image:height\" content=\"270\" \/>\n\t<meta property=\"og:image:type\" content=\"image\/jpeg\" \/>\n<meta name=\"twitter:card\" content=\"summary_large_image\" \/>\n<meta name=\"twitter:label1\" content=\"Dur\u00e9e de lecture estim\u00e9e\" \/>\n\t<meta name=\"twitter:data1\" content=\"1 minute\" \/>\n<script type=\"application\/ld+json\" class=\"yoast-schema-graph\">{\"@context\":\"https:\\\/\\\/schema.org\",\"@graph\":[{\"@type\":\"WebPage\",\"@id\":\"https:\\\/\\\/storax.be\\\/fr\\\/producten\\\/profiles-de-recouvrement-des-joints\\\/serie-jdn\\\/\",\"url\":\"https:\\\/\\\/storax.be\\\/fr\\\/producten\\\/profiles-de-recouvrement-des-joints\\\/serie-jdn\\\/\",\"name\":\"S\u00e9rie JDN - Storax Belgium\",\"isPartOf\":{\"@id\":\"https:\\\/\\\/storax.be\\\/fr\\\/#website\"},\"primaryImageOfPage\":{\"@id\":\"https:\\\/\\\/storax.be\\\/fr\\\/producten\\\/profiles-de-recouvrement-des-joints\\\/serie-jdn\\\/#primaryimage\"},\"image\":{\"@id\":\"https:\\\/\\\/storax.be\\\/fr\\\/producten\\\/profiles-de-recouvrement-des-joints\\\/serie-jdn\\\/#primaryimage\"},\"thumbnailUrl\":\"https:\\\/\\\/storax.be\\\/wp-content\\\/uploads\\\/sites\\\/2\\\/2019\\\/03\\\/thumb_270x270_388.jpg\",\"datePublished\":\"2022-08-02T09:36:19+00:00\",\"dateModified\":\"2024-06-17T09:06:28+00:00\",\"breadcrumb\":{\"@id\":\"https:\\\/\\\/storax.be\\\/fr\\\/producten\\\/profiles-de-recouvrement-des-joints\\\/serie-jdn\\\/#breadcrumb\"},\"inLanguage\":\"fr-FR\",\"potentialAction\":[{\"@type\":\"ReadAction\",\"target\":[\"https:\\\/\\\/storax.be\\\/fr\\\/producten\\\/profiles-de-recouvrement-des-joints\\\/serie-jdn\\\/\"]}]},{\"@type\":\"ImageObject\",\"inLanguage\":\"fr-FR\",\"@id\":\"https:\\\/\\\/storax.be\\\/fr\\\/producten\\\/profiles-de-recouvrement-des-joints\\\/serie-jdn\\\/#primaryimage\",\"url\":\"https:\\\/\\\/storax.be\\\/wp-content\\\/uploads\\\/sites\\\/2\\\/2019\\\/03\\\/thumb_270x270_388.jpg\",\"contentUrl\":\"https:\\\/\\\/storax.be\\\/wp-content\\\/uploads\\\/sites\\\/2\\\/2019\\\/03\\\/thumb_270x270_388.jpg\",\"width\":270,\"height\":270},{\"@type\":\"BreadcrumbList\",\"@id\":\"https:\\\/\\\/storax.be\\\/fr\\\/producten\\\/profiles-de-recouvrement-des-joints\\\/serie-jdn\\\/#breadcrumb\",\"itemListElement\":[{\"@type\":\"ListItem\",\"position\":1,\"name\":\"Home\",\"item\":\"https:\\\/\\\/storax.be\\\/fr\\\/\"},{\"@type\":\"ListItem\",\"position\":2,\"name\":\"Producten\",\"item\":\"https:\\\/\\\/storax.be\\\/fr\\\/producten\\\/%product_category%\\\/\"},{\"@type\":\"ListItem\",\"position\":3,\"name\":\"Profil\u00e9s couvre-joints\",\"item\":\"https:\\\/\\\/storax.be\\\/fr\\\/producten\\\/profiles-couvre-joints\\\/\"},{\"@type\":\"ListItem\",\"position\":4,\"name\":\"Profil\u00e9s de recouvrement des joints\",\"item\":\"https:\\\/\\\/storax.be\\\/fr\\\/producten\\\/profiles-de-recouvrement-des-joints\\\/\"},{\"@type\":\"ListItem\",\"position\":5,\"name\":\"S\u00e9rie JDN\"}]},{\"@type\":\"WebSite\",\"@id\":\"https:\\\/\\\/storax.be\\\/fr\\\/#website\",\"url\":\"https:\\\/\\\/storax.be\\\/fr\\\/\",\"name\":\"Storax Belgium\",\"description\":\"Uw betrouwbare partner voor bouwprojecten\",\"potentialAction\":[{\"@type\":\"SearchAction\",\"target\":{\"@type\":\"EntryPoint\",\"urlTemplate\":\"https:\\\/\\\/storax.be\\\/fr\\\/?s={search_term_string}\"},\"query-input\":{\"@type\":\"PropertyValueSpecification\",\"valueRequired\":true,\"valueName\":\"search_term_string\"}}],\"inLanguage\":\"fr-FR\"}]}<\/script>\n<!-- \/ Yoast SEO plugin. -->","yoast_head_json":{"title":"S\u00e9rie JDN - Storax Belgium","robots":{"index":"index","follow":"follow","max-snippet":"max-snippet:-1","max-image-preview":"max-image-preview:large","max-video-preview":"max-video-preview:-1"},"canonical":"https:\/\/storax.be\/fr\/producten\/profiles-de-recouvrement-des-joints\/serie-jdn\/","og_locale":"fr_FR","og_type":"article","og_title":"S\u00e9rie JDN - Storax Belgium","og_description":"Profil\u00e9s couvre-joints en EPDM pour murs Une solution adapt\u00e9e \u00e0 toutes les situations murales. Le profil\u00e9 est facile \u00e0 monter et se d\u00e9forme dans les 3\u00a0directions. Pour joints de 10 \u00e0 60\u00a0mm. Profil\u00e9s mont\u00e9s en surface ou encastr\u00e9s Convient \u00e0 un usage int\u00e9rieur et ext\u00e9rieur Pour un montage rapide et sans soucis Id\u00e9al pour les\u2026","og_url":"https:\/\/storax.be\/fr\/producten\/profiles-de-recouvrement-des-joints\/serie-jdn\/","og_site_name":"Storax Belgium","article_modified_time":"2024-06-17T09:06:28+00:00","og_image":[{"width":270,"height":270,"url":"https:\/\/storax.be\/wp-content\/uploads\/sites\/2\/2019\/03\/thumb_270x270_388.jpg","type":"image\/jpeg"}],"twitter_card":"summary_large_image","twitter_misc":{"Dur\u00e9e de lecture estim\u00e9e":"1 minute"},"schema":{"@context":"https:\/\/schema.org","@graph":[{"@type":"WebPage","@id":"https:\/\/storax.be\/fr\/producten\/profiles-de-recouvrement-des-joints\/serie-jdn\/","url":"https:\/\/storax.be\/fr\/producten\/profiles-de-recouvrement-des-joints\/serie-jdn\/","name":"S\u00e9rie JDN - Storax Belgium","isPartOf":{"@id":"https:\/\/storax.be\/fr\/#website"},"primaryImageOfPage":{"@id":"https:\/\/storax.be\/fr\/producten\/profiles-de-recouvrement-des-joints\/serie-jdn\/#primaryimage"},"image":{"@id":"https:\/\/storax.be\/fr\/producten\/profiles-de-recouvrement-des-joints\/serie-jdn\/#primaryimage"},"thumbnailUrl":"https:\/\/storax.be\/wp-content\/uploads\/sites\/2\/2019\/03\/thumb_270x270_388.jpg","datePublished":"2022-08-02T09:36:19+00:00","dateModified":"2024-06-17T09:06:28+00:00","breadcrumb":{"@id":"https:\/\/storax.be\/fr\/producten\/profiles-de-recouvrement-des-joints\/serie-jdn\/#breadcrumb"},"inLanguage":"fr-FR","potentialAction":[{"@type":"ReadAction","target":["https:\/\/storax.be\/fr\/producten\/profiles-de-recouvrement-des-joints\/serie-jdn\/"]}]},{"@type":"ImageObject","inLanguage":"fr-FR","@id":"https:\/\/storax.be\/fr\/producten\/profiles-de-recouvrement-des-joints\/serie-jdn\/#primaryimage","url":"https:\/\/storax.be\/wp-content\/uploads\/sites\/2\/2019\/03\/thumb_270x270_388.jpg","contentUrl":"https:\/\/storax.be\/wp-content\/uploads\/sites\/2\/2019\/03\/thumb_270x270_388.jpg","width":270,"height":270},{"@type":"BreadcrumbList","@id":"https:\/\/storax.be\/fr\/producten\/profiles-de-recouvrement-des-joints\/serie-jdn\/#breadcrumb","itemListElement":[{"@type":"ListItem","position":1,"name":"Home","item":"https:\/\/storax.be\/fr\/"},{"@type":"ListItem","position":2,"name":"Producten","item":"https:\/\/storax.be\/fr\/producten\/%product_category%\/"},{"@type":"ListItem","position":3,"name":"Profil\u00e9s couvre-joints","item":"https:\/\/storax.be\/fr\/producten\/profiles-couvre-joints\/"},{"@type":"ListItem","position":4,"name":"Profil\u00e9s de recouvrement des joints","item":"https:\/\/storax.be\/fr\/producten\/profiles-de-recouvrement-des-joints\/"},{"@type":"ListItem","position":5,"name":"S\u00e9rie JDN"}]},{"@type":"WebSite","@id":"https:\/\/storax.be\/fr\/#website","url":"https:\/\/storax.be\/fr\/","name":"Storax Belgium","description":"Uw betrouwbare partner voor bouwprojecten","potentialAction":[{"@type":"SearchAction","target":{"@type":"EntryPoint","urlTemplate":"https:\/\/storax.be\/fr\/?s={search_term_string}"},"query-input":{"@type":"PropertyValueSpecification","valueRequired":true,"valueName":"search_term_string"}}],"inLanguage":"fr-FR"}]}},"_links":{"self":[{"href":"https:\/\/storax.be\/fr\/wp-json\/wp\/v2\/product\/115075","targetHints":{"allow":["GET"]}}],"collection":[{"href":"https:\/\/storax.be\/fr\/wp-json\/wp\/v2\/product"}],"about":[{"href":"https:\/\/storax.be\/fr\/wp-json\/wp\/v2\/types\/product"}],"wp:featuredmedia":[{"embeddable":true,"href":"https:\/\/storax.be\/fr\/wp-json\/wp\/v2\/media\/106526"}],"wp:attachment":[{"href":"https:\/\/storax.be\/fr\/wp-json\/wp\/v2\/media?parent=115075"}],"wp:term":[{"taxonomy":"product_category","embeddable":true,"href":"https:\/\/storax.be\/fr\/wp-json\/wp\/v2\/product_category?post=115075"},{"taxonomy":"product_tag","embeddable":true,"href":"https:\/\/storax.be\/fr\/wp-json\/wp\/v2\/product_tag?post=115075"}],"curies":[{"name":"wp","href":"https:\/\/api.w.org\/{rel}","templated":true}]}}