{"id":115073,"date":"2022-08-02T09:28:19","date_gmt":"2022-08-02T09:28:19","guid":{"rendered":"https:\/\/storax.be\/?post_type=product&#038;p=115073"},"modified":"2024-05-16T07:38:39","modified_gmt":"2024-05-16T07:38:39","slug":"type-bv-gd-f90","status":"publish","type":"product","link":"https:\/\/storax.be\/fr\/producten\/stalen-deksels-fr\/type-bv-gd-f90\/","title":{"rendered":"Type BV-GD-F90"},"content":{"rendered":"<h2><b>Couvercle de regard r\u00e9sistant au feu en acier, \u00e9tanche aux odeurs et \u00e0 l&rsquo;eau<\/b><\/h2>\n<p><strong>\u00c0 propos de ce produit<\/strong><\/p>\n<ul>\n<li>le cadre et le couvercle de regard sont fabriqu\u00e9s en t\u00f4le d&rsquo;acier form\u00e9e \u00e0 froid de 2\u00a0mm d&rsquo;\u00e9paisseur<\/li>\n<li style=\"font-weight: 400;\" aria-level=\"1\"><span style=\"font-weight: 400;\">l&rsquo;int\u00e9rieur est \u00e9quip\u00e9 d&rsquo;une armature en fil d&rsquo;acier torsad\u00e9 soud\u00e9 en croix d&rsquo;un diam\u00e8tre de 8 ou 12\u00a0mm<\/span><\/li>\n<li style=\"font-weight: 400;\" aria-level=\"1\"><span style=\"font-weight: 400;\">charge de rupture 125\u00a0kN selon la norme EN 124<\/span><\/li>\n<li style=\"font-weight: 400;\" aria-level=\"1\"><span style=\"font-weight: 400;\">hauteur d&rsquo;encastrement\u00a0: 75\u00a0mm<\/span><\/li>\n<li style=\"font-weight: 400;\" aria-level=\"1\"><span style=\"font-weight: 400;\">profondeur du bac\u00a0: 50\u00a0mm<\/span><\/li>\n<li style=\"font-weight: 400;\" aria-level=\"1\"><span style=\"font-weight: 400;\">muni d&rsquo;un joint de haute qualit\u00e9, r\u00e9sistant au feu<\/span><\/li>\n<li style=\"font-weight: 400;\" aria-level=\"1\"><span style=\"font-weight: 400;\">r\u00e9sistant au feu pendant 120 minutes<\/span><\/li>\n<li style=\"font-weight: 400;\" aria-level=\"1\"><span style=\"font-weight: 400;\">s&rsquo;ouvre sans effort d&rsquo;une seule main gr\u00e2ce \u00e0 une charni\u00e8re en acier inoxydable et des v\u00e9rins \u00e0 gaz<\/span><\/li>\n<li style=\"font-weight: 400;\" aria-level=\"1\"><span style=\"font-weight: 400;\">avec protection anti-retour<\/span><\/li>\n<li style=\"font-weight: 400;\" aria-level=\"1\"><span style=\"font-weight: 400;\">le c\u00f4t\u00e9 charni\u00e8re de la trappe est pourvu \u00e0 l&rsquo;ext\u00e9rieur de 2 ancrages suppl\u00e9mentaires fixes en U avec orifice de fixation<\/span><\/li>\n<li style=\"font-weight: 400;\" aria-level=\"1\"><span style=\"font-weight: 400;\">fourni complet avec tous les accessoires n\u00e9cessaires et des instructions de montage claires<\/span><\/li>\n<\/ul>\n<p><strong>Attention<\/strong><\/p>\n<p><span style=\"font-weight: 400;\">Une fois que le cadre a \u00e9t\u00e9 install\u00e9 et que le b\u00e9ton a compl\u00e8tement durci dans la trappe, la trappe peut \u00eatre ouverte avec pr\u00e9caution (angle d&rsquo;ouverture maximal de 85\u00b0), puis les v\u00e9rins \u00e0 gaz doivent \u00eatre mont\u00e9s. Les v\u00e9rins \u00e0 gaz sont fournis s\u00e9par\u00e9ment.<\/span><\/p>\n<p><strong>\u00c9galement disponible en acier inoxydable de qualit\u00e9 304<\/strong><\/p>\n<p><span style=\"font-weight: 400;\">\u00c9galement disponible en acier inoxydable de qualit\u00e9 316<\/span><\/p>\n","protected":false},"excerpt":{"rendered":"<p>Couvercle de regard r\u00e9sistant au feu en acier, \u00e9tanche aux odeurs et \u00e0 l&rsquo;eau \u00c0 propos de ce produit le cadre et le couvercle de regard sont fabriqu\u00e9s en t\u00f4le d&rsquo;acier form\u00e9e \u00e0 froid de 2\u00a0mm d&rsquo;\u00e9paisseur l&rsquo;int\u00e9rieur est \u00e9quip\u00e9 d&rsquo;une armature en fil d&rsquo;acier torsad\u00e9 soud\u00e9 en croix d&rsquo;un diam\u00e8tre de 8 ou 12\u00a0mm\u2026<\/p>\n","protected":false},"featured_media":106502,"template":"","meta":{"_acf_changed":false},"product_category":[646,722],"product_tag":[428,469,491,503,530,554],"class_list":["post-115073","product","type-product","status-publish","has-post-thumbnail","hentry","product_category-couvercle-a-carreler","product_category-stalen-deksels-fr","product_tag-125-kn-fr","product_tag-75-mm-fr","product_tag-brandwerend-fr","product_tag-gasdrukveer-fr","product_tag-niet-geisoleerd-fr","product_tag-staal-fr"],"acf":[],"yoast_head":"<!-- This site is optimized with the Yoast SEO plugin v27.3 - https:\/\/yoast.com\/product\/yoast-seo-wordpress\/ -->\n<title>Type BV-GD-F90 - Storax Belgium<\/title>\n<meta name=\"robots\" content=\"index, follow, max-snippet:-1, max-image-preview:large, max-video-preview:-1\" \/>\n<link rel=\"canonical\" href=\"https:\/\/storax.be\/fr\/producten\/stalen-deksels-fr\/type-bv-gd-f90\/\" \/>\n<meta property=\"og:locale\" content=\"fr_FR\" \/>\n<meta property=\"og:type\" content=\"article\" \/>\n<meta property=\"og:title\" content=\"Type BV-GD-F90 - Storax Belgium\" \/>\n<meta property=\"og:description\" content=\"Couvercle de regard r\u00e9sistant au feu en acier, \u00e9tanche aux odeurs et \u00e0 l&rsquo;eau \u00c0 propos de ce produit le cadre et le couvercle de regard sont fabriqu\u00e9s en t\u00f4le d&rsquo;acier form\u00e9e \u00e0 froid de 2\u00a0mm d&rsquo;\u00e9paisseur l&rsquo;int\u00e9rieur est \u00e9quip\u00e9 d&rsquo;une armature en fil d&rsquo;acier torsad\u00e9 soud\u00e9 en croix d&rsquo;un diam\u00e8tre de 8 ou 12\u00a0mm\u2026\" \/>\n<meta property=\"og:url\" content=\"https:\/\/storax.be\/fr\/producten\/stalen-deksels-fr\/type-bv-gd-f90\/\" \/>\n<meta property=\"og:site_name\" content=\"Storax Belgium\" \/>\n<meta property=\"article:modified_time\" content=\"2024-05-16T07:38:39+00:00\" \/>\n<meta property=\"og:image\" content=\"https:\/\/storax.be\/wp-content\/uploads\/sites\/2\/2019\/03\/thumb_270x270_416.jpg\" \/>\n\t<meta property=\"og:image:width\" content=\"270\" \/>\n\t<meta property=\"og:image:height\" content=\"270\" \/>\n\t<meta property=\"og:image:type\" content=\"image\/jpeg\" \/>\n<meta name=\"twitter:card\" content=\"summary_large_image\" \/>\n<meta name=\"twitter:label1\" content=\"Dur\u00e9e de lecture estim\u00e9e\" \/>\n\t<meta name=\"twitter:data1\" content=\"1 minute\" \/>\n<script type=\"application\/ld+json\" class=\"yoast-schema-graph\">{\"@context\":\"https:\\\/\\\/schema.org\",\"@graph\":[{\"@type\":\"WebPage\",\"@id\":\"https:\\\/\\\/storax.be\\\/fr\\\/producten\\\/stalen-deksels-fr\\\/type-bv-gd-f90\\\/\",\"url\":\"https:\\\/\\\/storax.be\\\/fr\\\/producten\\\/stalen-deksels-fr\\\/type-bv-gd-f90\\\/\",\"name\":\"Type BV-GD-F90 - Storax Belgium\",\"isPartOf\":{\"@id\":\"https:\\\/\\\/storax.be\\\/fr\\\/#website\"},\"primaryImageOfPage\":{\"@id\":\"https:\\\/\\\/storax.be\\\/fr\\\/producten\\\/stalen-deksels-fr\\\/type-bv-gd-f90\\\/#primaryimage\"},\"image\":{\"@id\":\"https:\\\/\\\/storax.be\\\/fr\\\/producten\\\/stalen-deksels-fr\\\/type-bv-gd-f90\\\/#primaryimage\"},\"thumbnailUrl\":\"https:\\\/\\\/storax.be\\\/wp-content\\\/uploads\\\/sites\\\/2\\\/2019\\\/03\\\/thumb_270x270_416.jpg\",\"datePublished\":\"2022-08-02T09:28:19+00:00\",\"dateModified\":\"2024-05-16T07:38:39+00:00\",\"breadcrumb\":{\"@id\":\"https:\\\/\\\/storax.be\\\/fr\\\/producten\\\/stalen-deksels-fr\\\/type-bv-gd-f90\\\/#breadcrumb\"},\"inLanguage\":\"fr-FR\",\"potentialAction\":[{\"@type\":\"ReadAction\",\"target\":[\"https:\\\/\\\/storax.be\\\/fr\\\/producten\\\/stalen-deksels-fr\\\/type-bv-gd-f90\\\/\"]}]},{\"@type\":\"ImageObject\",\"inLanguage\":\"fr-FR\",\"@id\":\"https:\\\/\\\/storax.be\\\/fr\\\/producten\\\/stalen-deksels-fr\\\/type-bv-gd-f90\\\/#primaryimage\",\"url\":\"https:\\\/\\\/storax.be\\\/wp-content\\\/uploads\\\/sites\\\/2\\\/2019\\\/03\\\/thumb_270x270_416.jpg\",\"contentUrl\":\"https:\\\/\\\/storax.be\\\/wp-content\\\/uploads\\\/sites\\\/2\\\/2019\\\/03\\\/thumb_270x270_416.jpg\",\"width\":270,\"height\":270},{\"@type\":\"BreadcrumbList\",\"@id\":\"https:\\\/\\\/storax.be\\\/fr\\\/producten\\\/stalen-deksels-fr\\\/type-bv-gd-f90\\\/#breadcrumb\",\"itemListElement\":[{\"@type\":\"ListItem\",\"position\":1,\"name\":\"Home\",\"item\":\"https:\\\/\\\/storax.be\\\/fr\\\/\"},{\"@type\":\"ListItem\",\"position\":2,\"name\":\"Producten\",\"item\":\"https:\\\/\\\/storax.be\\\/fr\\\/producten\\\/%product_category%\\\/\"},{\"@type\":\"ListItem\",\"position\":3,\"name\":\"Couvercle \u00e0 carreler\",\"item\":\"https:\\\/\\\/storax.be\\\/fr\\\/producten\\\/couvercle-a-carreler\\\/\"},{\"@type\":\"ListItem\",\"position\":4,\"name\":\"Couvercles en acier\",\"item\":\"https:\\\/\\\/storax.be\\\/fr\\\/producten\\\/stalen-deksels-fr\\\/\"},{\"@type\":\"ListItem\",\"position\":5,\"name\":\"Type BV-GD-F90\"}]},{\"@type\":\"WebSite\",\"@id\":\"https:\\\/\\\/storax.be\\\/fr\\\/#website\",\"url\":\"https:\\\/\\\/storax.be\\\/fr\\\/\",\"name\":\"Storax Belgium\",\"description\":\"Uw betrouwbare partner voor bouwprojecten\",\"potentialAction\":[{\"@type\":\"SearchAction\",\"target\":{\"@type\":\"EntryPoint\",\"urlTemplate\":\"https:\\\/\\\/storax.be\\\/fr\\\/?s={search_term_string}\"},\"query-input\":{\"@type\":\"PropertyValueSpecification\",\"valueRequired\":true,\"valueName\":\"search_term_string\"}}],\"inLanguage\":\"fr-FR\"}]}<\/script>\n<!-- \/ Yoast SEO plugin. -->","yoast_head_json":{"title":"Type BV-GD-F90 - Storax Belgium","robots":{"index":"index","follow":"follow","max-snippet":"max-snippet:-1","max-image-preview":"max-image-preview:large","max-video-preview":"max-video-preview:-1"},"canonical":"https:\/\/storax.be\/fr\/producten\/stalen-deksels-fr\/type-bv-gd-f90\/","og_locale":"fr_FR","og_type":"article","og_title":"Type BV-GD-F90 - Storax Belgium","og_description":"Couvercle de regard r\u00e9sistant au feu en acier, \u00e9tanche aux odeurs et \u00e0 l&rsquo;eau \u00c0 propos de ce produit le cadre et le couvercle de regard sont fabriqu\u00e9s en t\u00f4le d&rsquo;acier form\u00e9e \u00e0 froid de 2\u00a0mm d&rsquo;\u00e9paisseur l&rsquo;int\u00e9rieur est \u00e9quip\u00e9 d&rsquo;une armature en fil d&rsquo;acier torsad\u00e9 soud\u00e9 en croix d&rsquo;un diam\u00e8tre de 8 ou 12\u00a0mm\u2026","og_url":"https:\/\/storax.be\/fr\/producten\/stalen-deksels-fr\/type-bv-gd-f90\/","og_site_name":"Storax Belgium","article_modified_time":"2024-05-16T07:38:39+00:00","og_image":[{"width":270,"height":270,"url":"https:\/\/storax.be\/wp-content\/uploads\/sites\/2\/2019\/03\/thumb_270x270_416.jpg","type":"image\/jpeg"}],"twitter_card":"summary_large_image","twitter_misc":{"Dur\u00e9e de lecture estim\u00e9e":"1 minute"},"schema":{"@context":"https:\/\/schema.org","@graph":[{"@type":"WebPage","@id":"https:\/\/storax.be\/fr\/producten\/stalen-deksels-fr\/type-bv-gd-f90\/","url":"https:\/\/storax.be\/fr\/producten\/stalen-deksels-fr\/type-bv-gd-f90\/","name":"Type BV-GD-F90 - Storax Belgium","isPartOf":{"@id":"https:\/\/storax.be\/fr\/#website"},"primaryImageOfPage":{"@id":"https:\/\/storax.be\/fr\/producten\/stalen-deksels-fr\/type-bv-gd-f90\/#primaryimage"},"image":{"@id":"https:\/\/storax.be\/fr\/producten\/stalen-deksels-fr\/type-bv-gd-f90\/#primaryimage"},"thumbnailUrl":"https:\/\/storax.be\/wp-content\/uploads\/sites\/2\/2019\/03\/thumb_270x270_416.jpg","datePublished":"2022-08-02T09:28:19+00:00","dateModified":"2024-05-16T07:38:39+00:00","breadcrumb":{"@id":"https:\/\/storax.be\/fr\/producten\/stalen-deksels-fr\/type-bv-gd-f90\/#breadcrumb"},"inLanguage":"fr-FR","potentialAction":[{"@type":"ReadAction","target":["https:\/\/storax.be\/fr\/producten\/stalen-deksels-fr\/type-bv-gd-f90\/"]}]},{"@type":"ImageObject","inLanguage":"fr-FR","@id":"https:\/\/storax.be\/fr\/producten\/stalen-deksels-fr\/type-bv-gd-f90\/#primaryimage","url":"https:\/\/storax.be\/wp-content\/uploads\/sites\/2\/2019\/03\/thumb_270x270_416.jpg","contentUrl":"https:\/\/storax.be\/wp-content\/uploads\/sites\/2\/2019\/03\/thumb_270x270_416.jpg","width":270,"height":270},{"@type":"BreadcrumbList","@id":"https:\/\/storax.be\/fr\/producten\/stalen-deksels-fr\/type-bv-gd-f90\/#breadcrumb","itemListElement":[{"@type":"ListItem","position":1,"name":"Home","item":"https:\/\/storax.be\/fr\/"},{"@type":"ListItem","position":2,"name":"Producten","item":"https:\/\/storax.be\/fr\/producten\/%product_category%\/"},{"@type":"ListItem","position":3,"name":"Couvercle \u00e0 carreler","item":"https:\/\/storax.be\/fr\/producten\/couvercle-a-carreler\/"},{"@type":"ListItem","position":4,"name":"Couvercles en acier","item":"https:\/\/storax.be\/fr\/producten\/stalen-deksels-fr\/"},{"@type":"ListItem","position":5,"name":"Type BV-GD-F90"}]},{"@type":"WebSite","@id":"https:\/\/storax.be\/fr\/#website","url":"https:\/\/storax.be\/fr\/","name":"Storax Belgium","description":"Uw betrouwbare partner voor bouwprojecten","potentialAction":[{"@type":"SearchAction","target":{"@type":"EntryPoint","urlTemplate":"https:\/\/storax.be\/fr\/?s={search_term_string}"},"query-input":{"@type":"PropertyValueSpecification","valueRequired":true,"valueName":"search_term_string"}}],"inLanguage":"fr-FR"}]}},"_links":{"self":[{"href":"https:\/\/storax.be\/fr\/wp-json\/wp\/v2\/product\/115073","targetHints":{"allow":["GET"]}}],"collection":[{"href":"https:\/\/storax.be\/fr\/wp-json\/wp\/v2\/product"}],"about":[{"href":"https:\/\/storax.be\/fr\/wp-json\/wp\/v2\/types\/product"}],"wp:featuredmedia":[{"embeddable":true,"href":"https:\/\/storax.be\/fr\/wp-json\/wp\/v2\/media\/106502"}],"wp:attachment":[{"href":"https:\/\/storax.be\/fr\/wp-json\/wp\/v2\/media?parent=115073"}],"wp:term":[{"taxonomy":"product_category","embeddable":true,"href":"https:\/\/storax.be\/fr\/wp-json\/wp\/v2\/product_category?post=115073"},{"taxonomy":"product_tag","embeddable":true,"href":"https:\/\/storax.be\/fr\/wp-json\/wp\/v2\/product_tag?post=115073"}],"curies":[{"name":"wp","href":"https:\/\/api.w.org\/{rel}","templated":true}]}}