{"id":115064,"date":"2022-08-02T09:05:09","date_gmt":"2022-08-02T09:05:09","guid":{"rendered":"https:\/\/storax.be\/?post_type=product&#038;p=115064"},"modified":"2024-05-16T07:38:37","modified_gmt":"2024-05-16T07:38:37","slug":"jsi","status":"publish","type":"product","link":"https:\/\/storax.be\/fr\/producten\/profils-de-joints-retractables\/jsi\/","title":{"rendered":"JSI"},"content":{"rendered":"<h2 style=\"font-size: 1.5em; line-height: 40px; font-weight: 600;\">Profil\u00e9 couvre-joint pour les sols en carrelage ou en b\u00e9ton de grandes dimensions<\/h2>\n<p><span style=\"font-weight: 400;\">Profil\u00e9 couvre-joint facile \u00e0 installer pour les petits mouvements thermiques. \u00c9galement disponible avec insert en aluminium ou en laiton.<\/span><\/p>\n<ul>\n<li style=\"font-weight: 400;\" aria-level=\"1\"><span style=\"font-weight: 400;\">Pour joints de 2,5-6\u00a0mm.<\/span><\/li>\n<li style=\"font-weight: 400;\" aria-level=\"1\"><span style=\"font-weight: 400;\">Pour une hauteur d&rsquo;encastrement de 30 \u00e0 50\u00a0mm.<\/span><\/li>\n<li style=\"font-weight: 400;\" aria-level=\"1\"><span style=\"font-weight: 400;\">Particuli\u00e8rement adapt\u00e9 aux sols carrel\u00e9s de grandes dimensions en int\u00e9rieur<\/span><\/li>\n<li style=\"font-weight: 400;\" aria-level=\"1\"><span style=\"font-weight: 400;\">Longueur standard\u00a0: 3\u00a0m<\/span><\/li>\n<li style=\"font-weight: 400;\" aria-level=\"1\"><span style=\"font-weight: 400;\">Couleur des inserts\u00a0: gris<\/span><\/li>\n<li style=\"font-weight: 400;\" aria-level=\"1\"><span style=\"font-weight: 400;\">Insert en aluminium ou en laiton pour un trafic intense<\/span><\/li>\n<\/ul>\n","protected":false},"excerpt":{"rendered":"<p>Profil\u00e9 couvre-joint pour les sols en carrelage ou en b\u00e9ton de grandes dimensions Profil\u00e9 couvre-joint facile \u00e0 installer pour les petits mouvements thermiques. \u00c9galement disponible avec insert en aluminium ou en laiton. Pour joints de 2,5-6\u00a0mm. Pour une hauteur d&rsquo;encastrement de 30 \u00e0 50\u00a0mm. Particuli\u00e8rement adapt\u00e9 aux sols carrel\u00e9s de grandes dimensions en int\u00e9rieur Longueur\u2026<\/p>\n","protected":false},"featured_media":106540,"template":"","meta":{"_acf_changed":false},"product_category":[651,702],"product_tag":[],"class_list":["post-115064","product","type-product","status-publish","has-post-thumbnail","hentry","product_category-profiles-couvre-joints","product_category-profils-de-joints-retractables"],"acf":[],"yoast_head":"<!-- This site is optimized with the Yoast SEO plugin v27.3 - https:\/\/yoast.com\/product\/yoast-seo-wordpress\/ -->\n<title>JSI - Storax Belgium<\/title>\n<meta name=\"robots\" content=\"index, follow, max-snippet:-1, max-image-preview:large, max-video-preview:-1\" \/>\n<link rel=\"canonical\" href=\"https:\/\/storax.be\/fr\/producten\/profils-de-joints-retractables\/jsi\/\" \/>\n<meta property=\"og:locale\" content=\"fr_FR\" \/>\n<meta property=\"og:type\" content=\"article\" \/>\n<meta property=\"og:title\" content=\"JSI - Storax Belgium\" \/>\n<meta property=\"og:description\" content=\"Profil\u00e9 couvre-joint pour les sols en carrelage ou en b\u00e9ton de grandes dimensions Profil\u00e9 couvre-joint facile \u00e0 installer pour les petits mouvements thermiques. \u00c9galement disponible avec insert en aluminium ou en laiton. Pour joints de 2,5-6\u00a0mm. Pour une hauteur d&rsquo;encastrement de 30 \u00e0 50\u00a0mm. Particuli\u00e8rement adapt\u00e9 aux sols carrel\u00e9s de grandes dimensions en int\u00e9rieur Longueur\u2026\" \/>\n<meta property=\"og:url\" content=\"https:\/\/storax.be\/fr\/producten\/profils-de-joints-retractables\/jsi\/\" \/>\n<meta property=\"og:site_name\" content=\"Storax Belgium\" \/>\n<meta property=\"article:modified_time\" content=\"2024-05-16T07:38:37+00:00\" \/>\n<meta property=\"og:image\" content=\"https:\/\/storax.be\/wp-content\/uploads\/sites\/2\/2019\/03\/thumb_270x270_383.jpg\" \/>\n\t<meta property=\"og:image:width\" content=\"270\" \/>\n\t<meta property=\"og:image:height\" content=\"270\" \/>\n\t<meta property=\"og:image:type\" content=\"image\/jpeg\" \/>\n<meta name=\"twitter:card\" content=\"summary_large_image\" \/>\n<meta name=\"twitter:label1\" content=\"Dur\u00e9e de lecture estim\u00e9e\" \/>\n\t<meta name=\"twitter:data1\" content=\"1 minute\" \/>\n<script type=\"application\/ld+json\" class=\"yoast-schema-graph\">{\"@context\":\"https:\\\/\\\/schema.org\",\"@graph\":[{\"@type\":\"WebPage\",\"@id\":\"https:\\\/\\\/storax.be\\\/fr\\\/producten\\\/profils-de-joints-retractables\\\/jsi\\\/\",\"url\":\"https:\\\/\\\/storax.be\\\/fr\\\/producten\\\/profils-de-joints-retractables\\\/jsi\\\/\",\"name\":\"JSI - Storax Belgium\",\"isPartOf\":{\"@id\":\"https:\\\/\\\/storax.be\\\/fr\\\/#website\"},\"primaryImageOfPage\":{\"@id\":\"https:\\\/\\\/storax.be\\\/fr\\\/producten\\\/profils-de-joints-retractables\\\/jsi\\\/#primaryimage\"},\"image\":{\"@id\":\"https:\\\/\\\/storax.be\\\/fr\\\/producten\\\/profils-de-joints-retractables\\\/jsi\\\/#primaryimage\"},\"thumbnailUrl\":\"https:\\\/\\\/storax.be\\\/wp-content\\\/uploads\\\/sites\\\/2\\\/2019\\\/03\\\/thumb_270x270_383.jpg\",\"datePublished\":\"2022-08-02T09:05:09+00:00\",\"dateModified\":\"2024-05-16T07:38:37+00:00\",\"breadcrumb\":{\"@id\":\"https:\\\/\\\/storax.be\\\/fr\\\/producten\\\/profils-de-joints-retractables\\\/jsi\\\/#breadcrumb\"},\"inLanguage\":\"fr-FR\",\"potentialAction\":[{\"@type\":\"ReadAction\",\"target\":[\"https:\\\/\\\/storax.be\\\/fr\\\/producten\\\/profils-de-joints-retractables\\\/jsi\\\/\"]}]},{\"@type\":\"ImageObject\",\"inLanguage\":\"fr-FR\",\"@id\":\"https:\\\/\\\/storax.be\\\/fr\\\/producten\\\/profils-de-joints-retractables\\\/jsi\\\/#primaryimage\",\"url\":\"https:\\\/\\\/storax.be\\\/wp-content\\\/uploads\\\/sites\\\/2\\\/2019\\\/03\\\/thumb_270x270_383.jpg\",\"contentUrl\":\"https:\\\/\\\/storax.be\\\/wp-content\\\/uploads\\\/sites\\\/2\\\/2019\\\/03\\\/thumb_270x270_383.jpg\",\"width\":270,\"height\":270},{\"@type\":\"BreadcrumbList\",\"@id\":\"https:\\\/\\\/storax.be\\\/fr\\\/producten\\\/profils-de-joints-retractables\\\/jsi\\\/#breadcrumb\",\"itemListElement\":[{\"@type\":\"ListItem\",\"position\":1,\"name\":\"Home\",\"item\":\"https:\\\/\\\/storax.be\\\/fr\\\/\"},{\"@type\":\"ListItem\",\"position\":2,\"name\":\"Producten\",\"item\":\"https:\\\/\\\/storax.be\\\/fr\\\/producten\\\/%product_category%\\\/\"},{\"@type\":\"ListItem\",\"position\":3,\"name\":\"Profil\u00e9s couvre-joints\",\"item\":\"https:\\\/\\\/storax.be\\\/fr\\\/producten\\\/profiles-couvre-joints\\\/\"},{\"@type\":\"ListItem\",\"position\":4,\"name\":\"Profils de joints r\u00e9tractables\",\"item\":\"https:\\\/\\\/storax.be\\\/fr\\\/producten\\\/profils-de-joints-retractables\\\/\"},{\"@type\":\"ListItem\",\"position\":5,\"name\":\"JSI\"}]},{\"@type\":\"WebSite\",\"@id\":\"https:\\\/\\\/storax.be\\\/fr\\\/#website\",\"url\":\"https:\\\/\\\/storax.be\\\/fr\\\/\",\"name\":\"Storax Belgium\",\"description\":\"Uw betrouwbare partner voor bouwprojecten\",\"potentialAction\":[{\"@type\":\"SearchAction\",\"target\":{\"@type\":\"EntryPoint\",\"urlTemplate\":\"https:\\\/\\\/storax.be\\\/fr\\\/?s={search_term_string}\"},\"query-input\":{\"@type\":\"PropertyValueSpecification\",\"valueRequired\":true,\"valueName\":\"search_term_string\"}}],\"inLanguage\":\"fr-FR\"}]}<\/script>\n<!-- \/ Yoast SEO plugin. -->","yoast_head_json":{"title":"JSI - Storax Belgium","robots":{"index":"index","follow":"follow","max-snippet":"max-snippet:-1","max-image-preview":"max-image-preview:large","max-video-preview":"max-video-preview:-1"},"canonical":"https:\/\/storax.be\/fr\/producten\/profils-de-joints-retractables\/jsi\/","og_locale":"fr_FR","og_type":"article","og_title":"JSI - Storax Belgium","og_description":"Profil\u00e9 couvre-joint pour les sols en carrelage ou en b\u00e9ton de grandes dimensions Profil\u00e9 couvre-joint facile \u00e0 installer pour les petits mouvements thermiques. \u00c9galement disponible avec insert en aluminium ou en laiton. Pour joints de 2,5-6\u00a0mm. Pour une hauteur d&rsquo;encastrement de 30 \u00e0 50\u00a0mm. Particuli\u00e8rement adapt\u00e9 aux sols carrel\u00e9s de grandes dimensions en int\u00e9rieur Longueur\u2026","og_url":"https:\/\/storax.be\/fr\/producten\/profils-de-joints-retractables\/jsi\/","og_site_name":"Storax Belgium","article_modified_time":"2024-05-16T07:38:37+00:00","og_image":[{"width":270,"height":270,"url":"https:\/\/storax.be\/wp-content\/uploads\/sites\/2\/2019\/03\/thumb_270x270_383.jpg","type":"image\/jpeg"}],"twitter_card":"summary_large_image","twitter_misc":{"Dur\u00e9e de lecture estim\u00e9e":"1 minute"},"schema":{"@context":"https:\/\/schema.org","@graph":[{"@type":"WebPage","@id":"https:\/\/storax.be\/fr\/producten\/profils-de-joints-retractables\/jsi\/","url":"https:\/\/storax.be\/fr\/producten\/profils-de-joints-retractables\/jsi\/","name":"JSI - Storax Belgium","isPartOf":{"@id":"https:\/\/storax.be\/fr\/#website"},"primaryImageOfPage":{"@id":"https:\/\/storax.be\/fr\/producten\/profils-de-joints-retractables\/jsi\/#primaryimage"},"image":{"@id":"https:\/\/storax.be\/fr\/producten\/profils-de-joints-retractables\/jsi\/#primaryimage"},"thumbnailUrl":"https:\/\/storax.be\/wp-content\/uploads\/sites\/2\/2019\/03\/thumb_270x270_383.jpg","datePublished":"2022-08-02T09:05:09+00:00","dateModified":"2024-05-16T07:38:37+00:00","breadcrumb":{"@id":"https:\/\/storax.be\/fr\/producten\/profils-de-joints-retractables\/jsi\/#breadcrumb"},"inLanguage":"fr-FR","potentialAction":[{"@type":"ReadAction","target":["https:\/\/storax.be\/fr\/producten\/profils-de-joints-retractables\/jsi\/"]}]},{"@type":"ImageObject","inLanguage":"fr-FR","@id":"https:\/\/storax.be\/fr\/producten\/profils-de-joints-retractables\/jsi\/#primaryimage","url":"https:\/\/storax.be\/wp-content\/uploads\/sites\/2\/2019\/03\/thumb_270x270_383.jpg","contentUrl":"https:\/\/storax.be\/wp-content\/uploads\/sites\/2\/2019\/03\/thumb_270x270_383.jpg","width":270,"height":270},{"@type":"BreadcrumbList","@id":"https:\/\/storax.be\/fr\/producten\/profils-de-joints-retractables\/jsi\/#breadcrumb","itemListElement":[{"@type":"ListItem","position":1,"name":"Home","item":"https:\/\/storax.be\/fr\/"},{"@type":"ListItem","position":2,"name":"Producten","item":"https:\/\/storax.be\/fr\/producten\/%product_category%\/"},{"@type":"ListItem","position":3,"name":"Profil\u00e9s couvre-joints","item":"https:\/\/storax.be\/fr\/producten\/profiles-couvre-joints\/"},{"@type":"ListItem","position":4,"name":"Profils de joints r\u00e9tractables","item":"https:\/\/storax.be\/fr\/producten\/profils-de-joints-retractables\/"},{"@type":"ListItem","position":5,"name":"JSI"}]},{"@type":"WebSite","@id":"https:\/\/storax.be\/fr\/#website","url":"https:\/\/storax.be\/fr\/","name":"Storax Belgium","description":"Uw betrouwbare partner voor bouwprojecten","potentialAction":[{"@type":"SearchAction","target":{"@type":"EntryPoint","urlTemplate":"https:\/\/storax.be\/fr\/?s={search_term_string}"},"query-input":{"@type":"PropertyValueSpecification","valueRequired":true,"valueName":"search_term_string"}}],"inLanguage":"fr-FR"}]}},"_links":{"self":[{"href":"https:\/\/storax.be\/fr\/wp-json\/wp\/v2\/product\/115064","targetHints":{"allow":["GET"]}}],"collection":[{"href":"https:\/\/storax.be\/fr\/wp-json\/wp\/v2\/product"}],"about":[{"href":"https:\/\/storax.be\/fr\/wp-json\/wp\/v2\/types\/product"}],"wp:featuredmedia":[{"embeddable":true,"href":"https:\/\/storax.be\/fr\/wp-json\/wp\/v2\/media\/106540"}],"wp:attachment":[{"href":"https:\/\/storax.be\/fr\/wp-json\/wp\/v2\/media?parent=115064"}],"wp:term":[{"taxonomy":"product_category","embeddable":true,"href":"https:\/\/storax.be\/fr\/wp-json\/wp\/v2\/product_category?post=115064"},{"taxonomy":"product_tag","embeddable":true,"href":"https:\/\/storax.be\/fr\/wp-json\/wp\/v2\/product_tag?post=115064"}],"curies":[{"name":"wp","href":"https:\/\/api.w.org\/{rel}","templated":true}]}}