{"id":115060,"date":"2022-08-02T08:56:34","date_gmt":"2022-08-02T08:56:34","guid":{"rendered":"https:\/\/storax.be\/?post_type=product&#038;p=115060"},"modified":"2024-05-16T07:38:36","modified_gmt":"2024-05-16T07:38:36","slug":"type-bv-thermo","status":"publish","type":"product","link":"https:\/\/storax.be\/fr\/producten\/couvercle-a-carreler\/type-bv-thermo\/","title":{"rendered":"Type BV-THERMO"},"content":{"rendered":"<h2><b>Couvercle de regard standard en acier, \u00e9tanche aux odeurs et \u00e0 l&rsquo;eau, isol\u00e9<\/b><\/h2>\n<p><strong>\u00c0 propos de ce produit<\/strong><\/p>\n<ul>\n<li>le cadre et le couvercle sont fabriqu\u00e9s en t\u00f4le d&rsquo;acier form\u00e9e \u00e0 froid de 2\u00a0mm d&rsquo;\u00e9paisseur<\/li>\n<li style=\"font-weight: 400;\" aria-level=\"1\"><span style=\"font-weight: 400;\">la trappe de sol est \u00e9quip\u00e9e \u00e0 l&rsquo;int\u00e9rieur d&rsquo;une armature en fil d&rsquo;acier torsad\u00e9 soud\u00e9 en croix d&rsquo;un diam\u00e8tre de 8 ou 12\u00a0mm<\/span><\/li>\n<li style=\"font-weight: 400;\" aria-level=\"1\"><span style=\"font-weight: 400;\">le bord visible apr\u00e8s remplissage est de 4-5\u00a0mm<\/span><\/li>\n<li style=\"font-weight: 400;\" aria-level=\"1\"><span style=\"font-weight: 400;\">\u00e9quip\u00e9 d&rsquo;un joint de haute qualit\u00e9, r\u00e9sistant aux produits chimiques<\/span><\/li>\n<li style=\"font-weight: 400;\" aria-level=\"1\"><span style=\"font-weight: 400;\">hauteur d&rsquo;encastrement\u00a0: 75\u00a0mm<\/span><\/li>\n<li style=\"font-weight: 400;\" aria-level=\"1\"><span style=\"font-weight: 400;\">profondeur du bac\u00a0: 50\u00a0mm<\/span><\/li>\n<li style=\"font-weight: 400;\" aria-level=\"1\"><span style=\"font-weight: 400;\">charge de rupture 125\u00a0kN selon la norme EN 124<\/span><\/li>\n<li style=\"font-weight: 400;\" aria-level=\"1\"><span style=\"font-weight: 400;\">\u00e9tanch\u00e9it\u00e9 garantie aux odeurs et \u00e0 l&rsquo;eau<\/span><\/li>\n<li style=\"font-weight: 400;\" aria-level=\"1\"><span style=\"font-weight: 400;\">profil\u00e9 Z avec, \u00e0 l&rsquo;int\u00e9rieur, un panneau d&rsquo;isolation en mousse rigide de polyur\u00e9thane avec une couche de protection en aluminium sur les deux faces<\/span><\/li>\n<li style=\"font-weight: 400;\" aria-level=\"1\"><span style=\"font-weight: 400;\">valeur RC 3,6\u00a0m<\/span><span style=\"font-weight: 400;\">2<\/span><span style=\"font-weight: 400;\">\u00a0K\/W<\/span><\/li>\n<li style=\"font-weight: 400;\" aria-level=\"1\"><span style=\"font-weight: 400;\">tr\u00e8s facile \u00e0 ouvrir et \u00e0 fermer, le cadre et la trappe sont reli\u00e9s par des vis \u00e0 six pans creuses<\/span><\/li>\n<li style=\"font-weight: 400;\" aria-level=\"1\"><span style=\"font-weight: 400;\">traitement de surface\u00a0: galvanis\u00e9 \u00e0 chaud<\/span><\/li>\n<li style=\"font-weight: 400;\" aria-level=\"1\"><span style=\"font-weight: 400;\">fourni complet avec tous les accessoires n\u00e9cessaires et des instructions de montage claires<\/span><\/li>\n<\/ul>\n<p><strong>\u00c9galement disponible en acier inoxydable de grade 304<\/strong><br \/>\n<strong>Sur demande, \u00e9galement disponible en acier inoxydable de grade 316<\/strong><\/p>\n<table style=\"border-style: solid; border-width: thin;\" cellspacing=\"0\" cellpadding=\"0\">\n<tbody>\n<tr>\n<td style=\"text-align: left; vertical-align: top; padding: 10px; width: 150px;\"><img decoding=\"async\" src=\"https:\/\/www.storax.nl\/images\/Vloerluiken\/1.jpg\" width=\"150\" height=\"auto\" \/><\/td>\n<td style=\"text-align: left; vertical-align: top; padding: 10px;\">Un couvercle lourd sans charni\u00e8re est souvent difficile \u00e0 retirer du sol. \u00a0<a href=\"#\" target=\"_blank\" rel=\"noopener\">L&rsquo;Hagolifter\u00a0<\/a>offre une solution.<\/td>\n<\/tr>\n<\/tbody>\n<\/table>\n","protected":false},"excerpt":{"rendered":"<p>Couvercle de regard standard en acier, \u00e9tanche aux odeurs et \u00e0 l&rsquo;eau, isol\u00e9 \u00c0 propos de ce produit le cadre et le couvercle sont fabriqu\u00e9s en t\u00f4le d&rsquo;acier form\u00e9e \u00e0 froid de 2\u00a0mm d&rsquo;\u00e9paisseur la trappe de sol est \u00e9quip\u00e9e \u00e0 l&rsquo;int\u00e9rieur d&rsquo;une armature en fil d&rsquo;acier torsad\u00e9 soud\u00e9 en croix d&rsquo;un diam\u00e8tre de 8\u2026<\/p>\n","protected":false},"featured_media":106831,"template":"","meta":{"_acf_changed":false},"product_category":[646],"product_tag":[428,469,505,506,528,554],"class_list":["post-115060","product","type-product","status-publish","has-post-thumbnail","hentry","product_category-couvercle-a-carreler","product_tag-125-kn-fr","product_tag-75-mm-fr","product_tag-geen-gasdrukveer-fr","product_tag-geisoleerd-fr","product_tag-niet-brandwerend-fr","product_tag-staal-fr"],"acf":[],"yoast_head":"<!-- This site is optimized with the Yoast SEO plugin v27.3 - https:\/\/yoast.com\/product\/yoast-seo-wordpress\/ -->\n<title>Type BV-THERMO - Storax Belgium<\/title>\n<meta name=\"robots\" content=\"index, follow, max-snippet:-1, max-image-preview:large, max-video-preview:-1\" \/>\n<link rel=\"canonical\" href=\"https:\/\/storax.be\/fr\/producten\/couvercle-a-carreler\/type-bv-thermo\/\" \/>\n<meta property=\"og:locale\" content=\"fr_FR\" \/>\n<meta property=\"og:type\" content=\"article\" \/>\n<meta property=\"og:title\" content=\"Type BV-THERMO - Storax Belgium\" \/>\n<meta property=\"og:description\" content=\"Couvercle de regard standard en acier, \u00e9tanche aux odeurs et \u00e0 l&rsquo;eau, isol\u00e9 \u00c0 propos de ce produit le cadre et le couvercle sont fabriqu\u00e9s en t\u00f4le d&rsquo;acier form\u00e9e \u00e0 froid de 2\u00a0mm d&rsquo;\u00e9paisseur la trappe de sol est \u00e9quip\u00e9e \u00e0 l&rsquo;int\u00e9rieur d&rsquo;une armature en fil d&rsquo;acier torsad\u00e9 soud\u00e9 en croix d&rsquo;un diam\u00e8tre de 8\u2026\" \/>\n<meta property=\"og:url\" content=\"https:\/\/storax.be\/fr\/producten\/couvercle-a-carreler\/type-bv-thermo\/\" \/>\n<meta property=\"og:site_name\" content=\"Storax Belgium\" \/>\n<meta property=\"article:modified_time\" content=\"2024-05-16T07:38:36+00:00\" \/>\n<meta property=\"og:image\" content=\"https:\/\/storax.be\/wp-content\/uploads\/sites\/2\/2019\/03\/thumb_270x270_183.jpg\" \/>\n\t<meta property=\"og:image:width\" content=\"270\" \/>\n\t<meta property=\"og:image:height\" content=\"270\" \/>\n\t<meta property=\"og:image:type\" content=\"image\/jpeg\" \/>\n<meta name=\"twitter:card\" content=\"summary_large_image\" \/>\n<meta name=\"twitter:label1\" content=\"Dur\u00e9e de lecture estim\u00e9e\" \/>\n\t<meta name=\"twitter:data1\" content=\"2 minutes\" \/>\n<script type=\"application\/ld+json\" class=\"yoast-schema-graph\">{\"@context\":\"https:\\\/\\\/schema.org\",\"@graph\":[{\"@type\":\"WebPage\",\"@id\":\"https:\\\/\\\/storax.be\\\/fr\\\/producten\\\/couvercle-a-carreler\\\/type-bv-thermo\\\/\",\"url\":\"https:\\\/\\\/storax.be\\\/fr\\\/producten\\\/couvercle-a-carreler\\\/type-bv-thermo\\\/\",\"name\":\"Type BV-THERMO - Storax Belgium\",\"isPartOf\":{\"@id\":\"https:\\\/\\\/storax.be\\\/fr\\\/#website\"},\"primaryImageOfPage\":{\"@id\":\"https:\\\/\\\/storax.be\\\/fr\\\/producten\\\/couvercle-a-carreler\\\/type-bv-thermo\\\/#primaryimage\"},\"image\":{\"@id\":\"https:\\\/\\\/storax.be\\\/fr\\\/producten\\\/couvercle-a-carreler\\\/type-bv-thermo\\\/#primaryimage\"},\"thumbnailUrl\":\"https:\\\/\\\/storax.be\\\/wp-content\\\/uploads\\\/sites\\\/2\\\/2019\\\/03\\\/thumb_270x270_183.jpg\",\"datePublished\":\"2022-08-02T08:56:34+00:00\",\"dateModified\":\"2024-05-16T07:38:36+00:00\",\"breadcrumb\":{\"@id\":\"https:\\\/\\\/storax.be\\\/fr\\\/producten\\\/couvercle-a-carreler\\\/type-bv-thermo\\\/#breadcrumb\"},\"inLanguage\":\"fr-FR\",\"potentialAction\":[{\"@type\":\"ReadAction\",\"target\":[\"https:\\\/\\\/storax.be\\\/fr\\\/producten\\\/couvercle-a-carreler\\\/type-bv-thermo\\\/\"]}]},{\"@type\":\"ImageObject\",\"inLanguage\":\"fr-FR\",\"@id\":\"https:\\\/\\\/storax.be\\\/fr\\\/producten\\\/couvercle-a-carreler\\\/type-bv-thermo\\\/#primaryimage\",\"url\":\"https:\\\/\\\/storax.be\\\/wp-content\\\/uploads\\\/sites\\\/2\\\/2019\\\/03\\\/thumb_270x270_183.jpg\",\"contentUrl\":\"https:\\\/\\\/storax.be\\\/wp-content\\\/uploads\\\/sites\\\/2\\\/2019\\\/03\\\/thumb_270x270_183.jpg\",\"width\":270,\"height\":270},{\"@type\":\"BreadcrumbList\",\"@id\":\"https:\\\/\\\/storax.be\\\/fr\\\/producten\\\/couvercle-a-carreler\\\/type-bv-thermo\\\/#breadcrumb\",\"itemListElement\":[{\"@type\":\"ListItem\",\"position\":1,\"name\":\"Home\",\"item\":\"https:\\\/\\\/storax.be\\\/fr\\\/\"},{\"@type\":\"ListItem\",\"position\":2,\"name\":\"Producten\",\"item\":\"https:\\\/\\\/storax.be\\\/fr\\\/producten\\\/%product_category%\\\/\"},{\"@type\":\"ListItem\",\"position\":3,\"name\":\"Couvercle \u00e0 carreler\",\"item\":\"https:\\\/\\\/storax.be\\\/fr\\\/producten\\\/couvercle-a-carreler\\\/\"},{\"@type\":\"ListItem\",\"position\":4,\"name\":\"Type BV-THERMO\"}]},{\"@type\":\"WebSite\",\"@id\":\"https:\\\/\\\/storax.be\\\/fr\\\/#website\",\"url\":\"https:\\\/\\\/storax.be\\\/fr\\\/\",\"name\":\"Storax Belgium\",\"description\":\"Uw betrouwbare partner voor bouwprojecten\",\"potentialAction\":[{\"@type\":\"SearchAction\",\"target\":{\"@type\":\"EntryPoint\",\"urlTemplate\":\"https:\\\/\\\/storax.be\\\/fr\\\/?s={search_term_string}\"},\"query-input\":{\"@type\":\"PropertyValueSpecification\",\"valueRequired\":true,\"valueName\":\"search_term_string\"}}],\"inLanguage\":\"fr-FR\"}]}<\/script>\n<!-- \/ Yoast SEO plugin. -->","yoast_head_json":{"title":"Type BV-THERMO - Storax Belgium","robots":{"index":"index","follow":"follow","max-snippet":"max-snippet:-1","max-image-preview":"max-image-preview:large","max-video-preview":"max-video-preview:-1"},"canonical":"https:\/\/storax.be\/fr\/producten\/couvercle-a-carreler\/type-bv-thermo\/","og_locale":"fr_FR","og_type":"article","og_title":"Type BV-THERMO - Storax Belgium","og_description":"Couvercle de regard standard en acier, \u00e9tanche aux odeurs et \u00e0 l&rsquo;eau, isol\u00e9 \u00c0 propos de ce produit le cadre et le couvercle sont fabriqu\u00e9s en t\u00f4le d&rsquo;acier form\u00e9e \u00e0 froid de 2\u00a0mm d&rsquo;\u00e9paisseur la trappe de sol est \u00e9quip\u00e9e \u00e0 l&rsquo;int\u00e9rieur d&rsquo;une armature en fil d&rsquo;acier torsad\u00e9 soud\u00e9 en croix d&rsquo;un diam\u00e8tre de 8\u2026","og_url":"https:\/\/storax.be\/fr\/producten\/couvercle-a-carreler\/type-bv-thermo\/","og_site_name":"Storax Belgium","article_modified_time":"2024-05-16T07:38:36+00:00","og_image":[{"width":270,"height":270,"url":"https:\/\/storax.be\/wp-content\/uploads\/sites\/2\/2019\/03\/thumb_270x270_183.jpg","type":"image\/jpeg"}],"twitter_card":"summary_large_image","twitter_misc":{"Dur\u00e9e de lecture estim\u00e9e":"2 minutes"},"schema":{"@context":"https:\/\/schema.org","@graph":[{"@type":"WebPage","@id":"https:\/\/storax.be\/fr\/producten\/couvercle-a-carreler\/type-bv-thermo\/","url":"https:\/\/storax.be\/fr\/producten\/couvercle-a-carreler\/type-bv-thermo\/","name":"Type BV-THERMO - Storax Belgium","isPartOf":{"@id":"https:\/\/storax.be\/fr\/#website"},"primaryImageOfPage":{"@id":"https:\/\/storax.be\/fr\/producten\/couvercle-a-carreler\/type-bv-thermo\/#primaryimage"},"image":{"@id":"https:\/\/storax.be\/fr\/producten\/couvercle-a-carreler\/type-bv-thermo\/#primaryimage"},"thumbnailUrl":"https:\/\/storax.be\/wp-content\/uploads\/sites\/2\/2019\/03\/thumb_270x270_183.jpg","datePublished":"2022-08-02T08:56:34+00:00","dateModified":"2024-05-16T07:38:36+00:00","breadcrumb":{"@id":"https:\/\/storax.be\/fr\/producten\/couvercle-a-carreler\/type-bv-thermo\/#breadcrumb"},"inLanguage":"fr-FR","potentialAction":[{"@type":"ReadAction","target":["https:\/\/storax.be\/fr\/producten\/couvercle-a-carreler\/type-bv-thermo\/"]}]},{"@type":"ImageObject","inLanguage":"fr-FR","@id":"https:\/\/storax.be\/fr\/producten\/couvercle-a-carreler\/type-bv-thermo\/#primaryimage","url":"https:\/\/storax.be\/wp-content\/uploads\/sites\/2\/2019\/03\/thumb_270x270_183.jpg","contentUrl":"https:\/\/storax.be\/wp-content\/uploads\/sites\/2\/2019\/03\/thumb_270x270_183.jpg","width":270,"height":270},{"@type":"BreadcrumbList","@id":"https:\/\/storax.be\/fr\/producten\/couvercle-a-carreler\/type-bv-thermo\/#breadcrumb","itemListElement":[{"@type":"ListItem","position":1,"name":"Home","item":"https:\/\/storax.be\/fr\/"},{"@type":"ListItem","position":2,"name":"Producten","item":"https:\/\/storax.be\/fr\/producten\/%product_category%\/"},{"@type":"ListItem","position":3,"name":"Couvercle \u00e0 carreler","item":"https:\/\/storax.be\/fr\/producten\/couvercle-a-carreler\/"},{"@type":"ListItem","position":4,"name":"Type BV-THERMO"}]},{"@type":"WebSite","@id":"https:\/\/storax.be\/fr\/#website","url":"https:\/\/storax.be\/fr\/","name":"Storax Belgium","description":"Uw betrouwbare partner voor bouwprojecten","potentialAction":[{"@type":"SearchAction","target":{"@type":"EntryPoint","urlTemplate":"https:\/\/storax.be\/fr\/?s={search_term_string}"},"query-input":{"@type":"PropertyValueSpecification","valueRequired":true,"valueName":"search_term_string"}}],"inLanguage":"fr-FR"}]}},"_links":{"self":[{"href":"https:\/\/storax.be\/fr\/wp-json\/wp\/v2\/product\/115060","targetHints":{"allow":["GET"]}}],"collection":[{"href":"https:\/\/storax.be\/fr\/wp-json\/wp\/v2\/product"}],"about":[{"href":"https:\/\/storax.be\/fr\/wp-json\/wp\/v2\/types\/product"}],"wp:featuredmedia":[{"embeddable":true,"href":"https:\/\/storax.be\/fr\/wp-json\/wp\/v2\/media\/106831"}],"wp:attachment":[{"href":"https:\/\/storax.be\/fr\/wp-json\/wp\/v2\/media?parent=115060"}],"wp:term":[{"taxonomy":"product_category","embeddable":true,"href":"https:\/\/storax.be\/fr\/wp-json\/wp\/v2\/product_category?post=115060"},{"taxonomy":"product_tag","embeddable":true,"href":"https:\/\/storax.be\/fr\/wp-json\/wp\/v2\/product_tag?post=115060"}],"curies":[{"name":"wp","href":"https:\/\/api.w.org\/{rel}","templated":true}]}}