{"id":115053,"date":"2022-08-02T08:33:55","date_gmt":"2022-08-02T08:33:55","guid":{"rendered":"https:\/\/storax.be\/?post_type=product&#038;p=115053"},"modified":"2024-05-16T07:38:35","modified_gmt":"2024-05-16T07:38:35","slug":"serie-pds","status":"publish","type":"product","link":"https:\/\/storax.be\/fr\/producten\/profiles-couvre-joints\/serie-pds\/","title":{"rendered":"S\u00e9rie PDS"},"content":{"rendered":"<h2 style=\"font-size: 1.5em; line-height: 40px; font-weight: 600;\">Profil\u00e9 couvre-joint \u00e9tanche pour parkings<\/h2>\n<p><span style=\"font-weight: 400;\">R\u00e9siste au trafic intense et \u00e0 toutes les conditions m\u00e9t\u00e9orologiques. L&rsquo;insert en Santoprene\u00ae ou EPDM est \u00e9tanche. Les brides du profil\u00e9 en aluminium et le cadre en acier inoxydable garantissent une construction robuste.<\/span><\/p>\n<p><strong>\u00c0 propos de ce produit<\/strong><\/p>\n<ul>\n<li style=\"font-weight: 400;\" aria-level=\"1\"><span style=\"font-weight: 400;\">Pour joints de 50\u00a0mm.<\/span><\/li>\n<li style=\"font-weight: 400;\" aria-level=\"1\"><span style=\"font-weight: 400;\">Hauteur d&rsquo;encastrement de 30 \u00e0 90\u00a0mm<\/span><\/li>\n<li>Id\u00e9al pour le trafic lourd<\/li>\n<li style=\"font-weight: 400;\" aria-level=\"1\"><span style=\"font-weight: 400;\">Pour les applications int\u00e9rieures et ext\u00e9rieures<\/span><\/li>\n<li style=\"font-weight: 400;\" aria-level=\"1\"><span style=\"font-weight: 400;\">Longueur standard\u00a0: 3\u00a0m<\/span><\/li>\n<li style=\"font-weight: 400;\" aria-level=\"1\"><span style=\"font-weight: 400;\">Couleur de l&rsquo;insert\u00a0: noir<\/span><\/li>\n<\/ul>\n","protected":false},"excerpt":{"rendered":"<p>Profil\u00e9 couvre-joint \u00e9tanche pour parkings R\u00e9siste au trafic intense et \u00e0 toutes les conditions m\u00e9t\u00e9orologiques. L&rsquo;insert en Santoprene\u00ae ou EPDM est \u00e9tanche. Les brides du profil\u00e9 en aluminium et le cadre en acier inoxydable garantissent une construction robuste. \u00c0 propos de ce produit Pour joints de 50\u00a0mm. Hauteur d&rsquo;encastrement de 30 \u00e0 90\u00a0mm Id\u00e9al pour\u2026<\/p>\n","protected":false},"featured_media":106534,"template":"","meta":{"_acf_changed":false},"product_category":[711,651],"product_tag":[],"class_list":["post-115053","product","type-product","status-publish","has-post-thumbnail","hentry","product_category-parking","product_category-profiles-couvre-joints"],"acf":[],"yoast_head":"<!-- This site is optimized with the Yoast SEO plugin v27.3 - https:\/\/yoast.com\/product\/yoast-seo-wordpress\/ -->\n<title>S\u00e9rie PDS - Storax Belgium<\/title>\n<meta name=\"robots\" content=\"index, follow, max-snippet:-1, max-image-preview:large, max-video-preview:-1\" \/>\n<link rel=\"canonical\" href=\"https:\/\/storax.be\/fr\/producten\/profiles-couvre-joints\/serie-pds\/\" \/>\n<meta property=\"og:locale\" content=\"fr_FR\" \/>\n<meta property=\"og:type\" content=\"article\" \/>\n<meta property=\"og:title\" content=\"S\u00e9rie PDS - Storax Belgium\" \/>\n<meta property=\"og:description\" content=\"Profil\u00e9 couvre-joint \u00e9tanche pour parkings R\u00e9siste au trafic intense et \u00e0 toutes les conditions m\u00e9t\u00e9orologiques. L&rsquo;insert en Santoprene\u00ae ou EPDM est \u00e9tanche. Les brides du profil\u00e9 en aluminium et le cadre en acier inoxydable garantissent une construction robuste. \u00c0 propos de ce produit Pour joints de 50\u00a0mm. Hauteur d&rsquo;encastrement de 30 \u00e0 90\u00a0mm Id\u00e9al pour\u2026\" \/>\n<meta property=\"og:url\" content=\"https:\/\/storax.be\/fr\/producten\/profiles-couvre-joints\/serie-pds\/\" \/>\n<meta property=\"og:site_name\" content=\"Storax Belgium\" \/>\n<meta property=\"article:modified_time\" content=\"2024-05-16T07:38:35+00:00\" \/>\n<meta property=\"og:image\" content=\"https:\/\/storax.be\/wp-content\/uploads\/sites\/2\/2019\/03\/thumb_270x270_389.jpg\" \/>\n\t<meta property=\"og:image:width\" content=\"270\" \/>\n\t<meta property=\"og:image:height\" content=\"270\" \/>\n\t<meta property=\"og:image:type\" content=\"image\/jpeg\" \/>\n<meta name=\"twitter:card\" content=\"summary_large_image\" \/>\n<meta name=\"twitter:label1\" content=\"Dur\u00e9e de lecture estim\u00e9e\" \/>\n\t<meta name=\"twitter:data1\" content=\"1 minute\" \/>\n<script type=\"application\/ld+json\" class=\"yoast-schema-graph\">{\"@context\":\"https:\\\/\\\/schema.org\",\"@graph\":[{\"@type\":\"WebPage\",\"@id\":\"https:\\\/\\\/storax.be\\\/fr\\\/producten\\\/profiles-couvre-joints\\\/serie-pds\\\/\",\"url\":\"https:\\\/\\\/storax.be\\\/fr\\\/producten\\\/profiles-couvre-joints\\\/serie-pds\\\/\",\"name\":\"S\u00e9rie PDS - Storax Belgium\",\"isPartOf\":{\"@id\":\"https:\\\/\\\/storax.be\\\/fr\\\/#website\"},\"primaryImageOfPage\":{\"@id\":\"https:\\\/\\\/storax.be\\\/fr\\\/producten\\\/profiles-couvre-joints\\\/serie-pds\\\/#primaryimage\"},\"image\":{\"@id\":\"https:\\\/\\\/storax.be\\\/fr\\\/producten\\\/profiles-couvre-joints\\\/serie-pds\\\/#primaryimage\"},\"thumbnailUrl\":\"https:\\\/\\\/storax.be\\\/wp-content\\\/uploads\\\/sites\\\/2\\\/2019\\\/03\\\/thumb_270x270_389.jpg\",\"datePublished\":\"2022-08-02T08:33:55+00:00\",\"dateModified\":\"2024-05-16T07:38:35+00:00\",\"breadcrumb\":{\"@id\":\"https:\\\/\\\/storax.be\\\/fr\\\/producten\\\/profiles-couvre-joints\\\/serie-pds\\\/#breadcrumb\"},\"inLanguage\":\"fr-FR\",\"potentialAction\":[{\"@type\":\"ReadAction\",\"target\":[\"https:\\\/\\\/storax.be\\\/fr\\\/producten\\\/profiles-couvre-joints\\\/serie-pds\\\/\"]}]},{\"@type\":\"ImageObject\",\"inLanguage\":\"fr-FR\",\"@id\":\"https:\\\/\\\/storax.be\\\/fr\\\/producten\\\/profiles-couvre-joints\\\/serie-pds\\\/#primaryimage\",\"url\":\"https:\\\/\\\/storax.be\\\/wp-content\\\/uploads\\\/sites\\\/2\\\/2019\\\/03\\\/thumb_270x270_389.jpg\",\"contentUrl\":\"https:\\\/\\\/storax.be\\\/wp-content\\\/uploads\\\/sites\\\/2\\\/2019\\\/03\\\/thumb_270x270_389.jpg\",\"width\":270,\"height\":270},{\"@type\":\"BreadcrumbList\",\"@id\":\"https:\\\/\\\/storax.be\\\/fr\\\/producten\\\/profiles-couvre-joints\\\/serie-pds\\\/#breadcrumb\",\"itemListElement\":[{\"@type\":\"ListItem\",\"position\":1,\"name\":\"Home\",\"item\":\"https:\\\/\\\/storax.be\\\/fr\\\/\"},{\"@type\":\"ListItem\",\"position\":2,\"name\":\"Producten\",\"item\":\"https:\\\/\\\/storax.be\\\/fr\\\/producten\\\/%product_category%\\\/\"},{\"@type\":\"ListItem\",\"position\":3,\"name\":\"Profil\u00e9s couvre-joints\",\"item\":\"https:\\\/\\\/storax.be\\\/fr\\\/producten\\\/profiles-couvre-joints\\\/\"},{\"@type\":\"ListItem\",\"position\":4,\"name\":\"Parking\",\"item\":\"https:\\\/\\\/storax.be\\\/fr\\\/producten\\\/parking\\\/\"},{\"@type\":\"ListItem\",\"position\":5,\"name\":\"S\u00e9rie PDS\"}]},{\"@type\":\"WebSite\",\"@id\":\"https:\\\/\\\/storax.be\\\/fr\\\/#website\",\"url\":\"https:\\\/\\\/storax.be\\\/fr\\\/\",\"name\":\"Storax Belgium\",\"description\":\"Uw betrouwbare partner voor bouwprojecten\",\"potentialAction\":[{\"@type\":\"SearchAction\",\"target\":{\"@type\":\"EntryPoint\",\"urlTemplate\":\"https:\\\/\\\/storax.be\\\/fr\\\/?s={search_term_string}\"},\"query-input\":{\"@type\":\"PropertyValueSpecification\",\"valueRequired\":true,\"valueName\":\"search_term_string\"}}],\"inLanguage\":\"fr-FR\"}]}<\/script>\n<!-- \/ Yoast SEO plugin. -->","yoast_head_json":{"title":"S\u00e9rie PDS - Storax Belgium","robots":{"index":"index","follow":"follow","max-snippet":"max-snippet:-1","max-image-preview":"max-image-preview:large","max-video-preview":"max-video-preview:-1"},"canonical":"https:\/\/storax.be\/fr\/producten\/profiles-couvre-joints\/serie-pds\/","og_locale":"fr_FR","og_type":"article","og_title":"S\u00e9rie PDS - Storax Belgium","og_description":"Profil\u00e9 couvre-joint \u00e9tanche pour parkings R\u00e9siste au trafic intense et \u00e0 toutes les conditions m\u00e9t\u00e9orologiques. L&rsquo;insert en Santoprene\u00ae ou EPDM est \u00e9tanche. Les brides du profil\u00e9 en aluminium et le cadre en acier inoxydable garantissent une construction robuste. \u00c0 propos de ce produit Pour joints de 50\u00a0mm. Hauteur d&rsquo;encastrement de 30 \u00e0 90\u00a0mm Id\u00e9al pour\u2026","og_url":"https:\/\/storax.be\/fr\/producten\/profiles-couvre-joints\/serie-pds\/","og_site_name":"Storax Belgium","article_modified_time":"2024-05-16T07:38:35+00:00","og_image":[{"width":270,"height":270,"url":"https:\/\/storax.be\/wp-content\/uploads\/sites\/2\/2019\/03\/thumb_270x270_389.jpg","type":"image\/jpeg"}],"twitter_card":"summary_large_image","twitter_misc":{"Dur\u00e9e de lecture estim\u00e9e":"1 minute"},"schema":{"@context":"https:\/\/schema.org","@graph":[{"@type":"WebPage","@id":"https:\/\/storax.be\/fr\/producten\/profiles-couvre-joints\/serie-pds\/","url":"https:\/\/storax.be\/fr\/producten\/profiles-couvre-joints\/serie-pds\/","name":"S\u00e9rie PDS - Storax Belgium","isPartOf":{"@id":"https:\/\/storax.be\/fr\/#website"},"primaryImageOfPage":{"@id":"https:\/\/storax.be\/fr\/producten\/profiles-couvre-joints\/serie-pds\/#primaryimage"},"image":{"@id":"https:\/\/storax.be\/fr\/producten\/profiles-couvre-joints\/serie-pds\/#primaryimage"},"thumbnailUrl":"https:\/\/storax.be\/wp-content\/uploads\/sites\/2\/2019\/03\/thumb_270x270_389.jpg","datePublished":"2022-08-02T08:33:55+00:00","dateModified":"2024-05-16T07:38:35+00:00","breadcrumb":{"@id":"https:\/\/storax.be\/fr\/producten\/profiles-couvre-joints\/serie-pds\/#breadcrumb"},"inLanguage":"fr-FR","potentialAction":[{"@type":"ReadAction","target":["https:\/\/storax.be\/fr\/producten\/profiles-couvre-joints\/serie-pds\/"]}]},{"@type":"ImageObject","inLanguage":"fr-FR","@id":"https:\/\/storax.be\/fr\/producten\/profiles-couvre-joints\/serie-pds\/#primaryimage","url":"https:\/\/storax.be\/wp-content\/uploads\/sites\/2\/2019\/03\/thumb_270x270_389.jpg","contentUrl":"https:\/\/storax.be\/wp-content\/uploads\/sites\/2\/2019\/03\/thumb_270x270_389.jpg","width":270,"height":270},{"@type":"BreadcrumbList","@id":"https:\/\/storax.be\/fr\/producten\/profiles-couvre-joints\/serie-pds\/#breadcrumb","itemListElement":[{"@type":"ListItem","position":1,"name":"Home","item":"https:\/\/storax.be\/fr\/"},{"@type":"ListItem","position":2,"name":"Producten","item":"https:\/\/storax.be\/fr\/producten\/%product_category%\/"},{"@type":"ListItem","position":3,"name":"Profil\u00e9s couvre-joints","item":"https:\/\/storax.be\/fr\/producten\/profiles-couvre-joints\/"},{"@type":"ListItem","position":4,"name":"Parking","item":"https:\/\/storax.be\/fr\/producten\/parking\/"},{"@type":"ListItem","position":5,"name":"S\u00e9rie PDS"}]},{"@type":"WebSite","@id":"https:\/\/storax.be\/fr\/#website","url":"https:\/\/storax.be\/fr\/","name":"Storax Belgium","description":"Uw betrouwbare partner voor bouwprojecten","potentialAction":[{"@type":"SearchAction","target":{"@type":"EntryPoint","urlTemplate":"https:\/\/storax.be\/fr\/?s={search_term_string}"},"query-input":{"@type":"PropertyValueSpecification","valueRequired":true,"valueName":"search_term_string"}}],"inLanguage":"fr-FR"}]}},"_links":{"self":[{"href":"https:\/\/storax.be\/fr\/wp-json\/wp\/v2\/product\/115053","targetHints":{"allow":["GET"]}}],"collection":[{"href":"https:\/\/storax.be\/fr\/wp-json\/wp\/v2\/product"}],"about":[{"href":"https:\/\/storax.be\/fr\/wp-json\/wp\/v2\/types\/product"}],"wp:featuredmedia":[{"embeddable":true,"href":"https:\/\/storax.be\/fr\/wp-json\/wp\/v2\/media\/106534"}],"wp:attachment":[{"href":"https:\/\/storax.be\/fr\/wp-json\/wp\/v2\/media?parent=115053"}],"wp:term":[{"taxonomy":"product_category","embeddable":true,"href":"https:\/\/storax.be\/fr\/wp-json\/wp\/v2\/product_category?post=115053"},{"taxonomy":"product_tag","embeddable":true,"href":"https:\/\/storax.be\/fr\/wp-json\/wp\/v2\/product_tag?post=115053"}],"curies":[{"name":"wp","href":"https:\/\/api.w.org\/{rel}","templated":true}]}}