{"id":115043,"date":"2022-08-02T08:14:45","date_gmt":"2022-08-02T08:14:45","guid":{"rendered":"https:\/\/storax.be\/?post_type=product&#038;p=115043"},"modified":"2024-05-16T07:38:33","modified_gmt":"2024-05-16T07:38:33","slug":"rigole-de-douche-sans-cadre","status":"publish","type":"product","link":"https:\/\/storax.be\/fr\/producten\/caniveau-de-douche\/rigole-de-douche-sans-cadre\/","title":{"rendered":"Caniveau de douche sans cadre"},"content":{"rendered":"<h2><strong>Caniveau de douche pour finition style \u00e9poxy, tadelakt, beton cir\u00e9e\u2026<\/strong><\/h2>\n<p>La caniveau de douche type ST-DOU-F se compose d&rsquo;une rigole de douche avec accessoires et est fournie avec une grille pleine. Il s&rsquo;agit d&rsquo;un syst\u00e8me sans cadre pour une installation invisible.\u00a0 Elle convient \u00e0 toutes les \u00e9paisseurs de finition de sol, de la chape \u00e0 la pierre naturelle.\u00a0 Apr\u00e8s l&rsquo;installation, seuls le rev\u00eatement de sol et l&rsquo;orifice d&rsquo;\u00e9vacuation restent visibles.<\/p>\n<p><strong>Donn\u00e9es techniques<\/strong><\/p>\n<ul>\n<li>Mat\u00e9riau\u00a0: acier inoxydable AISI 316<\/li>\n<li>Dimensions\u00a0: largeur totale\u00a0: 131\u00a0mm \u2013 hauteur totale\u00a0: 75\u00a0mm \u2013 largeur visible apr\u00e8s encastrement\u00a0: 70\u00a0mm<\/li>\n<li>Le cadre est invisible<\/li>\n<li>D\u00e9bit\u00a0: 0,6\u00a0l\/s selon la norme EN1253<\/li>\n<li>Sortie au milieu<\/li>\n<li>Hauteur du siphon\u00a0: 15\u00a0mm<\/li>\n<li>Sortie\u00a0: \u00d8 40\u00a0mm<\/li>\n<li>Bride continue de 30\u00a0mm avec film d&rsquo;\u00e9tanch\u00e9it\u00e9<\/li>\n<li>Finition d\u00e9cap\u00e9e par immersion, puis passiv\u00e9e<\/li>\n<li>Bouchon anti-odeur amovible<\/li>\n<li>Ailettes d&rsquo;ancrage, \u00e9crou papillon pour la connexion \u00e0 la terre<\/li>\n<li>Divers accessoires inclus<\/li>\n<\/ul>\n<p><strong>Grilles de douche<\/strong><\/p>\n<ul>\n<li>Pleine<\/li>\n<\/ul>\n","protected":false},"excerpt":{"rendered":"<p>Caniveau de douche pour finition style \u00e9poxy, tadelakt, beton cir\u00e9e\u2026 La caniveau de douche type ST-DOU-F se compose d&rsquo;une rigole de douche avec accessoires et est fournie avec une grille pleine. Il s&rsquo;agit d&rsquo;un syst\u00e8me sans cadre pour une installation invisible.\u00a0 Elle convient \u00e0 toutes les \u00e9paisseurs de finition de sol, de la chape \u00e0\u2026<\/p>\n","protected":false},"featured_media":115771,"template":"","meta":{"_acf_changed":false},"product_category":[743],"product_tag":[],"class_list":["post-115043","product","type-product","status-publish","has-post-thumbnail","hentry","product_category-caniveau-de-douche"],"acf":[],"yoast_head":"<!-- This site is optimized with the Yoast SEO plugin v27.3 - https:\/\/yoast.com\/product\/yoast-seo-wordpress\/ -->\n<title>Caniveau de douche sans cadre - Storax Belgium<\/title>\n<meta name=\"robots\" content=\"index, follow, max-snippet:-1, max-image-preview:large, max-video-preview:-1\" \/>\n<link rel=\"canonical\" href=\"https:\/\/storax.be\/fr\/producten\/caniveau-de-douche\/rigole-de-douche-sans-cadre\/\" \/>\n<meta property=\"og:locale\" content=\"fr_FR\" \/>\n<meta property=\"og:type\" content=\"article\" \/>\n<meta property=\"og:title\" content=\"Caniveau de douche sans cadre - Storax Belgium\" \/>\n<meta property=\"og:description\" content=\"Caniveau de douche pour finition style \u00e9poxy, tadelakt, beton cir\u00e9e\u2026 La caniveau de douche type ST-DOU-F se compose d&rsquo;une rigole de douche avec accessoires et est fournie avec une grille pleine. Il s&rsquo;agit d&rsquo;un syst\u00e8me sans cadre pour une installation invisible.\u00a0 Elle convient \u00e0 toutes les \u00e9paisseurs de finition de sol, de la chape \u00e0\u2026\" \/>\n<meta property=\"og:url\" content=\"https:\/\/storax.be\/fr\/producten\/caniveau-de-douche\/rigole-de-douche-sans-cadre\/\" \/>\n<meta property=\"og:site_name\" content=\"Storax Belgium\" \/>\n<meta property=\"article:modified_time\" content=\"2024-05-16T07:38:33+00:00\" \/>\n<meta property=\"og:image\" content=\"https:\/\/storax.be\/wp-content\/uploads\/sites\/2\/2020\/01\/douchegoot7-bewerkt.jpg\" \/>\n\t<meta property=\"og:image:width\" content=\"270\" \/>\n\t<meta property=\"og:image:height\" content=\"270\" \/>\n\t<meta property=\"og:image:type\" content=\"image\/jpeg\" \/>\n<meta name=\"twitter:card\" content=\"summary_large_image\" \/>\n<meta name=\"twitter:label1\" content=\"Dur\u00e9e de lecture estim\u00e9e\" \/>\n\t<meta name=\"twitter:data1\" content=\"1 minute\" \/>\n<script type=\"application\/ld+json\" class=\"yoast-schema-graph\">{\"@context\":\"https:\\\/\\\/schema.org\",\"@graph\":[{\"@type\":\"WebPage\",\"@id\":\"https:\\\/\\\/storax.be\\\/fr\\\/producten\\\/caniveau-de-douche\\\/rigole-de-douche-sans-cadre\\\/\",\"url\":\"https:\\\/\\\/storax.be\\\/fr\\\/producten\\\/caniveau-de-douche\\\/rigole-de-douche-sans-cadre\\\/\",\"name\":\"Caniveau de douche sans cadre - Storax Belgium\",\"isPartOf\":{\"@id\":\"https:\\\/\\\/storax.be\\\/fr\\\/#website\"},\"primaryImageOfPage\":{\"@id\":\"https:\\\/\\\/storax.be\\\/fr\\\/producten\\\/caniveau-de-douche\\\/rigole-de-douche-sans-cadre\\\/#primaryimage\"},\"image\":{\"@id\":\"https:\\\/\\\/storax.be\\\/fr\\\/producten\\\/caniveau-de-douche\\\/rigole-de-douche-sans-cadre\\\/#primaryimage\"},\"thumbnailUrl\":\"https:\\\/\\\/storax.be\\\/wp-content\\\/uploads\\\/sites\\\/2\\\/2020\\\/01\\\/douchegoot7-bewerkt.jpg\",\"datePublished\":\"2022-08-02T08:14:45+00:00\",\"dateModified\":\"2024-05-16T07:38:33+00:00\",\"breadcrumb\":{\"@id\":\"https:\\\/\\\/storax.be\\\/fr\\\/producten\\\/caniveau-de-douche\\\/rigole-de-douche-sans-cadre\\\/#breadcrumb\"},\"inLanguage\":\"fr-FR\",\"potentialAction\":[{\"@type\":\"ReadAction\",\"target\":[\"https:\\\/\\\/storax.be\\\/fr\\\/producten\\\/caniveau-de-douche\\\/rigole-de-douche-sans-cadre\\\/\"]}]},{\"@type\":\"ImageObject\",\"inLanguage\":\"fr-FR\",\"@id\":\"https:\\\/\\\/storax.be\\\/fr\\\/producten\\\/caniveau-de-douche\\\/rigole-de-douche-sans-cadre\\\/#primaryimage\",\"url\":\"https:\\\/\\\/storax.be\\\/wp-content\\\/uploads\\\/sites\\\/2\\\/2020\\\/01\\\/douchegoot7-bewerkt.jpg\",\"contentUrl\":\"https:\\\/\\\/storax.be\\\/wp-content\\\/uploads\\\/sites\\\/2\\\/2020\\\/01\\\/douchegoot7-bewerkt.jpg\",\"width\":270,\"height\":270,\"caption\":\"Storax frameloos douchegoot\"},{\"@type\":\"BreadcrumbList\",\"@id\":\"https:\\\/\\\/storax.be\\\/fr\\\/producten\\\/caniveau-de-douche\\\/rigole-de-douche-sans-cadre\\\/#breadcrumb\",\"itemListElement\":[{\"@type\":\"ListItem\",\"position\":1,\"name\":\"Home\",\"item\":\"https:\\\/\\\/storax.be\\\/fr\\\/\"},{\"@type\":\"ListItem\",\"position\":2,\"name\":\"Producten\",\"item\":\"https:\\\/\\\/storax.be\\\/fr\\\/producten\\\/%product_category%\\\/\"},{\"@type\":\"ListItem\",\"position\":3,\"name\":\"Caniveau de douche\",\"item\":\"https:\\\/\\\/storax.be\\\/fr\\\/producten\\\/caniveau-de-douche\\\/\"},{\"@type\":\"ListItem\",\"position\":4,\"name\":\"Caniveau de douche sans cadre\"}]},{\"@type\":\"WebSite\",\"@id\":\"https:\\\/\\\/storax.be\\\/fr\\\/#website\",\"url\":\"https:\\\/\\\/storax.be\\\/fr\\\/\",\"name\":\"Storax Belgium\",\"description\":\"Uw betrouwbare partner voor bouwprojecten\",\"potentialAction\":[{\"@type\":\"SearchAction\",\"target\":{\"@type\":\"EntryPoint\",\"urlTemplate\":\"https:\\\/\\\/storax.be\\\/fr\\\/?s={search_term_string}\"},\"query-input\":{\"@type\":\"PropertyValueSpecification\",\"valueRequired\":true,\"valueName\":\"search_term_string\"}}],\"inLanguage\":\"fr-FR\"}]}<\/script>\n<!-- \/ Yoast SEO plugin. -->","yoast_head_json":{"title":"Caniveau de douche sans cadre - Storax Belgium","robots":{"index":"index","follow":"follow","max-snippet":"max-snippet:-1","max-image-preview":"max-image-preview:large","max-video-preview":"max-video-preview:-1"},"canonical":"https:\/\/storax.be\/fr\/producten\/caniveau-de-douche\/rigole-de-douche-sans-cadre\/","og_locale":"fr_FR","og_type":"article","og_title":"Caniveau de douche sans cadre - Storax Belgium","og_description":"Caniveau de douche pour finition style \u00e9poxy, tadelakt, beton cir\u00e9e\u2026 La caniveau de douche type ST-DOU-F se compose d&rsquo;une rigole de douche avec accessoires et est fournie avec une grille pleine. Il s&rsquo;agit d&rsquo;un syst\u00e8me sans cadre pour une installation invisible.\u00a0 Elle convient \u00e0 toutes les \u00e9paisseurs de finition de sol, de la chape \u00e0\u2026","og_url":"https:\/\/storax.be\/fr\/producten\/caniveau-de-douche\/rigole-de-douche-sans-cadre\/","og_site_name":"Storax Belgium","article_modified_time":"2024-05-16T07:38:33+00:00","og_image":[{"width":270,"height":270,"url":"https:\/\/storax.be\/wp-content\/uploads\/sites\/2\/2020\/01\/douchegoot7-bewerkt.jpg","type":"image\/jpeg"}],"twitter_card":"summary_large_image","twitter_misc":{"Dur\u00e9e de lecture estim\u00e9e":"1 minute"},"schema":{"@context":"https:\/\/schema.org","@graph":[{"@type":"WebPage","@id":"https:\/\/storax.be\/fr\/producten\/caniveau-de-douche\/rigole-de-douche-sans-cadre\/","url":"https:\/\/storax.be\/fr\/producten\/caniveau-de-douche\/rigole-de-douche-sans-cadre\/","name":"Caniveau de douche sans cadre - Storax Belgium","isPartOf":{"@id":"https:\/\/storax.be\/fr\/#website"},"primaryImageOfPage":{"@id":"https:\/\/storax.be\/fr\/producten\/caniveau-de-douche\/rigole-de-douche-sans-cadre\/#primaryimage"},"image":{"@id":"https:\/\/storax.be\/fr\/producten\/caniveau-de-douche\/rigole-de-douche-sans-cadre\/#primaryimage"},"thumbnailUrl":"https:\/\/storax.be\/wp-content\/uploads\/sites\/2\/2020\/01\/douchegoot7-bewerkt.jpg","datePublished":"2022-08-02T08:14:45+00:00","dateModified":"2024-05-16T07:38:33+00:00","breadcrumb":{"@id":"https:\/\/storax.be\/fr\/producten\/caniveau-de-douche\/rigole-de-douche-sans-cadre\/#breadcrumb"},"inLanguage":"fr-FR","potentialAction":[{"@type":"ReadAction","target":["https:\/\/storax.be\/fr\/producten\/caniveau-de-douche\/rigole-de-douche-sans-cadre\/"]}]},{"@type":"ImageObject","inLanguage":"fr-FR","@id":"https:\/\/storax.be\/fr\/producten\/caniveau-de-douche\/rigole-de-douche-sans-cadre\/#primaryimage","url":"https:\/\/storax.be\/wp-content\/uploads\/sites\/2\/2020\/01\/douchegoot7-bewerkt.jpg","contentUrl":"https:\/\/storax.be\/wp-content\/uploads\/sites\/2\/2020\/01\/douchegoot7-bewerkt.jpg","width":270,"height":270,"caption":"Storax frameloos douchegoot"},{"@type":"BreadcrumbList","@id":"https:\/\/storax.be\/fr\/producten\/caniveau-de-douche\/rigole-de-douche-sans-cadre\/#breadcrumb","itemListElement":[{"@type":"ListItem","position":1,"name":"Home","item":"https:\/\/storax.be\/fr\/"},{"@type":"ListItem","position":2,"name":"Producten","item":"https:\/\/storax.be\/fr\/producten\/%product_category%\/"},{"@type":"ListItem","position":3,"name":"Caniveau de douche","item":"https:\/\/storax.be\/fr\/producten\/caniveau-de-douche\/"},{"@type":"ListItem","position":4,"name":"Caniveau de douche sans cadre"}]},{"@type":"WebSite","@id":"https:\/\/storax.be\/fr\/#website","url":"https:\/\/storax.be\/fr\/","name":"Storax Belgium","description":"Uw betrouwbare partner voor bouwprojecten","potentialAction":[{"@type":"SearchAction","target":{"@type":"EntryPoint","urlTemplate":"https:\/\/storax.be\/fr\/?s={search_term_string}"},"query-input":{"@type":"PropertyValueSpecification","valueRequired":true,"valueName":"search_term_string"}}],"inLanguage":"fr-FR"}]}},"_links":{"self":[{"href":"https:\/\/storax.be\/fr\/wp-json\/wp\/v2\/product\/115043","targetHints":{"allow":["GET"]}}],"collection":[{"href":"https:\/\/storax.be\/fr\/wp-json\/wp\/v2\/product"}],"about":[{"href":"https:\/\/storax.be\/fr\/wp-json\/wp\/v2\/types\/product"}],"wp:featuredmedia":[{"embeddable":true,"href":"https:\/\/storax.be\/fr\/wp-json\/wp\/v2\/media\/115771"}],"wp:attachment":[{"href":"https:\/\/storax.be\/fr\/wp-json\/wp\/v2\/media?parent=115043"}],"wp:term":[{"taxonomy":"product_category","embeddable":true,"href":"https:\/\/storax.be\/fr\/wp-json\/wp\/v2\/product_category?post=115043"},{"taxonomy":"product_tag","embeddable":true,"href":"https:\/\/storax.be\/fr\/wp-json\/wp\/v2\/product_tag?post=115043"}],"curies":[{"name":"wp","href":"https:\/\/api.w.org\/{rel}","templated":true}]}}