{"id":115038,"date":"2022-08-02T08:06:07","date_gmt":"2022-08-02T08:06:07","guid":{"rendered":"https:\/\/storax.be\/?post_type=product&#038;p=115038"},"modified":"2024-05-16T07:38:31","modified_gmt":"2024-05-16T07:38:31","slug":"panneau-de-construction-toiletbox","status":"publish","type":"product","link":"https:\/\/storax.be\/fr\/producten\/panneaux-de-construction\/panneau-de-construction-toiletbox\/","title":{"rendered":"Panneau de construction pour toilettes suspendues"},"content":{"rendered":"<p>&nbsp;<\/p>\n<p><span style=\"font-weight: 400;\">Le panneau de construction Toiletbox et la paroi frontale Storax sont des rev\u00eatements pr\u00e9fabriqu\u00e9s compos\u00e9s de panneaux Storax de 20\u00a0mm d&rsquo;\u00e9paisseur. L&rsquo;utilisation du panneau de construction Toiletbox et de la paroi frontale Storax r\u00e9duit le temps n\u00e9cessaire \u00e0 l&rsquo;installation et les d\u00e9chets li\u00e9s \u00e0 la d\u00e9coupe. Le panneau n&rsquo;absorbe pas l&rsquo;humidit\u00e9 et est muni d&rsquo;\u00e9videments pour les raccords des toilettes.<\/span><\/p>\n<p><span style=\"font-weight: 400;\">Les Toiletbox Storax sont disponibles en plusieurs tailles.<\/span><\/p>\n","protected":false},"excerpt":{"rendered":"<p>&nbsp; Le panneau de construction Toiletbox et la paroi frontale Storax sont des rev\u00eatements pr\u00e9fabriqu\u00e9s compos\u00e9s de panneaux Storax de 20\u00a0mm d&rsquo;\u00e9paisseur. L&rsquo;utilisation du panneau de construction Toiletbox et de la paroi frontale Storax r\u00e9duit le temps n\u00e9cessaire \u00e0 l&rsquo;installation et les d\u00e9chets li\u00e9s \u00e0 la d\u00e9coupe. Le panneau n&rsquo;absorbe pas l&rsquo;humidit\u00e9 et est muni\u2026<\/p>\n","protected":false},"featured_media":111393,"template":"","meta":{"_acf_changed":false},"product_category":[742],"product_tag":[],"class_list":["post-115038","product","type-product","status-publish","has-post-thumbnail","hentry","product_category-panneaux-de-construction"],"acf":[],"yoast_head":"<!-- This site is optimized with the Yoast SEO plugin v27.3 - https:\/\/yoast.com\/product\/yoast-seo-wordpress\/ -->\n<title>Panneau de construction pour toilettes suspendues - Storax Belgium<\/title>\n<meta name=\"robots\" content=\"index, follow, max-snippet:-1, max-image-preview:large, max-video-preview:-1\" \/>\n<link rel=\"canonical\" href=\"https:\/\/storax.be\/fr\/producten\/panneaux-de-construction\/panneau-de-construction-toiletbox\/\" \/>\n<meta property=\"og:locale\" content=\"fr_FR\" \/>\n<meta property=\"og:type\" content=\"article\" \/>\n<meta property=\"og:title\" content=\"Panneau de construction pour toilettes suspendues - Storax Belgium\" \/>\n<meta property=\"og:description\" content=\"&nbsp; Le panneau de construction Toiletbox et la paroi frontale Storax sont des rev\u00eatements pr\u00e9fabriqu\u00e9s compos\u00e9s de panneaux Storax de 20\u00a0mm d&rsquo;\u00e9paisseur. L&rsquo;utilisation du panneau de construction Toiletbox et de la paroi frontale Storax r\u00e9duit le temps n\u00e9cessaire \u00e0 l&rsquo;installation et les d\u00e9chets li\u00e9s \u00e0 la d\u00e9coupe. Le panneau n&rsquo;absorbe pas l&rsquo;humidit\u00e9 et est muni\u2026\" \/>\n<meta property=\"og:url\" content=\"https:\/\/storax.be\/fr\/producten\/panneaux-de-construction\/panneau-de-construction-toiletbox\/\" \/>\n<meta property=\"og:site_name\" content=\"Storax Belgium\" \/>\n<meta property=\"article:modified_time\" content=\"2024-05-16T07:38:31+00:00\" \/>\n<meta property=\"og:image\" content=\"https:\/\/storax.be\/wp-content\/uploads\/sites\/2\/2020\/01\/plaat1-bewerkt-470.jpg\" \/>\n\t<meta property=\"og:image:width\" content=\"470\" \/>\n\t<meta property=\"og:image:height\" content=\"470\" \/>\n\t<meta property=\"og:image:type\" content=\"image\/jpeg\" \/>\n<meta name=\"twitter:card\" content=\"summary_large_image\" \/>\n<meta name=\"twitter:label1\" content=\"Dur\u00e9e de lecture estim\u00e9e\" \/>\n\t<meta name=\"twitter:data1\" content=\"1 minute\" \/>\n<script type=\"application\/ld+json\" class=\"yoast-schema-graph\">{\"@context\":\"https:\\\/\\\/schema.org\",\"@graph\":[{\"@type\":\"WebPage\",\"@id\":\"https:\\\/\\\/storax.be\\\/fr\\\/producten\\\/panneaux-de-construction\\\/panneau-de-construction-toiletbox\\\/\",\"url\":\"https:\\\/\\\/storax.be\\\/fr\\\/producten\\\/panneaux-de-construction\\\/panneau-de-construction-toiletbox\\\/\",\"name\":\"Panneau de construction pour toilettes suspendues - Storax Belgium\",\"isPartOf\":{\"@id\":\"https:\\\/\\\/storax.be\\\/fr\\\/#website\"},\"primaryImageOfPage\":{\"@id\":\"https:\\\/\\\/storax.be\\\/fr\\\/producten\\\/panneaux-de-construction\\\/panneau-de-construction-toiletbox\\\/#primaryimage\"},\"image\":{\"@id\":\"https:\\\/\\\/storax.be\\\/fr\\\/producten\\\/panneaux-de-construction\\\/panneau-de-construction-toiletbox\\\/#primaryimage\"},\"thumbnailUrl\":\"https:\\\/\\\/storax.be\\\/wp-content\\\/uploads\\\/sites\\\/2\\\/2020\\\/01\\\/plaat1-bewerkt-470.jpg\",\"datePublished\":\"2022-08-02T08:06:07+00:00\",\"dateModified\":\"2024-05-16T07:38:31+00:00\",\"breadcrumb\":{\"@id\":\"https:\\\/\\\/storax.be\\\/fr\\\/producten\\\/panneaux-de-construction\\\/panneau-de-construction-toiletbox\\\/#breadcrumb\"},\"inLanguage\":\"fr-FR\",\"potentialAction\":[{\"@type\":\"ReadAction\",\"target\":[\"https:\\\/\\\/storax.be\\\/fr\\\/producten\\\/panneaux-de-construction\\\/panneau-de-construction-toiletbox\\\/\"]}]},{\"@type\":\"ImageObject\",\"inLanguage\":\"fr-FR\",\"@id\":\"https:\\\/\\\/storax.be\\\/fr\\\/producten\\\/panneaux-de-construction\\\/panneau-de-construction-toiletbox\\\/#primaryimage\",\"url\":\"https:\\\/\\\/storax.be\\\/wp-content\\\/uploads\\\/sites\\\/2\\\/2020\\\/01\\\/plaat1-bewerkt-470.jpg\",\"contentUrl\":\"https:\\\/\\\/storax.be\\\/wp-content\\\/uploads\\\/sites\\\/2\\\/2020\\\/01\\\/plaat1-bewerkt-470.jpg\",\"width\":470,\"height\":470,\"caption\":\"Storax toilet bouwplaat\"},{\"@type\":\"BreadcrumbList\",\"@id\":\"https:\\\/\\\/storax.be\\\/fr\\\/producten\\\/panneaux-de-construction\\\/panneau-de-construction-toiletbox\\\/#breadcrumb\",\"itemListElement\":[{\"@type\":\"ListItem\",\"position\":1,\"name\":\"Home\",\"item\":\"https:\\\/\\\/storax.be\\\/fr\\\/\"},{\"@type\":\"ListItem\",\"position\":2,\"name\":\"Producten\",\"item\":\"https:\\\/\\\/storax.be\\\/fr\\\/producten\\\/%product_category%\\\/\"},{\"@type\":\"ListItem\",\"position\":3,\"name\":\"Panneaux de construction\",\"item\":\"https:\\\/\\\/storax.be\\\/fr\\\/producten\\\/panneaux-de-construction\\\/\"},{\"@type\":\"ListItem\",\"position\":4,\"name\":\"Panneau de construction pour toilettes suspendues\"}]},{\"@type\":\"WebSite\",\"@id\":\"https:\\\/\\\/storax.be\\\/fr\\\/#website\",\"url\":\"https:\\\/\\\/storax.be\\\/fr\\\/\",\"name\":\"Storax Belgium\",\"description\":\"Uw betrouwbare partner voor bouwprojecten\",\"potentialAction\":[{\"@type\":\"SearchAction\",\"target\":{\"@type\":\"EntryPoint\",\"urlTemplate\":\"https:\\\/\\\/storax.be\\\/fr\\\/?s={search_term_string}\"},\"query-input\":{\"@type\":\"PropertyValueSpecification\",\"valueRequired\":true,\"valueName\":\"search_term_string\"}}],\"inLanguage\":\"fr-FR\"}]}<\/script>\n<!-- \/ Yoast SEO plugin. -->","yoast_head_json":{"title":"Panneau de construction pour toilettes suspendues - Storax Belgium","robots":{"index":"index","follow":"follow","max-snippet":"max-snippet:-1","max-image-preview":"max-image-preview:large","max-video-preview":"max-video-preview:-1"},"canonical":"https:\/\/storax.be\/fr\/producten\/panneaux-de-construction\/panneau-de-construction-toiletbox\/","og_locale":"fr_FR","og_type":"article","og_title":"Panneau de construction pour toilettes suspendues - Storax Belgium","og_description":"&nbsp; Le panneau de construction Toiletbox et la paroi frontale Storax sont des rev\u00eatements pr\u00e9fabriqu\u00e9s compos\u00e9s de panneaux Storax de 20\u00a0mm d&rsquo;\u00e9paisseur. L&rsquo;utilisation du panneau de construction Toiletbox et de la paroi frontale Storax r\u00e9duit le temps n\u00e9cessaire \u00e0 l&rsquo;installation et les d\u00e9chets li\u00e9s \u00e0 la d\u00e9coupe. Le panneau n&rsquo;absorbe pas l&rsquo;humidit\u00e9 et est muni\u2026","og_url":"https:\/\/storax.be\/fr\/producten\/panneaux-de-construction\/panneau-de-construction-toiletbox\/","og_site_name":"Storax Belgium","article_modified_time":"2024-05-16T07:38:31+00:00","og_image":[{"width":470,"height":470,"url":"https:\/\/storax.be\/wp-content\/uploads\/sites\/2\/2020\/01\/plaat1-bewerkt-470.jpg","type":"image\/jpeg"}],"twitter_card":"summary_large_image","twitter_misc":{"Dur\u00e9e de lecture estim\u00e9e":"1 minute"},"schema":{"@context":"https:\/\/schema.org","@graph":[{"@type":"WebPage","@id":"https:\/\/storax.be\/fr\/producten\/panneaux-de-construction\/panneau-de-construction-toiletbox\/","url":"https:\/\/storax.be\/fr\/producten\/panneaux-de-construction\/panneau-de-construction-toiletbox\/","name":"Panneau de construction pour toilettes suspendues - Storax Belgium","isPartOf":{"@id":"https:\/\/storax.be\/fr\/#website"},"primaryImageOfPage":{"@id":"https:\/\/storax.be\/fr\/producten\/panneaux-de-construction\/panneau-de-construction-toiletbox\/#primaryimage"},"image":{"@id":"https:\/\/storax.be\/fr\/producten\/panneaux-de-construction\/panneau-de-construction-toiletbox\/#primaryimage"},"thumbnailUrl":"https:\/\/storax.be\/wp-content\/uploads\/sites\/2\/2020\/01\/plaat1-bewerkt-470.jpg","datePublished":"2022-08-02T08:06:07+00:00","dateModified":"2024-05-16T07:38:31+00:00","breadcrumb":{"@id":"https:\/\/storax.be\/fr\/producten\/panneaux-de-construction\/panneau-de-construction-toiletbox\/#breadcrumb"},"inLanguage":"fr-FR","potentialAction":[{"@type":"ReadAction","target":["https:\/\/storax.be\/fr\/producten\/panneaux-de-construction\/panneau-de-construction-toiletbox\/"]}]},{"@type":"ImageObject","inLanguage":"fr-FR","@id":"https:\/\/storax.be\/fr\/producten\/panneaux-de-construction\/panneau-de-construction-toiletbox\/#primaryimage","url":"https:\/\/storax.be\/wp-content\/uploads\/sites\/2\/2020\/01\/plaat1-bewerkt-470.jpg","contentUrl":"https:\/\/storax.be\/wp-content\/uploads\/sites\/2\/2020\/01\/plaat1-bewerkt-470.jpg","width":470,"height":470,"caption":"Storax toilet bouwplaat"},{"@type":"BreadcrumbList","@id":"https:\/\/storax.be\/fr\/producten\/panneaux-de-construction\/panneau-de-construction-toiletbox\/#breadcrumb","itemListElement":[{"@type":"ListItem","position":1,"name":"Home","item":"https:\/\/storax.be\/fr\/"},{"@type":"ListItem","position":2,"name":"Producten","item":"https:\/\/storax.be\/fr\/producten\/%product_category%\/"},{"@type":"ListItem","position":3,"name":"Panneaux de construction","item":"https:\/\/storax.be\/fr\/producten\/panneaux-de-construction\/"},{"@type":"ListItem","position":4,"name":"Panneau de construction pour toilettes suspendues"}]},{"@type":"WebSite","@id":"https:\/\/storax.be\/fr\/#website","url":"https:\/\/storax.be\/fr\/","name":"Storax Belgium","description":"Uw betrouwbare partner voor bouwprojecten","potentialAction":[{"@type":"SearchAction","target":{"@type":"EntryPoint","urlTemplate":"https:\/\/storax.be\/fr\/?s={search_term_string}"},"query-input":{"@type":"PropertyValueSpecification","valueRequired":true,"valueName":"search_term_string"}}],"inLanguage":"fr-FR"}]}},"_links":{"self":[{"href":"https:\/\/storax.be\/fr\/wp-json\/wp\/v2\/product\/115038","targetHints":{"allow":["GET"]}}],"collection":[{"href":"https:\/\/storax.be\/fr\/wp-json\/wp\/v2\/product"}],"about":[{"href":"https:\/\/storax.be\/fr\/wp-json\/wp\/v2\/types\/product"}],"wp:featuredmedia":[{"embeddable":true,"href":"https:\/\/storax.be\/fr\/wp-json\/wp\/v2\/media\/111393"}],"wp:attachment":[{"href":"https:\/\/storax.be\/fr\/wp-json\/wp\/v2\/media?parent=115038"}],"wp:term":[{"taxonomy":"product_category","embeddable":true,"href":"https:\/\/storax.be\/fr\/wp-json\/wp\/v2\/product_category?post=115038"},{"taxonomy":"product_tag","embeddable":true,"href":"https:\/\/storax.be\/fr\/wp-json\/wp\/v2\/product_tag?post=115038"}],"curies":[{"name":"wp","href":"https:\/\/api.w.org\/{rel}","templated":true}]}}