{"id":115034,"date":"2022-08-02T07:57:57","date_gmt":"2022-08-02T07:57:57","guid":{"rendered":"https:\/\/storax.be\/?post_type=product&#038;p=115034"},"modified":"2024-08-01T14:12:53","modified_gmt":"2024-08-01T14:12:53","slug":"schluter-trep-se-s-b","status":"publish","type":"product","link":"https:\/\/storax.be\/fr\/producten\/schluter-nez-de-marche\/schluter-trep-se-s-b\/","title":{"rendered":"Schl\u00fcter\u00ae-TREP-SE\/-S\/-B"},"content":{"rendered":"\n<p>Shl\u00fcter\u00ae-TREP-SE, -S et -B : Profils de haute qualit\u00e9 pour marches antid\u00e9rapantes s\u00fbres et esth\u00e9tiques. Tous les profils offrent d&rsquo;excellentes propri\u00e9t\u00e9s antid\u00e9rapantes et ont des bords de marche bien visibles, certifi\u00e9s avec une valeur antid\u00e9rapante R9 (certificat de test BIA).<\/p>\n\n\n\n<p><strong>Surface rempla\u00e7able :<\/strong> En cas d&rsquo;usure, la surface de marche peut \u00eatre facilement remplac\u00e9e.<\/p>\n\n\n\n<p><strong>Options de mat\u00e9riaux :<\/strong><\/p>\n\n\n\n<ul class=\"wp-block-list\"><li><strong>TREP-SE :<\/strong> Acier inoxydable V2A (AISI 304)<\/li><li><strong>TREP-S et -B :<\/strong> Profils porteurs en aluminium<\/li><\/ul>\n\n\n\n<p><strong>Dimensions des TREP-SE et TREP-S :<\/strong><\/p>\n\n\n\n<ul class=\"wp-block-list\"><li><strong>Largeur :<\/strong> Surface de marche de 26 mm.<\/li><li><strong>Hauteur de finition :<\/strong> 8, 10 ou 12,5 mm.<\/li><li><strong>Longueurs :<\/strong> 2500, 1500 et 1000 mm.<\/li><\/ul>\n\n\n\n<p><strong>Dimensions du TREP-B :<\/strong><\/p>\n\n\n\n<ul class=\"wp-block-list\"><li><strong>Largeur :<\/strong> Surface de marche de 52 mm.<\/li><li><strong>Hauteur de finition :<\/strong> 8, 10, 12,5, 15 ou 25 mm.<\/li><li><strong>Longueurs :<\/strong> 2500, 1500 et 1000 mm.<\/li><\/ul>\n\n\n\n<p><strong>Surface de fixation en forme de trap\u00e8ze :<\/strong> Pour une ancrage optimale dans la colle \u00e0 carrelage.<\/p>\n\n\n\n<p><strong>Domaines d&rsquo;application :<\/strong><\/p>\n\n\n\n<ul class=\"wp-block-list\"><li>Convient pour les escaliers dans les bureaux, b\u00e2timents publics et autres environnements \u00e0 usage intensif.<\/li><li>Particuli\u00e8rement adapt\u00e9 aux zones \u00e0 haut risque de glissade.<\/li><\/ul>\n","protected":false},"excerpt":{"rendered":"<p>Shl\u00fcter\u00ae-TREP-SE, -S et -B : Profils de haute qualit\u00e9 pour marches antid\u00e9rapantes s\u00fbres et esth\u00e9tiques. Tous les profils offrent d&rsquo;excellentes propri\u00e9t\u00e9s antid\u00e9rapantes et ont des bords de marche bien visibles, certifi\u00e9s avec une valeur antid\u00e9rapante R9 (certificat de test BIA). Surface rempla\u00e7able : En cas d&rsquo;usure, la surface de marche peut \u00eatre facilement remplac\u00e9e. Options\u2026<\/p>\n","protected":false},"featured_media":108359,"template":"","meta":{"_acf_changed":false},"product_category":[738],"product_tag":[],"class_list":["post-115034","product","type-product","status-publish","has-post-thumbnail","hentry","product_category-schluter-nez-de-marche"],"acf":[],"yoast_head":"<!-- This site is optimized with the Yoast SEO plugin v27.3 - https:\/\/yoast.com\/product\/yoast-seo-wordpress\/ -->\n<title>Schl\u00fcter\u00ae-TREP-SE\/-S\/-B - Storax Belgium<\/title>\n<meta name=\"robots\" content=\"index, follow, max-snippet:-1, max-image-preview:large, max-video-preview:-1\" \/>\n<link rel=\"canonical\" href=\"https:\/\/storax.be\/fr\/producten\/schluter-nez-de-marche\/schluter-trep-se-s-b\/\" \/>\n<meta property=\"og:locale\" content=\"fr_FR\" \/>\n<meta property=\"og:type\" content=\"article\" \/>\n<meta property=\"og:title\" content=\"Schl\u00fcter\u00ae-TREP-SE\/-S\/-B - Storax Belgium\" \/>\n<meta property=\"og:description\" content=\"Shl\u00fcter\u00ae-TREP-SE, -S et -B : Profils de haute qualit\u00e9 pour marches antid\u00e9rapantes s\u00fbres et esth\u00e9tiques. Tous les profils offrent d&rsquo;excellentes propri\u00e9t\u00e9s antid\u00e9rapantes et ont des bords de marche bien visibles, certifi\u00e9s avec une valeur antid\u00e9rapante R9 (certificat de test BIA). Surface rempla\u00e7able : En cas d&rsquo;usure, la surface de marche peut \u00eatre facilement remplac\u00e9e. Options\u2026\" \/>\n<meta property=\"og:url\" content=\"https:\/\/storax.be\/fr\/producten\/schluter-nez-de-marche\/schluter-trep-se-s-b\/\" \/>\n<meta property=\"og:site_name\" content=\"Storax Belgium\" \/>\n<meta property=\"article:modified_time\" content=\"2024-08-01T14:12:53+00:00\" \/>\n<meta property=\"og:image\" content=\"https:\/\/storax.be\/wp-content\/uploads\/sites\/2\/2019\/03\/Schl\u00fcter-Trep-B.png\" \/>\n\t<meta property=\"og:image:width\" content=\"470\" \/>\n\t<meta property=\"og:image:height\" content=\"470\" \/>\n\t<meta property=\"og:image:type\" content=\"image\/png\" \/>\n<meta name=\"twitter:card\" content=\"summary_large_image\" \/>\n<meta name=\"twitter:label1\" content=\"Dur\u00e9e de lecture estim\u00e9e\" \/>\n\t<meta name=\"twitter:data1\" content=\"1 minute\" \/>\n<script type=\"application\/ld+json\" class=\"yoast-schema-graph\">{\"@context\":\"https:\\\/\\\/schema.org\",\"@graph\":[{\"@type\":\"WebPage\",\"@id\":\"https:\\\/\\\/storax.be\\\/fr\\\/producten\\\/schluter-nez-de-marche\\\/schluter-trep-se-s-b\\\/\",\"url\":\"https:\\\/\\\/storax.be\\\/fr\\\/producten\\\/schluter-nez-de-marche\\\/schluter-trep-se-s-b\\\/\",\"name\":\"Schl\u00fcter\u00ae-TREP-SE\\\/-S\\\/-B - Storax Belgium\",\"isPartOf\":{\"@id\":\"https:\\\/\\\/storax.be\\\/fr\\\/#website\"},\"primaryImageOfPage\":{\"@id\":\"https:\\\/\\\/storax.be\\\/fr\\\/producten\\\/schluter-nez-de-marche\\\/schluter-trep-se-s-b\\\/#primaryimage\"},\"image\":{\"@id\":\"https:\\\/\\\/storax.be\\\/fr\\\/producten\\\/schluter-nez-de-marche\\\/schluter-trep-se-s-b\\\/#primaryimage\"},\"thumbnailUrl\":\"https:\\\/\\\/storax.be\\\/wp-content\\\/uploads\\\/sites\\\/2\\\/2019\\\/03\\\/Schl\u00fcter-Trep-B.png\",\"datePublished\":\"2022-08-02T07:57:57+00:00\",\"dateModified\":\"2024-08-01T14:12:53+00:00\",\"breadcrumb\":{\"@id\":\"https:\\\/\\\/storax.be\\\/fr\\\/producten\\\/schluter-nez-de-marche\\\/schluter-trep-se-s-b\\\/#breadcrumb\"},\"inLanguage\":\"fr-FR\",\"potentialAction\":[{\"@type\":\"ReadAction\",\"target\":[\"https:\\\/\\\/storax.be\\\/fr\\\/producten\\\/schluter-nez-de-marche\\\/schluter-trep-se-s-b\\\/\"]}]},{\"@type\":\"ImageObject\",\"inLanguage\":\"fr-FR\",\"@id\":\"https:\\\/\\\/storax.be\\\/fr\\\/producten\\\/schluter-nez-de-marche\\\/schluter-trep-se-s-b\\\/#primaryimage\",\"url\":\"https:\\\/\\\/storax.be\\\/wp-content\\\/uploads\\\/sites\\\/2\\\/2019\\\/03\\\/Schl\u00fcter-Trep-B.png\",\"contentUrl\":\"https:\\\/\\\/storax.be\\\/wp-content\\\/uploads\\\/sites\\\/2\\\/2019\\\/03\\\/Schl\u00fcter-Trep-B.png\",\"width\":470,\"height\":470,\"caption\":\"Schl\u00fcter Trep B\"},{\"@type\":\"BreadcrumbList\",\"@id\":\"https:\\\/\\\/storax.be\\\/fr\\\/producten\\\/schluter-nez-de-marche\\\/schluter-trep-se-s-b\\\/#breadcrumb\",\"itemListElement\":[{\"@type\":\"ListItem\",\"position\":1,\"name\":\"Home\",\"item\":\"https:\\\/\\\/storax.be\\\/fr\\\/\"},{\"@type\":\"ListItem\",\"position\":2,\"name\":\"Producten\",\"item\":\"https:\\\/\\\/storax.be\\\/fr\\\/producten\\\/%product_category%\\\/\"},{\"@type\":\"ListItem\",\"position\":3,\"name\":\"Schl\u00fcter Syst\u00e8mes\",\"item\":\"https:\\\/\\\/storax.be\\\/fr\\\/producten\\\/schluter-systems-fr\\\/\"},{\"@type\":\"ListItem\",\"position\":4,\"name\":\"Schl\u00fcter nez de marche\",\"item\":\"https:\\\/\\\/storax.be\\\/fr\\\/producten\\\/schluter-nez-de-marche\\\/\"},{\"@type\":\"ListItem\",\"position\":5,\"name\":\"Schl\u00fcter\u00ae-TREP-SE\\\/-S\\\/-B\"}]},{\"@type\":\"WebSite\",\"@id\":\"https:\\\/\\\/storax.be\\\/fr\\\/#website\",\"url\":\"https:\\\/\\\/storax.be\\\/fr\\\/\",\"name\":\"Storax Belgium\",\"description\":\"Uw betrouwbare partner voor bouwprojecten\",\"potentialAction\":[{\"@type\":\"SearchAction\",\"target\":{\"@type\":\"EntryPoint\",\"urlTemplate\":\"https:\\\/\\\/storax.be\\\/fr\\\/?s={search_term_string}\"},\"query-input\":{\"@type\":\"PropertyValueSpecification\",\"valueRequired\":true,\"valueName\":\"search_term_string\"}}],\"inLanguage\":\"fr-FR\"}]}<\/script>\n<!-- \/ Yoast SEO plugin. -->","yoast_head_json":{"title":"Schl\u00fcter\u00ae-TREP-SE\/-S\/-B - Storax Belgium","robots":{"index":"index","follow":"follow","max-snippet":"max-snippet:-1","max-image-preview":"max-image-preview:large","max-video-preview":"max-video-preview:-1"},"canonical":"https:\/\/storax.be\/fr\/producten\/schluter-nez-de-marche\/schluter-trep-se-s-b\/","og_locale":"fr_FR","og_type":"article","og_title":"Schl\u00fcter\u00ae-TREP-SE\/-S\/-B - Storax Belgium","og_description":"Shl\u00fcter\u00ae-TREP-SE, -S et -B : Profils de haute qualit\u00e9 pour marches antid\u00e9rapantes s\u00fbres et esth\u00e9tiques. Tous les profils offrent d&rsquo;excellentes propri\u00e9t\u00e9s antid\u00e9rapantes et ont des bords de marche bien visibles, certifi\u00e9s avec une valeur antid\u00e9rapante R9 (certificat de test BIA). Surface rempla\u00e7able : En cas d&rsquo;usure, la surface de marche peut \u00eatre facilement remplac\u00e9e. Options\u2026","og_url":"https:\/\/storax.be\/fr\/producten\/schluter-nez-de-marche\/schluter-trep-se-s-b\/","og_site_name":"Storax Belgium","article_modified_time":"2024-08-01T14:12:53+00:00","og_image":[{"width":470,"height":470,"url":"https:\/\/storax.be\/wp-content\/uploads\/sites\/2\/2019\/03\/Schl\u00fcter-Trep-B.png","type":"image\/png"}],"twitter_card":"summary_large_image","twitter_misc":{"Dur\u00e9e de lecture estim\u00e9e":"1 minute"},"schema":{"@context":"https:\/\/schema.org","@graph":[{"@type":"WebPage","@id":"https:\/\/storax.be\/fr\/producten\/schluter-nez-de-marche\/schluter-trep-se-s-b\/","url":"https:\/\/storax.be\/fr\/producten\/schluter-nez-de-marche\/schluter-trep-se-s-b\/","name":"Schl\u00fcter\u00ae-TREP-SE\/-S\/-B - Storax Belgium","isPartOf":{"@id":"https:\/\/storax.be\/fr\/#website"},"primaryImageOfPage":{"@id":"https:\/\/storax.be\/fr\/producten\/schluter-nez-de-marche\/schluter-trep-se-s-b\/#primaryimage"},"image":{"@id":"https:\/\/storax.be\/fr\/producten\/schluter-nez-de-marche\/schluter-trep-se-s-b\/#primaryimage"},"thumbnailUrl":"https:\/\/storax.be\/wp-content\/uploads\/sites\/2\/2019\/03\/Schl\u00fcter-Trep-B.png","datePublished":"2022-08-02T07:57:57+00:00","dateModified":"2024-08-01T14:12:53+00:00","breadcrumb":{"@id":"https:\/\/storax.be\/fr\/producten\/schluter-nez-de-marche\/schluter-trep-se-s-b\/#breadcrumb"},"inLanguage":"fr-FR","potentialAction":[{"@type":"ReadAction","target":["https:\/\/storax.be\/fr\/producten\/schluter-nez-de-marche\/schluter-trep-se-s-b\/"]}]},{"@type":"ImageObject","inLanguage":"fr-FR","@id":"https:\/\/storax.be\/fr\/producten\/schluter-nez-de-marche\/schluter-trep-se-s-b\/#primaryimage","url":"https:\/\/storax.be\/wp-content\/uploads\/sites\/2\/2019\/03\/Schl\u00fcter-Trep-B.png","contentUrl":"https:\/\/storax.be\/wp-content\/uploads\/sites\/2\/2019\/03\/Schl\u00fcter-Trep-B.png","width":470,"height":470,"caption":"Schl\u00fcter Trep B"},{"@type":"BreadcrumbList","@id":"https:\/\/storax.be\/fr\/producten\/schluter-nez-de-marche\/schluter-trep-se-s-b\/#breadcrumb","itemListElement":[{"@type":"ListItem","position":1,"name":"Home","item":"https:\/\/storax.be\/fr\/"},{"@type":"ListItem","position":2,"name":"Producten","item":"https:\/\/storax.be\/fr\/producten\/%product_category%\/"},{"@type":"ListItem","position":3,"name":"Schl\u00fcter Syst\u00e8mes","item":"https:\/\/storax.be\/fr\/producten\/schluter-systems-fr\/"},{"@type":"ListItem","position":4,"name":"Schl\u00fcter nez de marche","item":"https:\/\/storax.be\/fr\/producten\/schluter-nez-de-marche\/"},{"@type":"ListItem","position":5,"name":"Schl\u00fcter\u00ae-TREP-SE\/-S\/-B"}]},{"@type":"WebSite","@id":"https:\/\/storax.be\/fr\/#website","url":"https:\/\/storax.be\/fr\/","name":"Storax Belgium","description":"Uw betrouwbare partner voor bouwprojecten","potentialAction":[{"@type":"SearchAction","target":{"@type":"EntryPoint","urlTemplate":"https:\/\/storax.be\/fr\/?s={search_term_string}"},"query-input":{"@type":"PropertyValueSpecification","valueRequired":true,"valueName":"search_term_string"}}],"inLanguage":"fr-FR"}]}},"_links":{"self":[{"href":"https:\/\/storax.be\/fr\/wp-json\/wp\/v2\/product\/115034","targetHints":{"allow":["GET"]}}],"collection":[{"href":"https:\/\/storax.be\/fr\/wp-json\/wp\/v2\/product"}],"about":[{"href":"https:\/\/storax.be\/fr\/wp-json\/wp\/v2\/types\/product"}],"wp:featuredmedia":[{"embeddable":true,"href":"https:\/\/storax.be\/fr\/wp-json\/wp\/v2\/media\/108359"}],"wp:attachment":[{"href":"https:\/\/storax.be\/fr\/wp-json\/wp\/v2\/media?parent=115034"}],"wp:term":[{"taxonomy":"product_category","embeddable":true,"href":"https:\/\/storax.be\/fr\/wp-json\/wp\/v2\/product_category?post=115034"},{"taxonomy":"product_tag","embeddable":true,"href":"https:\/\/storax.be\/fr\/wp-json\/wp\/v2\/product_tag?post=115034"}],"curies":[{"name":"wp","href":"https:\/\/api.w.org\/{rel}","templated":true}]}}