{"id":115031,"date":"2022-08-02T07:46:20","date_gmt":"2022-08-02T07:46:20","guid":{"rendered":"https:\/\/storax.be\/?post_type=product&#038;p=115031"},"modified":"2024-08-01T10:13:12","modified_gmt":"2024-08-01T10:13:12","slug":"schluter-trep-fl","status":"publish","type":"product","link":"https:\/\/storax.be\/fr\/producten\/schluter-nez-de-marche\/schluter-trep-fl\/","title":{"rendered":"Schl\u00fcter\u00ae-TREP-FL"},"content":{"rendered":"\n<p><strong>Schl\u00fcter\u00ae-TREP-FL<\/strong> est un profil\u00e9 d&rsquo;escalier en forme florentine, disponible en plusieurs types de mat\u00e9riaux, sp\u00e9cialement con\u00e7u pour cr\u00e9er des marches s\u00e9curis\u00e9es et attrayantes. Ce profil\u00e9 est id\u00e9al pour les escaliers recouverts de carreaux ou de pierre naturelle, offrant \u00e0 la fois fonctionnalit\u00e9 et une apparence \u00e9l\u00e9gante.<\/p>\n\n\n\n<p><strong>Types de Mat\u00e9riaux<\/strong><\/p>\n\n\n\n<ul class=\"wp-block-list\"><li><strong>E<\/strong> : Acier inoxydable<\/li><li><strong>EB<\/strong> : Acier inoxydable bross\u00e9<\/li><li><strong>AE<\/strong> : Aluminium brut anodis\u00e9 mat<\/li><\/ul>\n\n\n\n<p><strong>Longueurs Disponibles<\/strong><\/p>\n\n\n\n<ul class=\"wp-block-list\"><li>2,50 m<\/li><li>1,50 m<\/li><li>1,00 m<\/li><\/ul>\n\n\n\n<p><strong>Dimensions<\/strong><\/p>\n\n\n\n<ul class=\"wp-block-list\"><li><strong>H = 9 mm<\/strong> : Disponible en E, EB, AE<\/li><li><strong>H = 11 mm<\/strong> : Disponible en E, EB, AE<\/li><li><strong>H = 12,5 mm<\/strong> : Disponible en E, EB, AE<\/li><\/ul>\n\n\n\n<p><strong>Application :<\/strong> Schl\u00fcter\u00ae-TREP-FL est adapt\u00e9 aux escaliers moins intens\u00e9ment utilis\u00e9s dans des habitations priv\u00e9es ou des espaces int\u00e9rieurs similaires. Le profil\u00e9 est solidement ancr\u00e9 dans le rev\u00eatement, offrant une solution durable qui ne n\u00e9cessite pas de remplacement en cas d&rsquo;usure.<\/p>\n\n\n\n<p><strong>Avantages :<\/strong><\/p>\n\n\n\n<ul class=\"wp-block-list\"><li><strong>Protection :<\/strong> Le profil\u00e9 prot\u00e8ge le bord avant des marches, r\u00e9duisant ainsi l&rsquo;usure.<\/li><li><strong>S\u00e9curit\u00e9 :<\/strong> Gr\u00e2ce \u00e0 la bonne visibilit\u00e9 optique des bords des marches, la s\u00e9curit\u00e9 dans les cages d&rsquo;escalier est consid\u00e9rablement am\u00e9lior\u00e9e.<\/li><li><strong>Antid\u00e9rapant :<\/strong> Le profil\u00e9 en aluminium est dot\u00e9 d&rsquo;une structure antid\u00e9rapante sp\u00e9ciale pour une adh\u00e9rence accrue.<\/li><\/ul>\n\n\n\n<p><strong>Accessoires :<\/strong> Des embouts assortis sont disponibles en E et EB, permettant d&rsquo;obtenir une finition compl\u00e8te et soign\u00e9e.<\/p>\n\n\n\n<p><strong>Demandez un devis maintenant et recevez votre offre dans un d\u00e9lai de 1 \u00e0 3 jours ouvrables !<\/strong><\/p>\n","protected":false},"excerpt":{"rendered":"<p>Schl\u00fcter\u00ae-TREP-FL est un profil\u00e9 d&rsquo;escalier en forme florentine, disponible en plusieurs types de mat\u00e9riaux, sp\u00e9cialement con\u00e7u pour cr\u00e9er des marches s\u00e9curis\u00e9es et attrayantes. Ce profil\u00e9 est id\u00e9al pour les escaliers recouverts de carreaux ou de pierre naturelle, offrant \u00e0 la fois fonctionnalit\u00e9 et une apparence \u00e9l\u00e9gante. Types de Mat\u00e9riaux E : Acier inoxydable EB :\u2026<\/p>\n","protected":false},"featured_media":109105,"template":"","meta":{"_acf_changed":false},"product_category":[738],"product_tag":[],"class_list":["post-115031","product","type-product","status-publish","has-post-thumbnail","hentry","product_category-schluter-nez-de-marche"],"acf":[],"yoast_head":"<!-- This site is optimized with the Yoast SEO plugin v27.3 - https:\/\/yoast.com\/product\/yoast-seo-wordpress\/ -->\n<title>Schl\u00fcter\u00ae-TREP-FL - Storax Belgium<\/title>\n<meta name=\"robots\" content=\"index, follow, max-snippet:-1, max-image-preview:large, max-video-preview:-1\" \/>\n<link rel=\"canonical\" href=\"https:\/\/storax.be\/fr\/producten\/schluter-nez-de-marche\/schluter-trep-fl\/\" \/>\n<meta property=\"og:locale\" content=\"fr_FR\" \/>\n<meta property=\"og:type\" content=\"article\" \/>\n<meta property=\"og:title\" content=\"Schl\u00fcter\u00ae-TREP-FL - Storax Belgium\" \/>\n<meta property=\"og:description\" content=\"Schl\u00fcter\u00ae-TREP-FL est un profil\u00e9 d&rsquo;escalier en forme florentine, disponible en plusieurs types de mat\u00e9riaux, sp\u00e9cialement con\u00e7u pour cr\u00e9er des marches s\u00e9curis\u00e9es et attrayantes. Ce profil\u00e9 est id\u00e9al pour les escaliers recouverts de carreaux ou de pierre naturelle, offrant \u00e0 la fois fonctionnalit\u00e9 et une apparence \u00e9l\u00e9gante. Types de Mat\u00e9riaux E : Acier inoxydable EB :\u2026\" \/>\n<meta property=\"og:url\" content=\"https:\/\/storax.be\/fr\/producten\/schluter-nez-de-marche\/schluter-trep-fl\/\" \/>\n<meta property=\"og:site_name\" content=\"Storax Belgium\" \/>\n<meta property=\"article:modified_time\" content=\"2024-08-01T10:13:12+00:00\" \/>\n<meta property=\"og:image\" content=\"https:\/\/storax.be\/wp-content\/uploads\/sites\/2\/2020\/01\/Schl\u00efuter-Trep-FL.jpg\" \/>\n\t<meta property=\"og:image:width\" content=\"349\" \/>\n\t<meta property=\"og:image:height\" content=\"233\" \/>\n\t<meta property=\"og:image:type\" content=\"image\/jpeg\" \/>\n<meta name=\"twitter:card\" content=\"summary_large_image\" \/>\n<meta name=\"twitter:label1\" content=\"Dur\u00e9e de lecture estim\u00e9e\" \/>\n\t<meta name=\"twitter:data1\" content=\"1 minute\" \/>\n<script type=\"application\/ld+json\" class=\"yoast-schema-graph\">{\"@context\":\"https:\\\/\\\/schema.org\",\"@graph\":[{\"@type\":\"WebPage\",\"@id\":\"https:\\\/\\\/storax.be\\\/fr\\\/producten\\\/schluter-nez-de-marche\\\/schluter-trep-fl\\\/\",\"url\":\"https:\\\/\\\/storax.be\\\/fr\\\/producten\\\/schluter-nez-de-marche\\\/schluter-trep-fl\\\/\",\"name\":\"Schl\u00fcter\u00ae-TREP-FL - Storax Belgium\",\"isPartOf\":{\"@id\":\"https:\\\/\\\/storax.be\\\/fr\\\/#website\"},\"primaryImageOfPage\":{\"@id\":\"https:\\\/\\\/storax.be\\\/fr\\\/producten\\\/schluter-nez-de-marche\\\/schluter-trep-fl\\\/#primaryimage\"},\"image\":{\"@id\":\"https:\\\/\\\/storax.be\\\/fr\\\/producten\\\/schluter-nez-de-marche\\\/schluter-trep-fl\\\/#primaryimage\"},\"thumbnailUrl\":\"https:\\\/\\\/storax.be\\\/wp-content\\\/uploads\\\/sites\\\/2\\\/2020\\\/01\\\/Schl\u00efuter-Trep-FL.jpg\",\"datePublished\":\"2022-08-02T07:46:20+00:00\",\"dateModified\":\"2024-08-01T10:13:12+00:00\",\"breadcrumb\":{\"@id\":\"https:\\\/\\\/storax.be\\\/fr\\\/producten\\\/schluter-nez-de-marche\\\/schluter-trep-fl\\\/#breadcrumb\"},\"inLanguage\":\"fr-FR\",\"potentialAction\":[{\"@type\":\"ReadAction\",\"target\":[\"https:\\\/\\\/storax.be\\\/fr\\\/producten\\\/schluter-nez-de-marche\\\/schluter-trep-fl\\\/\"]}]},{\"@type\":\"ImageObject\",\"inLanguage\":\"fr-FR\",\"@id\":\"https:\\\/\\\/storax.be\\\/fr\\\/producten\\\/schluter-nez-de-marche\\\/schluter-trep-fl\\\/#primaryimage\",\"url\":\"https:\\\/\\\/storax.be\\\/wp-content\\\/uploads\\\/sites\\\/2\\\/2020\\\/01\\\/Schl\u00efuter-Trep-FL.jpg\",\"contentUrl\":\"https:\\\/\\\/storax.be\\\/wp-content\\\/uploads\\\/sites\\\/2\\\/2020\\\/01\\\/Schl\u00efuter-Trep-FL.jpg\",\"width\":349,\"height\":233,\"caption\":\"Schl\u00efuter Trep FL\"},{\"@type\":\"BreadcrumbList\",\"@id\":\"https:\\\/\\\/storax.be\\\/fr\\\/producten\\\/schluter-nez-de-marche\\\/schluter-trep-fl\\\/#breadcrumb\",\"itemListElement\":[{\"@type\":\"ListItem\",\"position\":1,\"name\":\"Home\",\"item\":\"https:\\\/\\\/storax.be\\\/fr\\\/\"},{\"@type\":\"ListItem\",\"position\":2,\"name\":\"Producten\",\"item\":\"https:\\\/\\\/storax.be\\\/fr\\\/producten\\\/%product_category%\\\/\"},{\"@type\":\"ListItem\",\"position\":3,\"name\":\"Schl\u00fcter Syst\u00e8mes\",\"item\":\"https:\\\/\\\/storax.be\\\/fr\\\/producten\\\/schluter-systems-fr\\\/\"},{\"@type\":\"ListItem\",\"position\":4,\"name\":\"Schl\u00fcter nez de marche\",\"item\":\"https:\\\/\\\/storax.be\\\/fr\\\/producten\\\/schluter-nez-de-marche\\\/\"},{\"@type\":\"ListItem\",\"position\":5,\"name\":\"Schl\u00fcter\u00ae-TREP-FL\"}]},{\"@type\":\"WebSite\",\"@id\":\"https:\\\/\\\/storax.be\\\/fr\\\/#website\",\"url\":\"https:\\\/\\\/storax.be\\\/fr\\\/\",\"name\":\"Storax Belgium\",\"description\":\"Uw betrouwbare partner voor bouwprojecten\",\"potentialAction\":[{\"@type\":\"SearchAction\",\"target\":{\"@type\":\"EntryPoint\",\"urlTemplate\":\"https:\\\/\\\/storax.be\\\/fr\\\/?s={search_term_string}\"},\"query-input\":{\"@type\":\"PropertyValueSpecification\",\"valueRequired\":true,\"valueName\":\"search_term_string\"}}],\"inLanguage\":\"fr-FR\"}]}<\/script>\n<!-- \/ Yoast SEO plugin. -->","yoast_head_json":{"title":"Schl\u00fcter\u00ae-TREP-FL - Storax Belgium","robots":{"index":"index","follow":"follow","max-snippet":"max-snippet:-1","max-image-preview":"max-image-preview:large","max-video-preview":"max-video-preview:-1"},"canonical":"https:\/\/storax.be\/fr\/producten\/schluter-nez-de-marche\/schluter-trep-fl\/","og_locale":"fr_FR","og_type":"article","og_title":"Schl\u00fcter\u00ae-TREP-FL - Storax Belgium","og_description":"Schl\u00fcter\u00ae-TREP-FL est un profil\u00e9 d&rsquo;escalier en forme florentine, disponible en plusieurs types de mat\u00e9riaux, sp\u00e9cialement con\u00e7u pour cr\u00e9er des marches s\u00e9curis\u00e9es et attrayantes. Ce profil\u00e9 est id\u00e9al pour les escaliers recouverts de carreaux ou de pierre naturelle, offrant \u00e0 la fois fonctionnalit\u00e9 et une apparence \u00e9l\u00e9gante. Types de Mat\u00e9riaux E : Acier inoxydable EB :\u2026","og_url":"https:\/\/storax.be\/fr\/producten\/schluter-nez-de-marche\/schluter-trep-fl\/","og_site_name":"Storax Belgium","article_modified_time":"2024-08-01T10:13:12+00:00","og_image":[{"width":349,"height":233,"url":"https:\/\/storax.be\/wp-content\/uploads\/sites\/2\/2020\/01\/Schl\u00efuter-Trep-FL.jpg","type":"image\/jpeg"}],"twitter_card":"summary_large_image","twitter_misc":{"Dur\u00e9e de lecture estim\u00e9e":"1 minute"},"schema":{"@context":"https:\/\/schema.org","@graph":[{"@type":"WebPage","@id":"https:\/\/storax.be\/fr\/producten\/schluter-nez-de-marche\/schluter-trep-fl\/","url":"https:\/\/storax.be\/fr\/producten\/schluter-nez-de-marche\/schluter-trep-fl\/","name":"Schl\u00fcter\u00ae-TREP-FL - Storax Belgium","isPartOf":{"@id":"https:\/\/storax.be\/fr\/#website"},"primaryImageOfPage":{"@id":"https:\/\/storax.be\/fr\/producten\/schluter-nez-de-marche\/schluter-trep-fl\/#primaryimage"},"image":{"@id":"https:\/\/storax.be\/fr\/producten\/schluter-nez-de-marche\/schluter-trep-fl\/#primaryimage"},"thumbnailUrl":"https:\/\/storax.be\/wp-content\/uploads\/sites\/2\/2020\/01\/Schl\u00efuter-Trep-FL.jpg","datePublished":"2022-08-02T07:46:20+00:00","dateModified":"2024-08-01T10:13:12+00:00","breadcrumb":{"@id":"https:\/\/storax.be\/fr\/producten\/schluter-nez-de-marche\/schluter-trep-fl\/#breadcrumb"},"inLanguage":"fr-FR","potentialAction":[{"@type":"ReadAction","target":["https:\/\/storax.be\/fr\/producten\/schluter-nez-de-marche\/schluter-trep-fl\/"]}]},{"@type":"ImageObject","inLanguage":"fr-FR","@id":"https:\/\/storax.be\/fr\/producten\/schluter-nez-de-marche\/schluter-trep-fl\/#primaryimage","url":"https:\/\/storax.be\/wp-content\/uploads\/sites\/2\/2020\/01\/Schl\u00efuter-Trep-FL.jpg","contentUrl":"https:\/\/storax.be\/wp-content\/uploads\/sites\/2\/2020\/01\/Schl\u00efuter-Trep-FL.jpg","width":349,"height":233,"caption":"Schl\u00efuter Trep FL"},{"@type":"BreadcrumbList","@id":"https:\/\/storax.be\/fr\/producten\/schluter-nez-de-marche\/schluter-trep-fl\/#breadcrumb","itemListElement":[{"@type":"ListItem","position":1,"name":"Home","item":"https:\/\/storax.be\/fr\/"},{"@type":"ListItem","position":2,"name":"Producten","item":"https:\/\/storax.be\/fr\/producten\/%product_category%\/"},{"@type":"ListItem","position":3,"name":"Schl\u00fcter Syst\u00e8mes","item":"https:\/\/storax.be\/fr\/producten\/schluter-systems-fr\/"},{"@type":"ListItem","position":4,"name":"Schl\u00fcter nez de marche","item":"https:\/\/storax.be\/fr\/producten\/schluter-nez-de-marche\/"},{"@type":"ListItem","position":5,"name":"Schl\u00fcter\u00ae-TREP-FL"}]},{"@type":"WebSite","@id":"https:\/\/storax.be\/fr\/#website","url":"https:\/\/storax.be\/fr\/","name":"Storax Belgium","description":"Uw betrouwbare partner voor bouwprojecten","potentialAction":[{"@type":"SearchAction","target":{"@type":"EntryPoint","urlTemplate":"https:\/\/storax.be\/fr\/?s={search_term_string}"},"query-input":{"@type":"PropertyValueSpecification","valueRequired":true,"valueName":"search_term_string"}}],"inLanguage":"fr-FR"}]}},"_links":{"self":[{"href":"https:\/\/storax.be\/fr\/wp-json\/wp\/v2\/product\/115031","targetHints":{"allow":["GET"]}}],"collection":[{"href":"https:\/\/storax.be\/fr\/wp-json\/wp\/v2\/product"}],"about":[{"href":"https:\/\/storax.be\/fr\/wp-json\/wp\/v2\/types\/product"}],"wp:featuredmedia":[{"embeddable":true,"href":"https:\/\/storax.be\/fr\/wp-json\/wp\/v2\/media\/109105"}],"wp:attachment":[{"href":"https:\/\/storax.be\/fr\/wp-json\/wp\/v2\/media?parent=115031"}],"wp:term":[{"taxonomy":"product_category","embeddable":true,"href":"https:\/\/storax.be\/fr\/wp-json\/wp\/v2\/product_category?post=115031"},{"taxonomy":"product_tag","embeddable":true,"href":"https:\/\/storax.be\/fr\/wp-json\/wp\/v2\/product_tag?post=115031"}],"curies":[{"name":"wp","href":"https:\/\/api.w.org\/{rel}","templated":true}]}}