{"id":115030,"date":"2022-08-02T07:44:56","date_gmt":"2022-08-02T07:44:56","guid":{"rendered":"https:\/\/storax.be\/?post_type=product&#038;p=115030"},"modified":"2024-05-16T07:38:30","modified_gmt":"2024-05-16T07:38:30","slug":"type-gfs-10","status":"publish","type":"product","link":"https:\/\/storax.be\/fr\/producten\/profils-de-dilatation\/type-gfs-10\/","title":{"rendered":"Type GFS.10"},"content":{"rendered":"<h2 style=\"font-size: 1.5em; line-height: 40px; font-weight: 600;\">Profil\u00e9s couvre-joints de dilatation<\/h2>\n<p><span style=\"font-weight: 400;\">Pour des combinaisons de diff\u00e9rentes finitions de sol. Cette s\u00e9rie est id\u00e9ale pour les sols en vinyle, stratifi\u00e9 et carrelage et absorbe les mouvements thermiques horizontaux et verticaux. L&rsquo;insert extrud\u00e9 r\u00e9siste au frottement et peut \u00eatre remplac\u00e9.<\/span><\/p>\n<ul>\n<li style=\"font-weight: 400;\" aria-level=\"1\"><span style=\"font-weight: 400;\">Pour joints de 20 \u00e0 60\u00a0mm<\/span><\/li>\n<li style=\"font-weight: 400;\" aria-level=\"1\"><span style=\"font-weight: 400;\">Pour un trafic l\u00e9ger \u00e0 moyen<\/span><\/li>\n<li style=\"font-weight: 400;\" aria-level=\"1\"><span style=\"font-weight: 400;\">Pour des combinaisons de diff\u00e9rentes finitions de sol<\/span><\/li>\n<li style=\"font-weight: 400;\" aria-level=\"1\"><span style=\"font-weight: 400;\">Pour les b\u00e2timents \u00e0 haut niveau d&rsquo;hygi\u00e8ne<\/span><\/li>\n<li style=\"font-weight: 400;\" aria-level=\"1\"><span style=\"font-weight: 400;\">Longueur standard\u00a0: 3\u00a0m<\/span><\/li>\n<li style=\"font-weight: 400;\" aria-level=\"1\"><span style=\"font-weight: 400;\">Couleur des inserts\u00a0: noir, gris, blanc, beige et marron.<\/span><\/li>\n<\/ul>\n","protected":false},"excerpt":{"rendered":"<p>Profil\u00e9s couvre-joints de dilatation Pour des combinaisons de diff\u00e9rentes finitions de sol. Cette s\u00e9rie est id\u00e9ale pour les sols en vinyle, stratifi\u00e9 et carrelage et absorbe les mouvements thermiques horizontaux et verticaux. L&rsquo;insert extrud\u00e9 r\u00e9siste au frottement et peut \u00eatre remplac\u00e9. Pour joints de 20 \u00e0 60\u00a0mm Pour un trafic l\u00e9ger \u00e0 moyen Pour des\u2026<\/p>\n","protected":false},"featured_media":106568,"template":"","meta":{"_acf_changed":false},"product_category":[651,678],"product_tag":[],"class_list":["post-115030","product","type-product","status-publish","has-post-thumbnail","hentry","product_category-profiles-couvre-joints","product_category-profils-de-dilatation"],"acf":[],"yoast_head":"<!-- This site is optimized with the Yoast SEO plugin v27.3 - https:\/\/yoast.com\/product\/yoast-seo-wordpress\/ -->\n<title>Type GFS.10 - Storax Belgium<\/title>\n<meta name=\"robots\" content=\"index, follow, max-snippet:-1, max-image-preview:large, max-video-preview:-1\" \/>\n<link rel=\"canonical\" href=\"https:\/\/storax.be\/fr\/producten\/profils-de-dilatation\/type-gfs-10\/\" \/>\n<meta property=\"og:locale\" content=\"fr_FR\" \/>\n<meta property=\"og:type\" content=\"article\" \/>\n<meta property=\"og:title\" content=\"Type GFS.10 - Storax Belgium\" \/>\n<meta property=\"og:description\" content=\"Profil\u00e9s couvre-joints de dilatation Pour des combinaisons de diff\u00e9rentes finitions de sol. Cette s\u00e9rie est id\u00e9ale pour les sols en vinyle, stratifi\u00e9 et carrelage et absorbe les mouvements thermiques horizontaux et verticaux. L&rsquo;insert extrud\u00e9 r\u00e9siste au frottement et peut \u00eatre remplac\u00e9. Pour joints de 20 \u00e0 60\u00a0mm Pour un trafic l\u00e9ger \u00e0 moyen Pour des\u2026\" \/>\n<meta property=\"og:url\" content=\"https:\/\/storax.be\/fr\/producten\/profils-de-dilatation\/type-gfs-10\/\" \/>\n<meta property=\"og:site_name\" content=\"Storax Belgium\" \/>\n<meta property=\"article:modified_time\" content=\"2024-05-16T07:38:30+00:00\" \/>\n<meta property=\"og:image\" content=\"https:\/\/storax.be\/wp-content\/uploads\/sites\/2\/2019\/03\/thumb_270x270_373.jpg\" \/>\n\t<meta property=\"og:image:width\" content=\"270\" \/>\n\t<meta property=\"og:image:height\" content=\"270\" \/>\n\t<meta property=\"og:image:type\" content=\"image\/jpeg\" \/>\n<meta name=\"twitter:card\" content=\"summary_large_image\" \/>\n<meta name=\"twitter:label1\" content=\"Dur\u00e9e de lecture estim\u00e9e\" \/>\n\t<meta name=\"twitter:data1\" content=\"1 minute\" \/>\n<script type=\"application\/ld+json\" class=\"yoast-schema-graph\">{\"@context\":\"https:\\\/\\\/schema.org\",\"@graph\":[{\"@type\":\"WebPage\",\"@id\":\"https:\\\/\\\/storax.be\\\/fr\\\/producten\\\/profils-de-dilatation\\\/type-gfs-10\\\/\",\"url\":\"https:\\\/\\\/storax.be\\\/fr\\\/producten\\\/profils-de-dilatation\\\/type-gfs-10\\\/\",\"name\":\"Type GFS.10 - Storax Belgium\",\"isPartOf\":{\"@id\":\"https:\\\/\\\/storax.be\\\/fr\\\/#website\"},\"primaryImageOfPage\":{\"@id\":\"https:\\\/\\\/storax.be\\\/fr\\\/producten\\\/profils-de-dilatation\\\/type-gfs-10\\\/#primaryimage\"},\"image\":{\"@id\":\"https:\\\/\\\/storax.be\\\/fr\\\/producten\\\/profils-de-dilatation\\\/type-gfs-10\\\/#primaryimage\"},\"thumbnailUrl\":\"https:\\\/\\\/storax.be\\\/wp-content\\\/uploads\\\/sites\\\/2\\\/2019\\\/03\\\/thumb_270x270_373.jpg\",\"datePublished\":\"2022-08-02T07:44:56+00:00\",\"dateModified\":\"2024-05-16T07:38:30+00:00\",\"breadcrumb\":{\"@id\":\"https:\\\/\\\/storax.be\\\/fr\\\/producten\\\/profils-de-dilatation\\\/type-gfs-10\\\/#breadcrumb\"},\"inLanguage\":\"fr-FR\",\"potentialAction\":[{\"@type\":\"ReadAction\",\"target\":[\"https:\\\/\\\/storax.be\\\/fr\\\/producten\\\/profils-de-dilatation\\\/type-gfs-10\\\/\"]}]},{\"@type\":\"ImageObject\",\"inLanguage\":\"fr-FR\",\"@id\":\"https:\\\/\\\/storax.be\\\/fr\\\/producten\\\/profils-de-dilatation\\\/type-gfs-10\\\/#primaryimage\",\"url\":\"https:\\\/\\\/storax.be\\\/wp-content\\\/uploads\\\/sites\\\/2\\\/2019\\\/03\\\/thumb_270x270_373.jpg\",\"contentUrl\":\"https:\\\/\\\/storax.be\\\/wp-content\\\/uploads\\\/sites\\\/2\\\/2019\\\/03\\\/thumb_270x270_373.jpg\",\"width\":270,\"height\":270},{\"@type\":\"BreadcrumbList\",\"@id\":\"https:\\\/\\\/storax.be\\\/fr\\\/producten\\\/profils-de-dilatation\\\/type-gfs-10\\\/#breadcrumb\",\"itemListElement\":[{\"@type\":\"ListItem\",\"position\":1,\"name\":\"Home\",\"item\":\"https:\\\/\\\/storax.be\\\/fr\\\/\"},{\"@type\":\"ListItem\",\"position\":2,\"name\":\"Producten\",\"item\":\"https:\\\/\\\/storax.be\\\/fr\\\/producten\\\/%product_category%\\\/\"},{\"@type\":\"ListItem\",\"position\":3,\"name\":\"Profil\u00e9s couvre-joints\",\"item\":\"https:\\\/\\\/storax.be\\\/fr\\\/producten\\\/profiles-couvre-joints\\\/\"},{\"@type\":\"ListItem\",\"position\":4,\"name\":\"Profils de dilatation\",\"item\":\"https:\\\/\\\/storax.be\\\/fr\\\/producten\\\/profils-de-dilatation\\\/\"},{\"@type\":\"ListItem\",\"position\":5,\"name\":\"Type GFS.10\"}]},{\"@type\":\"WebSite\",\"@id\":\"https:\\\/\\\/storax.be\\\/fr\\\/#website\",\"url\":\"https:\\\/\\\/storax.be\\\/fr\\\/\",\"name\":\"Storax Belgium\",\"description\":\"Uw betrouwbare partner voor bouwprojecten\",\"potentialAction\":[{\"@type\":\"SearchAction\",\"target\":{\"@type\":\"EntryPoint\",\"urlTemplate\":\"https:\\\/\\\/storax.be\\\/fr\\\/?s={search_term_string}\"},\"query-input\":{\"@type\":\"PropertyValueSpecification\",\"valueRequired\":true,\"valueName\":\"search_term_string\"}}],\"inLanguage\":\"fr-FR\"}]}<\/script>\n<!-- \/ Yoast SEO plugin. -->","yoast_head_json":{"title":"Type GFS.10 - Storax Belgium","robots":{"index":"index","follow":"follow","max-snippet":"max-snippet:-1","max-image-preview":"max-image-preview:large","max-video-preview":"max-video-preview:-1"},"canonical":"https:\/\/storax.be\/fr\/producten\/profils-de-dilatation\/type-gfs-10\/","og_locale":"fr_FR","og_type":"article","og_title":"Type GFS.10 - Storax Belgium","og_description":"Profil\u00e9s couvre-joints de dilatation Pour des combinaisons de diff\u00e9rentes finitions de sol. Cette s\u00e9rie est id\u00e9ale pour les sols en vinyle, stratifi\u00e9 et carrelage et absorbe les mouvements thermiques horizontaux et verticaux. L&rsquo;insert extrud\u00e9 r\u00e9siste au frottement et peut \u00eatre remplac\u00e9. Pour joints de 20 \u00e0 60\u00a0mm Pour un trafic l\u00e9ger \u00e0 moyen Pour des\u2026","og_url":"https:\/\/storax.be\/fr\/producten\/profils-de-dilatation\/type-gfs-10\/","og_site_name":"Storax Belgium","article_modified_time":"2024-05-16T07:38:30+00:00","og_image":[{"width":270,"height":270,"url":"https:\/\/storax.be\/wp-content\/uploads\/sites\/2\/2019\/03\/thumb_270x270_373.jpg","type":"image\/jpeg"}],"twitter_card":"summary_large_image","twitter_misc":{"Dur\u00e9e de lecture estim\u00e9e":"1 minute"},"schema":{"@context":"https:\/\/schema.org","@graph":[{"@type":"WebPage","@id":"https:\/\/storax.be\/fr\/producten\/profils-de-dilatation\/type-gfs-10\/","url":"https:\/\/storax.be\/fr\/producten\/profils-de-dilatation\/type-gfs-10\/","name":"Type GFS.10 - Storax Belgium","isPartOf":{"@id":"https:\/\/storax.be\/fr\/#website"},"primaryImageOfPage":{"@id":"https:\/\/storax.be\/fr\/producten\/profils-de-dilatation\/type-gfs-10\/#primaryimage"},"image":{"@id":"https:\/\/storax.be\/fr\/producten\/profils-de-dilatation\/type-gfs-10\/#primaryimage"},"thumbnailUrl":"https:\/\/storax.be\/wp-content\/uploads\/sites\/2\/2019\/03\/thumb_270x270_373.jpg","datePublished":"2022-08-02T07:44:56+00:00","dateModified":"2024-05-16T07:38:30+00:00","breadcrumb":{"@id":"https:\/\/storax.be\/fr\/producten\/profils-de-dilatation\/type-gfs-10\/#breadcrumb"},"inLanguage":"fr-FR","potentialAction":[{"@type":"ReadAction","target":["https:\/\/storax.be\/fr\/producten\/profils-de-dilatation\/type-gfs-10\/"]}]},{"@type":"ImageObject","inLanguage":"fr-FR","@id":"https:\/\/storax.be\/fr\/producten\/profils-de-dilatation\/type-gfs-10\/#primaryimage","url":"https:\/\/storax.be\/wp-content\/uploads\/sites\/2\/2019\/03\/thumb_270x270_373.jpg","contentUrl":"https:\/\/storax.be\/wp-content\/uploads\/sites\/2\/2019\/03\/thumb_270x270_373.jpg","width":270,"height":270},{"@type":"BreadcrumbList","@id":"https:\/\/storax.be\/fr\/producten\/profils-de-dilatation\/type-gfs-10\/#breadcrumb","itemListElement":[{"@type":"ListItem","position":1,"name":"Home","item":"https:\/\/storax.be\/fr\/"},{"@type":"ListItem","position":2,"name":"Producten","item":"https:\/\/storax.be\/fr\/producten\/%product_category%\/"},{"@type":"ListItem","position":3,"name":"Profil\u00e9s couvre-joints","item":"https:\/\/storax.be\/fr\/producten\/profiles-couvre-joints\/"},{"@type":"ListItem","position":4,"name":"Profils de dilatation","item":"https:\/\/storax.be\/fr\/producten\/profils-de-dilatation\/"},{"@type":"ListItem","position":5,"name":"Type GFS.10"}]},{"@type":"WebSite","@id":"https:\/\/storax.be\/fr\/#website","url":"https:\/\/storax.be\/fr\/","name":"Storax Belgium","description":"Uw betrouwbare partner voor bouwprojecten","potentialAction":[{"@type":"SearchAction","target":{"@type":"EntryPoint","urlTemplate":"https:\/\/storax.be\/fr\/?s={search_term_string}"},"query-input":{"@type":"PropertyValueSpecification","valueRequired":true,"valueName":"search_term_string"}}],"inLanguage":"fr-FR"}]}},"_links":{"self":[{"href":"https:\/\/storax.be\/fr\/wp-json\/wp\/v2\/product\/115030","targetHints":{"allow":["GET"]}}],"collection":[{"href":"https:\/\/storax.be\/fr\/wp-json\/wp\/v2\/product"}],"about":[{"href":"https:\/\/storax.be\/fr\/wp-json\/wp\/v2\/types\/product"}],"wp:featuredmedia":[{"embeddable":true,"href":"https:\/\/storax.be\/fr\/wp-json\/wp\/v2\/media\/106568"}],"wp:attachment":[{"href":"https:\/\/storax.be\/fr\/wp-json\/wp\/v2\/media?parent=115030"}],"wp:term":[{"taxonomy":"product_category","embeddable":true,"href":"https:\/\/storax.be\/fr\/wp-json\/wp\/v2\/product_category?post=115030"},{"taxonomy":"product_tag","embeddable":true,"href":"https:\/\/storax.be\/fr\/wp-json\/wp\/v2\/product_tag?post=115030"}],"curies":[{"name":"wp","href":"https:\/\/api.w.org\/{rel}","templated":true}]}}