{"id":115028,"date":"2022-08-02T07:41:29","date_gmt":"2022-08-02T07:41:29","guid":{"rendered":"https:\/\/storax.be\/?post_type=product&#038;p=115028"},"modified":"2024-08-01T14:37:00","modified_gmt":"2024-08-01T14:37:00","slug":"schluter-trep-e-ek-efk","status":"publish","type":"product","link":"https:\/\/storax.be\/fr\/producten\/schluter-nez-de-marche\/schluter-trep-e-ek-efk\/","title":{"rendered":"Schl\u00fcter\u00ae-TREP-E\/-EK\/-EFK"},"content":{"rendered":"\n<h2 class=\"wp-block-heading\"><b>Profil\u00e9 d&rsquo;escalier antid\u00e9rapant en inox<\/b><\/h2>\n\n\n\n<p>Schl\u00fcter\u00ae-TREP-E est un profil\u00e9 d&rsquo;escalier en acier inoxydable avec une profilage antid\u00e9rapante sp\u00e9ciale, con\u00e7u pour des marches s\u00fbres et esth\u00e9tiques. Id\u00e9al pour une utilisation sur des marches recouvertes de carreaux et de pierre naturelle, ainsi que sur des chapes en ciment et d&rsquo;autres mat\u00e9riaux de rev\u00eatement.<\/p>\n\n\n\n<p><strong>Applications<\/strong><\/p>\n\n\n\n<ul class=\"wp-block-list\"><li><strong>Usage Intensif<\/strong>: Parfait pour les grands projets tels que les magasins et les b\u00e2timents publics o\u00f9 les escaliers sont intensivement utilis\u00e9s.<\/li><li><strong>Protection et S\u00e9curit\u00e9<\/strong>: Prot\u00e8ge le devant des marches et augmente la s\u00e9curit\u00e9 gr\u00e2ce \u00e0 la surface antid\u00e9rapante (R10 V6) et aux bords de marche bien visibles.<\/li><\/ul>\n\n\n\n<p><strong>Variantes<\/strong><\/p>\n\n\n\n<ul class=\"wp-block-list\"><li><strong>Schl\u00fcter\u00ae-TREP-E<\/strong>: Inox 304 ou 316 avec profilage antid\u00e9rapant pour montage pr\u00e9alable.<\/li><li><strong>Schl\u00fcter\u00ae-TREP-EK<\/strong>: Sans surface de fixation, \u00e0 coller sur le bord de la marche, id\u00e9al pour la r\u00e9paration des bords endommag\u00e9s et le montage apr\u00e8s-coup.<\/li><li><strong>Schl\u00fcter\u00ae-TREP-EFK<\/strong>: Avec profilage antid\u00e9rapant, sans surface de fixation ni protection de bord, adapt\u00e9 pour fraisages ou pour application apr\u00e8s-coup.<\/li><\/ul>\n\n\n\n<div class=\"wp-block-columns is-layout-flex wp-container-core-columns-is-layout-9d6595d7 wp-block-columns-is-layout-flex\">\n<div class=\"wp-block-column is-layout-flow wp-block-column-is-layout-flow\">\n<figure class=\"wp-block-image size-full\"><img loading=\"lazy\" decoding=\"async\" width=\"220\" height=\"200\" src=\"https:\/\/storax.be\/wp-content\/uploads\/sites\/2\/2024\/08\/Schluter\u00ae-TREP-EFK.png\" alt=\"\" class=\"wp-image-117795\"\/><\/figure>\n<\/div>\n\n\n\n<div class=\"wp-block-column is-layout-flow wp-block-column-is-layout-flow\">\n<figure class=\"wp-block-image size-full\"><img loading=\"lazy\" decoding=\"async\" width=\"220\" height=\"200\" src=\"https:\/\/storax.be\/wp-content\/uploads\/sites\/2\/2024\/08\/Schluter\u00ae-TREP-EFK-1.png\" alt=\"\" class=\"wp-image-117797\"\/><\/figure>\n<\/div>\n\n\n\n<div class=\"wp-block-column is-layout-flow wp-block-column-is-layout-flow\">\n<figure class=\"wp-block-image size-full\"><img loading=\"lazy\" decoding=\"async\" width=\"220\" height=\"200\" src=\"https:\/\/storax.be\/wp-content\/uploads\/sites\/2\/2024\/08\/Schluter\u00ae-TREP-EFK-2.png\" alt=\"\" class=\"wp-image-117799\"\/><\/figure>\n<\/div>\n<\/div>\n\n\n\n<p><strong>Options de Mat\u00e9riaux<\/strong><\/p>\n\n\n\n<ul class=\"wp-block-list\"><li><strong>Schl\u00fcter\u00ae-TREP-E<\/strong>: Acier inoxydable V2A (1.4301) et V4A (1.4404)<\/li><li><strong>Schl\u00fcter\u00ae-TREP-EK<\/strong>: Acier inoxydable V2A (1.4301)<\/li><li><strong>Schl\u00fcter\u00ae-TREP-EFK<\/strong>: Acier inoxydable V4A (1.4404)<\/li><\/ul>\n\n\n\n<p><strong>Dimensions Disponibles TREP-E<\/strong><\/p>\n\n\n\n<ul class=\"wp-block-list\"><li><strong>Longueurs Disponibles<\/strong>: 2,50 m, 1,50 m, 1,00 m<\/li><li><strong>Hauteurs de finitions<\/strong>: 2 mm, 3 mm, 5 mm, 8 mm, 11 mm, 13 mm, 16 mm, 25 mm.<\/li><li><strong>Hauteur du profil\u00e9<\/strong>: 10 mm.<\/li><li><strong>Largeur<\/strong>: 30 mm.<\/li><\/ul>\n\n\n\n<p><strong>Dimensions Disponibles TREP-EK<\/strong><\/p>\n\n\n\n<ul class=\"wp-block-list\"><li><strong>Longueurs Disponibles<\/strong>: 2,50 m, 1,50 m, 1,00 m<\/li><li><strong>Hauteur du profil\u00e9<\/strong>: 10 mm.<\/li><li><strong>Largeur<\/strong>: 33 mm.<\/li><\/ul>\n\n\n\n<h4 class=\"wp-block-heading\">Dimensions Disponibles TREP-EFK<\/h4>\n\n\n\n<ul class=\"wp-block-list\"><li><strong>Longueurs Disponibles<\/strong>: 2,50 m<\/li><li><strong>Hauteur du profil\u00e9<\/strong>: 2 mm.<\/li><li><strong>Largeur<\/strong>: 56,5 mm.<\/li><\/ul>\n\n\n\n<p><strong>Demandez un devis maintenant et recevez votre offre dans un d\u00e9lai de 1 \u00e0 3 jours ouvrables !<\/strong><\/p>\n","protected":false},"excerpt":{"rendered":"<p>Profil\u00e9 d&rsquo;escalier antid\u00e9rapant en inox Schl\u00fcter\u00ae-TREP-E est un profil\u00e9 d&rsquo;escalier en acier inoxydable avec une profilage antid\u00e9rapante sp\u00e9ciale, con\u00e7u pour des marches s\u00fbres et esth\u00e9tiques. Id\u00e9al pour une utilisation sur des marches recouvertes de carreaux et de pierre naturelle, ainsi que sur des chapes en ciment et d&rsquo;autres mat\u00e9riaux de rev\u00eatement. Applications Usage Intensif: Parfait\u2026<\/p>\n","protected":false},"featured_media":117814,"template":"","meta":{"_acf_changed":false},"product_category":[738],"product_tag":[],"class_list":["post-115028","product","type-product","status-publish","has-post-thumbnail","hentry","product_category-schluter-nez-de-marche"],"acf":[],"yoast_head":"<!-- This site is optimized with the Yoast SEO plugin v27.3 - https:\/\/yoast.com\/product\/yoast-seo-wordpress\/ -->\n<title>Schl\u00fcter\u00ae-TREP-E\/-EK\/-EFK - Storax Belgium<\/title>\n<meta name=\"robots\" content=\"index, follow, max-snippet:-1, max-image-preview:large, max-video-preview:-1\" \/>\n<link rel=\"canonical\" href=\"https:\/\/storax.be\/fr\/producten\/schluter-nez-de-marche\/schluter-trep-e-ek-efk\/\" \/>\n<meta property=\"og:locale\" content=\"fr_FR\" \/>\n<meta property=\"og:type\" content=\"article\" \/>\n<meta property=\"og:title\" content=\"Schl\u00fcter\u00ae-TREP-E\/-EK\/-EFK - Storax Belgium\" \/>\n<meta property=\"og:description\" content=\"Profil\u00e9 d&rsquo;escalier antid\u00e9rapant en inox Schl\u00fcter\u00ae-TREP-E est un profil\u00e9 d&rsquo;escalier en acier inoxydable avec une profilage antid\u00e9rapante sp\u00e9ciale, con\u00e7u pour des marches s\u00fbres et esth\u00e9tiques. Id\u00e9al pour une utilisation sur des marches recouvertes de carreaux et de pierre naturelle, ainsi que sur des chapes en ciment et d&rsquo;autres mat\u00e9riaux de rev\u00eatement. Applications Usage Intensif: Parfait\u2026\" \/>\n<meta property=\"og:url\" content=\"https:\/\/storax.be\/fr\/producten\/schluter-nez-de-marche\/schluter-trep-e-ek-efk\/\" \/>\n<meta property=\"og:site_name\" content=\"Storax Belgium\" \/>\n<meta property=\"article:modified_time\" content=\"2024-08-01T14:37:00+00:00\" \/>\n<meta property=\"og:image\" content=\"https:\/\/storax.be\/wp-content\/uploads\/sites\/2\/2022\/08\/Schluter\u00ae-TREP-e.png\" \/>\n\t<meta property=\"og:image:width\" content=\"262\" \/>\n\t<meta property=\"og:image:height\" content=\"260\" \/>\n\t<meta property=\"og:image:type\" content=\"image\/png\" \/>\n<meta name=\"twitter:card\" content=\"summary_large_image\" \/>\n<meta name=\"twitter:label1\" content=\"Dur\u00e9e de lecture estim\u00e9e\" \/>\n\t<meta name=\"twitter:data1\" content=\"2 minutes\" \/>\n<script type=\"application\/ld+json\" class=\"yoast-schema-graph\">{\"@context\":\"https:\\\/\\\/schema.org\",\"@graph\":[{\"@type\":\"WebPage\",\"@id\":\"https:\\\/\\\/storax.be\\\/fr\\\/producten\\\/schluter-nez-de-marche\\\/schluter-trep-e-ek-efk\\\/\",\"url\":\"https:\\\/\\\/storax.be\\\/fr\\\/producten\\\/schluter-nez-de-marche\\\/schluter-trep-e-ek-efk\\\/\",\"name\":\"Schl\u00fcter\u00ae-TREP-E\\\/-EK\\\/-EFK - Storax Belgium\",\"isPartOf\":{\"@id\":\"https:\\\/\\\/storax.be\\\/fr\\\/#website\"},\"primaryImageOfPage\":{\"@id\":\"https:\\\/\\\/storax.be\\\/fr\\\/producten\\\/schluter-nez-de-marche\\\/schluter-trep-e-ek-efk\\\/#primaryimage\"},\"image\":{\"@id\":\"https:\\\/\\\/storax.be\\\/fr\\\/producten\\\/schluter-nez-de-marche\\\/schluter-trep-e-ek-efk\\\/#primaryimage\"},\"thumbnailUrl\":\"https:\\\/\\\/storax.be\\\/wp-content\\\/uploads\\\/sites\\\/2\\\/2022\\\/08\\\/Schluter\u00ae-TREP-e.png\",\"datePublished\":\"2022-08-02T07:41:29+00:00\",\"dateModified\":\"2024-08-01T14:37:00+00:00\",\"breadcrumb\":{\"@id\":\"https:\\\/\\\/storax.be\\\/fr\\\/producten\\\/schluter-nez-de-marche\\\/schluter-trep-e-ek-efk\\\/#breadcrumb\"},\"inLanguage\":\"fr-FR\",\"potentialAction\":[{\"@type\":\"ReadAction\",\"target\":[\"https:\\\/\\\/storax.be\\\/fr\\\/producten\\\/schluter-nez-de-marche\\\/schluter-trep-e-ek-efk\\\/\"]}]},{\"@type\":\"ImageObject\",\"inLanguage\":\"fr-FR\",\"@id\":\"https:\\\/\\\/storax.be\\\/fr\\\/producten\\\/schluter-nez-de-marche\\\/schluter-trep-e-ek-efk\\\/#primaryimage\",\"url\":\"https:\\\/\\\/storax.be\\\/wp-content\\\/uploads\\\/sites\\\/2\\\/2022\\\/08\\\/Schluter\u00ae-TREP-e.png\",\"contentUrl\":\"https:\\\/\\\/storax.be\\\/wp-content\\\/uploads\\\/sites\\\/2\\\/2022\\\/08\\\/Schluter\u00ae-TREP-e.png\",\"width\":262,\"height\":260},{\"@type\":\"BreadcrumbList\",\"@id\":\"https:\\\/\\\/storax.be\\\/fr\\\/producten\\\/schluter-nez-de-marche\\\/schluter-trep-e-ek-efk\\\/#breadcrumb\",\"itemListElement\":[{\"@type\":\"ListItem\",\"position\":1,\"name\":\"Home\",\"item\":\"https:\\\/\\\/storax.be\\\/fr\\\/\"},{\"@type\":\"ListItem\",\"position\":2,\"name\":\"Producten\",\"item\":\"https:\\\/\\\/storax.be\\\/fr\\\/producten\\\/%product_category%\\\/\"},{\"@type\":\"ListItem\",\"position\":3,\"name\":\"Schl\u00fcter Syst\u00e8mes\",\"item\":\"https:\\\/\\\/storax.be\\\/fr\\\/producten\\\/schluter-systems-fr\\\/\"},{\"@type\":\"ListItem\",\"position\":4,\"name\":\"Schl\u00fcter nez de marche\",\"item\":\"https:\\\/\\\/storax.be\\\/fr\\\/producten\\\/schluter-nez-de-marche\\\/\"},{\"@type\":\"ListItem\",\"position\":5,\"name\":\"Schl\u00fcter\u00ae-TREP-E\\\/-EK\\\/-EFK\"}]},{\"@type\":\"WebSite\",\"@id\":\"https:\\\/\\\/storax.be\\\/fr\\\/#website\",\"url\":\"https:\\\/\\\/storax.be\\\/fr\\\/\",\"name\":\"Storax Belgium\",\"description\":\"Uw betrouwbare partner voor bouwprojecten\",\"potentialAction\":[{\"@type\":\"SearchAction\",\"target\":{\"@type\":\"EntryPoint\",\"urlTemplate\":\"https:\\\/\\\/storax.be\\\/fr\\\/?s={search_term_string}\"},\"query-input\":{\"@type\":\"PropertyValueSpecification\",\"valueRequired\":true,\"valueName\":\"search_term_string\"}}],\"inLanguage\":\"fr-FR\"}]}<\/script>\n<!-- \/ Yoast SEO plugin. -->","yoast_head_json":{"title":"Schl\u00fcter\u00ae-TREP-E\/-EK\/-EFK - Storax Belgium","robots":{"index":"index","follow":"follow","max-snippet":"max-snippet:-1","max-image-preview":"max-image-preview:large","max-video-preview":"max-video-preview:-1"},"canonical":"https:\/\/storax.be\/fr\/producten\/schluter-nez-de-marche\/schluter-trep-e-ek-efk\/","og_locale":"fr_FR","og_type":"article","og_title":"Schl\u00fcter\u00ae-TREP-E\/-EK\/-EFK - Storax Belgium","og_description":"Profil\u00e9 d&rsquo;escalier antid\u00e9rapant en inox Schl\u00fcter\u00ae-TREP-E est un profil\u00e9 d&rsquo;escalier en acier inoxydable avec une profilage antid\u00e9rapante sp\u00e9ciale, con\u00e7u pour des marches s\u00fbres et esth\u00e9tiques. Id\u00e9al pour une utilisation sur des marches recouvertes de carreaux et de pierre naturelle, ainsi que sur des chapes en ciment et d&rsquo;autres mat\u00e9riaux de rev\u00eatement. Applications Usage Intensif: Parfait\u2026","og_url":"https:\/\/storax.be\/fr\/producten\/schluter-nez-de-marche\/schluter-trep-e-ek-efk\/","og_site_name":"Storax Belgium","article_modified_time":"2024-08-01T14:37:00+00:00","og_image":[{"width":262,"height":260,"url":"https:\/\/storax.be\/wp-content\/uploads\/sites\/2\/2022\/08\/Schluter\u00ae-TREP-e.png","type":"image\/png"}],"twitter_card":"summary_large_image","twitter_misc":{"Dur\u00e9e de lecture estim\u00e9e":"2 minutes"},"schema":{"@context":"https:\/\/schema.org","@graph":[{"@type":"WebPage","@id":"https:\/\/storax.be\/fr\/producten\/schluter-nez-de-marche\/schluter-trep-e-ek-efk\/","url":"https:\/\/storax.be\/fr\/producten\/schluter-nez-de-marche\/schluter-trep-e-ek-efk\/","name":"Schl\u00fcter\u00ae-TREP-E\/-EK\/-EFK - Storax Belgium","isPartOf":{"@id":"https:\/\/storax.be\/fr\/#website"},"primaryImageOfPage":{"@id":"https:\/\/storax.be\/fr\/producten\/schluter-nez-de-marche\/schluter-trep-e-ek-efk\/#primaryimage"},"image":{"@id":"https:\/\/storax.be\/fr\/producten\/schluter-nez-de-marche\/schluter-trep-e-ek-efk\/#primaryimage"},"thumbnailUrl":"https:\/\/storax.be\/wp-content\/uploads\/sites\/2\/2022\/08\/Schluter\u00ae-TREP-e.png","datePublished":"2022-08-02T07:41:29+00:00","dateModified":"2024-08-01T14:37:00+00:00","breadcrumb":{"@id":"https:\/\/storax.be\/fr\/producten\/schluter-nez-de-marche\/schluter-trep-e-ek-efk\/#breadcrumb"},"inLanguage":"fr-FR","potentialAction":[{"@type":"ReadAction","target":["https:\/\/storax.be\/fr\/producten\/schluter-nez-de-marche\/schluter-trep-e-ek-efk\/"]}]},{"@type":"ImageObject","inLanguage":"fr-FR","@id":"https:\/\/storax.be\/fr\/producten\/schluter-nez-de-marche\/schluter-trep-e-ek-efk\/#primaryimage","url":"https:\/\/storax.be\/wp-content\/uploads\/sites\/2\/2022\/08\/Schluter\u00ae-TREP-e.png","contentUrl":"https:\/\/storax.be\/wp-content\/uploads\/sites\/2\/2022\/08\/Schluter\u00ae-TREP-e.png","width":262,"height":260},{"@type":"BreadcrumbList","@id":"https:\/\/storax.be\/fr\/producten\/schluter-nez-de-marche\/schluter-trep-e-ek-efk\/#breadcrumb","itemListElement":[{"@type":"ListItem","position":1,"name":"Home","item":"https:\/\/storax.be\/fr\/"},{"@type":"ListItem","position":2,"name":"Producten","item":"https:\/\/storax.be\/fr\/producten\/%product_category%\/"},{"@type":"ListItem","position":3,"name":"Schl\u00fcter Syst\u00e8mes","item":"https:\/\/storax.be\/fr\/producten\/schluter-systems-fr\/"},{"@type":"ListItem","position":4,"name":"Schl\u00fcter nez de marche","item":"https:\/\/storax.be\/fr\/producten\/schluter-nez-de-marche\/"},{"@type":"ListItem","position":5,"name":"Schl\u00fcter\u00ae-TREP-E\/-EK\/-EFK"}]},{"@type":"WebSite","@id":"https:\/\/storax.be\/fr\/#website","url":"https:\/\/storax.be\/fr\/","name":"Storax Belgium","description":"Uw betrouwbare partner voor bouwprojecten","potentialAction":[{"@type":"SearchAction","target":{"@type":"EntryPoint","urlTemplate":"https:\/\/storax.be\/fr\/?s={search_term_string}"},"query-input":{"@type":"PropertyValueSpecification","valueRequired":true,"valueName":"search_term_string"}}],"inLanguage":"fr-FR"}]}},"_links":{"self":[{"href":"https:\/\/storax.be\/fr\/wp-json\/wp\/v2\/product\/115028","targetHints":{"allow":["GET"]}}],"collection":[{"href":"https:\/\/storax.be\/fr\/wp-json\/wp\/v2\/product"}],"about":[{"href":"https:\/\/storax.be\/fr\/wp-json\/wp\/v2\/types\/product"}],"wp:featuredmedia":[{"embeddable":true,"href":"https:\/\/storax.be\/fr\/wp-json\/wp\/v2\/media\/117814"}],"wp:attachment":[{"href":"https:\/\/storax.be\/fr\/wp-json\/wp\/v2\/media?parent=115028"}],"wp:term":[{"taxonomy":"product_category","embeddable":true,"href":"https:\/\/storax.be\/fr\/wp-json\/wp\/v2\/product_category?post=115028"},{"taxonomy":"product_tag","embeddable":true,"href":"https:\/\/storax.be\/fr\/wp-json\/wp\/v2\/product_tag?post=115028"}],"curies":[{"name":"wp","href":"https:\/\/api.w.org\/{rel}","templated":true}]}}