{"id":115026,"date":"2022-08-02T07:34:25","date_gmt":"2022-08-02T07:34:25","guid":{"rendered":"https:\/\/storax.be\/?post_type=product&#038;p=115026"},"modified":"2024-05-16T07:38:30","modified_gmt":"2024-05-16T07:38:30","slug":"schluter-jolly","status":"publish","type":"product","link":"https:\/\/storax.be\/fr\/producten\/schluter-tegelprofielen-fr\/schluter-jolly\/","title":{"rendered":"Schl\u00fcter\u00ae-JOLLY"},"content":{"rendered":"<p>&nbsp;<\/p>\n<p><span style=\"font-weight: 400;\"><strong>Schl\u00fcter\u00ae-JOLLY<\/strong> est un profil\u00e9 d&rsquo;\u00e9tanch\u00e9it\u00e9 pour les angles ext\u00e9rieurs des surfaces murales carrel\u00e9es. Il offre une bonne protection des ar\u00eates. Les profil\u00e9s color\u00e9s permettent de coordonner la couleur des bords ext\u00e9rieurs du rev\u00eatement avec celle des carreaux et des joints, ou de cr\u00e9er des contrastes d\u00e9coratifs.<\/span><\/p>\n<p><span style=\"font-weight: 400;\">Schl\u00fcter\u00ae-JOLLY peut \u00e9galement \u00eatre utilis\u00e9 pour le recouvrement des plinthes et la cr\u00e9ation de bords d&rsquo;\u00e9tanch\u00e9it\u00e9 propres pour des rev\u00eatements tels que la moquette, la pierre naturelle ou les enduits \u00e0 base de r\u00e9sine \u00e9poxy, entre autres.<\/span><\/p>\n<p><span style=\"font-weight: 400;\">Outre la fonction d\u00e9corative des profil\u00e9s, les bords des carreaux sont efficacement prot\u00e9g\u00e9s contre les dommages dus aux contraintes m\u00e9caniques. La nervure de joint cr\u00e9e une zone de joint fixe entre le profil\u00e9 et le carreau.<\/span><\/p>\n<p><span style=\"font-weight: 400;\">Les profil\u00e9s de finition sont disponibles en diff\u00e9rents mat\u00e9riaux\u00a0:<\/span><\/p>\n<ul>\n<li style=\"font-weight: 400;\" aria-level=\"1\"><span style=\"font-weight: 400;\">MC = laiton chrom\u00e9<\/span><\/li>\n<li style=\"font-weight: 400;\" aria-level=\"1\"><span style=\"font-weight: 400;\">ACG = alu chrom\u00e9 brillant anodis\u00e9<\/span><\/li>\n<li style=\"font-weight: 400;\" aria-level=\"1\"><span style=\"font-weight: 400;\">AMG = alu laiton brillant anodis\u00e9<\/span><\/li>\n<li style=\"font-weight: 400;\" aria-level=\"1\"><span style=\"font-weight: 400;\">TS = alu avec rev\u00eatement textur\u00e9<\/span><\/li>\n<li style=\"font-weight: 400;\" aria-level=\"1\"><span style=\"font-weight: 400;\">AC = alu avec rev\u00eatement de couleur<\/span><\/li>\n<li style=\"font-weight: 400;\" aria-level=\"1\"><span style=\"font-weight: 400;\">P = PVC color\u00e9<\/span><\/li>\n<\/ul>\n<p><span style=\"font-weight: 400;\"><strong>Applications<\/strong><br \/>\n<\/span><span style=\"font-weight: 400;\">Schl\u00fcter-Jolly est id\u00e9al pour les angles muraux et les fermetures murales, par exemple en combinaison avec des ferrures chrom\u00e9es dans les salles de bains.<\/span><\/p>\n<p>&nbsp;<\/p>\n<p>&nbsp;<\/p>\n","protected":false},"excerpt":{"rendered":"<p>&nbsp; Schl\u00fcter\u00ae-JOLLY est un profil\u00e9 d&rsquo;\u00e9tanch\u00e9it\u00e9 pour les angles ext\u00e9rieurs des surfaces murales carrel\u00e9es. Il offre une bonne protection des ar\u00eates. Les profil\u00e9s color\u00e9s permettent de coordonner la couleur des bords ext\u00e9rieurs du rev\u00eatement avec celle des carreaux et des joints, ou de cr\u00e9er des contrastes d\u00e9coratifs. Schl\u00fcter\u00ae-JOLLY peut \u00e9galement \u00eatre utilis\u00e9 pour le recouvrement\u2026<\/p>\n","protected":false},"featured_media":108343,"template":"","meta":{"_acf_changed":false},"product_category":[746,736],"product_tag":[],"class_list":["post-115026","product","type-product","status-publish","has-post-thumbnail","hentry","product_category-profiles-de-carrelage","product_category-schluter-tegelprofielen-fr"],"acf":[],"yoast_head":"<!-- This site is optimized with the Yoast SEO plugin v27.3 - https:\/\/yoast.com\/product\/yoast-seo-wordpress\/ -->\n<title>Schl\u00fcter\u00ae-JOLLY - Storax Belgium<\/title>\n<meta name=\"robots\" content=\"index, follow, max-snippet:-1, max-image-preview:large, max-video-preview:-1\" \/>\n<link rel=\"canonical\" href=\"https:\/\/storax.be\/fr\/producten\/schluter-tegelprofielen-fr\/schluter-jolly\/\" \/>\n<meta property=\"og:locale\" content=\"fr_FR\" \/>\n<meta property=\"og:type\" content=\"article\" \/>\n<meta property=\"og:title\" content=\"Schl\u00fcter\u00ae-JOLLY - Storax Belgium\" \/>\n<meta property=\"og:description\" content=\"&nbsp; Schl\u00fcter\u00ae-JOLLY est un profil\u00e9 d&rsquo;\u00e9tanch\u00e9it\u00e9 pour les angles ext\u00e9rieurs des surfaces murales carrel\u00e9es. Il offre une bonne protection des ar\u00eates. Les profil\u00e9s color\u00e9s permettent de coordonner la couleur des bords ext\u00e9rieurs du rev\u00eatement avec celle des carreaux et des joints, ou de cr\u00e9er des contrastes d\u00e9coratifs. Schl\u00fcter\u00ae-JOLLY peut \u00e9galement \u00eatre utilis\u00e9 pour le recouvrement\u2026\" \/>\n<meta property=\"og:url\" content=\"https:\/\/storax.be\/fr\/producten\/schluter-tegelprofielen-fr\/schluter-jolly\/\" \/>\n<meta property=\"og:site_name\" content=\"Storax Belgium\" \/>\n<meta property=\"article:modified_time\" content=\"2024-05-16T07:38:30+00:00\" \/>\n<meta property=\"og:image\" content=\"https:\/\/storax.be\/wp-content\/uploads\/sites\/2\/2019\/03\/Schl\u00fcter-Jolly-P.png\" \/>\n\t<meta property=\"og:image:width\" content=\"470\" \/>\n\t<meta property=\"og:image:height\" content=\"470\" \/>\n\t<meta property=\"og:image:type\" content=\"image\/png\" \/>\n<meta name=\"twitter:card\" content=\"summary_large_image\" \/>\n<meta name=\"twitter:label1\" content=\"Dur\u00e9e de lecture estim\u00e9e\" \/>\n\t<meta name=\"twitter:data1\" content=\"1 minute\" \/>\n<script type=\"application\/ld+json\" class=\"yoast-schema-graph\">{\"@context\":\"https:\\\/\\\/schema.org\",\"@graph\":[{\"@type\":\"WebPage\",\"@id\":\"https:\\\/\\\/storax.be\\\/fr\\\/producten\\\/schluter-tegelprofielen-fr\\\/schluter-jolly\\\/\",\"url\":\"https:\\\/\\\/storax.be\\\/fr\\\/producten\\\/schluter-tegelprofielen-fr\\\/schluter-jolly\\\/\",\"name\":\"Schl\u00fcter\u00ae-JOLLY - Storax Belgium\",\"isPartOf\":{\"@id\":\"https:\\\/\\\/storax.be\\\/fr\\\/#website\"},\"primaryImageOfPage\":{\"@id\":\"https:\\\/\\\/storax.be\\\/fr\\\/producten\\\/schluter-tegelprofielen-fr\\\/schluter-jolly\\\/#primaryimage\"},\"image\":{\"@id\":\"https:\\\/\\\/storax.be\\\/fr\\\/producten\\\/schluter-tegelprofielen-fr\\\/schluter-jolly\\\/#primaryimage\"},\"thumbnailUrl\":\"https:\\\/\\\/storax.be\\\/wp-content\\\/uploads\\\/sites\\\/2\\\/2019\\\/03\\\/Schl\u00fcter-Jolly-P.png\",\"datePublished\":\"2022-08-02T07:34:25+00:00\",\"dateModified\":\"2024-05-16T07:38:30+00:00\",\"breadcrumb\":{\"@id\":\"https:\\\/\\\/storax.be\\\/fr\\\/producten\\\/schluter-tegelprofielen-fr\\\/schluter-jolly\\\/#breadcrumb\"},\"inLanguage\":\"fr-FR\",\"potentialAction\":[{\"@type\":\"ReadAction\",\"target\":[\"https:\\\/\\\/storax.be\\\/fr\\\/producten\\\/schluter-tegelprofielen-fr\\\/schluter-jolly\\\/\"]}]},{\"@type\":\"ImageObject\",\"inLanguage\":\"fr-FR\",\"@id\":\"https:\\\/\\\/storax.be\\\/fr\\\/producten\\\/schluter-tegelprofielen-fr\\\/schluter-jolly\\\/#primaryimage\",\"url\":\"https:\\\/\\\/storax.be\\\/wp-content\\\/uploads\\\/sites\\\/2\\\/2019\\\/03\\\/Schl\u00fcter-Jolly-P.png\",\"contentUrl\":\"https:\\\/\\\/storax.be\\\/wp-content\\\/uploads\\\/sites\\\/2\\\/2019\\\/03\\\/Schl\u00fcter-Jolly-P.png\",\"width\":470,\"height\":470,\"caption\":\"Schl\u00fcter\u00ae-JOLLY\"},{\"@type\":\"BreadcrumbList\",\"@id\":\"https:\\\/\\\/storax.be\\\/fr\\\/producten\\\/schluter-tegelprofielen-fr\\\/schluter-jolly\\\/#breadcrumb\",\"itemListElement\":[{\"@type\":\"ListItem\",\"position\":1,\"name\":\"Home\",\"item\":\"https:\\\/\\\/storax.be\\\/fr\\\/\"},{\"@type\":\"ListItem\",\"position\":2,\"name\":\"Producten\",\"item\":\"https:\\\/\\\/storax.be\\\/fr\\\/producten\\\/%product_category%\\\/\"},{\"@type\":\"ListItem\",\"position\":3,\"name\":\"Schl\u00fcter Syst\u00e8mes\",\"item\":\"https:\\\/\\\/storax.be\\\/fr\\\/producten\\\/schluter-systems-fr\\\/\"},{\"@type\":\"ListItem\",\"position\":4,\"name\":\"Schl\u00fcter Profil\u00e9s de carrelage\",\"item\":\"https:\\\/\\\/storax.be\\\/fr\\\/producten\\\/schluter-tegelprofielen-fr\\\/\"},{\"@type\":\"ListItem\",\"position\":5,\"name\":\"Schl\u00fcter\u00ae-JOLLY\"}]},{\"@type\":\"WebSite\",\"@id\":\"https:\\\/\\\/storax.be\\\/fr\\\/#website\",\"url\":\"https:\\\/\\\/storax.be\\\/fr\\\/\",\"name\":\"Storax Belgium\",\"description\":\"Uw betrouwbare partner voor bouwprojecten\",\"potentialAction\":[{\"@type\":\"SearchAction\",\"target\":{\"@type\":\"EntryPoint\",\"urlTemplate\":\"https:\\\/\\\/storax.be\\\/fr\\\/?s={search_term_string}\"},\"query-input\":{\"@type\":\"PropertyValueSpecification\",\"valueRequired\":true,\"valueName\":\"search_term_string\"}}],\"inLanguage\":\"fr-FR\"}]}<\/script>\n<!-- \/ Yoast SEO plugin. -->","yoast_head_json":{"title":"Schl\u00fcter\u00ae-JOLLY - Storax Belgium","robots":{"index":"index","follow":"follow","max-snippet":"max-snippet:-1","max-image-preview":"max-image-preview:large","max-video-preview":"max-video-preview:-1"},"canonical":"https:\/\/storax.be\/fr\/producten\/schluter-tegelprofielen-fr\/schluter-jolly\/","og_locale":"fr_FR","og_type":"article","og_title":"Schl\u00fcter\u00ae-JOLLY - Storax Belgium","og_description":"&nbsp; Schl\u00fcter\u00ae-JOLLY est un profil\u00e9 d&rsquo;\u00e9tanch\u00e9it\u00e9 pour les angles ext\u00e9rieurs des surfaces murales carrel\u00e9es. Il offre une bonne protection des ar\u00eates. Les profil\u00e9s color\u00e9s permettent de coordonner la couleur des bords ext\u00e9rieurs du rev\u00eatement avec celle des carreaux et des joints, ou de cr\u00e9er des contrastes d\u00e9coratifs. Schl\u00fcter\u00ae-JOLLY peut \u00e9galement \u00eatre utilis\u00e9 pour le recouvrement\u2026","og_url":"https:\/\/storax.be\/fr\/producten\/schluter-tegelprofielen-fr\/schluter-jolly\/","og_site_name":"Storax Belgium","article_modified_time":"2024-05-16T07:38:30+00:00","og_image":[{"width":470,"height":470,"url":"https:\/\/storax.be\/wp-content\/uploads\/sites\/2\/2019\/03\/Schl\u00fcter-Jolly-P.png","type":"image\/png"}],"twitter_card":"summary_large_image","twitter_misc":{"Dur\u00e9e de lecture estim\u00e9e":"1 minute"},"schema":{"@context":"https:\/\/schema.org","@graph":[{"@type":"WebPage","@id":"https:\/\/storax.be\/fr\/producten\/schluter-tegelprofielen-fr\/schluter-jolly\/","url":"https:\/\/storax.be\/fr\/producten\/schluter-tegelprofielen-fr\/schluter-jolly\/","name":"Schl\u00fcter\u00ae-JOLLY - Storax Belgium","isPartOf":{"@id":"https:\/\/storax.be\/fr\/#website"},"primaryImageOfPage":{"@id":"https:\/\/storax.be\/fr\/producten\/schluter-tegelprofielen-fr\/schluter-jolly\/#primaryimage"},"image":{"@id":"https:\/\/storax.be\/fr\/producten\/schluter-tegelprofielen-fr\/schluter-jolly\/#primaryimage"},"thumbnailUrl":"https:\/\/storax.be\/wp-content\/uploads\/sites\/2\/2019\/03\/Schl\u00fcter-Jolly-P.png","datePublished":"2022-08-02T07:34:25+00:00","dateModified":"2024-05-16T07:38:30+00:00","breadcrumb":{"@id":"https:\/\/storax.be\/fr\/producten\/schluter-tegelprofielen-fr\/schluter-jolly\/#breadcrumb"},"inLanguage":"fr-FR","potentialAction":[{"@type":"ReadAction","target":["https:\/\/storax.be\/fr\/producten\/schluter-tegelprofielen-fr\/schluter-jolly\/"]}]},{"@type":"ImageObject","inLanguage":"fr-FR","@id":"https:\/\/storax.be\/fr\/producten\/schluter-tegelprofielen-fr\/schluter-jolly\/#primaryimage","url":"https:\/\/storax.be\/wp-content\/uploads\/sites\/2\/2019\/03\/Schl\u00fcter-Jolly-P.png","contentUrl":"https:\/\/storax.be\/wp-content\/uploads\/sites\/2\/2019\/03\/Schl\u00fcter-Jolly-P.png","width":470,"height":470,"caption":"Schl\u00fcter\u00ae-JOLLY"},{"@type":"BreadcrumbList","@id":"https:\/\/storax.be\/fr\/producten\/schluter-tegelprofielen-fr\/schluter-jolly\/#breadcrumb","itemListElement":[{"@type":"ListItem","position":1,"name":"Home","item":"https:\/\/storax.be\/fr\/"},{"@type":"ListItem","position":2,"name":"Producten","item":"https:\/\/storax.be\/fr\/producten\/%product_category%\/"},{"@type":"ListItem","position":3,"name":"Schl\u00fcter Syst\u00e8mes","item":"https:\/\/storax.be\/fr\/producten\/schluter-systems-fr\/"},{"@type":"ListItem","position":4,"name":"Schl\u00fcter Profil\u00e9s de carrelage","item":"https:\/\/storax.be\/fr\/producten\/schluter-tegelprofielen-fr\/"},{"@type":"ListItem","position":5,"name":"Schl\u00fcter\u00ae-JOLLY"}]},{"@type":"WebSite","@id":"https:\/\/storax.be\/fr\/#website","url":"https:\/\/storax.be\/fr\/","name":"Storax Belgium","description":"Uw betrouwbare partner voor bouwprojecten","potentialAction":[{"@type":"SearchAction","target":{"@type":"EntryPoint","urlTemplate":"https:\/\/storax.be\/fr\/?s={search_term_string}"},"query-input":{"@type":"PropertyValueSpecification","valueRequired":true,"valueName":"search_term_string"}}],"inLanguage":"fr-FR"}]}},"_links":{"self":[{"href":"https:\/\/storax.be\/fr\/wp-json\/wp\/v2\/product\/115026","targetHints":{"allow":["GET"]}}],"collection":[{"href":"https:\/\/storax.be\/fr\/wp-json\/wp\/v2\/product"}],"about":[{"href":"https:\/\/storax.be\/fr\/wp-json\/wp\/v2\/types\/product"}],"wp:featuredmedia":[{"embeddable":true,"href":"https:\/\/storax.be\/fr\/wp-json\/wp\/v2\/media\/108343"}],"wp:attachment":[{"href":"https:\/\/storax.be\/fr\/wp-json\/wp\/v2\/media?parent=115026"}],"wp:term":[{"taxonomy":"product_category","embeddable":true,"href":"https:\/\/storax.be\/fr\/wp-json\/wp\/v2\/product_category?post=115026"},{"taxonomy":"product_tag","embeddable":true,"href":"https:\/\/storax.be\/fr\/wp-json\/wp\/v2\/product_tag?post=115026"}],"curies":[{"name":"wp","href":"https:\/\/api.w.org\/{rel}","templated":true}]}}