{"id":115024,"date":"2022-08-02T07:31:47","date_gmt":"2022-08-02T07:31:47","guid":{"rendered":"https:\/\/storax.be\/?post_type=product&#038;p=115024"},"modified":"2024-05-16T07:38:30","modified_gmt":"2024-05-16T07:38:30","slug":"schluter-kerdi","status":"publish","type":"product","link":"https:\/\/storax.be\/fr\/producten\/systemes-schluter-pour-balcons-et-terrasses\/schluter-kerdi\/","title":{"rendered":"Schl\u00fcter\u00ae-Kerdi"},"content":{"rendered":"<p><span style=\"font-weight: 400;\">Schl\u00fcter\u00ae-KERDI est une natte d&rsquo;\u00e9tanch\u00e9it\u00e9 qui permet de ponter les microfissures, r\u00e9alis\u00e9e en poly\u00e9thyl\u00e8ne souple et recouverte sur les deux faces d&rsquo;un non-tiss\u00e9 sp\u00e9cial pour un ancrage efficace dans la colle \u00e0 carrelage.<\/span><\/p>\n<p><span style=\"font-weight: 400;\">Schl\u00fcter\u00ae-KERDI est munie d&rsquo;une trame de d\u00e9coupe sur une face pour faciliter la d\u00e9coupe. En plus de l&rsquo;indication de la quantit\u00e9 restante, le chevauchement minimum de 5\u00a0cm pour la pose des bandes est \u00e9galement affich\u00e9.<\/span><\/p>\n","protected":false},"excerpt":{"rendered":"<p>Schl\u00fcter\u00ae-KERDI est une natte d&rsquo;\u00e9tanch\u00e9it\u00e9 qui permet de ponter les microfissures, r\u00e9alis\u00e9e en poly\u00e9thyl\u00e8ne souple et recouverte sur les deux faces d&rsquo;un non-tiss\u00e9 sp\u00e9cial pour un ancrage efficace dans la colle \u00e0 carrelage. Schl\u00fcter\u00ae-KERDI est munie d&rsquo;une trame de d\u00e9coupe sur une face pour faciliter la d\u00e9coupe. En plus de l&rsquo;indication de la quantit\u00e9 restante,\u2026<\/p>\n","protected":false},"featured_media":108345,"template":"","meta":{"_acf_changed":false},"product_category":[737,625,774],"product_tag":[776],"class_list":["post-115024","product","type-product","status-publish","has-post-thumbnail","hentry","product_category-schluter-afdichting-fr","product_category-schluter-systems-fr","product_category-systemes-schluter-pour-balcons-et-terrasses","product_tag-ontkoppelingsmat-fr"],"acf":[],"yoast_head":"<!-- This site is optimized with the Yoast SEO plugin v27.3 - https:\/\/yoast.com\/product\/yoast-seo-wordpress\/ -->\n<title>Schl\u00fcter\u00ae-Kerdi - Storax Belgium<\/title>\n<meta name=\"robots\" content=\"index, follow, max-snippet:-1, max-image-preview:large, max-video-preview:-1\" \/>\n<link rel=\"canonical\" href=\"https:\/\/storax.be\/fr\/producten\/systemes-schluter-pour-balcons-et-terrasses\/schluter-kerdi\/\" \/>\n<meta property=\"og:locale\" content=\"fr_FR\" \/>\n<meta property=\"og:type\" content=\"article\" \/>\n<meta property=\"og:title\" content=\"Schl\u00fcter\u00ae-Kerdi - Storax Belgium\" \/>\n<meta property=\"og:description\" content=\"Schl\u00fcter\u00ae-KERDI est une natte d&rsquo;\u00e9tanch\u00e9it\u00e9 qui permet de ponter les microfissures, r\u00e9alis\u00e9e en poly\u00e9thyl\u00e8ne souple et recouverte sur les deux faces d&rsquo;un non-tiss\u00e9 sp\u00e9cial pour un ancrage efficace dans la colle \u00e0 carrelage. Schl\u00fcter\u00ae-KERDI est munie d&rsquo;une trame de d\u00e9coupe sur une face pour faciliter la d\u00e9coupe. En plus de l&rsquo;indication de la quantit\u00e9 restante,\u2026\" \/>\n<meta property=\"og:url\" content=\"https:\/\/storax.be\/fr\/producten\/systemes-schluter-pour-balcons-et-terrasses\/schluter-kerdi\/\" \/>\n<meta property=\"og:site_name\" content=\"Storax Belgium\" \/>\n<meta property=\"article:modified_time\" content=\"2024-05-16T07:38:30+00:00\" \/>\n<meta property=\"og:image\" content=\"https:\/\/storax.be\/wp-content\/uploads\/sites\/2\/2019\/03\/Schluter-Kerdi-Afdichtingsmat.png\" \/>\n\t<meta property=\"og:image:width\" content=\"470\" \/>\n\t<meta property=\"og:image:height\" content=\"470\" \/>\n\t<meta property=\"og:image:type\" content=\"image\/png\" \/>\n<meta name=\"twitter:card\" content=\"summary_large_image\" \/>\n<meta name=\"twitter:label1\" content=\"Dur\u00e9e de lecture estim\u00e9e\" \/>\n\t<meta name=\"twitter:data1\" content=\"1 minute\" \/>\n<script type=\"application\/ld+json\" class=\"yoast-schema-graph\">{\"@context\":\"https:\\\/\\\/schema.org\",\"@graph\":[{\"@type\":\"WebPage\",\"@id\":\"https:\\\/\\\/storax.be\\\/fr\\\/producten\\\/systemes-schluter-pour-balcons-et-terrasses\\\/schluter-kerdi\\\/\",\"url\":\"https:\\\/\\\/storax.be\\\/fr\\\/producten\\\/systemes-schluter-pour-balcons-et-terrasses\\\/schluter-kerdi\\\/\",\"name\":\"Schl\u00fcter\u00ae-Kerdi - Storax Belgium\",\"isPartOf\":{\"@id\":\"https:\\\/\\\/storax.be\\\/fr\\\/#website\"},\"primaryImageOfPage\":{\"@id\":\"https:\\\/\\\/storax.be\\\/fr\\\/producten\\\/systemes-schluter-pour-balcons-et-terrasses\\\/schluter-kerdi\\\/#primaryimage\"},\"image\":{\"@id\":\"https:\\\/\\\/storax.be\\\/fr\\\/producten\\\/systemes-schluter-pour-balcons-et-terrasses\\\/schluter-kerdi\\\/#primaryimage\"},\"thumbnailUrl\":\"https:\\\/\\\/storax.be\\\/wp-content\\\/uploads\\\/sites\\\/2\\\/2019\\\/03\\\/Schluter-Kerdi-Afdichtingsmat.png\",\"datePublished\":\"2022-08-02T07:31:47+00:00\",\"dateModified\":\"2024-05-16T07:38:30+00:00\",\"breadcrumb\":{\"@id\":\"https:\\\/\\\/storax.be\\\/fr\\\/producten\\\/systemes-schluter-pour-balcons-et-terrasses\\\/schluter-kerdi\\\/#breadcrumb\"},\"inLanguage\":\"fr-FR\",\"potentialAction\":[{\"@type\":\"ReadAction\",\"target\":[\"https:\\\/\\\/storax.be\\\/fr\\\/producten\\\/systemes-schluter-pour-balcons-et-terrasses\\\/schluter-kerdi\\\/\"]}]},{\"@type\":\"ImageObject\",\"inLanguage\":\"fr-FR\",\"@id\":\"https:\\\/\\\/storax.be\\\/fr\\\/producten\\\/systemes-schluter-pour-balcons-et-terrasses\\\/schluter-kerdi\\\/#primaryimage\",\"url\":\"https:\\\/\\\/storax.be\\\/wp-content\\\/uploads\\\/sites\\\/2\\\/2019\\\/03\\\/Schluter-Kerdi-Afdichtingsmat.png\",\"contentUrl\":\"https:\\\/\\\/storax.be\\\/wp-content\\\/uploads\\\/sites\\\/2\\\/2019\\\/03\\\/Schluter-Kerdi-Afdichtingsmat.png\",\"width\":470,\"height\":470,\"caption\":\"Schl\u00fcter Kerdi\"},{\"@type\":\"BreadcrumbList\",\"@id\":\"https:\\\/\\\/storax.be\\\/fr\\\/producten\\\/systemes-schluter-pour-balcons-et-terrasses\\\/schluter-kerdi\\\/#breadcrumb\",\"itemListElement\":[{\"@type\":\"ListItem\",\"position\":1,\"name\":\"Home\",\"item\":\"https:\\\/\\\/storax.be\\\/fr\\\/\"},{\"@type\":\"ListItem\",\"position\":2,\"name\":\"Producten\",\"item\":\"https:\\\/\\\/storax.be\\\/fr\\\/producten\\\/%product_category%\\\/\"},{\"@type\":\"ListItem\",\"position\":3,\"name\":\"Schl\u00fcter Syst\u00e8mes\",\"item\":\"https:\\\/\\\/storax.be\\\/fr\\\/producten\\\/schluter-systems-fr\\\/\"},{\"@type\":\"ListItem\",\"position\":4,\"name\":\"Schl\u00fcter\u00ae-Kerdi\"}]},{\"@type\":\"WebSite\",\"@id\":\"https:\\\/\\\/storax.be\\\/fr\\\/#website\",\"url\":\"https:\\\/\\\/storax.be\\\/fr\\\/\",\"name\":\"Storax Belgium\",\"description\":\"Uw betrouwbare partner voor bouwprojecten\",\"potentialAction\":[{\"@type\":\"SearchAction\",\"target\":{\"@type\":\"EntryPoint\",\"urlTemplate\":\"https:\\\/\\\/storax.be\\\/fr\\\/?s={search_term_string}\"},\"query-input\":{\"@type\":\"PropertyValueSpecification\",\"valueRequired\":true,\"valueName\":\"search_term_string\"}}],\"inLanguage\":\"fr-FR\"}]}<\/script>\n<!-- \/ Yoast SEO plugin. -->","yoast_head_json":{"title":"Schl\u00fcter\u00ae-Kerdi - Storax Belgium","robots":{"index":"index","follow":"follow","max-snippet":"max-snippet:-1","max-image-preview":"max-image-preview:large","max-video-preview":"max-video-preview:-1"},"canonical":"https:\/\/storax.be\/fr\/producten\/systemes-schluter-pour-balcons-et-terrasses\/schluter-kerdi\/","og_locale":"fr_FR","og_type":"article","og_title":"Schl\u00fcter\u00ae-Kerdi - Storax Belgium","og_description":"Schl\u00fcter\u00ae-KERDI est une natte d&rsquo;\u00e9tanch\u00e9it\u00e9 qui permet de ponter les microfissures, r\u00e9alis\u00e9e en poly\u00e9thyl\u00e8ne souple et recouverte sur les deux faces d&rsquo;un non-tiss\u00e9 sp\u00e9cial pour un ancrage efficace dans la colle \u00e0 carrelage. Schl\u00fcter\u00ae-KERDI est munie d&rsquo;une trame de d\u00e9coupe sur une face pour faciliter la d\u00e9coupe. En plus de l&rsquo;indication de la quantit\u00e9 restante,\u2026","og_url":"https:\/\/storax.be\/fr\/producten\/systemes-schluter-pour-balcons-et-terrasses\/schluter-kerdi\/","og_site_name":"Storax Belgium","article_modified_time":"2024-05-16T07:38:30+00:00","og_image":[{"width":470,"height":470,"url":"https:\/\/storax.be\/wp-content\/uploads\/sites\/2\/2019\/03\/Schluter-Kerdi-Afdichtingsmat.png","type":"image\/png"}],"twitter_card":"summary_large_image","twitter_misc":{"Dur\u00e9e de lecture estim\u00e9e":"1 minute"},"schema":{"@context":"https:\/\/schema.org","@graph":[{"@type":"WebPage","@id":"https:\/\/storax.be\/fr\/producten\/systemes-schluter-pour-balcons-et-terrasses\/schluter-kerdi\/","url":"https:\/\/storax.be\/fr\/producten\/systemes-schluter-pour-balcons-et-terrasses\/schluter-kerdi\/","name":"Schl\u00fcter\u00ae-Kerdi - Storax Belgium","isPartOf":{"@id":"https:\/\/storax.be\/fr\/#website"},"primaryImageOfPage":{"@id":"https:\/\/storax.be\/fr\/producten\/systemes-schluter-pour-balcons-et-terrasses\/schluter-kerdi\/#primaryimage"},"image":{"@id":"https:\/\/storax.be\/fr\/producten\/systemes-schluter-pour-balcons-et-terrasses\/schluter-kerdi\/#primaryimage"},"thumbnailUrl":"https:\/\/storax.be\/wp-content\/uploads\/sites\/2\/2019\/03\/Schluter-Kerdi-Afdichtingsmat.png","datePublished":"2022-08-02T07:31:47+00:00","dateModified":"2024-05-16T07:38:30+00:00","breadcrumb":{"@id":"https:\/\/storax.be\/fr\/producten\/systemes-schluter-pour-balcons-et-terrasses\/schluter-kerdi\/#breadcrumb"},"inLanguage":"fr-FR","potentialAction":[{"@type":"ReadAction","target":["https:\/\/storax.be\/fr\/producten\/systemes-schluter-pour-balcons-et-terrasses\/schluter-kerdi\/"]}]},{"@type":"ImageObject","inLanguage":"fr-FR","@id":"https:\/\/storax.be\/fr\/producten\/systemes-schluter-pour-balcons-et-terrasses\/schluter-kerdi\/#primaryimage","url":"https:\/\/storax.be\/wp-content\/uploads\/sites\/2\/2019\/03\/Schluter-Kerdi-Afdichtingsmat.png","contentUrl":"https:\/\/storax.be\/wp-content\/uploads\/sites\/2\/2019\/03\/Schluter-Kerdi-Afdichtingsmat.png","width":470,"height":470,"caption":"Schl\u00fcter Kerdi"},{"@type":"BreadcrumbList","@id":"https:\/\/storax.be\/fr\/producten\/systemes-schluter-pour-balcons-et-terrasses\/schluter-kerdi\/#breadcrumb","itemListElement":[{"@type":"ListItem","position":1,"name":"Home","item":"https:\/\/storax.be\/fr\/"},{"@type":"ListItem","position":2,"name":"Producten","item":"https:\/\/storax.be\/fr\/producten\/%product_category%\/"},{"@type":"ListItem","position":3,"name":"Schl\u00fcter Syst\u00e8mes","item":"https:\/\/storax.be\/fr\/producten\/schluter-systems-fr\/"},{"@type":"ListItem","position":4,"name":"Schl\u00fcter\u00ae-Kerdi"}]},{"@type":"WebSite","@id":"https:\/\/storax.be\/fr\/#website","url":"https:\/\/storax.be\/fr\/","name":"Storax Belgium","description":"Uw betrouwbare partner voor bouwprojecten","potentialAction":[{"@type":"SearchAction","target":{"@type":"EntryPoint","urlTemplate":"https:\/\/storax.be\/fr\/?s={search_term_string}"},"query-input":{"@type":"PropertyValueSpecification","valueRequired":true,"valueName":"search_term_string"}}],"inLanguage":"fr-FR"}]}},"_links":{"self":[{"href":"https:\/\/storax.be\/fr\/wp-json\/wp\/v2\/product\/115024","targetHints":{"allow":["GET"]}}],"collection":[{"href":"https:\/\/storax.be\/fr\/wp-json\/wp\/v2\/product"}],"about":[{"href":"https:\/\/storax.be\/fr\/wp-json\/wp\/v2\/types\/product"}],"wp:featuredmedia":[{"embeddable":true,"href":"https:\/\/storax.be\/fr\/wp-json\/wp\/v2\/media\/108345"}],"wp:attachment":[{"href":"https:\/\/storax.be\/fr\/wp-json\/wp\/v2\/media?parent=115024"}],"wp:term":[{"taxonomy":"product_category","embeddable":true,"href":"https:\/\/storax.be\/fr\/wp-json\/wp\/v2\/product_category?post=115024"},{"taxonomy":"product_tag","embeddable":true,"href":"https:\/\/storax.be\/fr\/wp-json\/wp\/v2\/product_tag?post=115024"}],"curies":[{"name":"wp","href":"https:\/\/api.w.org\/{rel}","templated":true}]}}