{"id":115021,"date":"2022-08-02T07:25:21","date_gmt":"2022-08-02T07:25:21","guid":{"rendered":"https:\/\/storax.be\/?post_type=product&#038;p=115021"},"modified":"2024-08-20T09:03:12","modified_gmt":"2024-08-20T09:03:12","slug":"schluter-ditra-drain-4","status":"publish","type":"product","link":"https:\/\/storax.be\/fr\/producten\/systemes-schluter-pour-balcons-et-terrasses\/schluter-ditra-drain-4\/","title":{"rendered":"Schl\u00fcter\u00ae-Ditra drain 4"},"content":{"rendered":"\n<h2 class=\"wp-block-heading\">La Natte de D\u00e9solidarisation et de Drainage <\/h2>\n\n\n\n<p>Schl\u00fcter\u00ae-DITRA-DRAIN est un syst\u00e8me de drainage passif capillaire fiable et durable, id\u00e9al pour l&rsquo;\u00e9tanch\u00e9it\u00e9 sous carrelage dans les douches et autres espaces humides. En ext\u00e9rieur, installez-le avec du mortier-colle sur un joint de contact inclin\u00e9 comme le Schl\u00fcter\u00ae-KERDI.<\/p>\n\n\n\n<p><strong>Caract\u00e9ristiques Techniques :<\/strong><\/p>\n\n\n\n<ul class=\"wp-block-list\"><li><strong>Structure :<\/strong> La natte en poly\u00e9thyl\u00e8ne est dot\u00e9e de plots en forme de c\u00f4nes tronqu\u00e9s (4 mm de haut) et de pyramides tronqu\u00e9es invers\u00e9es (2 mm de haut). Les c\u00f4nes supportent des charges de pression tr\u00e8s \u00e9lev\u00e9es (jusqu&rsquo;\u00e0 50 t\/m\u00b2), tandis que les pyramides assurent une bonne adh\u00e9rence au support.<\/li><li><strong>Installation :<\/strong> Appliquez du mortier-colle avec une spatule crant\u00e9e de 6 x 6 mm, puis noyez la natte Schl\u00fcter\u00ae-DITRA-DRAIN dans ce mortier.<\/li><\/ul>\n\n\n\n<h3 class=\"wp-block-heading\">Fonctionnalit\u00e9s Cl\u00e9s :<\/h3>\n\n\n\n<p><strong>Drainage \/ Sous-ventilation :<\/strong><\/p>\n\n\n\n<ul class=\"wp-block-list\"><li><strong>Sous-ventilation :<\/strong> Permet au mortier-colle de s\u00e9cher rapidement.<\/li><li><strong>Drainage capillaire passif :<\/strong> Garantit une \u00e9vacuation sans pression de l\u2019eau accumul\u00e9e, \u00e9vitant les remont\u00e9es dans le rev\u00eatement.<\/li><\/ul>\n\n\n\n<p><strong>D\u00e9couplage :<\/strong><\/p>\n\n\n\n<ul class=\"wp-block-list\"><li><strong>Neutralisation des Tensions :<\/strong> D\u00e9solidarise le rev\u00eatement du support, neutralisant les tensions dues aux diff\u00e9rences de d\u00e9formation.<\/li><li><strong>Pontage des Fissures :<\/strong> Emp\u00eache la transmission des fissures de contrainte du support au carrelage.<\/li><\/ul>\n\n\n\n<h3 class=\"wp-block-heading\">Avantages :<\/h3>\n\n\n\n<ul class=\"wp-block-list\"><li><strong>Usage Int\u00e9rieur et Ext\u00e9rieur :<\/strong> Convient aussi bien \u00e0 l&rsquo;int\u00e9rieur qu&rsquo;\u00e0 l&rsquo;ext\u00e9rieur pour de petites surfaces.<\/li><li><strong>Fiabilit\u00e9 et Durabilit\u00e9 :<\/strong> Con\u00e7u pour r\u00e9sister aux charges de pression et assurer une adh\u00e9rence optimale.<\/li><\/ul>\n\n\n\n<h3 class=\"wp-block-heading\"><strong>Pourquoi choisir Storax ?<\/strong><\/h3>\n\n\n\n<ul class=\"wp-block-list\" id=\"block-4a82d07a-c003-4593-aa64-93e0d0a9dfa2\"><li><strong>Prix Comp\u00e9titifs :<\/strong>&nbsp;Propos\u00e9s \u00e0 des prix tr\u00e8s avantageux.<\/li><li><strong>Livraison Rapide :<\/strong>&nbsp;Disponibles en stock pour une livraison imm\u00e9diate.<\/li><\/ul>\n\n\n\n<p><strong>Dimensions Disponibles :<\/strong><\/p>\n\n\n\n<ul class=\"wp-block-list\"><li>1m x 10m = 10m\u00b2<\/li><li>1m x 25m = 25m\u00b2<\/li><\/ul>\n\n\n\n<p><strong>Demandez d\u00e8s aujourd&rsquo;hui un devis, d\u00e9couvrez votre prix d&rsquo;achat avantageux, et recevez votre offre dans un d\u00e9lai d&rsquo;un jour ouvrable !<\/strong><\/p>\n","protected":false},"excerpt":{"rendered":"<p>La Natte de D\u00e9solidarisation et de Drainage Schl\u00fcter\u00ae-DITRA-DRAIN est un syst\u00e8me de drainage passif capillaire fiable et durable, id\u00e9al pour l&rsquo;\u00e9tanch\u00e9it\u00e9 sous carrelage dans les douches et autres espaces humides. En ext\u00e9rieur, installez-le avec du mortier-colle sur un joint de contact inclin\u00e9 comme le Schl\u00fcter\u00ae-KERDI. Caract\u00e9ristiques Techniques : Structure : La natte en poly\u00e9thyl\u00e8ne est\u2026<\/p>\n","protected":false},"featured_media":108370,"template":"","meta":{"_acf_changed":false},"product_category":[739,625,774],"product_tag":[775,776],"class_list":["post-115021","product","type-product","status-publish","has-post-thumbnail","hentry","product_category-schluter-ontkoppelingsmatten-fr","product_category-schluter-systems-fr","product_category-systemes-schluter-pour-balcons-et-terrasses","product_tag-drainagemat-fr","product_tag-ontkoppelingsmat-fr"],"acf":[],"yoast_head":"<!-- This site is optimized with the Yoast SEO plugin v27.3 - https:\/\/yoast.com\/product\/yoast-seo-wordpress\/ -->\n<title>Schl\u00fcter\u00ae-Ditra drain 4 - Storax Belgium<\/title>\n<meta name=\"robots\" content=\"index, follow, max-snippet:-1, max-image-preview:large, max-video-preview:-1\" \/>\n<link rel=\"canonical\" href=\"https:\/\/storax.be\/fr\/producten\/systemes-schluter-pour-balcons-et-terrasses\/schluter-ditra-drain-4\/\" \/>\n<meta property=\"og:locale\" content=\"fr_FR\" \/>\n<meta property=\"og:type\" content=\"article\" \/>\n<meta property=\"og:title\" content=\"Schl\u00fcter\u00ae-Ditra drain 4 - Storax Belgium\" \/>\n<meta property=\"og:description\" content=\"La Natte de D\u00e9solidarisation et de Drainage Schl\u00fcter\u00ae-DITRA-DRAIN est un syst\u00e8me de drainage passif capillaire fiable et durable, id\u00e9al pour l&rsquo;\u00e9tanch\u00e9it\u00e9 sous carrelage dans les douches et autres espaces humides. En ext\u00e9rieur, installez-le avec du mortier-colle sur un joint de contact inclin\u00e9 comme le Schl\u00fcter\u00ae-KERDI. Caract\u00e9ristiques Techniques : Structure : La natte en poly\u00e9thyl\u00e8ne est\u2026\" \/>\n<meta property=\"og:url\" content=\"https:\/\/storax.be\/fr\/producten\/systemes-schluter-pour-balcons-et-terrasses\/schluter-ditra-drain-4\/\" \/>\n<meta property=\"og:site_name\" content=\"Storax Belgium\" \/>\n<meta property=\"article:modified_time\" content=\"2024-08-20T09:03:12+00:00\" \/>\n<meta property=\"og:image\" content=\"https:\/\/storax.be\/wp-content\/uploads\/sites\/2\/2019\/03\/Schluter-Ditra-Drain-1.png\" \/>\n\t<meta property=\"og:image:width\" content=\"470\" \/>\n\t<meta property=\"og:image:height\" content=\"470\" \/>\n\t<meta property=\"og:image:type\" content=\"image\/png\" \/>\n<meta name=\"twitter:card\" content=\"summary_large_image\" \/>\n<meta name=\"twitter:label1\" content=\"Dur\u00e9e de lecture estim\u00e9e\" \/>\n\t<meta name=\"twitter:data1\" content=\"2 minutes\" \/>\n<script type=\"application\/ld+json\" class=\"yoast-schema-graph\">{\"@context\":\"https:\\\/\\\/schema.org\",\"@graph\":[{\"@type\":\"WebPage\",\"@id\":\"https:\\\/\\\/storax.be\\\/fr\\\/producten\\\/systemes-schluter-pour-balcons-et-terrasses\\\/schluter-ditra-drain-4\\\/\",\"url\":\"https:\\\/\\\/storax.be\\\/fr\\\/producten\\\/systemes-schluter-pour-balcons-et-terrasses\\\/schluter-ditra-drain-4\\\/\",\"name\":\"Schl\u00fcter\u00ae-Ditra drain 4 - Storax Belgium\",\"isPartOf\":{\"@id\":\"https:\\\/\\\/storax.be\\\/fr\\\/#website\"},\"primaryImageOfPage\":{\"@id\":\"https:\\\/\\\/storax.be\\\/fr\\\/producten\\\/systemes-schluter-pour-balcons-et-terrasses\\\/schluter-ditra-drain-4\\\/#primaryimage\"},\"image\":{\"@id\":\"https:\\\/\\\/storax.be\\\/fr\\\/producten\\\/systemes-schluter-pour-balcons-et-terrasses\\\/schluter-ditra-drain-4\\\/#primaryimage\"},\"thumbnailUrl\":\"https:\\\/\\\/storax.be\\\/wp-content\\\/uploads\\\/sites\\\/2\\\/2019\\\/03\\\/Schluter-Ditra-Drain-1.png\",\"datePublished\":\"2022-08-02T07:25:21+00:00\",\"dateModified\":\"2024-08-20T09:03:12+00:00\",\"breadcrumb\":{\"@id\":\"https:\\\/\\\/storax.be\\\/fr\\\/producten\\\/systemes-schluter-pour-balcons-et-terrasses\\\/schluter-ditra-drain-4\\\/#breadcrumb\"},\"inLanguage\":\"fr-FR\",\"potentialAction\":[{\"@type\":\"ReadAction\",\"target\":[\"https:\\\/\\\/storax.be\\\/fr\\\/producten\\\/systemes-schluter-pour-balcons-et-terrasses\\\/schluter-ditra-drain-4\\\/\"]}]},{\"@type\":\"ImageObject\",\"inLanguage\":\"fr-FR\",\"@id\":\"https:\\\/\\\/storax.be\\\/fr\\\/producten\\\/systemes-schluter-pour-balcons-et-terrasses\\\/schluter-ditra-drain-4\\\/#primaryimage\",\"url\":\"https:\\\/\\\/storax.be\\\/wp-content\\\/uploads\\\/sites\\\/2\\\/2019\\\/03\\\/Schluter-Ditra-Drain-1.png\",\"contentUrl\":\"https:\\\/\\\/storax.be\\\/wp-content\\\/uploads\\\/sites\\\/2\\\/2019\\\/03\\\/Schluter-Ditra-Drain-1.png\",\"width\":470,\"height\":470,\"caption\":\"Schl\u00fcter\u00ae-Ditra drain\"},{\"@type\":\"BreadcrumbList\",\"@id\":\"https:\\\/\\\/storax.be\\\/fr\\\/producten\\\/systemes-schluter-pour-balcons-et-terrasses\\\/schluter-ditra-drain-4\\\/#breadcrumb\",\"itemListElement\":[{\"@type\":\"ListItem\",\"position\":1,\"name\":\"Home\",\"item\":\"https:\\\/\\\/storax.be\\\/fr\\\/\"},{\"@type\":\"ListItem\",\"position\":2,\"name\":\"Producten\",\"item\":\"https:\\\/\\\/storax.be\\\/fr\\\/producten\\\/%product_category%\\\/\"},{\"@type\":\"ListItem\",\"position\":3,\"name\":\"Schl\u00fcter Syst\u00e8mes\",\"item\":\"https:\\\/\\\/storax.be\\\/fr\\\/producten\\\/schluter-systems-fr\\\/\"},{\"@type\":\"ListItem\",\"position\":4,\"name\":\"Schl\u00fcter\u00ae-Ditra drain 4\"}]},{\"@type\":\"WebSite\",\"@id\":\"https:\\\/\\\/storax.be\\\/fr\\\/#website\",\"url\":\"https:\\\/\\\/storax.be\\\/fr\\\/\",\"name\":\"Storax Belgium\",\"description\":\"Uw betrouwbare partner voor bouwprojecten\",\"potentialAction\":[{\"@type\":\"SearchAction\",\"target\":{\"@type\":\"EntryPoint\",\"urlTemplate\":\"https:\\\/\\\/storax.be\\\/fr\\\/?s={search_term_string}\"},\"query-input\":{\"@type\":\"PropertyValueSpecification\",\"valueRequired\":true,\"valueName\":\"search_term_string\"}}],\"inLanguage\":\"fr-FR\"}]}<\/script>\n<!-- \/ Yoast SEO plugin. -->","yoast_head_json":{"title":"Schl\u00fcter\u00ae-Ditra drain 4 - Storax Belgium","robots":{"index":"index","follow":"follow","max-snippet":"max-snippet:-1","max-image-preview":"max-image-preview:large","max-video-preview":"max-video-preview:-1"},"canonical":"https:\/\/storax.be\/fr\/producten\/systemes-schluter-pour-balcons-et-terrasses\/schluter-ditra-drain-4\/","og_locale":"fr_FR","og_type":"article","og_title":"Schl\u00fcter\u00ae-Ditra drain 4 - Storax Belgium","og_description":"La Natte de D\u00e9solidarisation et de Drainage Schl\u00fcter\u00ae-DITRA-DRAIN est un syst\u00e8me de drainage passif capillaire fiable et durable, id\u00e9al pour l&rsquo;\u00e9tanch\u00e9it\u00e9 sous carrelage dans les douches et autres espaces humides. En ext\u00e9rieur, installez-le avec du mortier-colle sur un joint de contact inclin\u00e9 comme le Schl\u00fcter\u00ae-KERDI. Caract\u00e9ristiques Techniques : Structure : La natte en poly\u00e9thyl\u00e8ne est\u2026","og_url":"https:\/\/storax.be\/fr\/producten\/systemes-schluter-pour-balcons-et-terrasses\/schluter-ditra-drain-4\/","og_site_name":"Storax Belgium","article_modified_time":"2024-08-20T09:03:12+00:00","og_image":[{"width":470,"height":470,"url":"https:\/\/storax.be\/wp-content\/uploads\/sites\/2\/2019\/03\/Schluter-Ditra-Drain-1.png","type":"image\/png"}],"twitter_card":"summary_large_image","twitter_misc":{"Dur\u00e9e de lecture estim\u00e9e":"2 minutes"},"schema":{"@context":"https:\/\/schema.org","@graph":[{"@type":"WebPage","@id":"https:\/\/storax.be\/fr\/producten\/systemes-schluter-pour-balcons-et-terrasses\/schluter-ditra-drain-4\/","url":"https:\/\/storax.be\/fr\/producten\/systemes-schluter-pour-balcons-et-terrasses\/schluter-ditra-drain-4\/","name":"Schl\u00fcter\u00ae-Ditra drain 4 - Storax Belgium","isPartOf":{"@id":"https:\/\/storax.be\/fr\/#website"},"primaryImageOfPage":{"@id":"https:\/\/storax.be\/fr\/producten\/systemes-schluter-pour-balcons-et-terrasses\/schluter-ditra-drain-4\/#primaryimage"},"image":{"@id":"https:\/\/storax.be\/fr\/producten\/systemes-schluter-pour-balcons-et-terrasses\/schluter-ditra-drain-4\/#primaryimage"},"thumbnailUrl":"https:\/\/storax.be\/wp-content\/uploads\/sites\/2\/2019\/03\/Schluter-Ditra-Drain-1.png","datePublished":"2022-08-02T07:25:21+00:00","dateModified":"2024-08-20T09:03:12+00:00","breadcrumb":{"@id":"https:\/\/storax.be\/fr\/producten\/systemes-schluter-pour-balcons-et-terrasses\/schluter-ditra-drain-4\/#breadcrumb"},"inLanguage":"fr-FR","potentialAction":[{"@type":"ReadAction","target":["https:\/\/storax.be\/fr\/producten\/systemes-schluter-pour-balcons-et-terrasses\/schluter-ditra-drain-4\/"]}]},{"@type":"ImageObject","inLanguage":"fr-FR","@id":"https:\/\/storax.be\/fr\/producten\/systemes-schluter-pour-balcons-et-terrasses\/schluter-ditra-drain-4\/#primaryimage","url":"https:\/\/storax.be\/wp-content\/uploads\/sites\/2\/2019\/03\/Schluter-Ditra-Drain-1.png","contentUrl":"https:\/\/storax.be\/wp-content\/uploads\/sites\/2\/2019\/03\/Schluter-Ditra-Drain-1.png","width":470,"height":470,"caption":"Schl\u00fcter\u00ae-Ditra drain"},{"@type":"BreadcrumbList","@id":"https:\/\/storax.be\/fr\/producten\/systemes-schluter-pour-balcons-et-terrasses\/schluter-ditra-drain-4\/#breadcrumb","itemListElement":[{"@type":"ListItem","position":1,"name":"Home","item":"https:\/\/storax.be\/fr\/"},{"@type":"ListItem","position":2,"name":"Producten","item":"https:\/\/storax.be\/fr\/producten\/%product_category%\/"},{"@type":"ListItem","position":3,"name":"Schl\u00fcter Syst\u00e8mes","item":"https:\/\/storax.be\/fr\/producten\/schluter-systems-fr\/"},{"@type":"ListItem","position":4,"name":"Schl\u00fcter\u00ae-Ditra drain 4"}]},{"@type":"WebSite","@id":"https:\/\/storax.be\/fr\/#website","url":"https:\/\/storax.be\/fr\/","name":"Storax Belgium","description":"Uw betrouwbare partner voor bouwprojecten","potentialAction":[{"@type":"SearchAction","target":{"@type":"EntryPoint","urlTemplate":"https:\/\/storax.be\/fr\/?s={search_term_string}"},"query-input":{"@type":"PropertyValueSpecification","valueRequired":true,"valueName":"search_term_string"}}],"inLanguage":"fr-FR"}]}},"_links":{"self":[{"href":"https:\/\/storax.be\/fr\/wp-json\/wp\/v2\/product\/115021","targetHints":{"allow":["GET"]}}],"collection":[{"href":"https:\/\/storax.be\/fr\/wp-json\/wp\/v2\/product"}],"about":[{"href":"https:\/\/storax.be\/fr\/wp-json\/wp\/v2\/types\/product"}],"wp:featuredmedia":[{"embeddable":true,"href":"https:\/\/storax.be\/fr\/wp-json\/wp\/v2\/media\/108370"}],"wp:attachment":[{"href":"https:\/\/storax.be\/fr\/wp-json\/wp\/v2\/media?parent=115021"}],"wp:term":[{"taxonomy":"product_category","embeddable":true,"href":"https:\/\/storax.be\/fr\/wp-json\/wp\/v2\/product_category?post=115021"},{"taxonomy":"product_tag","embeddable":true,"href":"https:\/\/storax.be\/fr\/wp-json\/wp\/v2\/product_tag?post=115021"}],"curies":[{"name":"wp","href":"https:\/\/api.w.org\/{rel}","templated":true}]}}