{"id":115018,"date":"2022-08-02T07:12:10","date_gmt":"2022-08-02T07:12:10","guid":{"rendered":"https:\/\/storax.be\/?post_type=product&#038;p=115018"},"modified":"2024-05-16T07:38:29","modified_gmt":"2024-05-16T07:38:29","slug":"schluter-dilex-mop","status":"publish","type":"product","link":"https:\/\/storax.be\/fr\/producten\/schluter-dilatatieprofielen-tegels-fr\/schluter-dilex-mop\/","title":{"rendered":"Schl\u00fcter\u00ae-DILEX-MOP"},"content":{"rendered":"<h2><b>Profil\u00e9 de dilatation Joints de carrelage<\/b><\/h2>\n<p>&nbsp;<\/p>\n<p><span style=\"font-weight: 400;\"><strong>Schl\u00fcter\u00ae-DILEX-MOP<\/strong> est un profil\u00e9 compos\u00e9 de c\u00f4t\u00e9s stables et dentel\u00e9s en PVC dur et d&rsquo;une partie centrale en PVC souple.<\/span><\/p>\n<p><span style=\"font-weight: 400;\">Le profil\u00e9 est disponible en trois hauteurs diff\u00e9rentes et s&rsquo;int\u00e8gre comme joint de mouvement dans les rev\u00eatements en carreaux de sol, en carreaux de c\u00e9ramique et en carreaux en pierre naturelle ou artificielle, qui sont incorpor\u00e9s dans la chape de ciment.<\/span><\/p>\n","protected":false},"excerpt":{"rendered":"<p>Profil\u00e9 de dilatation Joints de carrelage &nbsp; Schl\u00fcter\u00ae-DILEX-MOP est un profil\u00e9 compos\u00e9 de c\u00f4t\u00e9s stables et dentel\u00e9s en PVC dur et d&rsquo;une partie centrale en PVC souple. Le profil\u00e9 est disponible en trois hauteurs diff\u00e9rentes et s&rsquo;int\u00e8gre comme joint de mouvement dans les rev\u00eatements en carreaux de sol, en carreaux de c\u00e9ramique et en carreaux\u2026<\/p>\n","protected":false},"featured_media":106434,"template":"","meta":{"_acf_changed":false},"product_category":[735],"product_tag":[],"class_list":["post-115018","product","type-product","status-publish","has-post-thumbnail","hentry","product_category-schluter-dilatatieprofielen-tegels-fr"],"acf":[],"yoast_head":"<!-- This site is optimized with the Yoast SEO plugin v27.3 - https:\/\/yoast.com\/product\/yoast-seo-wordpress\/ -->\n<title>Schl\u00fcter\u00ae-DILEX-MOP - Storax Belgium<\/title>\n<meta name=\"robots\" content=\"index, follow, max-snippet:-1, max-image-preview:large, max-video-preview:-1\" \/>\n<link rel=\"canonical\" href=\"https:\/\/storax.be\/fr\/producten\/schluter-dilatatieprofielen-tegels-fr\/schluter-dilex-mop\/\" \/>\n<meta property=\"og:locale\" content=\"fr_FR\" \/>\n<meta property=\"og:type\" content=\"article\" \/>\n<meta property=\"og:title\" content=\"Schl\u00fcter\u00ae-DILEX-MOP - Storax Belgium\" \/>\n<meta property=\"og:description\" content=\"Profil\u00e9 de dilatation Joints de carrelage &nbsp; Schl\u00fcter\u00ae-DILEX-MOP est un profil\u00e9 compos\u00e9 de c\u00f4t\u00e9s stables et dentel\u00e9s en PVC dur et d&rsquo;une partie centrale en PVC souple. Le profil\u00e9 est disponible en trois hauteurs diff\u00e9rentes et s&rsquo;int\u00e8gre comme joint de mouvement dans les rev\u00eatements en carreaux de sol, en carreaux de c\u00e9ramique et en carreaux\u2026\" \/>\n<meta property=\"og:url\" content=\"https:\/\/storax.be\/fr\/producten\/schluter-dilatatieprofielen-tegels-fr\/schluter-dilex-mop\/\" \/>\n<meta property=\"og:site_name\" content=\"Storax Belgium\" \/>\n<meta property=\"article:modified_time\" content=\"2024-05-16T07:38:29+00:00\" \/>\n<meta property=\"og:image\" content=\"https:\/\/storax.be\/wp-content\/uploads\/sites\/2\/2019\/03\/thumb_270x270_463.jpg\" \/>\n\t<meta property=\"og:image:width\" content=\"270\" \/>\n\t<meta property=\"og:image:height\" content=\"270\" \/>\n\t<meta property=\"og:image:type\" content=\"image\/jpeg\" \/>\n<meta name=\"twitter:card\" content=\"summary_large_image\" \/>\n<meta name=\"twitter:label1\" content=\"Dur\u00e9e de lecture estim\u00e9e\" \/>\n\t<meta name=\"twitter:data1\" content=\"1 minute\" \/>\n<script type=\"application\/ld+json\" class=\"yoast-schema-graph\">{\"@context\":\"https:\\\/\\\/schema.org\",\"@graph\":[{\"@type\":\"WebPage\",\"@id\":\"https:\\\/\\\/storax.be\\\/fr\\\/producten\\\/schluter-dilatatieprofielen-tegels-fr\\\/schluter-dilex-mop\\\/\",\"url\":\"https:\\\/\\\/storax.be\\\/fr\\\/producten\\\/schluter-dilatatieprofielen-tegels-fr\\\/schluter-dilex-mop\\\/\",\"name\":\"Schl\u00fcter\u00ae-DILEX-MOP - Storax Belgium\",\"isPartOf\":{\"@id\":\"https:\\\/\\\/storax.be\\\/fr\\\/#website\"},\"primaryImageOfPage\":{\"@id\":\"https:\\\/\\\/storax.be\\\/fr\\\/producten\\\/schluter-dilatatieprofielen-tegels-fr\\\/schluter-dilex-mop\\\/#primaryimage\"},\"image\":{\"@id\":\"https:\\\/\\\/storax.be\\\/fr\\\/producten\\\/schluter-dilatatieprofielen-tegels-fr\\\/schluter-dilex-mop\\\/#primaryimage\"},\"thumbnailUrl\":\"https:\\\/\\\/storax.be\\\/wp-content\\\/uploads\\\/sites\\\/2\\\/2019\\\/03\\\/thumb_270x270_463.jpg\",\"datePublished\":\"2022-08-02T07:12:10+00:00\",\"dateModified\":\"2024-05-16T07:38:29+00:00\",\"breadcrumb\":{\"@id\":\"https:\\\/\\\/storax.be\\\/fr\\\/producten\\\/schluter-dilatatieprofielen-tegels-fr\\\/schluter-dilex-mop\\\/#breadcrumb\"},\"inLanguage\":\"fr-FR\",\"potentialAction\":[{\"@type\":\"ReadAction\",\"target\":[\"https:\\\/\\\/storax.be\\\/fr\\\/producten\\\/schluter-dilatatieprofielen-tegels-fr\\\/schluter-dilex-mop\\\/\"]}]},{\"@type\":\"ImageObject\",\"inLanguage\":\"fr-FR\",\"@id\":\"https:\\\/\\\/storax.be\\\/fr\\\/producten\\\/schluter-dilatatieprofielen-tegels-fr\\\/schluter-dilex-mop\\\/#primaryimage\",\"url\":\"https:\\\/\\\/storax.be\\\/wp-content\\\/uploads\\\/sites\\\/2\\\/2019\\\/03\\\/thumb_270x270_463.jpg\",\"contentUrl\":\"https:\\\/\\\/storax.be\\\/wp-content\\\/uploads\\\/sites\\\/2\\\/2019\\\/03\\\/thumb_270x270_463.jpg\",\"width\":270,\"height\":270},{\"@type\":\"BreadcrumbList\",\"@id\":\"https:\\\/\\\/storax.be\\\/fr\\\/producten\\\/schluter-dilatatieprofielen-tegels-fr\\\/schluter-dilex-mop\\\/#breadcrumb\",\"itemListElement\":[{\"@type\":\"ListItem\",\"position\":1,\"name\":\"Home\",\"item\":\"https:\\\/\\\/storax.be\\\/fr\\\/\"},{\"@type\":\"ListItem\",\"position\":2,\"name\":\"Producten\",\"item\":\"https:\\\/\\\/storax.be\\\/fr\\\/producten\\\/%product_category%\\\/\"},{\"@type\":\"ListItem\",\"position\":3,\"name\":\"Schl\u00fcter Syst\u00e8mes\",\"item\":\"https:\\\/\\\/storax.be\\\/fr\\\/producten\\\/schluter-systems-fr\\\/\"},{\"@type\":\"ListItem\",\"position\":4,\"name\":\"Schl\u00fcter Profils de dilatation\",\"item\":\"https:\\\/\\\/storax.be\\\/fr\\\/producten\\\/schluter-dilatatieprofielen-tegels-fr\\\/\"},{\"@type\":\"ListItem\",\"position\":5,\"name\":\"Schl\u00fcter\u00ae-DILEX-MOP\"}]},{\"@type\":\"WebSite\",\"@id\":\"https:\\\/\\\/storax.be\\\/fr\\\/#website\",\"url\":\"https:\\\/\\\/storax.be\\\/fr\\\/\",\"name\":\"Storax Belgium\",\"description\":\"Uw betrouwbare partner voor bouwprojecten\",\"potentialAction\":[{\"@type\":\"SearchAction\",\"target\":{\"@type\":\"EntryPoint\",\"urlTemplate\":\"https:\\\/\\\/storax.be\\\/fr\\\/?s={search_term_string}\"},\"query-input\":{\"@type\":\"PropertyValueSpecification\",\"valueRequired\":true,\"valueName\":\"search_term_string\"}}],\"inLanguage\":\"fr-FR\"}]}<\/script>\n<!-- \/ Yoast SEO plugin. -->","yoast_head_json":{"title":"Schl\u00fcter\u00ae-DILEX-MOP - Storax Belgium","robots":{"index":"index","follow":"follow","max-snippet":"max-snippet:-1","max-image-preview":"max-image-preview:large","max-video-preview":"max-video-preview:-1"},"canonical":"https:\/\/storax.be\/fr\/producten\/schluter-dilatatieprofielen-tegels-fr\/schluter-dilex-mop\/","og_locale":"fr_FR","og_type":"article","og_title":"Schl\u00fcter\u00ae-DILEX-MOP - Storax Belgium","og_description":"Profil\u00e9 de dilatation Joints de carrelage &nbsp; Schl\u00fcter\u00ae-DILEX-MOP est un profil\u00e9 compos\u00e9 de c\u00f4t\u00e9s stables et dentel\u00e9s en PVC dur et d&rsquo;une partie centrale en PVC souple. Le profil\u00e9 est disponible en trois hauteurs diff\u00e9rentes et s&rsquo;int\u00e8gre comme joint de mouvement dans les rev\u00eatements en carreaux de sol, en carreaux de c\u00e9ramique et en carreaux\u2026","og_url":"https:\/\/storax.be\/fr\/producten\/schluter-dilatatieprofielen-tegels-fr\/schluter-dilex-mop\/","og_site_name":"Storax Belgium","article_modified_time":"2024-05-16T07:38:29+00:00","og_image":[{"width":270,"height":270,"url":"https:\/\/storax.be\/wp-content\/uploads\/sites\/2\/2019\/03\/thumb_270x270_463.jpg","type":"image\/jpeg"}],"twitter_card":"summary_large_image","twitter_misc":{"Dur\u00e9e de lecture estim\u00e9e":"1 minute"},"schema":{"@context":"https:\/\/schema.org","@graph":[{"@type":"WebPage","@id":"https:\/\/storax.be\/fr\/producten\/schluter-dilatatieprofielen-tegels-fr\/schluter-dilex-mop\/","url":"https:\/\/storax.be\/fr\/producten\/schluter-dilatatieprofielen-tegels-fr\/schluter-dilex-mop\/","name":"Schl\u00fcter\u00ae-DILEX-MOP - Storax Belgium","isPartOf":{"@id":"https:\/\/storax.be\/fr\/#website"},"primaryImageOfPage":{"@id":"https:\/\/storax.be\/fr\/producten\/schluter-dilatatieprofielen-tegels-fr\/schluter-dilex-mop\/#primaryimage"},"image":{"@id":"https:\/\/storax.be\/fr\/producten\/schluter-dilatatieprofielen-tegels-fr\/schluter-dilex-mop\/#primaryimage"},"thumbnailUrl":"https:\/\/storax.be\/wp-content\/uploads\/sites\/2\/2019\/03\/thumb_270x270_463.jpg","datePublished":"2022-08-02T07:12:10+00:00","dateModified":"2024-05-16T07:38:29+00:00","breadcrumb":{"@id":"https:\/\/storax.be\/fr\/producten\/schluter-dilatatieprofielen-tegels-fr\/schluter-dilex-mop\/#breadcrumb"},"inLanguage":"fr-FR","potentialAction":[{"@type":"ReadAction","target":["https:\/\/storax.be\/fr\/producten\/schluter-dilatatieprofielen-tegels-fr\/schluter-dilex-mop\/"]}]},{"@type":"ImageObject","inLanguage":"fr-FR","@id":"https:\/\/storax.be\/fr\/producten\/schluter-dilatatieprofielen-tegels-fr\/schluter-dilex-mop\/#primaryimage","url":"https:\/\/storax.be\/wp-content\/uploads\/sites\/2\/2019\/03\/thumb_270x270_463.jpg","contentUrl":"https:\/\/storax.be\/wp-content\/uploads\/sites\/2\/2019\/03\/thumb_270x270_463.jpg","width":270,"height":270},{"@type":"BreadcrumbList","@id":"https:\/\/storax.be\/fr\/producten\/schluter-dilatatieprofielen-tegels-fr\/schluter-dilex-mop\/#breadcrumb","itemListElement":[{"@type":"ListItem","position":1,"name":"Home","item":"https:\/\/storax.be\/fr\/"},{"@type":"ListItem","position":2,"name":"Producten","item":"https:\/\/storax.be\/fr\/producten\/%product_category%\/"},{"@type":"ListItem","position":3,"name":"Schl\u00fcter Syst\u00e8mes","item":"https:\/\/storax.be\/fr\/producten\/schluter-systems-fr\/"},{"@type":"ListItem","position":4,"name":"Schl\u00fcter Profils de dilatation","item":"https:\/\/storax.be\/fr\/producten\/schluter-dilatatieprofielen-tegels-fr\/"},{"@type":"ListItem","position":5,"name":"Schl\u00fcter\u00ae-DILEX-MOP"}]},{"@type":"WebSite","@id":"https:\/\/storax.be\/fr\/#website","url":"https:\/\/storax.be\/fr\/","name":"Storax Belgium","description":"Uw betrouwbare partner voor bouwprojecten","potentialAction":[{"@type":"SearchAction","target":{"@type":"EntryPoint","urlTemplate":"https:\/\/storax.be\/fr\/?s={search_term_string}"},"query-input":{"@type":"PropertyValueSpecification","valueRequired":true,"valueName":"search_term_string"}}],"inLanguage":"fr-FR"}]}},"_links":{"self":[{"href":"https:\/\/storax.be\/fr\/wp-json\/wp\/v2\/product\/115018","targetHints":{"allow":["GET"]}}],"collection":[{"href":"https:\/\/storax.be\/fr\/wp-json\/wp\/v2\/product"}],"about":[{"href":"https:\/\/storax.be\/fr\/wp-json\/wp\/v2\/types\/product"}],"wp:featuredmedia":[{"embeddable":true,"href":"https:\/\/storax.be\/fr\/wp-json\/wp\/v2\/media\/106434"}],"wp:attachment":[{"href":"https:\/\/storax.be\/fr\/wp-json\/wp\/v2\/media?parent=115018"}],"wp:term":[{"taxonomy":"product_category","embeddable":true,"href":"https:\/\/storax.be\/fr\/wp-json\/wp\/v2\/product_category?post=115018"},{"taxonomy":"product_tag","embeddable":true,"href":"https:\/\/storax.be\/fr\/wp-json\/wp\/v2\/product_tag?post=115018"}],"curies":[{"name":"wp","href":"https:\/\/api.w.org\/{rel}","templated":true}]}}