{"id":115013,"date":"2022-08-02T06:56:35","date_gmt":"2022-08-02T06:56:35","guid":{"rendered":"https:\/\/storax.be\/?post_type=product&#038;p=115013"},"modified":"2024-05-16T07:38:27","modified_gmt":"2024-05-16T07:38:27","slug":"dll-sch","status":"publish","type":"product","link":"https:\/\/storax.be\/fr\/producten\/schaartrappen-fr\/dll-sch\/","title":{"rendered":"DLL-SCH"},"content":{"rendered":"<h2 style=\"font-size: 1.5em; line-height: 40px; font-weight: 600;\"><b>Escalier en ciseaux avec caisson<\/b><\/h2>\n<p><strong>Caisson<\/strong><\/p>\n<p><span style=\"font-weight: 400;\">Mat\u00e9riau\u00a0: panneau non trait\u00e9 de 19\u00a0mm<br \/>\n<\/span><span style=\"font-weight: 400;\">Hauteur de caisson\u00a0: 240\u00a0mm<br \/>\n<\/span><span style=\"font-weight: 400;\">Joint d&rsquo;\u00e9tanch\u00e9it\u00e9\u00a0: caoutchouc<br \/>\n<\/span><span style=\"font-weight: 400;\">Dimensions\u00a0: 900 x 700\u00a0mm (= taille de la tr\u00e9mie) ou 1\u00a0200 x 700 mm (= taille de la tr\u00e9mie)<br \/>\n<\/span><span style=\"font-weight: 400;\">Version\u00a0: avec charni\u00e8res cach\u00e9es<\/span><\/p>\n<p><strong>Escaliers en ciseaux<\/strong><\/p>\n<p><span style=\"font-weight: 400;\">Mat\u00e9riau\u00a0: Profil\u00e9 en aluminium<br \/>\n<\/span><span style=\"font-weight: 400;\">Couleur : aluminium clair<br \/>\n<\/span><span style=\"font-family: Poppins, sans-serif; font-size: 1rem;\">Largeur des marches\u00a0: 330\u00a0mm<br \/>\n<\/span><span style=\"font-weight: 400;\">Profondeur des marches : 80 mm<br \/>\n<\/span><span style=\"font-family: Poppins, sans-serif; font-size: 1rem;\">Espacement\u00a0: max. 300\u00a0mm<br \/>\n<\/span><span style=\"font-weight: 400;\">Hauteur du plafond\u00a0: 3\u00a0000\u00a0mm<br \/>\n<\/span><span style=\"font-weight: 400;\">Charge\u00a0: 150\u00a0kg par marche \/ 350\u00a0kg par m\u00b2 pour l&rsquo;ensemble de l&rsquo;\u00e9l\u00e9ment structurel<\/span><\/p>\n<p><strong><span style=\"font-weight: 400;\">Version\u00a0:<\/span><\/strong><\/p>\n<p><span style=\"font-weight: 400;\">\u2013 fermeture \u00e0 pression pour une s\u00e9curit\u00e9 accrue<br \/>\n<\/span><span style=\"font-weight: 400;\">y compris<br \/>\n<\/span><span style=\"font-weight: 400;\">\u2013 main courante t\u00e9lescopique sur le c\u00f4t\u00e9 droit (fournie s\u00e9par\u00e9ment)<\/span><\/p>\n<p><span style=\"font-weight: 400;\">L&rsquo;ensemble est livr\u00e9 mont\u00e9.<br \/>\n<\/span><span style=\"font-weight: 400;\">L&rsquo;escalier en ciseaux de type DLL-SCH est conforme \u00e0 la norme DIN EN 14975.<\/span><\/p>\n","protected":false},"excerpt":{"rendered":"<p>Escalier en ciseaux avec caisson Caisson Mat\u00e9riau\u00a0: panneau non trait\u00e9 de 19\u00a0mm Hauteur de caisson\u00a0: 240\u00a0mm Joint d&rsquo;\u00e9tanch\u00e9it\u00e9\u00a0: caoutchouc Dimensions\u00a0: 900 x 700\u00a0mm (= taille de la tr\u00e9mie) ou 1\u00a0200 x 700 mm (= taille de la tr\u00e9mie) Version\u00a0: avec charni\u00e8res cach\u00e9es Escaliers en ciseaux Mat\u00e9riau\u00a0: Profil\u00e9 en aluminium Couleur : aluminium clair Largeur des\u2026<\/p>\n","protected":false},"featured_media":106309,"template":"","meta":{"_acf_changed":false},"product_category":[601,620],"product_tag":[],"class_list":["post-115013","product","type-product","status-publish","has-post-thumbnail","hentry","product_category-echelles-escaliers","product_category-schaartrappen-fr"],"acf":[],"yoast_head":"<!-- This site is optimized with the Yoast SEO plugin v27.3 - https:\/\/yoast.com\/product\/yoast-seo-wordpress\/ -->\n<title>DLL-SCH - Storax Belgium<\/title>\n<meta name=\"robots\" content=\"index, follow, max-snippet:-1, max-image-preview:large, max-video-preview:-1\" \/>\n<link rel=\"canonical\" href=\"https:\/\/storax.be\/fr\/producten\/schaartrappen-fr\/dll-sch\/\" \/>\n<meta property=\"og:locale\" content=\"fr_FR\" \/>\n<meta property=\"og:type\" content=\"article\" \/>\n<meta property=\"og:title\" content=\"DLL-SCH - Storax Belgium\" \/>\n<meta property=\"og:description\" content=\"Escalier en ciseaux avec caisson Caisson Mat\u00e9riau\u00a0: panneau non trait\u00e9 de 19\u00a0mm Hauteur de caisson\u00a0: 240\u00a0mm Joint d&rsquo;\u00e9tanch\u00e9it\u00e9\u00a0: caoutchouc Dimensions\u00a0: 900 x 700\u00a0mm (= taille de la tr\u00e9mie) ou 1\u00a0200 x 700 mm (= taille de la tr\u00e9mie) Version\u00a0: avec charni\u00e8res cach\u00e9es Escaliers en ciseaux Mat\u00e9riau\u00a0: Profil\u00e9 en aluminium Couleur : aluminium clair Largeur des\u2026\" \/>\n<meta property=\"og:url\" content=\"https:\/\/storax.be\/fr\/producten\/schaartrappen-fr\/dll-sch\/\" \/>\n<meta property=\"og:site_name\" content=\"Storax Belgium\" \/>\n<meta property=\"article:modified_time\" content=\"2024-05-16T07:38:27+00:00\" \/>\n<meta property=\"og:image\" content=\"https:\/\/storax.be\/wp-content\/uploads\/sites\/2\/2019\/03\/thumb_270x270_532.jpg\" \/>\n\t<meta property=\"og:image:width\" content=\"270\" \/>\n\t<meta property=\"og:image:height\" content=\"270\" \/>\n\t<meta property=\"og:image:type\" content=\"image\/jpeg\" \/>\n<meta name=\"twitter:card\" content=\"summary_large_image\" \/>\n<meta name=\"twitter:label1\" content=\"Dur\u00e9e de lecture estim\u00e9e\" \/>\n\t<meta name=\"twitter:data1\" content=\"1 minute\" \/>\n<script type=\"application\/ld+json\" class=\"yoast-schema-graph\">{\"@context\":\"https:\\\/\\\/schema.org\",\"@graph\":[{\"@type\":\"WebPage\",\"@id\":\"https:\\\/\\\/storax.be\\\/fr\\\/producten\\\/schaartrappen-fr\\\/dll-sch\\\/\",\"url\":\"https:\\\/\\\/storax.be\\\/fr\\\/producten\\\/schaartrappen-fr\\\/dll-sch\\\/\",\"name\":\"DLL-SCH - Storax Belgium\",\"isPartOf\":{\"@id\":\"https:\\\/\\\/storax.be\\\/fr\\\/#website\"},\"primaryImageOfPage\":{\"@id\":\"https:\\\/\\\/storax.be\\\/fr\\\/producten\\\/schaartrappen-fr\\\/dll-sch\\\/#primaryimage\"},\"image\":{\"@id\":\"https:\\\/\\\/storax.be\\\/fr\\\/producten\\\/schaartrappen-fr\\\/dll-sch\\\/#primaryimage\"},\"thumbnailUrl\":\"https:\\\/\\\/storax.be\\\/wp-content\\\/uploads\\\/sites\\\/2\\\/2019\\\/03\\\/thumb_270x270_532.jpg\",\"datePublished\":\"2022-08-02T06:56:35+00:00\",\"dateModified\":\"2024-05-16T07:38:27+00:00\",\"breadcrumb\":{\"@id\":\"https:\\\/\\\/storax.be\\\/fr\\\/producten\\\/schaartrappen-fr\\\/dll-sch\\\/#breadcrumb\"},\"inLanguage\":\"fr-FR\",\"potentialAction\":[{\"@type\":\"ReadAction\",\"target\":[\"https:\\\/\\\/storax.be\\\/fr\\\/producten\\\/schaartrappen-fr\\\/dll-sch\\\/\"]}]},{\"@type\":\"ImageObject\",\"inLanguage\":\"fr-FR\",\"@id\":\"https:\\\/\\\/storax.be\\\/fr\\\/producten\\\/schaartrappen-fr\\\/dll-sch\\\/#primaryimage\",\"url\":\"https:\\\/\\\/storax.be\\\/wp-content\\\/uploads\\\/sites\\\/2\\\/2019\\\/03\\\/thumb_270x270_532.jpg\",\"contentUrl\":\"https:\\\/\\\/storax.be\\\/wp-content\\\/uploads\\\/sites\\\/2\\\/2019\\\/03\\\/thumb_270x270_532.jpg\",\"width\":270,\"height\":270},{\"@type\":\"BreadcrumbList\",\"@id\":\"https:\\\/\\\/storax.be\\\/fr\\\/producten\\\/schaartrappen-fr\\\/dll-sch\\\/#breadcrumb\",\"itemListElement\":[{\"@type\":\"ListItem\",\"position\":1,\"name\":\"Home\",\"item\":\"https:\\\/\\\/storax.be\\\/fr\\\/\"},{\"@type\":\"ListItem\",\"position\":2,\"name\":\"Producten\",\"item\":\"https:\\\/\\\/storax.be\\\/fr\\\/producten\\\/%product_category%\\\/\"},{\"@type\":\"ListItem\",\"position\":3,\"name\":\"\u00c9chelles\\\/escaliers\",\"item\":\"https:\\\/\\\/storax.be\\\/fr\\\/producten\\\/echelles-escaliers\\\/\"},{\"@type\":\"ListItem\",\"position\":4,\"name\":\"Escaliers \u00e0 ciseaux\",\"item\":\"https:\\\/\\\/storax.be\\\/fr\\\/producten\\\/schaartrappen-fr\\\/\"},{\"@type\":\"ListItem\",\"position\":5,\"name\":\"DLL-SCH\"}]},{\"@type\":\"WebSite\",\"@id\":\"https:\\\/\\\/storax.be\\\/fr\\\/#website\",\"url\":\"https:\\\/\\\/storax.be\\\/fr\\\/\",\"name\":\"Storax Belgium\",\"description\":\"Uw betrouwbare partner voor bouwprojecten\",\"potentialAction\":[{\"@type\":\"SearchAction\",\"target\":{\"@type\":\"EntryPoint\",\"urlTemplate\":\"https:\\\/\\\/storax.be\\\/fr\\\/?s={search_term_string}\"},\"query-input\":{\"@type\":\"PropertyValueSpecification\",\"valueRequired\":true,\"valueName\":\"search_term_string\"}}],\"inLanguage\":\"fr-FR\"}]}<\/script>\n<!-- \/ Yoast SEO plugin. -->","yoast_head_json":{"title":"DLL-SCH - Storax Belgium","robots":{"index":"index","follow":"follow","max-snippet":"max-snippet:-1","max-image-preview":"max-image-preview:large","max-video-preview":"max-video-preview:-1"},"canonical":"https:\/\/storax.be\/fr\/producten\/schaartrappen-fr\/dll-sch\/","og_locale":"fr_FR","og_type":"article","og_title":"DLL-SCH - Storax Belgium","og_description":"Escalier en ciseaux avec caisson Caisson Mat\u00e9riau\u00a0: panneau non trait\u00e9 de 19\u00a0mm Hauteur de caisson\u00a0: 240\u00a0mm Joint d&rsquo;\u00e9tanch\u00e9it\u00e9\u00a0: caoutchouc Dimensions\u00a0: 900 x 700\u00a0mm (= taille de la tr\u00e9mie) ou 1\u00a0200 x 700 mm (= taille de la tr\u00e9mie) Version\u00a0: avec charni\u00e8res cach\u00e9es Escaliers en ciseaux Mat\u00e9riau\u00a0: Profil\u00e9 en aluminium Couleur : aluminium clair Largeur des\u2026","og_url":"https:\/\/storax.be\/fr\/producten\/schaartrappen-fr\/dll-sch\/","og_site_name":"Storax Belgium","article_modified_time":"2024-05-16T07:38:27+00:00","og_image":[{"width":270,"height":270,"url":"https:\/\/storax.be\/wp-content\/uploads\/sites\/2\/2019\/03\/thumb_270x270_532.jpg","type":"image\/jpeg"}],"twitter_card":"summary_large_image","twitter_misc":{"Dur\u00e9e de lecture estim\u00e9e":"1 minute"},"schema":{"@context":"https:\/\/schema.org","@graph":[{"@type":"WebPage","@id":"https:\/\/storax.be\/fr\/producten\/schaartrappen-fr\/dll-sch\/","url":"https:\/\/storax.be\/fr\/producten\/schaartrappen-fr\/dll-sch\/","name":"DLL-SCH - Storax Belgium","isPartOf":{"@id":"https:\/\/storax.be\/fr\/#website"},"primaryImageOfPage":{"@id":"https:\/\/storax.be\/fr\/producten\/schaartrappen-fr\/dll-sch\/#primaryimage"},"image":{"@id":"https:\/\/storax.be\/fr\/producten\/schaartrappen-fr\/dll-sch\/#primaryimage"},"thumbnailUrl":"https:\/\/storax.be\/wp-content\/uploads\/sites\/2\/2019\/03\/thumb_270x270_532.jpg","datePublished":"2022-08-02T06:56:35+00:00","dateModified":"2024-05-16T07:38:27+00:00","breadcrumb":{"@id":"https:\/\/storax.be\/fr\/producten\/schaartrappen-fr\/dll-sch\/#breadcrumb"},"inLanguage":"fr-FR","potentialAction":[{"@type":"ReadAction","target":["https:\/\/storax.be\/fr\/producten\/schaartrappen-fr\/dll-sch\/"]}]},{"@type":"ImageObject","inLanguage":"fr-FR","@id":"https:\/\/storax.be\/fr\/producten\/schaartrappen-fr\/dll-sch\/#primaryimage","url":"https:\/\/storax.be\/wp-content\/uploads\/sites\/2\/2019\/03\/thumb_270x270_532.jpg","contentUrl":"https:\/\/storax.be\/wp-content\/uploads\/sites\/2\/2019\/03\/thumb_270x270_532.jpg","width":270,"height":270},{"@type":"BreadcrumbList","@id":"https:\/\/storax.be\/fr\/producten\/schaartrappen-fr\/dll-sch\/#breadcrumb","itemListElement":[{"@type":"ListItem","position":1,"name":"Home","item":"https:\/\/storax.be\/fr\/"},{"@type":"ListItem","position":2,"name":"Producten","item":"https:\/\/storax.be\/fr\/producten\/%product_category%\/"},{"@type":"ListItem","position":3,"name":"\u00c9chelles\/escaliers","item":"https:\/\/storax.be\/fr\/producten\/echelles-escaliers\/"},{"@type":"ListItem","position":4,"name":"Escaliers \u00e0 ciseaux","item":"https:\/\/storax.be\/fr\/producten\/schaartrappen-fr\/"},{"@type":"ListItem","position":5,"name":"DLL-SCH"}]},{"@type":"WebSite","@id":"https:\/\/storax.be\/fr\/#website","url":"https:\/\/storax.be\/fr\/","name":"Storax Belgium","description":"Uw betrouwbare partner voor bouwprojecten","potentialAction":[{"@type":"SearchAction","target":{"@type":"EntryPoint","urlTemplate":"https:\/\/storax.be\/fr\/?s={search_term_string}"},"query-input":{"@type":"PropertyValueSpecification","valueRequired":true,"valueName":"search_term_string"}}],"inLanguage":"fr-FR"}]}},"_links":{"self":[{"href":"https:\/\/storax.be\/fr\/wp-json\/wp\/v2\/product\/115013","targetHints":{"allow":["GET"]}}],"collection":[{"href":"https:\/\/storax.be\/fr\/wp-json\/wp\/v2\/product"}],"about":[{"href":"https:\/\/storax.be\/fr\/wp-json\/wp\/v2\/types\/product"}],"wp:featuredmedia":[{"embeddable":true,"href":"https:\/\/storax.be\/fr\/wp-json\/wp\/v2\/media\/106309"}],"wp:attachment":[{"href":"https:\/\/storax.be\/fr\/wp-json\/wp\/v2\/media?parent=115013"}],"wp:term":[{"taxonomy":"product_category","embeddable":true,"href":"https:\/\/storax.be\/fr\/wp-json\/wp\/v2\/product_category?post=115013"},{"taxonomy":"product_tag","embeddable":true,"href":"https:\/\/storax.be\/fr\/wp-json\/wp\/v2\/product_tag?post=115013"}],"curies":[{"name":"wp","href":"https:\/\/api.w.org\/{rel}","templated":true}]}}