{"id":115012,"date":"2022-08-02T06:50:21","date_gmt":"2022-08-02T06:50:21","guid":{"rendered":"https:\/\/storax.be\/?post_type=product&#038;p=115012"},"modified":"2024-05-16T07:38:27","modified_gmt":"2024-05-16T07:38:27","slug":"stelatex-100-c","status":"publish","type":"product","link":"https:\/\/storax.be\/fr\/producten\/cornieres\/stelatex-100-c\/","title":{"rendered":"Stelatex 100 C"},"content":{"rendered":"<h2><b>\u00c9lastom\u00e8re absorbant les chocs<\/b><\/h2>\n<p><span style=\"font-weight: 400;\">Les corni\u00e8res Stelatex offrent une excellente protection contre les dommages caus\u00e9s aux angles et aux colonnes, notamment dans les parkings, les entrep\u00f4ts et les zones industrielles \u00e0 fort trafic. Les profil\u00e9s peuvent \u00eatre viss\u00e9s ou coll\u00e9s facilement et rapidement sur presque toutes les surfaces.<\/span><\/p>\n<p><span style=\"font-weight: 400;\">Les corni\u00e8res Stelatex peuvent \u00eatre utilis\u00e9es en combinaison avec les<\/span> <a style=\"background-color: #ffffff; font-family: Poppins, sans-serif; font-size: 1rem; font-weight: 400;\" href=\"#\">pare-chocs muraux Stelatex<\/a><\/p>\n","protected":false},"excerpt":{"rendered":"<p>\u00c9lastom\u00e8re absorbant les chocs Les corni\u00e8res Stelatex offrent une excellente protection contre les dommages caus\u00e9s aux angles et aux colonnes, notamment dans les parkings, les entrep\u00f4ts et les zones industrielles \u00e0 fort trafic. Les profil\u00e9s peuvent \u00eatre viss\u00e9s ou coll\u00e9s facilement et rapidement sur presque toutes les surfaces. Les corni\u00e8res Stelatex peuvent \u00eatre utilis\u00e9es en\u2026<\/p>\n","protected":false},"featured_media":121889,"template":"","meta":{"_acf_changed":false},"product_category":[691,617,597],"product_tag":[474,518],"class_list":["post-115012","product","type-product","status-publish","has-post-thumbnail","hentry","product_category-acrovyn-protections-dangle","product_category-rubber-fr","product_category-cornieres","product_tag-90-graden-fr","product_tag-kunststof-fr"],"acf":[],"yoast_head":"<!-- This site is optimized with the Yoast SEO plugin v27.3 - https:\/\/yoast.com\/product\/yoast-seo-wordpress\/ -->\n<title>Stelatex 100 C - Storax Belgium<\/title>\n<meta name=\"robots\" content=\"index, follow, max-snippet:-1, max-image-preview:large, max-video-preview:-1\" \/>\n<link rel=\"canonical\" href=\"https:\/\/storax.be\/fr\/producten\/cornieres\/stelatex-100-c\/\" \/>\n<meta property=\"og:locale\" content=\"fr_FR\" \/>\n<meta property=\"og:type\" content=\"article\" \/>\n<meta property=\"og:title\" content=\"Stelatex 100 C - Storax Belgium\" \/>\n<meta property=\"og:description\" content=\"\u00c9lastom\u00e8re absorbant les chocs Les corni\u00e8res Stelatex offrent une excellente protection contre les dommages caus\u00e9s aux angles et aux colonnes, notamment dans les parkings, les entrep\u00f4ts et les zones industrielles \u00e0 fort trafic. Les profil\u00e9s peuvent \u00eatre viss\u00e9s ou coll\u00e9s facilement et rapidement sur presque toutes les surfaces. Les corni\u00e8res Stelatex peuvent \u00eatre utilis\u00e9es en\u2026\" \/>\n<meta property=\"og:url\" content=\"https:\/\/storax.be\/fr\/producten\/cornieres\/stelatex-100-c\/\" \/>\n<meta property=\"og:site_name\" content=\"Storax Belgium\" \/>\n<meta property=\"article:modified_time\" content=\"2024-05-16T07:38:27+00:00\" \/>\n<meta property=\"og:image\" content=\"https:\/\/storax.be\/wp-content\/uploads\/sites\/2\/2019\/03\/thumb_270x270_172.jpg\" \/>\n\t<meta property=\"og:image:width\" content=\"270\" \/>\n\t<meta property=\"og:image:height\" content=\"270\" \/>\n\t<meta property=\"og:image:type\" content=\"image\/jpeg\" \/>\n<meta name=\"twitter:card\" content=\"summary_large_image\" \/>\n<meta name=\"twitter:label1\" content=\"Dur\u00e9e de lecture estim\u00e9e\" \/>\n\t<meta name=\"twitter:data1\" content=\"1 minute\" \/>\n<script type=\"application\/ld+json\" class=\"yoast-schema-graph\">{\"@context\":\"https:\\\/\\\/schema.org\",\"@graph\":[{\"@type\":\"WebPage\",\"@id\":\"https:\\\/\\\/storax.be\\\/fr\\\/producten\\\/cornieres\\\/stelatex-100-c\\\/\",\"url\":\"https:\\\/\\\/storax.be\\\/fr\\\/producten\\\/cornieres\\\/stelatex-100-c\\\/\",\"name\":\"Stelatex 100 C - Storax Belgium\",\"isPartOf\":{\"@id\":\"https:\\\/\\\/storax.be\\\/fr\\\/#website\"},\"primaryImageOfPage\":{\"@id\":\"https:\\\/\\\/storax.be\\\/fr\\\/producten\\\/cornieres\\\/stelatex-100-c\\\/#primaryimage\"},\"image\":{\"@id\":\"https:\\\/\\\/storax.be\\\/fr\\\/producten\\\/cornieres\\\/stelatex-100-c\\\/#primaryimage\"},\"thumbnailUrl\":\"https:\\\/\\\/storax.be\\\/wp-content\\\/uploads\\\/sites\\\/2\\\/2019\\\/03\\\/Stelatex-EPDM-rubber-hoekbeschermer-C100-100x100-mm.-voor-logisitieke-ruimtes.png\",\"datePublished\":\"2022-08-02T06:50:21+00:00\",\"dateModified\":\"2024-05-16T07:38:27+00:00\",\"breadcrumb\":{\"@id\":\"https:\\\/\\\/storax.be\\\/fr\\\/producten\\\/cornieres\\\/stelatex-100-c\\\/#breadcrumb\"},\"inLanguage\":\"fr-FR\",\"potentialAction\":[{\"@type\":\"ReadAction\",\"target\":[\"https:\\\/\\\/storax.be\\\/fr\\\/producten\\\/cornieres\\\/stelatex-100-c\\\/\"]}]},{\"@type\":\"ImageObject\",\"inLanguage\":\"fr-FR\",\"@id\":\"https:\\\/\\\/storax.be\\\/fr\\\/producten\\\/cornieres\\\/stelatex-100-c\\\/#primaryimage\",\"url\":\"https:\\\/\\\/storax.be\\\/wp-content\\\/uploads\\\/sites\\\/2\\\/2019\\\/03\\\/Stelatex-EPDM-rubber-hoekbeschermer-C100-100x100-mm.-voor-logisitieke-ruimtes.png\",\"contentUrl\":\"https:\\\/\\\/storax.be\\\/wp-content\\\/uploads\\\/sites\\\/2\\\/2019\\\/03\\\/Stelatex-EPDM-rubber-hoekbeschermer-C100-100x100-mm.-voor-logisitieke-ruimtes.png\",\"width\":470,\"height\":470,\"caption\":\"Stelatex-EPDM-rubber-hoekbeschermer-C100-100x100-mm.-voor-logisitieke-ruimtes\"},{\"@type\":\"BreadcrumbList\",\"@id\":\"https:\\\/\\\/storax.be\\\/fr\\\/producten\\\/cornieres\\\/stelatex-100-c\\\/#breadcrumb\",\"itemListElement\":[{\"@type\":\"ListItem\",\"position\":1,\"name\":\"Home\",\"item\":\"https:\\\/\\\/storax.be\\\/fr\\\/\"},{\"@type\":\"ListItem\",\"position\":2,\"name\":\"Producten\",\"item\":\"https:\\\/\\\/storax.be\\\/fr\\\/producten\\\/%product_category%\\\/\"},{\"@type\":\"ListItem\",\"position\":3,\"name\":\"Protection des murs\",\"item\":\"https:\\\/\\\/storax.be\\\/fr\\\/producten\\\/protection-des-murs\\\/\"},{\"@type\":\"ListItem\",\"position\":4,\"name\":\"Acrovyn Protections d'angle\",\"item\":\"https:\\\/\\\/storax.be\\\/fr\\\/producten\\\/acrovyn-protections-dangle\\\/\"},{\"@type\":\"ListItem\",\"position\":5,\"name\":\"Stelatex 100 C\"}]},{\"@type\":\"WebSite\",\"@id\":\"https:\\\/\\\/storax.be\\\/fr\\\/#website\",\"url\":\"https:\\\/\\\/storax.be\\\/fr\\\/\",\"name\":\"Storax Belgium\",\"description\":\"Uw betrouwbare partner voor bouwprojecten\",\"potentialAction\":[{\"@type\":\"SearchAction\",\"target\":{\"@type\":\"EntryPoint\",\"urlTemplate\":\"https:\\\/\\\/storax.be\\\/fr\\\/?s={search_term_string}\"},\"query-input\":{\"@type\":\"PropertyValueSpecification\",\"valueRequired\":true,\"valueName\":\"search_term_string\"}}],\"inLanguage\":\"fr-FR\"}]}<\/script>\n<!-- \/ Yoast SEO plugin. -->","yoast_head_json":{"title":"Stelatex 100 C - Storax Belgium","robots":{"index":"index","follow":"follow","max-snippet":"max-snippet:-1","max-image-preview":"max-image-preview:large","max-video-preview":"max-video-preview:-1"},"canonical":"https:\/\/storax.be\/fr\/producten\/cornieres\/stelatex-100-c\/","og_locale":"fr_FR","og_type":"article","og_title":"Stelatex 100 C - Storax Belgium","og_description":"\u00c9lastom\u00e8re absorbant les chocs Les corni\u00e8res Stelatex offrent une excellente protection contre les dommages caus\u00e9s aux angles et aux colonnes, notamment dans les parkings, les entrep\u00f4ts et les zones industrielles \u00e0 fort trafic. Les profil\u00e9s peuvent \u00eatre viss\u00e9s ou coll\u00e9s facilement et rapidement sur presque toutes les surfaces. Les corni\u00e8res Stelatex peuvent \u00eatre utilis\u00e9es en\u2026","og_url":"https:\/\/storax.be\/fr\/producten\/cornieres\/stelatex-100-c\/","og_site_name":"Storax Belgium","article_modified_time":"2024-05-16T07:38:27+00:00","og_image":[{"width":270,"height":270,"url":"https:\/\/storax.be\/wp-content\/uploads\/sites\/2\/2019\/03\/thumb_270x270_172.jpg","type":"image\/jpeg"}],"twitter_card":"summary_large_image","twitter_misc":{"Dur\u00e9e de lecture estim\u00e9e":"1 minute"},"schema":{"@context":"https:\/\/schema.org","@graph":[{"@type":"WebPage","@id":"https:\/\/storax.be\/fr\/producten\/cornieres\/stelatex-100-c\/","url":"https:\/\/storax.be\/fr\/producten\/cornieres\/stelatex-100-c\/","name":"Stelatex 100 C - Storax Belgium","isPartOf":{"@id":"https:\/\/storax.be\/fr\/#website"},"primaryImageOfPage":{"@id":"https:\/\/storax.be\/fr\/producten\/cornieres\/stelatex-100-c\/#primaryimage"},"image":{"@id":"https:\/\/storax.be\/fr\/producten\/cornieres\/stelatex-100-c\/#primaryimage"},"thumbnailUrl":"https:\/\/storax.be\/wp-content\/uploads\/sites\/2\/2019\/03\/Stelatex-EPDM-rubber-hoekbeschermer-C100-100x100-mm.-voor-logisitieke-ruimtes.png","datePublished":"2022-08-02T06:50:21+00:00","dateModified":"2024-05-16T07:38:27+00:00","breadcrumb":{"@id":"https:\/\/storax.be\/fr\/producten\/cornieres\/stelatex-100-c\/#breadcrumb"},"inLanguage":"fr-FR","potentialAction":[{"@type":"ReadAction","target":["https:\/\/storax.be\/fr\/producten\/cornieres\/stelatex-100-c\/"]}]},{"@type":"ImageObject","inLanguage":"fr-FR","@id":"https:\/\/storax.be\/fr\/producten\/cornieres\/stelatex-100-c\/#primaryimage","url":"https:\/\/storax.be\/wp-content\/uploads\/sites\/2\/2019\/03\/Stelatex-EPDM-rubber-hoekbeschermer-C100-100x100-mm.-voor-logisitieke-ruimtes.png","contentUrl":"https:\/\/storax.be\/wp-content\/uploads\/sites\/2\/2019\/03\/Stelatex-EPDM-rubber-hoekbeschermer-C100-100x100-mm.-voor-logisitieke-ruimtes.png","width":470,"height":470,"caption":"Stelatex-EPDM-rubber-hoekbeschermer-C100-100x100-mm.-voor-logisitieke-ruimtes"},{"@type":"BreadcrumbList","@id":"https:\/\/storax.be\/fr\/producten\/cornieres\/stelatex-100-c\/#breadcrumb","itemListElement":[{"@type":"ListItem","position":1,"name":"Home","item":"https:\/\/storax.be\/fr\/"},{"@type":"ListItem","position":2,"name":"Producten","item":"https:\/\/storax.be\/fr\/producten\/%product_category%\/"},{"@type":"ListItem","position":3,"name":"Protection des murs","item":"https:\/\/storax.be\/fr\/producten\/protection-des-murs\/"},{"@type":"ListItem","position":4,"name":"Acrovyn Protections d'angle","item":"https:\/\/storax.be\/fr\/producten\/acrovyn-protections-dangle\/"},{"@type":"ListItem","position":5,"name":"Stelatex 100 C"}]},{"@type":"WebSite","@id":"https:\/\/storax.be\/fr\/#website","url":"https:\/\/storax.be\/fr\/","name":"Storax Belgium","description":"Uw betrouwbare partner voor bouwprojecten","potentialAction":[{"@type":"SearchAction","target":{"@type":"EntryPoint","urlTemplate":"https:\/\/storax.be\/fr\/?s={search_term_string}"},"query-input":{"@type":"PropertyValueSpecification","valueRequired":true,"valueName":"search_term_string"}}],"inLanguage":"fr-FR"}]}},"_links":{"self":[{"href":"https:\/\/storax.be\/fr\/wp-json\/wp\/v2\/product\/115012","targetHints":{"allow":["GET"]}}],"collection":[{"href":"https:\/\/storax.be\/fr\/wp-json\/wp\/v2\/product"}],"about":[{"href":"https:\/\/storax.be\/fr\/wp-json\/wp\/v2\/types\/product"}],"wp:featuredmedia":[{"embeddable":true,"href":"https:\/\/storax.be\/fr\/wp-json\/wp\/v2\/media\/121889"}],"wp:attachment":[{"href":"https:\/\/storax.be\/fr\/wp-json\/wp\/v2\/media?parent=115012"}],"wp:term":[{"taxonomy":"product_category","embeddable":true,"href":"https:\/\/storax.be\/fr\/wp-json\/wp\/v2\/product_category?post=115012"},{"taxonomy":"product_tag","embeddable":true,"href":"https:\/\/storax.be\/fr\/wp-json\/wp\/v2\/product_tag?post=115012"}],"curies":[{"name":"wp","href":"https:\/\/api.w.org\/{rel}","templated":true}]}}