{"id":115009,"date":"2022-08-01T15:03:12","date_gmt":"2022-08-01T15:03:12","guid":{"rendered":"https:\/\/storax.be\/?post_type=product&#038;p=115009"},"modified":"2024-05-16T07:38:27","modified_gmt":"2024-05-16T07:38:27","slug":"v030","status":"publish","type":"product","link":"https:\/\/storax.be\/fr\/producten\/primers-fr\/v030\/","title":{"rendered":"V030"},"content":{"rendered":"<p dir=\"ltr\" data-placeholder=\"Translation\"><strong><br \/>\nAffectation<br \/>\n<\/strong><span lang=\"nl\"><br \/>\n<span style=\"font-weight: 400;\">Appr\u00eat universel<\/span><br \/>\n<\/span><\/p>\n<p dir=\"ltr\" data-placeholder=\"Translation\"><strong>Supports autoris\u00e9s<\/strong><\/p>\n<ul>\n<li style=\"font-weight: 400;\" aria-level=\"1\"><span style=\"font-weight: 400;\">Convient \u00e0 toutes les surfaces<\/span><\/li>\n<li style=\"font-weight: 400;\" aria-level=\"1\"><span style=\"font-weight: 400;\">Applicable au sol et au mur<\/span><\/li>\n<li><\/li>\n<\/ul>\n<p><strong>Conditionnement<\/strong><\/p>\n<ul>\n<li style=\"font-weight: 400;\" aria-level=\"1\"><span style=\"font-weight: 400;\">Seau de 15\u00a0l<\/span><\/li>\n<li style=\"font-weight: 400;\" aria-level=\"1\"><span style=\"font-weight: 400;\">Seau de 5\u00a0l \u2013 Bo\u00eete en carton avec 4\u00a0seaux<\/span><\/li>\n<li style=\"font-weight: 400;\" aria-level=\"1\"><span style=\"font-weight: 400;\">Bidon de 1\u00a0l \u2013 Bo\u00eete en carton avec 10\u00a0bidons<\/span><\/li>\n<\/ul>\n","protected":false},"excerpt":{"rendered":"<p>Affectation Appr\u00eat universel Supports autoris\u00e9s Convient \u00e0 toutes les surfaces Applicable au sol et au mur Conditionnement Seau de 15\u00a0l Seau de 5\u00a0l \u2013 Bo\u00eete en carton avec 4\u00a0seaux Bidon de 1\u00a0l \u2013 Bo\u00eete en carton avec 10\u00a0bidons<\/p>\n","protected":false},"featured_media":109008,"template":"","meta":{"_acf_changed":false},"product_category":[751],"product_tag":[],"class_list":["post-115009","product","type-product","status-publish","has-post-thumbnail","hentry","product_category-primers-fr"],"acf":[],"yoast_head":"<!-- This site is optimized with the Yoast SEO plugin v27.3 - https:\/\/yoast.com\/product\/yoast-seo-wordpress\/ -->\n<title>V030 - Storax Belgium<\/title>\n<meta name=\"robots\" content=\"index, follow, max-snippet:-1, max-image-preview:large, max-video-preview:-1\" \/>\n<link rel=\"canonical\" href=\"https:\/\/storax.be\/fr\/producten\/primers-fr\/v030\/\" \/>\n<meta property=\"og:locale\" content=\"fr_FR\" \/>\n<meta property=\"og:type\" content=\"article\" \/>\n<meta property=\"og:title\" content=\"V030 - Storax Belgium\" \/>\n<meta property=\"og:description\" content=\"Affectation Appr\u00eat universel Supports autoris\u00e9s Convient \u00e0 toutes les surfaces Applicable au sol et au mur Conditionnement Seau de 15\u00a0l Seau de 5\u00a0l \u2013 Bo\u00eete en carton avec 4\u00a0seaux Bidon de 1\u00a0l \u2013 Bo\u00eete en carton avec 10\u00a0bidons\" \/>\n<meta property=\"og:url\" content=\"https:\/\/storax.be\/fr\/producten\/primers-fr\/v030\/\" \/>\n<meta property=\"og:site_name\" content=\"Storax Belgium\" \/>\n<meta property=\"article:modified_time\" content=\"2024-05-16T07:38:27+00:00\" \/>\n<meta property=\"og:image\" content=\"https:\/\/storax.be\/wp-content\/uploads\/sites\/2\/2020\/01\/V030.jpg\" \/>\n\t<meta property=\"og:image:width\" content=\"470\" \/>\n\t<meta property=\"og:image:height\" content=\"470\" \/>\n\t<meta property=\"og:image:type\" content=\"image\/jpeg\" \/>\n<meta name=\"twitter:card\" content=\"summary_large_image\" \/>\n<meta name=\"twitter:label1\" content=\"Dur\u00e9e de lecture estim\u00e9e\" \/>\n\t<meta name=\"twitter:data1\" content=\"1 minute\" \/>\n<script type=\"application\/ld+json\" class=\"yoast-schema-graph\">{\"@context\":\"https:\\\/\\\/schema.org\",\"@graph\":[{\"@type\":\"WebPage\",\"@id\":\"https:\\\/\\\/storax.be\\\/fr\\\/producten\\\/primers-fr\\\/v030\\\/\",\"url\":\"https:\\\/\\\/storax.be\\\/fr\\\/producten\\\/primers-fr\\\/v030\\\/\",\"name\":\"V030 - Storax Belgium\",\"isPartOf\":{\"@id\":\"https:\\\/\\\/storax.be\\\/fr\\\/#website\"},\"primaryImageOfPage\":{\"@id\":\"https:\\\/\\\/storax.be\\\/fr\\\/producten\\\/primers-fr\\\/v030\\\/#primaryimage\"},\"image\":{\"@id\":\"https:\\\/\\\/storax.be\\\/fr\\\/producten\\\/primers-fr\\\/v030\\\/#primaryimage\"},\"thumbnailUrl\":\"https:\\\/\\\/storax.be\\\/wp-content\\\/uploads\\\/sites\\\/2\\\/2020\\\/01\\\/V030.jpg\",\"datePublished\":\"2022-08-01T15:03:12+00:00\",\"dateModified\":\"2024-05-16T07:38:27+00:00\",\"breadcrumb\":{\"@id\":\"https:\\\/\\\/storax.be\\\/fr\\\/producten\\\/primers-fr\\\/v030\\\/#breadcrumb\"},\"inLanguage\":\"fr-FR\",\"potentialAction\":[{\"@type\":\"ReadAction\",\"target\":[\"https:\\\/\\\/storax.be\\\/fr\\\/producten\\\/primers-fr\\\/v030\\\/\"]}]},{\"@type\":\"ImageObject\",\"inLanguage\":\"fr-FR\",\"@id\":\"https:\\\/\\\/storax.be\\\/fr\\\/producten\\\/primers-fr\\\/v030\\\/#primaryimage\",\"url\":\"https:\\\/\\\/storax.be\\\/wp-content\\\/uploads\\\/sites\\\/2\\\/2020\\\/01\\\/V030.jpg\",\"contentUrl\":\"https:\\\/\\\/storax.be\\\/wp-content\\\/uploads\\\/sites\\\/2\\\/2020\\\/01\\\/V030.jpg\",\"width\":470,\"height\":470,\"caption\":\"universele primer alle ondergronden\"},{\"@type\":\"BreadcrumbList\",\"@id\":\"https:\\\/\\\/storax.be\\\/fr\\\/producten\\\/primers-fr\\\/v030\\\/#breadcrumb\",\"itemListElement\":[{\"@type\":\"ListItem\",\"position\":1,\"name\":\"Home\",\"item\":\"https:\\\/\\\/storax.be\\\/fr\\\/\"},{\"@type\":\"ListItem\",\"position\":2,\"name\":\"Producten\",\"item\":\"https:\\\/\\\/storax.be\\\/fr\\\/producten\\\/%product_category%\\\/\"},{\"@type\":\"ListItem\",\"position\":3,\"name\":\"Colles \u00e0 carrelage\",\"item\":\"https:\\\/\\\/storax.be\\\/fr\\\/producten\\\/colles-a-carrelage\\\/\"},{\"@type\":\"ListItem\",\"position\":4,\"name\":\"Primers\",\"item\":\"https:\\\/\\\/storax.be\\\/fr\\\/producten\\\/primers-fr\\\/\"},{\"@type\":\"ListItem\",\"position\":5,\"name\":\"V030\"}]},{\"@type\":\"WebSite\",\"@id\":\"https:\\\/\\\/storax.be\\\/fr\\\/#website\",\"url\":\"https:\\\/\\\/storax.be\\\/fr\\\/\",\"name\":\"Storax Belgium\",\"description\":\"Uw betrouwbare partner voor bouwprojecten\",\"potentialAction\":[{\"@type\":\"SearchAction\",\"target\":{\"@type\":\"EntryPoint\",\"urlTemplate\":\"https:\\\/\\\/storax.be\\\/fr\\\/?s={search_term_string}\"},\"query-input\":{\"@type\":\"PropertyValueSpecification\",\"valueRequired\":true,\"valueName\":\"search_term_string\"}}],\"inLanguage\":\"fr-FR\"}]}<\/script>\n<!-- \/ Yoast SEO plugin. -->","yoast_head_json":{"title":"V030 - Storax Belgium","robots":{"index":"index","follow":"follow","max-snippet":"max-snippet:-1","max-image-preview":"max-image-preview:large","max-video-preview":"max-video-preview:-1"},"canonical":"https:\/\/storax.be\/fr\/producten\/primers-fr\/v030\/","og_locale":"fr_FR","og_type":"article","og_title":"V030 - Storax Belgium","og_description":"Affectation Appr\u00eat universel Supports autoris\u00e9s Convient \u00e0 toutes les surfaces Applicable au sol et au mur Conditionnement Seau de 15\u00a0l Seau de 5\u00a0l \u2013 Bo\u00eete en carton avec 4\u00a0seaux Bidon de 1\u00a0l \u2013 Bo\u00eete en carton avec 10\u00a0bidons","og_url":"https:\/\/storax.be\/fr\/producten\/primers-fr\/v030\/","og_site_name":"Storax Belgium","article_modified_time":"2024-05-16T07:38:27+00:00","og_image":[{"width":470,"height":470,"url":"https:\/\/storax.be\/wp-content\/uploads\/sites\/2\/2020\/01\/V030.jpg","type":"image\/jpeg"}],"twitter_card":"summary_large_image","twitter_misc":{"Dur\u00e9e de lecture estim\u00e9e":"1 minute"},"schema":{"@context":"https:\/\/schema.org","@graph":[{"@type":"WebPage","@id":"https:\/\/storax.be\/fr\/producten\/primers-fr\/v030\/","url":"https:\/\/storax.be\/fr\/producten\/primers-fr\/v030\/","name":"V030 - Storax Belgium","isPartOf":{"@id":"https:\/\/storax.be\/fr\/#website"},"primaryImageOfPage":{"@id":"https:\/\/storax.be\/fr\/producten\/primers-fr\/v030\/#primaryimage"},"image":{"@id":"https:\/\/storax.be\/fr\/producten\/primers-fr\/v030\/#primaryimage"},"thumbnailUrl":"https:\/\/storax.be\/wp-content\/uploads\/sites\/2\/2020\/01\/V030.jpg","datePublished":"2022-08-01T15:03:12+00:00","dateModified":"2024-05-16T07:38:27+00:00","breadcrumb":{"@id":"https:\/\/storax.be\/fr\/producten\/primers-fr\/v030\/#breadcrumb"},"inLanguage":"fr-FR","potentialAction":[{"@type":"ReadAction","target":["https:\/\/storax.be\/fr\/producten\/primers-fr\/v030\/"]}]},{"@type":"ImageObject","inLanguage":"fr-FR","@id":"https:\/\/storax.be\/fr\/producten\/primers-fr\/v030\/#primaryimage","url":"https:\/\/storax.be\/wp-content\/uploads\/sites\/2\/2020\/01\/V030.jpg","contentUrl":"https:\/\/storax.be\/wp-content\/uploads\/sites\/2\/2020\/01\/V030.jpg","width":470,"height":470,"caption":"universele primer alle ondergronden"},{"@type":"BreadcrumbList","@id":"https:\/\/storax.be\/fr\/producten\/primers-fr\/v030\/#breadcrumb","itemListElement":[{"@type":"ListItem","position":1,"name":"Home","item":"https:\/\/storax.be\/fr\/"},{"@type":"ListItem","position":2,"name":"Producten","item":"https:\/\/storax.be\/fr\/producten\/%product_category%\/"},{"@type":"ListItem","position":3,"name":"Colles \u00e0 carrelage","item":"https:\/\/storax.be\/fr\/producten\/colles-a-carrelage\/"},{"@type":"ListItem","position":4,"name":"Primers","item":"https:\/\/storax.be\/fr\/producten\/primers-fr\/"},{"@type":"ListItem","position":5,"name":"V030"}]},{"@type":"WebSite","@id":"https:\/\/storax.be\/fr\/#website","url":"https:\/\/storax.be\/fr\/","name":"Storax Belgium","description":"Uw betrouwbare partner voor bouwprojecten","potentialAction":[{"@type":"SearchAction","target":{"@type":"EntryPoint","urlTemplate":"https:\/\/storax.be\/fr\/?s={search_term_string}"},"query-input":{"@type":"PropertyValueSpecification","valueRequired":true,"valueName":"search_term_string"}}],"inLanguage":"fr-FR"}]}},"_links":{"self":[{"href":"https:\/\/storax.be\/fr\/wp-json\/wp\/v2\/product\/115009","targetHints":{"allow":["GET"]}}],"collection":[{"href":"https:\/\/storax.be\/fr\/wp-json\/wp\/v2\/product"}],"about":[{"href":"https:\/\/storax.be\/fr\/wp-json\/wp\/v2\/types\/product"}],"wp:featuredmedia":[{"embeddable":true,"href":"https:\/\/storax.be\/fr\/wp-json\/wp\/v2\/media\/109008"}],"wp:attachment":[{"href":"https:\/\/storax.be\/fr\/wp-json\/wp\/v2\/media?parent=115009"}],"wp:term":[{"taxonomy":"product_category","embeddable":true,"href":"https:\/\/storax.be\/fr\/wp-json\/wp\/v2\/product_category?post=115009"},{"taxonomy":"product_tag","embeddable":true,"href":"https:\/\/storax.be\/fr\/wp-json\/wp\/v2\/product_tag?post=115009"}],"curies":[{"name":"wp","href":"https:\/\/api.w.org\/{rel}","templated":true}]}}