{"id":115005,"date":"2022-08-01T14:33:59","date_gmt":"2022-08-01T14:33:59","guid":{"rendered":"https:\/\/storax.be\/?post_type=product&#038;p=115005"},"modified":"2024-05-16T07:38:26","modified_gmt":"2024-05-16T07:38:26","slug":"serie-w-pvc","status":"publish","type":"product","link":"https:\/\/storax.be\/fr\/producten\/profiles-de-recouvrement-des-joints\/serie-w-pvc\/","title":{"rendered":"S\u00e9rie W PVC"},"content":{"rendered":"<h2 style=\"font-size: 1.5em; line-height: 40px; font-weight: 600;\">Profil\u00e9s couvre-joints en PVC pour murs<\/h2>\n<p><span style=\"font-weight: 400;\">Profil\u00e9 couvre-joint mince et l\u00e9ger pour des largeurs de joint de 15 \u00e0 45\u00a0mm. Gr\u00e2ce aux clips en acier inoxydable, les profil\u00e9s peuvent \u00eatre mont\u00e9s tr\u00e8s rapidement et facilement.<\/span><\/p>\n<ul>\n<li style=\"font-weight: 400;\" aria-level=\"1\"><span style=\"font-weight: 400;\">Pour joints de 15 \u00e0 45\u00a0mm.<\/span><\/li>\n<li style=\"font-weight: 400;\" aria-level=\"1\"><span style=\"font-weight: 400;\">Profil\u00e9s mont\u00e9s en surface<\/span><\/li>\n<li style=\"font-weight: 400;\" aria-level=\"1\"><span style=\"font-weight: 400;\">Convient \u00e0 un usage int\u00e9rieur et ext\u00e9rieur<\/span><\/li>\n<li style=\"font-weight: 400;\" aria-level=\"1\"><span style=\"font-weight: 400;\">Pour un montage rapide et sans soucis<\/span><\/li>\n<li style=\"font-weight: 400;\" aria-level=\"1\"><span style=\"font-weight: 400;\">Id\u00e9al pour les projets de r\u00e9novation<\/span><\/li>\n<li style=\"font-weight: 400;\" aria-level=\"1\"><span style=\"font-weight: 400;\">Longueur standard\u00a0: 3\u00a0m<\/span><\/li>\n<li style=\"font-weight: 400;\" aria-level=\"1\"><span style=\"font-weight: 400;\">Couleur des inserts\u00a0: gris blanc et sable<\/span><\/li>\n<\/ul>\n","protected":false},"excerpt":{"rendered":"<p>Profil\u00e9s couvre-joints en PVC pour murs Profil\u00e9 couvre-joint mince et l\u00e9ger pour des largeurs de joint de 15 \u00e0 45\u00a0mm. Gr\u00e2ce aux clips en acier inoxydable, les profil\u00e9s peuvent \u00eatre mont\u00e9s tr\u00e8s rapidement et facilement. Pour joints de 15 \u00e0 45\u00a0mm. Profil\u00e9s mont\u00e9s en surface Convient \u00e0 un usage int\u00e9rieur et ext\u00e9rieur Pour un montage\u2026<\/p>\n","protected":false},"featured_media":106522,"template":"","meta":{"_acf_changed":false},"product_category":[651,725],"product_tag":[],"class_list":["post-115005","product","type-product","status-publish","has-post-thumbnail","hentry","product_category-profiles-couvre-joints","product_category-profiles-de-recouvrement-des-joints"],"acf":[],"yoast_head":"<!-- This site is optimized with the Yoast SEO plugin v27.3 - https:\/\/yoast.com\/product\/yoast-seo-wordpress\/ -->\n<title>S\u00e9rie W PVC - Storax Belgium<\/title>\n<meta name=\"robots\" content=\"index, follow, max-snippet:-1, max-image-preview:large, max-video-preview:-1\" \/>\n<link rel=\"canonical\" href=\"https:\/\/storax.be\/fr\/producten\/profiles-de-recouvrement-des-joints\/serie-w-pvc\/\" \/>\n<meta property=\"og:locale\" content=\"fr_FR\" \/>\n<meta property=\"og:type\" content=\"article\" \/>\n<meta property=\"og:title\" content=\"S\u00e9rie W PVC - Storax Belgium\" \/>\n<meta property=\"og:description\" content=\"Profil\u00e9s couvre-joints en PVC pour murs Profil\u00e9 couvre-joint mince et l\u00e9ger pour des largeurs de joint de 15 \u00e0 45\u00a0mm. Gr\u00e2ce aux clips en acier inoxydable, les profil\u00e9s peuvent \u00eatre mont\u00e9s tr\u00e8s rapidement et facilement. Pour joints de 15 \u00e0 45\u00a0mm. Profil\u00e9s mont\u00e9s en surface Convient \u00e0 un usage int\u00e9rieur et ext\u00e9rieur Pour un montage\u2026\" \/>\n<meta property=\"og:url\" content=\"https:\/\/storax.be\/fr\/producten\/profiles-de-recouvrement-des-joints\/serie-w-pvc\/\" \/>\n<meta property=\"og:site_name\" content=\"Storax Belgium\" \/>\n<meta property=\"article:modified_time\" content=\"2024-05-16T07:38:26+00:00\" \/>\n<meta property=\"og:image\" content=\"https:\/\/storax.be\/wp-content\/uploads\/sites\/2\/2019\/03\/thumb_270x270_386.jpg\" \/>\n\t<meta property=\"og:image:width\" content=\"270\" \/>\n\t<meta property=\"og:image:height\" content=\"270\" \/>\n\t<meta property=\"og:image:type\" content=\"image\/jpeg\" \/>\n<meta name=\"twitter:card\" content=\"summary_large_image\" \/>\n<script type=\"application\/ld+json\" class=\"yoast-schema-graph\">{\"@context\":\"https:\\\/\\\/schema.org\",\"@graph\":[{\"@type\":\"WebPage\",\"@id\":\"https:\\\/\\\/storax.be\\\/fr\\\/producten\\\/profiles-de-recouvrement-des-joints\\\/serie-w-pvc\\\/\",\"url\":\"https:\\\/\\\/storax.be\\\/fr\\\/producten\\\/profiles-de-recouvrement-des-joints\\\/serie-w-pvc\\\/\",\"name\":\"S\u00e9rie W PVC - Storax Belgium\",\"isPartOf\":{\"@id\":\"https:\\\/\\\/storax.be\\\/fr\\\/#website\"},\"primaryImageOfPage\":{\"@id\":\"https:\\\/\\\/storax.be\\\/fr\\\/producten\\\/profiles-de-recouvrement-des-joints\\\/serie-w-pvc\\\/#primaryimage\"},\"image\":{\"@id\":\"https:\\\/\\\/storax.be\\\/fr\\\/producten\\\/profiles-de-recouvrement-des-joints\\\/serie-w-pvc\\\/#primaryimage\"},\"thumbnailUrl\":\"https:\\\/\\\/storax.be\\\/wp-content\\\/uploads\\\/sites\\\/2\\\/2019\\\/03\\\/thumb_270x270_386.jpg\",\"datePublished\":\"2022-08-01T14:33:59+00:00\",\"dateModified\":\"2024-05-16T07:38:26+00:00\",\"breadcrumb\":{\"@id\":\"https:\\\/\\\/storax.be\\\/fr\\\/producten\\\/profiles-de-recouvrement-des-joints\\\/serie-w-pvc\\\/#breadcrumb\"},\"inLanguage\":\"fr-FR\",\"potentialAction\":[{\"@type\":\"ReadAction\",\"target\":[\"https:\\\/\\\/storax.be\\\/fr\\\/producten\\\/profiles-de-recouvrement-des-joints\\\/serie-w-pvc\\\/\"]}]},{\"@type\":\"ImageObject\",\"inLanguage\":\"fr-FR\",\"@id\":\"https:\\\/\\\/storax.be\\\/fr\\\/producten\\\/profiles-de-recouvrement-des-joints\\\/serie-w-pvc\\\/#primaryimage\",\"url\":\"https:\\\/\\\/storax.be\\\/wp-content\\\/uploads\\\/sites\\\/2\\\/2019\\\/03\\\/thumb_270x270_386.jpg\",\"contentUrl\":\"https:\\\/\\\/storax.be\\\/wp-content\\\/uploads\\\/sites\\\/2\\\/2019\\\/03\\\/thumb_270x270_386.jpg\",\"width\":270,\"height\":270},{\"@type\":\"BreadcrumbList\",\"@id\":\"https:\\\/\\\/storax.be\\\/fr\\\/producten\\\/profiles-de-recouvrement-des-joints\\\/serie-w-pvc\\\/#breadcrumb\",\"itemListElement\":[{\"@type\":\"ListItem\",\"position\":1,\"name\":\"Home\",\"item\":\"https:\\\/\\\/storax.be\\\/fr\\\/\"},{\"@type\":\"ListItem\",\"position\":2,\"name\":\"Producten\",\"item\":\"https:\\\/\\\/storax.be\\\/fr\\\/producten\\\/%product_category%\\\/\"},{\"@type\":\"ListItem\",\"position\":3,\"name\":\"Profil\u00e9s couvre-joints\",\"item\":\"https:\\\/\\\/storax.be\\\/fr\\\/producten\\\/profiles-couvre-joints\\\/\"},{\"@type\":\"ListItem\",\"position\":4,\"name\":\"Profil\u00e9s de recouvrement des joints\",\"item\":\"https:\\\/\\\/storax.be\\\/fr\\\/producten\\\/profiles-de-recouvrement-des-joints\\\/\"},{\"@type\":\"ListItem\",\"position\":5,\"name\":\"S\u00e9rie W PVC\"}]},{\"@type\":\"WebSite\",\"@id\":\"https:\\\/\\\/storax.be\\\/fr\\\/#website\",\"url\":\"https:\\\/\\\/storax.be\\\/fr\\\/\",\"name\":\"Storax Belgium\",\"description\":\"Uw betrouwbare partner voor bouwprojecten\",\"potentialAction\":[{\"@type\":\"SearchAction\",\"target\":{\"@type\":\"EntryPoint\",\"urlTemplate\":\"https:\\\/\\\/storax.be\\\/fr\\\/?s={search_term_string}\"},\"query-input\":{\"@type\":\"PropertyValueSpecification\",\"valueRequired\":true,\"valueName\":\"search_term_string\"}}],\"inLanguage\":\"fr-FR\"}]}<\/script>\n<!-- \/ Yoast SEO plugin. -->","yoast_head_json":{"title":"S\u00e9rie W PVC - Storax Belgium","robots":{"index":"index","follow":"follow","max-snippet":"max-snippet:-1","max-image-preview":"max-image-preview:large","max-video-preview":"max-video-preview:-1"},"canonical":"https:\/\/storax.be\/fr\/producten\/profiles-de-recouvrement-des-joints\/serie-w-pvc\/","og_locale":"fr_FR","og_type":"article","og_title":"S\u00e9rie W PVC - Storax Belgium","og_description":"Profil\u00e9s couvre-joints en PVC pour murs Profil\u00e9 couvre-joint mince et l\u00e9ger pour des largeurs de joint de 15 \u00e0 45\u00a0mm. Gr\u00e2ce aux clips en acier inoxydable, les profil\u00e9s peuvent \u00eatre mont\u00e9s tr\u00e8s rapidement et facilement. Pour joints de 15 \u00e0 45\u00a0mm. Profil\u00e9s mont\u00e9s en surface Convient \u00e0 un usage int\u00e9rieur et ext\u00e9rieur Pour un montage\u2026","og_url":"https:\/\/storax.be\/fr\/producten\/profiles-de-recouvrement-des-joints\/serie-w-pvc\/","og_site_name":"Storax Belgium","article_modified_time":"2024-05-16T07:38:26+00:00","og_image":[{"width":270,"height":270,"url":"https:\/\/storax.be\/wp-content\/uploads\/sites\/2\/2019\/03\/thumb_270x270_386.jpg","type":"image\/jpeg"}],"twitter_card":"summary_large_image","schema":{"@context":"https:\/\/schema.org","@graph":[{"@type":"WebPage","@id":"https:\/\/storax.be\/fr\/producten\/profiles-de-recouvrement-des-joints\/serie-w-pvc\/","url":"https:\/\/storax.be\/fr\/producten\/profiles-de-recouvrement-des-joints\/serie-w-pvc\/","name":"S\u00e9rie W PVC - Storax Belgium","isPartOf":{"@id":"https:\/\/storax.be\/fr\/#website"},"primaryImageOfPage":{"@id":"https:\/\/storax.be\/fr\/producten\/profiles-de-recouvrement-des-joints\/serie-w-pvc\/#primaryimage"},"image":{"@id":"https:\/\/storax.be\/fr\/producten\/profiles-de-recouvrement-des-joints\/serie-w-pvc\/#primaryimage"},"thumbnailUrl":"https:\/\/storax.be\/wp-content\/uploads\/sites\/2\/2019\/03\/thumb_270x270_386.jpg","datePublished":"2022-08-01T14:33:59+00:00","dateModified":"2024-05-16T07:38:26+00:00","breadcrumb":{"@id":"https:\/\/storax.be\/fr\/producten\/profiles-de-recouvrement-des-joints\/serie-w-pvc\/#breadcrumb"},"inLanguage":"fr-FR","potentialAction":[{"@type":"ReadAction","target":["https:\/\/storax.be\/fr\/producten\/profiles-de-recouvrement-des-joints\/serie-w-pvc\/"]}]},{"@type":"ImageObject","inLanguage":"fr-FR","@id":"https:\/\/storax.be\/fr\/producten\/profiles-de-recouvrement-des-joints\/serie-w-pvc\/#primaryimage","url":"https:\/\/storax.be\/wp-content\/uploads\/sites\/2\/2019\/03\/thumb_270x270_386.jpg","contentUrl":"https:\/\/storax.be\/wp-content\/uploads\/sites\/2\/2019\/03\/thumb_270x270_386.jpg","width":270,"height":270},{"@type":"BreadcrumbList","@id":"https:\/\/storax.be\/fr\/producten\/profiles-de-recouvrement-des-joints\/serie-w-pvc\/#breadcrumb","itemListElement":[{"@type":"ListItem","position":1,"name":"Home","item":"https:\/\/storax.be\/fr\/"},{"@type":"ListItem","position":2,"name":"Producten","item":"https:\/\/storax.be\/fr\/producten\/%product_category%\/"},{"@type":"ListItem","position":3,"name":"Profil\u00e9s couvre-joints","item":"https:\/\/storax.be\/fr\/producten\/profiles-couvre-joints\/"},{"@type":"ListItem","position":4,"name":"Profil\u00e9s de recouvrement des joints","item":"https:\/\/storax.be\/fr\/producten\/profiles-de-recouvrement-des-joints\/"},{"@type":"ListItem","position":5,"name":"S\u00e9rie W PVC"}]},{"@type":"WebSite","@id":"https:\/\/storax.be\/fr\/#website","url":"https:\/\/storax.be\/fr\/","name":"Storax Belgium","description":"Uw betrouwbare partner voor bouwprojecten","potentialAction":[{"@type":"SearchAction","target":{"@type":"EntryPoint","urlTemplate":"https:\/\/storax.be\/fr\/?s={search_term_string}"},"query-input":{"@type":"PropertyValueSpecification","valueRequired":true,"valueName":"search_term_string"}}],"inLanguage":"fr-FR"}]}},"_links":{"self":[{"href":"https:\/\/storax.be\/fr\/wp-json\/wp\/v2\/product\/115005","targetHints":{"allow":["GET"]}}],"collection":[{"href":"https:\/\/storax.be\/fr\/wp-json\/wp\/v2\/product"}],"about":[{"href":"https:\/\/storax.be\/fr\/wp-json\/wp\/v2\/types\/product"}],"wp:featuredmedia":[{"embeddable":true,"href":"https:\/\/storax.be\/fr\/wp-json\/wp\/v2\/media\/106522"}],"wp:attachment":[{"href":"https:\/\/storax.be\/fr\/wp-json\/wp\/v2\/media?parent=115005"}],"wp:term":[{"taxonomy":"product_category","embeddable":true,"href":"https:\/\/storax.be\/fr\/wp-json\/wp\/v2\/product_category?post=115005"},{"taxonomy":"product_tag","embeddable":true,"href":"https:\/\/storax.be\/fr\/wp-json\/wp\/v2\/product_tag?post=115005"}],"curies":[{"name":"wp","href":"https:\/\/api.w.org\/{rel}","templated":true}]}}