{"id":115003,"date":"2022-08-01T14:26:12","date_gmt":"2022-08-01T14:26:12","guid":{"rendered":"https:\/\/storax.be\/?post_type=product&#038;p=115003"},"modified":"2024-05-16T07:38:26","modified_gmt":"2024-05-16T07:38:26","slug":"v020","status":"publish","type":"product","link":"https:\/\/storax.be\/fr\/producten\/primers-fr\/v020\/","title":{"rendered":"V020"},"content":{"rendered":"<p dir=\"ltr\" data-placeholder=\"Translation\"><strong><br \/>\nAffectation<br \/>\n<\/strong><span lang=\"nl\"><br \/>\nAppr\u00eat d&rsquo;adh\u00e9rence pour mortier-colle et produit de nivellement ou de cr\u00e9pi sur les supports \u00e0 base de pl\u00e2tre.<br \/>\n<\/span><\/p>\n<p dir=\"ltr\" data-placeholder=\"Translation\"><strong>Supports autoris\u00e9s<\/strong><\/p>\n<p dir=\"ltr\" data-placeholder=\"Translation\">Sol :<\/p>\n<ul>\n<li style=\"font-weight: 400;\" aria-level=\"1\"><span style=\"font-weight: 400;\">Chape d&rsquo;anhydrite (sulfate de calcium).<\/span><\/li>\n<li style=\"font-weight: 400;\" aria-level=\"1\"><span style=\"font-weight: 400;\">Chape s\u00e8che \u00e0 base de pl\u00e2tre et de produits d\u00e9riv\u00e9s<\/span><\/li>\n<\/ul>\n<p><span style=\"font-weight: 400;\">Mur <\/span>:<\/p>\n<ul>\n<li style=\"font-weight: 400;\" aria-level=\"1\"><span style=\"font-weight: 400;\">Carreaux de pl\u00e2tre.<\/span><\/li>\n<li style=\"font-weight: 400;\" aria-level=\"1\"><span style=\"font-weight: 400;\">Pl\u00e2tre \u00e0 base de gypse.<\/span><\/li>\n<li style=\"font-weight: 400;\" aria-level=\"1\"><span style=\"font-weight: 400;\">Carreaux en briques fix\u00e9es avec du pl\u00e2tre.<\/span><\/li>\n<li style=\"font-weight: 400;\" aria-level=\"1\"><span style=\"font-weight: 400;\">Blocs de b\u00e9ton cellulaire fix\u00e9s avec du pl\u00e2tre.<\/span><\/li>\n<li style=\"font-weight: 400;\" aria-level=\"1\"><span style=\"font-weight: 400;\">Plaques de pl\u00e2tre.<\/span><\/li>\n<\/ul>\n<p><strong>Conditionnement<\/strong><\/p>\n<ul>\n<li id=\"tw-target-text\" class=\"tw-data-text tw-text-large tw-ta\" dir=\"ltr\" data-placeholder=\"Translation\">\n<p id=\"tw-target-text\" class=\"tw-data-text tw-text-large tw-ta\" dir=\"ltr\" data-placeholder=\"Translation\"><span lang=\"nl\"><span style=\"font-weight: 400;\">Bidon de 5 litres \u2013 Bo\u00eete en carton de 4\u00a0bidons<\/span><\/span><\/p>\n<\/li>\n<\/ul>\n","protected":false},"excerpt":{"rendered":"<p>Affectation Appr\u00eat d&rsquo;adh\u00e9rence pour mortier-colle et produit de nivellement ou de cr\u00e9pi sur les supports \u00e0 base de pl\u00e2tre. Supports autoris\u00e9s Sol : Chape d&rsquo;anhydrite (sulfate de calcium). Chape s\u00e8che \u00e0 base de pl\u00e2tre et de produits d\u00e9riv\u00e9s Mur : Carreaux de pl\u00e2tre. Pl\u00e2tre \u00e0 base de gypse. Carreaux en briques fix\u00e9es avec du pl\u00e2tre.\u2026<\/p>\n","protected":false},"featured_media":109005,"template":"","meta":{"_acf_changed":false},"product_category":[751],"product_tag":[],"class_list":["post-115003","product","type-product","status-publish","has-post-thumbnail","hentry","product_category-primers-fr"],"acf":[],"yoast_head":"<!-- This site is optimized with the Yoast SEO plugin v27.3 - https:\/\/yoast.com\/product\/yoast-seo-wordpress\/ -->\n<title>V020 - Storax Belgium<\/title>\n<meta name=\"robots\" content=\"index, follow, max-snippet:-1, max-image-preview:large, max-video-preview:-1\" \/>\n<link rel=\"canonical\" href=\"https:\/\/storax.be\/fr\/producten\/primers-fr\/v020\/\" \/>\n<meta property=\"og:locale\" content=\"fr_FR\" \/>\n<meta property=\"og:type\" content=\"article\" \/>\n<meta property=\"og:title\" content=\"V020 - Storax Belgium\" \/>\n<meta property=\"og:description\" content=\"Affectation Appr\u00eat d&rsquo;adh\u00e9rence pour mortier-colle et produit de nivellement ou de cr\u00e9pi sur les supports \u00e0 base de pl\u00e2tre. Supports autoris\u00e9s Sol : Chape d&rsquo;anhydrite (sulfate de calcium). Chape s\u00e8che \u00e0 base de pl\u00e2tre et de produits d\u00e9riv\u00e9s Mur : Carreaux de pl\u00e2tre. Pl\u00e2tre \u00e0 base de gypse. Carreaux en briques fix\u00e9es avec du pl\u00e2tre.\u2026\" \/>\n<meta property=\"og:url\" content=\"https:\/\/storax.be\/fr\/producten\/primers-fr\/v020\/\" \/>\n<meta property=\"og:site_name\" content=\"Storax Belgium\" \/>\n<meta property=\"article:modified_time\" content=\"2024-05-16T07:38:26+00:00\" \/>\n<meta property=\"og:image\" content=\"https:\/\/storax.be\/wp-content\/uploads\/sites\/2\/2020\/01\/V020.jpg\" \/>\n\t<meta property=\"og:image:width\" content=\"470\" \/>\n\t<meta property=\"og:image:height\" content=\"470\" \/>\n\t<meta property=\"og:image:type\" content=\"image\/jpeg\" \/>\n<meta name=\"twitter:card\" content=\"summary_large_image\" \/>\n<meta name=\"twitter:label1\" content=\"Dur\u00e9e de lecture estim\u00e9e\" \/>\n\t<meta name=\"twitter:data1\" content=\"1 minute\" \/>\n<script type=\"application\/ld+json\" class=\"yoast-schema-graph\">{\"@context\":\"https:\\\/\\\/schema.org\",\"@graph\":[{\"@type\":\"WebPage\",\"@id\":\"https:\\\/\\\/storax.be\\\/fr\\\/producten\\\/primers-fr\\\/v020\\\/\",\"url\":\"https:\\\/\\\/storax.be\\\/fr\\\/producten\\\/primers-fr\\\/v020\\\/\",\"name\":\"V020 - Storax Belgium\",\"isPartOf\":{\"@id\":\"https:\\\/\\\/storax.be\\\/fr\\\/#website\"},\"primaryImageOfPage\":{\"@id\":\"https:\\\/\\\/storax.be\\\/fr\\\/producten\\\/primers-fr\\\/v020\\\/#primaryimage\"},\"image\":{\"@id\":\"https:\\\/\\\/storax.be\\\/fr\\\/producten\\\/primers-fr\\\/v020\\\/#primaryimage\"},\"thumbnailUrl\":\"https:\\\/\\\/storax.be\\\/wp-content\\\/uploads\\\/sites\\\/2\\\/2020\\\/01\\\/V020.jpg\",\"datePublished\":\"2022-08-01T14:26:12+00:00\",\"dateModified\":\"2024-05-16T07:38:26+00:00\",\"breadcrumb\":{\"@id\":\"https:\\\/\\\/storax.be\\\/fr\\\/producten\\\/primers-fr\\\/v020\\\/#breadcrumb\"},\"inLanguage\":\"fr-FR\",\"potentialAction\":[{\"@type\":\"ReadAction\",\"target\":[\"https:\\\/\\\/storax.be\\\/fr\\\/producten\\\/primers-fr\\\/v020\\\/\"]}]},{\"@type\":\"ImageObject\",\"inLanguage\":\"fr-FR\",\"@id\":\"https:\\\/\\\/storax.be\\\/fr\\\/producten\\\/primers-fr\\\/v020\\\/#primaryimage\",\"url\":\"https:\\\/\\\/storax.be\\\/wp-content\\\/uploads\\\/sites\\\/2\\\/2020\\\/01\\\/V020.jpg\",\"contentUrl\":\"https:\\\/\\\/storax.be\\\/wp-content\\\/uploads\\\/sites\\\/2\\\/2020\\\/01\\\/V020.jpg\",\"width\":470,\"height\":470,\"caption\":\"Hechtingsprimer\"},{\"@type\":\"BreadcrumbList\",\"@id\":\"https:\\\/\\\/storax.be\\\/fr\\\/producten\\\/primers-fr\\\/v020\\\/#breadcrumb\",\"itemListElement\":[{\"@type\":\"ListItem\",\"position\":1,\"name\":\"Home\",\"item\":\"https:\\\/\\\/storax.be\\\/fr\\\/\"},{\"@type\":\"ListItem\",\"position\":2,\"name\":\"Producten\",\"item\":\"https:\\\/\\\/storax.be\\\/fr\\\/producten\\\/%product_category%\\\/\"},{\"@type\":\"ListItem\",\"position\":3,\"name\":\"Colles \u00e0 carrelage\",\"item\":\"https:\\\/\\\/storax.be\\\/fr\\\/producten\\\/colles-a-carrelage\\\/\"},{\"@type\":\"ListItem\",\"position\":4,\"name\":\"Primers\",\"item\":\"https:\\\/\\\/storax.be\\\/fr\\\/producten\\\/primers-fr\\\/\"},{\"@type\":\"ListItem\",\"position\":5,\"name\":\"V020\"}]},{\"@type\":\"WebSite\",\"@id\":\"https:\\\/\\\/storax.be\\\/fr\\\/#website\",\"url\":\"https:\\\/\\\/storax.be\\\/fr\\\/\",\"name\":\"Storax Belgium\",\"description\":\"Uw betrouwbare partner voor bouwprojecten\",\"potentialAction\":[{\"@type\":\"SearchAction\",\"target\":{\"@type\":\"EntryPoint\",\"urlTemplate\":\"https:\\\/\\\/storax.be\\\/fr\\\/?s={search_term_string}\"},\"query-input\":{\"@type\":\"PropertyValueSpecification\",\"valueRequired\":true,\"valueName\":\"search_term_string\"}}],\"inLanguage\":\"fr-FR\"}]}<\/script>\n<!-- \/ Yoast SEO plugin. -->","yoast_head_json":{"title":"V020 - Storax Belgium","robots":{"index":"index","follow":"follow","max-snippet":"max-snippet:-1","max-image-preview":"max-image-preview:large","max-video-preview":"max-video-preview:-1"},"canonical":"https:\/\/storax.be\/fr\/producten\/primers-fr\/v020\/","og_locale":"fr_FR","og_type":"article","og_title":"V020 - Storax Belgium","og_description":"Affectation Appr\u00eat d&rsquo;adh\u00e9rence pour mortier-colle et produit de nivellement ou de cr\u00e9pi sur les supports \u00e0 base de pl\u00e2tre. Supports autoris\u00e9s Sol : Chape d&rsquo;anhydrite (sulfate de calcium). Chape s\u00e8che \u00e0 base de pl\u00e2tre et de produits d\u00e9riv\u00e9s Mur : Carreaux de pl\u00e2tre. Pl\u00e2tre \u00e0 base de gypse. Carreaux en briques fix\u00e9es avec du pl\u00e2tre.\u2026","og_url":"https:\/\/storax.be\/fr\/producten\/primers-fr\/v020\/","og_site_name":"Storax Belgium","article_modified_time":"2024-05-16T07:38:26+00:00","og_image":[{"width":470,"height":470,"url":"https:\/\/storax.be\/wp-content\/uploads\/sites\/2\/2020\/01\/V020.jpg","type":"image\/jpeg"}],"twitter_card":"summary_large_image","twitter_misc":{"Dur\u00e9e de lecture estim\u00e9e":"1 minute"},"schema":{"@context":"https:\/\/schema.org","@graph":[{"@type":"WebPage","@id":"https:\/\/storax.be\/fr\/producten\/primers-fr\/v020\/","url":"https:\/\/storax.be\/fr\/producten\/primers-fr\/v020\/","name":"V020 - Storax Belgium","isPartOf":{"@id":"https:\/\/storax.be\/fr\/#website"},"primaryImageOfPage":{"@id":"https:\/\/storax.be\/fr\/producten\/primers-fr\/v020\/#primaryimage"},"image":{"@id":"https:\/\/storax.be\/fr\/producten\/primers-fr\/v020\/#primaryimage"},"thumbnailUrl":"https:\/\/storax.be\/wp-content\/uploads\/sites\/2\/2020\/01\/V020.jpg","datePublished":"2022-08-01T14:26:12+00:00","dateModified":"2024-05-16T07:38:26+00:00","breadcrumb":{"@id":"https:\/\/storax.be\/fr\/producten\/primers-fr\/v020\/#breadcrumb"},"inLanguage":"fr-FR","potentialAction":[{"@type":"ReadAction","target":["https:\/\/storax.be\/fr\/producten\/primers-fr\/v020\/"]}]},{"@type":"ImageObject","inLanguage":"fr-FR","@id":"https:\/\/storax.be\/fr\/producten\/primers-fr\/v020\/#primaryimage","url":"https:\/\/storax.be\/wp-content\/uploads\/sites\/2\/2020\/01\/V020.jpg","contentUrl":"https:\/\/storax.be\/wp-content\/uploads\/sites\/2\/2020\/01\/V020.jpg","width":470,"height":470,"caption":"Hechtingsprimer"},{"@type":"BreadcrumbList","@id":"https:\/\/storax.be\/fr\/producten\/primers-fr\/v020\/#breadcrumb","itemListElement":[{"@type":"ListItem","position":1,"name":"Home","item":"https:\/\/storax.be\/fr\/"},{"@type":"ListItem","position":2,"name":"Producten","item":"https:\/\/storax.be\/fr\/producten\/%product_category%\/"},{"@type":"ListItem","position":3,"name":"Colles \u00e0 carrelage","item":"https:\/\/storax.be\/fr\/producten\/colles-a-carrelage\/"},{"@type":"ListItem","position":4,"name":"Primers","item":"https:\/\/storax.be\/fr\/producten\/primers-fr\/"},{"@type":"ListItem","position":5,"name":"V020"}]},{"@type":"WebSite","@id":"https:\/\/storax.be\/fr\/#website","url":"https:\/\/storax.be\/fr\/","name":"Storax Belgium","description":"Uw betrouwbare partner voor bouwprojecten","potentialAction":[{"@type":"SearchAction","target":{"@type":"EntryPoint","urlTemplate":"https:\/\/storax.be\/fr\/?s={search_term_string}"},"query-input":{"@type":"PropertyValueSpecification","valueRequired":true,"valueName":"search_term_string"}}],"inLanguage":"fr-FR"}]}},"_links":{"self":[{"href":"https:\/\/storax.be\/fr\/wp-json\/wp\/v2\/product\/115003","targetHints":{"allow":["GET"]}}],"collection":[{"href":"https:\/\/storax.be\/fr\/wp-json\/wp\/v2\/product"}],"about":[{"href":"https:\/\/storax.be\/fr\/wp-json\/wp\/v2\/types\/product"}],"wp:featuredmedia":[{"embeddable":true,"href":"https:\/\/storax.be\/fr\/wp-json\/wp\/v2\/media\/109005"}],"wp:attachment":[{"href":"https:\/\/storax.be\/fr\/wp-json\/wp\/v2\/media?parent=115003"}],"wp:term":[{"taxonomy":"product_category","embeddable":true,"href":"https:\/\/storax.be\/fr\/wp-json\/wp\/v2\/product_category?post=115003"},{"taxonomy":"product_tag","embeddable":true,"href":"https:\/\/storax.be\/fr\/wp-json\/wp\/v2\/product_tag?post=115003"}],"curies":[{"name":"wp","href":"https:\/\/api.w.org\/{rel}","templated":true}]}}