{"id":114999,"date":"2022-08-01T14:16:31","date_gmt":"2022-08-01T14:16:31","guid":{"rendered":"https:\/\/storax.be\/?post_type=product&#038;p=114999"},"modified":"2024-05-16T07:38:26","modified_gmt":"2024-05-16T07:38:26","slug":"prelaquees","status":"publish","type":"product","link":"https:\/\/storax.be\/fr\/producten\/plinthes-en-aluminium\/prelaquees\/","title":{"rendered":"Pr\u00e9laqu\u00e9es"},"content":{"rendered":"<h2 style=\"font-size: 1.5em; line-height: 40px; font-weight: 600;\"><b>Pr\u00e9laqu\u00e9es<\/b><\/h2>\n<table>\n<tbody>\n<tr>\n<td><strong>Mat\u00e9riau<\/strong><\/td>\n<td style=\"width: 20px;\"><strong>:<\/strong><\/td>\n<td><span style=\"font-weight: 400;\">aluminium pr\u00e9laqu\u00e9, le c\u00f4t\u00e9 sup\u00e9rieur de la plinthe (c\u00f4t\u00e9 coup\u00e9) est en aluminium brut, muni d&rsquo;un film de protection P.E.<\/span><\/td>\n<\/tr>\n<tr>\n<td><strong>Couleur<\/strong><\/td>\n<td style=\"width: 20px;\"><strong>:<\/strong><\/td>\n<td><span style=\"font-weight: 400;\">Plinthes en aluminium blanches, plinthes en aluminium noires, plinthes en aluminium grises<br \/>\n<\/span><span style=\"font-weight: 400;\">1\u00a0mm d&rsquo;\u00e9paisseur\u00a0: RAL 9010 et 9016<br \/>\n<\/span><span style=\"font-weight: 400;\">1,5\u00a0mm d&rsquo;\u00e9paisseur\u00a0: RAL 7016, 7021, 9001, 9005, 9006, 9007, 9010, 9016<br \/>\n<\/span><span style=\"font-weight: 400;\">autres couleurs RAL sur demande, possible pour tout achat de 500\u00a0kg (correspond \u00e0 3000\u00a0m\u00e8tres 60\u00d71\u00a0mm ou 2000\u00a0m\u00e8tres 60\u00d71,5\u00a0mm)<\/span><\/td>\n<\/tr>\n<tr>\n<td><strong>\u00c9paisseur<\/strong><\/td>\n<td style=\"width: 20px;\"><strong>:<\/strong><\/td>\n<td><span style=\"font-weight: 400;\">1 et 1,5\u00a0mm<\/span><\/td>\n<\/tr>\n<tr>\n<td><strong>Hauteur<\/strong><\/td>\n<td style=\"width: 20px;\"><strong>:<\/strong><\/td>\n<td><span style=\"font-weight: 400;\">toute hauteur souhait\u00e9e entre 40 et 120\u00a0mm<\/span><\/td>\n<\/tr>\n<tr>\n<td><strong>Longueur<\/strong><\/td>\n<td style=\"width: 20px;\"><strong>:<\/strong><\/td>\n<td><span style=\"font-weight: 400;\">longueur standard 3\u00a0m \/ possible sur mesure<\/span><\/td>\n<\/tr>\n<tr>\n<td><strong>Colonnes<\/strong><\/td>\n<td style=\"width: 20px;\"><strong>:<\/strong><\/td>\n<td><span style=\"font-weight: 400;\">pour les colonnes rondes, on utilise 2 demi-coques d&rsquo;un diam\u00e8tre minimum de 250\u00a0mm<\/span><\/td>\n<\/tr>\n<tr>\n<td><strong>Fixation<\/strong><\/td>\n<td style=\"width: 20px;\"><strong>:<\/strong><\/td>\n<td><span style=\"font-weight: 400;\">colle Storax STX blanc<\/span><\/td>\n<\/tr>\n<tr>\n<td><strong>Montage<\/strong><\/td>\n<td style=\"width: 20px;\"><strong>:<\/strong><\/td>\n<td><span style=\"font-weight: 400;\">sur demande<\/span><\/td>\n<\/tr>\n<\/tbody>\n<\/table>\n","protected":false},"excerpt":{"rendered":"<p>Pr\u00e9laqu\u00e9es Mat\u00e9riau : aluminium pr\u00e9laqu\u00e9, le c\u00f4t\u00e9 sup\u00e9rieur de la plinthe (c\u00f4t\u00e9 coup\u00e9) est en aluminium brut, muni d&rsquo;un film de protection P.E. Couleur : Plinthes en aluminium blanches, plinthes en aluminium noires, plinthes en aluminium grises 1\u00a0mm d&rsquo;\u00e9paisseur\u00a0: RAL 9010 et 9016 1,5\u00a0mm d&rsquo;\u00e9paisseur\u00a0: RAL 7016, 7021, 9001, 9005, 9006, 9007, 9010, 9016 autres\u2026<\/p>\n","protected":false},"featured_media":106466,"template":"","meta":{"_acf_changed":false},"product_category":[615,664],"product_tag":[],"class_list":["post-114999","product","type-product","status-publish","has-post-thumbnail","hentry","product_category-plinthes-aluminium-inox-plastique","product_category-plinthes-en-aluminium"],"acf":[],"yoast_head":"<!-- This site is optimized with the Yoast SEO plugin v27.3 - https:\/\/yoast.com\/product\/yoast-seo-wordpress\/ -->\n<title>Pr\u00e9laqu\u00e9es - Storax Belgium<\/title>\n<meta name=\"robots\" content=\"index, follow, max-snippet:-1, max-image-preview:large, max-video-preview:-1\" \/>\n<link rel=\"canonical\" href=\"https:\/\/storax.be\/fr\/producten\/plinthes-en-aluminium\/prelaquees\/\" \/>\n<meta property=\"og:locale\" content=\"fr_FR\" \/>\n<meta property=\"og:type\" content=\"article\" \/>\n<meta property=\"og:title\" content=\"Pr\u00e9laqu\u00e9es - Storax Belgium\" \/>\n<meta property=\"og:description\" content=\"Pr\u00e9laqu\u00e9es Mat\u00e9riau : aluminium pr\u00e9laqu\u00e9, le c\u00f4t\u00e9 sup\u00e9rieur de la plinthe (c\u00f4t\u00e9 coup\u00e9) est en aluminium brut, muni d&rsquo;un film de protection P.E. Couleur : Plinthes en aluminium blanches, plinthes en aluminium noires, plinthes en aluminium grises 1\u00a0mm d&rsquo;\u00e9paisseur\u00a0: RAL 9010 et 9016 1,5\u00a0mm d&rsquo;\u00e9paisseur\u00a0: RAL 7016, 7021, 9001, 9005, 9006, 9007, 9010, 9016 autres\u2026\" \/>\n<meta property=\"og:url\" content=\"https:\/\/storax.be\/fr\/producten\/plinthes-en-aluminium\/prelaquees\/\" \/>\n<meta property=\"og:site_name\" content=\"Storax Belgium\" \/>\n<meta property=\"article:modified_time\" content=\"2024-05-16T07:38:26+00:00\" \/>\n<meta property=\"og:image\" content=\"https:\/\/storax.be\/wp-content\/uploads\/sites\/2\/2019\/03\/thumb_270x270_437.jpg\" \/>\n\t<meta property=\"og:image:width\" content=\"270\" \/>\n\t<meta property=\"og:image:height\" content=\"270\" \/>\n\t<meta property=\"og:image:type\" content=\"image\/jpeg\" \/>\n<meta name=\"twitter:card\" content=\"summary_large_image\" \/>\n<meta name=\"twitter:label1\" content=\"Dur\u00e9e de lecture estim\u00e9e\" \/>\n\t<meta name=\"twitter:data1\" content=\"1 minute\" \/>\n<script type=\"application\/ld+json\" class=\"yoast-schema-graph\">{\"@context\":\"https:\\\/\\\/schema.org\",\"@graph\":[{\"@type\":\"WebPage\",\"@id\":\"https:\\\/\\\/storax.be\\\/fr\\\/producten\\\/plinthes-en-aluminium\\\/prelaquees\\\/\",\"url\":\"https:\\\/\\\/storax.be\\\/fr\\\/producten\\\/plinthes-en-aluminium\\\/prelaquees\\\/\",\"name\":\"Pr\u00e9laqu\u00e9es - Storax Belgium\",\"isPartOf\":{\"@id\":\"https:\\\/\\\/storax.be\\\/fr\\\/#website\"},\"primaryImageOfPage\":{\"@id\":\"https:\\\/\\\/storax.be\\\/fr\\\/producten\\\/plinthes-en-aluminium\\\/prelaquees\\\/#primaryimage\"},\"image\":{\"@id\":\"https:\\\/\\\/storax.be\\\/fr\\\/producten\\\/plinthes-en-aluminium\\\/prelaquees\\\/#primaryimage\"},\"thumbnailUrl\":\"https:\\\/\\\/storax.be\\\/wp-content\\\/uploads\\\/sites\\\/2\\\/2019\\\/03\\\/thumb_270x270_437.jpg\",\"datePublished\":\"2022-08-01T14:16:31+00:00\",\"dateModified\":\"2024-05-16T07:38:26+00:00\",\"breadcrumb\":{\"@id\":\"https:\\\/\\\/storax.be\\\/fr\\\/producten\\\/plinthes-en-aluminium\\\/prelaquees\\\/#breadcrumb\"},\"inLanguage\":\"fr-FR\",\"potentialAction\":[{\"@type\":\"ReadAction\",\"target\":[\"https:\\\/\\\/storax.be\\\/fr\\\/producten\\\/plinthes-en-aluminium\\\/prelaquees\\\/\"]}]},{\"@type\":\"ImageObject\",\"inLanguage\":\"fr-FR\",\"@id\":\"https:\\\/\\\/storax.be\\\/fr\\\/producten\\\/plinthes-en-aluminium\\\/prelaquees\\\/#primaryimage\",\"url\":\"https:\\\/\\\/storax.be\\\/wp-content\\\/uploads\\\/sites\\\/2\\\/2019\\\/03\\\/thumb_270x270_437.jpg\",\"contentUrl\":\"https:\\\/\\\/storax.be\\\/wp-content\\\/uploads\\\/sites\\\/2\\\/2019\\\/03\\\/thumb_270x270_437.jpg\",\"width\":270,\"height\":270},{\"@type\":\"BreadcrumbList\",\"@id\":\"https:\\\/\\\/storax.be\\\/fr\\\/producten\\\/plinthes-en-aluminium\\\/prelaquees\\\/#breadcrumb\",\"itemListElement\":[{\"@type\":\"ListItem\",\"position\":1,\"name\":\"Home\",\"item\":\"https:\\\/\\\/storax.be\\\/fr\\\/\"},{\"@type\":\"ListItem\",\"position\":2,\"name\":\"Producten\",\"item\":\"https:\\\/\\\/storax.be\\\/fr\\\/producten\\\/%product_category%\\\/\"},{\"@type\":\"ListItem\",\"position\":3,\"name\":\"Plinthes\",\"item\":\"https:\\\/\\\/storax.be\\\/fr\\\/producten\\\/plinthes-aluminium-inox-plastique\\\/\"},{\"@type\":\"ListItem\",\"position\":4,\"name\":\"Plinthes en aluminium\",\"item\":\"https:\\\/\\\/storax.be\\\/fr\\\/producten\\\/plinthes-en-aluminium\\\/\"},{\"@type\":\"ListItem\",\"position\":5,\"name\":\"Pr\u00e9laqu\u00e9es\"}]},{\"@type\":\"WebSite\",\"@id\":\"https:\\\/\\\/storax.be\\\/fr\\\/#website\",\"url\":\"https:\\\/\\\/storax.be\\\/fr\\\/\",\"name\":\"Storax Belgium\",\"description\":\"Uw betrouwbare partner voor bouwprojecten\",\"potentialAction\":[{\"@type\":\"SearchAction\",\"target\":{\"@type\":\"EntryPoint\",\"urlTemplate\":\"https:\\\/\\\/storax.be\\\/fr\\\/?s={search_term_string}\"},\"query-input\":{\"@type\":\"PropertyValueSpecification\",\"valueRequired\":true,\"valueName\":\"search_term_string\"}}],\"inLanguage\":\"fr-FR\"}]}<\/script>\n<!-- \/ Yoast SEO plugin. -->","yoast_head_json":{"title":"Pr\u00e9laqu\u00e9es - Storax Belgium","robots":{"index":"index","follow":"follow","max-snippet":"max-snippet:-1","max-image-preview":"max-image-preview:large","max-video-preview":"max-video-preview:-1"},"canonical":"https:\/\/storax.be\/fr\/producten\/plinthes-en-aluminium\/prelaquees\/","og_locale":"fr_FR","og_type":"article","og_title":"Pr\u00e9laqu\u00e9es - Storax Belgium","og_description":"Pr\u00e9laqu\u00e9es Mat\u00e9riau : aluminium pr\u00e9laqu\u00e9, le c\u00f4t\u00e9 sup\u00e9rieur de la plinthe (c\u00f4t\u00e9 coup\u00e9) est en aluminium brut, muni d&rsquo;un film de protection P.E. Couleur : Plinthes en aluminium blanches, plinthes en aluminium noires, plinthes en aluminium grises 1\u00a0mm d&rsquo;\u00e9paisseur\u00a0: RAL 9010 et 9016 1,5\u00a0mm d&rsquo;\u00e9paisseur\u00a0: RAL 7016, 7021, 9001, 9005, 9006, 9007, 9010, 9016 autres\u2026","og_url":"https:\/\/storax.be\/fr\/producten\/plinthes-en-aluminium\/prelaquees\/","og_site_name":"Storax Belgium","article_modified_time":"2024-05-16T07:38:26+00:00","og_image":[{"width":270,"height":270,"url":"https:\/\/storax.be\/wp-content\/uploads\/sites\/2\/2019\/03\/thumb_270x270_437.jpg","type":"image\/jpeg"}],"twitter_card":"summary_large_image","twitter_misc":{"Dur\u00e9e de lecture estim\u00e9e":"1 minute"},"schema":{"@context":"https:\/\/schema.org","@graph":[{"@type":"WebPage","@id":"https:\/\/storax.be\/fr\/producten\/plinthes-en-aluminium\/prelaquees\/","url":"https:\/\/storax.be\/fr\/producten\/plinthes-en-aluminium\/prelaquees\/","name":"Pr\u00e9laqu\u00e9es - Storax Belgium","isPartOf":{"@id":"https:\/\/storax.be\/fr\/#website"},"primaryImageOfPage":{"@id":"https:\/\/storax.be\/fr\/producten\/plinthes-en-aluminium\/prelaquees\/#primaryimage"},"image":{"@id":"https:\/\/storax.be\/fr\/producten\/plinthes-en-aluminium\/prelaquees\/#primaryimage"},"thumbnailUrl":"https:\/\/storax.be\/wp-content\/uploads\/sites\/2\/2019\/03\/thumb_270x270_437.jpg","datePublished":"2022-08-01T14:16:31+00:00","dateModified":"2024-05-16T07:38:26+00:00","breadcrumb":{"@id":"https:\/\/storax.be\/fr\/producten\/plinthes-en-aluminium\/prelaquees\/#breadcrumb"},"inLanguage":"fr-FR","potentialAction":[{"@type":"ReadAction","target":["https:\/\/storax.be\/fr\/producten\/plinthes-en-aluminium\/prelaquees\/"]}]},{"@type":"ImageObject","inLanguage":"fr-FR","@id":"https:\/\/storax.be\/fr\/producten\/plinthes-en-aluminium\/prelaquees\/#primaryimage","url":"https:\/\/storax.be\/wp-content\/uploads\/sites\/2\/2019\/03\/thumb_270x270_437.jpg","contentUrl":"https:\/\/storax.be\/wp-content\/uploads\/sites\/2\/2019\/03\/thumb_270x270_437.jpg","width":270,"height":270},{"@type":"BreadcrumbList","@id":"https:\/\/storax.be\/fr\/producten\/plinthes-en-aluminium\/prelaquees\/#breadcrumb","itemListElement":[{"@type":"ListItem","position":1,"name":"Home","item":"https:\/\/storax.be\/fr\/"},{"@type":"ListItem","position":2,"name":"Producten","item":"https:\/\/storax.be\/fr\/producten\/%product_category%\/"},{"@type":"ListItem","position":3,"name":"Plinthes","item":"https:\/\/storax.be\/fr\/producten\/plinthes-aluminium-inox-plastique\/"},{"@type":"ListItem","position":4,"name":"Plinthes en aluminium","item":"https:\/\/storax.be\/fr\/producten\/plinthes-en-aluminium\/"},{"@type":"ListItem","position":5,"name":"Pr\u00e9laqu\u00e9es"}]},{"@type":"WebSite","@id":"https:\/\/storax.be\/fr\/#website","url":"https:\/\/storax.be\/fr\/","name":"Storax Belgium","description":"Uw betrouwbare partner voor bouwprojecten","potentialAction":[{"@type":"SearchAction","target":{"@type":"EntryPoint","urlTemplate":"https:\/\/storax.be\/fr\/?s={search_term_string}"},"query-input":{"@type":"PropertyValueSpecification","valueRequired":true,"valueName":"search_term_string"}}],"inLanguage":"fr-FR"}]}},"_links":{"self":[{"href":"https:\/\/storax.be\/fr\/wp-json\/wp\/v2\/product\/114999","targetHints":{"allow":["GET"]}}],"collection":[{"href":"https:\/\/storax.be\/fr\/wp-json\/wp\/v2\/product"}],"about":[{"href":"https:\/\/storax.be\/fr\/wp-json\/wp\/v2\/types\/product"}],"wp:featuredmedia":[{"embeddable":true,"href":"https:\/\/storax.be\/fr\/wp-json\/wp\/v2\/media\/106466"}],"wp:attachment":[{"href":"https:\/\/storax.be\/fr\/wp-json\/wp\/v2\/media?parent=114999"}],"wp:term":[{"taxonomy":"product_category","embeddable":true,"href":"https:\/\/storax.be\/fr\/wp-json\/wp\/v2\/product_category?post=114999"},{"taxonomy":"product_tag","embeddable":true,"href":"https:\/\/storax.be\/fr\/wp-json\/wp\/v2\/product_tag?post=114999"}],"curies":[{"name":"wp","href":"https:\/\/api.w.org\/{rel}","templated":true}]}}