{"id":114984,"date":"2022-08-01T13:39:10","date_gmt":"2022-08-01T13:39:10","guid":{"rendered":"https:\/\/storax.be\/?post_type=product&#038;p=114984"},"modified":"2024-05-16T07:38:23","modified_gmt":"2024-05-16T07:38:23","slug":"cubu-flex-life-xl","status":"publish","type":"product","link":"https:\/\/storax.be\/fr\/producten\/plinthes-en-plastique\/cubu-flex-life-xl\/","title":{"rendered":"Cubu Flex Life \/ XL"},"content":{"rendered":"<p>&nbsp;<\/p>\n<p><strong>\u00c0 propos de ce produit<\/strong><\/p>\n<ul>\n<li style=\"font-weight: 400;\" aria-level=\"1\"><span style=\"font-weight: 400;\">\u00e2me HDF rev\u00eatue d&rsquo;un m\u00e9lange de polym\u00e8res sans chlore, r\u00e9sistant \u00e0 l&rsquo;abrasion, \u00e0 base de PP\/TPE, avec joints \u00e0 l\u00e8vres flexibles en haut et en bas<\/span><\/li>\n<li style=\"font-weight: 400;\" aria-level=\"1\"><span style=\"font-weight: 400;\">hauteurs\u00a0: 40-60-80-100\u00a0mm<\/span><\/li>\n<li style=\"font-weight: 400;\" aria-level=\"1\"><span style=\"font-weight: 400;\">facile et rapide \u00e0 installer \u00e0 l&rsquo;aide d&rsquo;un poin\u00e7on et d&rsquo;un pistolet \u00e0 colle thermofusible<\/span><\/li>\n<li style=\"font-weight: 400;\" aria-level=\"1\"><span style=\"font-weight: 400;\">les embouts, les angles internes et externes sont r\u00e9alis\u00e9s avec le poin\u00e7on<\/span><\/li>\n<li style=\"font-weight: 400;\" aria-level=\"1\"><span style=\"font-weight: 400;\">disponible dans toutes les couleurs RAL \u00e0 partir de 1000\u00a0m<\/span><\/li>\n<\/ul>\n<p><img decoding=\"async\" src=\"\/images\/Plinten\/d%C3%B6llken\/greenguard.jpg\" \/><\/p>\n","protected":false},"excerpt":{"rendered":"<p>&nbsp; \u00c0 propos de ce produit \u00e2me HDF rev\u00eatue d&rsquo;un m\u00e9lange de polym\u00e8res sans chlore, r\u00e9sistant \u00e0 l&rsquo;abrasion, \u00e0 base de PP\/TPE, avec joints \u00e0 l\u00e8vres flexibles en haut et en bas hauteurs\u00a0: 40-60-80-100\u00a0mm facile et rapide \u00e0 installer \u00e0 l&rsquo;aide d&rsquo;un poin\u00e7on et d&rsquo;un pistolet \u00e0 colle thermofusible les embouts, les angles internes et\u2026<\/p>\n","protected":false},"featured_media":106460,"template":"","meta":{"_acf_changed":false},"product_category":[615,704],"product_tag":[495],"class_list":["post-114984","product","type-product","status-publish","has-post-thumbnail","hentry","product_category-plinthes-aluminium-inox-plastique","product_category-plinthes-en-plastique","product_tag-cubu-flex-fr"],"acf":[],"yoast_head":"<!-- This site is optimized with the Yoast SEO plugin v27.3 - https:\/\/yoast.com\/product\/yoast-seo-wordpress\/ -->\n<title>Cubu Flex Life \/ XL - Storax Belgium<\/title>\n<meta name=\"robots\" content=\"index, follow, max-snippet:-1, max-image-preview:large, max-video-preview:-1\" \/>\n<link rel=\"canonical\" href=\"https:\/\/storax.be\/fr\/producten\/plinthes-en-plastique\/cubu-flex-life-xl\/\" \/>\n<meta property=\"og:locale\" content=\"fr_FR\" \/>\n<meta property=\"og:type\" content=\"article\" \/>\n<meta property=\"og:title\" content=\"Cubu Flex Life \/ XL - Storax Belgium\" \/>\n<meta property=\"og:description\" content=\"&nbsp; \u00c0 propos de ce produit \u00e2me HDF rev\u00eatue d&rsquo;un m\u00e9lange de polym\u00e8res sans chlore, r\u00e9sistant \u00e0 l&rsquo;abrasion, \u00e0 base de PP\/TPE, avec joints \u00e0 l\u00e8vres flexibles en haut et en bas hauteurs\u00a0: 40-60-80-100\u00a0mm facile et rapide \u00e0 installer \u00e0 l&rsquo;aide d&rsquo;un poin\u00e7on et d&rsquo;un pistolet \u00e0 colle thermofusible les embouts, les angles internes et\u2026\" \/>\n<meta property=\"og:url\" content=\"https:\/\/storax.be\/fr\/producten\/plinthes-en-plastique\/cubu-flex-life-xl\/\" \/>\n<meta property=\"og:site_name\" content=\"Storax Belgium\" \/>\n<meta property=\"article:modified_time\" content=\"2024-05-16T07:38:23+00:00\" \/>\n<meta property=\"og:image\" content=\"https:\/\/storax.be\/wp-content\/uploads\/sites\/2\/2019\/03\/thumb_270x270_434.jpg\" \/>\n\t<meta property=\"og:image:width\" content=\"270\" \/>\n\t<meta property=\"og:image:height\" content=\"270\" \/>\n\t<meta property=\"og:image:type\" content=\"image\/jpeg\" \/>\n<meta name=\"twitter:card\" content=\"summary_large_image\" \/>\n<script type=\"application\/ld+json\" class=\"yoast-schema-graph\">{\"@context\":\"https:\\\/\\\/schema.org\",\"@graph\":[{\"@type\":\"WebPage\",\"@id\":\"https:\\\/\\\/storax.be\\\/fr\\\/producten\\\/plinthes-en-plastique\\\/cubu-flex-life-xl\\\/\",\"url\":\"https:\\\/\\\/storax.be\\\/fr\\\/producten\\\/plinthes-en-plastique\\\/cubu-flex-life-xl\\\/\",\"name\":\"Cubu Flex Life \\\/ XL - Storax Belgium\",\"isPartOf\":{\"@id\":\"https:\\\/\\\/storax.be\\\/fr\\\/#website\"},\"primaryImageOfPage\":{\"@id\":\"https:\\\/\\\/storax.be\\\/fr\\\/producten\\\/plinthes-en-plastique\\\/cubu-flex-life-xl\\\/#primaryimage\"},\"image\":{\"@id\":\"https:\\\/\\\/storax.be\\\/fr\\\/producten\\\/plinthes-en-plastique\\\/cubu-flex-life-xl\\\/#primaryimage\"},\"thumbnailUrl\":\"https:\\\/\\\/storax.be\\\/wp-content\\\/uploads\\\/sites\\\/2\\\/2019\\\/03\\\/thumb_270x270_434.jpg\",\"datePublished\":\"2022-08-01T13:39:10+00:00\",\"dateModified\":\"2024-05-16T07:38:23+00:00\",\"breadcrumb\":{\"@id\":\"https:\\\/\\\/storax.be\\\/fr\\\/producten\\\/plinthes-en-plastique\\\/cubu-flex-life-xl\\\/#breadcrumb\"},\"inLanguage\":\"fr-FR\",\"potentialAction\":[{\"@type\":\"ReadAction\",\"target\":[\"https:\\\/\\\/storax.be\\\/fr\\\/producten\\\/plinthes-en-plastique\\\/cubu-flex-life-xl\\\/\"]}]},{\"@type\":\"ImageObject\",\"inLanguage\":\"fr-FR\",\"@id\":\"https:\\\/\\\/storax.be\\\/fr\\\/producten\\\/plinthes-en-plastique\\\/cubu-flex-life-xl\\\/#primaryimage\",\"url\":\"https:\\\/\\\/storax.be\\\/wp-content\\\/uploads\\\/sites\\\/2\\\/2019\\\/03\\\/thumb_270x270_434.jpg\",\"contentUrl\":\"https:\\\/\\\/storax.be\\\/wp-content\\\/uploads\\\/sites\\\/2\\\/2019\\\/03\\\/thumb_270x270_434.jpg\",\"width\":270,\"height\":270},{\"@type\":\"BreadcrumbList\",\"@id\":\"https:\\\/\\\/storax.be\\\/fr\\\/producten\\\/plinthes-en-plastique\\\/cubu-flex-life-xl\\\/#breadcrumb\",\"itemListElement\":[{\"@type\":\"ListItem\",\"position\":1,\"name\":\"Home\",\"item\":\"https:\\\/\\\/storax.be\\\/fr\\\/\"},{\"@type\":\"ListItem\",\"position\":2,\"name\":\"Producten\",\"item\":\"https:\\\/\\\/storax.be\\\/fr\\\/producten\\\/%product_category%\\\/\"},{\"@type\":\"ListItem\",\"position\":3,\"name\":\"Plinthes\",\"item\":\"https:\\\/\\\/storax.be\\\/fr\\\/producten\\\/plinthes-aluminium-inox-plastique\\\/\"},{\"@type\":\"ListItem\",\"position\":4,\"name\":\"Plinthes en plastique\",\"item\":\"https:\\\/\\\/storax.be\\\/fr\\\/producten\\\/plinthes-en-plastique\\\/\"},{\"@type\":\"ListItem\",\"position\":5,\"name\":\"Cubu Flex Life \\\/ XL\"}]},{\"@type\":\"WebSite\",\"@id\":\"https:\\\/\\\/storax.be\\\/fr\\\/#website\",\"url\":\"https:\\\/\\\/storax.be\\\/fr\\\/\",\"name\":\"Storax Belgium\",\"description\":\"Uw betrouwbare partner voor bouwprojecten\",\"potentialAction\":[{\"@type\":\"SearchAction\",\"target\":{\"@type\":\"EntryPoint\",\"urlTemplate\":\"https:\\\/\\\/storax.be\\\/fr\\\/?s={search_term_string}\"},\"query-input\":{\"@type\":\"PropertyValueSpecification\",\"valueRequired\":true,\"valueName\":\"search_term_string\"}}],\"inLanguage\":\"fr-FR\"}]}<\/script>\n<!-- \/ Yoast SEO plugin. -->","yoast_head_json":{"title":"Cubu Flex Life \/ XL - Storax Belgium","robots":{"index":"index","follow":"follow","max-snippet":"max-snippet:-1","max-image-preview":"max-image-preview:large","max-video-preview":"max-video-preview:-1"},"canonical":"https:\/\/storax.be\/fr\/producten\/plinthes-en-plastique\/cubu-flex-life-xl\/","og_locale":"fr_FR","og_type":"article","og_title":"Cubu Flex Life \/ XL - Storax Belgium","og_description":"&nbsp; \u00c0 propos de ce produit \u00e2me HDF rev\u00eatue d&rsquo;un m\u00e9lange de polym\u00e8res sans chlore, r\u00e9sistant \u00e0 l&rsquo;abrasion, \u00e0 base de PP\/TPE, avec joints \u00e0 l\u00e8vres flexibles en haut et en bas hauteurs\u00a0: 40-60-80-100\u00a0mm facile et rapide \u00e0 installer \u00e0 l&rsquo;aide d&rsquo;un poin\u00e7on et d&rsquo;un pistolet \u00e0 colle thermofusible les embouts, les angles internes et\u2026","og_url":"https:\/\/storax.be\/fr\/producten\/plinthes-en-plastique\/cubu-flex-life-xl\/","og_site_name":"Storax Belgium","article_modified_time":"2024-05-16T07:38:23+00:00","og_image":[{"width":270,"height":270,"url":"https:\/\/storax.be\/wp-content\/uploads\/sites\/2\/2019\/03\/thumb_270x270_434.jpg","type":"image\/jpeg"}],"twitter_card":"summary_large_image","schema":{"@context":"https:\/\/schema.org","@graph":[{"@type":"WebPage","@id":"https:\/\/storax.be\/fr\/producten\/plinthes-en-plastique\/cubu-flex-life-xl\/","url":"https:\/\/storax.be\/fr\/producten\/plinthes-en-plastique\/cubu-flex-life-xl\/","name":"Cubu Flex Life \/ XL - Storax Belgium","isPartOf":{"@id":"https:\/\/storax.be\/fr\/#website"},"primaryImageOfPage":{"@id":"https:\/\/storax.be\/fr\/producten\/plinthes-en-plastique\/cubu-flex-life-xl\/#primaryimage"},"image":{"@id":"https:\/\/storax.be\/fr\/producten\/plinthes-en-plastique\/cubu-flex-life-xl\/#primaryimage"},"thumbnailUrl":"https:\/\/storax.be\/wp-content\/uploads\/sites\/2\/2019\/03\/thumb_270x270_434.jpg","datePublished":"2022-08-01T13:39:10+00:00","dateModified":"2024-05-16T07:38:23+00:00","breadcrumb":{"@id":"https:\/\/storax.be\/fr\/producten\/plinthes-en-plastique\/cubu-flex-life-xl\/#breadcrumb"},"inLanguage":"fr-FR","potentialAction":[{"@type":"ReadAction","target":["https:\/\/storax.be\/fr\/producten\/plinthes-en-plastique\/cubu-flex-life-xl\/"]}]},{"@type":"ImageObject","inLanguage":"fr-FR","@id":"https:\/\/storax.be\/fr\/producten\/plinthes-en-plastique\/cubu-flex-life-xl\/#primaryimage","url":"https:\/\/storax.be\/wp-content\/uploads\/sites\/2\/2019\/03\/thumb_270x270_434.jpg","contentUrl":"https:\/\/storax.be\/wp-content\/uploads\/sites\/2\/2019\/03\/thumb_270x270_434.jpg","width":270,"height":270},{"@type":"BreadcrumbList","@id":"https:\/\/storax.be\/fr\/producten\/plinthes-en-plastique\/cubu-flex-life-xl\/#breadcrumb","itemListElement":[{"@type":"ListItem","position":1,"name":"Home","item":"https:\/\/storax.be\/fr\/"},{"@type":"ListItem","position":2,"name":"Producten","item":"https:\/\/storax.be\/fr\/producten\/%product_category%\/"},{"@type":"ListItem","position":3,"name":"Plinthes","item":"https:\/\/storax.be\/fr\/producten\/plinthes-aluminium-inox-plastique\/"},{"@type":"ListItem","position":4,"name":"Plinthes en plastique","item":"https:\/\/storax.be\/fr\/producten\/plinthes-en-plastique\/"},{"@type":"ListItem","position":5,"name":"Cubu Flex Life \/ XL"}]},{"@type":"WebSite","@id":"https:\/\/storax.be\/fr\/#website","url":"https:\/\/storax.be\/fr\/","name":"Storax Belgium","description":"Uw betrouwbare partner voor bouwprojecten","potentialAction":[{"@type":"SearchAction","target":{"@type":"EntryPoint","urlTemplate":"https:\/\/storax.be\/fr\/?s={search_term_string}"},"query-input":{"@type":"PropertyValueSpecification","valueRequired":true,"valueName":"search_term_string"}}],"inLanguage":"fr-FR"}]}},"_links":{"self":[{"href":"https:\/\/storax.be\/fr\/wp-json\/wp\/v2\/product\/114984","targetHints":{"allow":["GET"]}}],"collection":[{"href":"https:\/\/storax.be\/fr\/wp-json\/wp\/v2\/product"}],"about":[{"href":"https:\/\/storax.be\/fr\/wp-json\/wp\/v2\/types\/product"}],"wp:featuredmedia":[{"embeddable":true,"href":"https:\/\/storax.be\/fr\/wp-json\/wp\/v2\/media\/106460"}],"wp:attachment":[{"href":"https:\/\/storax.be\/fr\/wp-json\/wp\/v2\/media?parent=114984"}],"wp:term":[{"taxonomy":"product_category","embeddable":true,"href":"https:\/\/storax.be\/fr\/wp-json\/wp\/v2\/product_category?post=114984"},{"taxonomy":"product_tag","embeddable":true,"href":"https:\/\/storax.be\/fr\/wp-json\/wp\/v2\/product_tag?post=114984"}],"curies":[{"name":"wp","href":"https:\/\/api.w.org\/{rel}","templated":true}]}}