{"id":114983,"date":"2022-08-01T13:41:41","date_gmt":"2022-08-01T13:41:41","guid":{"rendered":"https:\/\/storax.be\/?post_type=product&#038;p=114983"},"modified":"2024-05-16T07:38:23","modified_gmt":"2024-05-16T07:38:23","slug":"trappe-murale-stw","status":"publish","type":"product","link":"https:\/\/storax.be\/fr\/producten\/trappes-murales\/trappe-murale-stw\/","title":{"rendered":"Trappe murale STW"},"content":{"rendered":"<h2 style=\"font-size: 1.5em; line-height: 40px; font-weight: 600;\">Trappe murale en acier \u00e9tanche \u00e0 l&rsquo;air<\/h2>\n<p><strong>\u00c0 propos de ce produit<\/strong><\/p>\n<ul>\n<li style=\"font-weight: 400;\" aria-level=\"1\"><span style=\"font-weight: 400;\">tablier de porte \u00e0 double paroi en t\u00f4le d&rsquo;acier galvanis\u00e9e avec isolation en laine de roche<\/span><\/li>\n<li style=\"font-weight: 400;\" aria-level=\"1\"><span style=\"font-weight: 400;\">cadre de ma\u00e7onnerie en acier galvanis\u00e9 avec ancrages de ma\u00e7onnerie soud\u00e9s<\/span><\/li>\n<li style=\"font-weight: 400;\" aria-level=\"1\"><span style=\"font-weight: 400;\">poign\u00e9e pivotante en aluminium verrouillable des deux c\u00f4t\u00e9s<\/span><\/li>\n<li style=\"font-weight: 400;\" aria-level=\"1\"><span style=\"font-weight: 400;\">joint en caoutchouc ATP avec une r\u00e9sistance \u00e0 la temp\u00e9rature de 90\u00a0\u00b0C<\/span><\/li>\n<li style=\"font-weight: 400;\" aria-level=\"1\"><span style=\"font-weight: 400;\">charge de pression admissible dans le sens de la fermeture : 2000 Pa<\/span><\/li>\n<\/ul>\n","protected":false},"excerpt":{"rendered":"<p>Trappe murale en acier \u00e9tanche \u00e0 l&rsquo;air \u00c0 propos de ce produit tablier de porte \u00e0 double paroi en t\u00f4le d&rsquo;acier galvanis\u00e9e avec isolation en laine de roche cadre de ma\u00e7onnerie en acier galvanis\u00e9 avec ancrages de ma\u00e7onnerie soud\u00e9s poign\u00e9e pivotante en aluminium verrouillable des deux c\u00f4t\u00e9s joint en caoutchouc ATP avec une r\u00e9sistance \u00e0\u2026<\/p>\n","protected":false},"featured_media":106331,"template":"","meta":{"_acf_changed":false},"product_category":[653],"product_tag":[],"class_list":["post-114983","product","type-product","status-publish","has-post-thumbnail","hentry","product_category-trappes-murales"],"acf":[],"yoast_head":"<!-- This site is optimized with the Yoast SEO plugin v27.3 - https:\/\/yoast.com\/product\/yoast-seo-wordpress\/ -->\n<title>Trappe murale STW - Storax Belgium<\/title>\n<meta name=\"robots\" content=\"index, follow, max-snippet:-1, max-image-preview:large, max-video-preview:-1\" \/>\n<link rel=\"canonical\" href=\"https:\/\/storax.be\/fr\/producten\/trappes-murales\/trappe-murale-stw\/\" \/>\n<meta property=\"og:locale\" content=\"fr_FR\" \/>\n<meta property=\"og:type\" content=\"article\" \/>\n<meta property=\"og:title\" content=\"Trappe murale STW - Storax Belgium\" \/>\n<meta property=\"og:description\" content=\"Trappe murale en acier \u00e9tanche \u00e0 l&rsquo;air \u00c0 propos de ce produit tablier de porte \u00e0 double paroi en t\u00f4le d&rsquo;acier galvanis\u00e9e avec isolation en laine de roche cadre de ma\u00e7onnerie en acier galvanis\u00e9 avec ancrages de ma\u00e7onnerie soud\u00e9s poign\u00e9e pivotante en aluminium verrouillable des deux c\u00f4t\u00e9s joint en caoutchouc ATP avec une r\u00e9sistance \u00e0\u2026\" \/>\n<meta property=\"og:url\" content=\"https:\/\/storax.be\/fr\/producten\/trappes-murales\/trappe-murale-stw\/\" \/>\n<meta property=\"og:site_name\" content=\"Storax Belgium\" \/>\n<meta property=\"article:modified_time\" content=\"2024-05-16T07:38:23+00:00\" \/>\n<meta property=\"og:image\" content=\"https:\/\/storax.be\/wp-content\/uploads\/sites\/2\/2019\/03\/thumb_270x270_507.jpg\" \/>\n\t<meta property=\"og:image:width\" content=\"270\" \/>\n\t<meta property=\"og:image:height\" content=\"270\" \/>\n\t<meta property=\"og:image:type\" content=\"image\/jpeg\" \/>\n<meta name=\"twitter:card\" content=\"summary_large_image\" \/>\n<meta name=\"twitter:label1\" content=\"Dur\u00e9e de lecture estim\u00e9e\" \/>\n\t<meta name=\"twitter:data1\" content=\"1 minute\" \/>\n<script type=\"application\/ld+json\" class=\"yoast-schema-graph\">{\"@context\":\"https:\\\/\\\/schema.org\",\"@graph\":[{\"@type\":\"WebPage\",\"@id\":\"https:\\\/\\\/storax.be\\\/fr\\\/producten\\\/trappes-murales\\\/trappe-murale-stw\\\/\",\"url\":\"https:\\\/\\\/storax.be\\\/fr\\\/producten\\\/trappes-murales\\\/trappe-murale-stw\\\/\",\"name\":\"Trappe murale STW - Storax Belgium\",\"isPartOf\":{\"@id\":\"https:\\\/\\\/storax.be\\\/fr\\\/#website\"},\"primaryImageOfPage\":{\"@id\":\"https:\\\/\\\/storax.be\\\/fr\\\/producten\\\/trappes-murales\\\/trappe-murale-stw\\\/#primaryimage\"},\"image\":{\"@id\":\"https:\\\/\\\/storax.be\\\/fr\\\/producten\\\/trappes-murales\\\/trappe-murale-stw\\\/#primaryimage\"},\"thumbnailUrl\":\"https:\\\/\\\/storax.be\\\/wp-content\\\/uploads\\\/sites\\\/2\\\/2019\\\/03\\\/thumb_270x270_507.jpg\",\"datePublished\":\"2022-08-01T13:41:41+00:00\",\"dateModified\":\"2024-05-16T07:38:23+00:00\",\"breadcrumb\":{\"@id\":\"https:\\\/\\\/storax.be\\\/fr\\\/producten\\\/trappes-murales\\\/trappe-murale-stw\\\/#breadcrumb\"},\"inLanguage\":\"fr-FR\",\"potentialAction\":[{\"@type\":\"ReadAction\",\"target\":[\"https:\\\/\\\/storax.be\\\/fr\\\/producten\\\/trappes-murales\\\/trappe-murale-stw\\\/\"]}]},{\"@type\":\"ImageObject\",\"inLanguage\":\"fr-FR\",\"@id\":\"https:\\\/\\\/storax.be\\\/fr\\\/producten\\\/trappes-murales\\\/trappe-murale-stw\\\/#primaryimage\",\"url\":\"https:\\\/\\\/storax.be\\\/wp-content\\\/uploads\\\/sites\\\/2\\\/2019\\\/03\\\/thumb_270x270_507.jpg\",\"contentUrl\":\"https:\\\/\\\/storax.be\\\/wp-content\\\/uploads\\\/sites\\\/2\\\/2019\\\/03\\\/thumb_270x270_507.jpg\",\"width\":270,\"height\":270},{\"@type\":\"BreadcrumbList\",\"@id\":\"https:\\\/\\\/storax.be\\\/fr\\\/producten\\\/trappes-murales\\\/trappe-murale-stw\\\/#breadcrumb\",\"itemListElement\":[{\"@type\":\"ListItem\",\"position\":1,\"name\":\"Home\",\"item\":\"https:\\\/\\\/storax.be\\\/fr\\\/\"},{\"@type\":\"ListItem\",\"position\":2,\"name\":\"Producten\",\"item\":\"https:\\\/\\\/storax.be\\\/fr\\\/producten\\\/%product_category%\\\/\"},{\"@type\":\"ListItem\",\"position\":3,\"name\":\"Trappes murales\",\"item\":\"https:\\\/\\\/storax.be\\\/fr\\\/producten\\\/trappes-murales\\\/\"},{\"@type\":\"ListItem\",\"position\":4,\"name\":\"Trappe murale STW\"}]},{\"@type\":\"WebSite\",\"@id\":\"https:\\\/\\\/storax.be\\\/fr\\\/#website\",\"url\":\"https:\\\/\\\/storax.be\\\/fr\\\/\",\"name\":\"Storax Belgium\",\"description\":\"Uw betrouwbare partner voor bouwprojecten\",\"potentialAction\":[{\"@type\":\"SearchAction\",\"target\":{\"@type\":\"EntryPoint\",\"urlTemplate\":\"https:\\\/\\\/storax.be\\\/fr\\\/?s={search_term_string}\"},\"query-input\":{\"@type\":\"PropertyValueSpecification\",\"valueRequired\":true,\"valueName\":\"search_term_string\"}}],\"inLanguage\":\"fr-FR\"}]}<\/script>\n<!-- \/ Yoast SEO plugin. -->","yoast_head_json":{"title":"Trappe murale STW - Storax Belgium","robots":{"index":"index","follow":"follow","max-snippet":"max-snippet:-1","max-image-preview":"max-image-preview:large","max-video-preview":"max-video-preview:-1"},"canonical":"https:\/\/storax.be\/fr\/producten\/trappes-murales\/trappe-murale-stw\/","og_locale":"fr_FR","og_type":"article","og_title":"Trappe murale STW - Storax Belgium","og_description":"Trappe murale en acier \u00e9tanche \u00e0 l&rsquo;air \u00c0 propos de ce produit tablier de porte \u00e0 double paroi en t\u00f4le d&rsquo;acier galvanis\u00e9e avec isolation en laine de roche cadre de ma\u00e7onnerie en acier galvanis\u00e9 avec ancrages de ma\u00e7onnerie soud\u00e9s poign\u00e9e pivotante en aluminium verrouillable des deux c\u00f4t\u00e9s joint en caoutchouc ATP avec une r\u00e9sistance \u00e0\u2026","og_url":"https:\/\/storax.be\/fr\/producten\/trappes-murales\/trappe-murale-stw\/","og_site_name":"Storax Belgium","article_modified_time":"2024-05-16T07:38:23+00:00","og_image":[{"width":270,"height":270,"url":"https:\/\/storax.be\/wp-content\/uploads\/sites\/2\/2019\/03\/thumb_270x270_507.jpg","type":"image\/jpeg"}],"twitter_card":"summary_large_image","twitter_misc":{"Dur\u00e9e de lecture estim\u00e9e":"1 minute"},"schema":{"@context":"https:\/\/schema.org","@graph":[{"@type":"WebPage","@id":"https:\/\/storax.be\/fr\/producten\/trappes-murales\/trappe-murale-stw\/","url":"https:\/\/storax.be\/fr\/producten\/trappes-murales\/trappe-murale-stw\/","name":"Trappe murale STW - Storax Belgium","isPartOf":{"@id":"https:\/\/storax.be\/fr\/#website"},"primaryImageOfPage":{"@id":"https:\/\/storax.be\/fr\/producten\/trappes-murales\/trappe-murale-stw\/#primaryimage"},"image":{"@id":"https:\/\/storax.be\/fr\/producten\/trappes-murales\/trappe-murale-stw\/#primaryimage"},"thumbnailUrl":"https:\/\/storax.be\/wp-content\/uploads\/sites\/2\/2019\/03\/thumb_270x270_507.jpg","datePublished":"2022-08-01T13:41:41+00:00","dateModified":"2024-05-16T07:38:23+00:00","breadcrumb":{"@id":"https:\/\/storax.be\/fr\/producten\/trappes-murales\/trappe-murale-stw\/#breadcrumb"},"inLanguage":"fr-FR","potentialAction":[{"@type":"ReadAction","target":["https:\/\/storax.be\/fr\/producten\/trappes-murales\/trappe-murale-stw\/"]}]},{"@type":"ImageObject","inLanguage":"fr-FR","@id":"https:\/\/storax.be\/fr\/producten\/trappes-murales\/trappe-murale-stw\/#primaryimage","url":"https:\/\/storax.be\/wp-content\/uploads\/sites\/2\/2019\/03\/thumb_270x270_507.jpg","contentUrl":"https:\/\/storax.be\/wp-content\/uploads\/sites\/2\/2019\/03\/thumb_270x270_507.jpg","width":270,"height":270},{"@type":"BreadcrumbList","@id":"https:\/\/storax.be\/fr\/producten\/trappes-murales\/trappe-murale-stw\/#breadcrumb","itemListElement":[{"@type":"ListItem","position":1,"name":"Home","item":"https:\/\/storax.be\/fr\/"},{"@type":"ListItem","position":2,"name":"Producten","item":"https:\/\/storax.be\/fr\/producten\/%product_category%\/"},{"@type":"ListItem","position":3,"name":"Trappes murales","item":"https:\/\/storax.be\/fr\/producten\/trappes-murales\/"},{"@type":"ListItem","position":4,"name":"Trappe murale STW"}]},{"@type":"WebSite","@id":"https:\/\/storax.be\/fr\/#website","url":"https:\/\/storax.be\/fr\/","name":"Storax Belgium","description":"Uw betrouwbare partner voor bouwprojecten","potentialAction":[{"@type":"SearchAction","target":{"@type":"EntryPoint","urlTemplate":"https:\/\/storax.be\/fr\/?s={search_term_string}"},"query-input":{"@type":"PropertyValueSpecification","valueRequired":true,"valueName":"search_term_string"}}],"inLanguage":"fr-FR"}]}},"_links":{"self":[{"href":"https:\/\/storax.be\/fr\/wp-json\/wp\/v2\/product\/114983","targetHints":{"allow":["GET"]}}],"collection":[{"href":"https:\/\/storax.be\/fr\/wp-json\/wp\/v2\/product"}],"about":[{"href":"https:\/\/storax.be\/fr\/wp-json\/wp\/v2\/types\/product"}],"wp:featuredmedia":[{"embeddable":true,"href":"https:\/\/storax.be\/fr\/wp-json\/wp\/v2\/media\/106331"}],"wp:attachment":[{"href":"https:\/\/storax.be\/fr\/wp-json\/wp\/v2\/media?parent=114983"}],"wp:term":[{"taxonomy":"product_category","embeddable":true,"href":"https:\/\/storax.be\/fr\/wp-json\/wp\/v2\/product_category?post=114983"},{"taxonomy":"product_tag","embeddable":true,"href":"https:\/\/storax.be\/fr\/wp-json\/wp\/v2\/product_tag?post=114983"}],"curies":[{"name":"wp","href":"https:\/\/api.w.org\/{rel}","templated":true}]}}