{"id":114976,"date":"2022-08-01T13:12:58","date_gmt":"2022-08-01T13:12:58","guid":{"rendered":"https:\/\/storax.be\/?post_type=product&#038;p=114976"},"modified":"2024-05-16T07:38:22","modified_gmt":"2024-05-16T07:38:22","slug":"ecran-covid-en-plexiglas","status":"publish","type":"product","link":"https:\/\/storax.be\/fr\/producten\/plexiglas-schermen-fr\/ecran-covid-en-plexiglas\/","title":{"rendered":"Panneaux Covid en plexi"},"content":{"rendered":"<h2><strong>Prot\u00e9gez votre bureau, votre magasin et dans votre v\u00e9hicule contre le coronavirus<\/strong><\/h2>\n<p>Les panneaux Covid en plexi de Storax sont la solution pour prot\u00e9ger votre personnel et vos clients contre le coronavirus COVID-19. Les parois de protection sont disponibles en version standard suspendue ou sur pied, mais peuvent \u00e9galement \u00eatre r\u00e9alis\u00e9es enti\u00e8rement sur mesure.<\/p>\n<ul>\n<li>Id\u00e9al pour les r\u00e9ceptions, les comptoirs et les caisses.<\/li>\n<li>Largement utilis\u00e9 dans les supermarch\u00e9s, les pharmacies, les bureaux et les magasins.<\/li>\n<li>\u00c9crans en plexiglas suspendus et sur pied.<\/li>\n<li>Solutions sur mesure \u00e9galement possibles.<\/li>\n<li>D\u00e9coupes possibles pour les dossiers ou terminaux de paiement.<\/li>\n<\/ul>\n<p><strong>Pour v\u00e9hicules<\/strong><\/p>\n<p>Un panneau pour prot\u00e9ger les personnes dans les v\u00e9hicules contre le coronavirus. Fabriqu\u00e9 enti\u00e8rement en polycarbonate (aussi appel\u00e9 \u00ab\u00a0panneau de s\u00e9curit\u00e9\u00a0\u00bb).<\/p>\n<p>Id\u00e9al pour les bus, les autocars, les auto\u00e9coles, les taxis et autres v\u00e9hicules. Le polycarbonate est auto-extinguible, a une tr\u00e8s grande r\u00e9sistance aux chocs et est pratiquement incassable. Deux montages sont possibles\u00a0:<\/p>\n<p><strong>Viss\u00e9 dans la paroi arri\u00e8re<\/strong><\/p>\n<p>Dimensions standards\u00a0: 950 x 800\u00a0mm (possible sur mesure)<\/p>\n<p>D\u00e9coupe pour levier de vitesse<\/p>\n<p><strong>Fixation sans vis au moyen de l&rsquo;appui-t\u00eate<\/strong><\/p>\n<p>Dimensions\u00a0: 750 x 750\u00a0mm (possible sur mesure)<\/p>\n<p>D\u00e9coupe pour levier de vitesse<\/p>\n<p>&nbsp;<\/p>\n","protected":false},"excerpt":{"rendered":"<p>Prot\u00e9gez votre bureau, votre magasin et dans votre v\u00e9hicule contre le coronavirus Les panneaux Covid en plexi de Storax sont la solution pour prot\u00e9ger votre personnel et vos clients contre le coronavirus COVID-19. Les parois de protection sont disponibles en version standard suspendue ou sur pied, mais peuvent \u00e9galement \u00eatre r\u00e9alis\u00e9es enti\u00e8rement sur mesure. Id\u00e9al\u2026<\/p>\n","protected":false},"featured_media":109940,"template":"","meta":{"_acf_changed":false},"product_category":[757],"product_tag":[],"class_list":["post-114976","product","type-product","status-publish","has-post-thumbnail","hentry","product_category-plexiglas-schermen-fr"],"acf":[],"yoast_head":"<!-- This site is optimized with the Yoast SEO plugin v27.3 - https:\/\/yoast.com\/product\/yoast-seo-wordpress\/ -->\n<title>Panneaux Covid en plexi - Storax Belgium<\/title>\n<meta name=\"robots\" content=\"index, follow, max-snippet:-1, max-image-preview:large, max-video-preview:-1\" \/>\n<link rel=\"canonical\" href=\"https:\/\/storax.be\/fr\/producten\/plexiglas-schermen-fr\/ecran-covid-en-plexiglas\/\" \/>\n<meta property=\"og:locale\" content=\"fr_FR\" \/>\n<meta property=\"og:type\" content=\"article\" \/>\n<meta property=\"og:title\" content=\"Panneaux Covid en plexi - Storax Belgium\" \/>\n<meta property=\"og:description\" content=\"Prot\u00e9gez votre bureau, votre magasin et dans votre v\u00e9hicule contre le coronavirus Les panneaux Covid en plexi de Storax sont la solution pour prot\u00e9ger votre personnel et vos clients contre le coronavirus COVID-19. Les parois de protection sont disponibles en version standard suspendue ou sur pied, mais peuvent \u00e9galement \u00eatre r\u00e9alis\u00e9es enti\u00e8rement sur mesure. Id\u00e9al\u2026\" \/>\n<meta property=\"og:url\" content=\"https:\/\/storax.be\/fr\/producten\/plexiglas-schermen-fr\/ecran-covid-en-plexiglas\/\" \/>\n<meta property=\"og:site_name\" content=\"Storax Belgium\" \/>\n<meta property=\"article:modified_time\" content=\"2024-05-16T07:38:22+00:00\" \/>\n<meta property=\"og:image\" content=\"https:\/\/storax.be\/wp-content\/uploads\/sites\/2\/2020\/06\/plexiglas_1.jpg\" \/>\n\t<meta property=\"og:image:width\" content=\"470\" \/>\n\t<meta property=\"og:image:height\" content=\"470\" \/>\n\t<meta property=\"og:image:type\" content=\"image\/jpeg\" \/>\n<meta name=\"twitter:card\" content=\"summary_large_image\" \/>\n<meta name=\"twitter:label1\" content=\"Dur\u00e9e de lecture estim\u00e9e\" \/>\n\t<meta name=\"twitter:data1\" content=\"1 minute\" \/>\n<script type=\"application\/ld+json\" class=\"yoast-schema-graph\">{\"@context\":\"https:\\\/\\\/schema.org\",\"@graph\":[{\"@type\":\"WebPage\",\"@id\":\"https:\\\/\\\/storax.be\\\/fr\\\/producten\\\/plexiglas-schermen-fr\\\/ecran-covid-en-plexiglas\\\/\",\"url\":\"https:\\\/\\\/storax.be\\\/fr\\\/producten\\\/plexiglas-schermen-fr\\\/ecran-covid-en-plexiglas\\\/\",\"name\":\"Panneaux Covid en plexi - Storax Belgium\",\"isPartOf\":{\"@id\":\"https:\\\/\\\/storax.be\\\/fr\\\/#website\"},\"primaryImageOfPage\":{\"@id\":\"https:\\\/\\\/storax.be\\\/fr\\\/producten\\\/plexiglas-schermen-fr\\\/ecran-covid-en-plexiglas\\\/#primaryimage\"},\"image\":{\"@id\":\"https:\\\/\\\/storax.be\\\/fr\\\/producten\\\/plexiglas-schermen-fr\\\/ecran-covid-en-plexiglas\\\/#primaryimage\"},\"thumbnailUrl\":\"https:\\\/\\\/storax.be\\\/wp-content\\\/uploads\\\/sites\\\/2\\\/2020\\\/06\\\/plexiglas_1.jpg\",\"datePublished\":\"2022-08-01T13:12:58+00:00\",\"dateModified\":\"2024-05-16T07:38:22+00:00\",\"breadcrumb\":{\"@id\":\"https:\\\/\\\/storax.be\\\/fr\\\/producten\\\/plexiglas-schermen-fr\\\/ecran-covid-en-plexiglas\\\/#breadcrumb\"},\"inLanguage\":\"fr-FR\",\"potentialAction\":[{\"@type\":\"ReadAction\",\"target\":[\"https:\\\/\\\/storax.be\\\/fr\\\/producten\\\/plexiglas-schermen-fr\\\/ecran-covid-en-plexiglas\\\/\"]}]},{\"@type\":\"ImageObject\",\"inLanguage\":\"fr-FR\",\"@id\":\"https:\\\/\\\/storax.be\\\/fr\\\/producten\\\/plexiglas-schermen-fr\\\/ecran-covid-en-plexiglas\\\/#primaryimage\",\"url\":\"https:\\\/\\\/storax.be\\\/wp-content\\\/uploads\\\/sites\\\/2\\\/2020\\\/06\\\/plexiglas_1.jpg\",\"contentUrl\":\"https:\\\/\\\/storax.be\\\/wp-content\\\/uploads\\\/sites\\\/2\\\/2020\\\/06\\\/plexiglas_1.jpg\",\"width\":470,\"height\":470,\"caption\":\"Plexiglas Coronascherm\"},{\"@type\":\"BreadcrumbList\",\"@id\":\"https:\\\/\\\/storax.be\\\/fr\\\/producten\\\/plexiglas-schermen-fr\\\/ecran-covid-en-plexiglas\\\/#breadcrumb\",\"itemListElement\":[{\"@type\":\"ListItem\",\"position\":1,\"name\":\"Home\",\"item\":\"https:\\\/\\\/storax.be\\\/fr\\\/\"},{\"@type\":\"ListItem\",\"position\":2,\"name\":\"Producten\",\"item\":\"https:\\\/\\\/storax.be\\\/fr\\\/producten\\\/%product_category%\\\/\"},{\"@type\":\"ListItem\",\"position\":3,\"name\":\"\u00c9crans en plexi\",\"item\":\"https:\\\/\\\/storax.be\\\/fr\\\/producten\\\/plexiglas-schermen-fr\\\/\"},{\"@type\":\"ListItem\",\"position\":4,\"name\":\"Panneaux Covid en plexi\"}]},{\"@type\":\"WebSite\",\"@id\":\"https:\\\/\\\/storax.be\\\/fr\\\/#website\",\"url\":\"https:\\\/\\\/storax.be\\\/fr\\\/\",\"name\":\"Storax Belgium\",\"description\":\"Uw betrouwbare partner voor bouwprojecten\",\"potentialAction\":[{\"@type\":\"SearchAction\",\"target\":{\"@type\":\"EntryPoint\",\"urlTemplate\":\"https:\\\/\\\/storax.be\\\/fr\\\/?s={search_term_string}\"},\"query-input\":{\"@type\":\"PropertyValueSpecification\",\"valueRequired\":true,\"valueName\":\"search_term_string\"}}],\"inLanguage\":\"fr-FR\"}]}<\/script>\n<!-- \/ Yoast SEO plugin. -->","yoast_head_json":{"title":"Panneaux Covid en plexi - Storax Belgium","robots":{"index":"index","follow":"follow","max-snippet":"max-snippet:-1","max-image-preview":"max-image-preview:large","max-video-preview":"max-video-preview:-1"},"canonical":"https:\/\/storax.be\/fr\/producten\/plexiglas-schermen-fr\/ecran-covid-en-plexiglas\/","og_locale":"fr_FR","og_type":"article","og_title":"Panneaux Covid en plexi - Storax Belgium","og_description":"Prot\u00e9gez votre bureau, votre magasin et dans votre v\u00e9hicule contre le coronavirus Les panneaux Covid en plexi de Storax sont la solution pour prot\u00e9ger votre personnel et vos clients contre le coronavirus COVID-19. Les parois de protection sont disponibles en version standard suspendue ou sur pied, mais peuvent \u00e9galement \u00eatre r\u00e9alis\u00e9es enti\u00e8rement sur mesure. Id\u00e9al\u2026","og_url":"https:\/\/storax.be\/fr\/producten\/plexiglas-schermen-fr\/ecran-covid-en-plexiglas\/","og_site_name":"Storax Belgium","article_modified_time":"2024-05-16T07:38:22+00:00","og_image":[{"width":470,"height":470,"url":"https:\/\/storax.be\/wp-content\/uploads\/sites\/2\/2020\/06\/plexiglas_1.jpg","type":"image\/jpeg"}],"twitter_card":"summary_large_image","twitter_misc":{"Dur\u00e9e de lecture estim\u00e9e":"1 minute"},"schema":{"@context":"https:\/\/schema.org","@graph":[{"@type":"WebPage","@id":"https:\/\/storax.be\/fr\/producten\/plexiglas-schermen-fr\/ecran-covid-en-plexiglas\/","url":"https:\/\/storax.be\/fr\/producten\/plexiglas-schermen-fr\/ecran-covid-en-plexiglas\/","name":"Panneaux Covid en plexi - Storax Belgium","isPartOf":{"@id":"https:\/\/storax.be\/fr\/#website"},"primaryImageOfPage":{"@id":"https:\/\/storax.be\/fr\/producten\/plexiglas-schermen-fr\/ecran-covid-en-plexiglas\/#primaryimage"},"image":{"@id":"https:\/\/storax.be\/fr\/producten\/plexiglas-schermen-fr\/ecran-covid-en-plexiglas\/#primaryimage"},"thumbnailUrl":"https:\/\/storax.be\/wp-content\/uploads\/sites\/2\/2020\/06\/plexiglas_1.jpg","datePublished":"2022-08-01T13:12:58+00:00","dateModified":"2024-05-16T07:38:22+00:00","breadcrumb":{"@id":"https:\/\/storax.be\/fr\/producten\/plexiglas-schermen-fr\/ecran-covid-en-plexiglas\/#breadcrumb"},"inLanguage":"fr-FR","potentialAction":[{"@type":"ReadAction","target":["https:\/\/storax.be\/fr\/producten\/plexiglas-schermen-fr\/ecran-covid-en-plexiglas\/"]}]},{"@type":"ImageObject","inLanguage":"fr-FR","@id":"https:\/\/storax.be\/fr\/producten\/plexiglas-schermen-fr\/ecran-covid-en-plexiglas\/#primaryimage","url":"https:\/\/storax.be\/wp-content\/uploads\/sites\/2\/2020\/06\/plexiglas_1.jpg","contentUrl":"https:\/\/storax.be\/wp-content\/uploads\/sites\/2\/2020\/06\/plexiglas_1.jpg","width":470,"height":470,"caption":"Plexiglas Coronascherm"},{"@type":"BreadcrumbList","@id":"https:\/\/storax.be\/fr\/producten\/plexiglas-schermen-fr\/ecran-covid-en-plexiglas\/#breadcrumb","itemListElement":[{"@type":"ListItem","position":1,"name":"Home","item":"https:\/\/storax.be\/fr\/"},{"@type":"ListItem","position":2,"name":"Producten","item":"https:\/\/storax.be\/fr\/producten\/%product_category%\/"},{"@type":"ListItem","position":3,"name":"\u00c9crans en plexi","item":"https:\/\/storax.be\/fr\/producten\/plexiglas-schermen-fr\/"},{"@type":"ListItem","position":4,"name":"Panneaux Covid en plexi"}]},{"@type":"WebSite","@id":"https:\/\/storax.be\/fr\/#website","url":"https:\/\/storax.be\/fr\/","name":"Storax Belgium","description":"Uw betrouwbare partner voor bouwprojecten","potentialAction":[{"@type":"SearchAction","target":{"@type":"EntryPoint","urlTemplate":"https:\/\/storax.be\/fr\/?s={search_term_string}"},"query-input":{"@type":"PropertyValueSpecification","valueRequired":true,"valueName":"search_term_string"}}],"inLanguage":"fr-FR"}]}},"_links":{"self":[{"href":"https:\/\/storax.be\/fr\/wp-json\/wp\/v2\/product\/114976","targetHints":{"allow":["GET"]}}],"collection":[{"href":"https:\/\/storax.be\/fr\/wp-json\/wp\/v2\/product"}],"about":[{"href":"https:\/\/storax.be\/fr\/wp-json\/wp\/v2\/types\/product"}],"wp:featuredmedia":[{"embeddable":true,"href":"https:\/\/storax.be\/fr\/wp-json\/wp\/v2\/media\/109940"}],"wp:attachment":[{"href":"https:\/\/storax.be\/fr\/wp-json\/wp\/v2\/media?parent=114976"}],"wp:term":[{"taxonomy":"product_category","embeddable":true,"href":"https:\/\/storax.be\/fr\/wp-json\/wp\/v2\/product_category?post=114976"},{"taxonomy":"product_tag","embeddable":true,"href":"https:\/\/storax.be\/fr\/wp-json\/wp\/v2\/product_tag?post=114976"}],"curies":[{"name":"wp","href":"https:\/\/api.w.org\/{rel}","templated":true}]}}