{"id":114975,"date":"2022-08-01T13:10:27","date_gmt":"2022-08-01T13:10:27","guid":{"rendered":"https:\/\/storax.be\/?post_type=product&#038;p=114975"},"modified":"2024-05-16T07:38:22","modified_gmt":"2024-05-16T07:38:22","slug":"cordon-resistant-au-feu","status":"publish","type":"product","link":"https:\/\/storax.be\/fr\/producten\/profiles-couvre-joints-resistant-aux-tremblements-de-terre\/cordon-resistant-au-feu\/","title":{"rendered":"Corde r\u00e9sistant au feu"},"content":{"rendered":"<h2><b>Pour profil\u00e9s couvre-joints et profil\u00e9s de dilatation<\/b><\/h2>\n<p><span style=\"font-weight: 400;\">Facile \u00e0 installer pour les joints de petite et moyenne taille.<\/span><\/p>\n<ul>\n<li style=\"font-weight: 400;\" aria-level=\"1\"><span style=\"font-weight: 400;\">Pour les joints horizontaux et verticaux<\/span><\/li>\n<li style=\"font-weight: 400;\" aria-level=\"1\"><span style=\"font-weight: 400;\">R\u00e9sistance au feu 180 et 240 min (aussi possible sur mesure)<\/span><\/li>\n<li style=\"font-weight: 400;\" aria-level=\"1\"><span style=\"font-weight: 400;\">Conforme aux normes de s\u00e9curit\u00e9 incendie EN 13501-2 et EN 1366-4<\/span><\/li>\n<li style=\"font-weight: 400;\" aria-level=\"1\"><span style=\"font-weight: 400;\">Pour joints de 20 \u00e0 120\u00a0mm.<\/span><\/li>\n<li style=\"font-weight: 400;\" aria-level=\"1\"><span style=\"font-weight: 400;\">En fonction de la largeur du joint, peut \u00eatre combin\u00e9 avec des supports \u00e0 ressort en acier inoxydable.<\/span><\/li>\n<\/ul>\n","protected":false},"excerpt":{"rendered":"<p>Pour profil\u00e9s couvre-joints et profil\u00e9s de dilatation Facile \u00e0 installer pour les joints de petite et moyenne taille. Pour les joints horizontaux et verticaux R\u00e9sistance au feu 180 et 240 min (aussi possible sur mesure) Conforme aux normes de s\u00e9curit\u00e9 incendie EN 13501-2 et EN 1366-4 Pour joints de 20 \u00e0 120\u00a0mm. En fonction de\u2026<\/p>\n","protected":false},"featured_media":105853,"template":"","meta":{"_acf_changed":false},"product_category":[711,678,661],"product_tag":[],"class_list":["post-114975","product","type-product","status-publish","has-post-thumbnail","hentry","product_category-parking","product_category-profils-de-dilatation","product_category-profiles-couvre-joints-resistant-aux-tremblements-de-terre"],"acf":[],"yoast_head":"<!-- This site is optimized with the Yoast SEO plugin v27.3 - https:\/\/yoast.com\/product\/yoast-seo-wordpress\/ -->\n<title>Corde r\u00e9sistant au feu - Storax Belgium<\/title>\n<meta name=\"robots\" content=\"index, follow, max-snippet:-1, max-image-preview:large, max-video-preview:-1\" \/>\n<link rel=\"canonical\" href=\"https:\/\/storax.be\/fr\/producten\/profiles-couvre-joints-resistant-aux-tremblements-de-terre\/cordon-resistant-au-feu\/\" \/>\n<meta property=\"og:locale\" content=\"fr_FR\" \/>\n<meta property=\"og:type\" content=\"article\" \/>\n<meta property=\"og:title\" content=\"Corde r\u00e9sistant au feu - Storax Belgium\" \/>\n<meta property=\"og:description\" content=\"Pour profil\u00e9s couvre-joints et profil\u00e9s de dilatation Facile \u00e0 installer pour les joints de petite et moyenne taille. Pour les joints horizontaux et verticaux R\u00e9sistance au feu 180 et 240 min (aussi possible sur mesure) Conforme aux normes de s\u00e9curit\u00e9 incendie EN 13501-2 et EN 1366-4 Pour joints de 20 \u00e0 120\u00a0mm. En fonction de\u2026\" \/>\n<meta property=\"og:url\" content=\"https:\/\/storax.be\/fr\/producten\/profiles-couvre-joints-resistant-aux-tremblements-de-terre\/cordon-resistant-au-feu\/\" \/>\n<meta property=\"og:site_name\" content=\"Storax Belgium\" \/>\n<meta property=\"article:modified_time\" content=\"2024-05-16T07:38:22+00:00\" \/>\n<meta property=\"og:image\" content=\"https:\/\/storax.be\/wp-content\/uploads\/sites\/2\/2019\/03\/thumb_270x270_648.jpg\" \/>\n\t<meta property=\"og:image:width\" content=\"270\" \/>\n\t<meta property=\"og:image:height\" content=\"270\" \/>\n\t<meta property=\"og:image:type\" content=\"image\/jpeg\" \/>\n<meta name=\"twitter:card\" content=\"summary_large_image\" \/>\n<meta name=\"twitter:label1\" content=\"Dur\u00e9e de lecture estim\u00e9e\" \/>\n\t<meta name=\"twitter:data1\" content=\"1 minute\" \/>\n<script type=\"application\/ld+json\" class=\"yoast-schema-graph\">{\"@context\":\"https:\\\/\\\/schema.org\",\"@graph\":[{\"@type\":\"WebPage\",\"@id\":\"https:\\\/\\\/storax.be\\\/fr\\\/producten\\\/profiles-couvre-joints-resistant-aux-tremblements-de-terre\\\/cordon-resistant-au-feu\\\/\",\"url\":\"https:\\\/\\\/storax.be\\\/fr\\\/producten\\\/profiles-couvre-joints-resistant-aux-tremblements-de-terre\\\/cordon-resistant-au-feu\\\/\",\"name\":\"Corde r\u00e9sistant au feu - Storax Belgium\",\"isPartOf\":{\"@id\":\"https:\\\/\\\/storax.be\\\/fr\\\/#website\"},\"primaryImageOfPage\":{\"@id\":\"https:\\\/\\\/storax.be\\\/fr\\\/producten\\\/profiles-couvre-joints-resistant-aux-tremblements-de-terre\\\/cordon-resistant-au-feu\\\/#primaryimage\"},\"image\":{\"@id\":\"https:\\\/\\\/storax.be\\\/fr\\\/producten\\\/profiles-couvre-joints-resistant-aux-tremblements-de-terre\\\/cordon-resistant-au-feu\\\/#primaryimage\"},\"thumbnailUrl\":\"https:\\\/\\\/storax.be\\\/wp-content\\\/uploads\\\/sites\\\/2\\\/2019\\\/03\\\/thumb_270x270_648.jpg\",\"datePublished\":\"2022-08-01T13:10:27+00:00\",\"dateModified\":\"2024-05-16T07:38:22+00:00\",\"breadcrumb\":{\"@id\":\"https:\\\/\\\/storax.be\\\/fr\\\/producten\\\/profiles-couvre-joints-resistant-aux-tremblements-de-terre\\\/cordon-resistant-au-feu\\\/#breadcrumb\"},\"inLanguage\":\"fr-FR\",\"potentialAction\":[{\"@type\":\"ReadAction\",\"target\":[\"https:\\\/\\\/storax.be\\\/fr\\\/producten\\\/profiles-couvre-joints-resistant-aux-tremblements-de-terre\\\/cordon-resistant-au-feu\\\/\"]}]},{\"@type\":\"ImageObject\",\"inLanguage\":\"fr-FR\",\"@id\":\"https:\\\/\\\/storax.be\\\/fr\\\/producten\\\/profiles-couvre-joints-resistant-aux-tremblements-de-terre\\\/cordon-resistant-au-feu\\\/#primaryimage\",\"url\":\"https:\\\/\\\/storax.be\\\/wp-content\\\/uploads\\\/sites\\\/2\\\/2019\\\/03\\\/thumb_270x270_648.jpg\",\"contentUrl\":\"https:\\\/\\\/storax.be\\\/wp-content\\\/uploads\\\/sites\\\/2\\\/2019\\\/03\\\/thumb_270x270_648.jpg\",\"width\":270,\"height\":270},{\"@type\":\"BreadcrumbList\",\"@id\":\"https:\\\/\\\/storax.be\\\/fr\\\/producten\\\/profiles-couvre-joints-resistant-aux-tremblements-de-terre\\\/cordon-resistant-au-feu\\\/#breadcrumb\",\"itemListElement\":[{\"@type\":\"ListItem\",\"position\":1,\"name\":\"Home\",\"item\":\"https:\\\/\\\/storax.be\\\/fr\\\/\"},{\"@type\":\"ListItem\",\"position\":2,\"name\":\"Producten\",\"item\":\"https:\\\/\\\/storax.be\\\/fr\\\/producten\\\/%product_category%\\\/\"},{\"@type\":\"ListItem\",\"position\":3,\"name\":\"Profil\u00e9s couvre-joints\",\"item\":\"https:\\\/\\\/storax.be\\\/fr\\\/producten\\\/profiles-couvre-joints\\\/\"},{\"@type\":\"ListItem\",\"position\":4,\"name\":\"Parking\",\"item\":\"https:\\\/\\\/storax.be\\\/fr\\\/producten\\\/parking\\\/\"},{\"@type\":\"ListItem\",\"position\":5,\"name\":\"Corde r\u00e9sistant au feu\"}]},{\"@type\":\"WebSite\",\"@id\":\"https:\\\/\\\/storax.be\\\/fr\\\/#website\",\"url\":\"https:\\\/\\\/storax.be\\\/fr\\\/\",\"name\":\"Storax Belgium\",\"description\":\"Uw betrouwbare partner voor bouwprojecten\",\"potentialAction\":[{\"@type\":\"SearchAction\",\"target\":{\"@type\":\"EntryPoint\",\"urlTemplate\":\"https:\\\/\\\/storax.be\\\/fr\\\/?s={search_term_string}\"},\"query-input\":{\"@type\":\"PropertyValueSpecification\",\"valueRequired\":true,\"valueName\":\"search_term_string\"}}],\"inLanguage\":\"fr-FR\"}]}<\/script>\n<!-- \/ Yoast SEO plugin. -->","yoast_head_json":{"title":"Corde r\u00e9sistant au feu - Storax Belgium","robots":{"index":"index","follow":"follow","max-snippet":"max-snippet:-1","max-image-preview":"max-image-preview:large","max-video-preview":"max-video-preview:-1"},"canonical":"https:\/\/storax.be\/fr\/producten\/profiles-couvre-joints-resistant-aux-tremblements-de-terre\/cordon-resistant-au-feu\/","og_locale":"fr_FR","og_type":"article","og_title":"Corde r\u00e9sistant au feu - Storax Belgium","og_description":"Pour profil\u00e9s couvre-joints et profil\u00e9s de dilatation Facile \u00e0 installer pour les joints de petite et moyenne taille. Pour les joints horizontaux et verticaux R\u00e9sistance au feu 180 et 240 min (aussi possible sur mesure) Conforme aux normes de s\u00e9curit\u00e9 incendie EN 13501-2 et EN 1366-4 Pour joints de 20 \u00e0 120\u00a0mm. En fonction de\u2026","og_url":"https:\/\/storax.be\/fr\/producten\/profiles-couvre-joints-resistant-aux-tremblements-de-terre\/cordon-resistant-au-feu\/","og_site_name":"Storax Belgium","article_modified_time":"2024-05-16T07:38:22+00:00","og_image":[{"width":270,"height":270,"url":"https:\/\/storax.be\/wp-content\/uploads\/sites\/2\/2019\/03\/thumb_270x270_648.jpg","type":"image\/jpeg"}],"twitter_card":"summary_large_image","twitter_misc":{"Dur\u00e9e de lecture estim\u00e9e":"1 minute"},"schema":{"@context":"https:\/\/schema.org","@graph":[{"@type":"WebPage","@id":"https:\/\/storax.be\/fr\/producten\/profiles-couvre-joints-resistant-aux-tremblements-de-terre\/cordon-resistant-au-feu\/","url":"https:\/\/storax.be\/fr\/producten\/profiles-couvre-joints-resistant-aux-tremblements-de-terre\/cordon-resistant-au-feu\/","name":"Corde r\u00e9sistant au feu - Storax Belgium","isPartOf":{"@id":"https:\/\/storax.be\/fr\/#website"},"primaryImageOfPage":{"@id":"https:\/\/storax.be\/fr\/producten\/profiles-couvre-joints-resistant-aux-tremblements-de-terre\/cordon-resistant-au-feu\/#primaryimage"},"image":{"@id":"https:\/\/storax.be\/fr\/producten\/profiles-couvre-joints-resistant-aux-tremblements-de-terre\/cordon-resistant-au-feu\/#primaryimage"},"thumbnailUrl":"https:\/\/storax.be\/wp-content\/uploads\/sites\/2\/2019\/03\/thumb_270x270_648.jpg","datePublished":"2022-08-01T13:10:27+00:00","dateModified":"2024-05-16T07:38:22+00:00","breadcrumb":{"@id":"https:\/\/storax.be\/fr\/producten\/profiles-couvre-joints-resistant-aux-tremblements-de-terre\/cordon-resistant-au-feu\/#breadcrumb"},"inLanguage":"fr-FR","potentialAction":[{"@type":"ReadAction","target":["https:\/\/storax.be\/fr\/producten\/profiles-couvre-joints-resistant-aux-tremblements-de-terre\/cordon-resistant-au-feu\/"]}]},{"@type":"ImageObject","inLanguage":"fr-FR","@id":"https:\/\/storax.be\/fr\/producten\/profiles-couvre-joints-resistant-aux-tremblements-de-terre\/cordon-resistant-au-feu\/#primaryimage","url":"https:\/\/storax.be\/wp-content\/uploads\/sites\/2\/2019\/03\/thumb_270x270_648.jpg","contentUrl":"https:\/\/storax.be\/wp-content\/uploads\/sites\/2\/2019\/03\/thumb_270x270_648.jpg","width":270,"height":270},{"@type":"BreadcrumbList","@id":"https:\/\/storax.be\/fr\/producten\/profiles-couvre-joints-resistant-aux-tremblements-de-terre\/cordon-resistant-au-feu\/#breadcrumb","itemListElement":[{"@type":"ListItem","position":1,"name":"Home","item":"https:\/\/storax.be\/fr\/"},{"@type":"ListItem","position":2,"name":"Producten","item":"https:\/\/storax.be\/fr\/producten\/%product_category%\/"},{"@type":"ListItem","position":3,"name":"Profil\u00e9s couvre-joints","item":"https:\/\/storax.be\/fr\/producten\/profiles-couvre-joints\/"},{"@type":"ListItem","position":4,"name":"Parking","item":"https:\/\/storax.be\/fr\/producten\/parking\/"},{"@type":"ListItem","position":5,"name":"Corde r\u00e9sistant au feu"}]},{"@type":"WebSite","@id":"https:\/\/storax.be\/fr\/#website","url":"https:\/\/storax.be\/fr\/","name":"Storax Belgium","description":"Uw betrouwbare partner voor bouwprojecten","potentialAction":[{"@type":"SearchAction","target":{"@type":"EntryPoint","urlTemplate":"https:\/\/storax.be\/fr\/?s={search_term_string}"},"query-input":{"@type":"PropertyValueSpecification","valueRequired":true,"valueName":"search_term_string"}}],"inLanguage":"fr-FR"}]}},"_links":{"self":[{"href":"https:\/\/storax.be\/fr\/wp-json\/wp\/v2\/product\/114975","targetHints":{"allow":["GET"]}}],"collection":[{"href":"https:\/\/storax.be\/fr\/wp-json\/wp\/v2\/product"}],"about":[{"href":"https:\/\/storax.be\/fr\/wp-json\/wp\/v2\/types\/product"}],"wp:featuredmedia":[{"embeddable":true,"href":"https:\/\/storax.be\/fr\/wp-json\/wp\/v2\/media\/105853"}],"wp:attachment":[{"href":"https:\/\/storax.be\/fr\/wp-json\/wp\/v2\/media?parent=114975"}],"wp:term":[{"taxonomy":"product_category","embeddable":true,"href":"https:\/\/storax.be\/fr\/wp-json\/wp\/v2\/product_category?post=114975"},{"taxonomy":"product_tag","embeddable":true,"href":"https:\/\/storax.be\/fr\/wp-json\/wp\/v2\/product_tag?post=114975"}],"curies":[{"name":"wp","href":"https:\/\/api.w.org\/{rel}","templated":true}]}}