{"id":114974,"date":"2022-08-01T13:07:50","date_gmt":"2022-08-01T13:07:50","guid":{"rendered":"https:\/\/storax.be\/?post_type=product&#038;p=114974"},"modified":"2024-05-16T07:38:22","modified_gmt":"2024-05-16T07:38:22","slug":"couverture-anti-feu","status":"publish","type":"product","link":"https:\/\/storax.be\/fr\/producten\/profiles-couvre-joints-resistant-aux-tremblements-de-terre\/couverture-anti-feu\/","title":{"rendered":"Couverture anti-feu"},"content":{"rendered":"<h2><b>Pour les grands joints \u2013 facile \u00e0 installer<\/b><\/h2>\n<p><span style=\"font-weight: 400;\">Les couvertures anti-feu sont un assemblage en \u00ab\u00a0sandwich\u00a0\u00bb de couches de laine min\u00e9rale et de feuilles d&rsquo;acier inoxydable dans une enveloppe de tissu anti-feu qui maintient l&rsquo;isolation en place. Enti\u00e8rement certifi\u00e9e, efficace, s\u00fbre et facile \u00e0 installer.<\/span><\/p>\n<ul>\n<li style=\"font-weight: 400;\" aria-level=\"1\"><span style=\"font-weight: 400;\">R\u00e9sistance au feu 60 min (aussi possible sur mesure)<\/span><\/li>\n<li style=\"font-weight: 400;\" aria-level=\"1\"><span style=\"font-weight: 400;\">Pour joints de 100 \u00e0 200\u00a0mm.<\/span><\/li>\n<li style=\"font-weight: 400;\" aria-level=\"1\"><span style=\"font-weight: 400;\">Conforme aux normes de s\u00e9curit\u00e9 incendie EN 13501-2 et EN 1366-4<\/span><\/li>\n<\/ul>\n","protected":false},"excerpt":{"rendered":"<p>Pour les grands joints \u2013 facile \u00e0 installer Les couvertures anti-feu sont un assemblage en \u00ab\u00a0sandwich\u00a0\u00bb de couches de laine min\u00e9rale et de feuilles d&rsquo;acier inoxydable dans une enveloppe de tissu anti-feu qui maintient l&rsquo;isolation en place. Enti\u00e8rement certifi\u00e9e, efficace, s\u00fbre et facile \u00e0 installer. R\u00e9sistance au feu 60 min (aussi possible sur mesure) Pour\u2026<\/p>\n","protected":false},"featured_media":105855,"template":"","meta":{"_acf_changed":false},"product_category":[711,678,661],"product_tag":[],"class_list":["post-114974","product","type-product","status-publish","has-post-thumbnail","hentry","product_category-parking","product_category-profils-de-dilatation","product_category-profiles-couvre-joints-resistant-aux-tremblements-de-terre"],"acf":[],"yoast_head":"<!-- This site is optimized with the Yoast SEO plugin v27.3 - https:\/\/yoast.com\/product\/yoast-seo-wordpress\/ -->\n<title>Couverture anti-feu - Storax Belgium<\/title>\n<meta name=\"robots\" content=\"index, follow, max-snippet:-1, max-image-preview:large, max-video-preview:-1\" \/>\n<link rel=\"canonical\" href=\"https:\/\/storax.be\/fr\/producten\/profiles-couvre-joints-resistant-aux-tremblements-de-terre\/couverture-anti-feu\/\" \/>\n<meta property=\"og:locale\" content=\"fr_FR\" \/>\n<meta property=\"og:type\" content=\"article\" \/>\n<meta property=\"og:title\" content=\"Couverture anti-feu - Storax Belgium\" \/>\n<meta property=\"og:description\" content=\"Pour les grands joints \u2013 facile \u00e0 installer Les couvertures anti-feu sont un assemblage en \u00ab\u00a0sandwich\u00a0\u00bb de couches de laine min\u00e9rale et de feuilles d&rsquo;acier inoxydable dans une enveloppe de tissu anti-feu qui maintient l&rsquo;isolation en place. Enti\u00e8rement certifi\u00e9e, efficace, s\u00fbre et facile \u00e0 installer. R\u00e9sistance au feu 60 min (aussi possible sur mesure) Pour\u2026\" \/>\n<meta property=\"og:url\" content=\"https:\/\/storax.be\/fr\/producten\/profiles-couvre-joints-resistant-aux-tremblements-de-terre\/couverture-anti-feu\/\" \/>\n<meta property=\"og:site_name\" content=\"Storax Belgium\" \/>\n<meta property=\"article:modified_time\" content=\"2024-05-16T07:38:22+00:00\" \/>\n<meta property=\"og:image\" content=\"https:\/\/storax.be\/wp-content\/uploads\/sites\/2\/2019\/03\/thumb_270x270_649.jpg\" \/>\n\t<meta property=\"og:image:width\" content=\"270\" \/>\n\t<meta property=\"og:image:height\" content=\"270\" \/>\n\t<meta property=\"og:image:type\" content=\"image\/jpeg\" \/>\n<meta name=\"twitter:card\" content=\"summary_large_image\" \/>\n<meta name=\"twitter:label1\" content=\"Dur\u00e9e de lecture estim\u00e9e\" \/>\n\t<meta name=\"twitter:data1\" content=\"1 minute\" \/>\n<script type=\"application\/ld+json\" class=\"yoast-schema-graph\">{\"@context\":\"https:\\\/\\\/schema.org\",\"@graph\":[{\"@type\":\"WebPage\",\"@id\":\"https:\\\/\\\/storax.be\\\/fr\\\/producten\\\/profiles-couvre-joints-resistant-aux-tremblements-de-terre\\\/couverture-anti-feu\\\/\",\"url\":\"https:\\\/\\\/storax.be\\\/fr\\\/producten\\\/profiles-couvre-joints-resistant-aux-tremblements-de-terre\\\/couverture-anti-feu\\\/\",\"name\":\"Couverture anti-feu - Storax Belgium\",\"isPartOf\":{\"@id\":\"https:\\\/\\\/storax.be\\\/fr\\\/#website\"},\"primaryImageOfPage\":{\"@id\":\"https:\\\/\\\/storax.be\\\/fr\\\/producten\\\/profiles-couvre-joints-resistant-aux-tremblements-de-terre\\\/couverture-anti-feu\\\/#primaryimage\"},\"image\":{\"@id\":\"https:\\\/\\\/storax.be\\\/fr\\\/producten\\\/profiles-couvre-joints-resistant-aux-tremblements-de-terre\\\/couverture-anti-feu\\\/#primaryimage\"},\"thumbnailUrl\":\"https:\\\/\\\/storax.be\\\/wp-content\\\/uploads\\\/sites\\\/2\\\/2019\\\/03\\\/thumb_270x270_649.jpg\",\"datePublished\":\"2022-08-01T13:07:50+00:00\",\"dateModified\":\"2024-05-16T07:38:22+00:00\",\"breadcrumb\":{\"@id\":\"https:\\\/\\\/storax.be\\\/fr\\\/producten\\\/profiles-couvre-joints-resistant-aux-tremblements-de-terre\\\/couverture-anti-feu\\\/#breadcrumb\"},\"inLanguage\":\"fr-FR\",\"potentialAction\":[{\"@type\":\"ReadAction\",\"target\":[\"https:\\\/\\\/storax.be\\\/fr\\\/producten\\\/profiles-couvre-joints-resistant-aux-tremblements-de-terre\\\/couverture-anti-feu\\\/\"]}]},{\"@type\":\"ImageObject\",\"inLanguage\":\"fr-FR\",\"@id\":\"https:\\\/\\\/storax.be\\\/fr\\\/producten\\\/profiles-couvre-joints-resistant-aux-tremblements-de-terre\\\/couverture-anti-feu\\\/#primaryimage\",\"url\":\"https:\\\/\\\/storax.be\\\/wp-content\\\/uploads\\\/sites\\\/2\\\/2019\\\/03\\\/thumb_270x270_649.jpg\",\"contentUrl\":\"https:\\\/\\\/storax.be\\\/wp-content\\\/uploads\\\/sites\\\/2\\\/2019\\\/03\\\/thumb_270x270_649.jpg\",\"width\":270,\"height\":270},{\"@type\":\"BreadcrumbList\",\"@id\":\"https:\\\/\\\/storax.be\\\/fr\\\/producten\\\/profiles-couvre-joints-resistant-aux-tremblements-de-terre\\\/couverture-anti-feu\\\/#breadcrumb\",\"itemListElement\":[{\"@type\":\"ListItem\",\"position\":1,\"name\":\"Home\",\"item\":\"https:\\\/\\\/storax.be\\\/fr\\\/\"},{\"@type\":\"ListItem\",\"position\":2,\"name\":\"Producten\",\"item\":\"https:\\\/\\\/storax.be\\\/fr\\\/producten\\\/%product_category%\\\/\"},{\"@type\":\"ListItem\",\"position\":3,\"name\":\"Profil\u00e9s couvre-joints\",\"item\":\"https:\\\/\\\/storax.be\\\/fr\\\/producten\\\/profiles-couvre-joints\\\/\"},{\"@type\":\"ListItem\",\"position\":4,\"name\":\"Parking\",\"item\":\"https:\\\/\\\/storax.be\\\/fr\\\/producten\\\/parking\\\/\"},{\"@type\":\"ListItem\",\"position\":5,\"name\":\"Couverture anti-feu\"}]},{\"@type\":\"WebSite\",\"@id\":\"https:\\\/\\\/storax.be\\\/fr\\\/#website\",\"url\":\"https:\\\/\\\/storax.be\\\/fr\\\/\",\"name\":\"Storax Belgium\",\"description\":\"Uw betrouwbare partner voor bouwprojecten\",\"potentialAction\":[{\"@type\":\"SearchAction\",\"target\":{\"@type\":\"EntryPoint\",\"urlTemplate\":\"https:\\\/\\\/storax.be\\\/fr\\\/?s={search_term_string}\"},\"query-input\":{\"@type\":\"PropertyValueSpecification\",\"valueRequired\":true,\"valueName\":\"search_term_string\"}}],\"inLanguage\":\"fr-FR\"}]}<\/script>\n<!-- \/ Yoast SEO plugin. -->","yoast_head_json":{"title":"Couverture anti-feu - Storax Belgium","robots":{"index":"index","follow":"follow","max-snippet":"max-snippet:-1","max-image-preview":"max-image-preview:large","max-video-preview":"max-video-preview:-1"},"canonical":"https:\/\/storax.be\/fr\/producten\/profiles-couvre-joints-resistant-aux-tremblements-de-terre\/couverture-anti-feu\/","og_locale":"fr_FR","og_type":"article","og_title":"Couverture anti-feu - Storax Belgium","og_description":"Pour les grands joints \u2013 facile \u00e0 installer Les couvertures anti-feu sont un assemblage en \u00ab\u00a0sandwich\u00a0\u00bb de couches de laine min\u00e9rale et de feuilles d&rsquo;acier inoxydable dans une enveloppe de tissu anti-feu qui maintient l&rsquo;isolation en place. Enti\u00e8rement certifi\u00e9e, efficace, s\u00fbre et facile \u00e0 installer. R\u00e9sistance au feu 60 min (aussi possible sur mesure) Pour\u2026","og_url":"https:\/\/storax.be\/fr\/producten\/profiles-couvre-joints-resistant-aux-tremblements-de-terre\/couverture-anti-feu\/","og_site_name":"Storax Belgium","article_modified_time":"2024-05-16T07:38:22+00:00","og_image":[{"width":270,"height":270,"url":"https:\/\/storax.be\/wp-content\/uploads\/sites\/2\/2019\/03\/thumb_270x270_649.jpg","type":"image\/jpeg"}],"twitter_card":"summary_large_image","twitter_misc":{"Dur\u00e9e de lecture estim\u00e9e":"1 minute"},"schema":{"@context":"https:\/\/schema.org","@graph":[{"@type":"WebPage","@id":"https:\/\/storax.be\/fr\/producten\/profiles-couvre-joints-resistant-aux-tremblements-de-terre\/couverture-anti-feu\/","url":"https:\/\/storax.be\/fr\/producten\/profiles-couvre-joints-resistant-aux-tremblements-de-terre\/couverture-anti-feu\/","name":"Couverture anti-feu - Storax Belgium","isPartOf":{"@id":"https:\/\/storax.be\/fr\/#website"},"primaryImageOfPage":{"@id":"https:\/\/storax.be\/fr\/producten\/profiles-couvre-joints-resistant-aux-tremblements-de-terre\/couverture-anti-feu\/#primaryimage"},"image":{"@id":"https:\/\/storax.be\/fr\/producten\/profiles-couvre-joints-resistant-aux-tremblements-de-terre\/couverture-anti-feu\/#primaryimage"},"thumbnailUrl":"https:\/\/storax.be\/wp-content\/uploads\/sites\/2\/2019\/03\/thumb_270x270_649.jpg","datePublished":"2022-08-01T13:07:50+00:00","dateModified":"2024-05-16T07:38:22+00:00","breadcrumb":{"@id":"https:\/\/storax.be\/fr\/producten\/profiles-couvre-joints-resistant-aux-tremblements-de-terre\/couverture-anti-feu\/#breadcrumb"},"inLanguage":"fr-FR","potentialAction":[{"@type":"ReadAction","target":["https:\/\/storax.be\/fr\/producten\/profiles-couvre-joints-resistant-aux-tremblements-de-terre\/couverture-anti-feu\/"]}]},{"@type":"ImageObject","inLanguage":"fr-FR","@id":"https:\/\/storax.be\/fr\/producten\/profiles-couvre-joints-resistant-aux-tremblements-de-terre\/couverture-anti-feu\/#primaryimage","url":"https:\/\/storax.be\/wp-content\/uploads\/sites\/2\/2019\/03\/thumb_270x270_649.jpg","contentUrl":"https:\/\/storax.be\/wp-content\/uploads\/sites\/2\/2019\/03\/thumb_270x270_649.jpg","width":270,"height":270},{"@type":"BreadcrumbList","@id":"https:\/\/storax.be\/fr\/producten\/profiles-couvre-joints-resistant-aux-tremblements-de-terre\/couverture-anti-feu\/#breadcrumb","itemListElement":[{"@type":"ListItem","position":1,"name":"Home","item":"https:\/\/storax.be\/fr\/"},{"@type":"ListItem","position":2,"name":"Producten","item":"https:\/\/storax.be\/fr\/producten\/%product_category%\/"},{"@type":"ListItem","position":3,"name":"Profil\u00e9s couvre-joints","item":"https:\/\/storax.be\/fr\/producten\/profiles-couvre-joints\/"},{"@type":"ListItem","position":4,"name":"Parking","item":"https:\/\/storax.be\/fr\/producten\/parking\/"},{"@type":"ListItem","position":5,"name":"Couverture anti-feu"}]},{"@type":"WebSite","@id":"https:\/\/storax.be\/fr\/#website","url":"https:\/\/storax.be\/fr\/","name":"Storax Belgium","description":"Uw betrouwbare partner voor bouwprojecten","potentialAction":[{"@type":"SearchAction","target":{"@type":"EntryPoint","urlTemplate":"https:\/\/storax.be\/fr\/?s={search_term_string}"},"query-input":{"@type":"PropertyValueSpecification","valueRequired":true,"valueName":"search_term_string"}}],"inLanguage":"fr-FR"}]}},"_links":{"self":[{"href":"https:\/\/storax.be\/fr\/wp-json\/wp\/v2\/product\/114974","targetHints":{"allow":["GET"]}}],"collection":[{"href":"https:\/\/storax.be\/fr\/wp-json\/wp\/v2\/product"}],"about":[{"href":"https:\/\/storax.be\/fr\/wp-json\/wp\/v2\/types\/product"}],"wp:featuredmedia":[{"embeddable":true,"href":"https:\/\/storax.be\/fr\/wp-json\/wp\/v2\/media\/105855"}],"wp:attachment":[{"href":"https:\/\/storax.be\/fr\/wp-json\/wp\/v2\/media?parent=114974"}],"wp:term":[{"taxonomy":"product_category","embeddable":true,"href":"https:\/\/storax.be\/fr\/wp-json\/wp\/v2\/product_category?post=114974"},{"taxonomy":"product_tag","embeddable":true,"href":"https:\/\/storax.be\/fr\/wp-json\/wp\/v2\/product_tag?post=114974"}],"curies":[{"name":"wp","href":"https:\/\/api.w.org\/{rel}","templated":true}]}}