{"id":114969,"date":"2022-08-01T12:56:36","date_gmt":"2022-08-01T12:56:36","guid":{"rendered":"https:\/\/storax.be\/?post_type=product&#038;p=114969"},"modified":"2024-05-16T07:38:21","modified_gmt":"2024-05-16T07:38:21","slug":"inox-autoadhesif","status":"publish","type":"product","link":"https:\/\/storax.be\/fr\/producten\/zelfklevend-inox-fr\/inox-autoadhesif\/","title":{"rendered":"INOX autoadh\u00e9sif"},"content":{"rendered":"<h2 style=\"font-size: 1.5em; line-height: 32px; font-weight: 600; margin-top: 10px;\">Corni\u00e8res autoadh\u00e9sives sp\u00e9ciales INOX avec c\u00f4t\u00e9s pli\u00e9s<\/h2>\n<p><strong>\u00c0 propos de ce produit\u00a0:<\/strong><\/p>\n<p><span style=\"font-weight: 400;\">Les corni\u00e8res autoadh\u00e9sives INOX sont fix\u00e9es \u00e0 l&rsquo;aide de 2 bandes de mastic en caoutchouc butyle hautement adh\u00e9sif, qui sont pr\u00e9-appliqu\u00e9es sur les profil\u00e9s par thermofusion et garantissent une adh\u00e9sion permanente sur pratiquement toutes les surfaces. Les bandes en caoutchouc butyle font \u00e9galement office d&rsquo;amortisseurs \u00e9lastiques en cas d&rsquo;impact.<\/span><\/p>\n<ul>\n<li style=\"font-weight: 400;\" aria-level=\"1\"><span style=\"font-weight: 400;\">mat\u00e9riau\u00a0: acier inoxydable de qualit\u00e9 INOX AiSi 304<\/span><\/li>\n<li style=\"font-weight: 400;\" aria-level=\"1\"><span style=\"font-weight: 400;\">\u00e9paisseur\u00a0: 1\u00a0mm<\/span><\/li>\n<\/ul>\n","protected":false},"excerpt":{"rendered":"<p>Corni\u00e8res autoadh\u00e9sives sp\u00e9ciales INOX avec c\u00f4t\u00e9s pli\u00e9s \u00c0 propos de ce produit\u00a0: Les corni\u00e8res autoadh\u00e9sives INOX sont fix\u00e9es \u00e0 l&rsquo;aide de 2 bandes de mastic en caoutchouc butyle hautement adh\u00e9sif, qui sont pr\u00e9-appliqu\u00e9es sur les profil\u00e9s par thermofusion et garantissent une adh\u00e9sion permanente sur pratiquement toutes les surfaces. Les bandes en caoutchouc butyle font \u00e9galement\u2026<\/p>\n","protected":false},"featured_media":106837,"template":"","meta":{"_acf_changed":false},"product_category":[597,655],"product_tag":[447,455,459,464,474,545,572],"class_list":["post-114969","product","type-product","status-publish","has-post-thumbnail","hentry","product_category-cornieres","product_category-zelfklevend-inox-fr","product_tag-25-x-25-mm-fr","product_tag-30-x-30-mm-fr","product_tag-40-x-40-mm-fr","product_tag-50-x-50-mm-fr","product_tag-90-graden-fr","product_tag-roestvaststaal-fr","product_tag-zelfklevend-fr"],"acf":[],"yoast_head":"<!-- This site is optimized with the Yoast SEO plugin v27.3 - https:\/\/yoast.com\/product\/yoast-seo-wordpress\/ -->\n<title>INOX autoadh\u00e9sif - Storax Belgium<\/title>\n<meta name=\"robots\" content=\"index, follow, max-snippet:-1, max-image-preview:large, max-video-preview:-1\" \/>\n<link rel=\"canonical\" href=\"https:\/\/storax.be\/fr\/producten\/zelfklevend-inox-fr\/inox-autoadhesif\/\" \/>\n<meta property=\"og:locale\" content=\"fr_FR\" \/>\n<meta property=\"og:type\" content=\"article\" \/>\n<meta property=\"og:title\" content=\"INOX autoadh\u00e9sif - Storax Belgium\" \/>\n<meta property=\"og:description\" content=\"Corni\u00e8res autoadh\u00e9sives sp\u00e9ciales INOX avec c\u00f4t\u00e9s pli\u00e9s \u00c0 propos de ce produit\u00a0: Les corni\u00e8res autoadh\u00e9sives INOX sont fix\u00e9es \u00e0 l&rsquo;aide de 2 bandes de mastic en caoutchouc butyle hautement adh\u00e9sif, qui sont pr\u00e9-appliqu\u00e9es sur les profil\u00e9s par thermofusion et garantissent une adh\u00e9sion permanente sur pratiquement toutes les surfaces. Les bandes en caoutchouc butyle font \u00e9galement\u2026\" \/>\n<meta property=\"og:url\" content=\"https:\/\/storax.be\/fr\/producten\/zelfklevend-inox-fr\/inox-autoadhesif\/\" \/>\n<meta property=\"og:site_name\" content=\"Storax Belgium\" \/>\n<meta property=\"article:modified_time\" content=\"2024-05-16T07:38:21+00:00\" \/>\n<meta property=\"og:image\" content=\"https:\/\/storax.be\/wp-content\/uploads\/sites\/2\/2019\/03\/thumb_270x270_173.jpg\" \/>\n\t<meta property=\"og:image:width\" content=\"270\" \/>\n\t<meta property=\"og:image:height\" content=\"270\" \/>\n\t<meta property=\"og:image:type\" content=\"image\/jpeg\" \/>\n<meta name=\"twitter:card\" content=\"summary_large_image\" \/>\n<meta name=\"twitter:label1\" content=\"Dur\u00e9e de lecture estim\u00e9e\" \/>\n\t<meta name=\"twitter:data1\" content=\"1 minute\" \/>\n<script type=\"application\/ld+json\" class=\"yoast-schema-graph\">{\"@context\":\"https:\\\/\\\/schema.org\",\"@graph\":[{\"@type\":\"WebPage\",\"@id\":\"https:\\\/\\\/storax.be\\\/fr\\\/producten\\\/zelfklevend-inox-fr\\\/inox-autoadhesif\\\/\",\"url\":\"https:\\\/\\\/storax.be\\\/fr\\\/producten\\\/zelfklevend-inox-fr\\\/inox-autoadhesif\\\/\",\"name\":\"INOX autoadh\u00e9sif - Storax Belgium\",\"isPartOf\":{\"@id\":\"https:\\\/\\\/storax.be\\\/fr\\\/#website\"},\"primaryImageOfPage\":{\"@id\":\"https:\\\/\\\/storax.be\\\/fr\\\/producten\\\/zelfklevend-inox-fr\\\/inox-autoadhesif\\\/#primaryimage\"},\"image\":{\"@id\":\"https:\\\/\\\/storax.be\\\/fr\\\/producten\\\/zelfklevend-inox-fr\\\/inox-autoadhesif\\\/#primaryimage\"},\"thumbnailUrl\":\"https:\\\/\\\/storax.be\\\/wp-content\\\/uploads\\\/sites\\\/2\\\/2019\\\/03\\\/thumb_270x270_173.jpg\",\"datePublished\":\"2022-08-01T12:56:36+00:00\",\"dateModified\":\"2024-05-16T07:38:21+00:00\",\"breadcrumb\":{\"@id\":\"https:\\\/\\\/storax.be\\\/fr\\\/producten\\\/zelfklevend-inox-fr\\\/inox-autoadhesif\\\/#breadcrumb\"},\"inLanguage\":\"fr-FR\",\"potentialAction\":[{\"@type\":\"ReadAction\",\"target\":[\"https:\\\/\\\/storax.be\\\/fr\\\/producten\\\/zelfklevend-inox-fr\\\/inox-autoadhesif\\\/\"]}]},{\"@type\":\"ImageObject\",\"inLanguage\":\"fr-FR\",\"@id\":\"https:\\\/\\\/storax.be\\\/fr\\\/producten\\\/zelfklevend-inox-fr\\\/inox-autoadhesif\\\/#primaryimage\",\"url\":\"https:\\\/\\\/storax.be\\\/wp-content\\\/uploads\\\/sites\\\/2\\\/2019\\\/03\\\/thumb_270x270_173.jpg\",\"contentUrl\":\"https:\\\/\\\/storax.be\\\/wp-content\\\/uploads\\\/sites\\\/2\\\/2019\\\/03\\\/thumb_270x270_173.jpg\",\"width\":270,\"height\":270},{\"@type\":\"BreadcrumbList\",\"@id\":\"https:\\\/\\\/storax.be\\\/fr\\\/producten\\\/zelfklevend-inox-fr\\\/inox-autoadhesif\\\/#breadcrumb\",\"itemListElement\":[{\"@type\":\"ListItem\",\"position\":1,\"name\":\"Home\",\"item\":\"https:\\\/\\\/storax.be\\\/fr\\\/\"},{\"@type\":\"ListItem\",\"position\":2,\"name\":\"Producten\",\"item\":\"https:\\\/\\\/storax.be\\\/fr\\\/producten\\\/%product_category%\\\/\"},{\"@type\":\"ListItem\",\"position\":3,\"name\":\"Corni\u00e8res\",\"item\":\"https:\\\/\\\/storax.be\\\/fr\\\/producten\\\/cornieres\\\/\"},{\"@type\":\"ListItem\",\"position\":4,\"name\":\"INOX auto-adh\u00e9sif\",\"item\":\"https:\\\/\\\/storax.be\\\/fr\\\/producten\\\/zelfklevend-inox-fr\\\/\"},{\"@type\":\"ListItem\",\"position\":5,\"name\":\"INOX autoadh\u00e9sif\"}]},{\"@type\":\"WebSite\",\"@id\":\"https:\\\/\\\/storax.be\\\/fr\\\/#website\",\"url\":\"https:\\\/\\\/storax.be\\\/fr\\\/\",\"name\":\"Storax Belgium\",\"description\":\"Uw betrouwbare partner voor bouwprojecten\",\"potentialAction\":[{\"@type\":\"SearchAction\",\"target\":{\"@type\":\"EntryPoint\",\"urlTemplate\":\"https:\\\/\\\/storax.be\\\/fr\\\/?s={search_term_string}\"},\"query-input\":{\"@type\":\"PropertyValueSpecification\",\"valueRequired\":true,\"valueName\":\"search_term_string\"}}],\"inLanguage\":\"fr-FR\"}]}<\/script>\n<!-- \/ Yoast SEO plugin. -->","yoast_head_json":{"title":"INOX autoadh\u00e9sif - Storax Belgium","robots":{"index":"index","follow":"follow","max-snippet":"max-snippet:-1","max-image-preview":"max-image-preview:large","max-video-preview":"max-video-preview:-1"},"canonical":"https:\/\/storax.be\/fr\/producten\/zelfklevend-inox-fr\/inox-autoadhesif\/","og_locale":"fr_FR","og_type":"article","og_title":"INOX autoadh\u00e9sif - Storax Belgium","og_description":"Corni\u00e8res autoadh\u00e9sives sp\u00e9ciales INOX avec c\u00f4t\u00e9s pli\u00e9s \u00c0 propos de ce produit\u00a0: Les corni\u00e8res autoadh\u00e9sives INOX sont fix\u00e9es \u00e0 l&rsquo;aide de 2 bandes de mastic en caoutchouc butyle hautement adh\u00e9sif, qui sont pr\u00e9-appliqu\u00e9es sur les profil\u00e9s par thermofusion et garantissent une adh\u00e9sion permanente sur pratiquement toutes les surfaces. Les bandes en caoutchouc butyle font \u00e9galement\u2026","og_url":"https:\/\/storax.be\/fr\/producten\/zelfklevend-inox-fr\/inox-autoadhesif\/","og_site_name":"Storax Belgium","article_modified_time":"2024-05-16T07:38:21+00:00","og_image":[{"width":270,"height":270,"url":"https:\/\/storax.be\/wp-content\/uploads\/sites\/2\/2019\/03\/thumb_270x270_173.jpg","type":"image\/jpeg"}],"twitter_card":"summary_large_image","twitter_misc":{"Dur\u00e9e de lecture estim\u00e9e":"1 minute"},"schema":{"@context":"https:\/\/schema.org","@graph":[{"@type":"WebPage","@id":"https:\/\/storax.be\/fr\/producten\/zelfklevend-inox-fr\/inox-autoadhesif\/","url":"https:\/\/storax.be\/fr\/producten\/zelfklevend-inox-fr\/inox-autoadhesif\/","name":"INOX autoadh\u00e9sif - Storax Belgium","isPartOf":{"@id":"https:\/\/storax.be\/fr\/#website"},"primaryImageOfPage":{"@id":"https:\/\/storax.be\/fr\/producten\/zelfklevend-inox-fr\/inox-autoadhesif\/#primaryimage"},"image":{"@id":"https:\/\/storax.be\/fr\/producten\/zelfklevend-inox-fr\/inox-autoadhesif\/#primaryimage"},"thumbnailUrl":"https:\/\/storax.be\/wp-content\/uploads\/sites\/2\/2019\/03\/thumb_270x270_173.jpg","datePublished":"2022-08-01T12:56:36+00:00","dateModified":"2024-05-16T07:38:21+00:00","breadcrumb":{"@id":"https:\/\/storax.be\/fr\/producten\/zelfklevend-inox-fr\/inox-autoadhesif\/#breadcrumb"},"inLanguage":"fr-FR","potentialAction":[{"@type":"ReadAction","target":["https:\/\/storax.be\/fr\/producten\/zelfklevend-inox-fr\/inox-autoadhesif\/"]}]},{"@type":"ImageObject","inLanguage":"fr-FR","@id":"https:\/\/storax.be\/fr\/producten\/zelfklevend-inox-fr\/inox-autoadhesif\/#primaryimage","url":"https:\/\/storax.be\/wp-content\/uploads\/sites\/2\/2019\/03\/thumb_270x270_173.jpg","contentUrl":"https:\/\/storax.be\/wp-content\/uploads\/sites\/2\/2019\/03\/thumb_270x270_173.jpg","width":270,"height":270},{"@type":"BreadcrumbList","@id":"https:\/\/storax.be\/fr\/producten\/zelfklevend-inox-fr\/inox-autoadhesif\/#breadcrumb","itemListElement":[{"@type":"ListItem","position":1,"name":"Home","item":"https:\/\/storax.be\/fr\/"},{"@type":"ListItem","position":2,"name":"Producten","item":"https:\/\/storax.be\/fr\/producten\/%product_category%\/"},{"@type":"ListItem","position":3,"name":"Corni\u00e8res","item":"https:\/\/storax.be\/fr\/producten\/cornieres\/"},{"@type":"ListItem","position":4,"name":"INOX auto-adh\u00e9sif","item":"https:\/\/storax.be\/fr\/producten\/zelfklevend-inox-fr\/"},{"@type":"ListItem","position":5,"name":"INOX autoadh\u00e9sif"}]},{"@type":"WebSite","@id":"https:\/\/storax.be\/fr\/#website","url":"https:\/\/storax.be\/fr\/","name":"Storax Belgium","description":"Uw betrouwbare partner voor bouwprojecten","potentialAction":[{"@type":"SearchAction","target":{"@type":"EntryPoint","urlTemplate":"https:\/\/storax.be\/fr\/?s={search_term_string}"},"query-input":{"@type":"PropertyValueSpecification","valueRequired":true,"valueName":"search_term_string"}}],"inLanguage":"fr-FR"}]}},"_links":{"self":[{"href":"https:\/\/storax.be\/fr\/wp-json\/wp\/v2\/product\/114969","targetHints":{"allow":["GET"]}}],"collection":[{"href":"https:\/\/storax.be\/fr\/wp-json\/wp\/v2\/product"}],"about":[{"href":"https:\/\/storax.be\/fr\/wp-json\/wp\/v2\/types\/product"}],"wp:featuredmedia":[{"embeddable":true,"href":"https:\/\/storax.be\/fr\/wp-json\/wp\/v2\/media\/106837"}],"wp:attachment":[{"href":"https:\/\/storax.be\/fr\/wp-json\/wp\/v2\/media?parent=114969"}],"wp:term":[{"taxonomy":"product_category","embeddable":true,"href":"https:\/\/storax.be\/fr\/wp-json\/wp\/v2\/product_category?post=114969"},{"taxonomy":"product_tag","embeddable":true,"href":"https:\/\/storax.be\/fr\/wp-json\/wp\/v2\/product_tag?post=114969"}],"curies":[{"name":"wp","href":"https:\/\/api.w.org\/{rel}","templated":true}]}}