{"id":114962,"date":"2022-08-01T12:40:28","date_gmt":"2022-08-01T12:40:28","guid":{"rendered":"https:\/\/storax.be\/?post_type=product&#038;p=114962"},"modified":"2024-05-16T07:38:21","modified_gmt":"2024-05-16T07:38:21","slug":"acier-autoadhesif","status":"publish","type":"product","link":"https:\/\/storax.be\/fr\/producten\/cornieres\/acier-autoadhesif\/","title":{"rendered":"Acier autoadh\u00e9sif"},"content":{"rendered":"<h2>Corni\u00e8res sp\u00e9ciales avec c\u00f4t\u00e9s pli\u00e9s<\/h2>\n<p>\u00c0 propos de ce produit\u00a0:<\/p>\n<p>Les corni\u00e8res sont fix\u00e9es \u00e0 l&rsquo;aide de 2 bandes de mastic en caoutchouc butyle hautement adh\u00e9sif, qui sont pr\u00e9-appliqu\u00e9es sur les profil\u00e9s par thermofusion et garantissent une adh\u00e9sion permanente sur pratiquement toutes les surfaces. Les bandes en caoutchouc butyle font \u00e9galement office d&rsquo;amortisseurs \u00e9lastiques en cas d&rsquo;impact.<\/p>\n<ul>\n<li>mat\u00e9riau\u00a0: acier chrom\u00e9 de qualit\u00e9 AiSi 430<\/li>\n<li>\u00e9paisseur\u00a0: 1\u00a0mm<\/li>\n<\/ul>\n","protected":false},"excerpt":{"rendered":"<p>Corni\u00e8res sp\u00e9ciales avec c\u00f4t\u00e9s pli\u00e9s \u00c0 propos de ce produit\u00a0: Les corni\u00e8res sont fix\u00e9es \u00e0 l&rsquo;aide de 2 bandes de mastic en caoutchouc butyle hautement adh\u00e9sif, qui sont pr\u00e9-appliqu\u00e9es sur les profil\u00e9s par thermofusion et garantissent une adh\u00e9sion permanente sur pratiquement toutes les surfaces. Les bandes en caoutchouc butyle font \u00e9galement office d&rsquo;amortisseurs \u00e9lastiques en\u2026<\/p>\n","protected":false},"featured_media":111566,"template":"","meta":{"_acf_changed":false},"product_category":[761,597],"product_tag":[474,554,572],"class_list":["post-114962","product","type-product","status-publish","has-post-thumbnail","hentry","product_category-zelfklevend-staal-fr","product_category-cornieres","product_tag-90-graden-fr","product_tag-staal-fr","product_tag-zelfklevend-fr"],"acf":[],"yoast_head":"<!-- This site is optimized with the Yoast SEO plugin v27.3 - https:\/\/yoast.com\/product\/yoast-seo-wordpress\/ -->\n<title>Acier autoadh\u00e9sif - Storax Belgium<\/title>\n<meta name=\"robots\" content=\"index, follow, max-snippet:-1, max-image-preview:large, max-video-preview:-1\" \/>\n<link rel=\"canonical\" href=\"https:\/\/storax.be\/fr\/producten\/cornieres\/acier-autoadhesif\/\" \/>\n<meta property=\"og:locale\" content=\"fr_FR\" \/>\n<meta property=\"og:type\" content=\"article\" \/>\n<meta property=\"og:title\" content=\"Acier autoadh\u00e9sif - Storax Belgium\" \/>\n<meta property=\"og:description\" content=\"Corni\u00e8res sp\u00e9ciales avec c\u00f4t\u00e9s pli\u00e9s \u00c0 propos de ce produit\u00a0: Les corni\u00e8res sont fix\u00e9es \u00e0 l&rsquo;aide de 2 bandes de mastic en caoutchouc butyle hautement adh\u00e9sif, qui sont pr\u00e9-appliqu\u00e9es sur les profil\u00e9s par thermofusion et garantissent une adh\u00e9sion permanente sur pratiquement toutes les surfaces. Les bandes en caoutchouc butyle font \u00e9galement office d&rsquo;amortisseurs \u00e9lastiques en\u2026\" \/>\n<meta property=\"og:url\" content=\"https:\/\/storax.be\/fr\/producten\/cornieres\/acier-autoadhesif\/\" \/>\n<meta property=\"og:site_name\" content=\"Storax Belgium\" \/>\n<meta property=\"article:modified_time\" content=\"2024-05-16T07:38:21+00:00\" \/>\n<meta property=\"og:image\" content=\"https:\/\/storax.be\/wp-content\/uploads\/sites\/2\/2019\/03\/thumb_470x470_582-1.jpg\" \/>\n\t<meta property=\"og:image:width\" content=\"470\" \/>\n\t<meta property=\"og:image:height\" content=\"470\" \/>\n\t<meta property=\"og:image:type\" content=\"image\/jpeg\" \/>\n<meta name=\"twitter:card\" content=\"summary_large_image\" \/>\n<meta name=\"twitter:label1\" content=\"Dur\u00e9e de lecture estim\u00e9e\" \/>\n\t<meta name=\"twitter:data1\" content=\"1 minute\" \/>\n<script type=\"application\/ld+json\" class=\"yoast-schema-graph\">{\"@context\":\"https:\\\/\\\/schema.org\",\"@graph\":[{\"@type\":\"WebPage\",\"@id\":\"https:\\\/\\\/storax.be\\\/fr\\\/producten\\\/cornieres\\\/acier-autoadhesif\\\/\",\"url\":\"https:\\\/\\\/storax.be\\\/fr\\\/producten\\\/cornieres\\\/acier-autoadhesif\\\/\",\"name\":\"Acier autoadh\u00e9sif - Storax Belgium\",\"isPartOf\":{\"@id\":\"https:\\\/\\\/storax.be\\\/fr\\\/#website\"},\"primaryImageOfPage\":{\"@id\":\"https:\\\/\\\/storax.be\\\/fr\\\/producten\\\/cornieres\\\/acier-autoadhesif\\\/#primaryimage\"},\"image\":{\"@id\":\"https:\\\/\\\/storax.be\\\/fr\\\/producten\\\/cornieres\\\/acier-autoadhesif\\\/#primaryimage\"},\"thumbnailUrl\":\"https:\\\/\\\/storax.be\\\/wp-content\\\/uploads\\\/sites\\\/2\\\/2019\\\/03\\\/thumb_470x470_582-1.jpg\",\"datePublished\":\"2022-08-01T12:40:28+00:00\",\"dateModified\":\"2024-05-16T07:38:21+00:00\",\"breadcrumb\":{\"@id\":\"https:\\\/\\\/storax.be\\\/fr\\\/producten\\\/cornieres\\\/acier-autoadhesif\\\/#breadcrumb\"},\"inLanguage\":\"fr-FR\",\"potentialAction\":[{\"@type\":\"ReadAction\",\"target\":[\"https:\\\/\\\/storax.be\\\/fr\\\/producten\\\/cornieres\\\/acier-autoadhesif\\\/\"]}]},{\"@type\":\"ImageObject\",\"inLanguage\":\"fr-FR\",\"@id\":\"https:\\\/\\\/storax.be\\\/fr\\\/producten\\\/cornieres\\\/acier-autoadhesif\\\/#primaryimage\",\"url\":\"https:\\\/\\\/storax.be\\\/wp-content\\\/uploads\\\/sites\\\/2\\\/2019\\\/03\\\/thumb_470x470_582-1.jpg\",\"contentUrl\":\"https:\\\/\\\/storax.be\\\/wp-content\\\/uploads\\\/sites\\\/2\\\/2019\\\/03\\\/thumb_470x470_582-1.jpg\",\"width\":470,\"height\":470},{\"@type\":\"BreadcrumbList\",\"@id\":\"https:\\\/\\\/storax.be\\\/fr\\\/producten\\\/cornieres\\\/acier-autoadhesif\\\/#breadcrumb\",\"itemListElement\":[{\"@type\":\"ListItem\",\"position\":1,\"name\":\"Home\",\"item\":\"https:\\\/\\\/storax.be\\\/fr\\\/\"},{\"@type\":\"ListItem\",\"position\":2,\"name\":\"Producten\",\"item\":\"https:\\\/\\\/storax.be\\\/fr\\\/producten\\\/%product_category%\\\/\"},{\"@type\":\"ListItem\",\"position\":3,\"name\":\"Corni\u00e8res\",\"item\":\"https:\\\/\\\/storax.be\\\/fr\\\/producten\\\/cornieres\\\/\"},{\"@type\":\"ListItem\",\"position\":4,\"name\":\"Acier autocollant\",\"item\":\"https:\\\/\\\/storax.be\\\/fr\\\/producten\\\/zelfklevend-staal-fr\\\/\"},{\"@type\":\"ListItem\",\"position\":5,\"name\":\"Acier autoadh\u00e9sif\"}]},{\"@type\":\"WebSite\",\"@id\":\"https:\\\/\\\/storax.be\\\/fr\\\/#website\",\"url\":\"https:\\\/\\\/storax.be\\\/fr\\\/\",\"name\":\"Storax Belgium\",\"description\":\"Uw betrouwbare partner voor bouwprojecten\",\"potentialAction\":[{\"@type\":\"SearchAction\",\"target\":{\"@type\":\"EntryPoint\",\"urlTemplate\":\"https:\\\/\\\/storax.be\\\/fr\\\/?s={search_term_string}\"},\"query-input\":{\"@type\":\"PropertyValueSpecification\",\"valueRequired\":true,\"valueName\":\"search_term_string\"}}],\"inLanguage\":\"fr-FR\"}]}<\/script>\n<!-- \/ Yoast SEO plugin. -->","yoast_head_json":{"title":"Acier autoadh\u00e9sif - Storax Belgium","robots":{"index":"index","follow":"follow","max-snippet":"max-snippet:-1","max-image-preview":"max-image-preview:large","max-video-preview":"max-video-preview:-1"},"canonical":"https:\/\/storax.be\/fr\/producten\/cornieres\/acier-autoadhesif\/","og_locale":"fr_FR","og_type":"article","og_title":"Acier autoadh\u00e9sif - Storax Belgium","og_description":"Corni\u00e8res sp\u00e9ciales avec c\u00f4t\u00e9s pli\u00e9s \u00c0 propos de ce produit\u00a0: Les corni\u00e8res sont fix\u00e9es \u00e0 l&rsquo;aide de 2 bandes de mastic en caoutchouc butyle hautement adh\u00e9sif, qui sont pr\u00e9-appliqu\u00e9es sur les profil\u00e9s par thermofusion et garantissent une adh\u00e9sion permanente sur pratiquement toutes les surfaces. Les bandes en caoutchouc butyle font \u00e9galement office d&rsquo;amortisseurs \u00e9lastiques en\u2026","og_url":"https:\/\/storax.be\/fr\/producten\/cornieres\/acier-autoadhesif\/","og_site_name":"Storax Belgium","article_modified_time":"2024-05-16T07:38:21+00:00","og_image":[{"width":470,"height":470,"url":"https:\/\/storax.be\/wp-content\/uploads\/sites\/2\/2019\/03\/thumb_470x470_582-1.jpg","type":"image\/jpeg"}],"twitter_card":"summary_large_image","twitter_misc":{"Dur\u00e9e de lecture estim\u00e9e":"1 minute"},"schema":{"@context":"https:\/\/schema.org","@graph":[{"@type":"WebPage","@id":"https:\/\/storax.be\/fr\/producten\/cornieres\/acier-autoadhesif\/","url":"https:\/\/storax.be\/fr\/producten\/cornieres\/acier-autoadhesif\/","name":"Acier autoadh\u00e9sif - Storax Belgium","isPartOf":{"@id":"https:\/\/storax.be\/fr\/#website"},"primaryImageOfPage":{"@id":"https:\/\/storax.be\/fr\/producten\/cornieres\/acier-autoadhesif\/#primaryimage"},"image":{"@id":"https:\/\/storax.be\/fr\/producten\/cornieres\/acier-autoadhesif\/#primaryimage"},"thumbnailUrl":"https:\/\/storax.be\/wp-content\/uploads\/sites\/2\/2019\/03\/thumb_470x470_582-1.jpg","datePublished":"2022-08-01T12:40:28+00:00","dateModified":"2024-05-16T07:38:21+00:00","breadcrumb":{"@id":"https:\/\/storax.be\/fr\/producten\/cornieres\/acier-autoadhesif\/#breadcrumb"},"inLanguage":"fr-FR","potentialAction":[{"@type":"ReadAction","target":["https:\/\/storax.be\/fr\/producten\/cornieres\/acier-autoadhesif\/"]}]},{"@type":"ImageObject","inLanguage":"fr-FR","@id":"https:\/\/storax.be\/fr\/producten\/cornieres\/acier-autoadhesif\/#primaryimage","url":"https:\/\/storax.be\/wp-content\/uploads\/sites\/2\/2019\/03\/thumb_470x470_582-1.jpg","contentUrl":"https:\/\/storax.be\/wp-content\/uploads\/sites\/2\/2019\/03\/thumb_470x470_582-1.jpg","width":470,"height":470},{"@type":"BreadcrumbList","@id":"https:\/\/storax.be\/fr\/producten\/cornieres\/acier-autoadhesif\/#breadcrumb","itemListElement":[{"@type":"ListItem","position":1,"name":"Home","item":"https:\/\/storax.be\/fr\/"},{"@type":"ListItem","position":2,"name":"Producten","item":"https:\/\/storax.be\/fr\/producten\/%product_category%\/"},{"@type":"ListItem","position":3,"name":"Corni\u00e8res","item":"https:\/\/storax.be\/fr\/producten\/cornieres\/"},{"@type":"ListItem","position":4,"name":"Acier autocollant","item":"https:\/\/storax.be\/fr\/producten\/zelfklevend-staal-fr\/"},{"@type":"ListItem","position":5,"name":"Acier autoadh\u00e9sif"}]},{"@type":"WebSite","@id":"https:\/\/storax.be\/fr\/#website","url":"https:\/\/storax.be\/fr\/","name":"Storax Belgium","description":"Uw betrouwbare partner voor bouwprojecten","potentialAction":[{"@type":"SearchAction","target":{"@type":"EntryPoint","urlTemplate":"https:\/\/storax.be\/fr\/?s={search_term_string}"},"query-input":{"@type":"PropertyValueSpecification","valueRequired":true,"valueName":"search_term_string"}}],"inLanguage":"fr-FR"}]}},"_links":{"self":[{"href":"https:\/\/storax.be\/fr\/wp-json\/wp\/v2\/product\/114962","targetHints":{"allow":["GET"]}}],"collection":[{"href":"https:\/\/storax.be\/fr\/wp-json\/wp\/v2\/product"}],"about":[{"href":"https:\/\/storax.be\/fr\/wp-json\/wp\/v2\/types\/product"}],"wp:featuredmedia":[{"embeddable":true,"href":"https:\/\/storax.be\/fr\/wp-json\/wp\/v2\/media\/111566"}],"wp:attachment":[{"href":"https:\/\/storax.be\/fr\/wp-json\/wp\/v2\/media?parent=114962"}],"wp:term":[{"taxonomy":"product_category","embeddable":true,"href":"https:\/\/storax.be\/fr\/wp-json\/wp\/v2\/product_category?post=114962"},{"taxonomy":"product_tag","embeddable":true,"href":"https:\/\/storax.be\/fr\/wp-json\/wp\/v2\/product_tag?post=114962"}],"curies":[{"name":"wp","href":"https:\/\/api.w.org\/{rel}","templated":true}]}}