{"id":114953,"date":"2022-08-01T12:12:43","date_gmt":"2022-08-01T12:12:43","guid":{"rendered":"https:\/\/storax.be\/?post_type=product&#038;p=114953"},"modified":"2024-08-20T09:08:11","modified_gmt":"2024-08-20T09:08:11","slug":"schluter-ditra-drain-8","status":"publish","type":"product","link":"https:\/\/storax.be\/fr\/producten\/systemes-schluter-pour-balcons-et-terrasses\/schluter-ditra-drain-8\/","title":{"rendered":"Schl\u00fcter\u00ae-Ditra drain 8"},"content":{"rendered":"\n<h2 class=\"wp-block-heading\">La Natte de Drainage<\/h2>\n\n\n\n<p>Schl\u00fcter\u00ae-DITRA-DRAIN 8 est une natte en poly\u00e9thyl\u00e8ne avec des plots en c\u00f4nes tronqu\u00e9s, dot\u00e9e de non-tiss\u00e9s en polypropyl\u00e8ne perm\u00e9ables sur les deux faces. Id\u00e9al pour drainer et imperm\u00e9abiliser sous carrelage.<\/p>\n\n\n\n<p><strong>Caract\u00e9ristiques Techniques :<\/strong><\/p>\n\n\n\n<ul class=\"wp-block-list\"><li><strong>Structure :<\/strong> La natte est constitu\u00e9e de c\u00f4nes tronqu\u00e9s et de non-tiss\u00e9s en polypropyl\u00e8ne sur les deux c\u00f4t\u00e9s, facilitant l&rsquo;adh\u00e9rence du mortier fin.<\/li><li><strong>Installation :<\/strong> Appliquez du mortier fin avec une spatule crant\u00e9e (3 x 3 mm ou 4 x 4 mm) sur le joint de contact, puis recouvrez-le enti\u00e8rement avec la natte Schl\u00fcter\u00ae-DITRA-DRAIN 8.<\/li><li><strong>Charge de Pression :<\/strong> Supporte jusqu&rsquo;\u00e0 15 t\/m\u00b2, con\u00e7ue sp\u00e9cifiquement pour les applications ext\u00e9rieures.<\/li><\/ul>\n\n\n\n<h3 class=\"wp-block-heading\">Fonctionnalit\u00e9s Cl\u00e9s :<\/h3>\n\n\n\n<p><strong>Drainage \/ Sous-ventilation :<\/strong><\/p>\n\n\n\n<ul class=\"wp-block-list\"><li><strong>Sous-ventilation :<\/strong> Permet au mortier-colle de s\u00e9cher rapidement.<\/li><li><strong>Drainage Capillaire Passif :<\/strong> Garantit une \u00e9vacuation sans pression de l\u2019eau accumul\u00e9e, \u00e9vitant les remont\u00e9es dans le rev\u00eatement.<\/li><\/ul>\n\n\n\n<p><strong>D\u00e9couplage :<\/strong><\/p>\n\n\n\n<ul class=\"wp-block-list\"><li><strong>Neutralisation des Tensions :<\/strong> D\u00e9solidarise le rev\u00eatement du support, neutralisant les tensions dues aux diff\u00e9rences de d\u00e9formation.<\/li><li><strong>Pontage des Fissures :<\/strong> Emp\u00eache la transmission des fissures de contrainte du support au carrelage.<\/li><\/ul>\n\n\n\n<h3 class=\"wp-block-heading\">Avantages :<\/h3>\n\n\n\n<ul class=\"wp-block-list\"><li><strong>Protection Suppl\u00e9mentaire :<\/strong> Les nattes ferm\u00e9es en poly\u00e9thyl\u00e8ne Schl\u00fcter\u00ae-DITRA-DRAIN 4 et 8 offrent une couche de protection suppl\u00e9mentaire pour le joint de contact.<\/li><li><strong>Usage Ext\u00e9rieur :<\/strong> Sp\u00e9cialement con\u00e7ue pour les applications ext\u00e9rieures, offrant une durabilit\u00e9 et une fiabilit\u00e9 accrues.<\/li><\/ul>\n\n\n\n<h3 class=\"wp-block-heading\"><strong>Pourquoi choisir Storax ?<\/strong><\/h3>\n\n\n\n<ul class=\"wp-block-list\" id=\"block-4a82d07a-c003-4593-aa64-93e0d0a9dfa2\"><li><strong>Prix Comp\u00e9titifs :<\/strong>&nbsp;Propos\u00e9s \u00e0 des prix tr\u00e8s avantageux.<\/li><li><strong>Livraison Rapide :<\/strong>&nbsp;Disponibles en stock pour une livraison imm\u00e9diate.<\/li><\/ul>\n\n\n\n<h3 class=\"wp-block-heading\">duit.<\/h3>\n\n\n\n<p><strong>Dimensions Disponibles :<\/strong><\/p>\n\n\n\n<ul class=\"wp-block-list\"><li>1m x 12,5= 12,5 m\u00b2<\/li><\/ul>\n\n\n\n<p><strong>Demandez d\u00e8s aujourd&rsquo;hui un devis, d\u00e9couvrez votre prix d&rsquo;achat avantageux, et recevez votre offre dans un d\u00e9lai d&rsquo;un jour ouvrable !<\/strong><\/p>\n","protected":false},"excerpt":{"rendered":"<p>La Natte de Drainage Schl\u00fcter\u00ae-DITRA-DRAIN 8 est une natte en poly\u00e9thyl\u00e8ne avec des plots en c\u00f4nes tronqu\u00e9s, dot\u00e9e de non-tiss\u00e9s en polypropyl\u00e8ne perm\u00e9ables sur les deux faces. Id\u00e9al pour drainer et imperm\u00e9abiliser sous carrelage. Caract\u00e9ristiques Techniques : Structure : La natte est constitu\u00e9e de c\u00f4nes tronqu\u00e9s et de non-tiss\u00e9s en polypropyl\u00e8ne sur les deux c\u00f4t\u00e9s,\u2026<\/p>\n","protected":false},"featured_media":111397,"template":"","meta":{"_acf_changed":false},"product_category":[739,625,774],"product_tag":[775],"class_list":["post-114953","product","type-product","status-publish","has-post-thumbnail","hentry","product_category-schluter-ontkoppelingsmatten-fr","product_category-schluter-systems-fr","product_category-systemes-schluter-pour-balcons-et-terrasses","product_tag-drainagemat-fr"],"acf":[],"yoast_head":"<!-- This site is optimized with the Yoast SEO plugin v27.3 - https:\/\/yoast.com\/product\/yoast-seo-wordpress\/ -->\n<title>Schl\u00fcter\u00ae-Ditra drain 8 - Storax Belgium<\/title>\n<meta name=\"robots\" content=\"index, follow, max-snippet:-1, max-image-preview:large, max-video-preview:-1\" \/>\n<link rel=\"canonical\" href=\"https:\/\/storax.be\/fr\/producten\/systemes-schluter-pour-balcons-et-terrasses\/schluter-ditra-drain-8\/\" \/>\n<meta property=\"og:locale\" content=\"fr_FR\" \/>\n<meta property=\"og:type\" content=\"article\" \/>\n<meta property=\"og:title\" content=\"Schl\u00fcter\u00ae-Ditra drain 8 - Storax Belgium\" \/>\n<meta property=\"og:description\" content=\"La Natte de Drainage Schl\u00fcter\u00ae-DITRA-DRAIN 8 est une natte en poly\u00e9thyl\u00e8ne avec des plots en c\u00f4nes tronqu\u00e9s, dot\u00e9e de non-tiss\u00e9s en polypropyl\u00e8ne perm\u00e9ables sur les deux faces. Id\u00e9al pour drainer et imperm\u00e9abiliser sous carrelage. Caract\u00e9ristiques Techniques : Structure : La natte est constitu\u00e9e de c\u00f4nes tronqu\u00e9s et de non-tiss\u00e9s en polypropyl\u00e8ne sur les deux c\u00f4t\u00e9s,\u2026\" \/>\n<meta property=\"og:url\" content=\"https:\/\/storax.be\/fr\/producten\/systemes-schluter-pour-balcons-et-terrasses\/schluter-ditra-drain-8\/\" \/>\n<meta property=\"og:site_name\" content=\"Storax Belgium\" \/>\n<meta property=\"article:modified_time\" content=\"2024-08-20T09:08:11+00:00\" \/>\n<meta property=\"og:image\" content=\"https:\/\/storax.be\/wp-content\/uploads\/sites\/2\/2021\/07\/Schluter-Ditra-Drain-8.png\" \/>\n\t<meta property=\"og:image:width\" content=\"470\" \/>\n\t<meta property=\"og:image:height\" content=\"470\" \/>\n\t<meta property=\"og:image:type\" content=\"image\/png\" \/>\n<meta name=\"twitter:card\" content=\"summary_large_image\" \/>\n<meta name=\"twitter:label1\" content=\"Dur\u00e9e de lecture estim\u00e9e\" \/>\n\t<meta name=\"twitter:data1\" content=\"2 minutes\" \/>\n<script type=\"application\/ld+json\" class=\"yoast-schema-graph\">{\"@context\":\"https:\\\/\\\/schema.org\",\"@graph\":[{\"@type\":\"WebPage\",\"@id\":\"https:\\\/\\\/storax.be\\\/fr\\\/producten\\\/systemes-schluter-pour-balcons-et-terrasses\\\/schluter-ditra-drain-8\\\/\",\"url\":\"https:\\\/\\\/storax.be\\\/fr\\\/producten\\\/systemes-schluter-pour-balcons-et-terrasses\\\/schluter-ditra-drain-8\\\/\",\"name\":\"Schl\u00fcter\u00ae-Ditra drain 8 - Storax Belgium\",\"isPartOf\":{\"@id\":\"https:\\\/\\\/storax.be\\\/fr\\\/#website\"},\"primaryImageOfPage\":{\"@id\":\"https:\\\/\\\/storax.be\\\/fr\\\/producten\\\/systemes-schluter-pour-balcons-et-terrasses\\\/schluter-ditra-drain-8\\\/#primaryimage\"},\"image\":{\"@id\":\"https:\\\/\\\/storax.be\\\/fr\\\/producten\\\/systemes-schluter-pour-balcons-et-terrasses\\\/schluter-ditra-drain-8\\\/#primaryimage\"},\"thumbnailUrl\":\"https:\\\/\\\/storax.be\\\/wp-content\\\/uploads\\\/sites\\\/2\\\/2021\\\/07\\\/Schluter-Ditra-Drain-8.png\",\"datePublished\":\"2022-08-01T12:12:43+00:00\",\"dateModified\":\"2024-08-20T09:08:11+00:00\",\"breadcrumb\":{\"@id\":\"https:\\\/\\\/storax.be\\\/fr\\\/producten\\\/systemes-schluter-pour-balcons-et-terrasses\\\/schluter-ditra-drain-8\\\/#breadcrumb\"},\"inLanguage\":\"fr-FR\",\"potentialAction\":[{\"@type\":\"ReadAction\",\"target\":[\"https:\\\/\\\/storax.be\\\/fr\\\/producten\\\/systemes-schluter-pour-balcons-et-terrasses\\\/schluter-ditra-drain-8\\\/\"]}]},{\"@type\":\"ImageObject\",\"inLanguage\":\"fr-FR\",\"@id\":\"https:\\\/\\\/storax.be\\\/fr\\\/producten\\\/systemes-schluter-pour-balcons-et-terrasses\\\/schluter-ditra-drain-8\\\/#primaryimage\",\"url\":\"https:\\\/\\\/storax.be\\\/wp-content\\\/uploads\\\/sites\\\/2\\\/2021\\\/07\\\/Schluter-Ditra-Drain-8.png\",\"contentUrl\":\"https:\\\/\\\/storax.be\\\/wp-content\\\/uploads\\\/sites\\\/2\\\/2021\\\/07\\\/Schluter-Ditra-Drain-8.png\",\"width\":470,\"height\":470,\"caption\":\"Schluter Ditra Drain 8 ontkoppelingsmat buitentoepassing\"},{\"@type\":\"BreadcrumbList\",\"@id\":\"https:\\\/\\\/storax.be\\\/fr\\\/producten\\\/systemes-schluter-pour-balcons-et-terrasses\\\/schluter-ditra-drain-8\\\/#breadcrumb\",\"itemListElement\":[{\"@type\":\"ListItem\",\"position\":1,\"name\":\"Home\",\"item\":\"https:\\\/\\\/storax.be\\\/fr\\\/\"},{\"@type\":\"ListItem\",\"position\":2,\"name\":\"Producten\",\"item\":\"https:\\\/\\\/storax.be\\\/fr\\\/producten\\\/%product_category%\\\/\"},{\"@type\":\"ListItem\",\"position\":3,\"name\":\"Schl\u00fcter Syst\u00e8mes\",\"item\":\"https:\\\/\\\/storax.be\\\/fr\\\/producten\\\/schluter-systems-fr\\\/\"},{\"@type\":\"ListItem\",\"position\":4,\"name\":\"Schl\u00fcter\u00ae-Ditra drain 8\"}]},{\"@type\":\"WebSite\",\"@id\":\"https:\\\/\\\/storax.be\\\/fr\\\/#website\",\"url\":\"https:\\\/\\\/storax.be\\\/fr\\\/\",\"name\":\"Storax Belgium\",\"description\":\"Uw betrouwbare partner voor bouwprojecten\",\"potentialAction\":[{\"@type\":\"SearchAction\",\"target\":{\"@type\":\"EntryPoint\",\"urlTemplate\":\"https:\\\/\\\/storax.be\\\/fr\\\/?s={search_term_string}\"},\"query-input\":{\"@type\":\"PropertyValueSpecification\",\"valueRequired\":true,\"valueName\":\"search_term_string\"}}],\"inLanguage\":\"fr-FR\"}]}<\/script>\n<!-- \/ Yoast SEO plugin. -->","yoast_head_json":{"title":"Schl\u00fcter\u00ae-Ditra drain 8 - Storax Belgium","robots":{"index":"index","follow":"follow","max-snippet":"max-snippet:-1","max-image-preview":"max-image-preview:large","max-video-preview":"max-video-preview:-1"},"canonical":"https:\/\/storax.be\/fr\/producten\/systemes-schluter-pour-balcons-et-terrasses\/schluter-ditra-drain-8\/","og_locale":"fr_FR","og_type":"article","og_title":"Schl\u00fcter\u00ae-Ditra drain 8 - Storax Belgium","og_description":"La Natte de Drainage Schl\u00fcter\u00ae-DITRA-DRAIN 8 est une natte en poly\u00e9thyl\u00e8ne avec des plots en c\u00f4nes tronqu\u00e9s, dot\u00e9e de non-tiss\u00e9s en polypropyl\u00e8ne perm\u00e9ables sur les deux faces. Id\u00e9al pour drainer et imperm\u00e9abiliser sous carrelage. Caract\u00e9ristiques Techniques : Structure : La natte est constitu\u00e9e de c\u00f4nes tronqu\u00e9s et de non-tiss\u00e9s en polypropyl\u00e8ne sur les deux c\u00f4t\u00e9s,\u2026","og_url":"https:\/\/storax.be\/fr\/producten\/systemes-schluter-pour-balcons-et-terrasses\/schluter-ditra-drain-8\/","og_site_name":"Storax Belgium","article_modified_time":"2024-08-20T09:08:11+00:00","og_image":[{"width":470,"height":470,"url":"https:\/\/storax.be\/wp-content\/uploads\/sites\/2\/2021\/07\/Schluter-Ditra-Drain-8.png","type":"image\/png"}],"twitter_card":"summary_large_image","twitter_misc":{"Dur\u00e9e de lecture estim\u00e9e":"2 minutes"},"schema":{"@context":"https:\/\/schema.org","@graph":[{"@type":"WebPage","@id":"https:\/\/storax.be\/fr\/producten\/systemes-schluter-pour-balcons-et-terrasses\/schluter-ditra-drain-8\/","url":"https:\/\/storax.be\/fr\/producten\/systemes-schluter-pour-balcons-et-terrasses\/schluter-ditra-drain-8\/","name":"Schl\u00fcter\u00ae-Ditra drain 8 - Storax Belgium","isPartOf":{"@id":"https:\/\/storax.be\/fr\/#website"},"primaryImageOfPage":{"@id":"https:\/\/storax.be\/fr\/producten\/systemes-schluter-pour-balcons-et-terrasses\/schluter-ditra-drain-8\/#primaryimage"},"image":{"@id":"https:\/\/storax.be\/fr\/producten\/systemes-schluter-pour-balcons-et-terrasses\/schluter-ditra-drain-8\/#primaryimage"},"thumbnailUrl":"https:\/\/storax.be\/wp-content\/uploads\/sites\/2\/2021\/07\/Schluter-Ditra-Drain-8.png","datePublished":"2022-08-01T12:12:43+00:00","dateModified":"2024-08-20T09:08:11+00:00","breadcrumb":{"@id":"https:\/\/storax.be\/fr\/producten\/systemes-schluter-pour-balcons-et-terrasses\/schluter-ditra-drain-8\/#breadcrumb"},"inLanguage":"fr-FR","potentialAction":[{"@type":"ReadAction","target":["https:\/\/storax.be\/fr\/producten\/systemes-schluter-pour-balcons-et-terrasses\/schluter-ditra-drain-8\/"]}]},{"@type":"ImageObject","inLanguage":"fr-FR","@id":"https:\/\/storax.be\/fr\/producten\/systemes-schluter-pour-balcons-et-terrasses\/schluter-ditra-drain-8\/#primaryimage","url":"https:\/\/storax.be\/wp-content\/uploads\/sites\/2\/2021\/07\/Schluter-Ditra-Drain-8.png","contentUrl":"https:\/\/storax.be\/wp-content\/uploads\/sites\/2\/2021\/07\/Schluter-Ditra-Drain-8.png","width":470,"height":470,"caption":"Schluter Ditra Drain 8 ontkoppelingsmat buitentoepassing"},{"@type":"BreadcrumbList","@id":"https:\/\/storax.be\/fr\/producten\/systemes-schluter-pour-balcons-et-terrasses\/schluter-ditra-drain-8\/#breadcrumb","itemListElement":[{"@type":"ListItem","position":1,"name":"Home","item":"https:\/\/storax.be\/fr\/"},{"@type":"ListItem","position":2,"name":"Producten","item":"https:\/\/storax.be\/fr\/producten\/%product_category%\/"},{"@type":"ListItem","position":3,"name":"Schl\u00fcter Syst\u00e8mes","item":"https:\/\/storax.be\/fr\/producten\/schluter-systems-fr\/"},{"@type":"ListItem","position":4,"name":"Schl\u00fcter\u00ae-Ditra drain 8"}]},{"@type":"WebSite","@id":"https:\/\/storax.be\/fr\/#website","url":"https:\/\/storax.be\/fr\/","name":"Storax Belgium","description":"Uw betrouwbare partner voor bouwprojecten","potentialAction":[{"@type":"SearchAction","target":{"@type":"EntryPoint","urlTemplate":"https:\/\/storax.be\/fr\/?s={search_term_string}"},"query-input":{"@type":"PropertyValueSpecification","valueRequired":true,"valueName":"search_term_string"}}],"inLanguage":"fr-FR"}]}},"_links":{"self":[{"href":"https:\/\/storax.be\/fr\/wp-json\/wp\/v2\/product\/114953","targetHints":{"allow":["GET"]}}],"collection":[{"href":"https:\/\/storax.be\/fr\/wp-json\/wp\/v2\/product"}],"about":[{"href":"https:\/\/storax.be\/fr\/wp-json\/wp\/v2\/types\/product"}],"wp:featuredmedia":[{"embeddable":true,"href":"https:\/\/storax.be\/fr\/wp-json\/wp\/v2\/media\/111397"}],"wp:attachment":[{"href":"https:\/\/storax.be\/fr\/wp-json\/wp\/v2\/media?parent=114953"}],"wp:term":[{"taxonomy":"product_category","embeddable":true,"href":"https:\/\/storax.be\/fr\/wp-json\/wp\/v2\/product_category?post=114953"},{"taxonomy":"product_tag","embeddable":true,"href":"https:\/\/storax.be\/fr\/wp-json\/wp\/v2\/product_tag?post=114953"}],"curies":[{"name":"wp","href":"https:\/\/api.w.org\/{rel}","templated":true}]}}