{"id":114950,"date":"2022-08-01T12:10:04","date_gmt":"2022-08-01T12:10:04","guid":{"rendered":"https:\/\/storax.be\/?post_type=product&#038;p=114950"},"modified":"2024-08-01T14:34:59","modified_gmt":"2024-08-01T14:34:59","slug":"schluter-trep-g-gl-gk-glk","status":"publish","type":"product","link":"https:\/\/storax.be\/fr\/producten\/schluter-nez-de-marche\/schluter-trep-g-gl-gk-glk\/","title":{"rendered":"Schl\u00fcter\u00ae-TREP-G \/-GL \/-GK \/-GLK"},"content":{"rendered":"\n<h2 class=\"wp-block-heading\">Pour rev\u00eatements en carreaux et trafic intense<\/h2>\n\n\n\n<p>Schl\u00fcter\u00ae-TREP-G et -GL sont des profil\u00e9s de marche en acier inoxydable de haute qualit\u00e9 avec une surface antid\u00e9rapante, con\u00e7us pour des bords de marche s\u00fbrs et attrayants recouverts de carreaux, de pierre naturelle, de chapes ou de rev\u00eatements.<\/p>\n\n\n\n<p><strong>Mat\u00e9riau<\/strong><\/p>\n\n\n\n<ul class=\"wp-block-list\"><li>EB : Acier inoxydable bross\u00e9 V2A (num\u00e9ro de mat\u00e9riau 1.4301 = AISI 304)<\/li><\/ul>\n\n\n\n<p><strong>Variations et Applications<\/strong><\/p>\n\n\n\n<ul class=\"wp-block-list\"><li><strong>Schl\u00fcter\u00ae-TREP-G\/GL<\/strong> : Convient pour une installation avant la pose du rev\u00eatement en carreaux.<\/li><li><strong>Schl\u00fcter\u00ae-TREP-GK\/GLK <\/strong>: Convient pour une installation apr\u00e8s la pose du rev\u00eatement (sur le rev\u00eatement de sol).<\/li><\/ul>\n\n\n\n<div class=\"wp-block-columns is-layout-flex wp-container-core-columns-is-layout-9d6595d7 wp-block-columns-is-layout-flex\">\n<div class=\"wp-block-column is-layout-flow wp-block-column-is-layout-flow\">\n<figure class=\"wp-block-image size-full is-style-default\"><img loading=\"lazy\" decoding=\"async\" width=\"320\" height=\"250\" src=\"https:\/\/storax.be\/wp-content\/uploads\/sites\/2\/2024\/08\/TRAPNEUS-VOOR-TEGELBEDEKKINGEN-VOORAF.png\" alt=\"\" class=\"wp-image-117785\" srcset=\"https:\/\/storax.be\/wp-content\/uploads\/sites\/2\/2024\/08\/TRAPNEUS-VOOR-TEGELBEDEKKINGEN-VOORAF.png 320w, https:\/\/storax.be\/wp-content\/uploads\/sites\/2\/2024\/08\/TRAPNEUS-VOOR-TEGELBEDEKKINGEN-VOORAF-300x234.png 300w\" sizes=\"auto, (max-width: 320px) 100vw, 320px\" \/><\/figure>\n<\/div>\n\n\n\n<div class=\"wp-block-column is-layout-flow wp-block-column-is-layout-flow\">\n<figure class=\"wp-block-image size-full\"><img loading=\"lazy\" decoding=\"async\" width=\"320\" height=\"250\" src=\"https:\/\/storax.be\/wp-content\/uploads\/sites\/2\/2024\/08\/TRAPNEUS-VOOR-TEGELBEDEKKINGEN-ACHTERAF.png\" alt=\"\" class=\"wp-image-117783\" srcset=\"https:\/\/storax.be\/wp-content\/uploads\/sites\/2\/2024\/08\/TRAPNEUS-VOOR-TEGELBEDEKKINGEN-ACHTERAF.png 320w, https:\/\/storax.be\/wp-content\/uploads\/sites\/2\/2024\/08\/TRAPNEUS-VOOR-TEGELBEDEKKINGEN-ACHTERAF-300x234.png 300w\" sizes=\"auto, (max-width: 320px) 100vw, 320px\" \/><\/figure>\n<\/div>\n<\/div>\n\n\n\n<p><strong>Dimensions Schl\u00fcter\u00ae-TREP-G\/GL<\/strong><\/p>\n\n\n\n<ul class=\"wp-block-list\"><li>Longueurs disponibles : 2,50 m, 1,50 m, 1,00 m <\/li><li>Hauteurs de finition : 9 mm, 11 mm, 12,5 mm <\/li><li>Hauteur du profil\u00e9 : 17 mm. <\/li><li>Largeur : 30 ou 55 mm.<\/li><\/ul>\n\n\n\n<p><strong>Dimensions Schl\u00fcter\u00ae-TREP-GK\/GLK<\/strong><\/p>\n\n\n\n<ul class=\"wp-block-list\"><li>Longueurs disponibles : 2,50 m, 1,50 m, 1,00 m<\/li><li>Hauteur du profil\u00e9 : 17 mm. <\/li><li>Largeur : 34 ou 59 mm.<\/li><\/ul>\n\n\n\n<p><strong>Application et Avantages <\/strong><\/p>\n\n\n\n<ul class=\"wp-block-list\"><li><strong>Int\u00e9rieur et ext\u00e9rieur<\/strong> : Les nez de marche peuvent \u00eatre utilis\u00e9s \u00e0 l&rsquo;int\u00e9rieur comme \u00e0 l&rsquo;ext\u00e9rieur. <\/li><li><strong>Usage intensif<\/strong> : Ils peuvent \u00eatre utilis\u00e9s dans des applications commerciales.<\/li><li><strong>Protection <\/strong>: Prot\u00e8ge le bord des marches et am\u00e9liore la s\u00e9curit\u00e9 gr\u00e2ce aux propri\u00e9t\u00e9s antid\u00e9rapantes et \u00e0 la bonne visibilit\u00e9. <\/li><li><strong>Durabilit\u00e9 <\/strong>: Les inserts antid\u00e9rapants sont coll\u00e9s dans l&rsquo;encoche du profil\u00e9 et peuvent \u00eatre facilement remplac\u00e9s en cas d&rsquo;usure. <\/li><li><strong>Accessoires <\/strong>: Des embouts assortis sont disponibles pour une finition compl\u00e8te.<\/li><\/ul>\n\n\n\n<p><strong>Demandez un devis maintenant et recevez votre offre sous 1 \u00e0 3 jours ouvrables !<\/strong><\/p>\n","protected":false},"excerpt":{"rendered":"<p>Pour rev\u00eatements en carreaux et trafic intense Schl\u00fcter\u00ae-TREP-G et -GL sont des profil\u00e9s de marche en acier inoxydable de haute qualit\u00e9 avec une surface antid\u00e9rapante, con\u00e7us pour des bords de marche s\u00fbrs et attrayants recouverts de carreaux, de pierre naturelle, de chapes ou de rev\u00eatements. Mat\u00e9riau EB : Acier inoxydable bross\u00e9 V2A (num\u00e9ro de mat\u00e9riau\u2026<\/p>\n","protected":false},"featured_media":117812,"template":"","meta":{"_acf_changed":false},"product_category":[738],"product_tag":[],"class_list":["post-114950","product","type-product","status-publish","has-post-thumbnail","hentry","product_category-schluter-nez-de-marche"],"acf":[],"yoast_head":"<!-- This site is optimized with the Yoast SEO plugin v27.3 - https:\/\/yoast.com\/product\/yoast-seo-wordpress\/ -->\n<title>Schl\u00fcter\u00ae-TREP-G \/-GL \/-GK \/-GLK - Storax Belgium<\/title>\n<meta name=\"robots\" content=\"index, follow, max-snippet:-1, max-image-preview:large, max-video-preview:-1\" \/>\n<link rel=\"canonical\" href=\"https:\/\/storax.be\/fr\/producten\/schluter-nez-de-marche\/schluter-trep-g-gl-gk-glk\/\" \/>\n<meta property=\"og:locale\" content=\"fr_FR\" \/>\n<meta property=\"og:type\" content=\"article\" \/>\n<meta property=\"og:title\" content=\"Schl\u00fcter\u00ae-TREP-G \/-GL \/-GK \/-GLK - Storax Belgium\" \/>\n<meta property=\"og:description\" content=\"Pour rev\u00eatements en carreaux et trafic intense Schl\u00fcter\u00ae-TREP-G et -GL sont des profil\u00e9s de marche en acier inoxydable de haute qualit\u00e9 avec une surface antid\u00e9rapante, con\u00e7us pour des bords de marche s\u00fbrs et attrayants recouverts de carreaux, de pierre naturelle, de chapes ou de rev\u00eatements. Mat\u00e9riau EB : Acier inoxydable bross\u00e9 V2A (num\u00e9ro de mat\u00e9riau\u2026\" \/>\n<meta property=\"og:url\" content=\"https:\/\/storax.be\/fr\/producten\/schluter-nez-de-marche\/schluter-trep-g-gl-gk-glk\/\" \/>\n<meta property=\"og:site_name\" content=\"Storax Belgium\" \/>\n<meta property=\"article:modified_time\" content=\"2024-08-01T14:34:59+00:00\" \/>\n<meta property=\"og:image\" content=\"https:\/\/storax.be\/wp-content\/uploads\/sites\/2\/2022\/08\/Schluter\u00ae-TREP-G.png\" \/>\n\t<meta property=\"og:image:width\" content=\"262\" \/>\n\t<meta property=\"og:image:height\" content=\"260\" \/>\n\t<meta property=\"og:image:type\" content=\"image\/png\" \/>\n<meta name=\"twitter:card\" content=\"summary_large_image\" \/>\n<meta name=\"twitter:label1\" content=\"Dur\u00e9e de lecture estim\u00e9e\" \/>\n\t<meta name=\"twitter:data1\" content=\"2 minutes\" \/>\n<script type=\"application\/ld+json\" class=\"yoast-schema-graph\">{\"@context\":\"https:\\\/\\\/schema.org\",\"@graph\":[{\"@type\":\"WebPage\",\"@id\":\"https:\\\/\\\/storax.be\\\/fr\\\/producten\\\/schluter-nez-de-marche\\\/schluter-trep-g-gl-gk-glk\\\/\",\"url\":\"https:\\\/\\\/storax.be\\\/fr\\\/producten\\\/schluter-nez-de-marche\\\/schluter-trep-g-gl-gk-glk\\\/\",\"name\":\"Schl\u00fcter\u00ae-TREP-G \\\/-GL \\\/-GK \\\/-GLK - Storax Belgium\",\"isPartOf\":{\"@id\":\"https:\\\/\\\/storax.be\\\/fr\\\/#website\"},\"primaryImageOfPage\":{\"@id\":\"https:\\\/\\\/storax.be\\\/fr\\\/producten\\\/schluter-nez-de-marche\\\/schluter-trep-g-gl-gk-glk\\\/#primaryimage\"},\"image\":{\"@id\":\"https:\\\/\\\/storax.be\\\/fr\\\/producten\\\/schluter-nez-de-marche\\\/schluter-trep-g-gl-gk-glk\\\/#primaryimage\"},\"thumbnailUrl\":\"https:\\\/\\\/storax.be\\\/wp-content\\\/uploads\\\/sites\\\/2\\\/2022\\\/08\\\/Schluter\u00ae-TREP-G.png\",\"datePublished\":\"2022-08-01T12:10:04+00:00\",\"dateModified\":\"2024-08-01T14:34:59+00:00\",\"breadcrumb\":{\"@id\":\"https:\\\/\\\/storax.be\\\/fr\\\/producten\\\/schluter-nez-de-marche\\\/schluter-trep-g-gl-gk-glk\\\/#breadcrumb\"},\"inLanguage\":\"fr-FR\",\"potentialAction\":[{\"@type\":\"ReadAction\",\"target\":[\"https:\\\/\\\/storax.be\\\/fr\\\/producten\\\/schluter-nez-de-marche\\\/schluter-trep-g-gl-gk-glk\\\/\"]}]},{\"@type\":\"ImageObject\",\"inLanguage\":\"fr-FR\",\"@id\":\"https:\\\/\\\/storax.be\\\/fr\\\/producten\\\/schluter-nez-de-marche\\\/schluter-trep-g-gl-gk-glk\\\/#primaryimage\",\"url\":\"https:\\\/\\\/storax.be\\\/wp-content\\\/uploads\\\/sites\\\/2\\\/2022\\\/08\\\/Schluter\u00ae-TREP-G.png\",\"contentUrl\":\"https:\\\/\\\/storax.be\\\/wp-content\\\/uploads\\\/sites\\\/2\\\/2022\\\/08\\\/Schluter\u00ae-TREP-G.png\",\"width\":262,\"height\":260},{\"@type\":\"BreadcrumbList\",\"@id\":\"https:\\\/\\\/storax.be\\\/fr\\\/producten\\\/schluter-nez-de-marche\\\/schluter-trep-g-gl-gk-glk\\\/#breadcrumb\",\"itemListElement\":[{\"@type\":\"ListItem\",\"position\":1,\"name\":\"Home\",\"item\":\"https:\\\/\\\/storax.be\\\/fr\\\/\"},{\"@type\":\"ListItem\",\"position\":2,\"name\":\"Producten\",\"item\":\"https:\\\/\\\/storax.be\\\/fr\\\/producten\\\/%product_category%\\\/\"},{\"@type\":\"ListItem\",\"position\":3,\"name\":\"Schl\u00fcter Syst\u00e8mes\",\"item\":\"https:\\\/\\\/storax.be\\\/fr\\\/producten\\\/schluter-systems-fr\\\/\"},{\"@type\":\"ListItem\",\"position\":4,\"name\":\"Schl\u00fcter nez de marche\",\"item\":\"https:\\\/\\\/storax.be\\\/fr\\\/producten\\\/schluter-nez-de-marche\\\/\"},{\"@type\":\"ListItem\",\"position\":5,\"name\":\"Schl\u00fcter\u00ae-TREP-G \\\/-GL \\\/-GK \\\/-GLK\"}]},{\"@type\":\"WebSite\",\"@id\":\"https:\\\/\\\/storax.be\\\/fr\\\/#website\",\"url\":\"https:\\\/\\\/storax.be\\\/fr\\\/\",\"name\":\"Storax Belgium\",\"description\":\"Uw betrouwbare partner voor bouwprojecten\",\"potentialAction\":[{\"@type\":\"SearchAction\",\"target\":{\"@type\":\"EntryPoint\",\"urlTemplate\":\"https:\\\/\\\/storax.be\\\/fr\\\/?s={search_term_string}\"},\"query-input\":{\"@type\":\"PropertyValueSpecification\",\"valueRequired\":true,\"valueName\":\"search_term_string\"}}],\"inLanguage\":\"fr-FR\"}]}<\/script>\n<!-- \/ Yoast SEO plugin. -->","yoast_head_json":{"title":"Schl\u00fcter\u00ae-TREP-G \/-GL \/-GK \/-GLK - Storax Belgium","robots":{"index":"index","follow":"follow","max-snippet":"max-snippet:-1","max-image-preview":"max-image-preview:large","max-video-preview":"max-video-preview:-1"},"canonical":"https:\/\/storax.be\/fr\/producten\/schluter-nez-de-marche\/schluter-trep-g-gl-gk-glk\/","og_locale":"fr_FR","og_type":"article","og_title":"Schl\u00fcter\u00ae-TREP-G \/-GL \/-GK \/-GLK - Storax Belgium","og_description":"Pour rev\u00eatements en carreaux et trafic intense Schl\u00fcter\u00ae-TREP-G et -GL sont des profil\u00e9s de marche en acier inoxydable de haute qualit\u00e9 avec une surface antid\u00e9rapante, con\u00e7us pour des bords de marche s\u00fbrs et attrayants recouverts de carreaux, de pierre naturelle, de chapes ou de rev\u00eatements. Mat\u00e9riau EB : Acier inoxydable bross\u00e9 V2A (num\u00e9ro de mat\u00e9riau\u2026","og_url":"https:\/\/storax.be\/fr\/producten\/schluter-nez-de-marche\/schluter-trep-g-gl-gk-glk\/","og_site_name":"Storax Belgium","article_modified_time":"2024-08-01T14:34:59+00:00","og_image":[{"width":262,"height":260,"url":"https:\/\/storax.be\/wp-content\/uploads\/sites\/2\/2022\/08\/Schluter\u00ae-TREP-G.png","type":"image\/png"}],"twitter_card":"summary_large_image","twitter_misc":{"Dur\u00e9e de lecture estim\u00e9e":"2 minutes"},"schema":{"@context":"https:\/\/schema.org","@graph":[{"@type":"WebPage","@id":"https:\/\/storax.be\/fr\/producten\/schluter-nez-de-marche\/schluter-trep-g-gl-gk-glk\/","url":"https:\/\/storax.be\/fr\/producten\/schluter-nez-de-marche\/schluter-trep-g-gl-gk-glk\/","name":"Schl\u00fcter\u00ae-TREP-G \/-GL \/-GK \/-GLK - Storax Belgium","isPartOf":{"@id":"https:\/\/storax.be\/fr\/#website"},"primaryImageOfPage":{"@id":"https:\/\/storax.be\/fr\/producten\/schluter-nez-de-marche\/schluter-trep-g-gl-gk-glk\/#primaryimage"},"image":{"@id":"https:\/\/storax.be\/fr\/producten\/schluter-nez-de-marche\/schluter-trep-g-gl-gk-glk\/#primaryimage"},"thumbnailUrl":"https:\/\/storax.be\/wp-content\/uploads\/sites\/2\/2022\/08\/Schluter\u00ae-TREP-G.png","datePublished":"2022-08-01T12:10:04+00:00","dateModified":"2024-08-01T14:34:59+00:00","breadcrumb":{"@id":"https:\/\/storax.be\/fr\/producten\/schluter-nez-de-marche\/schluter-trep-g-gl-gk-glk\/#breadcrumb"},"inLanguage":"fr-FR","potentialAction":[{"@type":"ReadAction","target":["https:\/\/storax.be\/fr\/producten\/schluter-nez-de-marche\/schluter-trep-g-gl-gk-glk\/"]}]},{"@type":"ImageObject","inLanguage":"fr-FR","@id":"https:\/\/storax.be\/fr\/producten\/schluter-nez-de-marche\/schluter-trep-g-gl-gk-glk\/#primaryimage","url":"https:\/\/storax.be\/wp-content\/uploads\/sites\/2\/2022\/08\/Schluter\u00ae-TREP-G.png","contentUrl":"https:\/\/storax.be\/wp-content\/uploads\/sites\/2\/2022\/08\/Schluter\u00ae-TREP-G.png","width":262,"height":260},{"@type":"BreadcrumbList","@id":"https:\/\/storax.be\/fr\/producten\/schluter-nez-de-marche\/schluter-trep-g-gl-gk-glk\/#breadcrumb","itemListElement":[{"@type":"ListItem","position":1,"name":"Home","item":"https:\/\/storax.be\/fr\/"},{"@type":"ListItem","position":2,"name":"Producten","item":"https:\/\/storax.be\/fr\/producten\/%product_category%\/"},{"@type":"ListItem","position":3,"name":"Schl\u00fcter Syst\u00e8mes","item":"https:\/\/storax.be\/fr\/producten\/schluter-systems-fr\/"},{"@type":"ListItem","position":4,"name":"Schl\u00fcter nez de marche","item":"https:\/\/storax.be\/fr\/producten\/schluter-nez-de-marche\/"},{"@type":"ListItem","position":5,"name":"Schl\u00fcter\u00ae-TREP-G \/-GL \/-GK \/-GLK"}]},{"@type":"WebSite","@id":"https:\/\/storax.be\/fr\/#website","url":"https:\/\/storax.be\/fr\/","name":"Storax Belgium","description":"Uw betrouwbare partner voor bouwprojecten","potentialAction":[{"@type":"SearchAction","target":{"@type":"EntryPoint","urlTemplate":"https:\/\/storax.be\/fr\/?s={search_term_string}"},"query-input":{"@type":"PropertyValueSpecification","valueRequired":true,"valueName":"search_term_string"}}],"inLanguage":"fr-FR"}]}},"_links":{"self":[{"href":"https:\/\/storax.be\/fr\/wp-json\/wp\/v2\/product\/114950","targetHints":{"allow":["GET"]}}],"collection":[{"href":"https:\/\/storax.be\/fr\/wp-json\/wp\/v2\/product"}],"about":[{"href":"https:\/\/storax.be\/fr\/wp-json\/wp\/v2\/types\/product"}],"wp:featuredmedia":[{"embeddable":true,"href":"https:\/\/storax.be\/fr\/wp-json\/wp\/v2\/media\/117812"}],"wp:attachment":[{"href":"https:\/\/storax.be\/fr\/wp-json\/wp\/v2\/media?parent=114950"}],"wp:term":[{"taxonomy":"product_category","embeddable":true,"href":"https:\/\/storax.be\/fr\/wp-json\/wp\/v2\/product_category?post=114950"},{"taxonomy":"product_tag","embeddable":true,"href":"https:\/\/storax.be\/fr\/wp-json\/wp\/v2\/product_tag?post=114950"}],"curies":[{"name":"wp","href":"https:\/\/api.w.org\/{rel}","templated":true}]}}