{"id":114949,"date":"2022-08-01T12:07:41","date_gmt":"2022-08-01T12:07:41","guid":{"rendered":"https:\/\/storax.be\/?post_type=product&#038;p=114949"},"modified":"2024-05-16T07:38:18","modified_gmt":"2024-05-16T07:38:18","slug":"colle-a-carrelage-v320-v321","status":"publish","type":"product","link":"https:\/\/storax.be\/fr\/producten\/lijmen-fr\/colle-a-carrelage-v320-v321\/","title":{"rendered":"Colle \u00e0 carrelage V320\/V321"},"content":{"rendered":"<h2><b>Colle \u00e0 carrelage C2 E<\/b><\/h2>\n<p><span style=\"font-weight: 400;\"><strong>Caract\u00e9ristiques du produit<\/strong>\u00a0<\/span><\/p>\n<ul>\n<li style=\"font-weight: 400;\" aria-level=\"1\"><span style=\"font-weight: 400;\">Neuf et r\u00e9novation avec appr\u00eat<\/span><\/li>\n<li style=\"font-weight: 400;\" aria-level=\"1\"><span style=\"font-weight: 400;\">Bonne r\u00e9sistance au glissement<\/span><\/li>\n<\/ul>\n<p><strong>Couleurs<\/strong><\/p>\n<p><span style=\"font-weight: 400;\">Gris\u00a0: V320<br \/>\n<\/span><span style=\"font-weight: 400;\">Blanc\u00a0: V311<\/span><\/p>\n<p><strong>Application<\/strong><\/p>\n<p><span style=\"font-weight: 400;\">Collage de carreaux et de pierres naturelles, quelle que soit leur porosit\u00e9 ou leur taille, pour sols et murs int\u00e9rieurs, pour sols ext\u00e9rieurs et pour piscines priv\u00e9es, sur supports neufs ou anciens.<\/span><\/p>\n<p><strong>Conditionnement<\/strong><\/p>\n<ul>\n<li style=\"font-weight: 400;\" aria-level=\"1\"><span style=\"font-weight: 400;\">Sac de 25\u00a0kg<\/span><\/li>\n<li style=\"font-weight: 400;\" aria-level=\"1\"><span style=\"font-weight: 400;\">Sac de 5\u00a0kg \u2013 Paquet de 4\u00a0sacs<\/span><\/li>\n<\/ul>\n<p>&nbsp;<\/p>\n","protected":false},"excerpt":{"rendered":"<p>Colle \u00e0 carrelage C2 E Caract\u00e9ristiques du produit\u00a0 Neuf et r\u00e9novation avec appr\u00eat Bonne r\u00e9sistance au glissement Couleurs Gris\u00a0: V320 Blanc\u00a0: V311 Application Collage de carreaux et de pierres naturelles, quelle que soit leur porosit\u00e9 ou leur taille, pour sols et murs int\u00e9rieurs, pour sols ext\u00e9rieurs et pour piscines priv\u00e9es, sur supports neufs ou anciens.\u2026<\/p>\n","protected":false},"featured_media":108914,"template":"","meta":{"_acf_changed":false},"product_category":[753],"product_tag":[578,579],"class_list":["post-114949","product","type-product","status-publish","has-post-thumbnail","hentry","product_category-lijmen-fr","product_tag-tegellijm-voor-binnen-fr","product_tag-tegellijm-voor-buiten-fr"],"acf":[],"yoast_head":"<!-- This site is optimized with the Yoast SEO plugin v27.3 - https:\/\/yoast.com\/product\/yoast-seo-wordpress\/ -->\n<title>Colle \u00e0 carrelage V320\/V321 - Storax Belgium<\/title>\n<meta name=\"robots\" content=\"index, follow, max-snippet:-1, max-image-preview:large, max-video-preview:-1\" \/>\n<link rel=\"canonical\" href=\"https:\/\/storax.be\/fr\/producten\/lijmen-fr\/colle-a-carrelage-v320-v321\/\" \/>\n<meta property=\"og:locale\" content=\"fr_FR\" \/>\n<meta property=\"og:type\" content=\"article\" \/>\n<meta property=\"og:title\" content=\"Colle \u00e0 carrelage V320\/V321 - Storax Belgium\" \/>\n<meta property=\"og:description\" content=\"Colle \u00e0 carrelage C2 E Caract\u00e9ristiques du produit\u00a0 Neuf et r\u00e9novation avec appr\u00eat Bonne r\u00e9sistance au glissement Couleurs Gris\u00a0: V320 Blanc\u00a0: V311 Application Collage de carreaux et de pierres naturelles, quelle que soit leur porosit\u00e9 ou leur taille, pour sols et murs int\u00e9rieurs, pour sols ext\u00e9rieurs et pour piscines priv\u00e9es, sur supports neufs ou anciens.\u2026\" \/>\n<meta property=\"og:url\" content=\"https:\/\/storax.be\/fr\/producten\/lijmen-fr\/colle-a-carrelage-v320-v321\/\" \/>\n<meta property=\"og:site_name\" content=\"Storax Belgium\" \/>\n<meta property=\"article:modified_time\" content=\"2024-05-16T07:38:18+00:00\" \/>\n<meta property=\"og:image\" content=\"https:\/\/storax.be\/wp-content\/uploads\/sites\/2\/2020\/01\/V320.jpg\" \/>\n\t<meta property=\"og:image:width\" content=\"470\" \/>\n\t<meta property=\"og:image:height\" content=\"470\" \/>\n\t<meta property=\"og:image:type\" content=\"image\/jpeg\" \/>\n<meta name=\"twitter:card\" content=\"summary_large_image\" \/>\n<meta name=\"twitter:label1\" content=\"Dur\u00e9e de lecture estim\u00e9e\" \/>\n\t<meta name=\"twitter:data1\" content=\"1 minute\" \/>\n<script type=\"application\/ld+json\" class=\"yoast-schema-graph\">{\"@context\":\"https:\\\/\\\/schema.org\",\"@graph\":[{\"@type\":\"WebPage\",\"@id\":\"https:\\\/\\\/storax.be\\\/fr\\\/producten\\\/lijmen-fr\\\/colle-a-carrelage-v320-v321\\\/\",\"url\":\"https:\\\/\\\/storax.be\\\/fr\\\/producten\\\/lijmen-fr\\\/colle-a-carrelage-v320-v321\\\/\",\"name\":\"Colle \u00e0 carrelage V320\\\/V321 - Storax Belgium\",\"isPartOf\":{\"@id\":\"https:\\\/\\\/storax.be\\\/fr\\\/#website\"},\"primaryImageOfPage\":{\"@id\":\"https:\\\/\\\/storax.be\\\/fr\\\/producten\\\/lijmen-fr\\\/colle-a-carrelage-v320-v321\\\/#primaryimage\"},\"image\":{\"@id\":\"https:\\\/\\\/storax.be\\\/fr\\\/producten\\\/lijmen-fr\\\/colle-a-carrelage-v320-v321\\\/#primaryimage\"},\"thumbnailUrl\":\"https:\\\/\\\/storax.be\\\/wp-content\\\/uploads\\\/sites\\\/2\\\/2020\\\/01\\\/V320.jpg\",\"datePublished\":\"2022-08-01T12:07:41+00:00\",\"dateModified\":\"2024-05-16T07:38:18+00:00\",\"breadcrumb\":{\"@id\":\"https:\\\/\\\/storax.be\\\/fr\\\/producten\\\/lijmen-fr\\\/colle-a-carrelage-v320-v321\\\/#breadcrumb\"},\"inLanguage\":\"fr-FR\",\"potentialAction\":[{\"@type\":\"ReadAction\",\"target\":[\"https:\\\/\\\/storax.be\\\/fr\\\/producten\\\/lijmen-fr\\\/colle-a-carrelage-v320-v321\\\/\"]}]},{\"@type\":\"ImageObject\",\"inLanguage\":\"fr-FR\",\"@id\":\"https:\\\/\\\/storax.be\\\/fr\\\/producten\\\/lijmen-fr\\\/colle-a-carrelage-v320-v321\\\/#primaryimage\",\"url\":\"https:\\\/\\\/storax.be\\\/wp-content\\\/uploads\\\/sites\\\/2\\\/2020\\\/01\\\/V320.jpg\",\"contentUrl\":\"https:\\\/\\\/storax.be\\\/wp-content\\\/uploads\\\/sites\\\/2\\\/2020\\\/01\\\/V320.jpg\",\"width\":470,\"height\":470,\"caption\":\"tegellijm storax belgium\"},{\"@type\":\"BreadcrumbList\",\"@id\":\"https:\\\/\\\/storax.be\\\/fr\\\/producten\\\/lijmen-fr\\\/colle-a-carrelage-v320-v321\\\/#breadcrumb\",\"itemListElement\":[{\"@type\":\"ListItem\",\"position\":1,\"name\":\"Home\",\"item\":\"https:\\\/\\\/storax.be\\\/fr\\\/\"},{\"@type\":\"ListItem\",\"position\":2,\"name\":\"Producten\",\"item\":\"https:\\\/\\\/storax.be\\\/fr\\\/producten\\\/%product_category%\\\/\"},{\"@type\":\"ListItem\",\"position\":3,\"name\":\"Colles \u00e0 carrelage\",\"item\":\"https:\\\/\\\/storax.be\\\/fr\\\/producten\\\/colles-a-carrelage\\\/\"},{\"@type\":\"ListItem\",\"position\":4,\"name\":\"Colles\",\"item\":\"https:\\\/\\\/storax.be\\\/fr\\\/producten\\\/lijmen-fr\\\/\"},{\"@type\":\"ListItem\",\"position\":5,\"name\":\"Colle \u00e0 carrelage V320\\\/V321\"}]},{\"@type\":\"WebSite\",\"@id\":\"https:\\\/\\\/storax.be\\\/fr\\\/#website\",\"url\":\"https:\\\/\\\/storax.be\\\/fr\\\/\",\"name\":\"Storax Belgium\",\"description\":\"Uw betrouwbare partner voor bouwprojecten\",\"potentialAction\":[{\"@type\":\"SearchAction\",\"target\":{\"@type\":\"EntryPoint\",\"urlTemplate\":\"https:\\\/\\\/storax.be\\\/fr\\\/?s={search_term_string}\"},\"query-input\":{\"@type\":\"PropertyValueSpecification\",\"valueRequired\":true,\"valueName\":\"search_term_string\"}}],\"inLanguage\":\"fr-FR\"}]}<\/script>\n<!-- \/ Yoast SEO plugin. -->","yoast_head_json":{"title":"Colle \u00e0 carrelage V320\/V321 - Storax Belgium","robots":{"index":"index","follow":"follow","max-snippet":"max-snippet:-1","max-image-preview":"max-image-preview:large","max-video-preview":"max-video-preview:-1"},"canonical":"https:\/\/storax.be\/fr\/producten\/lijmen-fr\/colle-a-carrelage-v320-v321\/","og_locale":"fr_FR","og_type":"article","og_title":"Colle \u00e0 carrelage V320\/V321 - Storax Belgium","og_description":"Colle \u00e0 carrelage C2 E Caract\u00e9ristiques du produit\u00a0 Neuf et r\u00e9novation avec appr\u00eat Bonne r\u00e9sistance au glissement Couleurs Gris\u00a0: V320 Blanc\u00a0: V311 Application Collage de carreaux et de pierres naturelles, quelle que soit leur porosit\u00e9 ou leur taille, pour sols et murs int\u00e9rieurs, pour sols ext\u00e9rieurs et pour piscines priv\u00e9es, sur supports neufs ou anciens.\u2026","og_url":"https:\/\/storax.be\/fr\/producten\/lijmen-fr\/colle-a-carrelage-v320-v321\/","og_site_name":"Storax Belgium","article_modified_time":"2024-05-16T07:38:18+00:00","og_image":[{"width":470,"height":470,"url":"https:\/\/storax.be\/wp-content\/uploads\/sites\/2\/2020\/01\/V320.jpg","type":"image\/jpeg"}],"twitter_card":"summary_large_image","twitter_misc":{"Dur\u00e9e de lecture estim\u00e9e":"1 minute"},"schema":{"@context":"https:\/\/schema.org","@graph":[{"@type":"WebPage","@id":"https:\/\/storax.be\/fr\/producten\/lijmen-fr\/colle-a-carrelage-v320-v321\/","url":"https:\/\/storax.be\/fr\/producten\/lijmen-fr\/colle-a-carrelage-v320-v321\/","name":"Colle \u00e0 carrelage V320\/V321 - Storax Belgium","isPartOf":{"@id":"https:\/\/storax.be\/fr\/#website"},"primaryImageOfPage":{"@id":"https:\/\/storax.be\/fr\/producten\/lijmen-fr\/colle-a-carrelage-v320-v321\/#primaryimage"},"image":{"@id":"https:\/\/storax.be\/fr\/producten\/lijmen-fr\/colle-a-carrelage-v320-v321\/#primaryimage"},"thumbnailUrl":"https:\/\/storax.be\/wp-content\/uploads\/sites\/2\/2020\/01\/V320.jpg","datePublished":"2022-08-01T12:07:41+00:00","dateModified":"2024-05-16T07:38:18+00:00","breadcrumb":{"@id":"https:\/\/storax.be\/fr\/producten\/lijmen-fr\/colle-a-carrelage-v320-v321\/#breadcrumb"},"inLanguage":"fr-FR","potentialAction":[{"@type":"ReadAction","target":["https:\/\/storax.be\/fr\/producten\/lijmen-fr\/colle-a-carrelage-v320-v321\/"]}]},{"@type":"ImageObject","inLanguage":"fr-FR","@id":"https:\/\/storax.be\/fr\/producten\/lijmen-fr\/colle-a-carrelage-v320-v321\/#primaryimage","url":"https:\/\/storax.be\/wp-content\/uploads\/sites\/2\/2020\/01\/V320.jpg","contentUrl":"https:\/\/storax.be\/wp-content\/uploads\/sites\/2\/2020\/01\/V320.jpg","width":470,"height":470,"caption":"tegellijm storax belgium"},{"@type":"BreadcrumbList","@id":"https:\/\/storax.be\/fr\/producten\/lijmen-fr\/colle-a-carrelage-v320-v321\/#breadcrumb","itemListElement":[{"@type":"ListItem","position":1,"name":"Home","item":"https:\/\/storax.be\/fr\/"},{"@type":"ListItem","position":2,"name":"Producten","item":"https:\/\/storax.be\/fr\/producten\/%product_category%\/"},{"@type":"ListItem","position":3,"name":"Colles \u00e0 carrelage","item":"https:\/\/storax.be\/fr\/producten\/colles-a-carrelage\/"},{"@type":"ListItem","position":4,"name":"Colles","item":"https:\/\/storax.be\/fr\/producten\/lijmen-fr\/"},{"@type":"ListItem","position":5,"name":"Colle \u00e0 carrelage V320\/V321"}]},{"@type":"WebSite","@id":"https:\/\/storax.be\/fr\/#website","url":"https:\/\/storax.be\/fr\/","name":"Storax Belgium","description":"Uw betrouwbare partner voor bouwprojecten","potentialAction":[{"@type":"SearchAction","target":{"@type":"EntryPoint","urlTemplate":"https:\/\/storax.be\/fr\/?s={search_term_string}"},"query-input":{"@type":"PropertyValueSpecification","valueRequired":true,"valueName":"search_term_string"}}],"inLanguage":"fr-FR"}]}},"_links":{"self":[{"href":"https:\/\/storax.be\/fr\/wp-json\/wp\/v2\/product\/114949","targetHints":{"allow":["GET"]}}],"collection":[{"href":"https:\/\/storax.be\/fr\/wp-json\/wp\/v2\/product"}],"about":[{"href":"https:\/\/storax.be\/fr\/wp-json\/wp\/v2\/types\/product"}],"wp:featuredmedia":[{"embeddable":true,"href":"https:\/\/storax.be\/fr\/wp-json\/wp\/v2\/media\/108914"}],"wp:attachment":[{"href":"https:\/\/storax.be\/fr\/wp-json\/wp\/v2\/media?parent=114949"}],"wp:term":[{"taxonomy":"product_category","embeddable":true,"href":"https:\/\/storax.be\/fr\/wp-json\/wp\/v2\/product_category?post=114949"},{"taxonomy":"product_tag","embeddable":true,"href":"https:\/\/storax.be\/fr\/wp-json\/wp\/v2\/product_tag?post=114949"}],"curies":[{"name":"wp","href":"https:\/\/api.w.org\/{rel}","templated":true}]}}