{"id":114946,"date":"2022-08-01T11:55:05","date_gmt":"2022-08-01T11:55:05","guid":{"rendered":"https:\/\/storax.be\/?post_type=product&#038;p=114946"},"modified":"2024-05-16T07:38:18","modified_gmt":"2024-05-16T07:38:18","slug":"colle-a-carrelage-v400","status":"publish","type":"product","link":"https:\/\/storax.be\/fr\/producten\/lijmen-fr\/colle-a-carrelage-v400\/","title":{"rendered":"Colle \u00e0 carrelage V400"},"content":{"rendered":"<h2><b>Colle \u00e0 carrelage Plancher chauffant C2 E S1 E<\/b><\/h2>\n<p><span style=\"font-weight: 400;\"><strong>Caract\u00e9ristiques du produit<\/strong>&nbsp;<\/span><\/p>\n<ul>\n<li style=\"font-weight: 400;\" aria-level=\"1\"><span style=\"font-weight: 400;\">Colle \u00e0 carrelage pour tous types de sols avec plancher chauffant<\/span><\/li>\n<li style=\"font-weight: 400;\" aria-level=\"1\"><span style=\"font-weight: 400;\">Carreaux jusqu&rsquo;\u00e0 10&nbsp;000&nbsp;cm\u00b2<\/span><\/li>\n<\/ul>\n<p><strong>Application<\/strong><\/p>\n<p><span style=\"font-weight: 400;\">Collage de carreaux et de pierres naturelles, quelle que soit leur porosit\u00e9 ou leur taille, pour sols et murs int\u00e9rieurs, pour sols ext\u00e9rieurs. Peut \u00eatre utilis\u00e9e pour tous les types de sols avec plancher chauffant, y compris PRE (Plancher Rayonnant \u00c9lectrique), sur WBST et VAS.<\/span><\/p>\n<p><strong>Conditionnement<\/strong><\/p>\n<ul>\n<li style=\"font-weight: 400;\" aria-level=\"1\"><span style=\"font-weight: 400;\">Sac de 25&nbsp;kg<\/span><\/li>\n<\/ul>\n","protected":false},"excerpt":{"rendered":"<p>Colle \u00e0 carrelage Plancher chauffant C2 E S1 E Caract\u00e9ristiques du produit&nbsp; Colle \u00e0 carrelage pour tous types de sols avec plancher chauffant Carreaux jusqu&rsquo;\u00e0 10&nbsp;000&nbsp;cm\u00b2 Application Collage de carreaux et de pierres naturelles, quelle que soit leur porosit\u00e9 ou leur taille, pour sols et murs int\u00e9rieurs, pour sols ext\u00e9rieurs. Peut \u00eatre utilis\u00e9e pour tous\u2026<\/p>\n","protected":false},"featured_media":109801,"template":"","meta":{"_acf_changed":false},"product_category":[753],"product_tag":[578,579],"class_list":["post-114946","product","type-product","status-publish","has-post-thumbnail","hentry","product_category-lijmen-fr","product_tag-tegellijm-voor-binnen-fr","product_tag-tegellijm-voor-buiten-fr"],"acf":[],"yoast_head":"<!-- This site is optimized with the Yoast SEO plugin v27.3 - https:\/\/yoast.com\/product\/yoast-seo-wordpress\/ -->\n<title>Colle \u00e0 carrelage V400 - Storax Belgium<\/title>\n<meta name=\"robots\" content=\"index, follow, max-snippet:-1, max-image-preview:large, max-video-preview:-1\" \/>\n<link rel=\"canonical\" href=\"https:\/\/storax.be\/fr\/producten\/lijmen-fr\/colle-a-carrelage-v400\/\" \/>\n<meta property=\"og:locale\" content=\"fr_FR\" \/>\n<meta property=\"og:type\" content=\"article\" \/>\n<meta property=\"og:title\" content=\"Colle \u00e0 carrelage V400 - Storax Belgium\" \/>\n<meta property=\"og:description\" content=\"Colle \u00e0 carrelage Plancher chauffant C2 E S1 E Caract\u00e9ristiques du produit&nbsp; Colle \u00e0 carrelage pour tous types de sols avec plancher chauffant Carreaux jusqu&rsquo;\u00e0 10&nbsp;000&nbsp;cm\u00b2 Application Collage de carreaux et de pierres naturelles, quelle que soit leur porosit\u00e9 ou leur taille, pour sols et murs int\u00e9rieurs, pour sols ext\u00e9rieurs. Peut \u00eatre utilis\u00e9e pour tous\u2026\" \/>\n<meta property=\"og:url\" content=\"https:\/\/storax.be\/fr\/producten\/lijmen-fr\/colle-a-carrelage-v400\/\" \/>\n<meta property=\"og:site_name\" content=\"Storax Belgium\" \/>\n<meta property=\"article:modified_time\" content=\"2024-05-16T07:38:18+00:00\" \/>\n<meta property=\"og:image\" content=\"https:\/\/storax.be\/wp-content\/uploads\/sites\/2\/2020\/02\/V400-promo-2.png\" \/>\n\t<meta property=\"og:image:width\" content=\"470\" \/>\n\t<meta property=\"og:image:height\" content=\"470\" \/>\n\t<meta property=\"og:image:type\" content=\"image\/png\" \/>\n<meta name=\"twitter:card\" content=\"summary_large_image\" \/>\n<meta name=\"twitter:label1\" content=\"Dur\u00e9e de lecture estim\u00e9e\" \/>\n\t<meta name=\"twitter:data1\" content=\"1 minute\" \/>\n<script type=\"application\/ld+json\" class=\"yoast-schema-graph\">{\"@context\":\"https:\\\/\\\/schema.org\",\"@graph\":[{\"@type\":\"WebPage\",\"@id\":\"https:\\\/\\\/storax.be\\\/fr\\\/producten\\\/lijmen-fr\\\/colle-a-carrelage-v400\\\/\",\"url\":\"https:\\\/\\\/storax.be\\\/fr\\\/producten\\\/lijmen-fr\\\/colle-a-carrelage-v400\\\/\",\"name\":\"Colle \u00e0 carrelage V400 - Storax Belgium\",\"isPartOf\":{\"@id\":\"https:\\\/\\\/storax.be\\\/fr\\\/#website\"},\"primaryImageOfPage\":{\"@id\":\"https:\\\/\\\/storax.be\\\/fr\\\/producten\\\/lijmen-fr\\\/colle-a-carrelage-v400\\\/#primaryimage\"},\"image\":{\"@id\":\"https:\\\/\\\/storax.be\\\/fr\\\/producten\\\/lijmen-fr\\\/colle-a-carrelage-v400\\\/#primaryimage\"},\"thumbnailUrl\":\"https:\\\/\\\/storax.be\\\/wp-content\\\/uploads\\\/sites\\\/2\\\/2020\\\/02\\\/V400-promo-2.png\",\"datePublished\":\"2022-08-01T11:55:05+00:00\",\"dateModified\":\"2024-05-16T07:38:18+00:00\",\"breadcrumb\":{\"@id\":\"https:\\\/\\\/storax.be\\\/fr\\\/producten\\\/lijmen-fr\\\/colle-a-carrelage-v400\\\/#breadcrumb\"},\"inLanguage\":\"fr-FR\",\"potentialAction\":[{\"@type\":\"ReadAction\",\"target\":[\"https:\\\/\\\/storax.be\\\/fr\\\/producten\\\/lijmen-fr\\\/colle-a-carrelage-v400\\\/\"]}]},{\"@type\":\"ImageObject\",\"inLanguage\":\"fr-FR\",\"@id\":\"https:\\\/\\\/storax.be\\\/fr\\\/producten\\\/lijmen-fr\\\/colle-a-carrelage-v400\\\/#primaryimage\",\"url\":\"https:\\\/\\\/storax.be\\\/wp-content\\\/uploads\\\/sites\\\/2\\\/2020\\\/02\\\/V400-promo-2.png\",\"contentUrl\":\"https:\\\/\\\/storax.be\\\/wp-content\\\/uploads\\\/sites\\\/2\\\/2020\\\/02\\\/V400-promo-2.png\",\"width\":470,\"height\":470,\"caption\":\"v400 tegellijm\"},{\"@type\":\"BreadcrumbList\",\"@id\":\"https:\\\/\\\/storax.be\\\/fr\\\/producten\\\/lijmen-fr\\\/colle-a-carrelage-v400\\\/#breadcrumb\",\"itemListElement\":[{\"@type\":\"ListItem\",\"position\":1,\"name\":\"Home\",\"item\":\"https:\\\/\\\/storax.be\\\/fr\\\/\"},{\"@type\":\"ListItem\",\"position\":2,\"name\":\"Producten\",\"item\":\"https:\\\/\\\/storax.be\\\/fr\\\/producten\\\/%product_category%\\\/\"},{\"@type\":\"ListItem\",\"position\":3,\"name\":\"Colles \u00e0 carrelage\",\"item\":\"https:\\\/\\\/storax.be\\\/fr\\\/producten\\\/colles-a-carrelage\\\/\"},{\"@type\":\"ListItem\",\"position\":4,\"name\":\"Colles\",\"item\":\"https:\\\/\\\/storax.be\\\/fr\\\/producten\\\/lijmen-fr\\\/\"},{\"@type\":\"ListItem\",\"position\":5,\"name\":\"Colle \u00e0 carrelage V400\"}]},{\"@type\":\"WebSite\",\"@id\":\"https:\\\/\\\/storax.be\\\/fr\\\/#website\",\"url\":\"https:\\\/\\\/storax.be\\\/fr\\\/\",\"name\":\"Storax Belgium\",\"description\":\"Uw betrouwbare partner voor bouwprojecten\",\"potentialAction\":[{\"@type\":\"SearchAction\",\"target\":{\"@type\":\"EntryPoint\",\"urlTemplate\":\"https:\\\/\\\/storax.be\\\/fr\\\/?s={search_term_string}\"},\"query-input\":{\"@type\":\"PropertyValueSpecification\",\"valueRequired\":true,\"valueName\":\"search_term_string\"}}],\"inLanguage\":\"fr-FR\"}]}<\/script>\n<!-- \/ Yoast SEO plugin. -->","yoast_head_json":{"title":"Colle \u00e0 carrelage V400 - Storax Belgium","robots":{"index":"index","follow":"follow","max-snippet":"max-snippet:-1","max-image-preview":"max-image-preview:large","max-video-preview":"max-video-preview:-1"},"canonical":"https:\/\/storax.be\/fr\/producten\/lijmen-fr\/colle-a-carrelage-v400\/","og_locale":"fr_FR","og_type":"article","og_title":"Colle \u00e0 carrelage V400 - Storax Belgium","og_description":"Colle \u00e0 carrelage Plancher chauffant C2 E S1 E Caract\u00e9ristiques du produit&nbsp; Colle \u00e0 carrelage pour tous types de sols avec plancher chauffant Carreaux jusqu&rsquo;\u00e0 10&nbsp;000&nbsp;cm\u00b2 Application Collage de carreaux et de pierres naturelles, quelle que soit leur porosit\u00e9 ou leur taille, pour sols et murs int\u00e9rieurs, pour sols ext\u00e9rieurs. Peut \u00eatre utilis\u00e9e pour tous\u2026","og_url":"https:\/\/storax.be\/fr\/producten\/lijmen-fr\/colle-a-carrelage-v400\/","og_site_name":"Storax Belgium","article_modified_time":"2024-05-16T07:38:18+00:00","og_image":[{"width":470,"height":470,"url":"https:\/\/storax.be\/wp-content\/uploads\/sites\/2\/2020\/02\/V400-promo-2.png","type":"image\/png"}],"twitter_card":"summary_large_image","twitter_misc":{"Dur\u00e9e de lecture estim\u00e9e":"1 minute"},"schema":{"@context":"https:\/\/schema.org","@graph":[{"@type":"WebPage","@id":"https:\/\/storax.be\/fr\/producten\/lijmen-fr\/colle-a-carrelage-v400\/","url":"https:\/\/storax.be\/fr\/producten\/lijmen-fr\/colle-a-carrelage-v400\/","name":"Colle \u00e0 carrelage V400 - Storax Belgium","isPartOf":{"@id":"https:\/\/storax.be\/fr\/#website"},"primaryImageOfPage":{"@id":"https:\/\/storax.be\/fr\/producten\/lijmen-fr\/colle-a-carrelage-v400\/#primaryimage"},"image":{"@id":"https:\/\/storax.be\/fr\/producten\/lijmen-fr\/colle-a-carrelage-v400\/#primaryimage"},"thumbnailUrl":"https:\/\/storax.be\/wp-content\/uploads\/sites\/2\/2020\/02\/V400-promo-2.png","datePublished":"2022-08-01T11:55:05+00:00","dateModified":"2024-05-16T07:38:18+00:00","breadcrumb":{"@id":"https:\/\/storax.be\/fr\/producten\/lijmen-fr\/colle-a-carrelage-v400\/#breadcrumb"},"inLanguage":"fr-FR","potentialAction":[{"@type":"ReadAction","target":["https:\/\/storax.be\/fr\/producten\/lijmen-fr\/colle-a-carrelage-v400\/"]}]},{"@type":"ImageObject","inLanguage":"fr-FR","@id":"https:\/\/storax.be\/fr\/producten\/lijmen-fr\/colle-a-carrelage-v400\/#primaryimage","url":"https:\/\/storax.be\/wp-content\/uploads\/sites\/2\/2020\/02\/V400-promo-2.png","contentUrl":"https:\/\/storax.be\/wp-content\/uploads\/sites\/2\/2020\/02\/V400-promo-2.png","width":470,"height":470,"caption":"v400 tegellijm"},{"@type":"BreadcrumbList","@id":"https:\/\/storax.be\/fr\/producten\/lijmen-fr\/colle-a-carrelage-v400\/#breadcrumb","itemListElement":[{"@type":"ListItem","position":1,"name":"Home","item":"https:\/\/storax.be\/fr\/"},{"@type":"ListItem","position":2,"name":"Producten","item":"https:\/\/storax.be\/fr\/producten\/%product_category%\/"},{"@type":"ListItem","position":3,"name":"Colles \u00e0 carrelage","item":"https:\/\/storax.be\/fr\/producten\/colles-a-carrelage\/"},{"@type":"ListItem","position":4,"name":"Colles","item":"https:\/\/storax.be\/fr\/producten\/lijmen-fr\/"},{"@type":"ListItem","position":5,"name":"Colle \u00e0 carrelage V400"}]},{"@type":"WebSite","@id":"https:\/\/storax.be\/fr\/#website","url":"https:\/\/storax.be\/fr\/","name":"Storax Belgium","description":"Uw betrouwbare partner voor bouwprojecten","potentialAction":[{"@type":"SearchAction","target":{"@type":"EntryPoint","urlTemplate":"https:\/\/storax.be\/fr\/?s={search_term_string}"},"query-input":{"@type":"PropertyValueSpecification","valueRequired":true,"valueName":"search_term_string"}}],"inLanguage":"fr-FR"}]}},"_links":{"self":[{"href":"https:\/\/storax.be\/fr\/wp-json\/wp\/v2\/product\/114946","targetHints":{"allow":["GET"]}}],"collection":[{"href":"https:\/\/storax.be\/fr\/wp-json\/wp\/v2\/product"}],"about":[{"href":"https:\/\/storax.be\/fr\/wp-json\/wp\/v2\/types\/product"}],"wp:featuredmedia":[{"embeddable":true,"href":"https:\/\/storax.be\/fr\/wp-json\/wp\/v2\/media\/109801"}],"wp:attachment":[{"href":"https:\/\/storax.be\/fr\/wp-json\/wp\/v2\/media?parent=114946"}],"wp:term":[{"taxonomy":"product_category","embeddable":true,"href":"https:\/\/storax.be\/fr\/wp-json\/wp\/v2\/product_category?post=114946"},{"taxonomy":"product_tag","embeddable":true,"href":"https:\/\/storax.be\/fr\/wp-json\/wp\/v2\/product_tag?post=114946"}],"curies":[{"name":"wp","href":"https:\/\/api.w.org\/{rel}","templated":true}]}}