{"id":114937,"date":"2022-08-01T11:39:48","date_gmt":"2022-08-01T11:39:48","guid":{"rendered":"https:\/\/storax.be\/?post_type=product&#038;p=114937"},"modified":"2024-05-16T07:38:17","modified_gmt":"2024-05-16T07:38:17","slug":"v670","status":"publish","type":"product","link":"https:\/\/storax.be\/fr\/producten\/voegen-afdichting-fr\/v670\/","title":{"rendered":"V670"},"content":{"rendered":"<h2>Mortier joint d\u00e9coratif<\/h2>\n<p><strong>Caract\u00e9ristiques du produit <\/strong><\/p>\n<ul>\n<li style=\"font-weight: 400;\" aria-level=\"1\"><span style=\"font-weight: 400;\">Solution id\u00e9ale pour la pose de mosa\u00efques de type p\u00e2te de verre<\/span><\/li>\n<li style=\"font-weight: 400;\" aria-level=\"1\"><span style=\"font-weight: 400;\">Ne se d\u00e9colore pas<\/span><\/li>\n<li style=\"font-weight: 400;\" aria-level=\"1\"><span style=\"font-weight: 400;\">Facile \u00e0 appliquer<\/span><\/li>\n<li style=\"font-weight: 400;\" aria-level=\"1\"><span style=\"font-weight: 400;\">Nettoyage rapide<\/span><\/li>\n<li style=\"font-weight: 400;\" aria-level=\"1\"><span style=\"font-weight: 400;\">28\u00a0couleurs possibles<\/span><\/li>\n<li><\/li>\n<li><strong>Application<\/strong><\/li>\n<\/ul>\n<ul>\n<li style=\"font-weight: 400;\" aria-level=\"1\"><span style=\"font-weight: 400;\">Collage et jointoiement de carreaux de c\u00e9ramique et de mosa\u00efque pour sols et murs int\u00e9rieurs et ext\u00e9rieurs<\/span><\/li>\n<li style=\"font-weight: 400;\" aria-level=\"1\"><span style=\"font-weight: 400;\">Adapt\u00e9 aux pi\u00e8ces humides telles que les salles de bains (douches \u00e0 l&rsquo;italienne) et les cuisines (plans de travail, buffet)<\/span><\/li>\n<li style=\"font-weight: 400;\" aria-level=\"1\"><span style=\"font-weight: 400;\">Adapt\u00e9 \u00e9galement aux locaux expos\u00e9s \u00e0 une forte attaque chimique (industrie alimentaire, spa, hammam, piscine publique, y compris l&rsquo;eau thermale).<\/span><\/li>\n<li><\/li>\n<\/ul>\n<p><strong>Conditionnement<\/strong><\/p>\n<ul>\n<li style=\"font-weight: 400;\" aria-level=\"1\"><span style=\"font-weight: 400;\">Kit de 5\u00a0kg\u00a0:<\/span><span style=\"font-weight: 400;\"><br \/>\n<\/span><span style=\"font-weight: 400;\">&#8211; Composant A\u00a0: 4,7\u00a0kg<\/span><span style=\"font-weight: 400;\"><br \/>\n<\/span><span style=\"font-weight: 400;\">&#8211; Composant B\u00a0: 0,3\u00a0kg<\/span><\/li>\n<li style=\"font-weight: 400;\" aria-level=\"1\"><span style=\"font-weight: 400;\">Kit de 2,5\u00a0kg\u00a0:<\/span><span style=\"font-weight: 400;\"><br \/>\n<\/span><span style=\"font-weight: 400;\">&#8211; Composant A\u00a0: 2,35\u00a0kg<\/span><span style=\"font-weight: 400;\"><br \/>\n<\/span><span style=\"font-weight: 400;\">&#8211; Composant B\u00a0: 0,15\u00a0kg<\/span><\/li>\n<li style=\"font-weight: 400;\" aria-level=\"1\"><span style=\"font-weight: 400;\">Flocons<\/span><span style=\"font-weight: 400;\"><br \/>\n<\/span><span style=\"font-weight: 400;\">Bo\u00eete de 50\u00a0g<\/span><\/li>\n<li id=\"tw-target-text\" class=\"tw-data-text tw-text-large tw-ta\" dir=\"ltr\" data-placeholder=\"Translation\"><\/li>\n<\/ul>\n<p>&nbsp;<\/p>\n","protected":false},"excerpt":{"rendered":"<p>Mortier joint d\u00e9coratif Caract\u00e9ristiques du produit Solution id\u00e9ale pour la pose de mosa\u00efques de type p\u00e2te de verre Ne se d\u00e9colore pas Facile \u00e0 appliquer Nettoyage rapide 28\u00a0couleurs possibles Application Collage et jointoiement de carreaux de c\u00e9ramique et de mosa\u00efque pour sols et murs int\u00e9rieurs et ext\u00e9rieurs Adapt\u00e9 aux pi\u00e8ces humides telles que les salles\u2026<\/p>\n","protected":false},"featured_media":109000,"template":"","meta":{"_acf_changed":false},"product_category":[754],"product_tag":[],"class_list":["post-114937","product","type-product","status-publish","has-post-thumbnail","hentry","product_category-voegen-afdichting-fr"],"acf":[],"yoast_head":"<!-- This site is optimized with the Yoast SEO plugin v27.3 - https:\/\/yoast.com\/product\/yoast-seo-wordpress\/ -->\n<title>V670 - Storax Belgium<\/title>\n<meta name=\"robots\" content=\"index, follow, max-snippet:-1, max-image-preview:large, max-video-preview:-1\" \/>\n<link rel=\"canonical\" href=\"https:\/\/storax.be\/fr\/producten\/voegen-afdichting-fr\/v670\/\" \/>\n<meta property=\"og:locale\" content=\"fr_FR\" \/>\n<meta property=\"og:type\" content=\"article\" \/>\n<meta property=\"og:title\" content=\"V670 - Storax Belgium\" \/>\n<meta property=\"og:description\" content=\"Mortier joint d\u00e9coratif Caract\u00e9ristiques du produit Solution id\u00e9ale pour la pose de mosa\u00efques de type p\u00e2te de verre Ne se d\u00e9colore pas Facile \u00e0 appliquer Nettoyage rapide 28\u00a0couleurs possibles Application Collage et jointoiement de carreaux de c\u00e9ramique et de mosa\u00efque pour sols et murs int\u00e9rieurs et ext\u00e9rieurs Adapt\u00e9 aux pi\u00e8ces humides telles que les salles\u2026\" \/>\n<meta property=\"og:url\" content=\"https:\/\/storax.be\/fr\/producten\/voegen-afdichting-fr\/v670\/\" \/>\n<meta property=\"og:site_name\" content=\"Storax Belgium\" \/>\n<meta property=\"article:modified_time\" content=\"2024-05-16T07:38:17+00:00\" \/>\n<meta property=\"og:image\" content=\"https:\/\/storax.be\/wp-content\/uploads\/sites\/2\/2020\/01\/V670.jpg\" \/>\n\t<meta property=\"og:image:width\" content=\"470\" \/>\n\t<meta property=\"og:image:height\" content=\"470\" \/>\n\t<meta property=\"og:image:type\" content=\"image\/jpeg\" \/>\n<meta name=\"twitter:card\" content=\"summary_large_image\" \/>\n<meta name=\"twitter:label1\" content=\"Dur\u00e9e de lecture estim\u00e9e\" \/>\n\t<meta name=\"twitter:data1\" content=\"1 minute\" \/>\n<script type=\"application\/ld+json\" class=\"yoast-schema-graph\">{\"@context\":\"https:\\\/\\\/schema.org\",\"@graph\":[{\"@type\":\"WebPage\",\"@id\":\"https:\\\/\\\/storax.be\\\/fr\\\/producten\\\/voegen-afdichting-fr\\\/v670\\\/\",\"url\":\"https:\\\/\\\/storax.be\\\/fr\\\/producten\\\/voegen-afdichting-fr\\\/v670\\\/\",\"name\":\"V670 - Storax Belgium\",\"isPartOf\":{\"@id\":\"https:\\\/\\\/storax.be\\\/fr\\\/#website\"},\"primaryImageOfPage\":{\"@id\":\"https:\\\/\\\/storax.be\\\/fr\\\/producten\\\/voegen-afdichting-fr\\\/v670\\\/#primaryimage\"},\"image\":{\"@id\":\"https:\\\/\\\/storax.be\\\/fr\\\/producten\\\/voegen-afdichting-fr\\\/v670\\\/#primaryimage\"},\"thumbnailUrl\":\"https:\\\/\\\/storax.be\\\/wp-content\\\/uploads\\\/sites\\\/2\\\/2020\\\/01\\\/V670.jpg\",\"datePublished\":\"2022-08-01T11:39:48+00:00\",\"dateModified\":\"2024-05-16T07:38:17+00:00\",\"breadcrumb\":{\"@id\":\"https:\\\/\\\/storax.be\\\/fr\\\/producten\\\/voegen-afdichting-fr\\\/v670\\\/#breadcrumb\"},\"inLanguage\":\"fr-FR\",\"potentialAction\":[{\"@type\":\"ReadAction\",\"target\":[\"https:\\\/\\\/storax.be\\\/fr\\\/producten\\\/voegen-afdichting-fr\\\/v670\\\/\"]}]},{\"@type\":\"ImageObject\",\"inLanguage\":\"fr-FR\",\"@id\":\"https:\\\/\\\/storax.be\\\/fr\\\/producten\\\/voegen-afdichting-fr\\\/v670\\\/#primaryimage\",\"url\":\"https:\\\/\\\/storax.be\\\/wp-content\\\/uploads\\\/sites\\\/2\\\/2020\\\/01\\\/V670.jpg\",\"contentUrl\":\"https:\\\/\\\/storax.be\\\/wp-content\\\/uploads\\\/sites\\\/2\\\/2020\\\/01\\\/V670.jpg\",\"width\":470,\"height\":470,\"caption\":\"voegmiddel\"},{\"@type\":\"BreadcrumbList\",\"@id\":\"https:\\\/\\\/storax.be\\\/fr\\\/producten\\\/voegen-afdichting-fr\\\/v670\\\/#breadcrumb\",\"itemListElement\":[{\"@type\":\"ListItem\",\"position\":1,\"name\":\"Home\",\"item\":\"https:\\\/\\\/storax.be\\\/fr\\\/\"},{\"@type\":\"ListItem\",\"position\":2,\"name\":\"Producten\",\"item\":\"https:\\\/\\\/storax.be\\\/fr\\\/producten\\\/%product_category%\\\/\"},{\"@type\":\"ListItem\",\"position\":3,\"name\":\"Colles \u00e0 carrelage\",\"item\":\"https:\\\/\\\/storax.be\\\/fr\\\/producten\\\/colles-a-carrelage\\\/\"},{\"@type\":\"ListItem\",\"position\":4,\"name\":\"Mortiers joint\",\"item\":\"https:\\\/\\\/storax.be\\\/fr\\\/producten\\\/voegen-afdichting-fr\\\/\"},{\"@type\":\"ListItem\",\"position\":5,\"name\":\"V670\"}]},{\"@type\":\"WebSite\",\"@id\":\"https:\\\/\\\/storax.be\\\/fr\\\/#website\",\"url\":\"https:\\\/\\\/storax.be\\\/fr\\\/\",\"name\":\"Storax Belgium\",\"description\":\"Uw betrouwbare partner voor bouwprojecten\",\"potentialAction\":[{\"@type\":\"SearchAction\",\"target\":{\"@type\":\"EntryPoint\",\"urlTemplate\":\"https:\\\/\\\/storax.be\\\/fr\\\/?s={search_term_string}\"},\"query-input\":{\"@type\":\"PropertyValueSpecification\",\"valueRequired\":true,\"valueName\":\"search_term_string\"}}],\"inLanguage\":\"fr-FR\"}]}<\/script>\n<!-- \/ Yoast SEO plugin. -->","yoast_head_json":{"title":"V670 - Storax Belgium","robots":{"index":"index","follow":"follow","max-snippet":"max-snippet:-1","max-image-preview":"max-image-preview:large","max-video-preview":"max-video-preview:-1"},"canonical":"https:\/\/storax.be\/fr\/producten\/voegen-afdichting-fr\/v670\/","og_locale":"fr_FR","og_type":"article","og_title":"V670 - Storax Belgium","og_description":"Mortier joint d\u00e9coratif Caract\u00e9ristiques du produit Solution id\u00e9ale pour la pose de mosa\u00efques de type p\u00e2te de verre Ne se d\u00e9colore pas Facile \u00e0 appliquer Nettoyage rapide 28\u00a0couleurs possibles Application Collage et jointoiement de carreaux de c\u00e9ramique et de mosa\u00efque pour sols et murs int\u00e9rieurs et ext\u00e9rieurs Adapt\u00e9 aux pi\u00e8ces humides telles que les salles\u2026","og_url":"https:\/\/storax.be\/fr\/producten\/voegen-afdichting-fr\/v670\/","og_site_name":"Storax Belgium","article_modified_time":"2024-05-16T07:38:17+00:00","og_image":[{"width":470,"height":470,"url":"https:\/\/storax.be\/wp-content\/uploads\/sites\/2\/2020\/01\/V670.jpg","type":"image\/jpeg"}],"twitter_card":"summary_large_image","twitter_misc":{"Dur\u00e9e de lecture estim\u00e9e":"1 minute"},"schema":{"@context":"https:\/\/schema.org","@graph":[{"@type":"WebPage","@id":"https:\/\/storax.be\/fr\/producten\/voegen-afdichting-fr\/v670\/","url":"https:\/\/storax.be\/fr\/producten\/voegen-afdichting-fr\/v670\/","name":"V670 - Storax Belgium","isPartOf":{"@id":"https:\/\/storax.be\/fr\/#website"},"primaryImageOfPage":{"@id":"https:\/\/storax.be\/fr\/producten\/voegen-afdichting-fr\/v670\/#primaryimage"},"image":{"@id":"https:\/\/storax.be\/fr\/producten\/voegen-afdichting-fr\/v670\/#primaryimage"},"thumbnailUrl":"https:\/\/storax.be\/wp-content\/uploads\/sites\/2\/2020\/01\/V670.jpg","datePublished":"2022-08-01T11:39:48+00:00","dateModified":"2024-05-16T07:38:17+00:00","breadcrumb":{"@id":"https:\/\/storax.be\/fr\/producten\/voegen-afdichting-fr\/v670\/#breadcrumb"},"inLanguage":"fr-FR","potentialAction":[{"@type":"ReadAction","target":["https:\/\/storax.be\/fr\/producten\/voegen-afdichting-fr\/v670\/"]}]},{"@type":"ImageObject","inLanguage":"fr-FR","@id":"https:\/\/storax.be\/fr\/producten\/voegen-afdichting-fr\/v670\/#primaryimage","url":"https:\/\/storax.be\/wp-content\/uploads\/sites\/2\/2020\/01\/V670.jpg","contentUrl":"https:\/\/storax.be\/wp-content\/uploads\/sites\/2\/2020\/01\/V670.jpg","width":470,"height":470,"caption":"voegmiddel"},{"@type":"BreadcrumbList","@id":"https:\/\/storax.be\/fr\/producten\/voegen-afdichting-fr\/v670\/#breadcrumb","itemListElement":[{"@type":"ListItem","position":1,"name":"Home","item":"https:\/\/storax.be\/fr\/"},{"@type":"ListItem","position":2,"name":"Producten","item":"https:\/\/storax.be\/fr\/producten\/%product_category%\/"},{"@type":"ListItem","position":3,"name":"Colles \u00e0 carrelage","item":"https:\/\/storax.be\/fr\/producten\/colles-a-carrelage\/"},{"@type":"ListItem","position":4,"name":"Mortiers joint","item":"https:\/\/storax.be\/fr\/producten\/voegen-afdichting-fr\/"},{"@type":"ListItem","position":5,"name":"V670"}]},{"@type":"WebSite","@id":"https:\/\/storax.be\/fr\/#website","url":"https:\/\/storax.be\/fr\/","name":"Storax Belgium","description":"Uw betrouwbare partner voor bouwprojecten","potentialAction":[{"@type":"SearchAction","target":{"@type":"EntryPoint","urlTemplate":"https:\/\/storax.be\/fr\/?s={search_term_string}"},"query-input":{"@type":"PropertyValueSpecification","valueRequired":true,"valueName":"search_term_string"}}],"inLanguage":"fr-FR"}]}},"_links":{"self":[{"href":"https:\/\/storax.be\/fr\/wp-json\/wp\/v2\/product\/114937","targetHints":{"allow":["GET"]}}],"collection":[{"href":"https:\/\/storax.be\/fr\/wp-json\/wp\/v2\/product"}],"about":[{"href":"https:\/\/storax.be\/fr\/wp-json\/wp\/v2\/types\/product"}],"wp:featuredmedia":[{"embeddable":true,"href":"https:\/\/storax.be\/fr\/wp-json\/wp\/v2\/media\/109000"}],"wp:attachment":[{"href":"https:\/\/storax.be\/fr\/wp-json\/wp\/v2\/media?parent=114937"}],"wp:term":[{"taxonomy":"product_category","embeddable":true,"href":"https:\/\/storax.be\/fr\/wp-json\/wp\/v2\/product_category?post=114937"},{"taxonomy":"product_tag","embeddable":true,"href":"https:\/\/storax.be\/fr\/wp-json\/wp\/v2\/product_tag?post=114937"}],"curies":[{"name":"wp","href":"https:\/\/api.w.org\/{rel}","templated":true}]}}